{"id":22926,"date":"2020-03-06T11:55:01","date_gmt":"2020-03-06T10:55:01","guid":{"rendered":"https:\/\/fonsvinum.com\/?post_type=product&#038;p=22926"},"modified":"2022-02-21T11:53:12","modified_gmt":"2022-02-21T10:53:12","slug":"pinot-bianco-sanct-valentin-san-michele-appiano-2019","status":"publish","type":"product","link":"https:\/\/fonsvinum.com\/de\/produkt\/pinot-bianco-sanct-valentin-san-michele-appiano-2019\/","title":{"rendered":"SAN MICHELE APPIANO Sanct Valentin Pinot Bianco 2019"},"content":{"rendered":"<h1>PINOT BIANCO &#8222;Sanct Valentin&#8220; San Michele Appiano 2019<\/h1>\n<h2><a href=\"https:\/\/fonsvinum.com\/?s=SAN+MICHELE+APPIANO&amp;post_type=product\">San Michele Appiano<\/a><\/h2>\n<div class=\"half float_l\">\n<p>Erhaben und w\u00fcrdevoll thront die Kellerei St. Michael-Eppan seit \u00fcber 100 Jahren inmitten der \u00a0wichtigsten Weinbaugemeinde S\u00fcdtirols. Seit \u00fcber 2000 Jahren werden hier Weine angebaut. Das Gebiet rund um Eppan ist bekannt f\u00fcr seine idealen Voraussetzungen f\u00fcr den Weinbau. Ein gro\u00dfer Teil dieser Trauben werden in der Kellerei St. Michael-Eppan veredelt.<\/p>\n<\/div>\n<p class=\"half float_r\">Die 330 Winzerfamilien bilden das R\u00fcckgrat der Kellerei, die 1907 gegr\u00fcndet wurde. Ihre gro\u00dfe Passion gilt dem Weinbau, mit dem sie seit Generationen verbunden sind.<\/p>\n<p>Jeder Einzelne tr\u00e4gt mit Wissen, Tradition und Leidenschaft dazu bei, dass \u00a0die Kellerei \u00fcber ein exzellentes Traubenmaterial verf\u00fcgt, das in den Kellern mit viel Fingerspitzengef\u00fchl veredelt wird.<\/p>\n<h2>PINOT BIANCO &#8222;Sanct Valentin&#8220;<\/h2>\n<p class=\"line_top\">Seit 2001 geh\u00f6rt der Weissburgunder zur Sanct Valentin-Spitzenlinie. Minimale Ertr\u00e4ge aus sorgf\u00e4ltig gew\u00e4hlten Einzellagen b\u00fcrgen daf\u00fcr, dass aus der lang untersch\u00e4tzten Traube ein lebendiger und kraftvoller Spitzen-Wein gekeltert wird. Im Holz ausgebaut, besticht er einerseits durch Kraft und F\u00fclle, andererseits durch Klarheit und mineralische Finesse. Seine Langlebigkeit spricht f\u00fcr die au\u00dferordentliche Qualit\u00e4t.<\/p>\n<ul>\n<li class=\"icons\">goldgelb mit gr\u00fcnen Reflexen<\/li>\n<li>weiche Aromen von Apfel, Melone und Vanille<\/li>\n<li>samtig, frisch und elegant, konzentriert<\/li>\n<\/ul>\n","protected":false},"excerpt":{"rendered":"<p>PINOT BIANCO &#8222;Sanct Valentin&#8220; San Michele Appiano 2019 San Michele Appiano Erhaben und w\u00fcrdevoll thront die Kellerei St. Michael-Eppan seit \u00fcber 100 Jahren inmitten der \u00a0wichtigsten Weinbaugemeinde S\u00fcdtirols. Seit \u00fcber 2000 Jahren werden hier Weine angebaut. Das Gebiet rund um Eppan ist bekannt f\u00fcr seine idealen Voraussetzungen f\u00fcr den Weinbau. Ein gro\u00dfer Teil dieser Trauben [&hellip;]<\/p>\n","protected":false},"featured_media":22934,"comment_status":"open","ping_status":"closed","template":"","meta":{"_acf_changed":false,"_monsterinsights_skip_tracking":false,"_monsterinsights_sitenote_active":false,"_monsterinsights_sitenote_note":"","_monsterinsights_sitenote_category":0},"product_brand":[],"product_cat":[2304],"product_tag":[],"class_list":{"0":"post-22926","1":"product","2":"type-product","3":"status-publish","4":"has-post-thumbnail","6":"product_cat-pinot-bianco-de","7":"pa_appellation-alto-adige-bianco-doc-de","8":"pa_formato-0-75-l-flasche-de","9":"pa_producer-san-michele-appiano-de","10":"pa_region-trentino-tiroler-etschland-de","11":"pa_vine-100-pinot-bianco-de","12":"pa_vintage-2019-de","14":"first","15":"instock","16":"sale","17":"taxable","18":"shipping-taxable","19":"purchasable","20":"product-type-simple"},"bundled_by":[],"bundle_stock_status":"instock","bundle_stock_quantity":15,"bundle_virtual":false,"bundle_layout":"","bundle_add_to_cart_form_location":"","bundle_editable_in_cart":false,"bundle_sold_individually_context":"","bundle_item_grouping":"","bundle_min_size":"","bundle_max_size":"","bundle_price":[],"bundled_items":[],"bundle_sell_ids":[],"yoast_head":"<!-- This site is optimized with the Yoast SEO plugin v27.3 - https:\/\/yoast.com\/product\/yoast-seo-wordpress\/ -->\n<title>SAN MICHELE APPIANO Sanct Valentin Pinot Bianco 2019<\/title>\n<meta name=\"description\" content=\"PINOT BIANCO &quot;Sanct Valentin&quot; San Michele Appiano 2019 -FonsVinum- Seit 2001 geh\u00f6rt der Weissburgunder zur Sanct Valentin-Spitzenlinie\" \/>\n<meta name=\"robots\" content=\"index, follow, max-snippet:-1, max-image-preview:large, max-video-preview:-1\" \/>\n<link rel=\"canonical\" href=\"https:\/\/fonsvinum.com\/de\/produkt\/pinot-bianco-sanct-valentin-san-michele-appiano-2019\/\" \/>\n<meta property=\"og:locale\" content=\"de_DE\" \/>\n<meta property=\"og:type\" content=\"article\" \/>\n<meta property=\"og:title\" content=\"SAN MICHELE APPIANO Sanct Valentin Pinot Bianco 2019\" \/>\n<meta property=\"og:description\" content=\"PINOT BIANCO &quot;Sanct Valentin&quot; San Michele Appiano 2019 -FonsVinum- Seit 2001 geh\u00f6rt der Weissburgunder zur Sanct Valentin-Spitzenlinie\" \/>\n<meta property=\"og:url\" content=\"https:\/\/fonsvinum.com\/de\/produkt\/pinot-bianco-sanct-valentin-san-michele-appiano-2019\/\" \/>\n<meta property=\"og:site_name\" content=\"Fons Vinum\" \/>\n<meta property=\"article:modified_time\" content=\"2022-02-21T10:53:12+00:00\" \/>\n<meta property=\"og:image\" content=\"https:\/\/fonsvinum.com\/files\/2020\/03\/pinot-bianco-sanct-valentin-san-michele-appiano.jpg\" \/>\n\t<meta property=\"og:image:width\" content=\"200\" \/>\n\t<meta property=\"og:image:height\" content=\"600\" \/>\n\t<meta property=\"og:image:type\" content=\"image\/jpeg\" \/>\n<meta name=\"twitter:label1\" content=\"Gesch\u00e4tzte Lesezeit\" \/>\n\t<meta name=\"twitter:data1\" content=\"1\u00a0Minute\" \/>\n<script type=\"application\/ld+json\" class=\"yoast-schema-graph\">{\"@context\":\"https:\\\/\\\/schema.org\",\"@graph\":[{\"@type\":\"WebPage\",\"@id\":\"https:\\\/\\\/fonsvinum.com\\\/de\\\/produkt\\\/pinot-bianco-sanct-valentin-san-michele-appiano-2019\\\/\",\"url\":\"https:\\\/\\\/fonsvinum.com\\\/de\\\/produkt\\\/pinot-bianco-sanct-valentin-san-michele-appiano-2019\\\/\",\"name\":\"SAN MICHELE APPIANO Sanct Valentin Pinot Bianco 2019\",\"isPartOf\":{\"@id\":\"https:\\\/\\\/fonsvinum.com\\\/en\\\/#website\"},\"primaryImageOfPage\":{\"@id\":\"https:\\\/\\\/fonsvinum.com\\\/de\\\/produkt\\\/pinot-bianco-sanct-valentin-san-michele-appiano-2019\\\/#primaryimage\"},\"image\":{\"@id\":\"https:\\\/\\\/fonsvinum.com\\\/de\\\/produkt\\\/pinot-bianco-sanct-valentin-san-michele-appiano-2019\\\/#primaryimage\"},\"thumbnailUrl\":\"https:\\\/\\\/fonsvinum.com\\\/files\\\/2020\\\/03\\\/pinot-bianco-sanct-valentin-san-michele-appiano.jpg\",\"datePublished\":\"2020-03-06T10:55:01+00:00\",\"dateModified\":\"2022-02-21T10:53:12+00:00\",\"description\":\"PINOT BIANCO \\\"Sanct Valentin\\\" San Michele Appiano 2019 -FonsVinum- Seit 2001 geh\u00f6rt der Weissburgunder zur Sanct Valentin-Spitzenlinie\",\"breadcrumb\":{\"@id\":\"https:\\\/\\\/fonsvinum.com\\\/de\\\/produkt\\\/pinot-bianco-sanct-valentin-san-michele-appiano-2019\\\/#breadcrumb\"},\"inLanguage\":\"de\",\"potentialAction\":[{\"@type\":\"ReadAction\",\"target\":[\"https:\\\/\\\/fonsvinum.com\\\/de\\\/produkt\\\/pinot-bianco-sanct-valentin-san-michele-appiano-2019\\\/\"]}]},{\"@type\":\"ImageObject\",\"inLanguage\":\"de\",\"@id\":\"https:\\\/\\\/fonsvinum.com\\\/de\\\/produkt\\\/pinot-bianco-sanct-valentin-san-michele-appiano-2019\\\/#primaryimage\",\"url\":\"https:\\\/\\\/fonsvinum.com\\\/files\\\/2020\\\/03\\\/pinot-bianco-sanct-valentin-san-michele-appiano.jpg\",\"contentUrl\":\"https:\\\/\\\/fonsvinum.com\\\/files\\\/2020\\\/03\\\/pinot-bianco-sanct-valentin-san-michele-appiano.jpg\",\"width\":200,\"height\":600},{\"@type\":\"BreadcrumbList\",\"@id\":\"https:\\\/\\\/fonsvinum.com\\\/de\\\/produkt\\\/pinot-bianco-sanct-valentin-san-michele-appiano-2019\\\/#breadcrumb\",\"itemListElement\":[{\"@type\":\"ListItem\",\"position\":1,\"name\":\"Startseite\",\"item\":\"https:\\\/\\\/fonsvinum.com\\\/de\\\/\"},{\"@type\":\"ListItem\",\"position\":2,\"name\":\"Shop\",\"item\":\"https:\\\/\\\/fonsvinum.com\\\/de\\\/shop\\\/\"},{\"@type\":\"ListItem\",\"position\":3,\"name\":\"SAN MICHELE APPIANO Sanct Valentin Pinot Bianco 2019\"}]},{\"@type\":\"WebSite\",\"@id\":\"https:\\\/\\\/fonsvinum.com\\\/en\\\/#website\",\"url\":\"https:\\\/\\\/fonsvinum.com\\\/en\\\/\",\"name\":\"Fons Vinum\",\"description\":\"Vendita Vino Online\",\"publisher\":{\"@id\":\"https:\\\/\\\/fonsvinum.com\\\/en\\\/#organization\"},\"potentialAction\":[{\"@type\":\"SearchAction\",\"target\":{\"@type\":\"EntryPoint\",\"urlTemplate\":\"https:\\\/\\\/fonsvinum.com\\\/en\\\/?s={search_term_string}\"},\"query-input\":{\"@type\":\"PropertyValueSpecification\",\"valueRequired\":true,\"valueName\":\"search_term_string\"}}],\"inLanguage\":\"de\"},{\"@type\":\"Organization\",\"@id\":\"https:\\\/\\\/fonsvinum.com\\\/en\\\/#organization\",\"name\":\"Fons Vinum\",\"url\":\"https:\\\/\\\/fonsvinum.com\\\/en\\\/\",\"logo\":{\"@type\":\"ImageObject\",\"inLanguage\":\"de\",\"@id\":\"https:\\\/\\\/fonsvinum.com\\\/en\\\/#\\\/schema\\\/logo\\\/image\\\/\",\"url\":\"\",\"contentUrl\":\"\",\"caption\":\"Fons Vinum\"},\"image\":{\"@id\":\"https:\\\/\\\/fonsvinum.com\\\/en\\\/#\\\/schema\\\/logo\\\/image\\\/\"}}]}<\/script>\n<!-- \/ Yoast SEO plugin. -->","yoast_head_json":{"title":"SAN MICHELE APPIANO Sanct Valentin Pinot Bianco 2019","description":"PINOT BIANCO \"Sanct Valentin\" San Michele Appiano 2019 -FonsVinum- Seit 2001 geh\u00f6rt der Weissburgunder zur Sanct Valentin-Spitzenlinie","robots":{"index":"index","follow":"follow","max-snippet":"max-snippet:-1","max-image-preview":"max-image-preview:large","max-video-preview":"max-video-preview:-1"},"canonical":"https:\/\/fonsvinum.com\/de\/produkt\/pinot-bianco-sanct-valentin-san-michele-appiano-2019\/","og_locale":"de_DE","og_type":"article","og_title":"SAN MICHELE APPIANO Sanct Valentin Pinot Bianco 2019","og_description":"PINOT BIANCO \"Sanct Valentin\" San Michele Appiano 2019 -FonsVinum- Seit 2001 geh\u00f6rt der Weissburgunder zur Sanct Valentin-Spitzenlinie","og_url":"https:\/\/fonsvinum.com\/de\/produkt\/pinot-bianco-sanct-valentin-san-michele-appiano-2019\/","og_site_name":"Fons Vinum","article_modified_time":"2022-02-21T10:53:12+00:00","og_image":[{"width":200,"height":600,"url":"https:\/\/fonsvinum.com\/files\/2020\/03\/pinot-bianco-sanct-valentin-san-michele-appiano.jpg","type":"image\/jpeg"}],"twitter_misc":{"Gesch\u00e4tzte Lesezeit":"1\u00a0Minute"},"schema":{"@context":"https:\/\/schema.org","@graph":[{"@type":"WebPage","@id":"https:\/\/fonsvinum.com\/de\/produkt\/pinot-bianco-sanct-valentin-san-michele-appiano-2019\/","url":"https:\/\/fonsvinum.com\/de\/produkt\/pinot-bianco-sanct-valentin-san-michele-appiano-2019\/","name":"SAN MICHELE APPIANO Sanct Valentin Pinot Bianco 2019","isPartOf":{"@id":"https:\/\/fonsvinum.com\/en\/#website"},"primaryImageOfPage":{"@id":"https:\/\/fonsvinum.com\/de\/produkt\/pinot-bianco-sanct-valentin-san-michele-appiano-2019\/#primaryimage"},"image":{"@id":"https:\/\/fonsvinum.com\/de\/produkt\/pinot-bianco-sanct-valentin-san-michele-appiano-2019\/#primaryimage"},"thumbnailUrl":"https:\/\/fonsvinum.com\/files\/2020\/03\/pinot-bianco-sanct-valentin-san-michele-appiano.jpg","datePublished":"2020-03-06T10:55:01+00:00","dateModified":"2022-02-21T10:53:12+00:00","description":"PINOT BIANCO \"Sanct Valentin\" San Michele Appiano 2019 -FonsVinum- Seit 2001 geh\u00f6rt der Weissburgunder zur Sanct Valentin-Spitzenlinie","breadcrumb":{"@id":"https:\/\/fonsvinum.com\/de\/produkt\/pinot-bianco-sanct-valentin-san-michele-appiano-2019\/#breadcrumb"},"inLanguage":"de","potentialAction":[{"@type":"ReadAction","target":["https:\/\/fonsvinum.com\/de\/produkt\/pinot-bianco-sanct-valentin-san-michele-appiano-2019\/"]}]},{"@type":"ImageObject","inLanguage":"de","@id":"https:\/\/fonsvinum.com\/de\/produkt\/pinot-bianco-sanct-valentin-san-michele-appiano-2019\/#primaryimage","url":"https:\/\/fonsvinum.com\/files\/2020\/03\/pinot-bianco-sanct-valentin-san-michele-appiano.jpg","contentUrl":"https:\/\/fonsvinum.com\/files\/2020\/03\/pinot-bianco-sanct-valentin-san-michele-appiano.jpg","width":200,"height":600},{"@type":"BreadcrumbList","@id":"https:\/\/fonsvinum.com\/de\/produkt\/pinot-bianco-sanct-valentin-san-michele-appiano-2019\/#breadcrumb","itemListElement":[{"@type":"ListItem","position":1,"name":"Startseite","item":"https:\/\/fonsvinum.com\/de\/"},{"@type":"ListItem","position":2,"name":"Shop","item":"https:\/\/fonsvinum.com\/de\/shop\/"},{"@type":"ListItem","position":3,"name":"SAN MICHELE APPIANO Sanct Valentin Pinot Bianco 2019"}]},{"@type":"WebSite","@id":"https:\/\/fonsvinum.com\/en\/#website","url":"https:\/\/fonsvinum.com\/en\/","name":"Fons Vinum","description":"Vendita Vino Online","publisher":{"@id":"https:\/\/fonsvinum.com\/en\/#organization"},"potentialAction":[{"@type":"SearchAction","target":{"@type":"EntryPoint","urlTemplate":"https:\/\/fonsvinum.com\/en\/?s={search_term_string}"},"query-input":{"@type":"PropertyValueSpecification","valueRequired":true,"valueName":"search_term_string"}}],"inLanguage":"de"},{"@type":"Organization","@id":"https:\/\/fonsvinum.com\/en\/#organization","name":"Fons Vinum","url":"https:\/\/fonsvinum.com\/en\/","logo":{"@type":"ImageObject","inLanguage":"de","@id":"https:\/\/fonsvinum.com\/en\/#\/schema\/logo\/image\/","url":"","contentUrl":"","caption":"Fons Vinum"},"image":{"@id":"https:\/\/fonsvinum.com\/en\/#\/schema\/logo\/image\/"}}]}},"acf":[],"_links":{"self":[{"href":"https:\/\/fonsvinum.com\/de\/wp-json\/wp\/v2\/product\/22926","targetHints":{"allow":["GET"]}}],"collection":[{"href":"https:\/\/fonsvinum.com\/de\/wp-json\/wp\/v2\/product"}],"about":[{"href":"https:\/\/fonsvinum.com\/de\/wp-json\/wp\/v2\/types\/product"}],"replies":[{"embeddable":true,"href":"https:\/\/fonsvinum.com\/de\/wp-json\/wp\/v2\/comments?post=22926"}],"wp:featuredmedia":[{"embeddable":true,"href":"https:\/\/fonsvinum.com\/de\/wp-json\/wp\/v2\/media\/22934"}],"wp:attachment":[{"href":"https:\/\/fonsvinum.com\/de\/wp-json\/wp\/v2\/media?parent=22926"}],"wp:term":[{"taxonomy":"product_brand","embeddable":true,"href":"https:\/\/fonsvinum.com\/de\/wp-json\/wp\/v2\/product_brand?post=22926"},{"taxonomy":"product_cat","embeddable":true,"href":"https:\/\/fonsvinum.com\/de\/wp-json\/wp\/v2\/product_cat?post=22926"},{"taxonomy":"product_tag","embeddable":true,"href":"https:\/\/fonsvinum.com\/de\/wp-json\/wp\/v2\/product_tag?post=22926"}],"curies":[{"name":"wp","href":"https:\/\/api.w.org\/{rel}","templated":true}]}}