{"id":22890,"date":"2020-03-05T12:22:30","date_gmt":"2020-03-05T11:22:30","guid":{"rendered":"https:\/\/fonsvinum.com\/?post_type=product&#038;p=22890"},"modified":"2020-03-05T12:41:21","modified_gmt":"2020-03-05T11:41:21","slug":"tignanello-1981-marchesi-antinori-toscana-rosso","status":"publish","type":"product","link":"https:\/\/fonsvinum.com\/de\/produkt\/tignanello-1981-marchesi-antinori-toscana-rosso\/","title":{"rendered":"TIGNANELLO 1981 MARCHESI ANTINORI TOSCANA ROSSO"},"content":{"rendered":"<h1>TIGNANELLO 1981 MARCHESI ANTINORI TOSCANA ROSSO<\/h1>\n<h3>TIGNANELLO 1981 MARCHESI ANTINORI TOSCANA ROSSO<\/h3>\n<h2 class=\"heading heading--h3 text-animated text-animated--active\">TENUTA TIGNANELLO<\/h2>\n<p class=\"article paragraph text-animated text-animated--active\">Unter den Rebfl\u00e4chen sind zwei Juwelen: der Weinberg Tignanello und der Weinberg Solaia, die beide in der gleichen H\u00fcgelzone liegen, deren B\u00f6den aus Meeresmergel des Plioz\u00e4ns mit Kalk- und Schiefergestein bestehen und die w\u00e4hrend der Wachstumsperiode in den Genuss warmer Tage und k\u00fchler N\u00e4chte kommen. Aus den Beeren der gleichnamigen Weinberge werden Solaia und Tignanello erzeugt, die von der internationalen Presse als &#8222;zwei der einflussreichsten Weine in der Geschichte der italienischen \u00d6nologie&#8220; bezeichnet werden. F\u00fcr die Marchesi Antinori sind sie eine stetige Herausforderung und eine nie nachlassende Leidenschaft. Auf den Weinbergen der Tenuta Tignanello werden vorwiegend die autochthone Variet\u00e4t Sangiovese und nichttraditionelle Variet\u00e4ten wie Cabernet Sauvignon und Cabernet Franc angebaut.<\/p>\n<h2>TIGNANELLO WEIN<\/h2>\n<div class=\"wine-bottle__copy-wrapper\">\n<div class=\"sticky-element\">\n<div class=\"wine-bottle__copy\">\n<div class=\"wine-bottle__category-wrapper\">\n<div class=\"wine-bottle__category wine-bottle__category--active\">\n<div class=\"wine-bottle__category-text\">\n<h3 class=\"heading heading--h3   \">Der Wein<\/h3>\n<p class=\"article paragraph   \">Er war der erste Sangiovese, der in Barrique verfeinert wurde, der erste moderne Rotwein, der sich aus nicht traditionellen Rebsorten (darunter Cabernet) zusammensetzt, und einer der ersten Rotweine aus dem Chianti, dem keine wei\u00dfen Rebsorten hinzugesetzt wurden. Tignanello ist ein Meilenstein in der Geschichte des Weins. Der Wein wird aus einer Auswahl von Sangiovese, Cabernet Sauvignon und Cabernet Franc Trauben hergestellt. Nach ca. 12 Monate in Barriques wird er noch ein weiteres Jahr auf der Flasche verfeinert.<\/p>\n<h3 class=\"heading heading--h3   accordion__title\">Die Zeichnung<\/h3>\n<p class=\"article paragraph accordion__description  \">Das Etikett wurde 1974 von Silvio Coppola entworfen, als der Jahrgang 1971 auf den Markt kam. Der Name Coppola fiel im Jahr 1973 bei einem Abendessen im Castello della Sala. Grafiker und Designer, ber\u00fchmt f\u00fcr seine auf das Wesentliche reduzierten Lampen, die strengen M\u00f6bel, aber auch f\u00fcr die Umschlaggestaltung von zahlreichen im Feltrinelli-Verlag erschienenen B\u00fcchern, war Coppola der Richtige f\u00fcr diese Arbeit.<\/p>\n<h3 class=\"heading heading--h3   accordion__title\">Die Unterschrift<\/h3>\n<p class=\"article paragraph accordion__description  \">Marchese Piero Antinori, derzeit Ehrenpr\u00e4sident, beschloss, das Tignanello-Etikett von seinem Vater Niccol\u00f2 Antinori unterzeichnen zu lassen als Zeichen des Dankes f\u00fcr das Vertrauen, das ihm entgegengebracht worden war.<\/p>\n<p>&nbsp;<\/p>\n<\/div>\n<\/div>\n<\/div>\n<\/div>\n<\/div>\n<\/div>\n","protected":false},"excerpt":{"rendered":"<p>TIGNANELLO 1981 MARCHESI ANTINORI TOSCANA ROSSO TIGNANELLO 1981 MARCHESI ANTINORI TOSCANA ROSSO TENUTA TIGNANELLO Unter den Rebfl\u00e4chen sind zwei Juwelen: der Weinberg Tignanello und der Weinberg Solaia, die beide in der gleichen H\u00fcgelzone liegen, deren B\u00f6den aus Meeresmergel des Plioz\u00e4ns mit Kalk- und Schiefergestein bestehen und die w\u00e4hrend der Wachstumsperiode in den Genuss warmer Tage [&hellip;]<\/p>\n","protected":false},"featured_media":4189,"comment_status":"open","ping_status":"closed","template":"","meta":{"_acf_changed":false,"_monsterinsights_skip_tracking":false,"_monsterinsights_sitenote_active":false,"_monsterinsights_sitenote_note":"","_monsterinsights_sitenote_category":0},"product_brand":[],"product_cat":[2162],"product_tag":[],"class_list":{"0":"post-22890","1":"product","2":"type-product","3":"status-publish","4":"has-post-thumbnail","6":"product_cat-blend","7":"pa_appellation-toscana-rosso-igt-de","8":"pa_formato-0-75-l-flasche-de","9":"pa_producer-marchesi-antinori-de","10":"pa_region-toskana-de","11":"pa_vine-80-sangiovese-15-cabernet-sauvignon-5-cabernet-franc-de-2","12":"pa_vintage-2016-de","14":"first","15":"outofstock","16":"taxable","17":"shipping-taxable","18":"purchasable","19":"product-type-simple"},"bundled_by":[],"bundle_stock_status":"outofstock","bundle_stock_quantity":0,"bundle_virtual":false,"bundle_layout":"","bundle_add_to_cart_form_location":"","bundle_editable_in_cart":false,"bundle_sold_individually_context":"","bundle_item_grouping":"","bundle_min_size":"","bundle_max_size":"","bundle_price":[],"bundled_items":[],"bundle_sell_ids":[],"yoast_head":"<!-- This site is optimized with the Yoast SEO plugin v27.2 - https:\/\/yoast.com\/product\/yoast-seo-wordpress\/ -->\n<title>TIGNANELLO 1981 MARCHESI ANTINORI TOSCANA ROSSO<\/title>\n<meta name=\"description\" content=\"Kaufen online TIGNANELLO 1981 MARCHESI ANTINORI TOSCANA ROSSOI Fonsvinum rare Weine online aus Piedmont,Toskana und Venetien\" \/>\n<meta name=\"robots\" content=\"index, follow, max-snippet:-1, max-image-preview:large, max-video-preview:-1\" \/>\n<link rel=\"canonical\" href=\"https:\/\/fonsvinum.com\/de\/produkt\/tignanello-1981-marchesi-antinori-toscana-rosso\/\" \/>\n<meta property=\"og:locale\" content=\"de_DE\" \/>\n<meta property=\"og:type\" content=\"article\" \/>\n<meta property=\"og:title\" content=\"TIGNANELLO 1981 MARCHESI ANTINORI TOSCANA ROSSO\" \/>\n<meta property=\"og:description\" content=\"Kaufen online TIGNANELLO 1981 MARCHESI ANTINORI TOSCANA ROSSOI Fonsvinum rare Weine online aus Piedmont,Toskana und Venetien\" \/>\n<meta property=\"og:url\" content=\"https:\/\/fonsvinum.com\/de\/produkt\/tignanello-1981-marchesi-antinori-toscana-rosso\/\" \/>\n<meta property=\"og:site_name\" content=\"Fons Vinum\" \/>\n<meta property=\"article:modified_time\" content=\"2020-03-05T11:41:21+00:00\" \/>\n<meta property=\"og:image\" content=\"https:\/\/fonsvinum.com\/files\/2013\/04\/tignanello-marchesi-antinori.png\" \/>\n\t<meta property=\"og:image:width\" content=\"202\" \/>\n\t<meta property=\"og:image:height\" content=\"630\" \/>\n\t<meta property=\"og:image:type\" content=\"image\/png\" \/>\n<meta name=\"twitter:label1\" content=\"Gesch\u00e4tzte Lesezeit\" \/>\n\t<meta name=\"twitter:data1\" content=\"2\u00a0Minuten\" \/>\n<script type=\"application\/ld+json\" class=\"yoast-schema-graph\">{\"@context\":\"https:\/\/schema.org\",\"@graph\":[{\"@type\":\"WebPage\",\"@id\":\"https:\/\/fonsvinum.com\/de\/produkt\/tignanello-1981-marchesi-antinori-toscana-rosso\/\",\"url\":\"https:\/\/fonsvinum.com\/de\/produkt\/tignanello-1981-marchesi-antinori-toscana-rosso\/\",\"name\":\"TIGNANELLO 1981 MARCHESI ANTINORI TOSCANA ROSSO\",\"isPartOf\":{\"@id\":\"https:\/\/fonsvinum.com\/en\/#website\"},\"primaryImageOfPage\":{\"@id\":\"https:\/\/fonsvinum.com\/de\/produkt\/tignanello-1981-marchesi-antinori-toscana-rosso\/#primaryimage\"},\"image\":{\"@id\":\"https:\/\/fonsvinum.com\/de\/produkt\/tignanello-1981-marchesi-antinori-toscana-rosso\/#primaryimage\"},\"thumbnailUrl\":\"https:\/\/fonsvinum.com\/files\/2013\/04\/tignanello-marchesi-antinori.png\",\"datePublished\":\"2020-03-05T11:22:30+00:00\",\"dateModified\":\"2020-03-05T11:41:21+00:00\",\"description\":\"Kaufen online TIGNANELLO 1981 MARCHESI ANTINORI TOSCANA ROSSOI Fonsvinum rare Weine online aus Piedmont,Toskana und Venetien\",\"breadcrumb\":{\"@id\":\"https:\/\/fonsvinum.com\/de\/produkt\/tignanello-1981-marchesi-antinori-toscana-rosso\/#breadcrumb\"},\"inLanguage\":\"de\",\"potentialAction\":[{\"@type\":\"ReadAction\",\"target\":[\"https:\/\/fonsvinum.com\/de\/produkt\/tignanello-1981-marchesi-antinori-toscana-rosso\/\"]}]},{\"@type\":\"ImageObject\",\"inLanguage\":\"de\",\"@id\":\"https:\/\/fonsvinum.com\/de\/produkt\/tignanello-1981-marchesi-antinori-toscana-rosso\/#primaryimage\",\"url\":\"https:\/\/fonsvinum.com\/files\/2013\/04\/tignanello-marchesi-antinori.png\",\"contentUrl\":\"https:\/\/fonsvinum.com\/files\/2013\/04\/tignanello-marchesi-antinori.png\",\"width\":202,\"height\":630},{\"@type\":\"BreadcrumbList\",\"@id\":\"https:\/\/fonsvinum.com\/de\/produkt\/tignanello-1981-marchesi-antinori-toscana-rosso\/#breadcrumb\",\"itemListElement\":[{\"@type\":\"ListItem\",\"position\":1,\"name\":\"Startseite\",\"item\":\"https:\/\/fonsvinum.com\/de\/\"},{\"@type\":\"ListItem\",\"position\":2,\"name\":\"Shop\",\"item\":\"https:\/\/fonsvinum.com\/de\/shop\/\"},{\"@type\":\"ListItem\",\"position\":3,\"name\":\"TIGNANELLO 1981 MARCHESI ANTINORI TOSCANA ROSSO\"}]},{\"@type\":\"WebSite\",\"@id\":\"https:\/\/fonsvinum.com\/en\/#website\",\"url\":\"https:\/\/fonsvinum.com\/en\/\",\"name\":\"Fons Vinum\",\"description\":\"Vendita Vino Online\",\"publisher\":{\"@id\":\"https:\/\/fonsvinum.com\/en\/#organization\"},\"potentialAction\":[{\"@type\":\"SearchAction\",\"target\":{\"@type\":\"EntryPoint\",\"urlTemplate\":\"https:\/\/fonsvinum.com\/en\/?s={search_term_string}\"},\"query-input\":{\"@type\":\"PropertyValueSpecification\",\"valueRequired\":true,\"valueName\":\"search_term_string\"}}],\"inLanguage\":\"de\"},{\"@type\":\"Organization\",\"@id\":\"https:\/\/fonsvinum.com\/en\/#organization\",\"name\":\"Fons Vinum\",\"url\":\"https:\/\/fonsvinum.com\/en\/\",\"logo\":{\"@type\":\"ImageObject\",\"inLanguage\":\"de\",\"@id\":\"https:\/\/fonsvinum.com\/en\/#\/schema\/logo\/image\/\",\"url\":\"\",\"contentUrl\":\"\",\"caption\":\"Fons Vinum\"},\"image\":{\"@id\":\"https:\/\/fonsvinum.com\/en\/#\/schema\/logo\/image\/\"}}]}<\/script>\n<!-- \/ Yoast SEO plugin. -->","yoast_head_json":{"title":"TIGNANELLO 1981 MARCHESI ANTINORI TOSCANA ROSSO","description":"Kaufen online TIGNANELLO 1981 MARCHESI ANTINORI TOSCANA ROSSOI Fonsvinum rare Weine online aus Piedmont,Toskana und Venetien","robots":{"index":"index","follow":"follow","max-snippet":"max-snippet:-1","max-image-preview":"max-image-preview:large","max-video-preview":"max-video-preview:-1"},"canonical":"https:\/\/fonsvinum.com\/de\/produkt\/tignanello-1981-marchesi-antinori-toscana-rosso\/","og_locale":"de_DE","og_type":"article","og_title":"TIGNANELLO 1981 MARCHESI ANTINORI TOSCANA ROSSO","og_description":"Kaufen online TIGNANELLO 1981 MARCHESI ANTINORI TOSCANA ROSSOI Fonsvinum rare Weine online aus Piedmont,Toskana und Venetien","og_url":"https:\/\/fonsvinum.com\/de\/produkt\/tignanello-1981-marchesi-antinori-toscana-rosso\/","og_site_name":"Fons Vinum","article_modified_time":"2020-03-05T11:41:21+00:00","og_image":[{"width":202,"height":630,"url":"https:\/\/fonsvinum.com\/files\/2013\/04\/tignanello-marchesi-antinori.png","type":"image\/png"}],"twitter_misc":{"Gesch\u00e4tzte Lesezeit":"2\u00a0Minuten"},"schema":{"@context":"https:\/\/schema.org","@graph":[{"@type":"WebPage","@id":"https:\/\/fonsvinum.com\/de\/produkt\/tignanello-1981-marchesi-antinori-toscana-rosso\/","url":"https:\/\/fonsvinum.com\/de\/produkt\/tignanello-1981-marchesi-antinori-toscana-rosso\/","name":"TIGNANELLO 1981 MARCHESI ANTINORI TOSCANA ROSSO","isPartOf":{"@id":"https:\/\/fonsvinum.com\/en\/#website"},"primaryImageOfPage":{"@id":"https:\/\/fonsvinum.com\/de\/produkt\/tignanello-1981-marchesi-antinori-toscana-rosso\/#primaryimage"},"image":{"@id":"https:\/\/fonsvinum.com\/de\/produkt\/tignanello-1981-marchesi-antinori-toscana-rosso\/#primaryimage"},"thumbnailUrl":"https:\/\/fonsvinum.com\/files\/2013\/04\/tignanello-marchesi-antinori.png","datePublished":"2020-03-05T11:22:30+00:00","dateModified":"2020-03-05T11:41:21+00:00","description":"Kaufen online TIGNANELLO 1981 MARCHESI ANTINORI TOSCANA ROSSOI Fonsvinum rare Weine online aus Piedmont,Toskana und Venetien","breadcrumb":{"@id":"https:\/\/fonsvinum.com\/de\/produkt\/tignanello-1981-marchesi-antinori-toscana-rosso\/#breadcrumb"},"inLanguage":"de","potentialAction":[{"@type":"ReadAction","target":["https:\/\/fonsvinum.com\/de\/produkt\/tignanello-1981-marchesi-antinori-toscana-rosso\/"]}]},{"@type":"ImageObject","inLanguage":"de","@id":"https:\/\/fonsvinum.com\/de\/produkt\/tignanello-1981-marchesi-antinori-toscana-rosso\/#primaryimage","url":"https:\/\/fonsvinum.com\/files\/2013\/04\/tignanello-marchesi-antinori.png","contentUrl":"https:\/\/fonsvinum.com\/files\/2013\/04\/tignanello-marchesi-antinori.png","width":202,"height":630},{"@type":"BreadcrumbList","@id":"https:\/\/fonsvinum.com\/de\/produkt\/tignanello-1981-marchesi-antinori-toscana-rosso\/#breadcrumb","itemListElement":[{"@type":"ListItem","position":1,"name":"Startseite","item":"https:\/\/fonsvinum.com\/de\/"},{"@type":"ListItem","position":2,"name":"Shop","item":"https:\/\/fonsvinum.com\/de\/shop\/"},{"@type":"ListItem","position":3,"name":"TIGNANELLO 1981 MARCHESI ANTINORI TOSCANA ROSSO"}]},{"@type":"WebSite","@id":"https:\/\/fonsvinum.com\/en\/#website","url":"https:\/\/fonsvinum.com\/en\/","name":"Fons Vinum","description":"Vendita Vino Online","publisher":{"@id":"https:\/\/fonsvinum.com\/en\/#organization"},"potentialAction":[{"@type":"SearchAction","target":{"@type":"EntryPoint","urlTemplate":"https:\/\/fonsvinum.com\/en\/?s={search_term_string}"},"query-input":{"@type":"PropertyValueSpecification","valueRequired":true,"valueName":"search_term_string"}}],"inLanguage":"de"},{"@type":"Organization","@id":"https:\/\/fonsvinum.com\/en\/#organization","name":"Fons Vinum","url":"https:\/\/fonsvinum.com\/en\/","logo":{"@type":"ImageObject","inLanguage":"de","@id":"https:\/\/fonsvinum.com\/en\/#\/schema\/logo\/image\/","url":"","contentUrl":"","caption":"Fons Vinum"},"image":{"@id":"https:\/\/fonsvinum.com\/en\/#\/schema\/logo\/image\/"}}]}},"acf":[],"_links":{"self":[{"href":"https:\/\/fonsvinum.com\/de\/wp-json\/wp\/v2\/product\/22890","targetHints":{"allow":["GET"]}}],"collection":[{"href":"https:\/\/fonsvinum.com\/de\/wp-json\/wp\/v2\/product"}],"about":[{"href":"https:\/\/fonsvinum.com\/de\/wp-json\/wp\/v2\/types\/product"}],"replies":[{"embeddable":true,"href":"https:\/\/fonsvinum.com\/de\/wp-json\/wp\/v2\/comments?post=22890"}],"wp:featuredmedia":[{"embeddable":true,"href":"https:\/\/fonsvinum.com\/de\/wp-json\/wp\/v2\/media\/4189"}],"wp:attachment":[{"href":"https:\/\/fonsvinum.com\/de\/wp-json\/wp\/v2\/media?parent=22890"}],"wp:term":[{"taxonomy":"product_brand","embeddable":true,"href":"https:\/\/fonsvinum.com\/de\/wp-json\/wp\/v2\/product_brand?post=22890"},{"taxonomy":"product_cat","embeddable":true,"href":"https:\/\/fonsvinum.com\/de\/wp-json\/wp\/v2\/product_cat?post=22890"},{"taxonomy":"product_tag","embeddable":true,"href":"https:\/\/fonsvinum.com\/de\/wp-json\/wp\/v2\/product_tag?post=22890"}],"curies":[{"name":"wp","href":"https:\/\/api.w.org\/{rel}","templated":true}]}}