{"id":22866,"date":"2020-03-05T11:10:53","date_gmt":"2020-03-05T10:10:53","guid":{"rendered":"https:\/\/fonsvinum.com\/?post_type=product&#038;p=22866"},"modified":"2026-03-25T06:53:47","modified_gmt":"2026-03-25T05:53:47","slug":"orma-podere-orma-2017","status":"publish","type":"product","link":"https:\/\/fonsvinum.com\/de\/produkt\/orma-podere-orma-2017\/","title":{"rendered":"ORMA PODERE ORMA 2017"},"content":{"rendered":"<h1>ORMA PODERE ORMA 2017<\/h1>\n<h2><a href=\"https:\/\/www.ormabolgheri.it\/\">PODERE ORMA<\/a><\/h2>\n<p>Orma liegt an der Weinstra\u00dfe von Bolgheri, unweit der Weinberge der traditionsreichen Weing\u00fcter der Region. Im Herzen des DOC-Gebiets Bolgheri gelegen, grenzt es rechts an Ornellaia und links an die Weinberge von Sassicaia.<\/p>\n<p>Die Familie Moretti Cuseri, mittlerweile in dritter Generation, kam 2004 nach <a href=\"https:\/\/fonsvinum.com\/de\/?s=BOLGHERI&amp;post_type=product\">Bolgheri<\/a>, fasziniert von der Sch\u00f6nheit der Gegend und entschlossen, die Talente dieser besonderen Weinbautradition zu pflegen.<\/p>\n<p>Ihre Leidenschaft f\u00fcr Bordeaux-Cuv\u00e9es begann auf dem historischen Familiengut Tenuta Sette Ponti in <a href=\"https:\/\/fonsvinum.com\/de\/attributes\/region\/toskana-de\/\">Castiglion Fibocchi<\/a> mit dem heute weltber\u00fchmten Wein Oreno. Und sie beschlossen, diese Liebe zu Cabernet und Merlot ans Meer zu bringen, in ein weiteres ideales Terroir von gro\u00dfem Charme und Potenzial. Dieses neue Abenteuer will Antonio Moretti Cuseri gemeinsam mit seinen S\u00f6hnen Alberto und Amedeo angehen.<\/p>\n<h2>ORMA<\/h2>\n<div class=\"item-description\">&#8222;Orma&#8220; kommt aus dem gleichnamigen Weingut in Bolgheri, in der Toskana. Das ist ein elegantes und pr\u00e4chtiges Etikett, das die Eigenschaften seines Ursprungs versammeln und lobpreisen kann. Der Weinberg dieser Weinsorte ist sehr klein (7,5 Hektar) aber wertvoll. Er liegt in Bolgheri, in der Provinz Livorno, in der Gemeinde Castagneto Carducci: das ist ein renommierter Ort, Geburtsort des hochwertigsten Wein der Welt.<\/div>\n<div class=\"senses\">\n<div id=\"pnlColore\" class=\"sense\" title=\"Farbe\">\n<div id=\"pnlColore\" class=\"sense\" title=\"Farbe\">\n<div class=\"outer-table\">\n<ul>\n<li class=\"table-cell\">Purpurrot mit veilchenblauen Nuancen.<\/li>\n<li>Kr\u00e4ftiges <span class=\"xwhighlight\" data-hasqtip=\"0\">Aroma<\/span>\u00a0mit Waldbeeren-, Gew\u00fcrzen- und leichten Tabaknoten.<\/li>\n<li>\n<div class=\"senses\">\n<div id=\"pnlSapore\" class=\"sense\" title=\"Geschmack\">\n<div class=\"outer-table\">\n<div class=\"table-cell\">Wohlschmeckender und samtiger Wein, sofort mit Gew\u00fcrzen- und s\u00fc\u00dfen Reifenobstnoten.<\/div>\n<\/div>\n<\/div>\n<\/div>\n<\/li>\n<\/ul>\n<div>\n<div id=\"pnlSapore\" class=\"sense\" title=\"Geschmack\"><\/div>\n<\/div>\n<\/div>\n<\/div>\n<div id=\"pnlProfumo\" class=\"sense\" title=\"Aroma\/Bukett\"><\/div>\n<\/div>\n<\/div>\n","protected":false},"excerpt":{"rendered":"<p>ORMA PODERE ORMA 2017 PODERE ORMA Orma liegt an der Weinstra\u00dfe von Bolgheri, unweit der Weinberge der traditionsreichen Weing\u00fcter der Region. Im Herzen des DOC-Gebiets Bolgheri gelegen, grenzt es rechts an Ornellaia und links an die Weinberge von Sassicaia. Die Familie Moretti Cuseri, mittlerweile in dritter Generation, kam 2004 nach Bolgheri, fasziniert von der Sch\u00f6nheit [&hellip;]<\/p>\n","protected":false},"featured_media":22874,"comment_status":"open","ping_status":"closed","template":"","meta":{"_acf_changed":false,"_monsterinsights_skip_tracking":false,"_monsterinsights_sitenote_active":false,"_monsterinsights_sitenote_note":"","_monsterinsights_sitenote_category":0},"product_brand":[],"product_cat":[1693],"product_tag":[3583],"class_list":{"0":"post-22866","1":"product","2":"type-product","3":"status-publish","4":"has-post-thumbnail","6":"product_cat-blend-2-de","7":"product_tag-vini-toscani-de","8":"pa_appellation-toscana-rosso-igt-de","9":"pa_formato-0-75-l-flasche-de","10":"pa_producer-podere-orma","11":"pa_region-toskana-de","12":"pa_vine-0-merlot-30-cabernet-sauvignon-20-cabernet-franc","13":"pa_vintage-2017-de","15":"first","16":"instock","17":"sale","18":"taxable","19":"shipping-taxable","20":"purchasable","21":"product-type-simple"},"bundled_by":[],"bundle_stock_status":"instock","bundle_stock_quantity":10,"bundle_virtual":false,"bundle_layout":"","bundle_add_to_cart_form_location":"","bundle_editable_in_cart":false,"bundle_sold_individually_context":"","bundle_item_grouping":"","bundle_min_size":"","bundle_max_size":"","bundle_price":[],"bundled_items":[],"bundle_sell_ids":[],"yoast_head":"<!-- This site is optimized with the Yoast SEO plugin v27.2 - https:\/\/yoast.com\/product\/yoast-seo-wordpress\/ -->\n<title>Kaufen online ORMA PODERE ORMA 2017-FonsVinum<\/title>\n<meta name=\"description\" content=\"Kaufen on line on Fons Vinum Toscana Rosso ORMA PODERE ORMA 2017 Fons Vinum rare Weine aus Piedmont und Toskana.\" \/>\n<meta name=\"robots\" content=\"index, follow, max-snippet:-1, max-image-preview:large, max-video-preview:-1\" \/>\n<link rel=\"canonical\" href=\"https:\/\/fonsvinum.com\/de\/produkt\/orma-podere-orma-2017\/\" \/>\n<meta property=\"og:locale\" content=\"de_DE\" \/>\n<meta property=\"og:type\" content=\"article\" \/>\n<meta property=\"og:title\" content=\"Kaufen online ORMA PODERE ORMA 2017-FonsVinum\" \/>\n<meta property=\"og:description\" content=\"Kaufen on line on Fons Vinum Toscana Rosso ORMA PODERE ORMA 2017 Fons Vinum rare Weine aus Piedmont und Toskana.\" \/>\n<meta property=\"og:url\" content=\"https:\/\/fonsvinum.com\/de\/produkt\/orma-podere-orma-2017\/\" \/>\n<meta property=\"og:site_name\" content=\"Fons Vinum\" \/>\n<meta property=\"article:modified_time\" content=\"2026-03-25T05:53:47+00:00\" \/>\n<meta property=\"og:image\" content=\"https:\/\/fonsvinum.com\/files\/2020\/03\/tenuta-sette-ponti-orma.jpg\" \/>\n\t<meta property=\"og:image:width\" content=\"200\" \/>\n\t<meta property=\"og:image:height\" content=\"600\" \/>\n\t<meta property=\"og:image:type\" content=\"image\/jpeg\" \/>\n<meta name=\"twitter:label1\" content=\"Gesch\u00e4tzte Lesezeit\" \/>\n\t<meta name=\"twitter:data1\" content=\"2\u00a0Minuten\" \/>\n<script type=\"application\/ld+json\" class=\"yoast-schema-graph\">{\"@context\":\"https:\/\/schema.org\",\"@graph\":[{\"@type\":\"WebPage\",\"@id\":\"https:\/\/fonsvinum.com\/de\/produkt\/orma-podere-orma-2017\/\",\"url\":\"https:\/\/fonsvinum.com\/de\/produkt\/orma-podere-orma-2017\/\",\"name\":\"Kaufen online ORMA PODERE ORMA 2017-FonsVinum\",\"isPartOf\":{\"@id\":\"https:\/\/fonsvinum.com\/en\/#website\"},\"primaryImageOfPage\":{\"@id\":\"https:\/\/fonsvinum.com\/de\/produkt\/orma-podere-orma-2017\/#primaryimage\"},\"image\":{\"@id\":\"https:\/\/fonsvinum.com\/de\/produkt\/orma-podere-orma-2017\/#primaryimage\"},\"thumbnailUrl\":\"https:\/\/fonsvinum.com\/files\/2020\/03\/tenuta-sette-ponti-orma.jpg\",\"datePublished\":\"2020-03-05T10:10:53+00:00\",\"dateModified\":\"2026-03-25T05:53:47+00:00\",\"description\":\"Kaufen on line on Fons Vinum Toscana Rosso ORMA PODERE ORMA 2017 Fons Vinum rare Weine aus Piedmont und Toskana.\",\"breadcrumb\":{\"@id\":\"https:\/\/fonsvinum.com\/de\/produkt\/orma-podere-orma-2017\/#breadcrumb\"},\"inLanguage\":\"de\",\"potentialAction\":[{\"@type\":\"ReadAction\",\"target\":[\"https:\/\/fonsvinum.com\/de\/produkt\/orma-podere-orma-2017\/\"]}]},{\"@type\":\"ImageObject\",\"inLanguage\":\"de\",\"@id\":\"https:\/\/fonsvinum.com\/de\/produkt\/orma-podere-orma-2017\/#primaryimage\",\"url\":\"https:\/\/fonsvinum.com\/files\/2020\/03\/tenuta-sette-ponti-orma.jpg\",\"contentUrl\":\"https:\/\/fonsvinum.com\/files\/2020\/03\/tenuta-sette-ponti-orma.jpg\",\"width\":200,\"height\":600},{\"@type\":\"BreadcrumbList\",\"@id\":\"https:\/\/fonsvinum.com\/de\/produkt\/orma-podere-orma-2017\/#breadcrumb\",\"itemListElement\":[{\"@type\":\"ListItem\",\"position\":1,\"name\":\"Startseite\",\"item\":\"https:\/\/fonsvinum.com\/de\/\"},{\"@type\":\"ListItem\",\"position\":2,\"name\":\"Shop\",\"item\":\"https:\/\/fonsvinum.com\/de\/shop\/\"},{\"@type\":\"ListItem\",\"position\":3,\"name\":\"ORMA PODERE ORMA 2017\"}]},{\"@type\":\"WebSite\",\"@id\":\"https:\/\/fonsvinum.com\/en\/#website\",\"url\":\"https:\/\/fonsvinum.com\/en\/\",\"name\":\"Fons Vinum\",\"description\":\"Vendita Vino Online\",\"publisher\":{\"@id\":\"https:\/\/fonsvinum.com\/en\/#organization\"},\"potentialAction\":[{\"@type\":\"SearchAction\",\"target\":{\"@type\":\"EntryPoint\",\"urlTemplate\":\"https:\/\/fonsvinum.com\/en\/?s={search_term_string}\"},\"query-input\":{\"@type\":\"PropertyValueSpecification\",\"valueRequired\":true,\"valueName\":\"search_term_string\"}}],\"inLanguage\":\"de\"},{\"@type\":\"Organization\",\"@id\":\"https:\/\/fonsvinum.com\/en\/#organization\",\"name\":\"Fons Vinum\",\"url\":\"https:\/\/fonsvinum.com\/en\/\",\"logo\":{\"@type\":\"ImageObject\",\"inLanguage\":\"de\",\"@id\":\"https:\/\/fonsvinum.com\/en\/#\/schema\/logo\/image\/\",\"url\":\"\",\"contentUrl\":\"\",\"caption\":\"Fons Vinum\"},\"image\":{\"@id\":\"https:\/\/fonsvinum.com\/en\/#\/schema\/logo\/image\/\"}}]}<\/script>\n<!-- \/ Yoast SEO plugin. -->","yoast_head_json":{"title":"Kaufen online ORMA PODERE ORMA 2017-FonsVinum","description":"Kaufen on line on Fons Vinum Toscana Rosso ORMA PODERE ORMA 2017 Fons Vinum rare Weine aus Piedmont und Toskana.","robots":{"index":"index","follow":"follow","max-snippet":"max-snippet:-1","max-image-preview":"max-image-preview:large","max-video-preview":"max-video-preview:-1"},"canonical":"https:\/\/fonsvinum.com\/de\/produkt\/orma-podere-orma-2017\/","og_locale":"de_DE","og_type":"article","og_title":"Kaufen online ORMA PODERE ORMA 2017-FonsVinum","og_description":"Kaufen on line on Fons Vinum Toscana Rosso ORMA PODERE ORMA 2017 Fons Vinum rare Weine aus Piedmont und Toskana.","og_url":"https:\/\/fonsvinum.com\/de\/produkt\/orma-podere-orma-2017\/","og_site_name":"Fons Vinum","article_modified_time":"2026-03-25T05:53:47+00:00","og_image":[{"width":200,"height":600,"url":"https:\/\/fonsvinum.com\/files\/2020\/03\/tenuta-sette-ponti-orma.jpg","type":"image\/jpeg"}],"twitter_misc":{"Gesch\u00e4tzte Lesezeit":"2\u00a0Minuten"},"schema":{"@context":"https:\/\/schema.org","@graph":[{"@type":"WebPage","@id":"https:\/\/fonsvinum.com\/de\/produkt\/orma-podere-orma-2017\/","url":"https:\/\/fonsvinum.com\/de\/produkt\/orma-podere-orma-2017\/","name":"Kaufen online ORMA PODERE ORMA 2017-FonsVinum","isPartOf":{"@id":"https:\/\/fonsvinum.com\/en\/#website"},"primaryImageOfPage":{"@id":"https:\/\/fonsvinum.com\/de\/produkt\/orma-podere-orma-2017\/#primaryimage"},"image":{"@id":"https:\/\/fonsvinum.com\/de\/produkt\/orma-podere-orma-2017\/#primaryimage"},"thumbnailUrl":"https:\/\/fonsvinum.com\/files\/2020\/03\/tenuta-sette-ponti-orma.jpg","datePublished":"2020-03-05T10:10:53+00:00","dateModified":"2026-03-25T05:53:47+00:00","description":"Kaufen on line on Fons Vinum Toscana Rosso ORMA PODERE ORMA 2017 Fons Vinum rare Weine aus Piedmont und Toskana.","breadcrumb":{"@id":"https:\/\/fonsvinum.com\/de\/produkt\/orma-podere-orma-2017\/#breadcrumb"},"inLanguage":"de","potentialAction":[{"@type":"ReadAction","target":["https:\/\/fonsvinum.com\/de\/produkt\/orma-podere-orma-2017\/"]}]},{"@type":"ImageObject","inLanguage":"de","@id":"https:\/\/fonsvinum.com\/de\/produkt\/orma-podere-orma-2017\/#primaryimage","url":"https:\/\/fonsvinum.com\/files\/2020\/03\/tenuta-sette-ponti-orma.jpg","contentUrl":"https:\/\/fonsvinum.com\/files\/2020\/03\/tenuta-sette-ponti-orma.jpg","width":200,"height":600},{"@type":"BreadcrumbList","@id":"https:\/\/fonsvinum.com\/de\/produkt\/orma-podere-orma-2017\/#breadcrumb","itemListElement":[{"@type":"ListItem","position":1,"name":"Startseite","item":"https:\/\/fonsvinum.com\/de\/"},{"@type":"ListItem","position":2,"name":"Shop","item":"https:\/\/fonsvinum.com\/de\/shop\/"},{"@type":"ListItem","position":3,"name":"ORMA PODERE ORMA 2017"}]},{"@type":"WebSite","@id":"https:\/\/fonsvinum.com\/en\/#website","url":"https:\/\/fonsvinum.com\/en\/","name":"Fons Vinum","description":"Vendita Vino Online","publisher":{"@id":"https:\/\/fonsvinum.com\/en\/#organization"},"potentialAction":[{"@type":"SearchAction","target":{"@type":"EntryPoint","urlTemplate":"https:\/\/fonsvinum.com\/en\/?s={search_term_string}"},"query-input":{"@type":"PropertyValueSpecification","valueRequired":true,"valueName":"search_term_string"}}],"inLanguage":"de"},{"@type":"Organization","@id":"https:\/\/fonsvinum.com\/en\/#organization","name":"Fons Vinum","url":"https:\/\/fonsvinum.com\/en\/","logo":{"@type":"ImageObject","inLanguage":"de","@id":"https:\/\/fonsvinum.com\/en\/#\/schema\/logo\/image\/","url":"","contentUrl":"","caption":"Fons Vinum"},"image":{"@id":"https:\/\/fonsvinum.com\/en\/#\/schema\/logo\/image\/"}}]}},"acf":[],"_links":{"self":[{"href":"https:\/\/fonsvinum.com\/de\/wp-json\/wp\/v2\/product\/22866","targetHints":{"allow":["GET"]}}],"collection":[{"href":"https:\/\/fonsvinum.com\/de\/wp-json\/wp\/v2\/product"}],"about":[{"href":"https:\/\/fonsvinum.com\/de\/wp-json\/wp\/v2\/types\/product"}],"replies":[{"embeddable":true,"href":"https:\/\/fonsvinum.com\/de\/wp-json\/wp\/v2\/comments?post=22866"}],"wp:featuredmedia":[{"embeddable":true,"href":"https:\/\/fonsvinum.com\/de\/wp-json\/wp\/v2\/media\/22874"}],"wp:attachment":[{"href":"https:\/\/fonsvinum.com\/de\/wp-json\/wp\/v2\/media?parent=22866"}],"wp:term":[{"taxonomy":"product_brand","embeddable":true,"href":"https:\/\/fonsvinum.com\/de\/wp-json\/wp\/v2\/product_brand?post=22866"},{"taxonomy":"product_cat","embeddable":true,"href":"https:\/\/fonsvinum.com\/de\/wp-json\/wp\/v2\/product_cat?post=22866"},{"taxonomy":"product_tag","embeddable":true,"href":"https:\/\/fonsvinum.com\/de\/wp-json\/wp\/v2\/product_tag?post=22866"}],"curies":[{"name":"wp","href":"https:\/\/api.w.org\/{rel}","templated":true}]}}