{"id":22838,"date":"2020-03-04T15:03:27","date_gmt":"2020-03-04T14:03:27","guid":{"rendered":"https:\/\/fonsvinum.com\/?post_type=product&#038;p=22838"},"modified":"2020-03-04T15:20:17","modified_gmt":"2020-03-04T14:20:17","slug":"barbera-dalba-conca-tre-pile-2015-aldo-conterno","status":"publish","type":"product","link":"https:\/\/fonsvinum.com\/de\/produkt\/barbera-dalba-conca-tre-pile-2015-aldo-conterno\/","title":{"rendered":"Barbera d&#8217;Alba CONCA TRE PILE 2015 Aldo Conterno"},"content":{"rendered":"<h1><b>Barbera d&#8217;Alba CONCA TRE PILE 2015<\/b><\/h1>\n<h2><a href=\"https:\/\/www.poderialdoconterno.com\/\"><b>&#8211; Aldo Conterno &#8211;\u00a0<\/b><\/a><\/h2>\n<article>\n<p class=\"bodytext\">Die Familie <strong>Aldo Conterno<\/strong> produziert schon seit \u00fcber f\u00fcnf Generationen Wein. Das Weingut, das im Weiler \u201eBussia Soprana\u201c bei Monforte d\u2019Alba liegt, der besten Lage Monfortes und eine der besten Lagen f\u00fcr Barolo \u00fcberhaupt, verwendet auch heute noch, bzw. wieder, ausschlie\u00dflich die aus eigenen Weinbergen stammenden Trauben.<\/p>\n<h2>Beschreibung CONCA TRE PILE<\/h2>\n<p class=\"description\">Der edle<strong> Conterno Barbera d`Alba Cru Conca Tre Pile von Aldo Conterno<\/strong> kommt aus Bussia Soprana, einer italienischen Weingegend, in der haupts\u00e4chlich Barbera angebaut wird.<br \/>\nAnfang Oktober werden die handverlesenen Barbera Trauben, der 45 Jahre alten Weinberge, <em>Conca Tre Pile<\/em>, zun\u00e4chst bei 26-28 Grad gemeinsam mit den Schalen in Edelstahlbecken eingeweicht. Nach 8-10 Tagen wird der kr\u00e4ftige Rotwein abgestochen und nach mehrmaligem Umf\u00fcllen im Weinkeller, schlie\u00dflich in Barriques aus 100% neuem Holz gelagert.<\/p>\n<p class=\"description\">Hier ruht der <strong>Conterno Barbera d`Alba Cru Conca Tre Pile von Aldo Conterno<\/strong> weitere 12 Monate, in denen er seine tiefe W\u00fcrze und sein edles Veilchenbukett entwickelt.<\/p>\n<\/article>\n<ul>\n<li><b>Rebsorte:<\/b> 100 % Barbera<\/li>\n<li><b>Ausbau: <\/b>14 Monate in neuen Barriques<\/li>\n<li><b>Erzeuger: <\/b>Poderi Aldo Conterno, Monforte d&#8217;Alba<\/li>\n<li><strong>Veredelung im Keller:<\/strong> Der neue Wein bleibt einige Monaten in den Stahlbecken und wird verschiedene Male umgef\u00fcllt, dann wird er in Barriques gef\u00fcllt, wo er 12 Monate bleibt, danach wird er in Flaschen abgef\u00fcllt.<\/li>\n<\/ul>\n","protected":false},"excerpt":{"rendered":"<p>Barbera d&#8217;Alba CONCA TRE PILE 2015 &#8211; Aldo Conterno &#8211;\u00a0 Die Familie Aldo Conterno produziert schon seit \u00fcber f\u00fcnf Generationen Wein. Das Weingut, das im Weiler \u201eBussia Soprana\u201c bei Monforte d\u2019Alba liegt, der besten Lage Monfortes und eine der besten Lagen f\u00fcr Barolo \u00fcberhaupt, verwendet auch heute noch, bzw. wieder, ausschlie\u00dflich die aus eigenen Weinbergen [&hellip;]<\/p>\n","protected":false},"featured_media":21726,"comment_status":"open","ping_status":"closed","template":"","meta":{"_acf_changed":false,"_monsterinsights_skip_tracking":false,"_monsterinsights_sitenote_active":false,"_monsterinsights_sitenote_note":"","_monsterinsights_sitenote_category":0},"product_brand":[],"product_cat":[2170],"product_tag":[1751,15903],"class_list":{"0":"post-22838","1":"product","2":"type-product","3":"status-publish","4":"has-post-thumbnail","6":"product_cat-barbera-de","7":"product_tag-aussergewoehnliche-weine-aus-italien-de","8":"product_tag-barolo-de","9":"pa_appellation-barbera-dalba-doc-de","10":"pa_formato-0-75-l-flasche-de","11":"pa_producer-aldo-conterno-de","12":"pa_region-piemont-de","13":"pa_vine-100-barbera-de","14":"pa_vintage-2015-de","16":"first","17":"outofstock","18":"taxable","19":"shipping-taxable","20":"purchasable","21":"product-type-simple"},"bundled_by":[],"bundle_stock_status":"outofstock","bundle_stock_quantity":0,"bundle_virtual":false,"bundle_layout":"","bundle_add_to_cart_form_location":"","bundle_editable_in_cart":false,"bundle_sold_individually_context":"","bundle_item_grouping":"","bundle_min_size":"","bundle_max_size":"","bundle_price":[],"bundled_items":[],"bundle_sell_ids":[],"yoast_head":"<!-- This site is optimized with the Yoast SEO plugin v27.2 - https:\/\/yoast.com\/product\/yoast-seo-wordpress\/ -->\n<title>Barbera d&#039;Alba CONCA TRE PILE 2015 Aldo Conterno - FonsVinum<\/title>\n<meta name=\"description\" content=\"Barbera d&#039;Alba CONCA TRE PILE 2015 Aldo Conterno - FonsVinum\" \/>\n<meta name=\"robots\" content=\"index, follow, max-snippet:-1, max-image-preview:large, max-video-preview:-1\" \/>\n<link rel=\"canonical\" href=\"https:\/\/fonsvinum.com\/de\/produkt\/barbera-dalba-conca-tre-pile-2015-aldo-conterno\/\" \/>\n<meta property=\"og:locale\" content=\"de_DE\" \/>\n<meta property=\"og:type\" content=\"article\" \/>\n<meta property=\"og:title\" content=\"Barbera d&#039;Alba CONCA TRE PILE 2015 Aldo Conterno - FonsVinum\" \/>\n<meta property=\"og:description\" content=\"Barbera d&#039;Alba CONCA TRE PILE 2015 Aldo Conterno - FonsVinum\" \/>\n<meta property=\"og:url\" content=\"https:\/\/fonsvinum.com\/de\/produkt\/barbera-dalba-conca-tre-pile-2015-aldo-conterno\/\" \/>\n<meta property=\"og:site_name\" content=\"Fons Vinum\" \/>\n<meta property=\"article:modified_time\" content=\"2020-03-04T14:20:17+00:00\" \/>\n<meta property=\"og:image\" content=\"https:\/\/fonsvinum.com\/files\/2020\/01\/barbera-alba-conca-tre-pile-aldo-conterno.jpg\" \/>\n\t<meta property=\"og:image:width\" content=\"200\" \/>\n\t<meta property=\"og:image:height\" content=\"600\" \/>\n\t<meta property=\"og:image:type\" content=\"image\/jpeg\" \/>\n<meta name=\"twitter:label1\" content=\"Gesch\u00e4tzte Lesezeit\" \/>\n\t<meta name=\"twitter:data1\" content=\"1\u00a0Minute\" \/>\n<script type=\"application\/ld+json\" class=\"yoast-schema-graph\">{\"@context\":\"https:\/\/schema.org\",\"@graph\":[{\"@type\":\"WebPage\",\"@id\":\"https:\/\/fonsvinum.com\/de\/produkt\/barbera-dalba-conca-tre-pile-2015-aldo-conterno\/\",\"url\":\"https:\/\/fonsvinum.com\/de\/produkt\/barbera-dalba-conca-tre-pile-2015-aldo-conterno\/\",\"name\":\"Barbera d'Alba CONCA TRE PILE 2015 Aldo Conterno - FonsVinum\",\"isPartOf\":{\"@id\":\"https:\/\/fonsvinum.com\/en\/#website\"},\"primaryImageOfPage\":{\"@id\":\"https:\/\/fonsvinum.com\/de\/produkt\/barbera-dalba-conca-tre-pile-2015-aldo-conterno\/#primaryimage\"},\"image\":{\"@id\":\"https:\/\/fonsvinum.com\/de\/produkt\/barbera-dalba-conca-tre-pile-2015-aldo-conterno\/#primaryimage\"},\"thumbnailUrl\":\"https:\/\/fonsvinum.com\/files\/2020\/01\/barbera-alba-conca-tre-pile-aldo-conterno.jpg\",\"datePublished\":\"2020-03-04T14:03:27+00:00\",\"dateModified\":\"2020-03-04T14:20:17+00:00\",\"description\":\"Barbera d'Alba CONCA TRE PILE 2015 Aldo Conterno - FonsVinum\",\"breadcrumb\":{\"@id\":\"https:\/\/fonsvinum.com\/de\/produkt\/barbera-dalba-conca-tre-pile-2015-aldo-conterno\/#breadcrumb\"},\"inLanguage\":\"de\",\"potentialAction\":[{\"@type\":\"ReadAction\",\"target\":[\"https:\/\/fonsvinum.com\/de\/produkt\/barbera-dalba-conca-tre-pile-2015-aldo-conterno\/\"]}]},{\"@type\":\"ImageObject\",\"inLanguage\":\"de\",\"@id\":\"https:\/\/fonsvinum.com\/de\/produkt\/barbera-dalba-conca-tre-pile-2015-aldo-conterno\/#primaryimage\",\"url\":\"https:\/\/fonsvinum.com\/files\/2020\/01\/barbera-alba-conca-tre-pile-aldo-conterno.jpg\",\"contentUrl\":\"https:\/\/fonsvinum.com\/files\/2020\/01\/barbera-alba-conca-tre-pile-aldo-conterno.jpg\",\"width\":200,\"height\":600},{\"@type\":\"BreadcrumbList\",\"@id\":\"https:\/\/fonsvinum.com\/de\/produkt\/barbera-dalba-conca-tre-pile-2015-aldo-conterno\/#breadcrumb\",\"itemListElement\":[{\"@type\":\"ListItem\",\"position\":1,\"name\":\"Startseite\",\"item\":\"https:\/\/fonsvinum.com\/de\/\"},{\"@type\":\"ListItem\",\"position\":2,\"name\":\"Shop\",\"item\":\"https:\/\/fonsvinum.com\/de\/shop\/\"},{\"@type\":\"ListItem\",\"position\":3,\"name\":\"Barbera d&#8217;Alba CONCA TRE PILE 2015 Aldo Conterno\"}]},{\"@type\":\"WebSite\",\"@id\":\"https:\/\/fonsvinum.com\/en\/#website\",\"url\":\"https:\/\/fonsvinum.com\/en\/\",\"name\":\"Fons Vinum\",\"description\":\"Vendita Vino Online\",\"publisher\":{\"@id\":\"https:\/\/fonsvinum.com\/en\/#organization\"},\"potentialAction\":[{\"@type\":\"SearchAction\",\"target\":{\"@type\":\"EntryPoint\",\"urlTemplate\":\"https:\/\/fonsvinum.com\/en\/?s={search_term_string}\"},\"query-input\":{\"@type\":\"PropertyValueSpecification\",\"valueRequired\":true,\"valueName\":\"search_term_string\"}}],\"inLanguage\":\"de\"},{\"@type\":\"Organization\",\"@id\":\"https:\/\/fonsvinum.com\/en\/#organization\",\"name\":\"Fons Vinum\",\"url\":\"https:\/\/fonsvinum.com\/en\/\",\"logo\":{\"@type\":\"ImageObject\",\"inLanguage\":\"de\",\"@id\":\"https:\/\/fonsvinum.com\/en\/#\/schema\/logo\/image\/\",\"url\":\"\",\"contentUrl\":\"\",\"caption\":\"Fons Vinum\"},\"image\":{\"@id\":\"https:\/\/fonsvinum.com\/en\/#\/schema\/logo\/image\/\"}}]}<\/script>\n<!-- \/ Yoast SEO plugin. -->","yoast_head_json":{"title":"Barbera d'Alba CONCA TRE PILE 2015 Aldo Conterno - FonsVinum","description":"Barbera d'Alba CONCA TRE PILE 2015 Aldo Conterno - FonsVinum","robots":{"index":"index","follow":"follow","max-snippet":"max-snippet:-1","max-image-preview":"max-image-preview:large","max-video-preview":"max-video-preview:-1"},"canonical":"https:\/\/fonsvinum.com\/de\/produkt\/barbera-dalba-conca-tre-pile-2015-aldo-conterno\/","og_locale":"de_DE","og_type":"article","og_title":"Barbera d'Alba CONCA TRE PILE 2015 Aldo Conterno - FonsVinum","og_description":"Barbera d'Alba CONCA TRE PILE 2015 Aldo Conterno - FonsVinum","og_url":"https:\/\/fonsvinum.com\/de\/produkt\/barbera-dalba-conca-tre-pile-2015-aldo-conterno\/","og_site_name":"Fons Vinum","article_modified_time":"2020-03-04T14:20:17+00:00","og_image":[{"width":200,"height":600,"url":"https:\/\/fonsvinum.com\/files\/2020\/01\/barbera-alba-conca-tre-pile-aldo-conterno.jpg","type":"image\/jpeg"}],"twitter_misc":{"Gesch\u00e4tzte Lesezeit":"1\u00a0Minute"},"schema":{"@context":"https:\/\/schema.org","@graph":[{"@type":"WebPage","@id":"https:\/\/fonsvinum.com\/de\/produkt\/barbera-dalba-conca-tre-pile-2015-aldo-conterno\/","url":"https:\/\/fonsvinum.com\/de\/produkt\/barbera-dalba-conca-tre-pile-2015-aldo-conterno\/","name":"Barbera d'Alba CONCA TRE PILE 2015 Aldo Conterno - FonsVinum","isPartOf":{"@id":"https:\/\/fonsvinum.com\/en\/#website"},"primaryImageOfPage":{"@id":"https:\/\/fonsvinum.com\/de\/produkt\/barbera-dalba-conca-tre-pile-2015-aldo-conterno\/#primaryimage"},"image":{"@id":"https:\/\/fonsvinum.com\/de\/produkt\/barbera-dalba-conca-tre-pile-2015-aldo-conterno\/#primaryimage"},"thumbnailUrl":"https:\/\/fonsvinum.com\/files\/2020\/01\/barbera-alba-conca-tre-pile-aldo-conterno.jpg","datePublished":"2020-03-04T14:03:27+00:00","dateModified":"2020-03-04T14:20:17+00:00","description":"Barbera d'Alba CONCA TRE PILE 2015 Aldo Conterno - FonsVinum","breadcrumb":{"@id":"https:\/\/fonsvinum.com\/de\/produkt\/barbera-dalba-conca-tre-pile-2015-aldo-conterno\/#breadcrumb"},"inLanguage":"de","potentialAction":[{"@type":"ReadAction","target":["https:\/\/fonsvinum.com\/de\/produkt\/barbera-dalba-conca-tre-pile-2015-aldo-conterno\/"]}]},{"@type":"ImageObject","inLanguage":"de","@id":"https:\/\/fonsvinum.com\/de\/produkt\/barbera-dalba-conca-tre-pile-2015-aldo-conterno\/#primaryimage","url":"https:\/\/fonsvinum.com\/files\/2020\/01\/barbera-alba-conca-tre-pile-aldo-conterno.jpg","contentUrl":"https:\/\/fonsvinum.com\/files\/2020\/01\/barbera-alba-conca-tre-pile-aldo-conterno.jpg","width":200,"height":600},{"@type":"BreadcrumbList","@id":"https:\/\/fonsvinum.com\/de\/produkt\/barbera-dalba-conca-tre-pile-2015-aldo-conterno\/#breadcrumb","itemListElement":[{"@type":"ListItem","position":1,"name":"Startseite","item":"https:\/\/fonsvinum.com\/de\/"},{"@type":"ListItem","position":2,"name":"Shop","item":"https:\/\/fonsvinum.com\/de\/shop\/"},{"@type":"ListItem","position":3,"name":"Barbera d&#8217;Alba CONCA TRE PILE 2015 Aldo Conterno"}]},{"@type":"WebSite","@id":"https:\/\/fonsvinum.com\/en\/#website","url":"https:\/\/fonsvinum.com\/en\/","name":"Fons Vinum","description":"Vendita Vino Online","publisher":{"@id":"https:\/\/fonsvinum.com\/en\/#organization"},"potentialAction":[{"@type":"SearchAction","target":{"@type":"EntryPoint","urlTemplate":"https:\/\/fonsvinum.com\/en\/?s={search_term_string}"},"query-input":{"@type":"PropertyValueSpecification","valueRequired":true,"valueName":"search_term_string"}}],"inLanguage":"de"},{"@type":"Organization","@id":"https:\/\/fonsvinum.com\/en\/#organization","name":"Fons Vinum","url":"https:\/\/fonsvinum.com\/en\/","logo":{"@type":"ImageObject","inLanguage":"de","@id":"https:\/\/fonsvinum.com\/en\/#\/schema\/logo\/image\/","url":"","contentUrl":"","caption":"Fons Vinum"},"image":{"@id":"https:\/\/fonsvinum.com\/en\/#\/schema\/logo\/image\/"}}]}},"acf":[],"_links":{"self":[{"href":"https:\/\/fonsvinum.com\/de\/wp-json\/wp\/v2\/product\/22838","targetHints":{"allow":["GET"]}}],"collection":[{"href":"https:\/\/fonsvinum.com\/de\/wp-json\/wp\/v2\/product"}],"about":[{"href":"https:\/\/fonsvinum.com\/de\/wp-json\/wp\/v2\/types\/product"}],"replies":[{"embeddable":true,"href":"https:\/\/fonsvinum.com\/de\/wp-json\/wp\/v2\/comments?post=22838"}],"wp:featuredmedia":[{"embeddable":true,"href":"https:\/\/fonsvinum.com\/de\/wp-json\/wp\/v2\/media\/21726"}],"wp:attachment":[{"href":"https:\/\/fonsvinum.com\/de\/wp-json\/wp\/v2\/media?parent=22838"}],"wp:term":[{"taxonomy":"product_brand","embeddable":true,"href":"https:\/\/fonsvinum.com\/de\/wp-json\/wp\/v2\/product_brand?post=22838"},{"taxonomy":"product_cat","embeddable":true,"href":"https:\/\/fonsvinum.com\/de\/wp-json\/wp\/v2\/product_cat?post=22838"},{"taxonomy":"product_tag","embeddable":true,"href":"https:\/\/fonsvinum.com\/de\/wp-json\/wp\/v2\/product_tag?post=22838"}],"curies":[{"name":"wp","href":"https:\/\/api.w.org\/{rel}","templated":true}]}}