{"id":22750,"date":"2020-03-03T11:39:26","date_gmt":"2020-03-03T10:39:26","guid":{"rendered":"https:\/\/fonsvinum.com\/?post_type=product&#038;p=22750"},"modified":"2020-03-03T11:49:43","modified_gmt":"2020-03-03T10:49:43","slug":"rossj-bass-gaja-chardonnay-2018","status":"publish","type":"product","link":"https:\/\/fonsvinum.com\/de\/produkt\/rossj-bass-gaja-chardonnay-2018\/","title":{"rendered":"Rossj Bass GAJA chardonnay 2018"},"content":{"rendered":"<p>Rossj Bass GAJA chardonnay 2018<\/p>\n<p>In der Nase Zitrusfr\u00fcchte, Blumen und Noten von Honig. Eleganter K\u00f6rper, bemerkenswerte Tiefe und reife S\u00e4ure.<\/p>\n<p>Ausbau: Barrique.<\/p>\n<p>Rebsorten: Sauvignon und Chardonnay.<\/p>\n","protected":false},"excerpt":{"rendered":"<p>Rossj Bass GAJA chardonnay 2018 In der Nase Zitrusfr\u00fcchte, Blumen und Noten von Honig. Eleganter K\u00f6rper, bemerkenswerte Tiefe und reife S\u00e4ure. Ausbau: Barrique. Rebsorten: Sauvignon und Chardonnay.<\/p>\n","protected":false},"featured_media":3695,"comment_status":"open","ping_status":"closed","template":"","meta":{"_acf_changed":false,"_monsterinsights_skip_tracking":false,"_monsterinsights_sitenote_active":false,"_monsterinsights_sitenote_note":"","_monsterinsights_sitenote_category":0},"product_brand":[],"product_cat":[1778],"product_tag":[],"class_list":{"0":"post-22750","1":"product","2":"type-product","3":"status-publish","4":"has-post-thumbnail","6":"product_cat-chardonnay-de","7":"pa_appellation-langhe-doc-bianco-de","8":"pa_formato-0-75-l-flasche-de","9":"pa_producer-gaja-de","10":"pa_region-piemont-de","11":"pa_vine-95-chardonnay-5-sauvignon-bianco-de","12":"pa_vintage-2018-de","14":"first","15":"outofstock","16":"taxable","17":"shipping-taxable","18":"purchasable","19":"product-type-simple"},"bundled_by":[],"bundle_stock_status":"outofstock","bundle_stock_quantity":0,"bundle_virtual":false,"bundle_layout":"","bundle_add_to_cart_form_location":"","bundle_editable_in_cart":false,"bundle_sold_individually_context":"","bundle_item_grouping":"","bundle_min_size":"","bundle_max_size":"","bundle_price":[],"bundled_items":[],"bundle_sell_ids":[],"yoast_head":"<!-- This site is optimized with the Yoast SEO plugin v27.2 - https:\/\/yoast.com\/product\/yoast-seo-wordpress\/ -->\n<title>Rossj Bass GAJA chardonnay 2018<\/title>\n<meta name=\"description\" content=\"Rossj Bass GAJA chardonnay 2018. Eleganter K\u00f6rper, bemerkenswerte Tiefe und reife S\u00e4ure\" \/>\n<meta name=\"robots\" content=\"index, follow, max-snippet:-1, max-image-preview:large, max-video-preview:-1\" \/>\n<link rel=\"canonical\" href=\"https:\/\/fonsvinum.com\/de\/produkt\/rossj-bass-gaja-chardonnay-2018\/\" \/>\n<meta property=\"og:locale\" content=\"de_DE\" \/>\n<meta property=\"og:type\" content=\"article\" \/>\n<meta property=\"og:title\" content=\"Rossj Bass GAJA chardonnay 2018\" \/>\n<meta property=\"og:description\" content=\"Rossj Bass GAJA chardonnay 2018. Eleganter K\u00f6rper, bemerkenswerte Tiefe und reife S\u00e4ure\" \/>\n<meta property=\"og:url\" content=\"https:\/\/fonsvinum.com\/de\/produkt\/rossj-bass-gaja-chardonnay-2018\/\" \/>\n<meta property=\"og:site_name\" content=\"Fons Vinum\" \/>\n<meta property=\"article:modified_time\" content=\"2020-03-03T10:49:43+00:00\" \/>\n<meta property=\"og:image\" content=\"https:\/\/fonsvinum.com\/files\/2013\/04\/gaja-rossj-bass-chardonnay.png\" \/>\n\t<meta property=\"og:image:width\" content=\"204\" \/>\n\t<meta property=\"og:image:height\" content=\"800\" \/>\n\t<meta property=\"og:image:type\" content=\"image\/png\" \/>\n<script type=\"application\/ld+json\" class=\"yoast-schema-graph\">{\"@context\":\"https:\/\/schema.org\",\"@graph\":[{\"@type\":\"WebPage\",\"@id\":\"https:\/\/fonsvinum.com\/de\/produkt\/rossj-bass-gaja-chardonnay-2018\/\",\"url\":\"https:\/\/fonsvinum.com\/de\/produkt\/rossj-bass-gaja-chardonnay-2018\/\",\"name\":\"Rossj Bass GAJA chardonnay 2018\",\"isPartOf\":{\"@id\":\"https:\/\/fonsvinum.com\/en\/#website\"},\"primaryImageOfPage\":{\"@id\":\"https:\/\/fonsvinum.com\/de\/produkt\/rossj-bass-gaja-chardonnay-2018\/#primaryimage\"},\"image\":{\"@id\":\"https:\/\/fonsvinum.com\/de\/produkt\/rossj-bass-gaja-chardonnay-2018\/#primaryimage\"},\"thumbnailUrl\":\"https:\/\/fonsvinum.com\/files\/2013\/04\/gaja-rossj-bass-chardonnay.png\",\"datePublished\":\"2020-03-03T10:39:26+00:00\",\"dateModified\":\"2020-03-03T10:49:43+00:00\",\"description\":\"Rossj Bass GAJA chardonnay 2018. Eleganter K\u00f6rper, bemerkenswerte Tiefe und reife S\u00e4ure\",\"breadcrumb\":{\"@id\":\"https:\/\/fonsvinum.com\/de\/produkt\/rossj-bass-gaja-chardonnay-2018\/#breadcrumb\"},\"inLanguage\":\"de\",\"potentialAction\":[{\"@type\":\"ReadAction\",\"target\":[\"https:\/\/fonsvinum.com\/de\/produkt\/rossj-bass-gaja-chardonnay-2018\/\"]}]},{\"@type\":\"ImageObject\",\"inLanguage\":\"de\",\"@id\":\"https:\/\/fonsvinum.com\/de\/produkt\/rossj-bass-gaja-chardonnay-2018\/#primaryimage\",\"url\":\"https:\/\/fonsvinum.com\/files\/2013\/04\/gaja-rossj-bass-chardonnay.png\",\"contentUrl\":\"https:\/\/fonsvinum.com\/files\/2013\/04\/gaja-rossj-bass-chardonnay.png\",\"width\":204,\"height\":800},{\"@type\":\"BreadcrumbList\",\"@id\":\"https:\/\/fonsvinum.com\/de\/produkt\/rossj-bass-gaja-chardonnay-2018\/#breadcrumb\",\"itemListElement\":[{\"@type\":\"ListItem\",\"position\":1,\"name\":\"Startseite\",\"item\":\"https:\/\/fonsvinum.com\/de\/\"},{\"@type\":\"ListItem\",\"position\":2,\"name\":\"Shop\",\"item\":\"https:\/\/fonsvinum.com\/de\/shop\/\"},{\"@type\":\"ListItem\",\"position\":3,\"name\":\"Rossj Bass GAJA chardonnay 2018\"}]},{\"@type\":\"WebSite\",\"@id\":\"https:\/\/fonsvinum.com\/en\/#website\",\"url\":\"https:\/\/fonsvinum.com\/en\/\",\"name\":\"Fons Vinum\",\"description\":\"Vendita Vino Online\",\"publisher\":{\"@id\":\"https:\/\/fonsvinum.com\/en\/#organization\"},\"potentialAction\":[{\"@type\":\"SearchAction\",\"target\":{\"@type\":\"EntryPoint\",\"urlTemplate\":\"https:\/\/fonsvinum.com\/en\/?s={search_term_string}\"},\"query-input\":{\"@type\":\"PropertyValueSpecification\",\"valueRequired\":true,\"valueName\":\"search_term_string\"}}],\"inLanguage\":\"de\"},{\"@type\":\"Organization\",\"@id\":\"https:\/\/fonsvinum.com\/en\/#organization\",\"name\":\"Fons Vinum\",\"url\":\"https:\/\/fonsvinum.com\/en\/\",\"logo\":{\"@type\":\"ImageObject\",\"inLanguage\":\"de\",\"@id\":\"https:\/\/fonsvinum.com\/en\/#\/schema\/logo\/image\/\",\"url\":\"\",\"contentUrl\":\"\",\"caption\":\"Fons Vinum\"},\"image\":{\"@id\":\"https:\/\/fonsvinum.com\/en\/#\/schema\/logo\/image\/\"}}]}<\/script>\n<!-- \/ Yoast SEO plugin. -->","yoast_head_json":{"title":"Rossj Bass GAJA chardonnay 2018","description":"Rossj Bass GAJA chardonnay 2018. Eleganter K\u00f6rper, bemerkenswerte Tiefe und reife S\u00e4ure","robots":{"index":"index","follow":"follow","max-snippet":"max-snippet:-1","max-image-preview":"max-image-preview:large","max-video-preview":"max-video-preview:-1"},"canonical":"https:\/\/fonsvinum.com\/de\/produkt\/rossj-bass-gaja-chardonnay-2018\/","og_locale":"de_DE","og_type":"article","og_title":"Rossj Bass GAJA chardonnay 2018","og_description":"Rossj Bass GAJA chardonnay 2018. Eleganter K\u00f6rper, bemerkenswerte Tiefe und reife S\u00e4ure","og_url":"https:\/\/fonsvinum.com\/de\/produkt\/rossj-bass-gaja-chardonnay-2018\/","og_site_name":"Fons Vinum","article_modified_time":"2020-03-03T10:49:43+00:00","og_image":[{"width":204,"height":800,"url":"https:\/\/fonsvinum.com\/files\/2013\/04\/gaja-rossj-bass-chardonnay.png","type":"image\/png"}],"schema":{"@context":"https:\/\/schema.org","@graph":[{"@type":"WebPage","@id":"https:\/\/fonsvinum.com\/de\/produkt\/rossj-bass-gaja-chardonnay-2018\/","url":"https:\/\/fonsvinum.com\/de\/produkt\/rossj-bass-gaja-chardonnay-2018\/","name":"Rossj Bass GAJA chardonnay 2018","isPartOf":{"@id":"https:\/\/fonsvinum.com\/en\/#website"},"primaryImageOfPage":{"@id":"https:\/\/fonsvinum.com\/de\/produkt\/rossj-bass-gaja-chardonnay-2018\/#primaryimage"},"image":{"@id":"https:\/\/fonsvinum.com\/de\/produkt\/rossj-bass-gaja-chardonnay-2018\/#primaryimage"},"thumbnailUrl":"https:\/\/fonsvinum.com\/files\/2013\/04\/gaja-rossj-bass-chardonnay.png","datePublished":"2020-03-03T10:39:26+00:00","dateModified":"2020-03-03T10:49:43+00:00","description":"Rossj Bass GAJA chardonnay 2018. Eleganter K\u00f6rper, bemerkenswerte Tiefe und reife S\u00e4ure","breadcrumb":{"@id":"https:\/\/fonsvinum.com\/de\/produkt\/rossj-bass-gaja-chardonnay-2018\/#breadcrumb"},"inLanguage":"de","potentialAction":[{"@type":"ReadAction","target":["https:\/\/fonsvinum.com\/de\/produkt\/rossj-bass-gaja-chardonnay-2018\/"]}]},{"@type":"ImageObject","inLanguage":"de","@id":"https:\/\/fonsvinum.com\/de\/produkt\/rossj-bass-gaja-chardonnay-2018\/#primaryimage","url":"https:\/\/fonsvinum.com\/files\/2013\/04\/gaja-rossj-bass-chardonnay.png","contentUrl":"https:\/\/fonsvinum.com\/files\/2013\/04\/gaja-rossj-bass-chardonnay.png","width":204,"height":800},{"@type":"BreadcrumbList","@id":"https:\/\/fonsvinum.com\/de\/produkt\/rossj-bass-gaja-chardonnay-2018\/#breadcrumb","itemListElement":[{"@type":"ListItem","position":1,"name":"Startseite","item":"https:\/\/fonsvinum.com\/de\/"},{"@type":"ListItem","position":2,"name":"Shop","item":"https:\/\/fonsvinum.com\/de\/shop\/"},{"@type":"ListItem","position":3,"name":"Rossj Bass GAJA chardonnay 2018"}]},{"@type":"WebSite","@id":"https:\/\/fonsvinum.com\/en\/#website","url":"https:\/\/fonsvinum.com\/en\/","name":"Fons Vinum","description":"Vendita Vino Online","publisher":{"@id":"https:\/\/fonsvinum.com\/en\/#organization"},"potentialAction":[{"@type":"SearchAction","target":{"@type":"EntryPoint","urlTemplate":"https:\/\/fonsvinum.com\/en\/?s={search_term_string}"},"query-input":{"@type":"PropertyValueSpecification","valueRequired":true,"valueName":"search_term_string"}}],"inLanguage":"de"},{"@type":"Organization","@id":"https:\/\/fonsvinum.com\/en\/#organization","name":"Fons Vinum","url":"https:\/\/fonsvinum.com\/en\/","logo":{"@type":"ImageObject","inLanguage":"de","@id":"https:\/\/fonsvinum.com\/en\/#\/schema\/logo\/image\/","url":"","contentUrl":"","caption":"Fons Vinum"},"image":{"@id":"https:\/\/fonsvinum.com\/en\/#\/schema\/logo\/image\/"}}]}},"acf":[],"_links":{"self":[{"href":"https:\/\/fonsvinum.com\/de\/wp-json\/wp\/v2\/product\/22750","targetHints":{"allow":["GET"]}}],"collection":[{"href":"https:\/\/fonsvinum.com\/de\/wp-json\/wp\/v2\/product"}],"about":[{"href":"https:\/\/fonsvinum.com\/de\/wp-json\/wp\/v2\/types\/product"}],"replies":[{"embeddable":true,"href":"https:\/\/fonsvinum.com\/de\/wp-json\/wp\/v2\/comments?post=22750"}],"wp:featuredmedia":[{"embeddable":true,"href":"https:\/\/fonsvinum.com\/de\/wp-json\/wp\/v2\/media\/3695"}],"wp:attachment":[{"href":"https:\/\/fonsvinum.com\/de\/wp-json\/wp\/v2\/media?parent=22750"}],"wp:term":[{"taxonomy":"product_brand","embeddable":true,"href":"https:\/\/fonsvinum.com\/de\/wp-json\/wp\/v2\/product_brand?post=22750"},{"taxonomy":"product_cat","embeddable":true,"href":"https:\/\/fonsvinum.com\/de\/wp-json\/wp\/v2\/product_cat?post=22750"},{"taxonomy":"product_tag","embeddable":true,"href":"https:\/\/fonsvinum.com\/de\/wp-json\/wp\/v2\/product_tag?post=22750"}],"curies":[{"name":"wp","href":"https:\/\/api.w.org\/{rel}","templated":true}]}}