{"id":22724,"date":"2020-03-03T10:40:08","date_gmt":"2020-03-03T09:40:08","guid":{"rendered":"https:\/\/fonsvinum.com\/?post_type=product&#038;p=22724"},"modified":"2020-03-03T11:06:15","modified_gmt":"2020-03-03T10:06:15","slug":"langhe-nebbiolo-2017-bricco-boschis-cavallotto","status":"publish","type":"product","link":"https:\/\/fonsvinum.com\/de\/produkt\/langhe-nebbiolo-2017-bricco-boschis-cavallotto\/","title":{"rendered":"LANGHE NEBBIOLO 2017 BRICCO BOSCHIS CAVALLOTTO"},"content":{"rendered":"<h1>LANGHE NEBBIOLO 2017 BRICCO BOSCHIS CAVALLOTTO<\/h1>\n<h2><a href=\"https:\/\/www.cavallotto.com\/de\/\">CAVALLOTTO\u00a0<\/a><\/h2>\n<p><strong>Seit 1928 ist das Gut TENUTA BRICCO BOSCHIS im Besitz der Familie Cavallotto.<\/strong>\u00a01946 geh\u00f6rten sie zu den ersten Kultivatoren in Castiglione Falletto, welche die gesamten Trauben ihres Guts zu Wein verarbeiteten. 1948 wurde dann die erste Abf\u00fcllung ihres eigenen Barolo Weins unter der eingetragenen Marke Cavallotto vorgenommen<\/p>\n<div class=\"col-xs-12 col-sm-6\">\n<p><strong>Heute bewirtschaften die Kinder von Olivio \u2013 Laura, Giuseppe und Alfio in der vierten Generation<\/strong>\u00a0\u2013 das Weingut und verarbeiten die Trauben exklusiv zu DOC und DOCG Weinen: Barolo, Dolcetto d\u2019Alba, Barbera d\u2019Alba, Langhe Nebbiolo, Langhe Freisa, Langhe \u201cGrign\u201d, aus Grignolino Trauben, Langhe Chardonnay und \u201cPinner\u201d aus Pinot Noir Trauben.<\/p>\n<\/div>\n<h2>LANGHE NEBBIOLO BRICCO BOSCHIS<\/h2>\n<h3><em>Herkunft Wein\/Weinbaugebiet<\/em><\/h3>\n<p>Nebbiolo oder Nebbiolo f\u00fcr Barolo von cru Bricco Boschis, Vignolo, Codana und Pernanno. (100% Nebbiolo).<\/p>\n<h3><em>Charakteristika des Weins<\/em><\/h3>\n<ul>\n<li><strong>Vinifikation:<\/strong>\u00a0mit nat\u00fcrlichen G\u00e4rstoffen, Mazeration bei teilweise eingeauchtem Tresterhut in 18 \u2013 30 Tage<\/li>\n<li><strong>Alterung:<\/strong> Traditionell im slawonischen Eichenfass f\u00fcr 15 \u2013 18 Monate<\/li>\n<li><strong>Flaschenalterung:<\/strong> 6 Monate bevor sie in den Verkauf gelangen<\/li>\n<li><strong>Organoleptische Eigenschaften:<\/strong>\u00a0Stammt in der Regel vn den j\u00fcngsten Rebst\u00f6cken der Barolo Weinberge. Hervorragende Struktur mit typischen Aromen des Bricco Boschis: Rote Fr\u00fcchte und Blumen, mit Gew\u00fcrzen, offen und intensiv. Hervorragend f\u00fcr die Reifung<\/li>\n<li><strong>Speisenempfehlungen:<\/strong>\u00a0Passt zu Vorspeisen wie Schinken oder Salami, Alba Rindertatar und Vitello tonnato. Hervorragender Begleiter zu Pasta, rotem Fleisch im Allgemeinen oder zu gereiftem K\u00e4se.<\/li>\n<\/ul>\n","protected":false},"excerpt":{"rendered":"<p>LANGHE NEBBIOLO 2017 BRICCO BOSCHIS CAVALLOTTO CAVALLOTTO\u00a0 Seit 1928 ist das Gut TENUTA BRICCO BOSCHIS im Besitz der Familie Cavallotto.\u00a01946 geh\u00f6rten sie zu den ersten Kultivatoren in Castiglione Falletto, welche die gesamten Trauben ihres Guts zu Wein verarbeiteten. 1948 wurde dann die erste Abf\u00fcllung ihres eigenen Barolo Weins unter der eingetragenen Marke Cavallotto vorgenommen Heute [&hellip;]<\/p>\n","protected":false},"featured_media":22732,"comment_status":"open","ping_status":"closed","template":"","meta":{"_acf_changed":false,"_monsterinsights_skip_tracking":false,"_monsterinsights_sitenote_active":false,"_monsterinsights_sitenote_note":"","_monsterinsights_sitenote_category":0},"product_brand":[],"product_cat":[2356,2332],"product_tag":[15903],"class_list":{"0":"post-22724","1":"product","2":"type-product","3":"status-publish","4":"has-post-thumbnail","6":"product_cat-nebbiolo-de","7":"product_cat-rotweine-de","8":"product_tag-barolo-de","9":"pa_appellation-langhe-nebbiolo-doc-de","10":"pa_formato-0-75-l-flasche-de","11":"pa_producer-tenuta-cavallotto-de","12":"pa_region-piemont-de","13":"pa_vine-100-nebbiolo-de","14":"pa_vintage-2017-de","16":"first","17":"outofstock","18":"sale","19":"taxable","20":"shipping-taxable","21":"purchasable","22":"product-type-simple"},"bundled_by":[],"bundle_stock_status":"outofstock","bundle_stock_quantity":0,"bundle_virtual":false,"bundle_layout":"","bundle_add_to_cart_form_location":"","bundle_editable_in_cart":false,"bundle_sold_individually_context":"","bundle_item_grouping":"","bundle_min_size":"","bundle_max_size":"","bundle_price":[],"bundled_items":[],"bundle_sell_ids":[],"yoast_head":"<!-- This site is optimized with the Yoast SEO plugin v27.2 - https:\/\/yoast.com\/product\/yoast-seo-wordpress\/ -->\n<title>LANGHE NEBBIOLO 2017 BRICCO BOSCHIS CAVALLOTTO<\/title>\n<meta name=\"description\" content=\"LANGHE NEBBIOLO 2017 BRICCO BOSCHIS CAVALLOTTO -FonsVinum- Hervorragende Struktur mit typischen Aromen des Bricco Boschis\" \/>\n<meta name=\"robots\" content=\"index, follow, max-snippet:-1, max-image-preview:large, max-video-preview:-1\" \/>\n<link rel=\"canonical\" href=\"https:\/\/fonsvinum.com\/de\/produkt\/langhe-nebbiolo-2017-bricco-boschis-cavallotto\/\" \/>\n<meta property=\"og:locale\" content=\"de_DE\" \/>\n<meta property=\"og:type\" content=\"article\" \/>\n<meta property=\"og:title\" content=\"LANGHE NEBBIOLO 2017 BRICCO BOSCHIS CAVALLOTTO\" \/>\n<meta property=\"og:description\" content=\"LANGHE NEBBIOLO 2017 BRICCO BOSCHIS CAVALLOTTO -FonsVinum- Hervorragende Struktur mit typischen Aromen des Bricco Boschis\" \/>\n<meta property=\"og:url\" content=\"https:\/\/fonsvinum.com\/de\/produkt\/langhe-nebbiolo-2017-bricco-boschis-cavallotto\/\" \/>\n<meta property=\"og:site_name\" content=\"Fons Vinum\" \/>\n<meta property=\"article:modified_time\" content=\"2020-03-03T10:06:15+00:00\" \/>\n<meta property=\"og:image\" content=\"https:\/\/fonsvinum.com\/files\/2020\/03\/langhe-nebbiolo-bricco-boschis-cavallotto.jpg\" \/>\n\t<meta property=\"og:image:width\" content=\"200\" \/>\n\t<meta property=\"og:image:height\" content=\"600\" \/>\n\t<meta property=\"og:image:type\" content=\"image\/jpeg\" \/>\n<meta name=\"twitter:label1\" content=\"Gesch\u00e4tzte Lesezeit\" \/>\n\t<meta name=\"twitter:data1\" content=\"1\u00a0Minute\" \/>\n<script type=\"application\/ld+json\" class=\"yoast-schema-graph\">{\"@context\":\"https:\/\/schema.org\",\"@graph\":[{\"@type\":\"WebPage\",\"@id\":\"https:\/\/fonsvinum.com\/de\/produkt\/langhe-nebbiolo-2017-bricco-boschis-cavallotto\/\",\"url\":\"https:\/\/fonsvinum.com\/de\/produkt\/langhe-nebbiolo-2017-bricco-boschis-cavallotto\/\",\"name\":\"LANGHE NEBBIOLO 2017 BRICCO BOSCHIS CAVALLOTTO\",\"isPartOf\":{\"@id\":\"https:\/\/fonsvinum.com\/en\/#website\"},\"primaryImageOfPage\":{\"@id\":\"https:\/\/fonsvinum.com\/de\/produkt\/langhe-nebbiolo-2017-bricco-boschis-cavallotto\/#primaryimage\"},\"image\":{\"@id\":\"https:\/\/fonsvinum.com\/de\/produkt\/langhe-nebbiolo-2017-bricco-boschis-cavallotto\/#primaryimage\"},\"thumbnailUrl\":\"https:\/\/fonsvinum.com\/files\/2020\/03\/langhe-nebbiolo-bricco-boschis-cavallotto.jpg\",\"datePublished\":\"2020-03-03T09:40:08+00:00\",\"dateModified\":\"2020-03-03T10:06:15+00:00\",\"description\":\"LANGHE NEBBIOLO 2017 BRICCO BOSCHIS CAVALLOTTO -FonsVinum- Hervorragende Struktur mit typischen Aromen des Bricco Boschis\",\"breadcrumb\":{\"@id\":\"https:\/\/fonsvinum.com\/de\/produkt\/langhe-nebbiolo-2017-bricco-boschis-cavallotto\/#breadcrumb\"},\"inLanguage\":\"de\",\"potentialAction\":[{\"@type\":\"ReadAction\",\"target\":[\"https:\/\/fonsvinum.com\/de\/produkt\/langhe-nebbiolo-2017-bricco-boschis-cavallotto\/\"]}]},{\"@type\":\"ImageObject\",\"inLanguage\":\"de\",\"@id\":\"https:\/\/fonsvinum.com\/de\/produkt\/langhe-nebbiolo-2017-bricco-boschis-cavallotto\/#primaryimage\",\"url\":\"https:\/\/fonsvinum.com\/files\/2020\/03\/langhe-nebbiolo-bricco-boschis-cavallotto.jpg\",\"contentUrl\":\"https:\/\/fonsvinum.com\/files\/2020\/03\/langhe-nebbiolo-bricco-boschis-cavallotto.jpg\",\"width\":200,\"height\":600},{\"@type\":\"BreadcrumbList\",\"@id\":\"https:\/\/fonsvinum.com\/de\/produkt\/langhe-nebbiolo-2017-bricco-boschis-cavallotto\/#breadcrumb\",\"itemListElement\":[{\"@type\":\"ListItem\",\"position\":1,\"name\":\"Startseite\",\"item\":\"https:\/\/fonsvinum.com\/de\/\"},{\"@type\":\"ListItem\",\"position\":2,\"name\":\"Shop\",\"item\":\"https:\/\/fonsvinum.com\/de\/shop\/\"},{\"@type\":\"ListItem\",\"position\":3,\"name\":\"LANGHE NEBBIOLO 2017 BRICCO BOSCHIS CAVALLOTTO\"}]},{\"@type\":\"WebSite\",\"@id\":\"https:\/\/fonsvinum.com\/en\/#website\",\"url\":\"https:\/\/fonsvinum.com\/en\/\",\"name\":\"Fons Vinum\",\"description\":\"Vendita Vino Online\",\"publisher\":{\"@id\":\"https:\/\/fonsvinum.com\/en\/#organization\"},\"potentialAction\":[{\"@type\":\"SearchAction\",\"target\":{\"@type\":\"EntryPoint\",\"urlTemplate\":\"https:\/\/fonsvinum.com\/en\/?s={search_term_string}\"},\"query-input\":{\"@type\":\"PropertyValueSpecification\",\"valueRequired\":true,\"valueName\":\"search_term_string\"}}],\"inLanguage\":\"de\"},{\"@type\":\"Organization\",\"@id\":\"https:\/\/fonsvinum.com\/en\/#organization\",\"name\":\"Fons Vinum\",\"url\":\"https:\/\/fonsvinum.com\/en\/\",\"logo\":{\"@type\":\"ImageObject\",\"inLanguage\":\"de\",\"@id\":\"https:\/\/fonsvinum.com\/en\/#\/schema\/logo\/image\/\",\"url\":\"\",\"contentUrl\":\"\",\"caption\":\"Fons Vinum\"},\"image\":{\"@id\":\"https:\/\/fonsvinum.com\/en\/#\/schema\/logo\/image\/\"}}]}<\/script>\n<!-- \/ Yoast SEO plugin. -->","yoast_head_json":{"title":"LANGHE NEBBIOLO 2017 BRICCO BOSCHIS CAVALLOTTO","description":"LANGHE NEBBIOLO 2017 BRICCO BOSCHIS CAVALLOTTO -FonsVinum- Hervorragende Struktur mit typischen Aromen des Bricco Boschis","robots":{"index":"index","follow":"follow","max-snippet":"max-snippet:-1","max-image-preview":"max-image-preview:large","max-video-preview":"max-video-preview:-1"},"canonical":"https:\/\/fonsvinum.com\/de\/produkt\/langhe-nebbiolo-2017-bricco-boschis-cavallotto\/","og_locale":"de_DE","og_type":"article","og_title":"LANGHE NEBBIOLO 2017 BRICCO BOSCHIS CAVALLOTTO","og_description":"LANGHE NEBBIOLO 2017 BRICCO BOSCHIS CAVALLOTTO -FonsVinum- Hervorragende Struktur mit typischen Aromen des Bricco Boschis","og_url":"https:\/\/fonsvinum.com\/de\/produkt\/langhe-nebbiolo-2017-bricco-boschis-cavallotto\/","og_site_name":"Fons Vinum","article_modified_time":"2020-03-03T10:06:15+00:00","og_image":[{"width":200,"height":600,"url":"https:\/\/fonsvinum.com\/files\/2020\/03\/langhe-nebbiolo-bricco-boschis-cavallotto.jpg","type":"image\/jpeg"}],"twitter_misc":{"Gesch\u00e4tzte Lesezeit":"1\u00a0Minute"},"schema":{"@context":"https:\/\/schema.org","@graph":[{"@type":"WebPage","@id":"https:\/\/fonsvinum.com\/de\/produkt\/langhe-nebbiolo-2017-bricco-boschis-cavallotto\/","url":"https:\/\/fonsvinum.com\/de\/produkt\/langhe-nebbiolo-2017-bricco-boschis-cavallotto\/","name":"LANGHE NEBBIOLO 2017 BRICCO BOSCHIS CAVALLOTTO","isPartOf":{"@id":"https:\/\/fonsvinum.com\/en\/#website"},"primaryImageOfPage":{"@id":"https:\/\/fonsvinum.com\/de\/produkt\/langhe-nebbiolo-2017-bricco-boschis-cavallotto\/#primaryimage"},"image":{"@id":"https:\/\/fonsvinum.com\/de\/produkt\/langhe-nebbiolo-2017-bricco-boschis-cavallotto\/#primaryimage"},"thumbnailUrl":"https:\/\/fonsvinum.com\/files\/2020\/03\/langhe-nebbiolo-bricco-boschis-cavallotto.jpg","datePublished":"2020-03-03T09:40:08+00:00","dateModified":"2020-03-03T10:06:15+00:00","description":"LANGHE NEBBIOLO 2017 BRICCO BOSCHIS CAVALLOTTO -FonsVinum- Hervorragende Struktur mit typischen Aromen des Bricco Boschis","breadcrumb":{"@id":"https:\/\/fonsvinum.com\/de\/produkt\/langhe-nebbiolo-2017-bricco-boschis-cavallotto\/#breadcrumb"},"inLanguage":"de","potentialAction":[{"@type":"ReadAction","target":["https:\/\/fonsvinum.com\/de\/produkt\/langhe-nebbiolo-2017-bricco-boschis-cavallotto\/"]}]},{"@type":"ImageObject","inLanguage":"de","@id":"https:\/\/fonsvinum.com\/de\/produkt\/langhe-nebbiolo-2017-bricco-boschis-cavallotto\/#primaryimage","url":"https:\/\/fonsvinum.com\/files\/2020\/03\/langhe-nebbiolo-bricco-boschis-cavallotto.jpg","contentUrl":"https:\/\/fonsvinum.com\/files\/2020\/03\/langhe-nebbiolo-bricco-boschis-cavallotto.jpg","width":200,"height":600},{"@type":"BreadcrumbList","@id":"https:\/\/fonsvinum.com\/de\/produkt\/langhe-nebbiolo-2017-bricco-boschis-cavallotto\/#breadcrumb","itemListElement":[{"@type":"ListItem","position":1,"name":"Startseite","item":"https:\/\/fonsvinum.com\/de\/"},{"@type":"ListItem","position":2,"name":"Shop","item":"https:\/\/fonsvinum.com\/de\/shop\/"},{"@type":"ListItem","position":3,"name":"LANGHE NEBBIOLO 2017 BRICCO BOSCHIS CAVALLOTTO"}]},{"@type":"WebSite","@id":"https:\/\/fonsvinum.com\/en\/#website","url":"https:\/\/fonsvinum.com\/en\/","name":"Fons Vinum","description":"Vendita Vino Online","publisher":{"@id":"https:\/\/fonsvinum.com\/en\/#organization"},"potentialAction":[{"@type":"SearchAction","target":{"@type":"EntryPoint","urlTemplate":"https:\/\/fonsvinum.com\/en\/?s={search_term_string}"},"query-input":{"@type":"PropertyValueSpecification","valueRequired":true,"valueName":"search_term_string"}}],"inLanguage":"de"},{"@type":"Organization","@id":"https:\/\/fonsvinum.com\/en\/#organization","name":"Fons Vinum","url":"https:\/\/fonsvinum.com\/en\/","logo":{"@type":"ImageObject","inLanguage":"de","@id":"https:\/\/fonsvinum.com\/en\/#\/schema\/logo\/image\/","url":"","contentUrl":"","caption":"Fons Vinum"},"image":{"@id":"https:\/\/fonsvinum.com\/en\/#\/schema\/logo\/image\/"}}]}},"acf":[],"_links":{"self":[{"href":"https:\/\/fonsvinum.com\/de\/wp-json\/wp\/v2\/product\/22724","targetHints":{"allow":["GET"]}}],"collection":[{"href":"https:\/\/fonsvinum.com\/de\/wp-json\/wp\/v2\/product"}],"about":[{"href":"https:\/\/fonsvinum.com\/de\/wp-json\/wp\/v2\/types\/product"}],"replies":[{"embeddable":true,"href":"https:\/\/fonsvinum.com\/de\/wp-json\/wp\/v2\/comments?post=22724"}],"wp:featuredmedia":[{"embeddable":true,"href":"https:\/\/fonsvinum.com\/de\/wp-json\/wp\/v2\/media\/22732"}],"wp:attachment":[{"href":"https:\/\/fonsvinum.com\/de\/wp-json\/wp\/v2\/media?parent=22724"}],"wp:term":[{"taxonomy":"product_brand","embeddable":true,"href":"https:\/\/fonsvinum.com\/de\/wp-json\/wp\/v2\/product_brand?post=22724"},{"taxonomy":"product_cat","embeddable":true,"href":"https:\/\/fonsvinum.com\/de\/wp-json\/wp\/v2\/product_cat?post=22724"},{"taxonomy":"product_tag","embeddable":true,"href":"https:\/\/fonsvinum.com\/de\/wp-json\/wp\/v2\/product_tag?post=22724"}],"curies":[{"name":"wp","href":"https:\/\/api.w.org\/{rel}","templated":true}]}}