{"id":22716,"date":"2020-03-02T16:07:31","date_gmt":"2020-03-02T15:07:31","guid":{"rendered":"https:\/\/fonsvinum.com\/?post_type=product&#038;p=22716"},"modified":"2020-03-02T16:13:28","modified_gmt":"2020-03-02T15:13:28","slug":"barolo-2013-giacomo-borgogno","status":"publish","type":"product","link":"https:\/\/fonsvinum.com\/de\/produkt\/barolo-2013-giacomo-borgogno\/","title":{"rendered":"Barolo 2013 GIACOMO BORGOGNO"},"content":{"rendered":"<h1><a href=\"https:\/\/www.borgogno.com\/en\/\">Barolo 2013 GIACOMO BORGOGNO<\/a><\/h1>\n<p>Borgogno weingut befindetsichim\u00a0im namensgebenen Ort Barolo liegt\u00a0mitten im\u00a0\u201eZentrum\u201c\u00a0eines der\u00a0\u00e4ltesten Weing\u00fcter des Piemonts\u00a0welches 1761 gegr\u00fcndet wurde. Bekannt f\u00fcr seine Qualit\u00e4ten wurde\u00a0BORGOGNO\u00a0schon vor vielen Generationen. Gemeinsam mit den\u00a0Marchesi\u00a0de Barolo eroberte der Barolo \u00fcber das ital. K\u00f6nigshaus in Triest die Weinwelt mit einer damals nicht gekannten Qualit\u00e4t.<\/p>\n<p>Ein Barolo ist immer etwas Besonderes, denn er wird nur aus der Rebsorte Nebbiolo, was \u00fcbersetzt kleiner Nebel heisst, gekeltert. Der traditionellen Barolos werden in 1800 Liter Holzf\u00e4ssern aus slawonischer Eiche ausgebaut. Das Weinbaugebiet Barolo umfasst nur 1300 Hektar! Das Zentrum befindet sich rund um den Ort Barolo, Castiglione Falletto, La Morra, Monforte und Serralunga d Alba, diese Regionen haben sehr steile nach S\u00fcden ausgerichtet Weinberge. Die Bewirtschaftung erfolgt dort\u00a0mit kleinen Kettenfahrzeugen.<\/p>\n<p>Bei BORGONO haben sie als Kunden den Vorteil immer wieder einen echt gereiften Barolo\u00a0erwerben zu k\u00f6nnen, da das Weingut seit Jahren die Weine im eigenen Keller reifen l\u00e4sst, welche Sie dann trinkfertig\u00a0genie\u00dfen d\u00fcrfen.<\/p>\n<p>&nbsp;<\/p>\n","protected":false},"excerpt":{"rendered":"<p>Barolo 2013 GIACOMO BORGOGNO Borgogno weingut befindetsichim\u00a0im namensgebenen Ort Barolo liegt\u00a0mitten im\u00a0\u201eZentrum\u201c\u00a0eines der\u00a0\u00e4ltesten Weing\u00fcter des Piemonts\u00a0welches 1761 gegr\u00fcndet wurde. Bekannt f\u00fcr seine Qualit\u00e4ten wurde\u00a0BORGOGNO\u00a0schon vor vielen Generationen. Gemeinsam mit den\u00a0Marchesi\u00a0de Barolo eroberte der Barolo \u00fcber das ital. K\u00f6nigshaus in Triest die Weinwelt mit einer damals nicht gekannten Qualit\u00e4t. Ein Barolo ist immer etwas Besonderes, denn [&hellip;]<\/p>\n","protected":false},"featured_media":22466,"comment_status":"open","ping_status":"closed","template":"","meta":{"_acf_changed":false,"_monsterinsights_skip_tracking":false,"_monsterinsights_sitenote_active":false,"_monsterinsights_sitenote_note":"","_monsterinsights_sitenote_category":0},"product_brand":[],"product_cat":[1824],"product_tag":[1751,2418],"class_list":{"0":"post-22716","1":"product","2":"type-product","3":"status-publish","4":"has-post-thumbnail","6":"product_cat-barolo-de","7":"product_tag-aussergewoehnliche-weine-aus-italien-de","8":"product_tag-kleine-weinzeuger-de","9":"pa_appellation-barolo-docg-de","10":"pa_formato-0-75-l-flasche-de","11":"pa_producer-borgogno-de","12":"pa_region-piemont-de","13":"pa_vine-100-nebbiolo-de","14":"pa_vintage-2013-de","16":"first","17":"outofstock","18":"taxable","19":"shipping-taxable","20":"purchasable","21":"product-type-simple"},"bundled_by":[],"bundle_stock_status":"outofstock","bundle_stock_quantity":3,"bundle_virtual":false,"bundle_layout":"","bundle_add_to_cart_form_location":"","bundle_editable_in_cart":false,"bundle_sold_individually_context":"","bundle_item_grouping":"","bundle_min_size":"","bundle_max_size":"","bundle_price":[],"bundled_items":[],"bundle_sell_ids":[],"yoast_head":"<!-- This site is optimized with the Yoast SEO plugin v27.2 - https:\/\/yoast.com\/product\/yoast-seo-wordpress\/ -->\n<title>Barolo 2013 GIACOMO BORGOGNO Kaufen online<\/title>\n<meta name=\"description\" content=\"Barolo 2013 GIACOMO BORGOGNO Borgogno weingut befindetsichim\u00a0im namensgebenen Ort Barolo liegt\u00a0mitten im,Zentrum\u201c\u00a0eines der\u00a0\u00e4ltesten\" \/>\n<meta name=\"robots\" content=\"index, follow, max-snippet:-1, max-image-preview:large, max-video-preview:-1\" \/>\n<link rel=\"canonical\" href=\"https:\/\/fonsvinum.com\/de\/produkt\/barolo-2013-giacomo-borgogno\/\" \/>\n<meta property=\"og:locale\" content=\"de_DE\" \/>\n<meta property=\"og:type\" content=\"article\" \/>\n<meta property=\"og:title\" content=\"Barolo 2013 GIACOMO BORGOGNO Kaufen online\" \/>\n<meta property=\"og:description\" content=\"Barolo 2013 GIACOMO BORGOGNO Borgogno weingut befindetsichim\u00a0im namensgebenen Ort Barolo liegt\u00a0mitten im,Zentrum\u201c\u00a0eines der\u00a0\u00e4ltesten\" \/>\n<meta property=\"og:url\" content=\"https:\/\/fonsvinum.com\/de\/produkt\/barolo-2013-giacomo-borgogno\/\" \/>\n<meta property=\"og:site_name\" content=\"Fons Vinum\" \/>\n<meta property=\"article:modified_time\" content=\"2020-03-02T15:13:28+00:00\" \/>\n<meta property=\"og:image\" content=\"https:\/\/fonsvinum.com\/files\/2020\/02\/barolo-borgogno.jpg\" \/>\n\t<meta property=\"og:image:width\" content=\"200\" \/>\n\t<meta property=\"og:image:height\" content=\"600\" \/>\n\t<meta property=\"og:image:type\" content=\"image\/jpeg\" \/>\n<meta name=\"twitter:label1\" content=\"Gesch\u00e4tzte Lesezeit\" \/>\n\t<meta name=\"twitter:data1\" content=\"1\u00a0Minute\" \/>\n<script type=\"application\/ld+json\" class=\"yoast-schema-graph\">{\"@context\":\"https:\/\/schema.org\",\"@graph\":[{\"@type\":\"WebPage\",\"@id\":\"https:\/\/fonsvinum.com\/de\/produkt\/barolo-2013-giacomo-borgogno\/\",\"url\":\"https:\/\/fonsvinum.com\/de\/produkt\/barolo-2013-giacomo-borgogno\/\",\"name\":\"Barolo 2013 GIACOMO BORGOGNO Kaufen online\",\"isPartOf\":{\"@id\":\"https:\/\/fonsvinum.com\/en\/#website\"},\"primaryImageOfPage\":{\"@id\":\"https:\/\/fonsvinum.com\/de\/produkt\/barolo-2013-giacomo-borgogno\/#primaryimage\"},\"image\":{\"@id\":\"https:\/\/fonsvinum.com\/de\/produkt\/barolo-2013-giacomo-borgogno\/#primaryimage\"},\"thumbnailUrl\":\"https:\/\/fonsvinum.com\/files\/2020\/02\/barolo-borgogno.jpg\",\"datePublished\":\"2020-03-02T15:07:31+00:00\",\"dateModified\":\"2020-03-02T15:13:28+00:00\",\"description\":\"Barolo 2013 GIACOMO BORGOGNO Borgogno weingut befindetsichim\u00a0im namensgebenen Ort Barolo liegt\u00a0mitten im,Zentrum\u201c\u00a0eines der\u00a0\u00e4ltesten\",\"breadcrumb\":{\"@id\":\"https:\/\/fonsvinum.com\/de\/produkt\/barolo-2013-giacomo-borgogno\/#breadcrumb\"},\"inLanguage\":\"de\",\"potentialAction\":[{\"@type\":\"ReadAction\",\"target\":[\"https:\/\/fonsvinum.com\/de\/produkt\/barolo-2013-giacomo-borgogno\/\"]}]},{\"@type\":\"ImageObject\",\"inLanguage\":\"de\",\"@id\":\"https:\/\/fonsvinum.com\/de\/produkt\/barolo-2013-giacomo-borgogno\/#primaryimage\",\"url\":\"https:\/\/fonsvinum.com\/files\/2020\/02\/barolo-borgogno.jpg\",\"contentUrl\":\"https:\/\/fonsvinum.com\/files\/2020\/02\/barolo-borgogno.jpg\",\"width\":200,\"height\":600},{\"@type\":\"BreadcrumbList\",\"@id\":\"https:\/\/fonsvinum.com\/de\/produkt\/barolo-2013-giacomo-borgogno\/#breadcrumb\",\"itemListElement\":[{\"@type\":\"ListItem\",\"position\":1,\"name\":\"Startseite\",\"item\":\"https:\/\/fonsvinum.com\/de\/\"},{\"@type\":\"ListItem\",\"position\":2,\"name\":\"Shop\",\"item\":\"https:\/\/fonsvinum.com\/de\/shop\/\"},{\"@type\":\"ListItem\",\"position\":3,\"name\":\"Barolo 2013 GIACOMO BORGOGNO\"}]},{\"@type\":\"WebSite\",\"@id\":\"https:\/\/fonsvinum.com\/en\/#website\",\"url\":\"https:\/\/fonsvinum.com\/en\/\",\"name\":\"Fons Vinum\",\"description\":\"Vendita Vino Online\",\"publisher\":{\"@id\":\"https:\/\/fonsvinum.com\/en\/#organization\"},\"potentialAction\":[{\"@type\":\"SearchAction\",\"target\":{\"@type\":\"EntryPoint\",\"urlTemplate\":\"https:\/\/fonsvinum.com\/en\/?s={search_term_string}\"},\"query-input\":{\"@type\":\"PropertyValueSpecification\",\"valueRequired\":true,\"valueName\":\"search_term_string\"}}],\"inLanguage\":\"de\"},{\"@type\":\"Organization\",\"@id\":\"https:\/\/fonsvinum.com\/en\/#organization\",\"name\":\"Fons Vinum\",\"url\":\"https:\/\/fonsvinum.com\/en\/\",\"logo\":{\"@type\":\"ImageObject\",\"inLanguage\":\"de\",\"@id\":\"https:\/\/fonsvinum.com\/en\/#\/schema\/logo\/image\/\",\"url\":\"\",\"contentUrl\":\"\",\"caption\":\"Fons Vinum\"},\"image\":{\"@id\":\"https:\/\/fonsvinum.com\/en\/#\/schema\/logo\/image\/\"}}]}<\/script>\n<!-- \/ Yoast SEO plugin. -->","yoast_head_json":{"title":"Barolo 2013 GIACOMO BORGOGNO Kaufen online","description":"Barolo 2013 GIACOMO BORGOGNO Borgogno weingut befindetsichim\u00a0im namensgebenen Ort Barolo liegt\u00a0mitten im,Zentrum\u201c\u00a0eines der\u00a0\u00e4ltesten","robots":{"index":"index","follow":"follow","max-snippet":"max-snippet:-1","max-image-preview":"max-image-preview:large","max-video-preview":"max-video-preview:-1"},"canonical":"https:\/\/fonsvinum.com\/de\/produkt\/barolo-2013-giacomo-borgogno\/","og_locale":"de_DE","og_type":"article","og_title":"Barolo 2013 GIACOMO BORGOGNO Kaufen online","og_description":"Barolo 2013 GIACOMO BORGOGNO Borgogno weingut befindetsichim\u00a0im namensgebenen Ort Barolo liegt\u00a0mitten im,Zentrum\u201c\u00a0eines der\u00a0\u00e4ltesten","og_url":"https:\/\/fonsvinum.com\/de\/produkt\/barolo-2013-giacomo-borgogno\/","og_site_name":"Fons Vinum","article_modified_time":"2020-03-02T15:13:28+00:00","og_image":[{"width":200,"height":600,"url":"https:\/\/fonsvinum.com\/files\/2020\/02\/barolo-borgogno.jpg","type":"image\/jpeg"}],"twitter_misc":{"Gesch\u00e4tzte Lesezeit":"1\u00a0Minute"},"schema":{"@context":"https:\/\/schema.org","@graph":[{"@type":"WebPage","@id":"https:\/\/fonsvinum.com\/de\/produkt\/barolo-2013-giacomo-borgogno\/","url":"https:\/\/fonsvinum.com\/de\/produkt\/barolo-2013-giacomo-borgogno\/","name":"Barolo 2013 GIACOMO BORGOGNO Kaufen online","isPartOf":{"@id":"https:\/\/fonsvinum.com\/en\/#website"},"primaryImageOfPage":{"@id":"https:\/\/fonsvinum.com\/de\/produkt\/barolo-2013-giacomo-borgogno\/#primaryimage"},"image":{"@id":"https:\/\/fonsvinum.com\/de\/produkt\/barolo-2013-giacomo-borgogno\/#primaryimage"},"thumbnailUrl":"https:\/\/fonsvinum.com\/files\/2020\/02\/barolo-borgogno.jpg","datePublished":"2020-03-02T15:07:31+00:00","dateModified":"2020-03-02T15:13:28+00:00","description":"Barolo 2013 GIACOMO BORGOGNO Borgogno weingut befindetsichim\u00a0im namensgebenen Ort Barolo liegt\u00a0mitten im,Zentrum\u201c\u00a0eines der\u00a0\u00e4ltesten","breadcrumb":{"@id":"https:\/\/fonsvinum.com\/de\/produkt\/barolo-2013-giacomo-borgogno\/#breadcrumb"},"inLanguage":"de","potentialAction":[{"@type":"ReadAction","target":["https:\/\/fonsvinum.com\/de\/produkt\/barolo-2013-giacomo-borgogno\/"]}]},{"@type":"ImageObject","inLanguage":"de","@id":"https:\/\/fonsvinum.com\/de\/produkt\/barolo-2013-giacomo-borgogno\/#primaryimage","url":"https:\/\/fonsvinum.com\/files\/2020\/02\/barolo-borgogno.jpg","contentUrl":"https:\/\/fonsvinum.com\/files\/2020\/02\/barolo-borgogno.jpg","width":200,"height":600},{"@type":"BreadcrumbList","@id":"https:\/\/fonsvinum.com\/de\/produkt\/barolo-2013-giacomo-borgogno\/#breadcrumb","itemListElement":[{"@type":"ListItem","position":1,"name":"Startseite","item":"https:\/\/fonsvinum.com\/de\/"},{"@type":"ListItem","position":2,"name":"Shop","item":"https:\/\/fonsvinum.com\/de\/shop\/"},{"@type":"ListItem","position":3,"name":"Barolo 2013 GIACOMO BORGOGNO"}]},{"@type":"WebSite","@id":"https:\/\/fonsvinum.com\/en\/#website","url":"https:\/\/fonsvinum.com\/en\/","name":"Fons Vinum","description":"Vendita Vino Online","publisher":{"@id":"https:\/\/fonsvinum.com\/en\/#organization"},"potentialAction":[{"@type":"SearchAction","target":{"@type":"EntryPoint","urlTemplate":"https:\/\/fonsvinum.com\/en\/?s={search_term_string}"},"query-input":{"@type":"PropertyValueSpecification","valueRequired":true,"valueName":"search_term_string"}}],"inLanguage":"de"},{"@type":"Organization","@id":"https:\/\/fonsvinum.com\/en\/#organization","name":"Fons Vinum","url":"https:\/\/fonsvinum.com\/en\/","logo":{"@type":"ImageObject","inLanguage":"de","@id":"https:\/\/fonsvinum.com\/en\/#\/schema\/logo\/image\/","url":"","contentUrl":"","caption":"Fons Vinum"},"image":{"@id":"https:\/\/fonsvinum.com\/en\/#\/schema\/logo\/image\/"}}]}},"acf":[],"_links":{"self":[{"href":"https:\/\/fonsvinum.com\/de\/wp-json\/wp\/v2\/product\/22716","targetHints":{"allow":["GET"]}}],"collection":[{"href":"https:\/\/fonsvinum.com\/de\/wp-json\/wp\/v2\/product"}],"about":[{"href":"https:\/\/fonsvinum.com\/de\/wp-json\/wp\/v2\/types\/product"}],"replies":[{"embeddable":true,"href":"https:\/\/fonsvinum.com\/de\/wp-json\/wp\/v2\/comments?post=22716"}],"wp:featuredmedia":[{"embeddable":true,"href":"https:\/\/fonsvinum.com\/de\/wp-json\/wp\/v2\/media\/22466"}],"wp:attachment":[{"href":"https:\/\/fonsvinum.com\/de\/wp-json\/wp\/v2\/media?parent=22716"}],"wp:term":[{"taxonomy":"product_brand","embeddable":true,"href":"https:\/\/fonsvinum.com\/de\/wp-json\/wp\/v2\/product_brand?post=22716"},{"taxonomy":"product_cat","embeddable":true,"href":"https:\/\/fonsvinum.com\/de\/wp-json\/wp\/v2\/product_cat?post=22716"},{"taxonomy":"product_tag","embeddable":true,"href":"https:\/\/fonsvinum.com\/de\/wp-json\/wp\/v2\/product_tag?post=22716"}],"curies":[{"name":"wp","href":"https:\/\/api.w.org\/{rel}","templated":true}]}}