{"id":22532,"date":"2020-02-27T12:07:56","date_gmt":"2020-02-27T11:07:56","guid":{"rendered":"https:\/\/fonsvinum.com\/?post_type=product&#038;p=22532"},"modified":"2020-02-28T15:23:32","modified_gmt":"2020-02-28T14:23:32","slug":"sassicaia-2017","status":"publish","type":"product","link":"https:\/\/fonsvinum.com\/de\/produkt\/sassicaia-2017\/","title":{"rendered":"Sassicaia 2017"},"content":{"rendered":"<h1><a href=\"http:\/\/www.tenutasanguido.com\/eng\/index.html\">Sassicaia<\/a> 2017<\/h1>\n<div class=\"csc-header csc-header-n1\">\n<h2 class=\"csc-firstHeader\">Tenuta San Guido<\/h2>\n<\/div>\n<article>\n<p class=\"bodytext\">Die Weing\u00e4rten der Tenuta San Guido befinden sich in der Spitzenlage Castiglioncello und erstrecken sich auch \u00fcber Quercione und Aia Nuova. Die Tenuta San Guido ist die Kultschmiede des Sassicaias, des wohl international bekanntesten Rotweins Italiens. Mit dem Guidalberto liefert man einen kleinen Sassicaia, der die Grundz\u00fcge des Kultweins in sich tr\u00e4gt, daf\u00fcr aber einen anderen Anspruch.<\/p>\n<p>&nbsp;<\/p>\n<\/article>\n","protected":false},"excerpt":{"rendered":"<p>Sassicaia 2017 Tenuta San Guido Die Weing\u00e4rten der Tenuta San Guido befinden sich in der Spitzenlage Castiglioncello und erstrecken sich auch \u00fcber Quercione und Aia Nuova. Die Tenuta San Guido ist die Kultschmiede des Sassicaias, des wohl international bekanntesten Rotweins Italiens. Mit dem Guidalberto liefert man einen kleinen Sassicaia, der die Grundz\u00fcge des Kultweins in [&hellip;]<\/p>\n","protected":false},"featured_media":32700,"comment_status":"open","ping_status":"closed","template":"","meta":{"_acf_changed":false,"_monsterinsights_skip_tracking":false,"_monsterinsights_sitenote_active":false,"_monsterinsights_sitenote_note":"","_monsterinsights_sitenote_category":0},"product_brand":[],"product_cat":[1693],"product_tag":[1751,1745],"class_list":{"0":"post-22532","1":"product","2":"type-product","3":"status-publish","4":"has-post-thumbnail","6":"product_cat-blend-2-de","7":"product_tag-aussergewoehnliche-weine-aus-italien-de","8":"product_tag-super-tuscan-de","9":"pa_appellation-bolgheri-sassicaia-doc-de","10":"pa_formato-0-75-l-flasche-de","11":"pa_producer-tenuta-san-guido-de","12":"pa_region-toskana-de","13":"pa_vine-85-cabernet-sauvignon-15-cabernet-franc-de","14":"pa_vintage-2017-de","16":"first","17":"instock","18":"featured","19":"taxable","20":"shipping-taxable","21":"purchasable","22":"product-type-simple"},"bundled_by":[],"bundle_stock_status":"instock","bundle_stock_quantity":2,"bundle_virtual":false,"bundle_layout":"","bundle_add_to_cart_form_location":"","bundle_editable_in_cart":false,"bundle_sold_individually_context":"","bundle_item_grouping":"","bundle_min_size":"","bundle_max_size":"","bundle_price":[],"bundled_items":[],"bundle_sell_ids":[],"yoast_head":"<!-- This site is optimized with the Yoast SEO plugin v27.3 - https:\/\/yoast.com\/product\/yoast-seo-wordpress\/ -->\n<title>Buy online Sassicaia Bolgheri Tenuta San Guido 2017 | FonsVinum<\/title>\n<meta name=\"description\" content=\"Kaufen on line on Fons Vinum Bolgheri Sassicaia Tenuta San Guido Jahrgang 2017 I Fons Vinum rare Weine aus Piedmont und Toskana\" \/>\n<meta name=\"robots\" content=\"index, follow, max-snippet:-1, max-image-preview:large, max-video-preview:-1\" \/>\n<link rel=\"canonical\" href=\"https:\/\/fonsvinum.com\/de\/produkt\/sassicaia-2017\/\" \/>\n<meta property=\"og:locale\" content=\"de_DE\" \/>\n<meta property=\"og:type\" content=\"article\" \/>\n<meta property=\"og:title\" content=\"Buy online Sassicaia Bolgheri Tenuta San Guido 2017 | FonsVinum\" \/>\n<meta property=\"og:description\" content=\"Kaufen on line on Fons Vinum Bolgheri Sassicaia Tenuta San Guido Jahrgang 2017 I Fons Vinum rare Weine aus Piedmont und Toskana\" \/>\n<meta property=\"og:url\" content=\"https:\/\/fonsvinum.com\/de\/produkt\/sassicaia-2017\/\" \/>\n<meta property=\"og:site_name\" content=\"Fons Vinum\" \/>\n<meta property=\"article:modified_time\" content=\"2020-02-28T14:23:32+00:00\" \/>\n<meta property=\"og:image\" content=\"https:\/\/fonsvinum.com\/files\/2014\/07\/sassicaia-tenuta-sa-guido.jpg\" \/>\n\t<meta property=\"og:image:width\" content=\"200\" \/>\n\t<meta property=\"og:image:height\" content=\"600\" \/>\n\t<meta property=\"og:image:type\" content=\"image\/jpeg\" \/>\n<script type=\"application\/ld+json\" class=\"yoast-schema-graph\">{\"@context\":\"https:\\\/\\\/schema.org\",\"@graph\":[{\"@type\":\"WebPage\",\"@id\":\"https:\\\/\\\/fonsvinum.com\\\/de\\\/produkt\\\/sassicaia-2017\\\/\",\"url\":\"https:\\\/\\\/fonsvinum.com\\\/de\\\/produkt\\\/sassicaia-2017\\\/\",\"name\":\"Buy online Sassicaia Bolgheri Tenuta San Guido 2017 | FonsVinum\",\"isPartOf\":{\"@id\":\"https:\\\/\\\/fonsvinum.com\\\/en\\\/#website\"},\"primaryImageOfPage\":{\"@id\":\"https:\\\/\\\/fonsvinum.com\\\/de\\\/produkt\\\/sassicaia-2017\\\/#primaryimage\"},\"image\":{\"@id\":\"https:\\\/\\\/fonsvinum.com\\\/de\\\/produkt\\\/sassicaia-2017\\\/#primaryimage\"},\"thumbnailUrl\":\"https:\\\/\\\/fonsvinum.com\\\/files\\\/2014\\\/07\\\/sassicaia-tenuta-sa-guido.jpg\",\"datePublished\":\"2020-02-27T11:07:56+00:00\",\"dateModified\":\"2020-02-28T14:23:32+00:00\",\"description\":\"Kaufen on line on Fons Vinum Bolgheri Sassicaia Tenuta San Guido Jahrgang 2017 I Fons Vinum rare Weine aus Piedmont und Toskana\",\"breadcrumb\":{\"@id\":\"https:\\\/\\\/fonsvinum.com\\\/de\\\/produkt\\\/sassicaia-2017\\\/#breadcrumb\"},\"inLanguage\":\"de\",\"potentialAction\":[{\"@type\":\"ReadAction\",\"target\":[\"https:\\\/\\\/fonsvinum.com\\\/de\\\/produkt\\\/sassicaia-2017\\\/\"]}]},{\"@type\":\"ImageObject\",\"inLanguage\":\"de\",\"@id\":\"https:\\\/\\\/fonsvinum.com\\\/de\\\/produkt\\\/sassicaia-2017\\\/#primaryimage\",\"url\":\"https:\\\/\\\/fonsvinum.com\\\/files\\\/2014\\\/07\\\/sassicaia-tenuta-sa-guido.jpg\",\"contentUrl\":\"https:\\\/\\\/fonsvinum.com\\\/files\\\/2014\\\/07\\\/sassicaia-tenuta-sa-guido.jpg\",\"width\":200,\"height\":600},{\"@type\":\"BreadcrumbList\",\"@id\":\"https:\\\/\\\/fonsvinum.com\\\/de\\\/produkt\\\/sassicaia-2017\\\/#breadcrumb\",\"itemListElement\":[{\"@type\":\"ListItem\",\"position\":1,\"name\":\"Startseite\",\"item\":\"https:\\\/\\\/fonsvinum.com\\\/de\\\/\"},{\"@type\":\"ListItem\",\"position\":2,\"name\":\"Shop\",\"item\":\"https:\\\/\\\/fonsvinum.com\\\/de\\\/shop\\\/\"},{\"@type\":\"ListItem\",\"position\":3,\"name\":\"Sassicaia 2017\"}]},{\"@type\":\"WebSite\",\"@id\":\"https:\\\/\\\/fonsvinum.com\\\/en\\\/#website\",\"url\":\"https:\\\/\\\/fonsvinum.com\\\/en\\\/\",\"name\":\"Fons Vinum\",\"description\":\"Vendita Vino Online\",\"publisher\":{\"@id\":\"https:\\\/\\\/fonsvinum.com\\\/en\\\/#organization\"},\"potentialAction\":[{\"@type\":\"SearchAction\",\"target\":{\"@type\":\"EntryPoint\",\"urlTemplate\":\"https:\\\/\\\/fonsvinum.com\\\/en\\\/?s={search_term_string}\"},\"query-input\":{\"@type\":\"PropertyValueSpecification\",\"valueRequired\":true,\"valueName\":\"search_term_string\"}}],\"inLanguage\":\"de\"},{\"@type\":\"Organization\",\"@id\":\"https:\\\/\\\/fonsvinum.com\\\/en\\\/#organization\",\"name\":\"Fons Vinum\",\"url\":\"https:\\\/\\\/fonsvinum.com\\\/en\\\/\",\"logo\":{\"@type\":\"ImageObject\",\"inLanguage\":\"de\",\"@id\":\"https:\\\/\\\/fonsvinum.com\\\/en\\\/#\\\/schema\\\/logo\\\/image\\\/\",\"url\":\"\",\"contentUrl\":\"\",\"caption\":\"Fons Vinum\"},\"image\":{\"@id\":\"https:\\\/\\\/fonsvinum.com\\\/en\\\/#\\\/schema\\\/logo\\\/image\\\/\"}}]}<\/script>\n<!-- \/ Yoast SEO plugin. -->","yoast_head_json":{"title":"Buy online Sassicaia Bolgheri Tenuta San Guido 2017 | FonsVinum","description":"Kaufen on line on Fons Vinum Bolgheri Sassicaia Tenuta San Guido Jahrgang 2017 I Fons Vinum rare Weine aus Piedmont und Toskana","robots":{"index":"index","follow":"follow","max-snippet":"max-snippet:-1","max-image-preview":"max-image-preview:large","max-video-preview":"max-video-preview:-1"},"canonical":"https:\/\/fonsvinum.com\/de\/produkt\/sassicaia-2017\/","og_locale":"de_DE","og_type":"article","og_title":"Buy online Sassicaia Bolgheri Tenuta San Guido 2017 | FonsVinum","og_description":"Kaufen on line on Fons Vinum Bolgheri Sassicaia Tenuta San Guido Jahrgang 2017 I Fons Vinum rare Weine aus Piedmont und Toskana","og_url":"https:\/\/fonsvinum.com\/de\/produkt\/sassicaia-2017\/","og_site_name":"Fons Vinum","article_modified_time":"2020-02-28T14:23:32+00:00","og_image":[{"width":200,"height":600,"url":"https:\/\/fonsvinum.com\/files\/2014\/07\/sassicaia-tenuta-sa-guido.jpg","type":"image\/jpeg"}],"schema":{"@context":"https:\/\/schema.org","@graph":[{"@type":"WebPage","@id":"https:\/\/fonsvinum.com\/de\/produkt\/sassicaia-2017\/","url":"https:\/\/fonsvinum.com\/de\/produkt\/sassicaia-2017\/","name":"Buy online Sassicaia Bolgheri Tenuta San Guido 2017 | FonsVinum","isPartOf":{"@id":"https:\/\/fonsvinum.com\/en\/#website"},"primaryImageOfPage":{"@id":"https:\/\/fonsvinum.com\/de\/produkt\/sassicaia-2017\/#primaryimage"},"image":{"@id":"https:\/\/fonsvinum.com\/de\/produkt\/sassicaia-2017\/#primaryimage"},"thumbnailUrl":"https:\/\/fonsvinum.com\/files\/2014\/07\/sassicaia-tenuta-sa-guido.jpg","datePublished":"2020-02-27T11:07:56+00:00","dateModified":"2020-02-28T14:23:32+00:00","description":"Kaufen on line on Fons Vinum Bolgheri Sassicaia Tenuta San Guido Jahrgang 2017 I Fons Vinum rare Weine aus Piedmont und Toskana","breadcrumb":{"@id":"https:\/\/fonsvinum.com\/de\/produkt\/sassicaia-2017\/#breadcrumb"},"inLanguage":"de","potentialAction":[{"@type":"ReadAction","target":["https:\/\/fonsvinum.com\/de\/produkt\/sassicaia-2017\/"]}]},{"@type":"ImageObject","inLanguage":"de","@id":"https:\/\/fonsvinum.com\/de\/produkt\/sassicaia-2017\/#primaryimage","url":"https:\/\/fonsvinum.com\/files\/2014\/07\/sassicaia-tenuta-sa-guido.jpg","contentUrl":"https:\/\/fonsvinum.com\/files\/2014\/07\/sassicaia-tenuta-sa-guido.jpg","width":200,"height":600},{"@type":"BreadcrumbList","@id":"https:\/\/fonsvinum.com\/de\/produkt\/sassicaia-2017\/#breadcrumb","itemListElement":[{"@type":"ListItem","position":1,"name":"Startseite","item":"https:\/\/fonsvinum.com\/de\/"},{"@type":"ListItem","position":2,"name":"Shop","item":"https:\/\/fonsvinum.com\/de\/shop\/"},{"@type":"ListItem","position":3,"name":"Sassicaia 2017"}]},{"@type":"WebSite","@id":"https:\/\/fonsvinum.com\/en\/#website","url":"https:\/\/fonsvinum.com\/en\/","name":"Fons Vinum","description":"Vendita Vino Online","publisher":{"@id":"https:\/\/fonsvinum.com\/en\/#organization"},"potentialAction":[{"@type":"SearchAction","target":{"@type":"EntryPoint","urlTemplate":"https:\/\/fonsvinum.com\/en\/?s={search_term_string}"},"query-input":{"@type":"PropertyValueSpecification","valueRequired":true,"valueName":"search_term_string"}}],"inLanguage":"de"},{"@type":"Organization","@id":"https:\/\/fonsvinum.com\/en\/#organization","name":"Fons Vinum","url":"https:\/\/fonsvinum.com\/en\/","logo":{"@type":"ImageObject","inLanguage":"de","@id":"https:\/\/fonsvinum.com\/en\/#\/schema\/logo\/image\/","url":"","contentUrl":"","caption":"Fons Vinum"},"image":{"@id":"https:\/\/fonsvinum.com\/en\/#\/schema\/logo\/image\/"}}]}},"acf":[],"_links":{"self":[{"href":"https:\/\/fonsvinum.com\/de\/wp-json\/wp\/v2\/product\/22532","targetHints":{"allow":["GET"]}}],"collection":[{"href":"https:\/\/fonsvinum.com\/de\/wp-json\/wp\/v2\/product"}],"about":[{"href":"https:\/\/fonsvinum.com\/de\/wp-json\/wp\/v2\/types\/product"}],"replies":[{"embeddable":true,"href":"https:\/\/fonsvinum.com\/de\/wp-json\/wp\/v2\/comments?post=22532"}],"wp:featuredmedia":[{"embeddable":true,"href":"https:\/\/fonsvinum.com\/de\/wp-json\/wp\/v2\/media\/32700"}],"wp:attachment":[{"href":"https:\/\/fonsvinum.com\/de\/wp-json\/wp\/v2\/media?parent=22532"}],"wp:term":[{"taxonomy":"product_brand","embeddable":true,"href":"https:\/\/fonsvinum.com\/de\/wp-json\/wp\/v2\/product_brand?post=22532"},{"taxonomy":"product_cat","embeddable":true,"href":"https:\/\/fonsvinum.com\/de\/wp-json\/wp\/v2\/product_cat?post=22532"},{"taxonomy":"product_tag","embeddable":true,"href":"https:\/\/fonsvinum.com\/de\/wp-json\/wp\/v2\/product_tag?post=22532"}],"curies":[{"name":"wp","href":"https:\/\/api.w.org\/{rel}","templated":true}]}}