{"id":22470,"date":"2020-02-26T09:27:12","date_gmt":"2020-02-26T08:27:12","guid":{"rendered":"https:\/\/fonsvinum.com\/?post_type=product&#038;p=22470"},"modified":"2020-02-26T10:12:22","modified_gmt":"2020-02-26T09:12:22","slug":"barolo-monfalletto-cordero-di-montezemolo-2015","status":"publish","type":"product","link":"https:\/\/fonsvinum.com\/de\/produkt\/barolo-monfalletto-cordero-di-montezemolo-2015\/","title":{"rendered":"Barolo Monfalletto CORDERO DI MONTEZEMOLO 2015"},"content":{"rendered":"<h1>Barolo Monfalletto <a title=\"Cordero di Montezemolo\" href=\"https:\/\/fonsvinum.com\/produttore\/cordero-di-montezemolo\/\">CORDERO DI MONTEZEMOLO<\/a> 2015<\/h1>\n<h2><a href=\"https:\/\/www.corderodimontezemolo.com\/de\/\">CORDERO DI MONTEZEMOLO<\/a><\/h2>\n<p><em>Die Familie Cordero di Montezemolo hat uralte, feste Wurzeln in der Geschichte des Piemont, die aber mit der Produktion von Qualit\u00e4tswein eigentlich wenig zu tun haben.<\/em><\/p>\n<p>Die Familie war n\u00e4mlich spanischer Herkunft und kam erst um die\u00a0<strong>Mitte des 15. Jahrhunderts<\/strong>\u00a0ins Piemont: Sie zeichnete sich durch\u00a0<strong>grafische Fertigkeiten<\/strong>\u00a0aus und \u00fcbernahm bedeutende\u00a0<strong>milit\u00e4rische und diplomatische Aufgaben im Dienste des K\u00f6nigshauses Savoyen<\/strong>, bis sie zu einer der wichtigsten Adelsfamilien (<strong>Markgrafen<\/strong>) im Piemont wurde.<\/p>\n<p>Das\u00a0<strong>Weingut Monfalletto<\/strong>\u00a0geh\u00f6rte einem der verschiedenen Zweige der Familie\u00a0<strong>Falletti<\/strong>, der einflussreichsten Adelsfamilie in Alba und Umgebung. Die Geschichte der Falletti und der Cordero di Montezemolo wurden verbunden, als Maria Lydia, Tochter der Markgr\u00e4fin Luigia Falletti, 1918 Paolo Cordero di Montezemolo heiratete. Das Paar starb ungl\u00fccklicherweise fr\u00fch, hinterlie\u00df aber einen Sohn, der ebenfalls\u00a0<strong>Paolo<\/strong>\u00a0hie\u00df.<\/p>\n<p>Als sie 1941 starb, ging der ganze Besitz einschlie\u00dflich des wundersch\u00f6nen Guts Monfalletto in La Morra direkt als Erbe an den Enkel Paolo. Historische Dokumente belegen die bl\u00fchende, umfangreiche\u00a0<strong>landwirtschaftliche T\u00e4tigkeit auf dem Grundst\u00fcck<\/strong>, das sich auf einem einzigartigen H\u00fcgel in bevorzugter Lage erstreckt. Der Weinbau ist auf diesem H\u00fcgel seit \u00fcber 200 Jahren belegt.<\/p>\n<blockquote><p><em>Der gro\u00dfe Wein, den viele als \u201cKunstwerk\u201d bezeichnen, ist ein Werk der Natur, er ist der Sonne, dem Klima, der Bodenbeschaffenheit und so weiter zu verdanken \u2013 um einen hochtrabenden, paradoxen Begriff zu verwenden, ist er ein Werk des Bodens.<\/em><\/p>\n<p class=\"fonte\"><em>Paolo Cordero di Montezemolo<\/em><\/p>\n<\/blockquote>\n<h2>BAROLO MONFALLETTO<\/h2>\n<h3><strong>Produktionszone<\/strong><\/h3>\n<p>Historischer Wein dieses Guts, der durch sorgf\u00e4ltigen Verschnitt eines Gro\u00dfteils der Monfalletto-Lagen gewonnen wird. Das Alter der Rebst\u00f6cke zwischen 15 und 50 Jahren und die rigorose Ausrichtung zwischen S\u00fcdost und S\u00fcdwest tragen zu erlesenen Produktionen und harmonischer Reifung bei. Der lehmige, kaum kalkhaltige Boden verleiht Eleganz und Komplexit\u00e4t. Magnesiumoxid und Mangan im Boden f\u00f6rdern die Reifung von dichten, sehr weichen Tanninen. H\u00f6hen zwischen 250 und 300 m \u00fcdM.<\/p>\n<h3><strong>Weinbereitung<\/strong><\/h3>\n<p>Jeder Weinberg mit einheitlichen Eigenschaften (Ausrichtung, Alter, Boden, Pflanzabstand, Klone usw.) wird f\u00fcr sich gelesen und vinifiziert. Die ganze Maische steht 4-5 Tage ebenso wie die abschlie\u00dfende G\u00e4rung f\u00fcr die folgenden 10-12 Tage in Edelstahlwannen. Anschlie\u00dfend wird der Wein f\u00fcr die malolaktische G\u00e4rung bis Dezember in F\u00e4sser verschiedener Gr\u00f6\u00dfe und Art gef\u00fcllt.<\/p>\n<h3><strong>Lagerung<\/strong><\/h3>\n<p>Alle verschiedenen Partien werden f\u00fcr einen Zeitraum zwischen 18 und 24 Monaten in verschiedenen Holzarten \u2013 aus Frankreich und Slawonien \u2013 gelagert. Anschlie\u00dfend folgen der Endverschnitt und die Flaschenabf\u00fcllung. Nach einem Jahr Reifung sind die Flaschen bereit f\u00fcr den Handel.<\/p>\n<h3><strong>Organoleptische Eigenschaften<\/strong><\/h3>\n<p>Intensiv granatrot, zeigt an der Nase perfekt gemischte Blumen- und Gew\u00fcrznoten: Lakritze, in Alkohol eingelegte Kirschen, Kakao und frische Himbeere treten hervor; am Gaumen reich, f\u00fcllig und elegant.<\/p>\n<h3><strong>Durchschnittliche Haltbarkeit<\/strong><\/h3>\n<p>Langlebiger Wein, der langsam und konstant in der Flasche reift.<br \/>\nGro\u00dfe Ausdrucksf\u00e4higkeit auch nach mehreren Jahrzehnten. Ewig.<\/p>\n<h3><strong>Gastronomische Empfehlungen<\/strong><\/h3>\n<p>Aristokratischer Wein, der ideal zu Wild und Wildgefl\u00fcgel, Hasenpfeffer, Rinderschmorbraten, G\u00e4mse, Rehr\u00fccken, Windschwein, Hirsch und Schneehuhn passt. Gl\u00e4nzend zu Gerichten, die mit wei\u00dfem Tr\u00fcffel aus Alba veredelt werden: Gem\u00fcset\u00f6rtchen mit Karden und K\u00e4sesauce oder Entenravioli.<\/p>\n","protected":false},"excerpt":{"rendered":"<p>Barolo Monfalletto CORDERO DI MONTEZEMOLO 2015 CORDERO DI MONTEZEMOLO Die Familie Cordero di Montezemolo hat uralte, feste Wurzeln in der Geschichte des Piemont, die aber mit der Produktion von Qualit\u00e4tswein eigentlich wenig zu tun haben. Die Familie war n\u00e4mlich spanischer Herkunft und kam erst um die\u00a0Mitte des 15. Jahrhunderts\u00a0ins Piemont: Sie zeichnete sich durch\u00a0grafische Fertigkeiten\u00a0aus [&hellip;]<\/p>\n","protected":false},"featured_media":6148,"comment_status":"open","ping_status":"closed","template":"","meta":{"_acf_changed":false,"_monsterinsights_skip_tracking":false,"_monsterinsights_sitenote_active":false,"_monsterinsights_sitenote_note":"","_monsterinsights_sitenote_category":0},"product_brand":[],"product_cat":[1824],"product_tag":[],"class_list":{"0":"post-22470","1":"product","2":"type-product","3":"status-publish","4":"has-post-thumbnail","6":"product_cat-barolo-de","7":"pa_appellation-barolo-docg-de","8":"pa_formato-0-75-l-flasche-de","9":"pa_producer-cordero-di-montezemolo-de","10":"pa_region-piemont-de","11":"pa_vine-100-nebbiolo-de","12":"pa_vintage-2015-de","14":"first","15":"outofstock","16":"taxable","17":"shipping-taxable","18":"purchasable","19":"product-type-simple"},"bundled_by":[],"bundle_stock_status":"outofstock","bundle_stock_quantity":0,"bundle_virtual":false,"bundle_layout":"","bundle_add_to_cart_form_location":"","bundle_editable_in_cart":false,"bundle_sold_individually_context":"","bundle_item_grouping":"","bundle_min_size":"","bundle_max_size":"","bundle_price":[],"bundled_items":[],"bundle_sell_ids":[],"yoast_head":"<!-- This site is optimized with the Yoast SEO plugin v27.2 - https:\/\/yoast.com\/product\/yoast-seo-wordpress\/ -->\n<title>Barolo Monfalletto CORDERO DI MONTEZEMOLO 2015- Fons Vinum<\/title>\n<meta name=\"description\" content=\"Barolo Monfalletto CORDERO DI MONTEZEMOLO 2015 -Fons Vinum-\" \/>\n<meta name=\"robots\" content=\"index, follow, max-snippet:-1, max-image-preview:large, max-video-preview:-1\" \/>\n<link rel=\"canonical\" href=\"https:\/\/fonsvinum.com\/de\/produkt\/barolo-monfalletto-cordero-di-montezemolo-2015\/\" \/>\n<meta property=\"og:locale\" content=\"de_DE\" \/>\n<meta property=\"og:type\" content=\"article\" \/>\n<meta property=\"og:title\" content=\"Barolo Monfalletto CORDERO DI MONTEZEMOLO 2015- Fons Vinum\" \/>\n<meta property=\"og:description\" content=\"Barolo Monfalletto CORDERO DI MONTEZEMOLO 2015 -Fons Vinum-\" \/>\n<meta property=\"og:url\" content=\"https:\/\/fonsvinum.com\/de\/produkt\/barolo-monfalletto-cordero-di-montezemolo-2015\/\" \/>\n<meta property=\"og:site_name\" content=\"Fons Vinum\" \/>\n<meta property=\"article:modified_time\" content=\"2020-02-26T09:12:22+00:00\" \/>\n<meta property=\"og:image\" content=\"https:\/\/fonsvinum.com\/files\/2013\/06\/barolo_monfalletto-cordero-montezemolo.jpg\" \/>\n\t<meta property=\"og:image:width\" content=\"160\" \/>\n\t<meta property=\"og:image:height\" content=\"600\" \/>\n\t<meta property=\"og:image:type\" content=\"image\/jpeg\" \/>\n<meta name=\"twitter:label1\" content=\"Gesch\u00e4tzte Lesezeit\" \/>\n\t<meta name=\"twitter:data1\" content=\"3\u00a0Minuten\" \/>\n<script type=\"application\/ld+json\" class=\"yoast-schema-graph\">{\"@context\":\"https:\/\/schema.org\",\"@graph\":[{\"@type\":\"WebPage\",\"@id\":\"https:\/\/fonsvinum.com\/de\/produkt\/barolo-monfalletto-cordero-di-montezemolo-2015\/\",\"url\":\"https:\/\/fonsvinum.com\/de\/produkt\/barolo-monfalletto-cordero-di-montezemolo-2015\/\",\"name\":\"Barolo Monfalletto CORDERO DI MONTEZEMOLO 2015- Fons Vinum\",\"isPartOf\":{\"@id\":\"https:\/\/fonsvinum.com\/en\/#website\"},\"primaryImageOfPage\":{\"@id\":\"https:\/\/fonsvinum.com\/de\/produkt\/barolo-monfalletto-cordero-di-montezemolo-2015\/#primaryimage\"},\"image\":{\"@id\":\"https:\/\/fonsvinum.com\/de\/produkt\/barolo-monfalletto-cordero-di-montezemolo-2015\/#primaryimage\"},\"thumbnailUrl\":\"https:\/\/fonsvinum.com\/files\/2013\/06\/barolo_monfalletto-cordero-montezemolo.jpg\",\"datePublished\":\"2020-02-26T08:27:12+00:00\",\"dateModified\":\"2020-02-26T09:12:22+00:00\",\"description\":\"Barolo Monfalletto CORDERO DI MONTEZEMOLO 2015 -Fons Vinum-\",\"breadcrumb\":{\"@id\":\"https:\/\/fonsvinum.com\/de\/produkt\/barolo-monfalletto-cordero-di-montezemolo-2015\/#breadcrumb\"},\"inLanguage\":\"de\",\"potentialAction\":[{\"@type\":\"ReadAction\",\"target\":[\"https:\/\/fonsvinum.com\/de\/produkt\/barolo-monfalletto-cordero-di-montezemolo-2015\/\"]}]},{\"@type\":\"ImageObject\",\"inLanguage\":\"de\",\"@id\":\"https:\/\/fonsvinum.com\/de\/produkt\/barolo-monfalletto-cordero-di-montezemolo-2015\/#primaryimage\",\"url\":\"https:\/\/fonsvinum.com\/files\/2013\/06\/barolo_monfalletto-cordero-montezemolo.jpg\",\"contentUrl\":\"https:\/\/fonsvinum.com\/files\/2013\/06\/barolo_monfalletto-cordero-montezemolo.jpg\",\"width\":160,\"height\":600},{\"@type\":\"BreadcrumbList\",\"@id\":\"https:\/\/fonsvinum.com\/de\/produkt\/barolo-monfalletto-cordero-di-montezemolo-2015\/#breadcrumb\",\"itemListElement\":[{\"@type\":\"ListItem\",\"position\":1,\"name\":\"Startseite\",\"item\":\"https:\/\/fonsvinum.com\/de\/\"},{\"@type\":\"ListItem\",\"position\":2,\"name\":\"Shop\",\"item\":\"https:\/\/fonsvinum.com\/de\/shop\/\"},{\"@type\":\"ListItem\",\"position\":3,\"name\":\"Barolo Monfalletto CORDERO DI MONTEZEMOLO 2015\"}]},{\"@type\":\"WebSite\",\"@id\":\"https:\/\/fonsvinum.com\/en\/#website\",\"url\":\"https:\/\/fonsvinum.com\/en\/\",\"name\":\"Fons Vinum\",\"description\":\"Vendita Vino Online\",\"publisher\":{\"@id\":\"https:\/\/fonsvinum.com\/en\/#organization\"},\"potentialAction\":[{\"@type\":\"SearchAction\",\"target\":{\"@type\":\"EntryPoint\",\"urlTemplate\":\"https:\/\/fonsvinum.com\/en\/?s={search_term_string}\"},\"query-input\":{\"@type\":\"PropertyValueSpecification\",\"valueRequired\":true,\"valueName\":\"search_term_string\"}}],\"inLanguage\":\"de\"},{\"@type\":\"Organization\",\"@id\":\"https:\/\/fonsvinum.com\/en\/#organization\",\"name\":\"Fons Vinum\",\"url\":\"https:\/\/fonsvinum.com\/en\/\",\"logo\":{\"@type\":\"ImageObject\",\"inLanguage\":\"de\",\"@id\":\"https:\/\/fonsvinum.com\/en\/#\/schema\/logo\/image\/\",\"url\":\"\",\"contentUrl\":\"\",\"caption\":\"Fons Vinum\"},\"image\":{\"@id\":\"https:\/\/fonsvinum.com\/en\/#\/schema\/logo\/image\/\"}}]}<\/script>\n<!-- \/ Yoast SEO plugin. -->","yoast_head_json":{"title":"Barolo Monfalletto CORDERO DI MONTEZEMOLO 2015- Fons Vinum","description":"Barolo Monfalletto CORDERO DI MONTEZEMOLO 2015 -Fons Vinum-","robots":{"index":"index","follow":"follow","max-snippet":"max-snippet:-1","max-image-preview":"max-image-preview:large","max-video-preview":"max-video-preview:-1"},"canonical":"https:\/\/fonsvinum.com\/de\/produkt\/barolo-monfalletto-cordero-di-montezemolo-2015\/","og_locale":"de_DE","og_type":"article","og_title":"Barolo Monfalletto CORDERO DI MONTEZEMOLO 2015- Fons Vinum","og_description":"Barolo Monfalletto CORDERO DI MONTEZEMOLO 2015 -Fons Vinum-","og_url":"https:\/\/fonsvinum.com\/de\/produkt\/barolo-monfalletto-cordero-di-montezemolo-2015\/","og_site_name":"Fons Vinum","article_modified_time":"2020-02-26T09:12:22+00:00","og_image":[{"width":160,"height":600,"url":"https:\/\/fonsvinum.com\/files\/2013\/06\/barolo_monfalletto-cordero-montezemolo.jpg","type":"image\/jpeg"}],"twitter_misc":{"Gesch\u00e4tzte Lesezeit":"3\u00a0Minuten"},"schema":{"@context":"https:\/\/schema.org","@graph":[{"@type":"WebPage","@id":"https:\/\/fonsvinum.com\/de\/produkt\/barolo-monfalletto-cordero-di-montezemolo-2015\/","url":"https:\/\/fonsvinum.com\/de\/produkt\/barolo-monfalletto-cordero-di-montezemolo-2015\/","name":"Barolo Monfalletto CORDERO DI MONTEZEMOLO 2015- Fons Vinum","isPartOf":{"@id":"https:\/\/fonsvinum.com\/en\/#website"},"primaryImageOfPage":{"@id":"https:\/\/fonsvinum.com\/de\/produkt\/barolo-monfalletto-cordero-di-montezemolo-2015\/#primaryimage"},"image":{"@id":"https:\/\/fonsvinum.com\/de\/produkt\/barolo-monfalletto-cordero-di-montezemolo-2015\/#primaryimage"},"thumbnailUrl":"https:\/\/fonsvinum.com\/files\/2013\/06\/barolo_monfalletto-cordero-montezemolo.jpg","datePublished":"2020-02-26T08:27:12+00:00","dateModified":"2020-02-26T09:12:22+00:00","description":"Barolo Monfalletto CORDERO DI MONTEZEMOLO 2015 -Fons Vinum-","breadcrumb":{"@id":"https:\/\/fonsvinum.com\/de\/produkt\/barolo-monfalletto-cordero-di-montezemolo-2015\/#breadcrumb"},"inLanguage":"de","potentialAction":[{"@type":"ReadAction","target":["https:\/\/fonsvinum.com\/de\/produkt\/barolo-monfalletto-cordero-di-montezemolo-2015\/"]}]},{"@type":"ImageObject","inLanguage":"de","@id":"https:\/\/fonsvinum.com\/de\/produkt\/barolo-monfalletto-cordero-di-montezemolo-2015\/#primaryimage","url":"https:\/\/fonsvinum.com\/files\/2013\/06\/barolo_monfalletto-cordero-montezemolo.jpg","contentUrl":"https:\/\/fonsvinum.com\/files\/2013\/06\/barolo_monfalletto-cordero-montezemolo.jpg","width":160,"height":600},{"@type":"BreadcrumbList","@id":"https:\/\/fonsvinum.com\/de\/produkt\/barolo-monfalletto-cordero-di-montezemolo-2015\/#breadcrumb","itemListElement":[{"@type":"ListItem","position":1,"name":"Startseite","item":"https:\/\/fonsvinum.com\/de\/"},{"@type":"ListItem","position":2,"name":"Shop","item":"https:\/\/fonsvinum.com\/de\/shop\/"},{"@type":"ListItem","position":3,"name":"Barolo Monfalletto CORDERO DI MONTEZEMOLO 2015"}]},{"@type":"WebSite","@id":"https:\/\/fonsvinum.com\/en\/#website","url":"https:\/\/fonsvinum.com\/en\/","name":"Fons Vinum","description":"Vendita Vino Online","publisher":{"@id":"https:\/\/fonsvinum.com\/en\/#organization"},"potentialAction":[{"@type":"SearchAction","target":{"@type":"EntryPoint","urlTemplate":"https:\/\/fonsvinum.com\/en\/?s={search_term_string}"},"query-input":{"@type":"PropertyValueSpecification","valueRequired":true,"valueName":"search_term_string"}}],"inLanguage":"de"},{"@type":"Organization","@id":"https:\/\/fonsvinum.com\/en\/#organization","name":"Fons Vinum","url":"https:\/\/fonsvinum.com\/en\/","logo":{"@type":"ImageObject","inLanguage":"de","@id":"https:\/\/fonsvinum.com\/en\/#\/schema\/logo\/image\/","url":"","contentUrl":"","caption":"Fons Vinum"},"image":{"@id":"https:\/\/fonsvinum.com\/en\/#\/schema\/logo\/image\/"}}]}},"acf":[],"_links":{"self":[{"href":"https:\/\/fonsvinum.com\/de\/wp-json\/wp\/v2\/product\/22470","targetHints":{"allow":["GET"]}}],"collection":[{"href":"https:\/\/fonsvinum.com\/de\/wp-json\/wp\/v2\/product"}],"about":[{"href":"https:\/\/fonsvinum.com\/de\/wp-json\/wp\/v2\/types\/product"}],"replies":[{"embeddable":true,"href":"https:\/\/fonsvinum.com\/de\/wp-json\/wp\/v2\/comments?post=22470"}],"wp:featuredmedia":[{"embeddable":true,"href":"https:\/\/fonsvinum.com\/de\/wp-json\/wp\/v2\/media\/6148"}],"wp:attachment":[{"href":"https:\/\/fonsvinum.com\/de\/wp-json\/wp\/v2\/media?parent=22470"}],"wp:term":[{"taxonomy":"product_brand","embeddable":true,"href":"https:\/\/fonsvinum.com\/de\/wp-json\/wp\/v2\/product_brand?post=22470"},{"taxonomy":"product_cat","embeddable":true,"href":"https:\/\/fonsvinum.com\/de\/wp-json\/wp\/v2\/product_cat?post=22470"},{"taxonomy":"product_tag","embeddable":true,"href":"https:\/\/fonsvinum.com\/de\/wp-json\/wp\/v2\/product_tag?post=22470"}],"curies":[{"name":"wp","href":"https:\/\/api.w.org\/{rel}","templated":true}]}}