{"id":22130,"date":"2020-02-12T10:31:44","date_gmt":"2020-02-12T09:31:44","guid":{"rendered":"https:\/\/fonsvinum.com\/?post_type=product&#038;p=22130"},"modified":"2021-02-11T09:40:06","modified_gmt":"2021-02-11T08:40:06","slug":"marchesi-di-gresy-riserva-camp-gros-martinenga-barbaresco-2014","status":"publish","type":"product","link":"https:\/\/fonsvinum.com\/de\/produkt\/marchesi-di-gresy-riserva-camp-gros-martinenga-barbaresco-2014\/","title":{"rendered":"MARCHESI DI GRESY Riserva Camp Gros Martinenga Barbaresco 2014"},"content":{"rendered":"<h1 style=\"text-align: center\"><a href=\"https:\/\/fonsvinum.com\/de\/?s=MARCHESI+DI+GRESY&amp;post_type=product\">MARCHESI DI GRESY<\/a> Riserva Camp Gros <a href=\"https:\/\/fonsvinum.com\/de\/?s=Martinenga+Barbaresco+MARCHESI+DI+GRESY&amp;post_type=product\">Martinenga Barbaresco<\/a> 2014<\/h1>\n<p>Brillant, typisches eher helles Granatrot mit dezenten orangefarbenen Reflexen intensiv und harmonisch, dicht, elegant, erinnert an Waldbeeren, Amarena,Kirsche, Pflaume, Heu vollmundig, kraftvoll, dicht und vielschichtig, besitzt eine au\u00dfergew\u00f6hnlicheEleganz, sehr fein eingebundenes Holz, hochwertige Tanninstruktur, sehr langer Abgang, perfektes Holz, sehr typisch .Der Weinberg Martinenga ist der gr\u00f6\u00dfte zusammenh\u00e4ngende Weinberg in Barbaresco, der im Alleinbesitz eines Produzenten ist.<\/p>\n<p>In diesem Weinberg gibt es zwei weitere \u00e4u\u00dferst hochwertige Einzellagen &#8211; Camp Gross und Gaiun.<\/p>\n<p>Alkoholgehalt 14,5%<\/p>\n","protected":false},"excerpt":{"rendered":"<p>MARCHESI DI GRESY Riserva Camp Gros Martinenga Barbaresco 2014 Brillant, typisches eher helles Granatrot mit dezenten orangefarbenen Reflexen intensiv und harmonisch, dicht, elegant, erinnert an Waldbeeren, Amarena,Kirsche, Pflaume, Heu vollmundig, kraftvoll, dicht und vielschichtig, besitzt eine au\u00dfergew\u00f6hnlicheEleganz, sehr fein eingebundenes Holz, hochwertige Tanninstruktur, sehr langer Abgang, perfektes Holz, sehr typisch .Der Weinberg Martinenga ist der [&hellip;]<\/p>\n","protected":false},"featured_media":7081,"comment_status":"open","ping_status":"closed","template":"","meta":{"_acf_changed":false,"_monsterinsights_skip_tracking":false,"_monsterinsights_sitenote_active":false,"_monsterinsights_sitenote_note":"","_monsterinsights_sitenote_category":0},"product_brand":[],"product_cat":[1773,2332],"product_tag":[1751,15895],"class_list":{"0":"post-22130","1":"product","2":"type-product","3":"status-publish","4":"has-post-thumbnail","6":"product_cat-barbaresco-de","7":"product_cat-rotweine-de","8":"product_tag-aussergewoehnliche-weine-aus-italien-de","9":"product_tag-barbaresco-de-2","10":"pa_appellation-barbaresco-docg-de","11":"pa_formato-0-75-l-flasche-de","12":"pa_producer-marchesi-di-gresy-de","13":"pa_region-piemont-de","14":"pa_vine-100-nebbiolo-de","15":"pa_vintage-2014-de","17":"first","18":"instock","19":"taxable","20":"shipping-taxable","21":"purchasable","22":"product-type-simple"},"bundled_by":[],"bundle_stock_status":"instock","bundle_stock_quantity":1,"bundle_virtual":false,"bundle_layout":"","bundle_add_to_cart_form_location":"","bundle_editable_in_cart":false,"bundle_sold_individually_context":"","bundle_item_grouping":"","bundle_min_size":"","bundle_max_size":"","bundle_price":[],"bundled_items":[],"bundle_sell_ids":[],"yoast_head":"<!-- This site is optimized with the Yoast SEO plugin v27.2 - https:\/\/yoast.com\/product\/yoast-seo-wordpress\/ -->\n<title>MARCHESI DI GRESY Riserva Camp Gros Martinenga Barbaresco 2014<\/title>\n<meta name=\"description\" content=\"MARCHESI DI GRESY Riserva Camp Gros Martinenga Barbaresco 2014 - Brillant,dicht, elegant, erinnert an Waldbeeren, Amarena,Kirsche, Pflaume\" \/>\n<meta name=\"robots\" content=\"index, follow, max-snippet:-1, max-image-preview:large, max-video-preview:-1\" \/>\n<link rel=\"canonical\" href=\"https:\/\/fonsvinum.com\/de\/produkt\/marchesi-di-gresy-riserva-camp-gros-martinenga-barbaresco-2014\/\" \/>\n<meta property=\"og:locale\" content=\"de_DE\" \/>\n<meta property=\"og:type\" content=\"article\" \/>\n<meta property=\"og:title\" content=\"MARCHESI DI GRESY Riserva Camp Gros Martinenga Barbaresco 2014\" \/>\n<meta property=\"og:description\" content=\"MARCHESI DI GRESY Riserva Camp Gros Martinenga Barbaresco 2014 - Brillant,dicht, elegant, erinnert an Waldbeeren, Amarena,Kirsche, Pflaume\" \/>\n<meta property=\"og:url\" content=\"https:\/\/fonsvinum.com\/de\/produkt\/marchesi-di-gresy-riserva-camp-gros-martinenga-barbaresco-2014\/\" \/>\n<meta property=\"og:site_name\" content=\"Fons Vinum\" \/>\n<meta property=\"article:modified_time\" content=\"2021-02-11T08:40:06+00:00\" \/>\n<meta property=\"og:image\" content=\"https:\/\/fonsvinum.com\/files\/2016\/01\/barbaresco-camp-gros-marchesi-di-gresy.png\" \/>\n\t<meta property=\"og:image:width\" content=\"200\" \/>\n\t<meta property=\"og:image:height\" content=\"600\" \/>\n\t<meta property=\"og:image:type\" content=\"image\/png\" \/>\n<meta name=\"twitter:label1\" content=\"Gesch\u00e4tzte Lesezeit\" \/>\n\t<meta name=\"twitter:data1\" content=\"1\u00a0Minute\" \/>\n<script type=\"application\/ld+json\" class=\"yoast-schema-graph\">{\"@context\":\"https:\/\/schema.org\",\"@graph\":[{\"@type\":\"WebPage\",\"@id\":\"https:\/\/fonsvinum.com\/de\/produkt\/marchesi-di-gresy-riserva-camp-gros-martinenga-barbaresco-2014\/\",\"url\":\"https:\/\/fonsvinum.com\/de\/produkt\/marchesi-di-gresy-riserva-camp-gros-martinenga-barbaresco-2014\/\",\"name\":\"MARCHESI DI GRESY Riserva Camp Gros Martinenga Barbaresco 2014\",\"isPartOf\":{\"@id\":\"https:\/\/fonsvinum.com\/en\/#website\"},\"primaryImageOfPage\":{\"@id\":\"https:\/\/fonsvinum.com\/de\/produkt\/marchesi-di-gresy-riserva-camp-gros-martinenga-barbaresco-2014\/#primaryimage\"},\"image\":{\"@id\":\"https:\/\/fonsvinum.com\/de\/produkt\/marchesi-di-gresy-riserva-camp-gros-martinenga-barbaresco-2014\/#primaryimage\"},\"thumbnailUrl\":\"https:\/\/fonsvinum.com\/files\/2016\/01\/barbaresco-camp-gros-marchesi-di-gresy.png\",\"datePublished\":\"2020-02-12T09:31:44+00:00\",\"dateModified\":\"2021-02-11T08:40:06+00:00\",\"description\":\"MARCHESI DI GRESY Riserva Camp Gros Martinenga Barbaresco 2014 - Brillant,dicht, elegant, erinnert an Waldbeeren, Amarena,Kirsche, Pflaume\",\"breadcrumb\":{\"@id\":\"https:\/\/fonsvinum.com\/de\/produkt\/marchesi-di-gresy-riserva-camp-gros-martinenga-barbaresco-2014\/#breadcrumb\"},\"inLanguage\":\"de\",\"potentialAction\":[{\"@type\":\"ReadAction\",\"target\":[\"https:\/\/fonsvinum.com\/de\/produkt\/marchesi-di-gresy-riserva-camp-gros-martinenga-barbaresco-2014\/\"]}]},{\"@type\":\"ImageObject\",\"inLanguage\":\"de\",\"@id\":\"https:\/\/fonsvinum.com\/de\/produkt\/marchesi-di-gresy-riserva-camp-gros-martinenga-barbaresco-2014\/#primaryimage\",\"url\":\"https:\/\/fonsvinum.com\/files\/2016\/01\/barbaresco-camp-gros-marchesi-di-gresy.png\",\"contentUrl\":\"https:\/\/fonsvinum.com\/files\/2016\/01\/barbaresco-camp-gros-marchesi-di-gresy.png\",\"width\":200,\"height\":600},{\"@type\":\"BreadcrumbList\",\"@id\":\"https:\/\/fonsvinum.com\/de\/produkt\/marchesi-di-gresy-riserva-camp-gros-martinenga-barbaresco-2014\/#breadcrumb\",\"itemListElement\":[{\"@type\":\"ListItem\",\"position\":1,\"name\":\"Startseite\",\"item\":\"https:\/\/fonsvinum.com\/de\/\"},{\"@type\":\"ListItem\",\"position\":2,\"name\":\"Shop\",\"item\":\"https:\/\/fonsvinum.com\/de\/shop\/\"},{\"@type\":\"ListItem\",\"position\":3,\"name\":\"MARCHESI DI GRESY Riserva Camp Gros Martinenga Barbaresco 2014\"}]},{\"@type\":\"WebSite\",\"@id\":\"https:\/\/fonsvinum.com\/en\/#website\",\"url\":\"https:\/\/fonsvinum.com\/en\/\",\"name\":\"Fons Vinum\",\"description\":\"Vendita Vino Online\",\"publisher\":{\"@id\":\"https:\/\/fonsvinum.com\/en\/#organization\"},\"potentialAction\":[{\"@type\":\"SearchAction\",\"target\":{\"@type\":\"EntryPoint\",\"urlTemplate\":\"https:\/\/fonsvinum.com\/en\/?s={search_term_string}\"},\"query-input\":{\"@type\":\"PropertyValueSpecification\",\"valueRequired\":true,\"valueName\":\"search_term_string\"}}],\"inLanguage\":\"de\"},{\"@type\":\"Organization\",\"@id\":\"https:\/\/fonsvinum.com\/en\/#organization\",\"name\":\"Fons Vinum\",\"url\":\"https:\/\/fonsvinum.com\/en\/\",\"logo\":{\"@type\":\"ImageObject\",\"inLanguage\":\"de\",\"@id\":\"https:\/\/fonsvinum.com\/en\/#\/schema\/logo\/image\/\",\"url\":\"\",\"contentUrl\":\"\",\"caption\":\"Fons Vinum\"},\"image\":{\"@id\":\"https:\/\/fonsvinum.com\/en\/#\/schema\/logo\/image\/\"}}]}<\/script>\n<!-- \/ Yoast SEO plugin. -->","yoast_head_json":{"title":"MARCHESI DI GRESY Riserva Camp Gros Martinenga Barbaresco 2014","description":"MARCHESI DI GRESY Riserva Camp Gros Martinenga Barbaresco 2014 - Brillant,dicht, elegant, erinnert an Waldbeeren, Amarena,Kirsche, Pflaume","robots":{"index":"index","follow":"follow","max-snippet":"max-snippet:-1","max-image-preview":"max-image-preview:large","max-video-preview":"max-video-preview:-1"},"canonical":"https:\/\/fonsvinum.com\/de\/produkt\/marchesi-di-gresy-riserva-camp-gros-martinenga-barbaresco-2014\/","og_locale":"de_DE","og_type":"article","og_title":"MARCHESI DI GRESY Riserva Camp Gros Martinenga Barbaresco 2014","og_description":"MARCHESI DI GRESY Riserva Camp Gros Martinenga Barbaresco 2014 - Brillant,dicht, elegant, erinnert an Waldbeeren, Amarena,Kirsche, Pflaume","og_url":"https:\/\/fonsvinum.com\/de\/produkt\/marchesi-di-gresy-riserva-camp-gros-martinenga-barbaresco-2014\/","og_site_name":"Fons Vinum","article_modified_time":"2021-02-11T08:40:06+00:00","og_image":[{"width":200,"height":600,"url":"https:\/\/fonsvinum.com\/files\/2016\/01\/barbaresco-camp-gros-marchesi-di-gresy.png","type":"image\/png"}],"twitter_misc":{"Gesch\u00e4tzte Lesezeit":"1\u00a0Minute"},"schema":{"@context":"https:\/\/schema.org","@graph":[{"@type":"WebPage","@id":"https:\/\/fonsvinum.com\/de\/produkt\/marchesi-di-gresy-riserva-camp-gros-martinenga-barbaresco-2014\/","url":"https:\/\/fonsvinum.com\/de\/produkt\/marchesi-di-gresy-riserva-camp-gros-martinenga-barbaresco-2014\/","name":"MARCHESI DI GRESY Riserva Camp Gros Martinenga Barbaresco 2014","isPartOf":{"@id":"https:\/\/fonsvinum.com\/en\/#website"},"primaryImageOfPage":{"@id":"https:\/\/fonsvinum.com\/de\/produkt\/marchesi-di-gresy-riserva-camp-gros-martinenga-barbaresco-2014\/#primaryimage"},"image":{"@id":"https:\/\/fonsvinum.com\/de\/produkt\/marchesi-di-gresy-riserva-camp-gros-martinenga-barbaresco-2014\/#primaryimage"},"thumbnailUrl":"https:\/\/fonsvinum.com\/files\/2016\/01\/barbaresco-camp-gros-marchesi-di-gresy.png","datePublished":"2020-02-12T09:31:44+00:00","dateModified":"2021-02-11T08:40:06+00:00","description":"MARCHESI DI GRESY Riserva Camp Gros Martinenga Barbaresco 2014 - Brillant,dicht, elegant, erinnert an Waldbeeren, Amarena,Kirsche, Pflaume","breadcrumb":{"@id":"https:\/\/fonsvinum.com\/de\/produkt\/marchesi-di-gresy-riserva-camp-gros-martinenga-barbaresco-2014\/#breadcrumb"},"inLanguage":"de","potentialAction":[{"@type":"ReadAction","target":["https:\/\/fonsvinum.com\/de\/produkt\/marchesi-di-gresy-riserva-camp-gros-martinenga-barbaresco-2014\/"]}]},{"@type":"ImageObject","inLanguage":"de","@id":"https:\/\/fonsvinum.com\/de\/produkt\/marchesi-di-gresy-riserva-camp-gros-martinenga-barbaresco-2014\/#primaryimage","url":"https:\/\/fonsvinum.com\/files\/2016\/01\/barbaresco-camp-gros-marchesi-di-gresy.png","contentUrl":"https:\/\/fonsvinum.com\/files\/2016\/01\/barbaresco-camp-gros-marchesi-di-gresy.png","width":200,"height":600},{"@type":"BreadcrumbList","@id":"https:\/\/fonsvinum.com\/de\/produkt\/marchesi-di-gresy-riserva-camp-gros-martinenga-barbaresco-2014\/#breadcrumb","itemListElement":[{"@type":"ListItem","position":1,"name":"Startseite","item":"https:\/\/fonsvinum.com\/de\/"},{"@type":"ListItem","position":2,"name":"Shop","item":"https:\/\/fonsvinum.com\/de\/shop\/"},{"@type":"ListItem","position":3,"name":"MARCHESI DI GRESY Riserva Camp Gros Martinenga Barbaresco 2014"}]},{"@type":"WebSite","@id":"https:\/\/fonsvinum.com\/en\/#website","url":"https:\/\/fonsvinum.com\/en\/","name":"Fons Vinum","description":"Vendita Vino Online","publisher":{"@id":"https:\/\/fonsvinum.com\/en\/#organization"},"potentialAction":[{"@type":"SearchAction","target":{"@type":"EntryPoint","urlTemplate":"https:\/\/fonsvinum.com\/en\/?s={search_term_string}"},"query-input":{"@type":"PropertyValueSpecification","valueRequired":true,"valueName":"search_term_string"}}],"inLanguage":"de"},{"@type":"Organization","@id":"https:\/\/fonsvinum.com\/en\/#organization","name":"Fons Vinum","url":"https:\/\/fonsvinum.com\/en\/","logo":{"@type":"ImageObject","inLanguage":"de","@id":"https:\/\/fonsvinum.com\/en\/#\/schema\/logo\/image\/","url":"","contentUrl":"","caption":"Fons Vinum"},"image":{"@id":"https:\/\/fonsvinum.com\/en\/#\/schema\/logo\/image\/"}}]}},"acf":[],"_links":{"self":[{"href":"https:\/\/fonsvinum.com\/de\/wp-json\/wp\/v2\/product\/22130","targetHints":{"allow":["GET"]}}],"collection":[{"href":"https:\/\/fonsvinum.com\/de\/wp-json\/wp\/v2\/product"}],"about":[{"href":"https:\/\/fonsvinum.com\/de\/wp-json\/wp\/v2\/types\/product"}],"replies":[{"embeddable":true,"href":"https:\/\/fonsvinum.com\/de\/wp-json\/wp\/v2\/comments?post=22130"}],"wp:featuredmedia":[{"embeddable":true,"href":"https:\/\/fonsvinum.com\/de\/wp-json\/wp\/v2\/media\/7081"}],"wp:attachment":[{"href":"https:\/\/fonsvinum.com\/de\/wp-json\/wp\/v2\/media?parent=22130"}],"wp:term":[{"taxonomy":"product_brand","embeddable":true,"href":"https:\/\/fonsvinum.com\/de\/wp-json\/wp\/v2\/product_brand?post=22130"},{"taxonomy":"product_cat","embeddable":true,"href":"https:\/\/fonsvinum.com\/de\/wp-json\/wp\/v2\/product_cat?post=22130"},{"taxonomy":"product_tag","embeddable":true,"href":"https:\/\/fonsvinum.com\/de\/wp-json\/wp\/v2\/product_tag?post=22130"}],"curies":[{"name":"wp","href":"https:\/\/api.w.org\/{rel}","templated":true}]}}