{"id":22118,"date":"2020-02-12T10:05:10","date_gmt":"2020-02-12T09:05:10","guid":{"rendered":"https:\/\/fonsvinum.com\/?post_type=product&#038;p=22118"},"modified":"2020-02-12T10:09:15","modified_gmt":"2020-02-12T09:09:15","slug":"barolo-2015-parafada-massolino-magnum","status":"publish","type":"product","link":"https:\/\/fonsvinum.com\/de\/produkt\/barolo-2015-parafada-massolino-magnum\/","title":{"rendered":"Barolo 2015 Parafada Massolino Magnum"},"content":{"rendered":"<h1>Barolo 2015 Parafada Massolino MAGNUM<\/h1>\n<h2><a href=\"http:\/\/www.massolino.it\/de\/\">MASSOLINO<\/a><\/h2>\n<p>Die GESCHICHTE der Familie Massolino und ihrer Weine verbindet sich mit der Geschichte von Serralunga d\u2019Alba im Jahre 1896, als Giovanni das Unternehmen gr\u00fcndete. GIOVANNI war der erste, der den elektrischen Strom und den Dampfdrescher in das Dorf brachte. Ein unternehmungsfreudiger, HARTN\u00c4CKIGER und KREATIVER Mann, Oberhaupt einer Familie, die aus der Verm\u00e4hlung zwischen Inspiration und Tradition einen Grund des STOLZES schaffte.<\/p>\n<h3>Familie<\/h3>\n<p>Der erste Keller wurde von Giuseppe, Sohn des Gr\u00fcnders Giovanni, gebaut, der zusammen mit seiner Schwester Angela den Besitz auf die besten Grundst\u00fccke ausdehnte und 1934 zu den Gr\u00fcndern der Genossenschaft zum Schutz des Barolo und Barbaresco geh\u00f6rte. Damals z\u00e4hlten zur Familie von Giuseppe sechs Kinder. Drei davon, Giovanni, Camilla und Renato traten in die Fu\u00dfstapfen des Vaters und bewirkten eine Wende des Unternehmens durch den Erwerb von drei Einzellagen, bei denen es sich um regelrechte Schmuckst\u00fccke handelte:Margheria, Parafada und Vigna Rionda.<\/p>\n<h3>Philosophie<\/h3>\n<p>Wein produzieren mit Leidenschaft, in dessen Ursprungsgebiet, unter Bewahrung der TYPIZIT\u00c4T der autochthonen Rebsorten, in der \u00dcberzeugung, dass zwischen den Reben, den H\u00fcgeln und den Winzern eine tiefe und tastbare Verbundenheit existiert, bestehend aus einer durch die Vertrautheit zu denselben St\u00e4tten gefestigten Affinit\u00e4t. Seit 1896 erzeugt die Familie Massolino auf diese Weise ihre Weine, GETREU dieser Philosophie und getreu der F\u00e4higkeit zu Innovationen im Zeichen der TRADITION.<br \/>\nAlso im Grunde genommen: sich selbst getreu.<\/p>\n<h2>BAROLO PARAFADA<\/h2>\n<h5 class=\"upp spaz_sotto piccolize\">DEGUSTATIONSMERKMALE<\/h5>\n<p><strong>Auge:<\/strong>intensives und leuchtendes Granatrot, das sich nat\u00fcrlich mit dem Reifeprozess ver\u00e4ndert.<br \/>\n<strong>Nase:<\/strong>\u00a0tief, sehr vielschichtig, bietet zahlreiche Aromen, unter denen die Ankl\u00e4nge an rote Fr\u00fcchte in Verbindung mit blumigen und w\u00fcrzigen Noten \u00fcberwiegen. Unverkennbar die Eleganz und Raffinesse des Nebbiolo, die sich mit zunehmendem Alter steigern.<br \/>\n<strong>Gaumen:<\/strong>\u00a0kraftvoll, reichhaltig und majest\u00e4tisch bringt dieser Barolo in au\u00dfergew\u00f6hnlicher Weise die gro\u00dfartige Komplexit\u00e4t der B\u00f6den von Serralunga d\u2019Alba zum Ausdruck; ein perfekter Wein f\u00fcr eine lange Lagerung.<\/p>\n<p>Wir empfehlen, den Wein in eine Karaffe umzuf\u00fcllen und mit einer Temperatur von\u00a0<b>18-20 \u00b0C<\/b>\u00a0zu genie\u00dfen.<\/p>\n<p>Ein eleganter Begleiter zu erlesenen Gerichten wie Risotto an Barolo und zu reichhaltigen und kr\u00e4ftigen Fleischgerichten. Nach einigen Jahren der Reifung kann er sein beachtenswertes Potenzial ebenfalls gut zum Ausdruck bringen, wenn er als \u201eMeditationswein\u201c und in Begleitung fester oder mittelfester K\u00e4se genossen wird.<\/p>\n","protected":false},"excerpt":{"rendered":"<p>Barolo 2015 Parafada Massolino MAGNUM MASSOLINO Die GESCHICHTE der Familie Massolino und ihrer Weine verbindet sich mit der Geschichte von Serralunga d\u2019Alba im Jahre 1896, als Giovanni das Unternehmen gr\u00fcndete. GIOVANNI war der erste, der den elektrischen Strom und den Dampfdrescher in das Dorf brachte. Ein unternehmungsfreudiger, HARTN\u00c4CKIGER und KREATIVER Mann, Oberhaupt einer Familie, die [&hellip;]<\/p>\n","protected":false},"featured_media":34976,"comment_status":"open","ping_status":"closed","template":"","meta":{"_acf_changed":false,"_monsterinsights_skip_tracking":false,"_monsterinsights_sitenote_active":false,"_monsterinsights_sitenote_note":"","_monsterinsights_sitenote_category":0},"product_brand":[],"product_cat":[1824,2332],"product_tag":[1733,15903,17732],"class_list":{"0":"post-22118","1":"product","2":"type-product","3":"status-publish","4":"has-post-thumbnail","6":"product_cat-barolo-de","7":"product_cat-rotweine-de","8":"product_tag-aussergewoehnliche-weine-de","9":"product_tag-barolo-de","10":"product_tag-magnum-de","11":"pa_appellation-barolo-docg-de","12":"pa_formato-1-50-l-flasche-de","13":"pa_producer-massolino-de","14":"pa_region-piemont-de","15":"pa_vine-100-nebbiolo-de","16":"pa_vintage-2015-de","18":"first","19":"outofstock","20":"taxable","21":"shipping-taxable","22":"purchasable","23":"product-type-simple"},"bundled_by":[],"bundle_stock_status":"outofstock","bundle_stock_quantity":0,"bundle_virtual":false,"bundle_layout":"","bundle_add_to_cart_form_location":"","bundle_editable_in_cart":false,"bundle_sold_individually_context":"","bundle_item_grouping":"","bundle_min_size":"","bundle_max_size":"","bundle_price":[],"bundled_items":[],"bundle_sell_ids":[],"yoast_head":"<!-- This site is optimized with the Yoast SEO plugin v27.2 - https:\/\/yoast.com\/product\/yoast-seo-wordpress\/ -->\n<title>Buy Barolo 2015 Parafada Massolino Magnum to FONS VINUM<\/title>\n<meta name=\"description\" content=\"Barolo 2015 Parafada Massolino Magnum - DER WEIN, SEIN BODEN, EINE FAMILIE, 100 JAHRE ARBEIT, VIER GENERATIONEN UND EINE GROSSE LIEBE ZUM EIGENEN LAND.\" \/>\n<meta name=\"robots\" content=\"index, follow, max-snippet:-1, max-image-preview:large, max-video-preview:-1\" \/>\n<link rel=\"canonical\" href=\"https:\/\/fonsvinum.com\/de\/produkt\/barolo-2015-parafada-massolino-magnum\/\" \/>\n<meta property=\"og:locale\" content=\"de_DE\" \/>\n<meta property=\"og:type\" content=\"article\" \/>\n<meta property=\"og:title\" content=\"Buy Barolo 2015 Parafada Massolino Magnum to FONS VINUM\" \/>\n<meta property=\"og:description\" content=\"Barolo 2015 Parafada Massolino Magnum - DER WEIN, SEIN BODEN, EINE FAMILIE, 100 JAHRE ARBEIT, VIER GENERATIONEN UND EINE GROSSE LIEBE ZUM EIGENEN LAND.\" \/>\n<meta property=\"og:url\" content=\"https:\/\/fonsvinum.com\/de\/produkt\/barolo-2015-parafada-massolino-magnum\/\" \/>\n<meta property=\"og:site_name\" content=\"Fons Vinum\" \/>\n<meta property=\"article:modified_time\" content=\"2020-02-12T09:09:15+00:00\" \/>\n<meta property=\"og:image\" content=\"https:\/\/fonsvinum.com\/files\/2021\/09\/massolino-barolo-parafada-1.jpg\" \/>\n\t<meta property=\"og:image:width\" content=\"200\" \/>\n\t<meta property=\"og:image:height\" content=\"600\" \/>\n\t<meta property=\"og:image:type\" content=\"image\/jpeg\" \/>\n<meta name=\"twitter:label1\" content=\"Gesch\u00e4tzte Lesezeit\" \/>\n\t<meta name=\"twitter:data1\" content=\"2\u00a0Minuten\" \/>\n<script type=\"application\/ld+json\" class=\"yoast-schema-graph\">{\"@context\":\"https:\/\/schema.org\",\"@graph\":[{\"@type\":\"WebPage\",\"@id\":\"https:\/\/fonsvinum.com\/de\/produkt\/barolo-2015-parafada-massolino-magnum\/\",\"url\":\"https:\/\/fonsvinum.com\/de\/produkt\/barolo-2015-parafada-massolino-magnum\/\",\"name\":\"Buy Barolo 2015 Parafada Massolino Magnum to FONS VINUM\",\"isPartOf\":{\"@id\":\"https:\/\/fonsvinum.com\/en\/#website\"},\"primaryImageOfPage\":{\"@id\":\"https:\/\/fonsvinum.com\/de\/produkt\/barolo-2015-parafada-massolino-magnum\/#primaryimage\"},\"image\":{\"@id\":\"https:\/\/fonsvinum.com\/de\/produkt\/barolo-2015-parafada-massolino-magnum\/#primaryimage\"},\"thumbnailUrl\":\"https:\/\/fonsvinum.com\/files\/2021\/09\/massolino-barolo-parafada-1.jpg\",\"datePublished\":\"2020-02-12T09:05:10+00:00\",\"dateModified\":\"2020-02-12T09:09:15+00:00\",\"description\":\"Barolo 2015 Parafada Massolino Magnum - DER WEIN, SEIN BODEN, EINE FAMILIE, 100 JAHRE ARBEIT, VIER GENERATIONEN UND EINE GROSSE LIEBE ZUM EIGENEN LAND.\",\"breadcrumb\":{\"@id\":\"https:\/\/fonsvinum.com\/de\/produkt\/barolo-2015-parafada-massolino-magnum\/#breadcrumb\"},\"inLanguage\":\"de\",\"potentialAction\":[{\"@type\":\"ReadAction\",\"target\":[\"https:\/\/fonsvinum.com\/de\/produkt\/barolo-2015-parafada-massolino-magnum\/\"]}]},{\"@type\":\"ImageObject\",\"inLanguage\":\"de\",\"@id\":\"https:\/\/fonsvinum.com\/de\/produkt\/barolo-2015-parafada-massolino-magnum\/#primaryimage\",\"url\":\"https:\/\/fonsvinum.com\/files\/2021\/09\/massolino-barolo-parafada-1.jpg\",\"contentUrl\":\"https:\/\/fonsvinum.com\/files\/2021\/09\/massolino-barolo-parafada-1.jpg\",\"width\":200,\"height\":600},{\"@type\":\"BreadcrumbList\",\"@id\":\"https:\/\/fonsvinum.com\/de\/produkt\/barolo-2015-parafada-massolino-magnum\/#breadcrumb\",\"itemListElement\":[{\"@type\":\"ListItem\",\"position\":1,\"name\":\"Startseite\",\"item\":\"https:\/\/fonsvinum.com\/de\/\"},{\"@type\":\"ListItem\",\"position\":2,\"name\":\"Shop\",\"item\":\"https:\/\/fonsvinum.com\/de\/shop\/\"},{\"@type\":\"ListItem\",\"position\":3,\"name\":\"Barolo 2015 Parafada Massolino Magnum\"}]},{\"@type\":\"WebSite\",\"@id\":\"https:\/\/fonsvinum.com\/en\/#website\",\"url\":\"https:\/\/fonsvinum.com\/en\/\",\"name\":\"Fons Vinum\",\"description\":\"Vendita Vino Online\",\"publisher\":{\"@id\":\"https:\/\/fonsvinum.com\/en\/#organization\"},\"potentialAction\":[{\"@type\":\"SearchAction\",\"target\":{\"@type\":\"EntryPoint\",\"urlTemplate\":\"https:\/\/fonsvinum.com\/en\/?s={search_term_string}\"},\"query-input\":{\"@type\":\"PropertyValueSpecification\",\"valueRequired\":true,\"valueName\":\"search_term_string\"}}],\"inLanguage\":\"de\"},{\"@type\":\"Organization\",\"@id\":\"https:\/\/fonsvinum.com\/en\/#organization\",\"name\":\"Fons Vinum\",\"url\":\"https:\/\/fonsvinum.com\/en\/\",\"logo\":{\"@type\":\"ImageObject\",\"inLanguage\":\"de\",\"@id\":\"https:\/\/fonsvinum.com\/en\/#\/schema\/logo\/image\/\",\"url\":\"\",\"contentUrl\":\"\",\"caption\":\"Fons Vinum\"},\"image\":{\"@id\":\"https:\/\/fonsvinum.com\/en\/#\/schema\/logo\/image\/\"}}]}<\/script>\n<!-- \/ Yoast SEO plugin. -->","yoast_head_json":{"title":"Buy Barolo 2015 Parafada Massolino Magnum to FONS VINUM","description":"Barolo 2015 Parafada Massolino Magnum - DER WEIN, SEIN BODEN, EINE FAMILIE, 100 JAHRE ARBEIT, VIER GENERATIONEN UND EINE GROSSE LIEBE ZUM EIGENEN LAND.","robots":{"index":"index","follow":"follow","max-snippet":"max-snippet:-1","max-image-preview":"max-image-preview:large","max-video-preview":"max-video-preview:-1"},"canonical":"https:\/\/fonsvinum.com\/de\/produkt\/barolo-2015-parafada-massolino-magnum\/","og_locale":"de_DE","og_type":"article","og_title":"Buy Barolo 2015 Parafada Massolino Magnum to FONS VINUM","og_description":"Barolo 2015 Parafada Massolino Magnum - DER WEIN, SEIN BODEN, EINE FAMILIE, 100 JAHRE ARBEIT, VIER GENERATIONEN UND EINE GROSSE LIEBE ZUM EIGENEN LAND.","og_url":"https:\/\/fonsvinum.com\/de\/produkt\/barolo-2015-parafada-massolino-magnum\/","og_site_name":"Fons Vinum","article_modified_time":"2020-02-12T09:09:15+00:00","og_image":[{"width":200,"height":600,"url":"https:\/\/fonsvinum.com\/files\/2021\/09\/massolino-barolo-parafada-1.jpg","type":"image\/jpeg"}],"twitter_misc":{"Gesch\u00e4tzte Lesezeit":"2\u00a0Minuten"},"schema":{"@context":"https:\/\/schema.org","@graph":[{"@type":"WebPage","@id":"https:\/\/fonsvinum.com\/de\/produkt\/barolo-2015-parafada-massolino-magnum\/","url":"https:\/\/fonsvinum.com\/de\/produkt\/barolo-2015-parafada-massolino-magnum\/","name":"Buy Barolo 2015 Parafada Massolino Magnum to FONS VINUM","isPartOf":{"@id":"https:\/\/fonsvinum.com\/en\/#website"},"primaryImageOfPage":{"@id":"https:\/\/fonsvinum.com\/de\/produkt\/barolo-2015-parafada-massolino-magnum\/#primaryimage"},"image":{"@id":"https:\/\/fonsvinum.com\/de\/produkt\/barolo-2015-parafada-massolino-magnum\/#primaryimage"},"thumbnailUrl":"https:\/\/fonsvinum.com\/files\/2021\/09\/massolino-barolo-parafada-1.jpg","datePublished":"2020-02-12T09:05:10+00:00","dateModified":"2020-02-12T09:09:15+00:00","description":"Barolo 2015 Parafada Massolino Magnum - DER WEIN, SEIN BODEN, EINE FAMILIE, 100 JAHRE ARBEIT, VIER GENERATIONEN UND EINE GROSSE LIEBE ZUM EIGENEN LAND.","breadcrumb":{"@id":"https:\/\/fonsvinum.com\/de\/produkt\/barolo-2015-parafada-massolino-magnum\/#breadcrumb"},"inLanguage":"de","potentialAction":[{"@type":"ReadAction","target":["https:\/\/fonsvinum.com\/de\/produkt\/barolo-2015-parafada-massolino-magnum\/"]}]},{"@type":"ImageObject","inLanguage":"de","@id":"https:\/\/fonsvinum.com\/de\/produkt\/barolo-2015-parafada-massolino-magnum\/#primaryimage","url":"https:\/\/fonsvinum.com\/files\/2021\/09\/massolino-barolo-parafada-1.jpg","contentUrl":"https:\/\/fonsvinum.com\/files\/2021\/09\/massolino-barolo-parafada-1.jpg","width":200,"height":600},{"@type":"BreadcrumbList","@id":"https:\/\/fonsvinum.com\/de\/produkt\/barolo-2015-parafada-massolino-magnum\/#breadcrumb","itemListElement":[{"@type":"ListItem","position":1,"name":"Startseite","item":"https:\/\/fonsvinum.com\/de\/"},{"@type":"ListItem","position":2,"name":"Shop","item":"https:\/\/fonsvinum.com\/de\/shop\/"},{"@type":"ListItem","position":3,"name":"Barolo 2015 Parafada Massolino Magnum"}]},{"@type":"WebSite","@id":"https:\/\/fonsvinum.com\/en\/#website","url":"https:\/\/fonsvinum.com\/en\/","name":"Fons Vinum","description":"Vendita Vino Online","publisher":{"@id":"https:\/\/fonsvinum.com\/en\/#organization"},"potentialAction":[{"@type":"SearchAction","target":{"@type":"EntryPoint","urlTemplate":"https:\/\/fonsvinum.com\/en\/?s={search_term_string}"},"query-input":{"@type":"PropertyValueSpecification","valueRequired":true,"valueName":"search_term_string"}}],"inLanguage":"de"},{"@type":"Organization","@id":"https:\/\/fonsvinum.com\/en\/#organization","name":"Fons Vinum","url":"https:\/\/fonsvinum.com\/en\/","logo":{"@type":"ImageObject","inLanguage":"de","@id":"https:\/\/fonsvinum.com\/en\/#\/schema\/logo\/image\/","url":"","contentUrl":"","caption":"Fons Vinum"},"image":{"@id":"https:\/\/fonsvinum.com\/en\/#\/schema\/logo\/image\/"}}]}},"acf":[],"_links":{"self":[{"href":"https:\/\/fonsvinum.com\/de\/wp-json\/wp\/v2\/product\/22118","targetHints":{"allow":["GET"]}}],"collection":[{"href":"https:\/\/fonsvinum.com\/de\/wp-json\/wp\/v2\/product"}],"about":[{"href":"https:\/\/fonsvinum.com\/de\/wp-json\/wp\/v2\/types\/product"}],"replies":[{"embeddable":true,"href":"https:\/\/fonsvinum.com\/de\/wp-json\/wp\/v2\/comments?post=22118"}],"wp:featuredmedia":[{"embeddable":true,"href":"https:\/\/fonsvinum.com\/de\/wp-json\/wp\/v2\/media\/34976"}],"wp:attachment":[{"href":"https:\/\/fonsvinum.com\/de\/wp-json\/wp\/v2\/media?parent=22118"}],"wp:term":[{"taxonomy":"product_brand","embeddable":true,"href":"https:\/\/fonsvinum.com\/de\/wp-json\/wp\/v2\/product_brand?post=22118"},{"taxonomy":"product_cat","embeddable":true,"href":"https:\/\/fonsvinum.com\/de\/wp-json\/wp\/v2\/product_cat?post=22118"},{"taxonomy":"product_tag","embeddable":true,"href":"https:\/\/fonsvinum.com\/de\/wp-json\/wp\/v2\/product_tag?post=22118"}],"curies":[{"name":"wp","href":"https:\/\/api.w.org\/{rel}","templated":true}]}}