{"id":22076,"date":"2020-02-11T09:42:05","date_gmt":"2020-02-11T08:42:05","guid":{"rendered":"https:\/\/fonsvinum.com\/?post_type=product&#038;p=22076"},"modified":"2020-02-11T10:32:03","modified_gmt":"2020-02-11T09:32:03","slug":"barolo-parussi-2015-massolino","status":"publish","type":"product","link":"https:\/\/fonsvinum.com\/de\/produkt\/barolo-parussi-2015-massolino\/","title":{"rendered":"Barolo Parussi 2015 Massolino"},"content":{"rendered":"<h1>Barolo Parussi 2015 Massolino<\/h1>\n<h2><a href=\"http:\/\/www.massolino.it\/de\/\">MASSOLINO<\/a><\/h2>\n<p>Die GESCHICHTE der Familie Massolino und ihrer Weine verbindet sich mit der Geschichte von Serralunga d\u2019Alba im Jahre 1896, als Giovanni das Unternehmen gr\u00fcndete. GIOVANNI war der erste, der den elektrischen Strom und den Dampfdrescher in das Dorf brachte. Ein unternehmungsfreudiger, HARTN\u00c4CKIGER und KREATIVER Mann, Oberhaupt einer Familie, die aus der Verm\u00e4hlung zwischen Inspiration und Tradition einen Grund des STOLZES schaffte.<\/p>\n<h3>Familie<\/h3>\n<p>Der erste Keller wurde von Giuseppe, Sohn des Gr\u00fcnders Giovanni, gebaut, der zusammen mit seiner Schwester Angela den Besitz auf die besten Grundst\u00fccke ausdehnte und 1934 zu den Gr\u00fcndern der Genossenschaft zum Schutz des Barolo und Barbaresco geh\u00f6rte. Damals z\u00e4hlten zur Familie von Giuseppe sechs Kinder. Drei davon, Giovanni, Camilla und Renato traten in die Fu\u00dfstapfen des Vaters und bewirkten eine Wende des Unternehmens durch den Erwerb von drei Einzellagen, bei denen es sich um regelrechte Schmuckst\u00fccke handelte:Margheria, Parafada und Vigna Rionda.<\/p>\n<h3>Philosophie<\/h3>\n<p>Wein produzieren mit Leidenschaft, in dessen Ursprungsgebiet, unter Bewahrung der TYPIZIT\u00c4T der autochthonen Rebsorten, in der \u00dcberzeugung, dass zwischen den Reben, den H\u00fcgeln und den Winzern eine tiefe und tastbare Verbundenheit existiert, bestehend aus einer durch die Vertrautheit zu denselben St\u00e4tten gefestigten Affinit\u00e4t. Seit 1896 erzeugt die Familie Massolino auf diese Weise ihre Weine, GETREU dieser Philosophie und getreu der F\u00e4higkeit zu Innovationen im Zeichen der TRADITION.<br \/>\nAlso im Grunde genommen: sich selbst getreu.<\/p>\n<h2>BAROLO PARUSSI<\/h2>\n<div id=\"realBody\">\n<div id=\"wine_content_cont\">\n<div id=\"wine_content\">\n<div id=\"wine-slider\" class=\"royalSlider contentSlider rsWine rsAutoHeight rsHor rsFade rsWebkit3d\">\n<div class=\"rsOverflow\">\n<div class=\"rsContainer\">\n<div class=\"rsSlide \">\n<div id=\"schedavino\">\n<h1>Barolo Docg Parussi<\/h1>\n<\/div>\n<\/div>\n<\/div>\n<\/div>\n<div class=\"rsNav rsTabs\">\n<div class=\"rsNavItem rsTab\">\n<h5 class=\"upp spaz_sotto piccolize\">DEGUSTATIONSMERKMALE<\/h5>\n<p><strong>Auge:<\/strong>\u00a0Intensives Granatrot.<br \/>\n<strong>Nase:<\/strong>\u00a0\u00c4therischer und einnehmender Duft mit intensiven und anhaltenden Noten von s\u00fc\u00dfen Gew\u00fcrzen, Sandelholz, Tabak und Leder.<br \/>\n<strong>Gaumen:<\/strong>\u00a0strukturiert und kraftvoll; in den ersten Lebensjahren zeigt er eine gewisse Strenge, die sich mit der Zeit abrundet. Die festen und robusten Tannine belegen seine Langlebigkeit. Der sehr lange Abgang betont den Charakter von Castiglione Falletto.<\/p>\n<p>Es empfiehlt sich, den Wein zu dekantieren und bei einer Temperatur von\u00a0<b>18\u00b0-20\u00b0C<\/b>\u00a0zu servieren.<\/p>\n<p>Der Parussi ist der erste Barolo in der Geschichte des Weingutes, der au\u00dferhalb der Grenzen von Serralunga, auf einem anderen, ebenfalls besonders beg\u00fcnstigten Boden, dem von Castiglione Falletto, geboren wurde. Die Weinbereitung und der traditionelle Ausbau, die er mit seinen \u201eBr\u00fcdern\u201c aus Serralunga d\u2019Alba teilt, betonen die ber\u00fchmte F\u00e4higkeit des Nebbiolos, sich ganz unterschiedlich zum Ausdruck zu bringen, entsprechend der noch so geringen Ver\u00e4nderung des Mikroklimas und der Bodenbeschaffenheit, in denen er gedeiht.<\/p>\n<\/div>\n<\/div>\n<\/div>\n<\/div>\n<\/div>\n<\/div>\n","protected":false},"excerpt":{"rendered":"<p>Barolo Parussi 2015 Massolino MASSOLINO Die GESCHICHTE der Familie Massolino und ihrer Weine verbindet sich mit der Geschichte von Serralunga d\u2019Alba im Jahre 1896, als Giovanni das Unternehmen gr\u00fcndete. GIOVANNI war der erste, der den elektrischen Strom und den Dampfdrescher in das Dorf brachte. Ein unternehmungsfreudiger, HARTN\u00c4CKIGER und KREATIVER Mann, Oberhaupt einer Familie, die aus [&hellip;]<\/p>\n","protected":false},"featured_media":34990,"comment_status":"open","ping_status":"closed","template":"","meta":{"_acf_changed":false,"_monsterinsights_skip_tracking":false,"_monsterinsights_sitenote_active":false,"_monsterinsights_sitenote_note":"","_monsterinsights_sitenote_category":0},"product_brand":[],"product_cat":[1824],"product_tag":[1733,15903],"class_list":{"0":"post-22076","1":"product","2":"type-product","3":"status-publish","4":"has-post-thumbnail","6":"product_cat-barolo-de","7":"product_tag-aussergewoehnliche-weine-de","8":"product_tag-barolo-de","9":"pa_appellation-barolo-docg-de","10":"pa_formato-0-75-l-flasche-de","11":"pa_producer-massolino-de","12":"pa_region-piemont-de","13":"pa_vine-100-nebbiolo-de","14":"pa_vintage-2015-de","16":"first","17":"outofstock","18":"taxable","19":"shipping-taxable","20":"purchasable","21":"product-type-simple"},"bundled_by":[],"bundle_stock_status":"outofstock","bundle_stock_quantity":0,"bundle_virtual":false,"bundle_layout":"","bundle_add_to_cart_form_location":"","bundle_editable_in_cart":false,"bundle_sold_individually_context":"","bundle_item_grouping":"","bundle_min_size":"","bundle_max_size":"","bundle_price":[],"bundled_items":[],"bundle_sell_ids":[],"yoast_head":"<!-- This site is optimized with the Yoast SEO plugin v27.2 - https:\/\/yoast.com\/product\/yoast-seo-wordpress\/ -->\n<title>Buy on line Barolo Parussi 2015 Massolino I FONS VINUM<\/title>\n<meta name=\"description\" content=\"Barolo Parussi 2015 Massolino -Fons Vinum- Der Parussi ist der erste Barolo in der Geschichte des Weingutes, der au\u00dferhalb der Grenzen von Serralunga...\" \/>\n<meta name=\"robots\" content=\"index, follow, max-snippet:-1, max-image-preview:large, max-video-preview:-1\" \/>\n<link rel=\"canonical\" href=\"https:\/\/fonsvinum.com\/de\/produkt\/barolo-parussi-2015-massolino\/\" \/>\n<meta property=\"og:locale\" content=\"de_DE\" \/>\n<meta property=\"og:type\" content=\"article\" \/>\n<meta property=\"og:title\" content=\"Buy on line Barolo Parussi 2015 Massolino I FONS VINUM\" \/>\n<meta property=\"og:description\" content=\"Barolo Parussi 2015 Massolino -Fons Vinum- Der Parussi ist der erste Barolo in der Geschichte des Weingutes, der au\u00dferhalb der Grenzen von Serralunga...\" \/>\n<meta property=\"og:url\" content=\"https:\/\/fonsvinum.com\/de\/produkt\/barolo-parussi-2015-massolino\/\" \/>\n<meta property=\"og:site_name\" content=\"Fons Vinum\" \/>\n<meta property=\"article:modified_time\" content=\"2020-02-11T09:32:03+00:00\" \/>\n<meta property=\"og:image\" content=\"https:\/\/fonsvinum.com\/files\/2019\/02\/massolino-barolo-parussi.jpg\" \/>\n\t<meta property=\"og:image:width\" content=\"200\" \/>\n\t<meta property=\"og:image:height\" content=\"600\" \/>\n\t<meta property=\"og:image:type\" content=\"image\/jpeg\" \/>\n<meta name=\"twitter:label1\" content=\"Gesch\u00e4tzte Lesezeit\" \/>\n\t<meta name=\"twitter:data1\" content=\"2\u00a0Minuten\" \/>\n<script type=\"application\/ld+json\" class=\"yoast-schema-graph\">{\"@context\":\"https:\/\/schema.org\",\"@graph\":[{\"@type\":\"WebPage\",\"@id\":\"https:\/\/fonsvinum.com\/de\/produkt\/barolo-parussi-2015-massolino\/\",\"url\":\"https:\/\/fonsvinum.com\/de\/produkt\/barolo-parussi-2015-massolino\/\",\"name\":\"Buy on line Barolo Parussi 2015 Massolino I FONS VINUM\",\"isPartOf\":{\"@id\":\"https:\/\/fonsvinum.com\/en\/#website\"},\"primaryImageOfPage\":{\"@id\":\"https:\/\/fonsvinum.com\/de\/produkt\/barolo-parussi-2015-massolino\/#primaryimage\"},\"image\":{\"@id\":\"https:\/\/fonsvinum.com\/de\/produkt\/barolo-parussi-2015-massolino\/#primaryimage\"},\"thumbnailUrl\":\"https:\/\/fonsvinum.com\/files\/2019\/02\/massolino-barolo-parussi.jpg\",\"datePublished\":\"2020-02-11T08:42:05+00:00\",\"dateModified\":\"2020-02-11T09:32:03+00:00\",\"description\":\"Barolo Parussi 2015 Massolino -Fons Vinum- Der Parussi ist der erste Barolo in der Geschichte des Weingutes, der au\u00dferhalb der Grenzen von Serralunga...\",\"breadcrumb\":{\"@id\":\"https:\/\/fonsvinum.com\/de\/produkt\/barolo-parussi-2015-massolino\/#breadcrumb\"},\"inLanguage\":\"de\",\"potentialAction\":[{\"@type\":\"ReadAction\",\"target\":[\"https:\/\/fonsvinum.com\/de\/produkt\/barolo-parussi-2015-massolino\/\"]}]},{\"@type\":\"ImageObject\",\"inLanguage\":\"de\",\"@id\":\"https:\/\/fonsvinum.com\/de\/produkt\/barolo-parussi-2015-massolino\/#primaryimage\",\"url\":\"https:\/\/fonsvinum.com\/files\/2019\/02\/massolino-barolo-parussi.jpg\",\"contentUrl\":\"https:\/\/fonsvinum.com\/files\/2019\/02\/massolino-barolo-parussi.jpg\",\"width\":200,\"height\":600},{\"@type\":\"BreadcrumbList\",\"@id\":\"https:\/\/fonsvinum.com\/de\/produkt\/barolo-parussi-2015-massolino\/#breadcrumb\",\"itemListElement\":[{\"@type\":\"ListItem\",\"position\":1,\"name\":\"Startseite\",\"item\":\"https:\/\/fonsvinum.com\/de\/\"},{\"@type\":\"ListItem\",\"position\":2,\"name\":\"Shop\",\"item\":\"https:\/\/fonsvinum.com\/de\/shop\/\"},{\"@type\":\"ListItem\",\"position\":3,\"name\":\"Barolo Parussi 2015 Massolino\"}]},{\"@type\":\"WebSite\",\"@id\":\"https:\/\/fonsvinum.com\/en\/#website\",\"url\":\"https:\/\/fonsvinum.com\/en\/\",\"name\":\"Fons Vinum\",\"description\":\"Vendita Vino Online\",\"publisher\":{\"@id\":\"https:\/\/fonsvinum.com\/en\/#organization\"},\"potentialAction\":[{\"@type\":\"SearchAction\",\"target\":{\"@type\":\"EntryPoint\",\"urlTemplate\":\"https:\/\/fonsvinum.com\/en\/?s={search_term_string}\"},\"query-input\":{\"@type\":\"PropertyValueSpecification\",\"valueRequired\":true,\"valueName\":\"search_term_string\"}}],\"inLanguage\":\"de\"},{\"@type\":\"Organization\",\"@id\":\"https:\/\/fonsvinum.com\/en\/#organization\",\"name\":\"Fons Vinum\",\"url\":\"https:\/\/fonsvinum.com\/en\/\",\"logo\":{\"@type\":\"ImageObject\",\"inLanguage\":\"de\",\"@id\":\"https:\/\/fonsvinum.com\/en\/#\/schema\/logo\/image\/\",\"url\":\"\",\"contentUrl\":\"\",\"caption\":\"Fons Vinum\"},\"image\":{\"@id\":\"https:\/\/fonsvinum.com\/en\/#\/schema\/logo\/image\/\"}}]}<\/script>\n<!-- \/ Yoast SEO plugin. -->","yoast_head_json":{"title":"Buy on line Barolo Parussi 2015 Massolino I FONS VINUM","description":"Barolo Parussi 2015 Massolino -Fons Vinum- Der Parussi ist der erste Barolo in der Geschichte des Weingutes, der au\u00dferhalb der Grenzen von Serralunga...","robots":{"index":"index","follow":"follow","max-snippet":"max-snippet:-1","max-image-preview":"max-image-preview:large","max-video-preview":"max-video-preview:-1"},"canonical":"https:\/\/fonsvinum.com\/de\/produkt\/barolo-parussi-2015-massolino\/","og_locale":"de_DE","og_type":"article","og_title":"Buy on line Barolo Parussi 2015 Massolino I FONS VINUM","og_description":"Barolo Parussi 2015 Massolino -Fons Vinum- Der Parussi ist der erste Barolo in der Geschichte des Weingutes, der au\u00dferhalb der Grenzen von Serralunga...","og_url":"https:\/\/fonsvinum.com\/de\/produkt\/barolo-parussi-2015-massolino\/","og_site_name":"Fons Vinum","article_modified_time":"2020-02-11T09:32:03+00:00","og_image":[{"width":200,"height":600,"url":"https:\/\/fonsvinum.com\/files\/2019\/02\/massolino-barolo-parussi.jpg","type":"image\/jpeg"}],"twitter_misc":{"Gesch\u00e4tzte Lesezeit":"2\u00a0Minuten"},"schema":{"@context":"https:\/\/schema.org","@graph":[{"@type":"WebPage","@id":"https:\/\/fonsvinum.com\/de\/produkt\/barolo-parussi-2015-massolino\/","url":"https:\/\/fonsvinum.com\/de\/produkt\/barolo-parussi-2015-massolino\/","name":"Buy on line Barolo Parussi 2015 Massolino I FONS VINUM","isPartOf":{"@id":"https:\/\/fonsvinum.com\/en\/#website"},"primaryImageOfPage":{"@id":"https:\/\/fonsvinum.com\/de\/produkt\/barolo-parussi-2015-massolino\/#primaryimage"},"image":{"@id":"https:\/\/fonsvinum.com\/de\/produkt\/barolo-parussi-2015-massolino\/#primaryimage"},"thumbnailUrl":"https:\/\/fonsvinum.com\/files\/2019\/02\/massolino-barolo-parussi.jpg","datePublished":"2020-02-11T08:42:05+00:00","dateModified":"2020-02-11T09:32:03+00:00","description":"Barolo Parussi 2015 Massolino -Fons Vinum- Der Parussi ist der erste Barolo in der Geschichte des Weingutes, der au\u00dferhalb der Grenzen von Serralunga...","breadcrumb":{"@id":"https:\/\/fonsvinum.com\/de\/produkt\/barolo-parussi-2015-massolino\/#breadcrumb"},"inLanguage":"de","potentialAction":[{"@type":"ReadAction","target":["https:\/\/fonsvinum.com\/de\/produkt\/barolo-parussi-2015-massolino\/"]}]},{"@type":"ImageObject","inLanguage":"de","@id":"https:\/\/fonsvinum.com\/de\/produkt\/barolo-parussi-2015-massolino\/#primaryimage","url":"https:\/\/fonsvinum.com\/files\/2019\/02\/massolino-barolo-parussi.jpg","contentUrl":"https:\/\/fonsvinum.com\/files\/2019\/02\/massolino-barolo-parussi.jpg","width":200,"height":600},{"@type":"BreadcrumbList","@id":"https:\/\/fonsvinum.com\/de\/produkt\/barolo-parussi-2015-massolino\/#breadcrumb","itemListElement":[{"@type":"ListItem","position":1,"name":"Startseite","item":"https:\/\/fonsvinum.com\/de\/"},{"@type":"ListItem","position":2,"name":"Shop","item":"https:\/\/fonsvinum.com\/de\/shop\/"},{"@type":"ListItem","position":3,"name":"Barolo Parussi 2015 Massolino"}]},{"@type":"WebSite","@id":"https:\/\/fonsvinum.com\/en\/#website","url":"https:\/\/fonsvinum.com\/en\/","name":"Fons Vinum","description":"Vendita Vino Online","publisher":{"@id":"https:\/\/fonsvinum.com\/en\/#organization"},"potentialAction":[{"@type":"SearchAction","target":{"@type":"EntryPoint","urlTemplate":"https:\/\/fonsvinum.com\/en\/?s={search_term_string}"},"query-input":{"@type":"PropertyValueSpecification","valueRequired":true,"valueName":"search_term_string"}}],"inLanguage":"de"},{"@type":"Organization","@id":"https:\/\/fonsvinum.com\/en\/#organization","name":"Fons Vinum","url":"https:\/\/fonsvinum.com\/en\/","logo":{"@type":"ImageObject","inLanguage":"de","@id":"https:\/\/fonsvinum.com\/en\/#\/schema\/logo\/image\/","url":"","contentUrl":"","caption":"Fons Vinum"},"image":{"@id":"https:\/\/fonsvinum.com\/en\/#\/schema\/logo\/image\/"}}]}},"acf":[],"_links":{"self":[{"href":"https:\/\/fonsvinum.com\/de\/wp-json\/wp\/v2\/product\/22076","targetHints":{"allow":["GET"]}}],"collection":[{"href":"https:\/\/fonsvinum.com\/de\/wp-json\/wp\/v2\/product"}],"about":[{"href":"https:\/\/fonsvinum.com\/de\/wp-json\/wp\/v2\/types\/product"}],"replies":[{"embeddable":true,"href":"https:\/\/fonsvinum.com\/de\/wp-json\/wp\/v2\/comments?post=22076"}],"wp:featuredmedia":[{"embeddable":true,"href":"https:\/\/fonsvinum.com\/de\/wp-json\/wp\/v2\/media\/34990"}],"wp:attachment":[{"href":"https:\/\/fonsvinum.com\/de\/wp-json\/wp\/v2\/media?parent=22076"}],"wp:term":[{"taxonomy":"product_brand","embeddable":true,"href":"https:\/\/fonsvinum.com\/de\/wp-json\/wp\/v2\/product_brand?post=22076"},{"taxonomy":"product_cat","embeddable":true,"href":"https:\/\/fonsvinum.com\/de\/wp-json\/wp\/v2\/product_cat?post=22076"},{"taxonomy":"product_tag","embeddable":true,"href":"https:\/\/fonsvinum.com\/de\/wp-json\/wp\/v2\/product_tag?post=22076"}],"curies":[{"name":"wp","href":"https:\/\/api.w.org\/{rel}","templated":true}]}}