{"id":22046,"date":"2020-02-07T11:32:04","date_gmt":"2020-02-07T10:32:04","guid":{"rendered":"https:\/\/fonsvinum.com\/?post_type=product&#038;p=22046"},"modified":"2020-02-07T11:55:43","modified_gmt":"2020-02-07T10:55:43","slug":"bolgheri-rosso-le-serre-nuove-dellornellaia-2017-magnum","status":"publish","type":"product","link":"https:\/\/fonsvinum.com\/de\/produkt\/bolgheri-rosso-le-serre-nuove-dellornellaia-2017-magnum\/","title":{"rendered":"Bolgheri Rosso &#8211; Le Serre Nuove dell&#8217;Ornellaia 2017 Magnum"},"content":{"rendered":"<h1>Bolgheri Rosso &#8211; Le Serre Nuove dell&#8217;Ornellaia 2017 Magnum<\/h1>\n<h3>Bolgheri Rosso &#8211; Le Serre Nuove dell&#8217;Ornellaia 2017 Magnum<\/h3>\n<h2><strong>TENUTA DELL&#8217;ORNELLAIA<\/strong><\/h2>\n<p>Sein\u00a0Ruf eilt diesem legend\u00e4ren Weingut mit dem klangvollen Namen weit voraus. Die Tenuta dell\u00b4Ornellaia erzeugt vielfach pr\u00e4mierte Spitzenweine. Der Ornellaia\u00a01998 wurde\u00a0vom Wine Spectator zum &#8222;besten Wein der Welt&#8220; gew\u00e4hlt. Das Gut besitzt zwei nah beieinander gelegene\u00a0Weinberge, den Ornellaia und den Bellaria, mit\u00a0insgesamt 97 ha Rebfl\u00e4che. Die B\u00f6den vulkanischen Ursprungs sind extrem vielf\u00e4ltig und bilden eine einzigartige Kombination von Terroirs. Hier werden die Rebsorten Cabernet Sauvignon, Merlot, Cabernet Franc und Petit Verdot angebaut. Um einen Wein zu schaffen, dessen Wesen immer neue Z\u00fcge zeigt, sowie Nuancen, die ihn eindeutig pr\u00e4gen und den Jahrgang charakterisieren, werden die einzelnen Rebsorten jedes Weinberges getrennt gekeltert und dann sorgf\u00e4ltig wieder zusammengesetzt.\u00a0\u00a0Aus Respekt vor der Einzigartigkeit des Terroirs werden die geringen Ertr\u00e4ge\u00a0manuell gelesen\u00a0sowie individuell vinifiziert und ausgebaut. Die \u00dcberzeugung, dass der Wein ein authentischer Ausdruck seines Ursprungsgebietes sein solle, geh\u00f6rt zur Unternehmensphilosophie.<\/p>\n<p>Das Gebiet von Bolgheri liegt\u00a0unweit der toskanischen K\u00fcste, dort, wo die Maremma beginnt. Es\u00a0bezaubert durch jahrhundertealte Olivenb\u00e4ume und pr\u00e4chtige Weing\u00e4rten, umgeben von dichten W\u00e4ldern. Hier erwarb Lodovico Antinori 1980 die Tenuta. Die ersten Weine waren im Jahre 1988 der Wei\u00dfwein \u0084<i>Poggio alle Gazze<\/i>\u0093 aus Sauvignon Blanc und der in Barrique ausgebaute Rotwein \u0084<i>Ornellaia<\/i>\u0093 aus Cabernet Sauvignon, Merlot und Cabernet Franc.\u00a0Dieser machte in k\u00fcrzester Zeit seinen Weg in die Gruppe der gesuchtesten Weine der Welt.<\/p>\n<p>Im Jahr 1999 wird der kalifornische Hersteller Robert Mondavi Eigent\u00fcmer des Gutes und im Fr\u00fchling des selben Jahres tritt er 50% an die Gesellschaft Marchesi de Frescobaldi ab. Seit\u00a02005 ist die Florentiner Familie\u00a0<i>Frescobaldi<\/i>\u00a0alleiniger Eigent\u00fcmer.\u00a0Sie widmet sich seit drei\u00dfig Generationen dem Anbau von gro\u00dfen toskanischen Weinen und ist weltweit t\u00e4tig.<\/p>\n<h2>LE SERRE NUOVE 2017 MAGNUM<\/h2>\n<p><strong>Beschreibung<\/strong><\/p>\n<p>Le Serre Nuove ist der Zweitwein des gro\u00dfen Ornellaia und wurde 1997 geboren, als man w\u00e4hrend der Assemblage entschied, f\u00fcr den Ornellaia eine zus\u00e4tzliche, noch sorgf\u00e4ltigere Selektion durchzuf\u00fchren. Le Serre Nuove wird auf gleiche Weise angebaut und vinifiziert, lediglich von j\u00fcngeren Reben gewonnen. Er besteht aus Cabernet Sauvignon, Merlot, Cabernet Franc und Petit Verdot und beeindruckt mit opulenten Aromen von Cassis, Schwarzkirschen und Paprika, untermalt von Tabaknoten, Toast-und Gew\u00fcrznuancen. Elegant und sehr kraftvoll geht er in ein best\u00e4ndiges Finale! Ideal zu Wildgerichten, Schmorbraten, Speisen mit Tr\u00fcffeln und herzhaftem K\u00e4se.<\/p>\n<p>Rebsorten: 45% Merlot, 41% Cabernet Sauvignon, 9% Petit Verdot, 5% Cabernet Franc<\/p>\n<h3><\/h3>\n<p>&nbsp;<\/p>\n<p>&nbsp;<\/p>\n","protected":false},"excerpt":{"rendered":"<p>Bolgheri Rosso &#8211; Le Serre Nuove dell&#8217;Ornellaia 2017 Magnum Bolgheri Rosso &#8211; Le Serre Nuove dell&#8217;Ornellaia 2017 Magnum TENUTA DELL&#8217;ORNELLAIA Sein\u00a0Ruf eilt diesem legend\u00e4ren Weingut mit dem klangvollen Namen weit voraus. Die Tenuta dell\u00b4Ornellaia erzeugt vielfach pr\u00e4mierte Spitzenweine. Der Ornellaia\u00a01998 wurde\u00a0vom Wine Spectator zum &#8222;besten Wein der Welt&#8220; gew\u00e4hlt. Das Gut besitzt zwei nah beieinander [&hellip;]<\/p>\n","protected":false},"featured_media":3802,"comment_status":"open","ping_status":"closed","template":"","meta":{"_acf_changed":false,"_monsterinsights_skip_tracking":false,"_monsterinsights_sitenote_active":false,"_monsterinsights_sitenote_note":"","_monsterinsights_sitenote_category":0},"product_brand":[],"product_cat":[1693],"product_tag":[2150,3583],"class_list":{"0":"post-22046","1":"product","2":"type-product","3":"status-publish","4":"has-post-thumbnail","6":"product_cat-blend-2-de","7":"product_tag-grossformat","8":"product_tag-vini-toscani-de","9":"pa_appellation-bolgheri-rosso-doc-de","10":"pa_formato-1-50-l-flasche-de","11":"pa_producer-tenuta-dellornellaia-de","12":"pa_region-toskana-de","13":"pa_vine-64-merlot-17-cabernet-sauvignon-10-cabernet-franc-9-petit-verdot-de","14":"pa_vintage-2017-de","16":"first","17":"instock","18":"taxable","19":"shipping-taxable","20":"purchasable","21":"product-type-simple"},"bundled_by":[],"bundle_stock_status":"instock","bundle_stock_quantity":1,"bundle_virtual":false,"bundle_layout":"","bundle_add_to_cart_form_location":"","bundle_editable_in_cart":false,"bundle_sold_individually_context":"","bundle_item_grouping":"","bundle_min_size":"","bundle_max_size":"","bundle_price":[],"bundled_items":[],"bundle_sell_ids":[],"yoast_head":"<!-- This site is optimized with the Yoast SEO plugin v27.2 - https:\/\/yoast.com\/product\/yoast-seo-wordpress\/ -->\n<title>Bolgheri Rosso - Le Serre Nuove dell&#039;Ornellaia 2017 Magnum<\/title>\n<meta name=\"description\" content=\"Bolgheri Rosso - Le Serre Nuove dell&#039;Ornellaia 2017 Magnum -Fons Vinum- Elegant und sehr kraftvoll geht er in ein best\u00e4ndiges Finale!\" \/>\n<meta name=\"robots\" content=\"index, follow, max-snippet:-1, max-image-preview:large, max-video-preview:-1\" \/>\n<link rel=\"canonical\" href=\"https:\/\/fonsvinum.com\/de\/produkt\/bolgheri-rosso-le-serre-nuove-dellornellaia-2017-magnum\/\" \/>\n<meta property=\"og:locale\" content=\"de_DE\" \/>\n<meta property=\"og:type\" content=\"article\" \/>\n<meta property=\"og:title\" content=\"Bolgheri Rosso - Le Serre Nuove dell&#039;Ornellaia 2017 Magnum\" \/>\n<meta property=\"og:description\" content=\"Bolgheri Rosso - Le Serre Nuove dell&#039;Ornellaia 2017 Magnum -Fons Vinum- Elegant und sehr kraftvoll geht er in ein best\u00e4ndiges Finale!\" \/>\n<meta property=\"og:url\" content=\"https:\/\/fonsvinum.com\/de\/produkt\/bolgheri-rosso-le-serre-nuove-dellornellaia-2017-magnum\/\" \/>\n<meta property=\"og:site_name\" content=\"Fons Vinum\" \/>\n<meta property=\"article:modified_time\" content=\"2020-02-07T10:55:43+00:00\" \/>\n<meta property=\"og:image\" content=\"https:\/\/fonsvinum.com\/files\/2014\/01\/bolgheri_ornellaia_le-serre-nuove1.png\" \/>\n\t<meta property=\"og:image:width\" content=\"200\" \/>\n\t<meta property=\"og:image:height\" content=\"600\" \/>\n\t<meta property=\"og:image:type\" content=\"image\/png\" \/>\n<meta name=\"twitter:label1\" content=\"Gesch\u00e4tzte Lesezeit\" \/>\n\t<meta name=\"twitter:data1\" content=\"2\u00a0Minuten\" \/>\n<script type=\"application\/ld+json\" class=\"yoast-schema-graph\">{\"@context\":\"https:\/\/schema.org\",\"@graph\":[{\"@type\":\"WebPage\",\"@id\":\"https:\/\/fonsvinum.com\/de\/produkt\/bolgheri-rosso-le-serre-nuove-dellornellaia-2017-magnum\/\",\"url\":\"https:\/\/fonsvinum.com\/de\/produkt\/bolgheri-rosso-le-serre-nuove-dellornellaia-2017-magnum\/\",\"name\":\"Bolgheri Rosso - Le Serre Nuove dell'Ornellaia 2017 Magnum\",\"isPartOf\":{\"@id\":\"https:\/\/fonsvinum.com\/en\/#website\"},\"primaryImageOfPage\":{\"@id\":\"https:\/\/fonsvinum.com\/de\/produkt\/bolgheri-rosso-le-serre-nuove-dellornellaia-2017-magnum\/#primaryimage\"},\"image\":{\"@id\":\"https:\/\/fonsvinum.com\/de\/produkt\/bolgheri-rosso-le-serre-nuove-dellornellaia-2017-magnum\/#primaryimage\"},\"thumbnailUrl\":\"https:\/\/fonsvinum.com\/files\/2014\/01\/bolgheri_ornellaia_le-serre-nuove1.png\",\"datePublished\":\"2020-02-07T10:32:04+00:00\",\"dateModified\":\"2020-02-07T10:55:43+00:00\",\"description\":\"Bolgheri Rosso - Le Serre Nuove dell'Ornellaia 2017 Magnum -Fons Vinum- Elegant und sehr kraftvoll geht er in ein best\u00e4ndiges Finale!\",\"breadcrumb\":{\"@id\":\"https:\/\/fonsvinum.com\/de\/produkt\/bolgheri-rosso-le-serre-nuove-dellornellaia-2017-magnum\/#breadcrumb\"},\"inLanguage\":\"de\",\"potentialAction\":[{\"@type\":\"ReadAction\",\"target\":[\"https:\/\/fonsvinum.com\/de\/produkt\/bolgheri-rosso-le-serre-nuove-dellornellaia-2017-magnum\/\"]}]},{\"@type\":\"ImageObject\",\"inLanguage\":\"de\",\"@id\":\"https:\/\/fonsvinum.com\/de\/produkt\/bolgheri-rosso-le-serre-nuove-dellornellaia-2017-magnum\/#primaryimage\",\"url\":\"https:\/\/fonsvinum.com\/files\/2014\/01\/bolgheri_ornellaia_le-serre-nuove1.png\",\"contentUrl\":\"https:\/\/fonsvinum.com\/files\/2014\/01\/bolgheri_ornellaia_le-serre-nuove1.png\",\"width\":200,\"height\":600},{\"@type\":\"BreadcrumbList\",\"@id\":\"https:\/\/fonsvinum.com\/de\/produkt\/bolgheri-rosso-le-serre-nuove-dellornellaia-2017-magnum\/#breadcrumb\",\"itemListElement\":[{\"@type\":\"ListItem\",\"position\":1,\"name\":\"Startseite\",\"item\":\"https:\/\/fonsvinum.com\/de\/\"},{\"@type\":\"ListItem\",\"position\":2,\"name\":\"Shop\",\"item\":\"https:\/\/fonsvinum.com\/de\/shop\/\"},{\"@type\":\"ListItem\",\"position\":3,\"name\":\"Bolgheri Rosso &#8211; Le Serre Nuove dell&#8217;Ornellaia 2017 Magnum\"}]},{\"@type\":\"WebSite\",\"@id\":\"https:\/\/fonsvinum.com\/en\/#website\",\"url\":\"https:\/\/fonsvinum.com\/en\/\",\"name\":\"Fons Vinum\",\"description\":\"Vendita Vino Online\",\"publisher\":{\"@id\":\"https:\/\/fonsvinum.com\/en\/#organization\"},\"potentialAction\":[{\"@type\":\"SearchAction\",\"target\":{\"@type\":\"EntryPoint\",\"urlTemplate\":\"https:\/\/fonsvinum.com\/en\/?s={search_term_string}\"},\"query-input\":{\"@type\":\"PropertyValueSpecification\",\"valueRequired\":true,\"valueName\":\"search_term_string\"}}],\"inLanguage\":\"de\"},{\"@type\":\"Organization\",\"@id\":\"https:\/\/fonsvinum.com\/en\/#organization\",\"name\":\"Fons Vinum\",\"url\":\"https:\/\/fonsvinum.com\/en\/\",\"logo\":{\"@type\":\"ImageObject\",\"inLanguage\":\"de\",\"@id\":\"https:\/\/fonsvinum.com\/en\/#\/schema\/logo\/image\/\",\"url\":\"\",\"contentUrl\":\"\",\"caption\":\"Fons Vinum\"},\"image\":{\"@id\":\"https:\/\/fonsvinum.com\/en\/#\/schema\/logo\/image\/\"}}]}<\/script>\n<!-- \/ Yoast SEO plugin. -->","yoast_head_json":{"title":"Bolgheri Rosso - Le Serre Nuove dell'Ornellaia 2017 Magnum","description":"Bolgheri Rosso - Le Serre Nuove dell'Ornellaia 2017 Magnum -Fons Vinum- Elegant und sehr kraftvoll geht er in ein best\u00e4ndiges Finale!","robots":{"index":"index","follow":"follow","max-snippet":"max-snippet:-1","max-image-preview":"max-image-preview:large","max-video-preview":"max-video-preview:-1"},"canonical":"https:\/\/fonsvinum.com\/de\/produkt\/bolgheri-rosso-le-serre-nuove-dellornellaia-2017-magnum\/","og_locale":"de_DE","og_type":"article","og_title":"Bolgheri Rosso - Le Serre Nuove dell'Ornellaia 2017 Magnum","og_description":"Bolgheri Rosso - Le Serre Nuove dell'Ornellaia 2017 Magnum -Fons Vinum- Elegant und sehr kraftvoll geht er in ein best\u00e4ndiges Finale!","og_url":"https:\/\/fonsvinum.com\/de\/produkt\/bolgheri-rosso-le-serre-nuove-dellornellaia-2017-magnum\/","og_site_name":"Fons Vinum","article_modified_time":"2020-02-07T10:55:43+00:00","og_image":[{"width":200,"height":600,"url":"https:\/\/fonsvinum.com\/files\/2014\/01\/bolgheri_ornellaia_le-serre-nuove1.png","type":"image\/png"}],"twitter_misc":{"Gesch\u00e4tzte Lesezeit":"2\u00a0Minuten"},"schema":{"@context":"https:\/\/schema.org","@graph":[{"@type":"WebPage","@id":"https:\/\/fonsvinum.com\/de\/produkt\/bolgheri-rosso-le-serre-nuove-dellornellaia-2017-magnum\/","url":"https:\/\/fonsvinum.com\/de\/produkt\/bolgheri-rosso-le-serre-nuove-dellornellaia-2017-magnum\/","name":"Bolgheri Rosso - Le Serre Nuove dell'Ornellaia 2017 Magnum","isPartOf":{"@id":"https:\/\/fonsvinum.com\/en\/#website"},"primaryImageOfPage":{"@id":"https:\/\/fonsvinum.com\/de\/produkt\/bolgheri-rosso-le-serre-nuove-dellornellaia-2017-magnum\/#primaryimage"},"image":{"@id":"https:\/\/fonsvinum.com\/de\/produkt\/bolgheri-rosso-le-serre-nuove-dellornellaia-2017-magnum\/#primaryimage"},"thumbnailUrl":"https:\/\/fonsvinum.com\/files\/2014\/01\/bolgheri_ornellaia_le-serre-nuove1.png","datePublished":"2020-02-07T10:32:04+00:00","dateModified":"2020-02-07T10:55:43+00:00","description":"Bolgheri Rosso - Le Serre Nuove dell'Ornellaia 2017 Magnum -Fons Vinum- Elegant und sehr kraftvoll geht er in ein best\u00e4ndiges Finale!","breadcrumb":{"@id":"https:\/\/fonsvinum.com\/de\/produkt\/bolgheri-rosso-le-serre-nuove-dellornellaia-2017-magnum\/#breadcrumb"},"inLanguage":"de","potentialAction":[{"@type":"ReadAction","target":["https:\/\/fonsvinum.com\/de\/produkt\/bolgheri-rosso-le-serre-nuove-dellornellaia-2017-magnum\/"]}]},{"@type":"ImageObject","inLanguage":"de","@id":"https:\/\/fonsvinum.com\/de\/produkt\/bolgheri-rosso-le-serre-nuove-dellornellaia-2017-magnum\/#primaryimage","url":"https:\/\/fonsvinum.com\/files\/2014\/01\/bolgheri_ornellaia_le-serre-nuove1.png","contentUrl":"https:\/\/fonsvinum.com\/files\/2014\/01\/bolgheri_ornellaia_le-serre-nuove1.png","width":200,"height":600},{"@type":"BreadcrumbList","@id":"https:\/\/fonsvinum.com\/de\/produkt\/bolgheri-rosso-le-serre-nuove-dellornellaia-2017-magnum\/#breadcrumb","itemListElement":[{"@type":"ListItem","position":1,"name":"Startseite","item":"https:\/\/fonsvinum.com\/de\/"},{"@type":"ListItem","position":2,"name":"Shop","item":"https:\/\/fonsvinum.com\/de\/shop\/"},{"@type":"ListItem","position":3,"name":"Bolgheri Rosso &#8211; Le Serre Nuove dell&#8217;Ornellaia 2017 Magnum"}]},{"@type":"WebSite","@id":"https:\/\/fonsvinum.com\/en\/#website","url":"https:\/\/fonsvinum.com\/en\/","name":"Fons Vinum","description":"Vendita Vino Online","publisher":{"@id":"https:\/\/fonsvinum.com\/en\/#organization"},"potentialAction":[{"@type":"SearchAction","target":{"@type":"EntryPoint","urlTemplate":"https:\/\/fonsvinum.com\/en\/?s={search_term_string}"},"query-input":{"@type":"PropertyValueSpecification","valueRequired":true,"valueName":"search_term_string"}}],"inLanguage":"de"},{"@type":"Organization","@id":"https:\/\/fonsvinum.com\/en\/#organization","name":"Fons Vinum","url":"https:\/\/fonsvinum.com\/en\/","logo":{"@type":"ImageObject","inLanguage":"de","@id":"https:\/\/fonsvinum.com\/en\/#\/schema\/logo\/image\/","url":"","contentUrl":"","caption":"Fons Vinum"},"image":{"@id":"https:\/\/fonsvinum.com\/en\/#\/schema\/logo\/image\/"}}]}},"acf":[],"_links":{"self":[{"href":"https:\/\/fonsvinum.com\/de\/wp-json\/wp\/v2\/product\/22046","targetHints":{"allow":["GET"]}}],"collection":[{"href":"https:\/\/fonsvinum.com\/de\/wp-json\/wp\/v2\/product"}],"about":[{"href":"https:\/\/fonsvinum.com\/de\/wp-json\/wp\/v2\/types\/product"}],"replies":[{"embeddable":true,"href":"https:\/\/fonsvinum.com\/de\/wp-json\/wp\/v2\/comments?post=22046"}],"wp:featuredmedia":[{"embeddable":true,"href":"https:\/\/fonsvinum.com\/de\/wp-json\/wp\/v2\/media\/3802"}],"wp:attachment":[{"href":"https:\/\/fonsvinum.com\/de\/wp-json\/wp\/v2\/media?parent=22046"}],"wp:term":[{"taxonomy":"product_brand","embeddable":true,"href":"https:\/\/fonsvinum.com\/de\/wp-json\/wp\/v2\/product_brand?post=22046"},{"taxonomy":"product_cat","embeddable":true,"href":"https:\/\/fonsvinum.com\/de\/wp-json\/wp\/v2\/product_cat?post=22046"},{"taxonomy":"product_tag","embeddable":true,"href":"https:\/\/fonsvinum.com\/de\/wp-json\/wp\/v2\/product_tag?post=22046"}],"curies":[{"name":"wp","href":"https:\/\/api.w.org\/{rel}","templated":true}]}}