{"id":22002,"date":"2020-02-06T10:24:03","date_gmt":"2020-02-06T09:24:03","guid":{"rendered":"https:\/\/fonsvinum.com\/?post_type=product&#038;p=22002"},"modified":"2020-02-06T10:35:59","modified_gmt":"2020-02-06T09:35:59","slug":"sassicaia-2000-magnum","status":"publish","type":"product","link":"https:\/\/fonsvinum.com\/de\/produkt\/sassicaia-2000-magnum\/","title":{"rendered":"Sassicaia 2000 MAGNUM"},"content":{"rendered":"<h1>Sassicaia 2000 MAGNUM<\/h1>\n<p>85% Cabernet Sauvignon, 15% Cabernet Franc<\/p>\n<p>Kr\u00e4ftiges Rubingranat, dunkler Kern, zarter Ockerrand. In der Nase feine rauchig-nussige Ankl\u00e4nge, dunkle Beerenfrucht, frische Zwetschken, Cassisnuancen, etwas Zedernholz, feine Gew\u00fcrzankl\u00e4nge. Am Gaumen saftig und s\u00fc\u00df, kraftvolles, pr\u00e4sentes Tannin, komplex, frische, lebendige S\u00e4urestruktur, delikater Wein, feine L\u00e4nge, Weichseln und Kirschen im Nachhall, schokoladiger R\u00fcckgeschmack, ein saftiger Speisenbegleiter.<\/p>\n","protected":false},"excerpt":{"rendered":"<p>Sassicaia 2000 MAGNUM 85% Cabernet Sauvignon, 15% Cabernet Franc Kr\u00e4ftiges Rubingranat, dunkler Kern, zarter Ockerrand. In der Nase feine rauchig-nussige Ankl\u00e4nge, dunkle Beerenfrucht, frische Zwetschken, Cassisnuancen, etwas Zedernholz, feine Gew\u00fcrzankl\u00e4nge. Am Gaumen saftig und s\u00fc\u00df, kraftvolles, pr\u00e4sentes Tannin, komplex, frische, lebendige S\u00e4urestruktur, delikater Wein, feine L\u00e4nge, Weichseln und Kirschen im Nachhall, schokoladiger R\u00fcckgeschmack, ein saftiger [&hellip;]<\/p>\n","protected":false},"featured_media":31794,"comment_status":"open","ping_status":"closed","template":"","meta":{"_acf_changed":false,"_monsterinsights_skip_tracking":false,"_monsterinsights_sitenote_active":false,"_monsterinsights_sitenote_note":"","_monsterinsights_sitenote_category":0},"product_brand":[],"product_cat":[1732],"product_tag":[1733,2150,1745],"class_list":{"0":"post-22002","1":"product","2":"type-product","3":"status-publish","4":"has-post-thumbnail","6":"product_cat-cabernet-sauvignon-de","7":"product_tag-aussergewoehnliche-weine-de","8":"product_tag-grossformat","9":"product_tag-super-tuscan-de","10":"pa_appellation-bolgheri-sassicaia-doc-de","11":"pa_formato-1-50-l-flasche-de","12":"pa_producer-tenuta-san-guido-de","13":"pa_region-toskana-de","14":"pa_vine-85-cabernet-sauvignon-15-cabernet-franc-de","15":"pa_vintage-2000-de","17":"first","18":"instock","19":"sale","20":"taxable","21":"shipping-taxable","22":"purchasable","23":"product-type-simple"},"bundled_by":[],"bundle_stock_status":"instock","bundle_stock_quantity":1,"bundle_virtual":false,"bundle_layout":"","bundle_add_to_cart_form_location":"","bundle_editable_in_cart":false,"bundle_sold_individually_context":"","bundle_item_grouping":"","bundle_min_size":"","bundle_max_size":"","bundle_price":[],"bundled_items":[],"bundle_sell_ids":[],"yoast_head":"<!-- This site is optimized with the Yoast SEO plugin v27.3 - https:\/\/yoast.com\/product\/yoast-seo-wordpress\/ -->\n<title>Buy Sassicaia 2000 MAGNUM wine online | FonsVinum<\/title>\n<meta name=\"description\" content=\"Sassicaia 2000 MAGNUM - Fons Vinum - Am Gaumen saftig und s\u00fc\u00df, kraftvolles, pr\u00e4sentes Tannin, komplex, frische, lebendige S\u00e4urestruktur...\" \/>\n<meta name=\"robots\" content=\"index, follow, max-snippet:-1, max-image-preview:large, max-video-preview:-1\" \/>\n<link rel=\"canonical\" href=\"https:\/\/fonsvinum.com\/de\/produkt\/sassicaia-2000-magnum\/\" \/>\n<meta property=\"og:locale\" content=\"de_DE\" \/>\n<meta property=\"og:type\" content=\"article\" \/>\n<meta property=\"og:title\" content=\"Buy Sassicaia 2000 MAGNUM wine online | FonsVinum\" \/>\n<meta property=\"og:description\" content=\"Sassicaia 2000 MAGNUM - Fons Vinum - Am Gaumen saftig und s\u00fc\u00df, kraftvolles, pr\u00e4sentes Tannin, komplex, frische, lebendige S\u00e4urestruktur...\" \/>\n<meta property=\"og:url\" content=\"https:\/\/fonsvinum.com\/de\/produkt\/sassicaia-2000-magnum\/\" \/>\n<meta property=\"og:site_name\" content=\"Fons Vinum\" \/>\n<meta property=\"article:modified_time\" content=\"2020-02-06T09:35:59+00:00\" \/>\n<meta property=\"og:image\" content=\"https:\/\/fonsvinum.com\/files\/2021\/03\/tenuta-san-guido-sassicaia-magnum-owc.jpg\" \/>\n\t<meta property=\"og:image:width\" content=\"300\" \/>\n\t<meta property=\"og:image:height\" content=\"600\" \/>\n\t<meta property=\"og:image:type\" content=\"image\/jpeg\" \/>\n<script type=\"application\/ld+json\" class=\"yoast-schema-graph\">{\"@context\":\"https:\\\/\\\/schema.org\",\"@graph\":[{\"@type\":\"WebPage\",\"@id\":\"https:\\\/\\\/fonsvinum.com\\\/de\\\/produkt\\\/sassicaia-2000-magnum\\\/\",\"url\":\"https:\\\/\\\/fonsvinum.com\\\/de\\\/produkt\\\/sassicaia-2000-magnum\\\/\",\"name\":\"Buy Sassicaia 2000 MAGNUM wine online | FonsVinum\",\"isPartOf\":{\"@id\":\"https:\\\/\\\/fonsvinum.com\\\/en\\\/#website\"},\"primaryImageOfPage\":{\"@id\":\"https:\\\/\\\/fonsvinum.com\\\/de\\\/produkt\\\/sassicaia-2000-magnum\\\/#primaryimage\"},\"image\":{\"@id\":\"https:\\\/\\\/fonsvinum.com\\\/de\\\/produkt\\\/sassicaia-2000-magnum\\\/#primaryimage\"},\"thumbnailUrl\":\"https:\\\/\\\/fonsvinum.com\\\/files\\\/2021\\\/03\\\/tenuta-san-guido-sassicaia-magnum-owc.jpg\",\"datePublished\":\"2020-02-06T09:24:03+00:00\",\"dateModified\":\"2020-02-06T09:35:59+00:00\",\"description\":\"Sassicaia 2000 MAGNUM - Fons Vinum - Am Gaumen saftig und s\u00fc\u00df, kraftvolles, pr\u00e4sentes Tannin, komplex, frische, lebendige S\u00e4urestruktur...\",\"breadcrumb\":{\"@id\":\"https:\\\/\\\/fonsvinum.com\\\/de\\\/produkt\\\/sassicaia-2000-magnum\\\/#breadcrumb\"},\"inLanguage\":\"de\",\"potentialAction\":[{\"@type\":\"ReadAction\",\"target\":[\"https:\\\/\\\/fonsvinum.com\\\/de\\\/produkt\\\/sassicaia-2000-magnum\\\/\"]}]},{\"@type\":\"ImageObject\",\"inLanguage\":\"de\",\"@id\":\"https:\\\/\\\/fonsvinum.com\\\/de\\\/produkt\\\/sassicaia-2000-magnum\\\/#primaryimage\",\"url\":\"https:\\\/\\\/fonsvinum.com\\\/files\\\/2021\\\/03\\\/tenuta-san-guido-sassicaia-magnum-owc.jpg\",\"contentUrl\":\"https:\\\/\\\/fonsvinum.com\\\/files\\\/2021\\\/03\\\/tenuta-san-guido-sassicaia-magnum-owc.jpg\",\"width\":300,\"height\":600},{\"@type\":\"BreadcrumbList\",\"@id\":\"https:\\\/\\\/fonsvinum.com\\\/de\\\/produkt\\\/sassicaia-2000-magnum\\\/#breadcrumb\",\"itemListElement\":[{\"@type\":\"ListItem\",\"position\":1,\"name\":\"Startseite\",\"item\":\"https:\\\/\\\/fonsvinum.com\\\/de\\\/\"},{\"@type\":\"ListItem\",\"position\":2,\"name\":\"Shop\",\"item\":\"https:\\\/\\\/fonsvinum.com\\\/de\\\/shop\\\/\"},{\"@type\":\"ListItem\",\"position\":3,\"name\":\"Sassicaia 2000 MAGNUM\"}]},{\"@type\":\"WebSite\",\"@id\":\"https:\\\/\\\/fonsvinum.com\\\/en\\\/#website\",\"url\":\"https:\\\/\\\/fonsvinum.com\\\/en\\\/\",\"name\":\"Fons Vinum\",\"description\":\"Vendita Vino Online\",\"publisher\":{\"@id\":\"https:\\\/\\\/fonsvinum.com\\\/en\\\/#organization\"},\"potentialAction\":[{\"@type\":\"SearchAction\",\"target\":{\"@type\":\"EntryPoint\",\"urlTemplate\":\"https:\\\/\\\/fonsvinum.com\\\/en\\\/?s={search_term_string}\"},\"query-input\":{\"@type\":\"PropertyValueSpecification\",\"valueRequired\":true,\"valueName\":\"search_term_string\"}}],\"inLanguage\":\"de\"},{\"@type\":\"Organization\",\"@id\":\"https:\\\/\\\/fonsvinum.com\\\/en\\\/#organization\",\"name\":\"Fons Vinum\",\"url\":\"https:\\\/\\\/fonsvinum.com\\\/en\\\/\",\"logo\":{\"@type\":\"ImageObject\",\"inLanguage\":\"de\",\"@id\":\"https:\\\/\\\/fonsvinum.com\\\/en\\\/#\\\/schema\\\/logo\\\/image\\\/\",\"url\":\"\",\"contentUrl\":\"\",\"caption\":\"Fons Vinum\"},\"image\":{\"@id\":\"https:\\\/\\\/fonsvinum.com\\\/en\\\/#\\\/schema\\\/logo\\\/image\\\/\"}}]}<\/script>\n<!-- \/ Yoast SEO plugin. -->","yoast_head_json":{"title":"Buy Sassicaia 2000 MAGNUM wine online | FonsVinum","description":"Sassicaia 2000 MAGNUM - Fons Vinum - Am Gaumen saftig und s\u00fc\u00df, kraftvolles, pr\u00e4sentes Tannin, komplex, frische, lebendige S\u00e4urestruktur...","robots":{"index":"index","follow":"follow","max-snippet":"max-snippet:-1","max-image-preview":"max-image-preview:large","max-video-preview":"max-video-preview:-1"},"canonical":"https:\/\/fonsvinum.com\/de\/produkt\/sassicaia-2000-magnum\/","og_locale":"de_DE","og_type":"article","og_title":"Buy Sassicaia 2000 MAGNUM wine online | FonsVinum","og_description":"Sassicaia 2000 MAGNUM - Fons Vinum - Am Gaumen saftig und s\u00fc\u00df, kraftvolles, pr\u00e4sentes Tannin, komplex, frische, lebendige S\u00e4urestruktur...","og_url":"https:\/\/fonsvinum.com\/de\/produkt\/sassicaia-2000-magnum\/","og_site_name":"Fons Vinum","article_modified_time":"2020-02-06T09:35:59+00:00","og_image":[{"width":300,"height":600,"url":"https:\/\/fonsvinum.com\/files\/2021\/03\/tenuta-san-guido-sassicaia-magnum-owc.jpg","type":"image\/jpeg"}],"schema":{"@context":"https:\/\/schema.org","@graph":[{"@type":"WebPage","@id":"https:\/\/fonsvinum.com\/de\/produkt\/sassicaia-2000-magnum\/","url":"https:\/\/fonsvinum.com\/de\/produkt\/sassicaia-2000-magnum\/","name":"Buy Sassicaia 2000 MAGNUM wine online | FonsVinum","isPartOf":{"@id":"https:\/\/fonsvinum.com\/en\/#website"},"primaryImageOfPage":{"@id":"https:\/\/fonsvinum.com\/de\/produkt\/sassicaia-2000-magnum\/#primaryimage"},"image":{"@id":"https:\/\/fonsvinum.com\/de\/produkt\/sassicaia-2000-magnum\/#primaryimage"},"thumbnailUrl":"https:\/\/fonsvinum.com\/files\/2021\/03\/tenuta-san-guido-sassicaia-magnum-owc.jpg","datePublished":"2020-02-06T09:24:03+00:00","dateModified":"2020-02-06T09:35:59+00:00","description":"Sassicaia 2000 MAGNUM - Fons Vinum - Am Gaumen saftig und s\u00fc\u00df, kraftvolles, pr\u00e4sentes Tannin, komplex, frische, lebendige S\u00e4urestruktur...","breadcrumb":{"@id":"https:\/\/fonsvinum.com\/de\/produkt\/sassicaia-2000-magnum\/#breadcrumb"},"inLanguage":"de","potentialAction":[{"@type":"ReadAction","target":["https:\/\/fonsvinum.com\/de\/produkt\/sassicaia-2000-magnum\/"]}]},{"@type":"ImageObject","inLanguage":"de","@id":"https:\/\/fonsvinum.com\/de\/produkt\/sassicaia-2000-magnum\/#primaryimage","url":"https:\/\/fonsvinum.com\/files\/2021\/03\/tenuta-san-guido-sassicaia-magnum-owc.jpg","contentUrl":"https:\/\/fonsvinum.com\/files\/2021\/03\/tenuta-san-guido-sassicaia-magnum-owc.jpg","width":300,"height":600},{"@type":"BreadcrumbList","@id":"https:\/\/fonsvinum.com\/de\/produkt\/sassicaia-2000-magnum\/#breadcrumb","itemListElement":[{"@type":"ListItem","position":1,"name":"Startseite","item":"https:\/\/fonsvinum.com\/de\/"},{"@type":"ListItem","position":2,"name":"Shop","item":"https:\/\/fonsvinum.com\/de\/shop\/"},{"@type":"ListItem","position":3,"name":"Sassicaia 2000 MAGNUM"}]},{"@type":"WebSite","@id":"https:\/\/fonsvinum.com\/en\/#website","url":"https:\/\/fonsvinum.com\/en\/","name":"Fons Vinum","description":"Vendita Vino Online","publisher":{"@id":"https:\/\/fonsvinum.com\/en\/#organization"},"potentialAction":[{"@type":"SearchAction","target":{"@type":"EntryPoint","urlTemplate":"https:\/\/fonsvinum.com\/en\/?s={search_term_string}"},"query-input":{"@type":"PropertyValueSpecification","valueRequired":true,"valueName":"search_term_string"}}],"inLanguage":"de"},{"@type":"Organization","@id":"https:\/\/fonsvinum.com\/en\/#organization","name":"Fons Vinum","url":"https:\/\/fonsvinum.com\/en\/","logo":{"@type":"ImageObject","inLanguage":"de","@id":"https:\/\/fonsvinum.com\/en\/#\/schema\/logo\/image\/","url":"","contentUrl":"","caption":"Fons Vinum"},"image":{"@id":"https:\/\/fonsvinum.com\/en\/#\/schema\/logo\/image\/"}}]}},"acf":[],"_links":{"self":[{"href":"https:\/\/fonsvinum.com\/de\/wp-json\/wp\/v2\/product\/22002","targetHints":{"allow":["GET"]}}],"collection":[{"href":"https:\/\/fonsvinum.com\/de\/wp-json\/wp\/v2\/product"}],"about":[{"href":"https:\/\/fonsvinum.com\/de\/wp-json\/wp\/v2\/types\/product"}],"replies":[{"embeddable":true,"href":"https:\/\/fonsvinum.com\/de\/wp-json\/wp\/v2\/comments?post=22002"}],"wp:featuredmedia":[{"embeddable":true,"href":"https:\/\/fonsvinum.com\/de\/wp-json\/wp\/v2\/media\/31794"}],"wp:attachment":[{"href":"https:\/\/fonsvinum.com\/de\/wp-json\/wp\/v2\/media?parent=22002"}],"wp:term":[{"taxonomy":"product_brand","embeddable":true,"href":"https:\/\/fonsvinum.com\/de\/wp-json\/wp\/v2\/product_brand?post=22002"},{"taxonomy":"product_cat","embeddable":true,"href":"https:\/\/fonsvinum.com\/de\/wp-json\/wp\/v2\/product_cat?post=22002"},{"taxonomy":"product_tag","embeddable":true,"href":"https:\/\/fonsvinum.com\/de\/wp-json\/wp\/v2\/product_tag?post=22002"}],"curies":[{"name":"wp","href":"https:\/\/api.w.org\/{rel}","templated":true}]}}