{"id":21994,"date":"2020-02-05T11:07:51","date_gmt":"2020-02-05T10:07:51","guid":{"rendered":"https:\/\/fonsvinum.com\/?post_type=product&#038;p=21994"},"modified":"2020-02-05T11:26:54","modified_gmt":"2020-02-05T10:26:54","slug":"solaia-2000-marchesi-antinori","status":"publish","type":"product","link":"https:\/\/fonsvinum.com\/de\/produkt\/solaia-2000-marchesi-antinori\/","title":{"rendered":"Solaia 2000 MARCHESI ANTINORI"},"content":{"rendered":"<h1><a href=\"http:\/\/www.antinori.it\/it\/26-generazioni\/tignanello\/solaia-2001\">Solaia 2000<\/a> MARCHESI ANTINORI<\/h1>\n<h2 class=\"heading heading--h3 text-animated text-animated--active\">Tenuta Tignanello<\/h2>\n<p class=\"article paragraph text-animated text-animated--active\">Die Tenuta Tignanello liegt im Herzen des Chianti Classico auf den sanften H\u00fcgeln zwischen dem Greve- und dem Pesa-Tal und umfasst 319 ha Land, davon 127 ha Rebfl\u00e4che.<\/p>\n<h2 class=\"heading heading--h3   \">Der Wein<\/h2>\n<p class=\"article paragraph   \">Von der sonnigsten Ecke des H\u00fcgels von Tignanello. Aus den besten Trauben des besten Weinbergs. Der Rest ist Leidenschaft, Sorgfalt, Pflege und Studien. Auf diese Weise entsteht Solaia, der aus den besten Cabernet Sauvignon, Cabernet Franc und Sangiovese Trauben des gleichnamigen Weinbergs hergestellt wird. Der Wein wird dann ca. 12 Monate in Barriques und ein weiteres Jahr auf der Flasche verfeinert.<\/p>\n<p>&nbsp;<\/p>\n<p>&nbsp;<\/p>\n<p>&nbsp;<\/p>\n","protected":false},"excerpt":{"rendered":"<p>Solaia 2000 MARCHESI ANTINORI Tenuta Tignanello Die Tenuta Tignanello liegt im Herzen des Chianti Classico auf den sanften H\u00fcgeln zwischen dem Greve- und dem Pesa-Tal und umfasst 319 ha Land, davon 127 ha Rebfl\u00e4che. Der Wein Von der sonnigsten Ecke des H\u00fcgels von Tignanello. Aus den besten Trauben des besten Weinbergs. Der Rest ist Leidenschaft, [&hellip;]<\/p>\n","protected":false},"featured_media":4064,"comment_status":"open","ping_status":"closed","template":"","meta":{"_acf_changed":false,"_monsterinsights_skip_tracking":false,"_monsterinsights_sitenote_active":false,"_monsterinsights_sitenote_note":"","_monsterinsights_sitenote_category":0},"product_brand":[],"product_cat":[2162],"product_tag":[1733,1751,1745],"class_list":{"0":"post-21994","1":"product","2":"type-product","3":"status-publish","4":"has-post-thumbnail","6":"product_cat-blend","7":"product_tag-aussergewoehnliche-weine-de","8":"product_tag-aussergewoehnliche-weine-aus-italien-de","9":"product_tag-super-tuscan-de","10":"pa_appellation-toscana-rosso-igt-de","11":"pa_formato-0-75-l-flasche-de","12":"pa_producer-marchesi-antinori-de","13":"pa_region-toskana-de","14":"pa_vine-75-cabernet-sauvignon-5-cabernet-franc-20-sangiovese-de","15":"pa_vintage-2000-de","17":"first","18":"instock","19":"taxable","20":"shipping-taxable","21":"purchasable","22":"product-type-simple"},"bundled_by":[],"bundle_stock_status":"instock","bundle_stock_quantity":1,"bundle_virtual":false,"bundle_layout":"","bundle_add_to_cart_form_location":"","bundle_editable_in_cart":false,"bundle_sold_individually_context":"","bundle_item_grouping":"","bundle_min_size":"","bundle_max_size":"","bundle_price":[],"bundled_items":[],"bundle_sell_ids":[],"yoast_head":"<!-- This site is optimized with the Yoast SEO plugin v27.3 - https:\/\/yoast.com\/product\/yoast-seo-wordpress\/ -->\n<title>Solaia 2000 MARCHESI ANTINORI on Fons Vinum<\/title>\n<meta name=\"description\" content=\"Solaia 2000 MARCHESI ANTINORI -Fons Vinum- Von der sonnigsten Ecke des H\u00fcgels von Tignanello. Aus den besten Trauben des besten Weinbergs.\" \/>\n<meta name=\"robots\" content=\"index, follow, max-snippet:-1, max-image-preview:large, max-video-preview:-1\" \/>\n<link rel=\"canonical\" href=\"https:\/\/fonsvinum.com\/de\/produkt\/solaia-2000-marchesi-antinori\/\" \/>\n<meta property=\"og:locale\" content=\"de_DE\" \/>\n<meta property=\"og:type\" content=\"article\" \/>\n<meta property=\"og:title\" content=\"Solaia 2000 MARCHESI ANTINORI on Fons Vinum\" \/>\n<meta property=\"og:description\" content=\"Solaia 2000 MARCHESI ANTINORI -Fons Vinum- Von der sonnigsten Ecke des H\u00fcgels von Tignanello. Aus den besten Trauben des besten Weinbergs.\" \/>\n<meta property=\"og:url\" content=\"https:\/\/fonsvinum.com\/de\/produkt\/solaia-2000-marchesi-antinori\/\" \/>\n<meta property=\"og:site_name\" content=\"Fons Vinum\" \/>\n<meta property=\"article:modified_time\" content=\"2020-02-05T10:26:54+00:00\" \/>\n<meta property=\"og:image\" content=\"https:\/\/fonsvinum.com\/files\/2015\/06\/solaia-marchesi-antinori.png\" \/>\n\t<meta property=\"og:image:width\" content=\"203\" \/>\n\t<meta property=\"og:image:height\" content=\"628\" \/>\n\t<meta property=\"og:image:type\" content=\"image\/png\" \/>\n<script type=\"application\/ld+json\" class=\"yoast-schema-graph\">{\"@context\":\"https:\\\/\\\/schema.org\",\"@graph\":[{\"@type\":\"WebPage\",\"@id\":\"https:\\\/\\\/fonsvinum.com\\\/de\\\/produkt\\\/solaia-2000-marchesi-antinori\\\/\",\"url\":\"https:\\\/\\\/fonsvinum.com\\\/de\\\/produkt\\\/solaia-2000-marchesi-antinori\\\/\",\"name\":\"Solaia 2000 MARCHESI ANTINORI on Fons Vinum\",\"isPartOf\":{\"@id\":\"https:\\\/\\\/fonsvinum.com\\\/en\\\/#website\"},\"primaryImageOfPage\":{\"@id\":\"https:\\\/\\\/fonsvinum.com\\\/de\\\/produkt\\\/solaia-2000-marchesi-antinori\\\/#primaryimage\"},\"image\":{\"@id\":\"https:\\\/\\\/fonsvinum.com\\\/de\\\/produkt\\\/solaia-2000-marchesi-antinori\\\/#primaryimage\"},\"thumbnailUrl\":\"https:\\\/\\\/fonsvinum.com\\\/files\\\/2015\\\/06\\\/solaia-marchesi-antinori.png\",\"datePublished\":\"2020-02-05T10:07:51+00:00\",\"dateModified\":\"2020-02-05T10:26:54+00:00\",\"description\":\"Solaia 2000 MARCHESI ANTINORI -Fons Vinum- Von der sonnigsten Ecke des H\u00fcgels von Tignanello. Aus den besten Trauben des besten Weinbergs.\",\"breadcrumb\":{\"@id\":\"https:\\\/\\\/fonsvinum.com\\\/de\\\/produkt\\\/solaia-2000-marchesi-antinori\\\/#breadcrumb\"},\"inLanguage\":\"de\",\"potentialAction\":[{\"@type\":\"ReadAction\",\"target\":[\"https:\\\/\\\/fonsvinum.com\\\/de\\\/produkt\\\/solaia-2000-marchesi-antinori\\\/\"]}]},{\"@type\":\"ImageObject\",\"inLanguage\":\"de\",\"@id\":\"https:\\\/\\\/fonsvinum.com\\\/de\\\/produkt\\\/solaia-2000-marchesi-antinori\\\/#primaryimage\",\"url\":\"https:\\\/\\\/fonsvinum.com\\\/files\\\/2015\\\/06\\\/solaia-marchesi-antinori.png\",\"contentUrl\":\"https:\\\/\\\/fonsvinum.com\\\/files\\\/2015\\\/06\\\/solaia-marchesi-antinori.png\",\"width\":203,\"height\":628},{\"@type\":\"BreadcrumbList\",\"@id\":\"https:\\\/\\\/fonsvinum.com\\\/de\\\/produkt\\\/solaia-2000-marchesi-antinori\\\/#breadcrumb\",\"itemListElement\":[{\"@type\":\"ListItem\",\"position\":1,\"name\":\"Startseite\",\"item\":\"https:\\\/\\\/fonsvinum.com\\\/de\\\/\"},{\"@type\":\"ListItem\",\"position\":2,\"name\":\"Shop\",\"item\":\"https:\\\/\\\/fonsvinum.com\\\/de\\\/shop\\\/\"},{\"@type\":\"ListItem\",\"position\":3,\"name\":\"Solaia 2000 MARCHESI ANTINORI\"}]},{\"@type\":\"WebSite\",\"@id\":\"https:\\\/\\\/fonsvinum.com\\\/en\\\/#website\",\"url\":\"https:\\\/\\\/fonsvinum.com\\\/en\\\/\",\"name\":\"Fons Vinum\",\"description\":\"Vendita Vino Online\",\"publisher\":{\"@id\":\"https:\\\/\\\/fonsvinum.com\\\/en\\\/#organization\"},\"potentialAction\":[{\"@type\":\"SearchAction\",\"target\":{\"@type\":\"EntryPoint\",\"urlTemplate\":\"https:\\\/\\\/fonsvinum.com\\\/en\\\/?s={search_term_string}\"},\"query-input\":{\"@type\":\"PropertyValueSpecification\",\"valueRequired\":true,\"valueName\":\"search_term_string\"}}],\"inLanguage\":\"de\"},{\"@type\":\"Organization\",\"@id\":\"https:\\\/\\\/fonsvinum.com\\\/en\\\/#organization\",\"name\":\"Fons Vinum\",\"url\":\"https:\\\/\\\/fonsvinum.com\\\/en\\\/\",\"logo\":{\"@type\":\"ImageObject\",\"inLanguage\":\"de\",\"@id\":\"https:\\\/\\\/fonsvinum.com\\\/en\\\/#\\\/schema\\\/logo\\\/image\\\/\",\"url\":\"\",\"contentUrl\":\"\",\"caption\":\"Fons Vinum\"},\"image\":{\"@id\":\"https:\\\/\\\/fonsvinum.com\\\/en\\\/#\\\/schema\\\/logo\\\/image\\\/\"}}]}<\/script>\n<!-- \/ Yoast SEO plugin. -->","yoast_head_json":{"title":"Solaia 2000 MARCHESI ANTINORI on Fons Vinum","description":"Solaia 2000 MARCHESI ANTINORI -Fons Vinum- Von der sonnigsten Ecke des H\u00fcgels von Tignanello. Aus den besten Trauben des besten Weinbergs.","robots":{"index":"index","follow":"follow","max-snippet":"max-snippet:-1","max-image-preview":"max-image-preview:large","max-video-preview":"max-video-preview:-1"},"canonical":"https:\/\/fonsvinum.com\/de\/produkt\/solaia-2000-marchesi-antinori\/","og_locale":"de_DE","og_type":"article","og_title":"Solaia 2000 MARCHESI ANTINORI on Fons Vinum","og_description":"Solaia 2000 MARCHESI ANTINORI -Fons Vinum- Von der sonnigsten Ecke des H\u00fcgels von Tignanello. Aus den besten Trauben des besten Weinbergs.","og_url":"https:\/\/fonsvinum.com\/de\/produkt\/solaia-2000-marchesi-antinori\/","og_site_name":"Fons Vinum","article_modified_time":"2020-02-05T10:26:54+00:00","og_image":[{"width":203,"height":628,"url":"https:\/\/fonsvinum.com\/files\/2015\/06\/solaia-marchesi-antinori.png","type":"image\/png"}],"schema":{"@context":"https:\/\/schema.org","@graph":[{"@type":"WebPage","@id":"https:\/\/fonsvinum.com\/de\/produkt\/solaia-2000-marchesi-antinori\/","url":"https:\/\/fonsvinum.com\/de\/produkt\/solaia-2000-marchesi-antinori\/","name":"Solaia 2000 MARCHESI ANTINORI on Fons Vinum","isPartOf":{"@id":"https:\/\/fonsvinum.com\/en\/#website"},"primaryImageOfPage":{"@id":"https:\/\/fonsvinum.com\/de\/produkt\/solaia-2000-marchesi-antinori\/#primaryimage"},"image":{"@id":"https:\/\/fonsvinum.com\/de\/produkt\/solaia-2000-marchesi-antinori\/#primaryimage"},"thumbnailUrl":"https:\/\/fonsvinum.com\/files\/2015\/06\/solaia-marchesi-antinori.png","datePublished":"2020-02-05T10:07:51+00:00","dateModified":"2020-02-05T10:26:54+00:00","description":"Solaia 2000 MARCHESI ANTINORI -Fons Vinum- Von der sonnigsten Ecke des H\u00fcgels von Tignanello. Aus den besten Trauben des besten Weinbergs.","breadcrumb":{"@id":"https:\/\/fonsvinum.com\/de\/produkt\/solaia-2000-marchesi-antinori\/#breadcrumb"},"inLanguage":"de","potentialAction":[{"@type":"ReadAction","target":["https:\/\/fonsvinum.com\/de\/produkt\/solaia-2000-marchesi-antinori\/"]}]},{"@type":"ImageObject","inLanguage":"de","@id":"https:\/\/fonsvinum.com\/de\/produkt\/solaia-2000-marchesi-antinori\/#primaryimage","url":"https:\/\/fonsvinum.com\/files\/2015\/06\/solaia-marchesi-antinori.png","contentUrl":"https:\/\/fonsvinum.com\/files\/2015\/06\/solaia-marchesi-antinori.png","width":203,"height":628},{"@type":"BreadcrumbList","@id":"https:\/\/fonsvinum.com\/de\/produkt\/solaia-2000-marchesi-antinori\/#breadcrumb","itemListElement":[{"@type":"ListItem","position":1,"name":"Startseite","item":"https:\/\/fonsvinum.com\/de\/"},{"@type":"ListItem","position":2,"name":"Shop","item":"https:\/\/fonsvinum.com\/de\/shop\/"},{"@type":"ListItem","position":3,"name":"Solaia 2000 MARCHESI ANTINORI"}]},{"@type":"WebSite","@id":"https:\/\/fonsvinum.com\/en\/#website","url":"https:\/\/fonsvinum.com\/en\/","name":"Fons Vinum","description":"Vendita Vino Online","publisher":{"@id":"https:\/\/fonsvinum.com\/en\/#organization"},"potentialAction":[{"@type":"SearchAction","target":{"@type":"EntryPoint","urlTemplate":"https:\/\/fonsvinum.com\/en\/?s={search_term_string}"},"query-input":{"@type":"PropertyValueSpecification","valueRequired":true,"valueName":"search_term_string"}}],"inLanguage":"de"},{"@type":"Organization","@id":"https:\/\/fonsvinum.com\/en\/#organization","name":"Fons Vinum","url":"https:\/\/fonsvinum.com\/en\/","logo":{"@type":"ImageObject","inLanguage":"de","@id":"https:\/\/fonsvinum.com\/en\/#\/schema\/logo\/image\/","url":"","contentUrl":"","caption":"Fons Vinum"},"image":{"@id":"https:\/\/fonsvinum.com\/en\/#\/schema\/logo\/image\/"}}]}},"acf":[],"_links":{"self":[{"href":"https:\/\/fonsvinum.com\/de\/wp-json\/wp\/v2\/product\/21994","targetHints":{"allow":["GET"]}}],"collection":[{"href":"https:\/\/fonsvinum.com\/de\/wp-json\/wp\/v2\/product"}],"about":[{"href":"https:\/\/fonsvinum.com\/de\/wp-json\/wp\/v2\/types\/product"}],"replies":[{"embeddable":true,"href":"https:\/\/fonsvinum.com\/de\/wp-json\/wp\/v2\/comments?post=21994"}],"wp:featuredmedia":[{"embeddable":true,"href":"https:\/\/fonsvinum.com\/de\/wp-json\/wp\/v2\/media\/4064"}],"wp:attachment":[{"href":"https:\/\/fonsvinum.com\/de\/wp-json\/wp\/v2\/media?parent=21994"}],"wp:term":[{"taxonomy":"product_brand","embeddable":true,"href":"https:\/\/fonsvinum.com\/de\/wp-json\/wp\/v2\/product_brand?post=21994"},{"taxonomy":"product_cat","embeddable":true,"href":"https:\/\/fonsvinum.com\/de\/wp-json\/wp\/v2\/product_cat?post=21994"},{"taxonomy":"product_tag","embeddable":true,"href":"https:\/\/fonsvinum.com\/de\/wp-json\/wp\/v2\/product_tag?post=21994"}],"curies":[{"name":"wp","href":"https:\/\/api.w.org\/{rel}","templated":true}]}}