{"id":21878,"date":"2020-01-30T12:31:57","date_gmt":"2020-01-30T11:31:57","guid":{"rendered":"https:\/\/fonsvinum.com\/?post_type=product&#038;p=21878"},"modified":"2021-10-21T10:30:59","modified_gmt":"2021-10-21T08:30:59","slug":"tenuta-masseto-massetino-2017","status":"publish","type":"product","link":"https:\/\/fonsvinum.com\/de\/produkt\/tenuta-masseto-massetino-2017\/","title":{"rendered":"TENUTA MASSETO Massetino 2017"},"content":{"rendered":"<h2><a href=\"https:\/\/fonsvinum.com\/de\/attributes\/producer\/tenuta-masseto-de\/\">TENUTA MASSETO<\/a> Massetino 2017<\/h2>\n<h2>TENUTA MASSETO<\/h2>\n<div id=\"page\" class=\"site var-group\">\n<div id=\"page-wrapper\" class=\"var-page\">\n<div class=\"page-image text-center\">\n<div class=\"container\">\n<div class=\"row\">\n<div class=\"col-12\">\n<p>An der toskanischen K\u00fcste, nahe beim kleinen Ort Bolgheri befindet sich auf einem H\u00fcgelhang ein magischer Weinberg mit Blick auf das Tyrrhenische Meer. Der hier hergestellte Wein sollte niemals existieren. Das Potenzial des ungenutzten Hangs wurde erst in den 80er Jahren erkannt, als gegen alle Widrigkeiten, Ratschl\u00e4ge und lokalen Traditionen die ersten Rebst\u00f6cke gepflanzt wurden. In den folgenden drei Jahrzehnten hat der Weinberg viele Geheimnisse enth\u00fcllt, aber fast noch mehr sind weiterhin unerforscht.<\/p>\n<h3>&#8230;DIE PHILOSOPHIE&#8230;<\/h3>\n<p><em>&#8222;Bei Masseto versuchen wir, die Weine so wenig wie m\u00f6glich zu bearbeiten. Unser Ziel ist es, einfach das Wesen der Natur einzufangen und es auf h\u00f6chstes Niveau zu bringen.<br \/>\nHier geht es um einen erstaunlichen, sehr anspruchsvollen Weinberg und einen Wein, der mit gro\u00dfer Einfachheit hergestellt wird. Wir haben G\u00e4rtanks. Wir haben F\u00e4sser. Wir haben die Schwerkraft. Und wir haben Leute, die den Wein wichtig nehmen. Das ist alles. Das ist unsere Philosophie.&#8220;<br \/>\nAxel Heinz, Gutsdirektor<\/em><\/p>\n<\/div>\n<h2 class=\"col-12\">MASSETINO<\/h2>\n<\/div>\n<\/div>\n<\/div>\n<\/div>\n<\/div>\n<p>&#8222;Der Zweitwein entstammt der Auswahl f\u00fcr den Masseto und teilt daher mit seinem Bruder den gleichen Stammbaum.&#8220;<\/p>\n<p><em>Erster Jahrgang: 2017. Marktauftritt im Oktober 2019. Extrem limitierte Produktionsmenge.<\/em><\/p>\n","protected":false},"excerpt":{"rendered":"<p>TENUTA MASSETO Massetino 2017 TENUTA MASSETO An der toskanischen K\u00fcste, nahe beim kleinen Ort Bolgheri befindet sich auf einem H\u00fcgelhang ein magischer Weinberg mit Blick auf das Tyrrhenische Meer. Der hier hergestellte Wein sollte niemals existieren. Das Potenzial des ungenutzten Hangs wurde erst in den 80er Jahren erkannt, als gegen alle Widrigkeiten, Ratschl\u00e4ge und lokalen [&hellip;]<\/p>\n","protected":false},"featured_media":21886,"comment_status":"open","ping_status":"closed","template":"","meta":{"_acf_changed":false,"_monsterinsights_skip_tracking":false,"_monsterinsights_sitenote_active":false,"_monsterinsights_sitenote_note":"","_monsterinsights_sitenote_category":0},"product_brand":[],"product_cat":[15711,2176],"product_tag":[1733,1745,3583],"class_list":{"0":"post-21878","1":"product","2":"type-product","3":"status-publish","4":"has-post-thumbnail","6":"product_cat-cabernet-franc-de","7":"product_cat-merlot-de","8":"product_tag-aussergewoehnliche-weine-de","9":"product_tag-super-tuscan-de","10":"product_tag-vini-toscani-de","11":"pa_appellation-toscana-rosso-igt-de","12":"pa_formato-0-75-l-flasche-de","13":"pa_producer-tenuta-dellornellaia-de","14":"pa_region-toskana-de","15":"pa_vine-92-merlot-8-cabernet-franc-de","16":"pa_vintage-2017-de","18":"first","19":"instock","20":"featured","21":"taxable","22":"shipping-taxable","23":"purchasable","24":"product-type-simple"},"bundled_by":[],"bundle_stock_status":"instock","bundle_stock_quantity":2,"bundle_virtual":false,"bundle_layout":"","bundle_add_to_cart_form_location":"","bundle_editable_in_cart":false,"bundle_sold_individually_context":"","bundle_item_grouping":"","bundle_min_size":"","bundle_max_size":"","bundle_price":[],"bundled_items":[],"bundle_sell_ids":[],"yoast_head":"<!-- This site is optimized with the Yoast SEO plugin v27.3 - https:\/\/yoast.com\/product\/yoast-seo-wordpress\/ -->\n<title>Kaufen on line TENUTA MASSETO Massetino 2017 to Fons Vinum<\/title>\n<meta name=\"description\" content=\"Massetino 2016 -Tenuta Masseto -Fons Vinum- ... ist ein rarer und kostbarer Cru mit Sammlerwert. Er z\u00e4hlt zu den exklusivsten Weinen der Welt...\" \/>\n<meta name=\"robots\" content=\"index, follow, max-snippet:-1, max-image-preview:large, max-video-preview:-1\" \/>\n<link rel=\"canonical\" href=\"https:\/\/fonsvinum.com\/de\/produkt\/tenuta-masseto-massetino-2017\/\" \/>\n<meta property=\"og:locale\" content=\"de_DE\" \/>\n<meta property=\"og:type\" content=\"article\" \/>\n<meta property=\"og:title\" content=\"Kaufen on line TENUTA MASSETO Massetino 2017 to Fons Vinum\" \/>\n<meta property=\"og:description\" content=\"Massetino 2016 -Tenuta Masseto -Fons Vinum- ... ist ein rarer und kostbarer Cru mit Sammlerwert. Er z\u00e4hlt zu den exklusivsten Weinen der Welt...\" \/>\n<meta property=\"og:url\" content=\"https:\/\/fonsvinum.com\/de\/produkt\/tenuta-masseto-massetino-2017\/\" \/>\n<meta property=\"og:site_name\" content=\"Fons Vinum\" \/>\n<meta property=\"article:modified_time\" content=\"2021-10-21T08:30:59+00:00\" \/>\n<meta property=\"og:image\" content=\"https:\/\/fonsvinum.com\/files\/2020\/01\/massetino-tenuta-dellornellaia.jpg\" \/>\n\t<meta property=\"og:image:width\" content=\"200\" \/>\n\t<meta property=\"og:image:height\" content=\"600\" \/>\n\t<meta property=\"og:image:type\" content=\"image\/jpeg\" \/>\n<meta name=\"twitter:label1\" content=\"Gesch\u00e4tzte Lesezeit\" \/>\n\t<meta name=\"twitter:data1\" content=\"1\u00a0Minute\" \/>\n<script type=\"application\/ld+json\" class=\"yoast-schema-graph\">{\"@context\":\"https:\\\/\\\/schema.org\",\"@graph\":[{\"@type\":\"WebPage\",\"@id\":\"https:\\\/\\\/fonsvinum.com\\\/de\\\/produkt\\\/tenuta-masseto-massetino-2017\\\/\",\"url\":\"https:\\\/\\\/fonsvinum.com\\\/de\\\/produkt\\\/tenuta-masseto-massetino-2017\\\/\",\"name\":\"Kaufen on line TENUTA MASSETO Massetino 2017 to Fons Vinum\",\"isPartOf\":{\"@id\":\"https:\\\/\\\/fonsvinum.com\\\/en\\\/#website\"},\"primaryImageOfPage\":{\"@id\":\"https:\\\/\\\/fonsvinum.com\\\/de\\\/produkt\\\/tenuta-masseto-massetino-2017\\\/#primaryimage\"},\"image\":{\"@id\":\"https:\\\/\\\/fonsvinum.com\\\/de\\\/produkt\\\/tenuta-masseto-massetino-2017\\\/#primaryimage\"},\"thumbnailUrl\":\"https:\\\/\\\/fonsvinum.com\\\/files\\\/2020\\\/01\\\/massetino-tenuta-dellornellaia.jpg\",\"datePublished\":\"2020-01-30T11:31:57+00:00\",\"dateModified\":\"2021-10-21T08:30:59+00:00\",\"description\":\"Massetino 2016 -Tenuta Masseto -Fons Vinum- ... ist ein rarer und kostbarer Cru mit Sammlerwert. Er z\u00e4hlt zu den exklusivsten Weinen der Welt...\",\"breadcrumb\":{\"@id\":\"https:\\\/\\\/fonsvinum.com\\\/de\\\/produkt\\\/tenuta-masseto-massetino-2017\\\/#breadcrumb\"},\"inLanguage\":\"de\",\"potentialAction\":[{\"@type\":\"ReadAction\",\"target\":[\"https:\\\/\\\/fonsvinum.com\\\/de\\\/produkt\\\/tenuta-masseto-massetino-2017\\\/\"]}]},{\"@type\":\"ImageObject\",\"inLanguage\":\"de\",\"@id\":\"https:\\\/\\\/fonsvinum.com\\\/de\\\/produkt\\\/tenuta-masseto-massetino-2017\\\/#primaryimage\",\"url\":\"https:\\\/\\\/fonsvinum.com\\\/files\\\/2020\\\/01\\\/massetino-tenuta-dellornellaia.jpg\",\"contentUrl\":\"https:\\\/\\\/fonsvinum.com\\\/files\\\/2020\\\/01\\\/massetino-tenuta-dellornellaia.jpg\",\"width\":200,\"height\":600},{\"@type\":\"BreadcrumbList\",\"@id\":\"https:\\\/\\\/fonsvinum.com\\\/de\\\/produkt\\\/tenuta-masseto-massetino-2017\\\/#breadcrumb\",\"itemListElement\":[{\"@type\":\"ListItem\",\"position\":1,\"name\":\"Startseite\",\"item\":\"https:\\\/\\\/fonsvinum.com\\\/de\\\/\"},{\"@type\":\"ListItem\",\"position\":2,\"name\":\"Shop\",\"item\":\"https:\\\/\\\/fonsvinum.com\\\/de\\\/shop\\\/\"},{\"@type\":\"ListItem\",\"position\":3,\"name\":\"TENUTA MASSETO Massetino 2017\"}]},{\"@type\":\"WebSite\",\"@id\":\"https:\\\/\\\/fonsvinum.com\\\/en\\\/#website\",\"url\":\"https:\\\/\\\/fonsvinum.com\\\/en\\\/\",\"name\":\"Fons Vinum\",\"description\":\"Vendita Vino Online\",\"publisher\":{\"@id\":\"https:\\\/\\\/fonsvinum.com\\\/en\\\/#organization\"},\"potentialAction\":[{\"@type\":\"SearchAction\",\"target\":{\"@type\":\"EntryPoint\",\"urlTemplate\":\"https:\\\/\\\/fonsvinum.com\\\/en\\\/?s={search_term_string}\"},\"query-input\":{\"@type\":\"PropertyValueSpecification\",\"valueRequired\":true,\"valueName\":\"search_term_string\"}}],\"inLanguage\":\"de\"},{\"@type\":\"Organization\",\"@id\":\"https:\\\/\\\/fonsvinum.com\\\/en\\\/#organization\",\"name\":\"Fons Vinum\",\"url\":\"https:\\\/\\\/fonsvinum.com\\\/en\\\/\",\"logo\":{\"@type\":\"ImageObject\",\"inLanguage\":\"de\",\"@id\":\"https:\\\/\\\/fonsvinum.com\\\/en\\\/#\\\/schema\\\/logo\\\/image\\\/\",\"url\":\"\",\"contentUrl\":\"\",\"caption\":\"Fons Vinum\"},\"image\":{\"@id\":\"https:\\\/\\\/fonsvinum.com\\\/en\\\/#\\\/schema\\\/logo\\\/image\\\/\"}}]}<\/script>\n<!-- \/ Yoast SEO plugin. -->","yoast_head_json":{"title":"Kaufen on line TENUTA MASSETO Massetino 2017 to Fons Vinum","description":"Massetino 2016 -Tenuta Masseto -Fons Vinum- ... ist ein rarer und kostbarer Cru mit Sammlerwert. Er z\u00e4hlt zu den exklusivsten Weinen der Welt...","robots":{"index":"index","follow":"follow","max-snippet":"max-snippet:-1","max-image-preview":"max-image-preview:large","max-video-preview":"max-video-preview:-1"},"canonical":"https:\/\/fonsvinum.com\/de\/produkt\/tenuta-masseto-massetino-2017\/","og_locale":"de_DE","og_type":"article","og_title":"Kaufen on line TENUTA MASSETO Massetino 2017 to Fons Vinum","og_description":"Massetino 2016 -Tenuta Masseto -Fons Vinum- ... ist ein rarer und kostbarer Cru mit Sammlerwert. Er z\u00e4hlt zu den exklusivsten Weinen der Welt...","og_url":"https:\/\/fonsvinum.com\/de\/produkt\/tenuta-masseto-massetino-2017\/","og_site_name":"Fons Vinum","article_modified_time":"2021-10-21T08:30:59+00:00","og_image":[{"width":200,"height":600,"url":"https:\/\/fonsvinum.com\/files\/2020\/01\/massetino-tenuta-dellornellaia.jpg","type":"image\/jpeg"}],"twitter_misc":{"Gesch\u00e4tzte Lesezeit":"1\u00a0Minute"},"schema":{"@context":"https:\/\/schema.org","@graph":[{"@type":"WebPage","@id":"https:\/\/fonsvinum.com\/de\/produkt\/tenuta-masseto-massetino-2017\/","url":"https:\/\/fonsvinum.com\/de\/produkt\/tenuta-masseto-massetino-2017\/","name":"Kaufen on line TENUTA MASSETO Massetino 2017 to Fons Vinum","isPartOf":{"@id":"https:\/\/fonsvinum.com\/en\/#website"},"primaryImageOfPage":{"@id":"https:\/\/fonsvinum.com\/de\/produkt\/tenuta-masseto-massetino-2017\/#primaryimage"},"image":{"@id":"https:\/\/fonsvinum.com\/de\/produkt\/tenuta-masseto-massetino-2017\/#primaryimage"},"thumbnailUrl":"https:\/\/fonsvinum.com\/files\/2020\/01\/massetino-tenuta-dellornellaia.jpg","datePublished":"2020-01-30T11:31:57+00:00","dateModified":"2021-10-21T08:30:59+00:00","description":"Massetino 2016 -Tenuta Masseto -Fons Vinum- ... ist ein rarer und kostbarer Cru mit Sammlerwert. Er z\u00e4hlt zu den exklusivsten Weinen der Welt...","breadcrumb":{"@id":"https:\/\/fonsvinum.com\/de\/produkt\/tenuta-masseto-massetino-2017\/#breadcrumb"},"inLanguage":"de","potentialAction":[{"@type":"ReadAction","target":["https:\/\/fonsvinum.com\/de\/produkt\/tenuta-masseto-massetino-2017\/"]}]},{"@type":"ImageObject","inLanguage":"de","@id":"https:\/\/fonsvinum.com\/de\/produkt\/tenuta-masseto-massetino-2017\/#primaryimage","url":"https:\/\/fonsvinum.com\/files\/2020\/01\/massetino-tenuta-dellornellaia.jpg","contentUrl":"https:\/\/fonsvinum.com\/files\/2020\/01\/massetino-tenuta-dellornellaia.jpg","width":200,"height":600},{"@type":"BreadcrumbList","@id":"https:\/\/fonsvinum.com\/de\/produkt\/tenuta-masseto-massetino-2017\/#breadcrumb","itemListElement":[{"@type":"ListItem","position":1,"name":"Startseite","item":"https:\/\/fonsvinum.com\/de\/"},{"@type":"ListItem","position":2,"name":"Shop","item":"https:\/\/fonsvinum.com\/de\/shop\/"},{"@type":"ListItem","position":3,"name":"TENUTA MASSETO Massetino 2017"}]},{"@type":"WebSite","@id":"https:\/\/fonsvinum.com\/en\/#website","url":"https:\/\/fonsvinum.com\/en\/","name":"Fons Vinum","description":"Vendita Vino Online","publisher":{"@id":"https:\/\/fonsvinum.com\/en\/#organization"},"potentialAction":[{"@type":"SearchAction","target":{"@type":"EntryPoint","urlTemplate":"https:\/\/fonsvinum.com\/en\/?s={search_term_string}"},"query-input":{"@type":"PropertyValueSpecification","valueRequired":true,"valueName":"search_term_string"}}],"inLanguage":"de"},{"@type":"Organization","@id":"https:\/\/fonsvinum.com\/en\/#organization","name":"Fons Vinum","url":"https:\/\/fonsvinum.com\/en\/","logo":{"@type":"ImageObject","inLanguage":"de","@id":"https:\/\/fonsvinum.com\/en\/#\/schema\/logo\/image\/","url":"","contentUrl":"","caption":"Fons Vinum"},"image":{"@id":"https:\/\/fonsvinum.com\/en\/#\/schema\/logo\/image\/"}}]}},"acf":[],"_links":{"self":[{"href":"https:\/\/fonsvinum.com\/de\/wp-json\/wp\/v2\/product\/21878","targetHints":{"allow":["GET"]}}],"collection":[{"href":"https:\/\/fonsvinum.com\/de\/wp-json\/wp\/v2\/product"}],"about":[{"href":"https:\/\/fonsvinum.com\/de\/wp-json\/wp\/v2\/types\/product"}],"replies":[{"embeddable":true,"href":"https:\/\/fonsvinum.com\/de\/wp-json\/wp\/v2\/comments?post=21878"}],"wp:featuredmedia":[{"embeddable":true,"href":"https:\/\/fonsvinum.com\/de\/wp-json\/wp\/v2\/media\/21886"}],"wp:attachment":[{"href":"https:\/\/fonsvinum.com\/de\/wp-json\/wp\/v2\/media?parent=21878"}],"wp:term":[{"taxonomy":"product_brand","embeddable":true,"href":"https:\/\/fonsvinum.com\/de\/wp-json\/wp\/v2\/product_brand?post=21878"},{"taxonomy":"product_cat","embeddable":true,"href":"https:\/\/fonsvinum.com\/de\/wp-json\/wp\/v2\/product_cat?post=21878"},{"taxonomy":"product_tag","embeddable":true,"href":"https:\/\/fonsvinum.com\/de\/wp-json\/wp\/v2\/product_tag?post=21878"}],"curies":[{"name":"wp","href":"https:\/\/api.w.org\/{rel}","templated":true}]}}