{"id":21439,"date":"2019-12-12T10:01:32","date_gmt":"2019-12-12T09:01:32","guid":{"rendered":"https:\/\/fonsvinum.com\/?post_type=product&#038;p=21439"},"modified":"2019-12-12T11:20:08","modified_gmt":"2019-12-12T10:20:08","slug":"nebbiolo-d-alba-valmaggiore-luciano-sandrone-2016","status":"publish","type":"product","link":"https:\/\/fonsvinum.com\/de\/produkt\/nebbiolo-d-alba-valmaggiore-luciano-sandrone-2016\/","title":{"rendered":"Nebbiolo D&#8217;Alba Valmaggiore Luciano Sandrone 2016"},"content":{"rendered":"<h1>Nebbiolo D&#8217;Alba Valmaggiore Luciano Sandrone 2016<\/h1>\n<h3>Weingut:<\/h3>\n<p>Luciano Sandrone ist einer der gro\u00dfen Erneuerer in der Langhe, der sich eindeutig am Vorbild Burgund orientiert. Seine beiden Baroli belegen regelm\u00e4\u00dfig Spitzenpl\u00e4tze in den Bestenlisten. W\u00e4hrend der Cannubi Boschis ein Lagenbarolo ist, werden f\u00fcr den Le Vigne Trauben aus vier vershiedenen Lagen verwendet.<\/p>\n<p>Barolo Aleste ist eine Wortzusammensetzung aus Alessia und Stefano.<\/p>\n<p>Ge\u00e4ndert hat sich ansonsten nichts.<\/p>\n<p>Hier ist immer noch der Cannubi Boschis in der Flasche. Trotzdem waren Barbara und Stefano die Erw\u00e4hnung seiner Enkel und damit n\u00e4chsten Generation, die das Weingut pr\u00e4gen soll wichtiger als die Hervorhebung der Lage.<\/p>\n<p>Cannubi Boschis, das ist der Weinberg, der direkt vis a vis vom Weingut liegt. Cannubi ist sicherlich die ber\u00fchmteste Lage der gesamten Langhe \u00fcberhaupt und von vielen f\u00fcr die beste Barolo Lage von allen gehalten.<\/p>\n<p>Das Herz des Cannubi ist die Unterlage Boschis, benannt nach den fr\u00fcheren Besitzern. Kalkstein und etwas wei\u00dfer Lehm.\u00a0 Cannubi ist die beste Lage im Barolo.<\/p>\n<p>&nbsp;<\/p>\n","protected":false},"excerpt":{"rendered":"<p>Nebbiolo D&#8217;Alba Valmaggiore Luciano Sandrone 2016 Weingut: Luciano Sandrone ist einer der gro\u00dfen Erneuerer in der Langhe, der sich eindeutig am Vorbild Burgund orientiert. Seine beiden Baroli belegen regelm\u00e4\u00dfig Spitzenpl\u00e4tze in den Bestenlisten. W\u00e4hrend der Cannubi Boschis ein Lagenbarolo ist, werden f\u00fcr den Le Vigne Trauben aus vier vershiedenen Lagen verwendet. Barolo Aleste ist eine [&hellip;]<\/p>\n","protected":false},"featured_media":21451,"comment_status":"open","ping_status":"closed","template":"","meta":{"_acf_changed":false,"_monsterinsights_skip_tracking":false,"_monsterinsights_sitenote_active":false,"_monsterinsights_sitenote_note":"","_monsterinsights_sitenote_category":0},"product_brand":[],"product_cat":[2356],"product_tag":[],"class_list":{"0":"post-21439","1":"product","2":"type-product","3":"status-publish","4":"has-post-thumbnail","6":"product_cat-nebbiolo-de","7":"pa_appellation-nebbiolo-dalba-doc-de","8":"pa_formato-0-75-l-flasche-de","9":"pa_producer-luciano-sandrone-de","10":"pa_region-piemont-de","11":"pa_vine-nebbiolo-de","12":"pa_vintage-2017-de","14":"first","15":"outofstock","16":"taxable","17":"shipping-taxable","18":"purchasable","19":"product-type-simple"},"bundled_by":[],"bundle_stock_status":"outofstock","bundle_stock_quantity":0,"bundle_virtual":false,"bundle_layout":"","bundle_add_to_cart_form_location":"","bundle_editable_in_cart":false,"bundle_sold_individually_context":"","bundle_item_grouping":"","bundle_min_size":"","bundle_max_size":"","bundle_price":[],"bundled_items":[],"bundle_sell_ids":[],"yoast_head":"<!-- This site is optimized with the Yoast SEO plugin v27.2 - https:\/\/yoast.com\/product\/yoast-seo-wordpress\/ -->\n<title>Nebbiolo D&#039;Alba Valmaggiore Luciano Sandrone 2016 - Fons Vinum<\/title>\n<meta name=\"description\" content=\"Nebbiolo D&#039;Alba Valmaggiore Luciano Sandrone 2016 -Fons Vinum\" \/>\n<meta name=\"robots\" content=\"index, follow, max-snippet:-1, max-image-preview:large, max-video-preview:-1\" \/>\n<link rel=\"canonical\" href=\"https:\/\/fonsvinum.com\/de\/produkt\/nebbiolo-d-alba-valmaggiore-luciano-sandrone-2016\/\" \/>\n<meta property=\"og:locale\" content=\"de_DE\" \/>\n<meta property=\"og:type\" content=\"article\" \/>\n<meta property=\"og:title\" content=\"Nebbiolo D&#039;Alba Valmaggiore Luciano Sandrone 2016 - Fons Vinum\" \/>\n<meta property=\"og:description\" content=\"Nebbiolo D&#039;Alba Valmaggiore Luciano Sandrone 2016 -Fons Vinum\" \/>\n<meta property=\"og:url\" content=\"https:\/\/fonsvinum.com\/de\/produkt\/nebbiolo-d-alba-valmaggiore-luciano-sandrone-2016\/\" \/>\n<meta property=\"og:site_name\" content=\"Fons Vinum\" \/>\n<meta property=\"article:modified_time\" content=\"2019-12-12T10:20:08+00:00\" \/>\n<meta property=\"og:image\" content=\"https:\/\/fonsvinum.com\/files\/2019\/12\/nebbiolo-valmaggiore-luciando-sandrone.jpg\" \/>\n\t<meta property=\"og:image:width\" content=\"200\" \/>\n\t<meta property=\"og:image:height\" content=\"600\" \/>\n\t<meta property=\"og:image:type\" content=\"image\/jpeg\" \/>\n<meta name=\"twitter:label1\" content=\"Gesch\u00e4tzte Lesezeit\" \/>\n\t<meta name=\"twitter:data1\" content=\"1\u00a0Minute\" \/>\n<script type=\"application\/ld+json\" class=\"yoast-schema-graph\">{\"@context\":\"https:\/\/schema.org\",\"@graph\":[{\"@type\":\"WebPage\",\"@id\":\"https:\/\/fonsvinum.com\/de\/produkt\/nebbiolo-d-alba-valmaggiore-luciano-sandrone-2016\/\",\"url\":\"https:\/\/fonsvinum.com\/de\/produkt\/nebbiolo-d-alba-valmaggiore-luciano-sandrone-2016\/\",\"name\":\"Nebbiolo D'Alba Valmaggiore Luciano Sandrone 2016 - Fons Vinum\",\"isPartOf\":{\"@id\":\"https:\/\/fonsvinum.com\/en\/#website\"},\"primaryImageOfPage\":{\"@id\":\"https:\/\/fonsvinum.com\/de\/produkt\/nebbiolo-d-alba-valmaggiore-luciano-sandrone-2016\/#primaryimage\"},\"image\":{\"@id\":\"https:\/\/fonsvinum.com\/de\/produkt\/nebbiolo-d-alba-valmaggiore-luciano-sandrone-2016\/#primaryimage\"},\"thumbnailUrl\":\"https:\/\/fonsvinum.com\/files\/2019\/12\/nebbiolo-valmaggiore-luciando-sandrone.jpg\",\"datePublished\":\"2019-12-12T09:01:32+00:00\",\"dateModified\":\"2019-12-12T10:20:08+00:00\",\"description\":\"Nebbiolo D'Alba Valmaggiore Luciano Sandrone 2016 -Fons Vinum\",\"breadcrumb\":{\"@id\":\"https:\/\/fonsvinum.com\/de\/produkt\/nebbiolo-d-alba-valmaggiore-luciano-sandrone-2016\/#breadcrumb\"},\"inLanguage\":\"de\",\"potentialAction\":[{\"@type\":\"ReadAction\",\"target\":[\"https:\/\/fonsvinum.com\/de\/produkt\/nebbiolo-d-alba-valmaggiore-luciano-sandrone-2016\/\"]}]},{\"@type\":\"ImageObject\",\"inLanguage\":\"de\",\"@id\":\"https:\/\/fonsvinum.com\/de\/produkt\/nebbiolo-d-alba-valmaggiore-luciano-sandrone-2016\/#primaryimage\",\"url\":\"https:\/\/fonsvinum.com\/files\/2019\/12\/nebbiolo-valmaggiore-luciando-sandrone.jpg\",\"contentUrl\":\"https:\/\/fonsvinum.com\/files\/2019\/12\/nebbiolo-valmaggiore-luciando-sandrone.jpg\",\"width\":200,\"height\":600},{\"@type\":\"BreadcrumbList\",\"@id\":\"https:\/\/fonsvinum.com\/de\/produkt\/nebbiolo-d-alba-valmaggiore-luciano-sandrone-2016\/#breadcrumb\",\"itemListElement\":[{\"@type\":\"ListItem\",\"position\":1,\"name\":\"Startseite\",\"item\":\"https:\/\/fonsvinum.com\/de\/\"},{\"@type\":\"ListItem\",\"position\":2,\"name\":\"Shop\",\"item\":\"https:\/\/fonsvinum.com\/de\/shop\/\"},{\"@type\":\"ListItem\",\"position\":3,\"name\":\"Nebbiolo D&#8217;Alba Valmaggiore Luciano Sandrone 2016\"}]},{\"@type\":\"WebSite\",\"@id\":\"https:\/\/fonsvinum.com\/en\/#website\",\"url\":\"https:\/\/fonsvinum.com\/en\/\",\"name\":\"Fons Vinum\",\"description\":\"Vendita Vino Online\",\"publisher\":{\"@id\":\"https:\/\/fonsvinum.com\/en\/#organization\"},\"potentialAction\":[{\"@type\":\"SearchAction\",\"target\":{\"@type\":\"EntryPoint\",\"urlTemplate\":\"https:\/\/fonsvinum.com\/en\/?s={search_term_string}\"},\"query-input\":{\"@type\":\"PropertyValueSpecification\",\"valueRequired\":true,\"valueName\":\"search_term_string\"}}],\"inLanguage\":\"de\"},{\"@type\":\"Organization\",\"@id\":\"https:\/\/fonsvinum.com\/en\/#organization\",\"name\":\"Fons Vinum\",\"url\":\"https:\/\/fonsvinum.com\/en\/\",\"logo\":{\"@type\":\"ImageObject\",\"inLanguage\":\"de\",\"@id\":\"https:\/\/fonsvinum.com\/en\/#\/schema\/logo\/image\/\",\"url\":\"\",\"contentUrl\":\"\",\"caption\":\"Fons Vinum\"},\"image\":{\"@id\":\"https:\/\/fonsvinum.com\/en\/#\/schema\/logo\/image\/\"}}]}<\/script>\n<!-- \/ Yoast SEO plugin. -->","yoast_head_json":{"title":"Nebbiolo D'Alba Valmaggiore Luciano Sandrone 2016 - Fons Vinum","description":"Nebbiolo D'Alba Valmaggiore Luciano Sandrone 2016 -Fons Vinum","robots":{"index":"index","follow":"follow","max-snippet":"max-snippet:-1","max-image-preview":"max-image-preview:large","max-video-preview":"max-video-preview:-1"},"canonical":"https:\/\/fonsvinum.com\/de\/produkt\/nebbiolo-d-alba-valmaggiore-luciano-sandrone-2016\/","og_locale":"de_DE","og_type":"article","og_title":"Nebbiolo D'Alba Valmaggiore Luciano Sandrone 2016 - Fons Vinum","og_description":"Nebbiolo D'Alba Valmaggiore Luciano Sandrone 2016 -Fons Vinum","og_url":"https:\/\/fonsvinum.com\/de\/produkt\/nebbiolo-d-alba-valmaggiore-luciano-sandrone-2016\/","og_site_name":"Fons Vinum","article_modified_time":"2019-12-12T10:20:08+00:00","og_image":[{"width":200,"height":600,"url":"https:\/\/fonsvinum.com\/files\/2019\/12\/nebbiolo-valmaggiore-luciando-sandrone.jpg","type":"image\/jpeg"}],"twitter_misc":{"Gesch\u00e4tzte Lesezeit":"1\u00a0Minute"},"schema":{"@context":"https:\/\/schema.org","@graph":[{"@type":"WebPage","@id":"https:\/\/fonsvinum.com\/de\/produkt\/nebbiolo-d-alba-valmaggiore-luciano-sandrone-2016\/","url":"https:\/\/fonsvinum.com\/de\/produkt\/nebbiolo-d-alba-valmaggiore-luciano-sandrone-2016\/","name":"Nebbiolo D'Alba Valmaggiore Luciano Sandrone 2016 - Fons Vinum","isPartOf":{"@id":"https:\/\/fonsvinum.com\/en\/#website"},"primaryImageOfPage":{"@id":"https:\/\/fonsvinum.com\/de\/produkt\/nebbiolo-d-alba-valmaggiore-luciano-sandrone-2016\/#primaryimage"},"image":{"@id":"https:\/\/fonsvinum.com\/de\/produkt\/nebbiolo-d-alba-valmaggiore-luciano-sandrone-2016\/#primaryimage"},"thumbnailUrl":"https:\/\/fonsvinum.com\/files\/2019\/12\/nebbiolo-valmaggiore-luciando-sandrone.jpg","datePublished":"2019-12-12T09:01:32+00:00","dateModified":"2019-12-12T10:20:08+00:00","description":"Nebbiolo D'Alba Valmaggiore Luciano Sandrone 2016 -Fons Vinum","breadcrumb":{"@id":"https:\/\/fonsvinum.com\/de\/produkt\/nebbiolo-d-alba-valmaggiore-luciano-sandrone-2016\/#breadcrumb"},"inLanguage":"de","potentialAction":[{"@type":"ReadAction","target":["https:\/\/fonsvinum.com\/de\/produkt\/nebbiolo-d-alba-valmaggiore-luciano-sandrone-2016\/"]}]},{"@type":"ImageObject","inLanguage":"de","@id":"https:\/\/fonsvinum.com\/de\/produkt\/nebbiolo-d-alba-valmaggiore-luciano-sandrone-2016\/#primaryimage","url":"https:\/\/fonsvinum.com\/files\/2019\/12\/nebbiolo-valmaggiore-luciando-sandrone.jpg","contentUrl":"https:\/\/fonsvinum.com\/files\/2019\/12\/nebbiolo-valmaggiore-luciando-sandrone.jpg","width":200,"height":600},{"@type":"BreadcrumbList","@id":"https:\/\/fonsvinum.com\/de\/produkt\/nebbiolo-d-alba-valmaggiore-luciano-sandrone-2016\/#breadcrumb","itemListElement":[{"@type":"ListItem","position":1,"name":"Startseite","item":"https:\/\/fonsvinum.com\/de\/"},{"@type":"ListItem","position":2,"name":"Shop","item":"https:\/\/fonsvinum.com\/de\/shop\/"},{"@type":"ListItem","position":3,"name":"Nebbiolo D&#8217;Alba Valmaggiore Luciano Sandrone 2016"}]},{"@type":"WebSite","@id":"https:\/\/fonsvinum.com\/en\/#website","url":"https:\/\/fonsvinum.com\/en\/","name":"Fons Vinum","description":"Vendita Vino Online","publisher":{"@id":"https:\/\/fonsvinum.com\/en\/#organization"},"potentialAction":[{"@type":"SearchAction","target":{"@type":"EntryPoint","urlTemplate":"https:\/\/fonsvinum.com\/en\/?s={search_term_string}"},"query-input":{"@type":"PropertyValueSpecification","valueRequired":true,"valueName":"search_term_string"}}],"inLanguage":"de"},{"@type":"Organization","@id":"https:\/\/fonsvinum.com\/en\/#organization","name":"Fons Vinum","url":"https:\/\/fonsvinum.com\/en\/","logo":{"@type":"ImageObject","inLanguage":"de","@id":"https:\/\/fonsvinum.com\/en\/#\/schema\/logo\/image\/","url":"","contentUrl":"","caption":"Fons Vinum"},"image":{"@id":"https:\/\/fonsvinum.com\/en\/#\/schema\/logo\/image\/"}}]}},"acf":[],"_links":{"self":[{"href":"https:\/\/fonsvinum.com\/de\/wp-json\/wp\/v2\/product\/21439","targetHints":{"allow":["GET"]}}],"collection":[{"href":"https:\/\/fonsvinum.com\/de\/wp-json\/wp\/v2\/product"}],"about":[{"href":"https:\/\/fonsvinum.com\/de\/wp-json\/wp\/v2\/types\/product"}],"replies":[{"embeddable":true,"href":"https:\/\/fonsvinum.com\/de\/wp-json\/wp\/v2\/comments?post=21439"}],"wp:featuredmedia":[{"embeddable":true,"href":"https:\/\/fonsvinum.com\/de\/wp-json\/wp\/v2\/media\/21451"}],"wp:attachment":[{"href":"https:\/\/fonsvinum.com\/de\/wp-json\/wp\/v2\/media?parent=21439"}],"wp:term":[{"taxonomy":"product_brand","embeddable":true,"href":"https:\/\/fonsvinum.com\/de\/wp-json\/wp\/v2\/product_brand?post=21439"},{"taxonomy":"product_cat","embeddable":true,"href":"https:\/\/fonsvinum.com\/de\/wp-json\/wp\/v2\/product_cat?post=21439"},{"taxonomy":"product_tag","embeddable":true,"href":"https:\/\/fonsvinum.com\/de\/wp-json\/wp\/v2\/product_tag?post=21439"}],"curies":[{"name":"wp","href":"https:\/\/api.w.org\/{rel}","templated":true}]}}