{"id":21369,"date":"2019-12-04T11:40:50","date_gmt":"2019-12-04T10:40:50","guid":{"rendered":"https:\/\/fonsvinum.com\/?post_type=product&#038;p=21369"},"modified":"2019-12-17T05:16:52","modified_gmt":"2019-12-17T04:16:52","slug":"vertical-barolo-riserva-monfortino-g-conterno-magnum-2008-2010-2013-in-owc","status":"publish","type":"product","link":"https:\/\/fonsvinum.com\/de\/produkt\/vertical-barolo-riserva-monfortino-g-conterno-magnum-2008-2010-2013-in-owc\/","title":{"rendered":"VERTICAL Barolo Ris. MONFORTINO G. Conterno MAGNUM 2008-2010-2013 IN OWC"},"content":{"rendered":"<h1>VERTICAL Barolo Ris. MONFORTINO MAGNUM<\/h1>\n<h1><a href=\"http:\/\/www.conterno.it\/\">G. Conterno<\/a>\u00a02008-2010-2013 IN OWC<\/h1>\n<div class=\"paragraph_box\">\n<p>&nbsp;<\/p>\n<p>Archaisch \u2013 im besten Sinne des Wortes \u2013 scheint nahezu alles auf diesem ber\u00fchmten Traditionsgut im Piemont. Uralte Rebanlagen, alte, sorgsam gepflegte F\u00e4sser und Weine von unvergleichlichem Reifeverm\u00f6gen! Kaum jemand produziert derart monumentale Gew\u00e4chse, die wuchtig und elegant zugleich sind, die eine massive Struktur und ein umwerfendes Bukett mit reichhaltigen und reifen Geschmacksnoten pr\u00e4sentieren. Conterno gilt als die Symbolfigur des traditionellen, naturbelassenen Ausbaus. Absolut losgel\u00f6st von allen Jahrgangsdiskussionen produziert er Weine, deren Reifeverlauf man nur in Zehn-Jahres-Schritten unterteilen kann. In sehr besonderen Jahren setzt er dem Ganzen noch einmal die Nebbiolo-Krone auf, erkennt im K\u00f6nig den Kaiser und l\u00e4sst solche Ausnahmeweine bis zu sieben Jahre im Holz reifen. Dieses Elixier hei\u00dft dann sp\u00e4ter \u201eMonfortino\u201c und z\u00e4hlt zu den weltweit begehrtesten Weinen. Roberto Conterno, Giacomos Ur-Enkel, vermag es wie kein anderer, die piemonteser Weinwelt in andere Galaxien zu erheben. Doch eigentlich macht er dabei nahezu das gleiche, was auch schon Giovanni Conterno, der 1908 das Gut gr\u00fcndete, getan hat, um gro\u00dfen Wein zu erzeugen. Selbst vermeintlich \u201ekleine\u201c Weine verf\u00fcgen hier \u00fcber eine heutzutage selten gewordene Charakterfestigkeit und Tiefe.<\/p>\n<\/div>\n","protected":false},"excerpt":{"rendered":"<p>VERTICAL Barolo Ris. MONFORTINO MAGNUM G. Conterno\u00a02008-2010-2013 IN OWC &nbsp; Archaisch \u2013 im besten Sinne des Wortes \u2013 scheint nahezu alles auf diesem ber\u00fchmten Traditionsgut im Piemont. Uralte Rebanlagen, alte, sorgsam gepflegte F\u00e4sser und Weine von unvergleichlichem Reifeverm\u00f6gen! Kaum jemand produziert derart monumentale Gew\u00e4chse, die wuchtig und elegant zugleich sind, die eine massive Struktur und [&hellip;]<\/p>\n","protected":false},"featured_media":21379,"comment_status":"open","ping_status":"closed","template":"","meta":{"_acf_changed":false,"_monsterinsights_skip_tracking":false,"_monsterinsights_sitenote_active":false,"_monsterinsights_sitenote_note":"","_monsterinsights_sitenote_category":0},"product_brand":[],"product_cat":[1824,2332],"product_tag":[1751,15903,17732],"class_list":{"0":"post-21369","1":"product","2":"type-product","3":"status-publish","4":"has-post-thumbnail","6":"product_cat-barolo-de","7":"product_cat-rotweine-de","8":"product_tag-aussergewoehnliche-weine-aus-italien-de","9":"product_tag-barolo-de","10":"product_tag-magnum-de","11":"pa_appellation-barolo-riserva-docg-de","12":"pa_formato-1-50-l-flasche-de","13":"pa_producer-giacomo-conterno-de","14":"pa_region-piemont-de","15":"pa_vine-100-nebbiolo-de","17":"first","18":"outofstock","19":"taxable","20":"shipping-taxable","21":"purchasable","22":"product-type-simple"},"bundled_by":[],"bundle_stock_status":"outofstock","bundle_stock_quantity":0,"bundle_virtual":false,"bundle_layout":"","bundle_add_to_cart_form_location":"","bundle_editable_in_cart":false,"bundle_sold_individually_context":"","bundle_item_grouping":"","bundle_min_size":"","bundle_max_size":"","bundle_price":[],"bundled_items":[],"bundle_sell_ids":[],"yoast_head":"<!-- This site is optimized with the Yoast SEO plugin v27.2 - https:\/\/yoast.com\/product\/yoast-seo-wordpress\/ -->\n<title>VERTICAL Barolo Ris. MONFORTINO G. Conterno MAGNUM 2008-2010-2013 OWC<\/title>\n<meta name=\"description\" content=\"Online kaufen VERTICAL Barolo Riserva MONFORTINO Giacomo Conterno MAGNUM 2008 - 2010 - 2013 IN OWC auf Fons Vinum.\" \/>\n<meta name=\"robots\" content=\"index, follow, max-snippet:-1, max-image-preview:large, max-video-preview:-1\" \/>\n<link rel=\"canonical\" href=\"https:\/\/fonsvinum.com\/de\/produkt\/vertical-barolo-riserva-monfortino-g-conterno-magnum-2008-2010-2013-in-owc\/\" \/>\n<meta property=\"og:locale\" content=\"de_DE\" \/>\n<meta property=\"og:type\" content=\"article\" \/>\n<meta property=\"og:title\" content=\"VERTICAL Barolo Ris. MONFORTINO G. Conterno MAGNUM 2008-2010-2013 OWC\" \/>\n<meta property=\"og:description\" content=\"Online kaufen VERTICAL Barolo Riserva MONFORTINO Giacomo Conterno MAGNUM 2008 - 2010 - 2013 IN OWC auf Fons Vinum.\" \/>\n<meta property=\"og:url\" content=\"https:\/\/fonsvinum.com\/de\/produkt\/vertical-barolo-riserva-monfortino-g-conterno-magnum-2008-2010-2013-in-owc\/\" \/>\n<meta property=\"og:site_name\" content=\"Fons Vinum\" \/>\n<meta property=\"article:modified_time\" content=\"2019-12-17T04:16:52+00:00\" \/>\n<meta property=\"og:image\" content=\"https:\/\/fonsvinum.com\/files\/2019\/12\/Verticale-Barolo-Monfortino.jpg\" \/>\n\t<meta property=\"og:image:width\" content=\"500\" \/>\n\t<meta property=\"og:image:height\" content=\"600\" \/>\n\t<meta property=\"og:image:type\" content=\"image\/jpeg\" \/>\n<meta name=\"twitter:label1\" content=\"Gesch\u00e4tzte Lesezeit\" \/>\n\t<meta name=\"twitter:data1\" content=\"1\u00a0Minute\" \/>\n<script type=\"application\/ld+json\" class=\"yoast-schema-graph\">{\"@context\":\"https:\/\/schema.org\",\"@graph\":[{\"@type\":\"WebPage\",\"@id\":\"https:\/\/fonsvinum.com\/de\/produkt\/vertical-barolo-riserva-monfortino-g-conterno-magnum-2008-2010-2013-in-owc\/\",\"url\":\"https:\/\/fonsvinum.com\/de\/produkt\/vertical-barolo-riserva-monfortino-g-conterno-magnum-2008-2010-2013-in-owc\/\",\"name\":\"VERTICAL Barolo Ris. MONFORTINO G. Conterno MAGNUM 2008-2010-2013 OWC\",\"isPartOf\":{\"@id\":\"https:\/\/fonsvinum.com\/en\/#website\"},\"primaryImageOfPage\":{\"@id\":\"https:\/\/fonsvinum.com\/de\/produkt\/vertical-barolo-riserva-monfortino-g-conterno-magnum-2008-2010-2013-in-owc\/#primaryimage\"},\"image\":{\"@id\":\"https:\/\/fonsvinum.com\/de\/produkt\/vertical-barolo-riserva-monfortino-g-conterno-magnum-2008-2010-2013-in-owc\/#primaryimage\"},\"thumbnailUrl\":\"https:\/\/fonsvinum.com\/files\/2019\/12\/Verticale-Barolo-Monfortino.jpg\",\"datePublished\":\"2019-12-04T10:40:50+00:00\",\"dateModified\":\"2019-12-17T04:16:52+00:00\",\"description\":\"Online kaufen VERTICAL Barolo Riserva MONFORTINO Giacomo Conterno MAGNUM 2008 - 2010 - 2013 IN OWC auf Fons Vinum.\",\"breadcrumb\":{\"@id\":\"https:\/\/fonsvinum.com\/de\/produkt\/vertical-barolo-riserva-monfortino-g-conterno-magnum-2008-2010-2013-in-owc\/#breadcrumb\"},\"inLanguage\":\"de\",\"potentialAction\":[{\"@type\":\"ReadAction\",\"target\":[\"https:\/\/fonsvinum.com\/de\/produkt\/vertical-barolo-riserva-monfortino-g-conterno-magnum-2008-2010-2013-in-owc\/\"]}]},{\"@type\":\"ImageObject\",\"inLanguage\":\"de\",\"@id\":\"https:\/\/fonsvinum.com\/de\/produkt\/vertical-barolo-riserva-monfortino-g-conterno-magnum-2008-2010-2013-in-owc\/#primaryimage\",\"url\":\"https:\/\/fonsvinum.com\/files\/2019\/12\/Verticale-Barolo-Monfortino.jpg\",\"contentUrl\":\"https:\/\/fonsvinum.com\/files\/2019\/12\/Verticale-Barolo-Monfortino.jpg\",\"width\":500,\"height\":600},{\"@type\":\"BreadcrumbList\",\"@id\":\"https:\/\/fonsvinum.com\/de\/produkt\/vertical-barolo-riserva-monfortino-g-conterno-magnum-2008-2010-2013-in-owc\/#breadcrumb\",\"itemListElement\":[{\"@type\":\"ListItem\",\"position\":1,\"name\":\"Startseite\",\"item\":\"https:\/\/fonsvinum.com\/de\/\"},{\"@type\":\"ListItem\",\"position\":2,\"name\":\"Shop\",\"item\":\"https:\/\/fonsvinum.com\/de\/shop\/\"},{\"@type\":\"ListItem\",\"position\":3,\"name\":\"VERTICAL Barolo Ris. MONFORTINO G. Conterno MAGNUM 2008-2010-2013 IN OWC\"}]},{\"@type\":\"WebSite\",\"@id\":\"https:\/\/fonsvinum.com\/en\/#website\",\"url\":\"https:\/\/fonsvinum.com\/en\/\",\"name\":\"Fons Vinum\",\"description\":\"Vendita Vino Online\",\"publisher\":{\"@id\":\"https:\/\/fonsvinum.com\/en\/#organization\"},\"potentialAction\":[{\"@type\":\"SearchAction\",\"target\":{\"@type\":\"EntryPoint\",\"urlTemplate\":\"https:\/\/fonsvinum.com\/en\/?s={search_term_string}\"},\"query-input\":{\"@type\":\"PropertyValueSpecification\",\"valueRequired\":true,\"valueName\":\"search_term_string\"}}],\"inLanguage\":\"de\"},{\"@type\":\"Organization\",\"@id\":\"https:\/\/fonsvinum.com\/en\/#organization\",\"name\":\"Fons Vinum\",\"url\":\"https:\/\/fonsvinum.com\/en\/\",\"logo\":{\"@type\":\"ImageObject\",\"inLanguage\":\"de\",\"@id\":\"https:\/\/fonsvinum.com\/en\/#\/schema\/logo\/image\/\",\"url\":\"\",\"contentUrl\":\"\",\"caption\":\"Fons Vinum\"},\"image\":{\"@id\":\"https:\/\/fonsvinum.com\/en\/#\/schema\/logo\/image\/\"}}]}<\/script>\n<!-- \/ Yoast SEO plugin. -->","yoast_head_json":{"title":"VERTICAL Barolo Ris. MONFORTINO G. Conterno MAGNUM 2008-2010-2013 OWC","description":"Online kaufen VERTICAL Barolo Riserva MONFORTINO Giacomo Conterno MAGNUM 2008 - 2010 - 2013 IN OWC auf Fons Vinum.","robots":{"index":"index","follow":"follow","max-snippet":"max-snippet:-1","max-image-preview":"max-image-preview:large","max-video-preview":"max-video-preview:-1"},"canonical":"https:\/\/fonsvinum.com\/de\/produkt\/vertical-barolo-riserva-monfortino-g-conterno-magnum-2008-2010-2013-in-owc\/","og_locale":"de_DE","og_type":"article","og_title":"VERTICAL Barolo Ris. MONFORTINO G. Conterno MAGNUM 2008-2010-2013 OWC","og_description":"Online kaufen VERTICAL Barolo Riserva MONFORTINO Giacomo Conterno MAGNUM 2008 - 2010 - 2013 IN OWC auf Fons Vinum.","og_url":"https:\/\/fonsvinum.com\/de\/produkt\/vertical-barolo-riserva-monfortino-g-conterno-magnum-2008-2010-2013-in-owc\/","og_site_name":"Fons Vinum","article_modified_time":"2019-12-17T04:16:52+00:00","og_image":[{"width":500,"height":600,"url":"https:\/\/fonsvinum.com\/files\/2019\/12\/Verticale-Barolo-Monfortino.jpg","type":"image\/jpeg"}],"twitter_misc":{"Gesch\u00e4tzte Lesezeit":"1\u00a0Minute"},"schema":{"@context":"https:\/\/schema.org","@graph":[{"@type":"WebPage","@id":"https:\/\/fonsvinum.com\/de\/produkt\/vertical-barolo-riserva-monfortino-g-conterno-magnum-2008-2010-2013-in-owc\/","url":"https:\/\/fonsvinum.com\/de\/produkt\/vertical-barolo-riserva-monfortino-g-conterno-magnum-2008-2010-2013-in-owc\/","name":"VERTICAL Barolo Ris. MONFORTINO G. Conterno MAGNUM 2008-2010-2013 OWC","isPartOf":{"@id":"https:\/\/fonsvinum.com\/en\/#website"},"primaryImageOfPage":{"@id":"https:\/\/fonsvinum.com\/de\/produkt\/vertical-barolo-riserva-monfortino-g-conterno-magnum-2008-2010-2013-in-owc\/#primaryimage"},"image":{"@id":"https:\/\/fonsvinum.com\/de\/produkt\/vertical-barolo-riserva-monfortino-g-conterno-magnum-2008-2010-2013-in-owc\/#primaryimage"},"thumbnailUrl":"https:\/\/fonsvinum.com\/files\/2019\/12\/Verticale-Barolo-Monfortino.jpg","datePublished":"2019-12-04T10:40:50+00:00","dateModified":"2019-12-17T04:16:52+00:00","description":"Online kaufen VERTICAL Barolo Riserva MONFORTINO Giacomo Conterno MAGNUM 2008 - 2010 - 2013 IN OWC auf Fons Vinum.","breadcrumb":{"@id":"https:\/\/fonsvinum.com\/de\/produkt\/vertical-barolo-riserva-monfortino-g-conterno-magnum-2008-2010-2013-in-owc\/#breadcrumb"},"inLanguage":"de","potentialAction":[{"@type":"ReadAction","target":["https:\/\/fonsvinum.com\/de\/produkt\/vertical-barolo-riserva-monfortino-g-conterno-magnum-2008-2010-2013-in-owc\/"]}]},{"@type":"ImageObject","inLanguage":"de","@id":"https:\/\/fonsvinum.com\/de\/produkt\/vertical-barolo-riserva-monfortino-g-conterno-magnum-2008-2010-2013-in-owc\/#primaryimage","url":"https:\/\/fonsvinum.com\/files\/2019\/12\/Verticale-Barolo-Monfortino.jpg","contentUrl":"https:\/\/fonsvinum.com\/files\/2019\/12\/Verticale-Barolo-Monfortino.jpg","width":500,"height":600},{"@type":"BreadcrumbList","@id":"https:\/\/fonsvinum.com\/de\/produkt\/vertical-barolo-riserva-monfortino-g-conterno-magnum-2008-2010-2013-in-owc\/#breadcrumb","itemListElement":[{"@type":"ListItem","position":1,"name":"Startseite","item":"https:\/\/fonsvinum.com\/de\/"},{"@type":"ListItem","position":2,"name":"Shop","item":"https:\/\/fonsvinum.com\/de\/shop\/"},{"@type":"ListItem","position":3,"name":"VERTICAL Barolo Ris. MONFORTINO G. Conterno MAGNUM 2008-2010-2013 IN OWC"}]},{"@type":"WebSite","@id":"https:\/\/fonsvinum.com\/en\/#website","url":"https:\/\/fonsvinum.com\/en\/","name":"Fons Vinum","description":"Vendita Vino Online","publisher":{"@id":"https:\/\/fonsvinum.com\/en\/#organization"},"potentialAction":[{"@type":"SearchAction","target":{"@type":"EntryPoint","urlTemplate":"https:\/\/fonsvinum.com\/en\/?s={search_term_string}"},"query-input":{"@type":"PropertyValueSpecification","valueRequired":true,"valueName":"search_term_string"}}],"inLanguage":"de"},{"@type":"Organization","@id":"https:\/\/fonsvinum.com\/en\/#organization","name":"Fons Vinum","url":"https:\/\/fonsvinum.com\/en\/","logo":{"@type":"ImageObject","inLanguage":"de","@id":"https:\/\/fonsvinum.com\/en\/#\/schema\/logo\/image\/","url":"","contentUrl":"","caption":"Fons Vinum"},"image":{"@id":"https:\/\/fonsvinum.com\/en\/#\/schema\/logo\/image\/"}}]}},"acf":[],"_links":{"self":[{"href":"https:\/\/fonsvinum.com\/de\/wp-json\/wp\/v2\/product\/21369","targetHints":{"allow":["GET"]}}],"collection":[{"href":"https:\/\/fonsvinum.com\/de\/wp-json\/wp\/v2\/product"}],"about":[{"href":"https:\/\/fonsvinum.com\/de\/wp-json\/wp\/v2\/types\/product"}],"replies":[{"embeddable":true,"href":"https:\/\/fonsvinum.com\/de\/wp-json\/wp\/v2\/comments?post=21369"}],"wp:featuredmedia":[{"embeddable":true,"href":"https:\/\/fonsvinum.com\/de\/wp-json\/wp\/v2\/media\/21379"}],"wp:attachment":[{"href":"https:\/\/fonsvinum.com\/de\/wp-json\/wp\/v2\/media?parent=21369"}],"wp:term":[{"taxonomy":"product_brand","embeddable":true,"href":"https:\/\/fonsvinum.com\/de\/wp-json\/wp\/v2\/product_brand?post=21369"},{"taxonomy":"product_cat","embeddable":true,"href":"https:\/\/fonsvinum.com\/de\/wp-json\/wp\/v2\/product_cat?post=21369"},{"taxonomy":"product_tag","embeddable":true,"href":"https:\/\/fonsvinum.com\/de\/wp-json\/wp\/v2\/product_tag?post=21369"}],"curies":[{"name":"wp","href":"https:\/\/api.w.org\/{rel}","templated":true}]}}