{"id":20917,"date":"2019-10-25T11:37:38","date_gmt":"2019-10-25T09:37:38","guid":{"rendered":"https:\/\/fonsvinum.com\/?post_type=product&#038;p=20917"},"modified":"2019-11-22T12:33:26","modified_gmt":"2019-11-22T11:33:26","slug":"sassicaia-1983","status":"publish","type":"product","link":"https:\/\/fonsvinum.com\/de\/produkt\/sassicaia-1983\/","title":{"rendered":"Sassicaia 1983"},"content":{"rendered":"<h1>Sassicaia 1983<\/h1>\n<p>&nbsp;<\/p>\n<h2>Tenute San Guido<\/h2>\n<p>Sassicaia ist die Bezeichnung f\u00fcr einen Rotwein, dessen Name sich von einem Feld in der N\u00e4he des Ortes Bolgheri an der toskanischen Mittelmeerk\u00fcste (Maremma Livornese genannt) ableitet und der in den 1980er Jahren Italiens Weinbau revolutionierte.<\/p>\n<p>Geschichte<br \/>\nAls w\u00e4hrend des Zweiten Weltkriegs in Italien franz\u00f6sische Rotweine rar wurden, pflanzte Marchese Mario Incisa della Rocchetta im Jahr 1944 in Bolgheri, rund zehn Kilometer von der K\u00fcste entfernt, auf einem steinigen Hang unterhalb der Burg Castiglioncello Weinreben der franz\u00f6sischen Sorten Cabernet Sauvignon und Cabernet Franc an. Der Wein erhielt den Namen einer Lage, die nach den vielen Steinen (ital.: sassi) im Boden \u201eSassicaia\u201c&#8216; benannt wurde.<\/p>\n<p>Der Wein war zun\u00e4chst ausschlie\u00dflich f\u00fcr den privaten Gebrauch bestimmt. Erst auf Dr\u00e4ngen seines Sohnes Nicol\u00f2 und seines Neffen Marchese Piero Antinori hin lie\u00df sich Incisa della Rocchetta von einer Vermarktungs-Chance \u00fcberzeugen. So kamen Anfang der 1970er Jahre mit dem Jahrgang 1968 die ersten Flaschen in den Handel. Der langsame Siegeszug des f\u00fcr Italien damals untypischen, dichten bis massiven Rotweins hatte begonnen. Lange Jahre durfte er nur als Vino da Tavola (Tafelwein) eingestuft werden, weil die franz\u00f6sischen Rebsorten in Italien bei Qualit\u00e4tsweinen (DOC) nicht erlaubt waren. Seines Erfolges wegen fand er bald jedoch zahlreiche Nachahmer, und wird daher neben dem Spitzenwein des Marchese Piero Antinori, Tignanello, als Vater des Supertoskaners bezeichnet.<\/p>\n<p>Der Ursprungswein der Sassicaia-Vermarktung von 1968 ist heutzutage eine absolute Rarit\u00e4t. Sehr bekannt und lange mit vollen 100 Parker-Punkten eingestuft war auch der Sassicaia des Jahrgangs 1985, eines in ganz Italien f\u00fcr Rotweine sehr guten Jahres.<\/p>\n<p>Erst 1994 wurde in der DOC Bolgheri auch ein Rosso zugelassen, wozu dieser Wein ma\u00dfgeblich beitrug. Der Sassicaia hat sogar innerhalb dieser DOC den eigenen Subbereich Bolgheri Sassicaia und ist damit der einzige Wein Italiens mit einer eigenen DOC. Seit den 1980er Jahren wird das Weingut von Marchese Nicol\u00f2 Incisa della Rocchetta gef\u00fchrt.<\/p>\n<div class=\"more-details\"><\/div>\n<div class=\"prodotto__descrizione__content__attributi\">\n<p class=\"card-text\">Traube: Cabernet Sauvignon, Cabernet Franc<\/p>\n<p class=\"card-text\">Inhalt: 0.75lt.<br \/>\nAlkoholgehalt: 13,5% vol.<br \/>\nAnbauland: Italien<br \/>\nRegion: Toskana<br \/>\nAllergenhinweis: Enth\u00e4lt Sulfite<\/p>\n<\/div>\n","protected":false},"excerpt":{"rendered":"<p>Sassicaia 1983 &nbsp; Tenute San Guido Sassicaia ist die Bezeichnung f\u00fcr einen Rotwein, dessen Name sich von einem Feld in der N\u00e4he des Ortes Bolgheri an der toskanischen Mittelmeerk\u00fcste (Maremma Livornese genannt) ableitet und der in den 1980er Jahren Italiens Weinbau revolutionierte. Geschichte Als w\u00e4hrend des Zweiten Weltkriegs in Italien franz\u00f6sische Rotweine rar wurden, pflanzte [&hellip;]<\/p>\n","protected":false},"featured_media":32700,"comment_status":"open","ping_status":"closed","template":"","meta":{"_acf_changed":false,"_monsterinsights_skip_tracking":false,"_monsterinsights_sitenote_active":false,"_monsterinsights_sitenote_note":"","_monsterinsights_sitenote_category":0},"product_brand":[],"product_cat":[1732],"product_tag":[1733,1745,3583],"class_list":{"0":"post-20917","1":"product","2":"type-product","3":"status-publish","4":"has-post-thumbnail","6":"product_cat-cabernet-sauvignon-de","7":"product_tag-aussergewoehnliche-weine-de","8":"product_tag-super-tuscan-de","9":"product_tag-vini-toscani-de","10":"pa_appellation-bolgheri-sassicaia-doc-de","11":"pa_formato-0-75-l-flasche-de","12":"pa_producer-tenuta-san-guido-de","13":"pa_region-toskana-de","14":"pa_vine-cabernet-sauvignon-de","15":"pa_vintage-1983-de","17":"first","18":"outofstock","19":"featured","20":"taxable","21":"shipping-taxable","22":"purchasable","23":"product-type-simple"},"bundled_by":[],"bundle_stock_status":"outofstock","bundle_stock_quantity":0,"bundle_virtual":false,"bundle_layout":"","bundle_add_to_cart_form_location":"","bundle_editable_in_cart":false,"bundle_sold_individually_context":"","bundle_item_grouping":"","bundle_min_size":"","bundle_max_size":"","bundle_price":[],"bundled_items":[],"bundle_sell_ids":[],"yoast_head":"<!-- This site is optimized with the Yoast SEO plugin v27.2 - https:\/\/yoast.com\/product\/yoast-seo-wordpress\/ -->\n<title>Buy SASSICAIA 1983 wine online | Tenute San Guido | FonsVinum<\/title>\n<meta name=\"description\" content=\"Bolgheri Superiore Doc Sassicaia Tenuta San Guido 1983 - Fons Vinum\" \/>\n<meta name=\"robots\" content=\"index, follow, max-snippet:-1, max-image-preview:large, max-video-preview:-1\" \/>\n<link rel=\"canonical\" href=\"https:\/\/fonsvinum.com\/de\/produkt\/sassicaia-1983\/\" \/>\n<meta property=\"og:locale\" content=\"de_DE\" \/>\n<meta property=\"og:type\" content=\"article\" \/>\n<meta property=\"og:title\" content=\"Buy SASSICAIA 1983 wine online | Tenute San Guido | FonsVinum\" \/>\n<meta property=\"og:description\" content=\"Bolgheri Superiore Doc Sassicaia Tenuta San Guido 1983 - Fons Vinum\" \/>\n<meta property=\"og:url\" content=\"https:\/\/fonsvinum.com\/de\/produkt\/sassicaia-1983\/\" \/>\n<meta property=\"og:site_name\" content=\"Fons Vinum\" \/>\n<meta property=\"article:modified_time\" content=\"2019-11-22T11:33:26+00:00\" \/>\n<meta property=\"og:image\" content=\"https:\/\/fonsvinum.com\/files\/2014\/07\/sassicaia-tenuta-sa-guido.jpg\" \/>\n\t<meta property=\"og:image:width\" content=\"200\" \/>\n\t<meta property=\"og:image:height\" content=\"600\" \/>\n\t<meta property=\"og:image:type\" content=\"image\/jpeg\" \/>\n<meta name=\"twitter:label1\" content=\"Gesch\u00e4tzte Lesezeit\" \/>\n\t<meta name=\"twitter:data1\" content=\"2\u00a0Minuten\" \/>\n<script type=\"application\/ld+json\" class=\"yoast-schema-graph\">{\"@context\":\"https:\/\/schema.org\",\"@graph\":[{\"@type\":\"WebPage\",\"@id\":\"https:\/\/fonsvinum.com\/de\/produkt\/sassicaia-1983\/\",\"url\":\"https:\/\/fonsvinum.com\/de\/produkt\/sassicaia-1983\/\",\"name\":\"Buy SASSICAIA 1983 wine online | Tenute San Guido | FonsVinum\",\"isPartOf\":{\"@id\":\"https:\/\/fonsvinum.com\/en\/#website\"},\"primaryImageOfPage\":{\"@id\":\"https:\/\/fonsvinum.com\/de\/produkt\/sassicaia-1983\/#primaryimage\"},\"image\":{\"@id\":\"https:\/\/fonsvinum.com\/de\/produkt\/sassicaia-1983\/#primaryimage\"},\"thumbnailUrl\":\"https:\/\/fonsvinum.com\/files\/2014\/07\/sassicaia-tenuta-sa-guido.jpg\",\"datePublished\":\"2019-10-25T09:37:38+00:00\",\"dateModified\":\"2019-11-22T11:33:26+00:00\",\"description\":\"Bolgheri Superiore Doc Sassicaia Tenuta San Guido 1983 - Fons Vinum\",\"breadcrumb\":{\"@id\":\"https:\/\/fonsvinum.com\/de\/produkt\/sassicaia-1983\/#breadcrumb\"},\"inLanguage\":\"de\",\"potentialAction\":[{\"@type\":\"ReadAction\",\"target\":[\"https:\/\/fonsvinum.com\/de\/produkt\/sassicaia-1983\/\"]}]},{\"@type\":\"ImageObject\",\"inLanguage\":\"de\",\"@id\":\"https:\/\/fonsvinum.com\/de\/produkt\/sassicaia-1983\/#primaryimage\",\"url\":\"https:\/\/fonsvinum.com\/files\/2014\/07\/sassicaia-tenuta-sa-guido.jpg\",\"contentUrl\":\"https:\/\/fonsvinum.com\/files\/2014\/07\/sassicaia-tenuta-sa-guido.jpg\",\"width\":200,\"height\":600},{\"@type\":\"BreadcrumbList\",\"@id\":\"https:\/\/fonsvinum.com\/de\/produkt\/sassicaia-1983\/#breadcrumb\",\"itemListElement\":[{\"@type\":\"ListItem\",\"position\":1,\"name\":\"Startseite\",\"item\":\"https:\/\/fonsvinum.com\/de\/\"},{\"@type\":\"ListItem\",\"position\":2,\"name\":\"Shop\",\"item\":\"https:\/\/fonsvinum.com\/de\/shop\/\"},{\"@type\":\"ListItem\",\"position\":3,\"name\":\"Sassicaia 1983\"}]},{\"@type\":\"WebSite\",\"@id\":\"https:\/\/fonsvinum.com\/en\/#website\",\"url\":\"https:\/\/fonsvinum.com\/en\/\",\"name\":\"Fons Vinum\",\"description\":\"Vendita Vino Online\",\"publisher\":{\"@id\":\"https:\/\/fonsvinum.com\/en\/#organization\"},\"potentialAction\":[{\"@type\":\"SearchAction\",\"target\":{\"@type\":\"EntryPoint\",\"urlTemplate\":\"https:\/\/fonsvinum.com\/en\/?s={search_term_string}\"},\"query-input\":{\"@type\":\"PropertyValueSpecification\",\"valueRequired\":true,\"valueName\":\"search_term_string\"}}],\"inLanguage\":\"de\"},{\"@type\":\"Organization\",\"@id\":\"https:\/\/fonsvinum.com\/en\/#organization\",\"name\":\"Fons Vinum\",\"url\":\"https:\/\/fonsvinum.com\/en\/\",\"logo\":{\"@type\":\"ImageObject\",\"inLanguage\":\"de\",\"@id\":\"https:\/\/fonsvinum.com\/en\/#\/schema\/logo\/image\/\",\"url\":\"\",\"contentUrl\":\"\",\"caption\":\"Fons Vinum\"},\"image\":{\"@id\":\"https:\/\/fonsvinum.com\/en\/#\/schema\/logo\/image\/\"}}]}<\/script>\n<!-- \/ Yoast SEO plugin. -->","yoast_head_json":{"title":"Buy SASSICAIA 1983 wine online | Tenute San Guido | FonsVinum","description":"Bolgheri Superiore Doc Sassicaia Tenuta San Guido 1983 - Fons Vinum","robots":{"index":"index","follow":"follow","max-snippet":"max-snippet:-1","max-image-preview":"max-image-preview:large","max-video-preview":"max-video-preview:-1"},"canonical":"https:\/\/fonsvinum.com\/de\/produkt\/sassicaia-1983\/","og_locale":"de_DE","og_type":"article","og_title":"Buy SASSICAIA 1983 wine online | Tenute San Guido | FonsVinum","og_description":"Bolgheri Superiore Doc Sassicaia Tenuta San Guido 1983 - Fons Vinum","og_url":"https:\/\/fonsvinum.com\/de\/produkt\/sassicaia-1983\/","og_site_name":"Fons Vinum","article_modified_time":"2019-11-22T11:33:26+00:00","og_image":[{"width":200,"height":600,"url":"https:\/\/fonsvinum.com\/files\/2014\/07\/sassicaia-tenuta-sa-guido.jpg","type":"image\/jpeg"}],"twitter_misc":{"Gesch\u00e4tzte Lesezeit":"2\u00a0Minuten"},"schema":{"@context":"https:\/\/schema.org","@graph":[{"@type":"WebPage","@id":"https:\/\/fonsvinum.com\/de\/produkt\/sassicaia-1983\/","url":"https:\/\/fonsvinum.com\/de\/produkt\/sassicaia-1983\/","name":"Buy SASSICAIA 1983 wine online | Tenute San Guido | FonsVinum","isPartOf":{"@id":"https:\/\/fonsvinum.com\/en\/#website"},"primaryImageOfPage":{"@id":"https:\/\/fonsvinum.com\/de\/produkt\/sassicaia-1983\/#primaryimage"},"image":{"@id":"https:\/\/fonsvinum.com\/de\/produkt\/sassicaia-1983\/#primaryimage"},"thumbnailUrl":"https:\/\/fonsvinum.com\/files\/2014\/07\/sassicaia-tenuta-sa-guido.jpg","datePublished":"2019-10-25T09:37:38+00:00","dateModified":"2019-11-22T11:33:26+00:00","description":"Bolgheri Superiore Doc Sassicaia Tenuta San Guido 1983 - Fons Vinum","breadcrumb":{"@id":"https:\/\/fonsvinum.com\/de\/produkt\/sassicaia-1983\/#breadcrumb"},"inLanguage":"de","potentialAction":[{"@type":"ReadAction","target":["https:\/\/fonsvinum.com\/de\/produkt\/sassicaia-1983\/"]}]},{"@type":"ImageObject","inLanguage":"de","@id":"https:\/\/fonsvinum.com\/de\/produkt\/sassicaia-1983\/#primaryimage","url":"https:\/\/fonsvinum.com\/files\/2014\/07\/sassicaia-tenuta-sa-guido.jpg","contentUrl":"https:\/\/fonsvinum.com\/files\/2014\/07\/sassicaia-tenuta-sa-guido.jpg","width":200,"height":600},{"@type":"BreadcrumbList","@id":"https:\/\/fonsvinum.com\/de\/produkt\/sassicaia-1983\/#breadcrumb","itemListElement":[{"@type":"ListItem","position":1,"name":"Startseite","item":"https:\/\/fonsvinum.com\/de\/"},{"@type":"ListItem","position":2,"name":"Shop","item":"https:\/\/fonsvinum.com\/de\/shop\/"},{"@type":"ListItem","position":3,"name":"Sassicaia 1983"}]},{"@type":"WebSite","@id":"https:\/\/fonsvinum.com\/en\/#website","url":"https:\/\/fonsvinum.com\/en\/","name":"Fons Vinum","description":"Vendita Vino Online","publisher":{"@id":"https:\/\/fonsvinum.com\/en\/#organization"},"potentialAction":[{"@type":"SearchAction","target":{"@type":"EntryPoint","urlTemplate":"https:\/\/fonsvinum.com\/en\/?s={search_term_string}"},"query-input":{"@type":"PropertyValueSpecification","valueRequired":true,"valueName":"search_term_string"}}],"inLanguage":"de"},{"@type":"Organization","@id":"https:\/\/fonsvinum.com\/en\/#organization","name":"Fons Vinum","url":"https:\/\/fonsvinum.com\/en\/","logo":{"@type":"ImageObject","inLanguage":"de","@id":"https:\/\/fonsvinum.com\/en\/#\/schema\/logo\/image\/","url":"","contentUrl":"","caption":"Fons Vinum"},"image":{"@id":"https:\/\/fonsvinum.com\/en\/#\/schema\/logo\/image\/"}}]}},"acf":[],"_links":{"self":[{"href":"https:\/\/fonsvinum.com\/de\/wp-json\/wp\/v2\/product\/20917","targetHints":{"allow":["GET"]}}],"collection":[{"href":"https:\/\/fonsvinum.com\/de\/wp-json\/wp\/v2\/product"}],"about":[{"href":"https:\/\/fonsvinum.com\/de\/wp-json\/wp\/v2\/types\/product"}],"replies":[{"embeddable":true,"href":"https:\/\/fonsvinum.com\/de\/wp-json\/wp\/v2\/comments?post=20917"}],"wp:featuredmedia":[{"embeddable":true,"href":"https:\/\/fonsvinum.com\/de\/wp-json\/wp\/v2\/media\/32700"}],"wp:attachment":[{"href":"https:\/\/fonsvinum.com\/de\/wp-json\/wp\/v2\/media?parent=20917"}],"wp:term":[{"taxonomy":"product_brand","embeddable":true,"href":"https:\/\/fonsvinum.com\/de\/wp-json\/wp\/v2\/product_brand?post=20917"},{"taxonomy":"product_cat","embeddable":true,"href":"https:\/\/fonsvinum.com\/de\/wp-json\/wp\/v2\/product_cat?post=20917"},{"taxonomy":"product_tag","embeddable":true,"href":"https:\/\/fonsvinum.com\/de\/wp-json\/wp\/v2\/product_tag?post=20917"}],"curies":[{"name":"wp","href":"https:\/\/api.w.org\/{rel}","templated":true}]}}