{"id":20889,"date":"2019-10-23T10:53:19","date_gmt":"2019-10-23T08:53:19","guid":{"rendered":"https:\/\/fonsvinum.com\/?post_type=product&#038;p=20889"},"modified":"2019-10-23T11:51:16","modified_gmt":"2019-10-23T09:51:16","slug":"brunello-di-montalcino-2007-riservapoggio-alle-mura-banfi","status":"publish","type":"product","link":"https:\/\/fonsvinum.com\/de\/produkt\/brunello-di-montalcino-2007-riservapoggio-alle-mura-banfi\/","title":{"rendered":"BRUNELLO DI MONTALCINO 2007 ROSERVA POGGIO ALLE MURA BANFI"},"content":{"rendered":"<h1>BRUNELLO DI MONTALCINO 2007 RISERVA POGGIO ALLE MURA BANFI<\/h1>\n<h5>HERSTELLUNGSGEBIET<\/h5>\n<p>Weinberge, die um das Schloss Poggio alle Mura liegen, wo die vom Weingut durchgef\u00fchrten Bodenstudien die besondere Eignung f\u00fcr den Anbau von Sangiovese hervorgehoben hatten und darauf die ersten Rebst\u00f6cke aus der 1982 begonnen Klonselektionstudie gepflanzt wurden.<\/p>\n<p>H\u00f6he:210-220 Meter \u00fcber dem Meeresspiegel.<\/p>\n<p>Lage: H\u00fcgel<\/p>\n<h5>HERSTELLUNGSMETHODE<\/h5>\n<p>Die ausgew\u00e4hlten Trauben werden w\u00e4hrend 12-13 Tagen der Maischeg\u00e4rung in den aus Stahl und Holz zusammengesetzten Horizon-Bottichen bei kontrollierten Temperaturen (27-29\u00b0C) unterzogen. 90 % wird 2 Jahre in Barriques aus franz\u00f6sischer Eiche ausgebaut, die gem\u00e4\u00df den Vorgaben des Weinguts zusammengestellt werden, und die restlichen 10% reift in F\u00e4ssern aus slawonischer Eiche. Weitere 12 Monate Flaschenruhe vor dem Verkauf.<\/p>\n<h5>THE WINEMAKER COMMENT<\/h5>\n<p>Dieser Brunello di Montalcino aus der 20-j\u00e4hrigen Sangiovese-Forschung von Banfi stellt die beste Synthese des Anbaugebiets, der Selektion und der technischer Innovation dar. Komplex aber auch sofort einnehmend, muskul\u00f6ser und kr\u00e4ftiger K\u00f6rper, erstaunlich in M\u00e4chtigkeit und Weichheit, mit \u00e4u\u00dferst s\u00fc\u00dfen und sanften Tanninen.<\/p>\n","protected":false},"excerpt":{"rendered":"<p>BRUNELLO DI MONTALCINO 2007 RISERVA POGGIO ALLE MURA BANFI HERSTELLUNGSGEBIET Weinberge, die um das Schloss Poggio alle Mura liegen, wo die vom Weingut durchgef\u00fchrten Bodenstudien die besondere Eignung f\u00fcr den Anbau von Sangiovese hervorgehoben hatten und darauf die ersten Rebst\u00f6cke aus der 1982 begonnen Klonselektionstudie gepflanzt wurden. H\u00f6he:210-220 Meter \u00fcber dem Meeresspiegel. Lage: H\u00fcgel HERSTELLUNGSMETHODE [&hellip;]<\/p>\n","protected":false},"featured_media":19123,"comment_status":"open","ping_status":"closed","template":"","meta":{"_acf_changed":false,"_monsterinsights_skip_tracking":false,"_monsterinsights_sitenote_active":false,"_monsterinsights_sitenote_note":"","_monsterinsights_sitenote_category":0},"product_brand":[],"product_cat":[1762,2332],"product_tag":[1751,3583],"class_list":{"0":"post-20889","1":"product","2":"type-product","3":"status-publish","4":"has-post-thumbnail","6":"product_cat-brunello-de","7":"product_cat-rotweine-de","8":"product_tag-aussergewoehnliche-weine-aus-italien-de","9":"product_tag-vini-toscani-de","10":"pa_appellation-brunello-di-montalcino-docg-de","11":"pa_formato-0-75-l-flasche-de","12":"pa_producer-castello-banfi-de","13":"pa_region-toskana-de","14":"pa_vine-100-sangiovese-grosso-de","15":"pa_vintage-2007-de","17":"first","18":"outofstock","19":"taxable","20":"shipping-taxable","21":"purchasable","22":"product-type-simple"},"bundled_by":[],"bundle_stock_status":"outofstock","bundle_stock_quantity":0,"bundle_virtual":false,"bundle_layout":"","bundle_add_to_cart_form_location":"","bundle_editable_in_cart":false,"bundle_sold_individually_context":"","bundle_item_grouping":"","bundle_min_size":"","bundle_max_size":"","bundle_price":[],"bundled_items":[],"bundle_sell_ids":[],"yoast_head":"<!-- This site is optimized with the Yoast SEO plugin v27.2 - https:\/\/yoast.com\/product\/yoast-seo-wordpress\/ -->\n<title>BRUNELLO DI MONTALCINO 2007 RIS. POGGIO ALLE MURA BANFI<\/title>\n<meta name=\"description\" content=\"BRUNELLO DI MONTALCINO 2007 RIS. POGGIO ALLE MURA BANFI Banfi wurde 1978 dank dem Willen der italo-amerikanischen Br\u00fcder, John und Harry Mariani, gegr\u00fcndet.\" \/>\n<meta name=\"robots\" content=\"index, follow, max-snippet:-1, max-image-preview:large, max-video-preview:-1\" \/>\n<link rel=\"canonical\" href=\"https:\/\/fonsvinum.com\/de\/produkt\/brunello-di-montalcino-2007-riservapoggio-alle-mura-banfi\/\" \/>\n<meta property=\"og:locale\" content=\"de_DE\" \/>\n<meta property=\"og:type\" content=\"article\" \/>\n<meta property=\"og:title\" content=\"BRUNELLO DI MONTALCINO 2007 RIS. POGGIO ALLE MURA BANFI\" \/>\n<meta property=\"og:description\" content=\"BRUNELLO DI MONTALCINO 2007 RIS. POGGIO ALLE MURA BANFI Banfi wurde 1978 dank dem Willen der italo-amerikanischen Br\u00fcder, John und Harry Mariani, gegr\u00fcndet.\" \/>\n<meta property=\"og:url\" content=\"https:\/\/fonsvinum.com\/de\/produkt\/brunello-di-montalcino-2007-riservapoggio-alle-mura-banfi\/\" \/>\n<meta property=\"og:site_name\" content=\"Fons Vinum\" \/>\n<meta property=\"article:modified_time\" content=\"2019-10-23T09:51:16+00:00\" \/>\n<meta property=\"og:image\" content=\"https:\/\/fonsvinum.com\/files\/2019\/04\/brunello-di-montalcino-poggio-alle-mura.jpg\" \/>\n\t<meta property=\"og:image:width\" content=\"568\" \/>\n\t<meta property=\"og:image:height\" content=\"1100\" \/>\n\t<meta property=\"og:image:type\" content=\"image\/jpeg\" \/>\n<meta name=\"twitter:label1\" content=\"Gesch\u00e4tzte Lesezeit\" \/>\n\t<meta name=\"twitter:data1\" content=\"1\u00a0Minute\" \/>\n<script type=\"application\/ld+json\" class=\"yoast-schema-graph\">{\"@context\":\"https:\/\/schema.org\",\"@graph\":[{\"@type\":\"WebPage\",\"@id\":\"https:\/\/fonsvinum.com\/de\/produkt\/brunello-di-montalcino-2007-riservapoggio-alle-mura-banfi\/\",\"url\":\"https:\/\/fonsvinum.com\/de\/produkt\/brunello-di-montalcino-2007-riservapoggio-alle-mura-banfi\/\",\"name\":\"BRUNELLO DI MONTALCINO 2007 RIS. POGGIO ALLE MURA BANFI\",\"isPartOf\":{\"@id\":\"https:\/\/fonsvinum.com\/en\/#website\"},\"primaryImageOfPage\":{\"@id\":\"https:\/\/fonsvinum.com\/de\/produkt\/brunello-di-montalcino-2007-riservapoggio-alle-mura-banfi\/#primaryimage\"},\"image\":{\"@id\":\"https:\/\/fonsvinum.com\/de\/produkt\/brunello-di-montalcino-2007-riservapoggio-alle-mura-banfi\/#primaryimage\"},\"thumbnailUrl\":\"https:\/\/fonsvinum.com\/files\/2019\/04\/brunello-di-montalcino-poggio-alle-mura.jpg\",\"datePublished\":\"2019-10-23T08:53:19+00:00\",\"dateModified\":\"2019-10-23T09:51:16+00:00\",\"description\":\"BRUNELLO DI MONTALCINO 2007 RIS. POGGIO ALLE MURA BANFI Banfi wurde 1978 dank dem Willen der italo-amerikanischen Br\u00fcder, John und Harry Mariani, gegr\u00fcndet.\",\"breadcrumb\":{\"@id\":\"https:\/\/fonsvinum.com\/de\/produkt\/brunello-di-montalcino-2007-riservapoggio-alle-mura-banfi\/#breadcrumb\"},\"inLanguage\":\"de\",\"potentialAction\":[{\"@type\":\"ReadAction\",\"target\":[\"https:\/\/fonsvinum.com\/de\/produkt\/brunello-di-montalcino-2007-riservapoggio-alle-mura-banfi\/\"]}]},{\"@type\":\"ImageObject\",\"inLanguage\":\"de\",\"@id\":\"https:\/\/fonsvinum.com\/de\/produkt\/brunello-di-montalcino-2007-riservapoggio-alle-mura-banfi\/#primaryimage\",\"url\":\"https:\/\/fonsvinum.com\/files\/2019\/04\/brunello-di-montalcino-poggio-alle-mura.jpg\",\"contentUrl\":\"https:\/\/fonsvinum.com\/files\/2019\/04\/brunello-di-montalcino-poggio-alle-mura.jpg\",\"width\":568,\"height\":1100,\"caption\":\"brunello-di-montalcino-poggio-alle-mura\"},{\"@type\":\"BreadcrumbList\",\"@id\":\"https:\/\/fonsvinum.com\/de\/produkt\/brunello-di-montalcino-2007-riservapoggio-alle-mura-banfi\/#breadcrumb\",\"itemListElement\":[{\"@type\":\"ListItem\",\"position\":1,\"name\":\"Startseite\",\"item\":\"https:\/\/fonsvinum.com\/de\/\"},{\"@type\":\"ListItem\",\"position\":2,\"name\":\"Shop\",\"item\":\"https:\/\/fonsvinum.com\/de\/shop\/\"},{\"@type\":\"ListItem\",\"position\":3,\"name\":\"BRUNELLO DI MONTALCINO 2007 ROSERVA POGGIO ALLE MURA BANFI\"}]},{\"@type\":\"WebSite\",\"@id\":\"https:\/\/fonsvinum.com\/en\/#website\",\"url\":\"https:\/\/fonsvinum.com\/en\/\",\"name\":\"Fons Vinum\",\"description\":\"Vendita Vino Online\",\"publisher\":{\"@id\":\"https:\/\/fonsvinum.com\/en\/#organization\"},\"potentialAction\":[{\"@type\":\"SearchAction\",\"target\":{\"@type\":\"EntryPoint\",\"urlTemplate\":\"https:\/\/fonsvinum.com\/en\/?s={search_term_string}\"},\"query-input\":{\"@type\":\"PropertyValueSpecification\",\"valueRequired\":true,\"valueName\":\"search_term_string\"}}],\"inLanguage\":\"de\"},{\"@type\":\"Organization\",\"@id\":\"https:\/\/fonsvinum.com\/en\/#organization\",\"name\":\"Fons Vinum\",\"url\":\"https:\/\/fonsvinum.com\/en\/\",\"logo\":{\"@type\":\"ImageObject\",\"inLanguage\":\"de\",\"@id\":\"https:\/\/fonsvinum.com\/en\/#\/schema\/logo\/image\/\",\"url\":\"\",\"contentUrl\":\"\",\"caption\":\"Fons Vinum\"},\"image\":{\"@id\":\"https:\/\/fonsvinum.com\/en\/#\/schema\/logo\/image\/\"}}]}<\/script>\n<!-- \/ Yoast SEO plugin. -->","yoast_head_json":{"title":"BRUNELLO DI MONTALCINO 2007 RIS. POGGIO ALLE MURA BANFI","description":"BRUNELLO DI MONTALCINO 2007 RIS. POGGIO ALLE MURA BANFI Banfi wurde 1978 dank dem Willen der italo-amerikanischen Br\u00fcder, John und Harry Mariani, gegr\u00fcndet.","robots":{"index":"index","follow":"follow","max-snippet":"max-snippet:-1","max-image-preview":"max-image-preview:large","max-video-preview":"max-video-preview:-1"},"canonical":"https:\/\/fonsvinum.com\/de\/produkt\/brunello-di-montalcino-2007-riservapoggio-alle-mura-banfi\/","og_locale":"de_DE","og_type":"article","og_title":"BRUNELLO DI MONTALCINO 2007 RIS. POGGIO ALLE MURA BANFI","og_description":"BRUNELLO DI MONTALCINO 2007 RIS. POGGIO ALLE MURA BANFI Banfi wurde 1978 dank dem Willen der italo-amerikanischen Br\u00fcder, John und Harry Mariani, gegr\u00fcndet.","og_url":"https:\/\/fonsvinum.com\/de\/produkt\/brunello-di-montalcino-2007-riservapoggio-alle-mura-banfi\/","og_site_name":"Fons Vinum","article_modified_time":"2019-10-23T09:51:16+00:00","og_image":[{"width":568,"height":1100,"url":"https:\/\/fonsvinum.com\/files\/2019\/04\/brunello-di-montalcino-poggio-alle-mura.jpg","type":"image\/jpeg"}],"twitter_misc":{"Gesch\u00e4tzte Lesezeit":"1\u00a0Minute"},"schema":{"@context":"https:\/\/schema.org","@graph":[{"@type":"WebPage","@id":"https:\/\/fonsvinum.com\/de\/produkt\/brunello-di-montalcino-2007-riservapoggio-alle-mura-banfi\/","url":"https:\/\/fonsvinum.com\/de\/produkt\/brunello-di-montalcino-2007-riservapoggio-alle-mura-banfi\/","name":"BRUNELLO DI MONTALCINO 2007 RIS. POGGIO ALLE MURA BANFI","isPartOf":{"@id":"https:\/\/fonsvinum.com\/en\/#website"},"primaryImageOfPage":{"@id":"https:\/\/fonsvinum.com\/de\/produkt\/brunello-di-montalcino-2007-riservapoggio-alle-mura-banfi\/#primaryimage"},"image":{"@id":"https:\/\/fonsvinum.com\/de\/produkt\/brunello-di-montalcino-2007-riservapoggio-alle-mura-banfi\/#primaryimage"},"thumbnailUrl":"https:\/\/fonsvinum.com\/files\/2019\/04\/brunello-di-montalcino-poggio-alle-mura.jpg","datePublished":"2019-10-23T08:53:19+00:00","dateModified":"2019-10-23T09:51:16+00:00","description":"BRUNELLO DI MONTALCINO 2007 RIS. POGGIO ALLE MURA BANFI Banfi wurde 1978 dank dem Willen der italo-amerikanischen Br\u00fcder, John und Harry Mariani, gegr\u00fcndet.","breadcrumb":{"@id":"https:\/\/fonsvinum.com\/de\/produkt\/brunello-di-montalcino-2007-riservapoggio-alle-mura-banfi\/#breadcrumb"},"inLanguage":"de","potentialAction":[{"@type":"ReadAction","target":["https:\/\/fonsvinum.com\/de\/produkt\/brunello-di-montalcino-2007-riservapoggio-alle-mura-banfi\/"]}]},{"@type":"ImageObject","inLanguage":"de","@id":"https:\/\/fonsvinum.com\/de\/produkt\/brunello-di-montalcino-2007-riservapoggio-alle-mura-banfi\/#primaryimage","url":"https:\/\/fonsvinum.com\/files\/2019\/04\/brunello-di-montalcino-poggio-alle-mura.jpg","contentUrl":"https:\/\/fonsvinum.com\/files\/2019\/04\/brunello-di-montalcino-poggio-alle-mura.jpg","width":568,"height":1100,"caption":"brunello-di-montalcino-poggio-alle-mura"},{"@type":"BreadcrumbList","@id":"https:\/\/fonsvinum.com\/de\/produkt\/brunello-di-montalcino-2007-riservapoggio-alle-mura-banfi\/#breadcrumb","itemListElement":[{"@type":"ListItem","position":1,"name":"Startseite","item":"https:\/\/fonsvinum.com\/de\/"},{"@type":"ListItem","position":2,"name":"Shop","item":"https:\/\/fonsvinum.com\/de\/shop\/"},{"@type":"ListItem","position":3,"name":"BRUNELLO DI MONTALCINO 2007 ROSERVA POGGIO ALLE MURA BANFI"}]},{"@type":"WebSite","@id":"https:\/\/fonsvinum.com\/en\/#website","url":"https:\/\/fonsvinum.com\/en\/","name":"Fons Vinum","description":"Vendita Vino Online","publisher":{"@id":"https:\/\/fonsvinum.com\/en\/#organization"},"potentialAction":[{"@type":"SearchAction","target":{"@type":"EntryPoint","urlTemplate":"https:\/\/fonsvinum.com\/en\/?s={search_term_string}"},"query-input":{"@type":"PropertyValueSpecification","valueRequired":true,"valueName":"search_term_string"}}],"inLanguage":"de"},{"@type":"Organization","@id":"https:\/\/fonsvinum.com\/en\/#organization","name":"Fons Vinum","url":"https:\/\/fonsvinum.com\/en\/","logo":{"@type":"ImageObject","inLanguage":"de","@id":"https:\/\/fonsvinum.com\/en\/#\/schema\/logo\/image\/","url":"","contentUrl":"","caption":"Fons Vinum"},"image":{"@id":"https:\/\/fonsvinum.com\/en\/#\/schema\/logo\/image\/"}}]}},"acf":[],"_links":{"self":[{"href":"https:\/\/fonsvinum.com\/de\/wp-json\/wp\/v2\/product\/20889","targetHints":{"allow":["GET"]}}],"collection":[{"href":"https:\/\/fonsvinum.com\/de\/wp-json\/wp\/v2\/product"}],"about":[{"href":"https:\/\/fonsvinum.com\/de\/wp-json\/wp\/v2\/types\/product"}],"replies":[{"embeddable":true,"href":"https:\/\/fonsvinum.com\/de\/wp-json\/wp\/v2\/comments?post=20889"}],"wp:featuredmedia":[{"embeddable":true,"href":"https:\/\/fonsvinum.com\/de\/wp-json\/wp\/v2\/media\/19123"}],"wp:attachment":[{"href":"https:\/\/fonsvinum.com\/de\/wp-json\/wp\/v2\/media?parent=20889"}],"wp:term":[{"taxonomy":"product_brand","embeddable":true,"href":"https:\/\/fonsvinum.com\/de\/wp-json\/wp\/v2\/product_brand?post=20889"},{"taxonomy":"product_cat","embeddable":true,"href":"https:\/\/fonsvinum.com\/de\/wp-json\/wp\/v2\/product_cat?post=20889"},{"taxonomy":"product_tag","embeddable":true,"href":"https:\/\/fonsvinum.com\/de\/wp-json\/wp\/v2\/product_tag?post=20889"}],"curies":[{"name":"wp","href":"https:\/\/api.w.org\/{rel}","templated":true}]}}