{"id":20815,"date":"2019-10-15T11:40:30","date_gmt":"2019-10-15T09:40:30","guid":{"rendered":"https:\/\/fonsvinum.com\/?post_type=product&#038;p=20815"},"modified":"2019-11-20T16:29:11","modified_gmt":"2019-11-20T15:29:11","slug":"barolo-monprivato-mascarello-giuseppe-2006","status":"publish","type":"product","link":"https:\/\/fonsvinum.com\/de\/produkt\/barolo-monprivato-mascarello-giuseppe-2006\/","title":{"rendered":"Barolo Monprivato Mascarello Giuseppe 2006"},"content":{"rendered":"<h1>Barolo Monprivato<a href=\"https:\/\/www.mascarello1881.com\/en\/\"> Giuseppe Mascarello<\/a> 2006<\/h1>\n<p>Der Wein w\u00e4chst in Castiglione Faletto in einer 6,3 Hektar gro\u00dfen Monopollage.\u00a0Zu 100% Kalkstein und etwas Kreide, das Hammerterroir f\u00fcr Komplexit\u00e4t, Eleganz und Feinheit. In Edelstahl fermentierter Wein, Ausbau in gro\u00dfen Holzf\u00e4ssern. Traditionell eben.\u00a0Mittleres Rubinrot, gl\u00e4nzend und extrem duftig. Blumig, Lavendel, Veilchen, Pfingstrose, Hagebutte und dann erst langsam s\u00fc\u00dfe rote Kirsche.<\/p>\n<p>Bet\u00f6rend und ultracharmant!<\/p>\n<p><iframe loading=\"lazy\" title=\"2007 Mascarello Monprivato tasting 4 Oct 2011 004 mout\" width=\"500\" height=\"281\" src=\"https:\/\/www.youtube.com\/embed\/QWDz0-5TZwg?feature=oembed\" frameborder=\"0\" allow=\"accelerometer; autoplay; clipboard-write; encrypted-media; gyroscope; picture-in-picture; web-share\" referrerpolicy=\"strict-origin-when-cross-origin\" allowfullscreen><\/iframe><\/p>\n","protected":false},"excerpt":{"rendered":"<p>Barolo Monprivato Giuseppe Mascarello 2006 Der Wein w\u00e4chst in Castiglione Faletto in einer 6,3 Hektar gro\u00dfen Monopollage.\u00a0Zu 100% Kalkstein und etwas Kreide, das Hammerterroir f\u00fcr Komplexit\u00e4t, Eleganz und Feinheit. In Edelstahl fermentierter Wein, Ausbau in gro\u00dfen Holzf\u00e4ssern. Traditionell eben.\u00a0Mittleres Rubinrot, gl\u00e4nzend und extrem duftig. Blumig, Lavendel, Veilchen, Pfingstrose, Hagebutte und dann erst langsam s\u00fc\u00dfe rote [&hellip;]<\/p>\n","protected":false},"featured_media":7073,"comment_status":"open","ping_status":"closed","template":"","meta":{"_acf_changed":false,"_monsterinsights_skip_tracking":false,"_monsterinsights_sitenote_active":false,"_monsterinsights_sitenote_note":"","_monsterinsights_sitenote_category":0},"product_brand":[],"product_cat":[1824],"product_tag":[1751],"class_list":{"0":"post-20815","1":"product","2":"type-product","3":"status-publish","4":"has-post-thumbnail","6":"product_cat-barolo-de","7":"product_tag-aussergewoehnliche-weine-aus-italien-de","8":"pa_appellation-barolo-docg-de","9":"pa_formato-0-75-l-flasche-de","10":"pa_producer-giuseppe-mascarello-de","11":"pa_region-piemont-de","12":"pa_vine-nebbiolo-de","13":"pa_vintage-2006-de","15":"first","16":"outofstock","17":"taxable","18":"shipping-taxable","19":"purchasable","20":"product-type-simple"},"bundled_by":[],"bundle_stock_status":"outofstock","bundle_stock_quantity":0,"bundle_virtual":false,"bundle_layout":"","bundle_add_to_cart_form_location":"","bundle_editable_in_cart":false,"bundle_sold_individually_context":"","bundle_item_grouping":"","bundle_min_size":"","bundle_max_size":"","bundle_price":[],"bundled_items":[],"bundle_sell_ids":[],"yoast_head":"<!-- This site is optimized with the Yoast SEO plugin v27.2 - https:\/\/yoast.com\/product\/yoast-seo-wordpress\/ -->\n<title>Acquista Barolo Monprivato Giuseppe Mascarello 2006 | FonsVinum<\/title>\n<meta name=\"description\" content=\"Acquista on line su FonsVinum BAROLO MONPRIVATO MASCARELLO 2006, dal profumo complesso, molto fruttato, elegante, intenso, speziato, con note floreali.\" \/>\n<meta name=\"robots\" content=\"index, follow, max-snippet:-1, max-image-preview:large, max-video-preview:-1\" \/>\n<link rel=\"canonical\" href=\"https:\/\/fonsvinum.com\/de\/produkt\/barolo-monprivato-mascarello-giuseppe-2006\/\" \/>\n<meta property=\"og:locale\" content=\"de_DE\" \/>\n<meta property=\"og:type\" content=\"article\" \/>\n<meta property=\"og:title\" content=\"Acquista Barolo Monprivato Giuseppe Mascarello 2006 | FonsVinum\" \/>\n<meta property=\"og:description\" content=\"Acquista on line su FonsVinum BAROLO MONPRIVATO MASCARELLO 2006, dal profumo complesso, molto fruttato, elegante, intenso, speziato, con note floreali.\" \/>\n<meta property=\"og:url\" content=\"https:\/\/fonsvinum.com\/de\/produkt\/barolo-monprivato-mascarello-giuseppe-2006\/\" \/>\n<meta property=\"og:site_name\" content=\"Fons Vinum\" \/>\n<meta property=\"article:modified_time\" content=\"2019-11-20T15:29:11+00:00\" \/>\n<meta property=\"og:image\" content=\"https:\/\/fonsvinum.com\/files\/2016\/01\/barolo-monprivato-giuseppe-mascarello.png\" \/>\n\t<meta property=\"og:image:width\" content=\"200\" \/>\n\t<meta property=\"og:image:height\" content=\"600\" \/>\n\t<meta property=\"og:image:type\" content=\"image\/png\" \/>\n<script type=\"application\/ld+json\" class=\"yoast-schema-graph\">{\"@context\":\"https:\/\/schema.org\",\"@graph\":[{\"@type\":\"WebPage\",\"@id\":\"https:\/\/fonsvinum.com\/de\/produkt\/barolo-monprivato-mascarello-giuseppe-2006\/\",\"url\":\"https:\/\/fonsvinum.com\/de\/produkt\/barolo-monprivato-mascarello-giuseppe-2006\/\",\"name\":\"Acquista Barolo Monprivato Giuseppe Mascarello 2006 | FonsVinum\",\"isPartOf\":{\"@id\":\"https:\/\/fonsvinum.com\/en\/#website\"},\"primaryImageOfPage\":{\"@id\":\"https:\/\/fonsvinum.com\/de\/produkt\/barolo-monprivato-mascarello-giuseppe-2006\/#primaryimage\"},\"image\":{\"@id\":\"https:\/\/fonsvinum.com\/de\/produkt\/barolo-monprivato-mascarello-giuseppe-2006\/#primaryimage\"},\"thumbnailUrl\":\"https:\/\/fonsvinum.com\/files\/2016\/01\/barolo-monprivato-giuseppe-mascarello.png\",\"datePublished\":\"2019-10-15T09:40:30+00:00\",\"dateModified\":\"2019-11-20T15:29:11+00:00\",\"description\":\"Acquista on line su FonsVinum BAROLO MONPRIVATO MASCARELLO 2006, dal profumo complesso, molto fruttato, elegante, intenso, speziato, con note floreali.\",\"breadcrumb\":{\"@id\":\"https:\/\/fonsvinum.com\/de\/produkt\/barolo-monprivato-mascarello-giuseppe-2006\/#breadcrumb\"},\"inLanguage\":\"de\",\"potentialAction\":[{\"@type\":\"ReadAction\",\"target\":[\"https:\/\/fonsvinum.com\/de\/produkt\/barolo-monprivato-mascarello-giuseppe-2006\/\"]}]},{\"@type\":\"ImageObject\",\"inLanguage\":\"de\",\"@id\":\"https:\/\/fonsvinum.com\/de\/produkt\/barolo-monprivato-mascarello-giuseppe-2006\/#primaryimage\",\"url\":\"https:\/\/fonsvinum.com\/files\/2016\/01\/barolo-monprivato-giuseppe-mascarello.png\",\"contentUrl\":\"https:\/\/fonsvinum.com\/files\/2016\/01\/barolo-monprivato-giuseppe-mascarello.png\",\"width\":200,\"height\":600},{\"@type\":\"BreadcrumbList\",\"@id\":\"https:\/\/fonsvinum.com\/de\/produkt\/barolo-monprivato-mascarello-giuseppe-2006\/#breadcrumb\",\"itemListElement\":[{\"@type\":\"ListItem\",\"position\":1,\"name\":\"Startseite\",\"item\":\"https:\/\/fonsvinum.com\/de\/\"},{\"@type\":\"ListItem\",\"position\":2,\"name\":\"Shop\",\"item\":\"https:\/\/fonsvinum.com\/de\/shop\/\"},{\"@type\":\"ListItem\",\"position\":3,\"name\":\"Barolo Monprivato Mascarello Giuseppe 2006\"}]},{\"@type\":\"WebSite\",\"@id\":\"https:\/\/fonsvinum.com\/en\/#website\",\"url\":\"https:\/\/fonsvinum.com\/en\/\",\"name\":\"Fons Vinum\",\"description\":\"Vendita Vino Online\",\"publisher\":{\"@id\":\"https:\/\/fonsvinum.com\/en\/#organization\"},\"potentialAction\":[{\"@type\":\"SearchAction\",\"target\":{\"@type\":\"EntryPoint\",\"urlTemplate\":\"https:\/\/fonsvinum.com\/en\/?s={search_term_string}\"},\"query-input\":{\"@type\":\"PropertyValueSpecification\",\"valueRequired\":true,\"valueName\":\"search_term_string\"}}],\"inLanguage\":\"de\"},{\"@type\":\"Organization\",\"@id\":\"https:\/\/fonsvinum.com\/en\/#organization\",\"name\":\"Fons Vinum\",\"url\":\"https:\/\/fonsvinum.com\/en\/\",\"logo\":{\"@type\":\"ImageObject\",\"inLanguage\":\"de\",\"@id\":\"https:\/\/fonsvinum.com\/en\/#\/schema\/logo\/image\/\",\"url\":\"\",\"contentUrl\":\"\",\"caption\":\"Fons Vinum\"},\"image\":{\"@id\":\"https:\/\/fonsvinum.com\/en\/#\/schema\/logo\/image\/\"}}]}<\/script>\n<!-- \/ Yoast SEO plugin. -->","yoast_head_json":{"title":"Acquista Barolo Monprivato Giuseppe Mascarello 2006 | FonsVinum","description":"Acquista on line su FonsVinum BAROLO MONPRIVATO MASCARELLO 2006, dal profumo complesso, molto fruttato, elegante, intenso, speziato, con note floreali.","robots":{"index":"index","follow":"follow","max-snippet":"max-snippet:-1","max-image-preview":"max-image-preview:large","max-video-preview":"max-video-preview:-1"},"canonical":"https:\/\/fonsvinum.com\/de\/produkt\/barolo-monprivato-mascarello-giuseppe-2006\/","og_locale":"de_DE","og_type":"article","og_title":"Acquista Barolo Monprivato Giuseppe Mascarello 2006 | FonsVinum","og_description":"Acquista on line su FonsVinum BAROLO MONPRIVATO MASCARELLO 2006, dal profumo complesso, molto fruttato, elegante, intenso, speziato, con note floreali.","og_url":"https:\/\/fonsvinum.com\/de\/produkt\/barolo-monprivato-mascarello-giuseppe-2006\/","og_site_name":"Fons Vinum","article_modified_time":"2019-11-20T15:29:11+00:00","og_image":[{"width":200,"height":600,"url":"https:\/\/fonsvinum.com\/files\/2016\/01\/barolo-monprivato-giuseppe-mascarello.png","type":"image\/png"}],"schema":{"@context":"https:\/\/schema.org","@graph":[{"@type":"WebPage","@id":"https:\/\/fonsvinum.com\/de\/produkt\/barolo-monprivato-mascarello-giuseppe-2006\/","url":"https:\/\/fonsvinum.com\/de\/produkt\/barolo-monprivato-mascarello-giuseppe-2006\/","name":"Acquista Barolo Monprivato Giuseppe Mascarello 2006 | FonsVinum","isPartOf":{"@id":"https:\/\/fonsvinum.com\/en\/#website"},"primaryImageOfPage":{"@id":"https:\/\/fonsvinum.com\/de\/produkt\/barolo-monprivato-mascarello-giuseppe-2006\/#primaryimage"},"image":{"@id":"https:\/\/fonsvinum.com\/de\/produkt\/barolo-monprivato-mascarello-giuseppe-2006\/#primaryimage"},"thumbnailUrl":"https:\/\/fonsvinum.com\/files\/2016\/01\/barolo-monprivato-giuseppe-mascarello.png","datePublished":"2019-10-15T09:40:30+00:00","dateModified":"2019-11-20T15:29:11+00:00","description":"Acquista on line su FonsVinum BAROLO MONPRIVATO MASCARELLO 2006, dal profumo complesso, molto fruttato, elegante, intenso, speziato, con note floreali.","breadcrumb":{"@id":"https:\/\/fonsvinum.com\/de\/produkt\/barolo-monprivato-mascarello-giuseppe-2006\/#breadcrumb"},"inLanguage":"de","potentialAction":[{"@type":"ReadAction","target":["https:\/\/fonsvinum.com\/de\/produkt\/barolo-monprivato-mascarello-giuseppe-2006\/"]}]},{"@type":"ImageObject","inLanguage":"de","@id":"https:\/\/fonsvinum.com\/de\/produkt\/barolo-monprivato-mascarello-giuseppe-2006\/#primaryimage","url":"https:\/\/fonsvinum.com\/files\/2016\/01\/barolo-monprivato-giuseppe-mascarello.png","contentUrl":"https:\/\/fonsvinum.com\/files\/2016\/01\/barolo-monprivato-giuseppe-mascarello.png","width":200,"height":600},{"@type":"BreadcrumbList","@id":"https:\/\/fonsvinum.com\/de\/produkt\/barolo-monprivato-mascarello-giuseppe-2006\/#breadcrumb","itemListElement":[{"@type":"ListItem","position":1,"name":"Startseite","item":"https:\/\/fonsvinum.com\/de\/"},{"@type":"ListItem","position":2,"name":"Shop","item":"https:\/\/fonsvinum.com\/de\/shop\/"},{"@type":"ListItem","position":3,"name":"Barolo Monprivato Mascarello Giuseppe 2006"}]},{"@type":"WebSite","@id":"https:\/\/fonsvinum.com\/en\/#website","url":"https:\/\/fonsvinum.com\/en\/","name":"Fons Vinum","description":"Vendita Vino Online","publisher":{"@id":"https:\/\/fonsvinum.com\/en\/#organization"},"potentialAction":[{"@type":"SearchAction","target":{"@type":"EntryPoint","urlTemplate":"https:\/\/fonsvinum.com\/en\/?s={search_term_string}"},"query-input":{"@type":"PropertyValueSpecification","valueRequired":true,"valueName":"search_term_string"}}],"inLanguage":"de"},{"@type":"Organization","@id":"https:\/\/fonsvinum.com\/en\/#organization","name":"Fons Vinum","url":"https:\/\/fonsvinum.com\/en\/","logo":{"@type":"ImageObject","inLanguage":"de","@id":"https:\/\/fonsvinum.com\/en\/#\/schema\/logo\/image\/","url":"","contentUrl":"","caption":"Fons Vinum"},"image":{"@id":"https:\/\/fonsvinum.com\/en\/#\/schema\/logo\/image\/"}}]}},"acf":[],"_links":{"self":[{"href":"https:\/\/fonsvinum.com\/de\/wp-json\/wp\/v2\/product\/20815","targetHints":{"allow":["GET"]}}],"collection":[{"href":"https:\/\/fonsvinum.com\/de\/wp-json\/wp\/v2\/product"}],"about":[{"href":"https:\/\/fonsvinum.com\/de\/wp-json\/wp\/v2\/types\/product"}],"replies":[{"embeddable":true,"href":"https:\/\/fonsvinum.com\/de\/wp-json\/wp\/v2\/comments?post=20815"}],"wp:featuredmedia":[{"embeddable":true,"href":"https:\/\/fonsvinum.com\/de\/wp-json\/wp\/v2\/media\/7073"}],"wp:attachment":[{"href":"https:\/\/fonsvinum.com\/de\/wp-json\/wp\/v2\/media?parent=20815"}],"wp:term":[{"taxonomy":"product_brand","embeddable":true,"href":"https:\/\/fonsvinum.com\/de\/wp-json\/wp\/v2\/product_brand?post=20815"},{"taxonomy":"product_cat","embeddable":true,"href":"https:\/\/fonsvinum.com\/de\/wp-json\/wp\/v2\/product_cat?post=20815"},{"taxonomy":"product_tag","embeddable":true,"href":"https:\/\/fonsvinum.com\/de\/wp-json\/wp\/v2\/product_tag?post=20815"}],"curies":[{"name":"wp","href":"https:\/\/api.w.org\/{rel}","templated":true}]}}