{"id":20723,"date":"2019-10-10T11:33:39","date_gmt":"2019-10-10T09:33:39","guid":{"rendered":"https:\/\/fonsvinum.com\/?post_type=product&#038;p=20723"},"modified":"2026-04-21T08:20:21","modified_gmt":"2026-04-21T06:20:21","slug":"barbaresco-riserva-docg-asili-bruno-giacosa-2014","status":"publish","type":"product","link":"https:\/\/fonsvinum.com\/de\/produkt\/barbaresco-riserva-docg-asili-bruno-giacosa-2014\/","title":{"rendered":"Barbaresco Riserva DOCG Asili Bruno Giacosa 2014"},"content":{"rendered":"<h1><a href=\"https:\/\/fonsvinum.com\/de\/produkt-kategorie\/rotweine-de\/barbaresco-de\/\">Barbaresco<\/a> Riserva DOCG Asili <a href=\"https:\/\/www.brunogiacosa.it\/it\/index.php\">Bruno Giacosa<\/a><\/h1>\n<h2>Das Weingut<\/h2>\n<div class=\"desk__w\">\n<div class=\"sectionHeader\">\n<p class=\"sectionHeader__subtitle\">Bruno <a href=\"https:\/\/fonsvinum.com\/?s=GIACOSA&amp;post_type=product\">Giacosa<\/a> war ein Winzer von immenser Sensibilit\u00e4t. Sein Erfolg entstand aus dem immensen Talent, von anderen Eigent\u00fcmern gelieferte Trauben in einige der besten jemals produzierten Barolo und Barbaresco zu verwandeln. <\/p>\n<p class=\"sectionHeader__subtitle\">Die Azienda Agricola Falletto entstand aus dem Genie dieses Mannes. Nachdem er begonnen hatte, seinem Gro\u00dfvater im Keller zu helfen, erwarb er 1982 den Weinberg &#8222;Falletto&#8220; in Serralunga d&#8217;Alba. 1966 kaufte Bruno auch die Barbaresco-Weinberge &#8222;Asili&#8220; und &#8222;Rabaj\u00e0&#8220;. Heute umfasst das Eigentum zwanzig Hektar. Sie erstrecken sich \u00fcber die Gemeinden Serralunga d&#8217;Alba, La Morra und Barbaresco.<br \/>\nBruno Giacosa hat stets mit \u00e4u\u00dferster \u00dcberzeugung bekr\u00e4ftigt, dass ein gro\u00dfer Wein im Weinberg entsteht. So hat er sich immer daf\u00fcr entschieden, die Rhythmen der Natur maximal zu respektieren, ohne erzwungene Eingriffe, sondern indem er die Pflanze einfach begleitet und ihr erm\u00f6glicht, sich selbst zu sch\u00fctzen und optimal zu wachsen.     <\/p>\n<p class=\"sectionHeader__subtitle\">Im Keller wird eine stark konservative \u00d6nologie verfolgt, die darauf abzielt, die im Weinberg geleistete Arbeit maximal zu respektieren. Dies bedeutet sehr niedrige Ertr\u00e4ge, dreiw\u00f6chige Mazerationen in Edelstahltanks und Reifung in gro\u00dfen franz\u00f6sischen Eichenf\u00e4ssern f\u00fcr Zeitr\u00e4ume, die in einigen F\u00e4llen drei\u00dfig Monate \u00fcberschreiten.<br \/>\nDie Weine der Azienda Agricola Falletto stammen alle aus eigenen Weinbergen und werden in den eigenen Kellern in Neive vinifiziert.<br \/>\nDie Weine mit dem Etikett &#8222;Casa Vinicola Bruno Giacosa&#8220; hingegen stammen aus Trauben, die von vertrauensw\u00fcrdigen Lieferanten gekauft und in den eigenen Kellern vinifiziert werden. <\/p>\n<p>Er war einer der Weinm\u00e4nner, die die Namen Barolo und Barbaresco in der Welt am meisten zu Ruhm gebracht haben<\/p>\n<\/div>\n<\/div>\n<h2>Jahrgang 2014:<\/h2>\n<h3>&#8211; Verkostungsnotizen<\/h3>\n<p>Wein aus <strong>Nebbiolo<\/strong>-Trauben aus der Cru Asili in der Gemeinde <strong>Barbaresco<\/strong>. Die Lese erfolgt von Hand, im Keller werden f\u00fcr die G\u00e4rung, die durch einheimische Hefen aktiviert wird, Zementbottiche verwendet, mit einer Mazerationsdauer von drei Wochen. Nach Abschluss der G\u00e4rung reift der Wein 32 Monate in gro\u00dfen Eichenf\u00e4ssern.   <span lang=\"it\">Eleganz und Ausgewogenheit sind die Schlagworte.<\/span><\/p>\n<p><strong>FARBE<\/strong><br \/>\nGranatr\u043e\u0442.<\/p>\n<p><strong>GESCHMACK<\/strong><br \/>\nAm Gaumen intensiv, reichhaltig und gut ausgewogen. Dominiert von einer <span lang=\"it\">sehr feinen S\u00e4ure, die das Tannin ausgleicht<\/span> <\/p>\n<p><strong>DUFT<\/strong><br \/>\nIn der Nase zeigt er Aromen von Sauerkirsche, Heidelbeere und Brombeere.<\/p>\n<p><strong>KOMBINATIONEN<br \/>\n<\/strong>Passt perfekt zu Gerichten mit rotem Fleisch und Wild.<\/p>\n<p><strong>LAGERUNG<\/strong><br \/>\nEignet sich hervorragend f\u00fcr eine jahrelange Flaschenreifung.<\/p>\n<p><strong>KOMBINATION<br \/>\n<\/strong>Zu Wild, 16\/18\u00b0.<\/p>\n<h3>&#8211; Auszeichnungen und Anerkennungen Jahrgang 2014<\/h3>\n<ul>\n<li class=\"product__attr-list_values\"><strong><span class=\"product__attr-list_label\">Bewertung Webdivino:<\/span><\/strong><span class=\"product__attr-list_value\">97\/100<\/span><\/li>\n<li><span class=\"product__attr-list_value product__attr-list_value--premi\"><label><strong>Gambero Rosso: <\/strong>3\/3 Gl\u00e4ser<\/label><\/span><\/li>\n<\/ul>\n<p>&nbsp;<\/p>\n<p>&nbsp;<\/p>\n","protected":false},"excerpt":{"rendered":"<p>Barbaresco Riserva DOCG Asili Bruno Giacosa Das Weingut Bruno Giacosa war ein Winzer von immenser Sensibilit\u00e4t. Sein Erfolg entstand aus dem immensen Talent, von anderen Eigent\u00fcmern gelieferte Trauben in einige der besten jemals produzierten Barolo und Barbaresco zu verwandeln. Die Azienda Agricola Falletto entstand aus dem Genie dieses Mannes. Nachdem er begonnen hatte, seinem Gro\u00dfvater [&hellip;]<\/p>\n","protected":false},"featured_media":3472,"comment_status":"open","ping_status":"closed","template":"","meta":{"_acf_changed":false,"_monsterinsights_skip_tracking":false,"_monsterinsights_sitenote_active":false,"_monsterinsights_sitenote_note":"","_monsterinsights_sitenote_category":0},"product_brand":[],"product_cat":[1773],"product_tag":[1733,1751,15895],"class_list":{"0":"post-20723","1":"product","2":"type-product","3":"status-publish","4":"has-post-thumbnail","6":"product_cat-barbaresco-de","7":"product_tag-aussergewoehnliche-weine-de","8":"product_tag-aussergewoehnliche-weine-aus-italien-de","9":"product_tag-barbaresco-de-2","10":"pa_appellation-barbaresco-riserva-docg-de","11":"pa_formato-0-75-l-flasche-de","12":"pa_producer-giacosa-bruno-de","13":"pa_region-piemont-de","14":"pa_vine-nebbiolo-de","15":"pa_vintage-2014-de","17":"first","18":"instock","19":"taxable","20":"shipping-taxable","21":"purchasable","22":"product-type-simple"},"bundled_by":[],"bundle_stock_status":"instock","bundle_stock_quantity":1,"bundle_virtual":false,"bundle_layout":"","bundle_add_to_cart_form_location":"","bundle_editable_in_cart":false,"bundle_sold_individually_context":"","bundle_item_grouping":"","bundle_min_size":"","bundle_max_size":"","bundle_price":[],"bundled_items":[],"bundle_sell_ids":[],"yoast_head":"<!-- This site is optimized with the Yoast SEO plugin v27.3 - https:\/\/yoast.com\/product\/yoast-seo-wordpress\/ -->\n<title>Barbaresco Riserva DOCG Asili Bruno Giacosa 2014 - Fons Vinum<\/title>\n<meta name=\"description\" content=\"Kaufen Sie online bei FonsVinum Barbaresco Riserva Asili Bruno Giacosa 2014: ein Wein von gro\u00dfem Charakter, der in den besten Jahrg\u00e4ngen die Bezeichnung &quot;Riserva&quot; tr\u00e4gt.\" \/>\n<meta name=\"robots\" content=\"index, follow, max-snippet:-1, max-image-preview:large, max-video-preview:-1\" \/>\n<link rel=\"canonical\" href=\"https:\/\/fonsvinum.com\/de\/produkt\/barbaresco-riserva-docg-asili-bruno-giacosa-2014\/\" \/>\n<meta property=\"og:locale\" content=\"de_DE\" \/>\n<meta property=\"og:type\" content=\"article\" \/>\n<meta property=\"og:title\" content=\"Barbaresco Riserva DOCG Asili Bruno Giacosa 2014 - Fons Vinum\" \/>\n<meta property=\"og:description\" content=\"Kaufen Sie online bei FonsVinum Barbaresco Riserva Asili Bruno Giacosa 2014: ein Wein von gro\u00dfem Charakter, der in den besten Jahrg\u00e4ngen die Bezeichnung &quot;Riserva&quot; tr\u00e4gt.\" \/>\n<meta property=\"og:url\" content=\"https:\/\/fonsvinum.com\/de\/produkt\/barbaresco-riserva-docg-asili-bruno-giacosa-2014\/\" \/>\n<meta property=\"og:site_name\" content=\"Fons Vinum\" \/>\n<meta property=\"article:modified_time\" content=\"2026-04-21T06:20:21+00:00\" \/>\n<meta property=\"og:image\" content=\"https:\/\/fonsvinum.com\/files\/2014\/11\/barbaresco-asili-riserva-giacosa-bruno.png\" \/>\n\t<meta property=\"og:image:width\" content=\"200\" \/>\n\t<meta property=\"og:image:height\" content=\"600\" \/>\n\t<meta property=\"og:image:type\" content=\"image\/png\" \/>\n<meta name=\"twitter:label1\" content=\"Gesch\u00e4tzte Lesezeit\" \/>\n\t<meta name=\"twitter:data1\" content=\"2\u00a0Minuten\" \/>\n<script type=\"application\/ld+json\" class=\"yoast-schema-graph\">{\"@context\":\"https:\\\/\\\/schema.org\",\"@graph\":[{\"@type\":\"WebPage\",\"@id\":\"https:\\\/\\\/fonsvinum.com\\\/de\\\/produkt\\\/barbaresco-riserva-docg-asili-bruno-giacosa-2014\\\/\",\"url\":\"https:\\\/\\\/fonsvinum.com\\\/de\\\/produkt\\\/barbaresco-riserva-docg-asili-bruno-giacosa-2014\\\/\",\"name\":\"Barbaresco Riserva DOCG Asili Bruno Giacosa 2014 - Fons Vinum\",\"isPartOf\":{\"@id\":\"https:\\\/\\\/fonsvinum.com\\\/en\\\/#website\"},\"primaryImageOfPage\":{\"@id\":\"https:\\\/\\\/fonsvinum.com\\\/de\\\/produkt\\\/barbaresco-riserva-docg-asili-bruno-giacosa-2014\\\/#primaryimage\"},\"image\":{\"@id\":\"https:\\\/\\\/fonsvinum.com\\\/de\\\/produkt\\\/barbaresco-riserva-docg-asili-bruno-giacosa-2014\\\/#primaryimage\"},\"thumbnailUrl\":\"https:\\\/\\\/fonsvinum.com\\\/files\\\/2014\\\/11\\\/barbaresco-asili-riserva-giacosa-bruno.png\",\"datePublished\":\"2019-10-10T09:33:39+00:00\",\"dateModified\":\"2026-04-21T06:20:21+00:00\",\"description\":\"Kaufen Sie online bei FonsVinum Barbaresco Riserva Asili Bruno Giacosa 2014: ein Wein von gro\u00dfem Charakter, der in den besten Jahrg\u00e4ngen die Bezeichnung \\\"Riserva\\\" tr\u00e4gt.\",\"breadcrumb\":{\"@id\":\"https:\\\/\\\/fonsvinum.com\\\/de\\\/produkt\\\/barbaresco-riserva-docg-asili-bruno-giacosa-2014\\\/#breadcrumb\"},\"inLanguage\":\"de\",\"potentialAction\":[{\"@type\":\"ReadAction\",\"target\":[\"https:\\\/\\\/fonsvinum.com\\\/de\\\/produkt\\\/barbaresco-riserva-docg-asili-bruno-giacosa-2014\\\/\"]}]},{\"@type\":\"ImageObject\",\"inLanguage\":\"de\",\"@id\":\"https:\\\/\\\/fonsvinum.com\\\/de\\\/produkt\\\/barbaresco-riserva-docg-asili-bruno-giacosa-2014\\\/#primaryimage\",\"url\":\"https:\\\/\\\/fonsvinum.com\\\/files\\\/2014\\\/11\\\/barbaresco-asili-riserva-giacosa-bruno.png\",\"contentUrl\":\"https:\\\/\\\/fonsvinum.com\\\/files\\\/2014\\\/11\\\/barbaresco-asili-riserva-giacosa-bruno.png\",\"width\":200,\"height\":600,\"caption\":\"Barbaresco Riserva docg Asili Bruno Giacosa 2011\"},{\"@type\":\"BreadcrumbList\",\"@id\":\"https:\\\/\\\/fonsvinum.com\\\/de\\\/produkt\\\/barbaresco-riserva-docg-asili-bruno-giacosa-2014\\\/#breadcrumb\",\"itemListElement\":[{\"@type\":\"ListItem\",\"position\":1,\"name\":\"Startseite\",\"item\":\"https:\\\/\\\/fonsvinum.com\\\/de\\\/\"},{\"@type\":\"ListItem\",\"position\":2,\"name\":\"Shop\",\"item\":\"https:\\\/\\\/fonsvinum.com\\\/de\\\/shop\\\/\"},{\"@type\":\"ListItem\",\"position\":3,\"name\":\"Barbaresco Riserva DOCG Asili Bruno Giacosa 2014\"}]},{\"@type\":\"WebSite\",\"@id\":\"https:\\\/\\\/fonsvinum.com\\\/en\\\/#website\",\"url\":\"https:\\\/\\\/fonsvinum.com\\\/en\\\/\",\"name\":\"Fons Vinum\",\"description\":\"Vendita Vino Online\",\"publisher\":{\"@id\":\"https:\\\/\\\/fonsvinum.com\\\/en\\\/#organization\"},\"potentialAction\":[{\"@type\":\"SearchAction\",\"target\":{\"@type\":\"EntryPoint\",\"urlTemplate\":\"https:\\\/\\\/fonsvinum.com\\\/en\\\/?s={search_term_string}\"},\"query-input\":{\"@type\":\"PropertyValueSpecification\",\"valueRequired\":true,\"valueName\":\"search_term_string\"}}],\"inLanguage\":\"de\"},{\"@type\":\"Organization\",\"@id\":\"https:\\\/\\\/fonsvinum.com\\\/en\\\/#organization\",\"name\":\"Fons Vinum\",\"url\":\"https:\\\/\\\/fonsvinum.com\\\/en\\\/\",\"logo\":{\"@type\":\"ImageObject\",\"inLanguage\":\"de\",\"@id\":\"https:\\\/\\\/fonsvinum.com\\\/en\\\/#\\\/schema\\\/logo\\\/image\\\/\",\"url\":\"\",\"contentUrl\":\"\",\"caption\":\"Fons Vinum\"},\"image\":{\"@id\":\"https:\\\/\\\/fonsvinum.com\\\/en\\\/#\\\/schema\\\/logo\\\/image\\\/\"}}]}<\/script>\n<!-- \/ Yoast SEO plugin. -->","yoast_head_json":{"title":"Barbaresco Riserva DOCG Asili Bruno Giacosa 2014 - Fons Vinum","description":"Kaufen Sie online bei FonsVinum Barbaresco Riserva Asili Bruno Giacosa 2014: ein Wein von gro\u00dfem Charakter, der in den besten Jahrg\u00e4ngen die Bezeichnung \"Riserva\" tr\u00e4gt.","robots":{"index":"index","follow":"follow","max-snippet":"max-snippet:-1","max-image-preview":"max-image-preview:large","max-video-preview":"max-video-preview:-1"},"canonical":"https:\/\/fonsvinum.com\/de\/produkt\/barbaresco-riserva-docg-asili-bruno-giacosa-2014\/","og_locale":"de_DE","og_type":"article","og_title":"Barbaresco Riserva DOCG Asili Bruno Giacosa 2014 - Fons Vinum","og_description":"Kaufen Sie online bei FonsVinum Barbaresco Riserva Asili Bruno Giacosa 2014: ein Wein von gro\u00dfem Charakter, der in den besten Jahrg\u00e4ngen die Bezeichnung \"Riserva\" tr\u00e4gt.","og_url":"https:\/\/fonsvinum.com\/de\/produkt\/barbaresco-riserva-docg-asili-bruno-giacosa-2014\/","og_site_name":"Fons Vinum","article_modified_time":"2026-04-21T06:20:21+00:00","og_image":[{"width":200,"height":600,"url":"https:\/\/fonsvinum.com\/files\/2014\/11\/barbaresco-asili-riserva-giacosa-bruno.png","type":"image\/png"}],"twitter_misc":{"Gesch\u00e4tzte Lesezeit":"2\u00a0Minuten"},"schema":{"@context":"https:\/\/schema.org","@graph":[{"@type":"WebPage","@id":"https:\/\/fonsvinum.com\/de\/produkt\/barbaresco-riserva-docg-asili-bruno-giacosa-2014\/","url":"https:\/\/fonsvinum.com\/de\/produkt\/barbaresco-riserva-docg-asili-bruno-giacosa-2014\/","name":"Barbaresco Riserva DOCG Asili Bruno Giacosa 2014 - Fons Vinum","isPartOf":{"@id":"https:\/\/fonsvinum.com\/en\/#website"},"primaryImageOfPage":{"@id":"https:\/\/fonsvinum.com\/de\/produkt\/barbaresco-riserva-docg-asili-bruno-giacosa-2014\/#primaryimage"},"image":{"@id":"https:\/\/fonsvinum.com\/de\/produkt\/barbaresco-riserva-docg-asili-bruno-giacosa-2014\/#primaryimage"},"thumbnailUrl":"https:\/\/fonsvinum.com\/files\/2014\/11\/barbaresco-asili-riserva-giacosa-bruno.png","datePublished":"2019-10-10T09:33:39+00:00","dateModified":"2026-04-21T06:20:21+00:00","description":"Kaufen Sie online bei FonsVinum Barbaresco Riserva Asili Bruno Giacosa 2014: ein Wein von gro\u00dfem Charakter, der in den besten Jahrg\u00e4ngen die Bezeichnung \"Riserva\" tr\u00e4gt.","breadcrumb":{"@id":"https:\/\/fonsvinum.com\/de\/produkt\/barbaresco-riserva-docg-asili-bruno-giacosa-2014\/#breadcrumb"},"inLanguage":"de","potentialAction":[{"@type":"ReadAction","target":["https:\/\/fonsvinum.com\/de\/produkt\/barbaresco-riserva-docg-asili-bruno-giacosa-2014\/"]}]},{"@type":"ImageObject","inLanguage":"de","@id":"https:\/\/fonsvinum.com\/de\/produkt\/barbaresco-riserva-docg-asili-bruno-giacosa-2014\/#primaryimage","url":"https:\/\/fonsvinum.com\/files\/2014\/11\/barbaresco-asili-riserva-giacosa-bruno.png","contentUrl":"https:\/\/fonsvinum.com\/files\/2014\/11\/barbaresco-asili-riserva-giacosa-bruno.png","width":200,"height":600,"caption":"Barbaresco Riserva docg Asili Bruno Giacosa 2011"},{"@type":"BreadcrumbList","@id":"https:\/\/fonsvinum.com\/de\/produkt\/barbaresco-riserva-docg-asili-bruno-giacosa-2014\/#breadcrumb","itemListElement":[{"@type":"ListItem","position":1,"name":"Startseite","item":"https:\/\/fonsvinum.com\/de\/"},{"@type":"ListItem","position":2,"name":"Shop","item":"https:\/\/fonsvinum.com\/de\/shop\/"},{"@type":"ListItem","position":3,"name":"Barbaresco Riserva DOCG Asili Bruno Giacosa 2014"}]},{"@type":"WebSite","@id":"https:\/\/fonsvinum.com\/en\/#website","url":"https:\/\/fonsvinum.com\/en\/","name":"Fons Vinum","description":"Vendita Vino Online","publisher":{"@id":"https:\/\/fonsvinum.com\/en\/#organization"},"potentialAction":[{"@type":"SearchAction","target":{"@type":"EntryPoint","urlTemplate":"https:\/\/fonsvinum.com\/en\/?s={search_term_string}"},"query-input":{"@type":"PropertyValueSpecification","valueRequired":true,"valueName":"search_term_string"}}],"inLanguage":"de"},{"@type":"Organization","@id":"https:\/\/fonsvinum.com\/en\/#organization","name":"Fons Vinum","url":"https:\/\/fonsvinum.com\/en\/","logo":{"@type":"ImageObject","inLanguage":"de","@id":"https:\/\/fonsvinum.com\/en\/#\/schema\/logo\/image\/","url":"","contentUrl":"","caption":"Fons Vinum"},"image":{"@id":"https:\/\/fonsvinum.com\/en\/#\/schema\/logo\/image\/"}}]}},"acf":[],"_links":{"self":[{"href":"https:\/\/fonsvinum.com\/de\/wp-json\/wp\/v2\/product\/20723","targetHints":{"allow":["GET"]}}],"collection":[{"href":"https:\/\/fonsvinum.com\/de\/wp-json\/wp\/v2\/product"}],"about":[{"href":"https:\/\/fonsvinum.com\/de\/wp-json\/wp\/v2\/types\/product"}],"replies":[{"embeddable":true,"href":"https:\/\/fonsvinum.com\/de\/wp-json\/wp\/v2\/comments?post=20723"}],"wp:featuredmedia":[{"embeddable":true,"href":"https:\/\/fonsvinum.com\/de\/wp-json\/wp\/v2\/media\/3472"}],"wp:attachment":[{"href":"https:\/\/fonsvinum.com\/de\/wp-json\/wp\/v2\/media?parent=20723"}],"wp:term":[{"taxonomy":"product_brand","embeddable":true,"href":"https:\/\/fonsvinum.com\/de\/wp-json\/wp\/v2\/product_brand?post=20723"},{"taxonomy":"product_cat","embeddable":true,"href":"https:\/\/fonsvinum.com\/de\/wp-json\/wp\/v2\/product_cat?post=20723"},{"taxonomy":"product_tag","embeddable":true,"href":"https:\/\/fonsvinum.com\/de\/wp-json\/wp\/v2\/product_tag?post=20723"}],"curies":[{"name":"wp","href":"https:\/\/api.w.org\/{rel}","templated":true}]}}