{"id":20685,"date":"2019-10-09T14:40:46","date_gmt":"2019-10-09T12:40:46","guid":{"rendered":"https:\/\/fonsvinum.com\/?post_type=product&#038;p=20685"},"modified":"2019-10-29T13:15:03","modified_gmt":"2019-10-29T12:15:03","slug":"brunello-di-montalcino-pietroso-2014","status":"publish","type":"product","link":"https:\/\/fonsvinum.com\/de\/produkt\/brunello-di-montalcino-pietroso-2014\/","title":{"rendered":"Brunello di Montalcino Pietroso 2014"},"content":{"rendered":"<h1>Brunello di Montalcino <a href=\"http:\/\/www.pietroso.com\/index.php\/de\/\">Pietroso<\/a> 2012<\/h1>\n<h2>Das Unternehmen<\/h2>\n<p>Das Landwirtschaftliche Unternehmen Pietroso wurde in Montalcino in den &#8217;70 Jahren aufgebaut dank der Liebe f\u00fcr die Erde, und besonders f\u00fcr den Wein, von dem Weinbauer Domenico Berni; sein Ziel war kleine Mengen von wertvollen Weinen zu produzieren, wie Brunello und Rosso di Montalcino.<\/p>\n<p>Gianni Pignattai, heute, mit extremer Pflege und Begeisterung, und Alex Dondi mit dem Agrarwissenschaftler Federico Becarelli leiten das Unternehmen in Montalcino.<\/p>\n<p>Das Anwesen betr\u00e4gt 13\u00a0Hectar, Anbau Fl\u00e4che, davon 5 angebaut mit Weinberg eingetragen in die Produzion des Brunello und 1 Hectar Olivenhein.<\/p>\n<div><\/div>\n<h2 class=\"grid__item width-2-12\">Die Weinberge<\/h2>\n<div>\n<p>Der Weinberg ist nur mit Sangiovesereben bebaut und befindet sich in drei verschiedenen Lagen in der Gemeinde von Montalcino; das erm\u00f6glicht ein ausgeglichenes Produkt zu haben auch in Ernte Jahren mit besonderen klimatischen Eigenschaften.<\/p>\n<p>Die B\u00f6den sind sehr gut geeignet, sie geniessen eine gute Sonnenbestrahlung und ein sehr g\u00fcnstiges Microclima, das beg\u00fcnstigt die Produktion eines Grundstoffes von hoher Qualit\u00e4t, dank auch der best\u00e4ndigen Handpflege, an die gr\u00fcne Beschneidung und die Lichtung der Trauben.<\/p>\n<p>Die H\u00f6he der Felder variert zwischen 350 und 450 mt H\u00f6he uber dem Meeresspiegel, das erm\u00f6glicht eine schrittweise Reifung der Trauben, besonders jetzt mit der Tendenz immer w\u00e4rmere und trockenere Sommer zu haben, so das man mit der Ernte die erste Oktober Woche beginnen kann.<\/p>\n<p>Die Dichte der Anlage betr\u00e4gt 4500 Reben pro Hectar und die &#8222;Zucht Form&#8220; ist in befestigten Reihen.<br \/>\nDie Weinlese erfolgt ausschlislich per Hand nachdem man im Sommer eine Starke Lichtung der Trauben vorgenommen hat.<\/p>\n<\/div>\n<h2>Der Weinkeller<\/h2>\n<div>\n<p>Der Weinkeller befindet sich unmittelbar von Montalcino, circa 100 mt von der Altstadt, man geniesst ein wundersch\u00f6nes Panorama dank der Sicht auf die Altstadt, die Val d&#8217;Arbia und die umliegenden W\u00e4lder.<br \/>\nHier ereignen sich alle Arbeitsg\u00e4nge der Weinherstellung, Verfeinerung und Flaschenabf\u00fcllung.<\/p>\n<p>Der Weinkeller f\u00fcr die Weinherstellung befindet sich in einem Kellerraum; er wurde vor kurzer Zeit gebaut, versteckt von einer naturalen Terrasse und gen\u00fcgend isoliert.<br \/>\nDie Weinherstellung ereignet sich in Termoregulierter in Inox Stahl Wannen von 60 hl Fassungsverm\u00f6gen Die Kantine f\u00fcr die Verfeinerung ist mit Mauern von nat\u00fcrlichem Stein gebaut und hat eine klimatisierte Anlage.<\/p>\n<p>Die Verfeinerung geschieht in Holz F\u00e4ssern von Slavonischem Eichenholz von einer Gr\u00f6sse von circa 30 hl.<br \/>\nNach der Verfeinerung in F\u00e4ssern wird der Wein in Flaschen abgef\u00fcllt und f\u00fcr noch weitere 6 Monate in einem Raum mit st\u00e4ndigen 15\u00b0 gelagert.<\/p>\n<h2>Brunello di Montalcino 2014<\/h2>\n<\/div>\n<p><span style=\"font-size: 16px\">Dieser herausragende Brunello ist rubin- bis granatrot. In der Nase intensiv, anhaltend und \u00fcppig, mit Aromen von Gew\u00fcrzen, Fenchel und wildem Tabak. Der imposante und opulente Duft roter Fr\u00fcchte wird von einem Hauch Vanille abgerundet.<\/span><\/p>\n<div class=\"grid__item width-6-12 box-premi__row-align\">\n<div class=\"box-premi__item\">\n<div class=\"premio__tooltip\">Er ist au\u00dfergew\u00f6hnlich kraftvoll und komplex, mit viel Tannin. Ein hochqualitativer, gro\u00dfz\u00fcgiger Brunello mit einem langen Finale und gro\u00dfem Lagerungspotenzial.<\/div>\n<div>\n<div id=\"tw-target-text-container\" class=\"tw-ta-container tw-nfl\">\n<h3 id=\"tw-target-text\" class=\"tw-data-text tw-text-large tw-ta\" data-placeholder=\"Traduzione\"><span lang=\"de\">Auszeichnungen Brunello di Montalcino 2014<\/span><\/h3>\n<ul>\n<li><strong>Gambero Rosso:<\/strong> 3\/3<\/li>\n<\/ul>\n<\/div>\n<\/div>\n<\/div>\n<\/div>\n","protected":false},"excerpt":{"rendered":"<p>Brunello di Montalcino Pietroso 2012 Das Unternehmen Das Landwirtschaftliche Unternehmen Pietroso wurde in Montalcino in den &#8217;70 Jahren aufgebaut dank der Liebe f\u00fcr die Erde, und besonders f\u00fcr den Wein, von dem Weinbauer Domenico Berni; sein Ziel war kleine Mengen von wertvollen Weinen zu produzieren, wie Brunello und Rosso di Montalcino. Gianni Pignattai, heute, mit [&hellip;]<\/p>\n","protected":false},"featured_media":13396,"comment_status":"open","ping_status":"closed","template":"","meta":{"_acf_changed":false,"_monsterinsights_skip_tracking":false,"_monsterinsights_sitenote_active":false,"_monsterinsights_sitenote_note":"","_monsterinsights_sitenote_category":0},"product_brand":[],"product_cat":[1762],"product_tag":[15911,2418,3583],"class_list":{"0":"post-20685","1":"product","2":"type-product","3":"status-publish","4":"has-post-thumbnail","6":"product_cat-brunello-de","7":"product_tag-brunello-de-2","8":"product_tag-kleine-weinzeuger-de","9":"product_tag-vini-toscani-de","10":"pa_appellation-brunello-di-montalcino-docg-de","11":"pa_formato-0-75-l-flasche-de","12":"pa_producer-pietroso-de","13":"pa_region-toskana-de","14":"pa_vine-100-sangiovese-de","15":"pa_vintage-2014-de","17":"first","18":"outofstock","19":"taxable","20":"shipping-taxable","21":"purchasable","22":"product-type-simple"},"bundled_by":[],"bundle_stock_status":"outofstock","bundle_stock_quantity":0,"bundle_virtual":false,"bundle_layout":"","bundle_add_to_cart_form_location":"","bundle_editable_in_cart":false,"bundle_sold_individually_context":"","bundle_item_grouping":"","bundle_min_size":"","bundle_max_size":"","bundle_price":[],"bundled_items":[],"bundle_sell_ids":[],"yoast_head":"<!-- This site is optimized with the Yoast SEO plugin v27.2 - https:\/\/yoast.com\/product\/yoast-seo-wordpress\/ -->\n<title>Kaufen on line Brunello di Montalcino Pietroso 2014<\/title>\n<meta name=\"description\" content=\"Brunello di Montalcino Pietroso 2014 - Fons Vinum - Ein hochqualitativer, gro\u00dfz\u00fcgiger Brunello mit einem langen Finale und gro\u00dfem Lagerungspotenzial.\" \/>\n<meta name=\"robots\" content=\"index, follow, max-snippet:-1, max-image-preview:large, max-video-preview:-1\" \/>\n<link rel=\"canonical\" href=\"https:\/\/fonsvinum.com\/de\/produkt\/brunello-di-montalcino-pietroso-2014\/\" \/>\n<meta property=\"og:locale\" content=\"de_DE\" \/>\n<meta property=\"og:type\" content=\"article\" \/>\n<meta property=\"og:title\" content=\"Kaufen on line Brunello di Montalcino Pietroso 2014\" \/>\n<meta property=\"og:description\" content=\"Brunello di Montalcino Pietroso 2014 - Fons Vinum - Ein hochqualitativer, gro\u00dfz\u00fcgiger Brunello mit einem langen Finale und gro\u00dfem Lagerungspotenzial.\" \/>\n<meta property=\"og:url\" content=\"https:\/\/fonsvinum.com\/de\/produkt\/brunello-di-montalcino-pietroso-2014\/\" \/>\n<meta property=\"og:site_name\" content=\"Fons Vinum\" \/>\n<meta property=\"article:modified_time\" content=\"2019-10-29T12:15:03+00:00\" \/>\n<meta property=\"og:image\" content=\"https:\/\/fonsvinum.com\/files\/2018\/02\/Brunello-di-Montalcino-Pietroso-2012.jpg\" \/>\n\t<meta property=\"og:image:width\" content=\"205\" \/>\n\t<meta property=\"og:image:height\" content=\"600\" \/>\n\t<meta property=\"og:image:type\" content=\"image\/jpeg\" \/>\n<meta name=\"twitter:label1\" content=\"Gesch\u00e4tzte Lesezeit\" \/>\n\t<meta name=\"twitter:data1\" content=\"2\u00a0Minuten\" \/>\n<script type=\"application\/ld+json\" class=\"yoast-schema-graph\">{\"@context\":\"https:\/\/schema.org\",\"@graph\":[{\"@type\":\"WebPage\",\"@id\":\"https:\/\/fonsvinum.com\/de\/produkt\/brunello-di-montalcino-pietroso-2014\/\",\"url\":\"https:\/\/fonsvinum.com\/de\/produkt\/brunello-di-montalcino-pietroso-2014\/\",\"name\":\"Kaufen on line Brunello di Montalcino Pietroso 2014\",\"isPartOf\":{\"@id\":\"https:\/\/fonsvinum.com\/en\/#website\"},\"primaryImageOfPage\":{\"@id\":\"https:\/\/fonsvinum.com\/de\/produkt\/brunello-di-montalcino-pietroso-2014\/#primaryimage\"},\"image\":{\"@id\":\"https:\/\/fonsvinum.com\/de\/produkt\/brunello-di-montalcino-pietroso-2014\/#primaryimage\"},\"thumbnailUrl\":\"https:\/\/fonsvinum.com\/files\/2018\/02\/Brunello-di-Montalcino-Pietroso-2012.jpg\",\"datePublished\":\"2019-10-09T12:40:46+00:00\",\"dateModified\":\"2019-10-29T12:15:03+00:00\",\"description\":\"Brunello di Montalcino Pietroso 2014 - Fons Vinum - Ein hochqualitativer, gro\u00dfz\u00fcgiger Brunello mit einem langen Finale und gro\u00dfem Lagerungspotenzial.\",\"breadcrumb\":{\"@id\":\"https:\/\/fonsvinum.com\/de\/produkt\/brunello-di-montalcino-pietroso-2014\/#breadcrumb\"},\"inLanguage\":\"de\",\"potentialAction\":[{\"@type\":\"ReadAction\",\"target\":[\"https:\/\/fonsvinum.com\/de\/produkt\/brunello-di-montalcino-pietroso-2014\/\"]}]},{\"@type\":\"ImageObject\",\"inLanguage\":\"de\",\"@id\":\"https:\/\/fonsvinum.com\/de\/produkt\/brunello-di-montalcino-pietroso-2014\/#primaryimage\",\"url\":\"https:\/\/fonsvinum.com\/files\/2018\/02\/Brunello-di-Montalcino-Pietroso-2012.jpg\",\"contentUrl\":\"https:\/\/fonsvinum.com\/files\/2018\/02\/Brunello-di-Montalcino-Pietroso-2012.jpg\",\"width\":205,\"height\":600,\"caption\":\"Brunello di Montalcino Pietroso 2012\"},{\"@type\":\"BreadcrumbList\",\"@id\":\"https:\/\/fonsvinum.com\/de\/produkt\/brunello-di-montalcino-pietroso-2014\/#breadcrumb\",\"itemListElement\":[{\"@type\":\"ListItem\",\"position\":1,\"name\":\"Startseite\",\"item\":\"https:\/\/fonsvinum.com\/de\/\"},{\"@type\":\"ListItem\",\"position\":2,\"name\":\"Shop\",\"item\":\"https:\/\/fonsvinum.com\/de\/shop\/\"},{\"@type\":\"ListItem\",\"position\":3,\"name\":\"Brunello di Montalcino Pietroso 2014\"}]},{\"@type\":\"WebSite\",\"@id\":\"https:\/\/fonsvinum.com\/en\/#website\",\"url\":\"https:\/\/fonsvinum.com\/en\/\",\"name\":\"Fons Vinum\",\"description\":\"Vendita Vino Online\",\"publisher\":{\"@id\":\"https:\/\/fonsvinum.com\/en\/#organization\"},\"potentialAction\":[{\"@type\":\"SearchAction\",\"target\":{\"@type\":\"EntryPoint\",\"urlTemplate\":\"https:\/\/fonsvinum.com\/en\/?s={search_term_string}\"},\"query-input\":{\"@type\":\"PropertyValueSpecification\",\"valueRequired\":true,\"valueName\":\"search_term_string\"}}],\"inLanguage\":\"de\"},{\"@type\":\"Organization\",\"@id\":\"https:\/\/fonsvinum.com\/en\/#organization\",\"name\":\"Fons Vinum\",\"url\":\"https:\/\/fonsvinum.com\/en\/\",\"logo\":{\"@type\":\"ImageObject\",\"inLanguage\":\"de\",\"@id\":\"https:\/\/fonsvinum.com\/en\/#\/schema\/logo\/image\/\",\"url\":\"\",\"contentUrl\":\"\",\"caption\":\"Fons Vinum\"},\"image\":{\"@id\":\"https:\/\/fonsvinum.com\/en\/#\/schema\/logo\/image\/\"}}]}<\/script>\n<!-- \/ Yoast SEO plugin. -->","yoast_head_json":{"title":"Kaufen on line Brunello di Montalcino Pietroso 2014","description":"Brunello di Montalcino Pietroso 2014 - Fons Vinum - Ein hochqualitativer, gro\u00dfz\u00fcgiger Brunello mit einem langen Finale und gro\u00dfem Lagerungspotenzial.","robots":{"index":"index","follow":"follow","max-snippet":"max-snippet:-1","max-image-preview":"max-image-preview:large","max-video-preview":"max-video-preview:-1"},"canonical":"https:\/\/fonsvinum.com\/de\/produkt\/brunello-di-montalcino-pietroso-2014\/","og_locale":"de_DE","og_type":"article","og_title":"Kaufen on line Brunello di Montalcino Pietroso 2014","og_description":"Brunello di Montalcino Pietroso 2014 - Fons Vinum - Ein hochqualitativer, gro\u00dfz\u00fcgiger Brunello mit einem langen Finale und gro\u00dfem Lagerungspotenzial.","og_url":"https:\/\/fonsvinum.com\/de\/produkt\/brunello-di-montalcino-pietroso-2014\/","og_site_name":"Fons Vinum","article_modified_time":"2019-10-29T12:15:03+00:00","og_image":[{"width":205,"height":600,"url":"https:\/\/fonsvinum.com\/files\/2018\/02\/Brunello-di-Montalcino-Pietroso-2012.jpg","type":"image\/jpeg"}],"twitter_misc":{"Gesch\u00e4tzte Lesezeit":"2\u00a0Minuten"},"schema":{"@context":"https:\/\/schema.org","@graph":[{"@type":"WebPage","@id":"https:\/\/fonsvinum.com\/de\/produkt\/brunello-di-montalcino-pietroso-2014\/","url":"https:\/\/fonsvinum.com\/de\/produkt\/brunello-di-montalcino-pietroso-2014\/","name":"Kaufen on line Brunello di Montalcino Pietroso 2014","isPartOf":{"@id":"https:\/\/fonsvinum.com\/en\/#website"},"primaryImageOfPage":{"@id":"https:\/\/fonsvinum.com\/de\/produkt\/brunello-di-montalcino-pietroso-2014\/#primaryimage"},"image":{"@id":"https:\/\/fonsvinum.com\/de\/produkt\/brunello-di-montalcino-pietroso-2014\/#primaryimage"},"thumbnailUrl":"https:\/\/fonsvinum.com\/files\/2018\/02\/Brunello-di-Montalcino-Pietroso-2012.jpg","datePublished":"2019-10-09T12:40:46+00:00","dateModified":"2019-10-29T12:15:03+00:00","description":"Brunello di Montalcino Pietroso 2014 - Fons Vinum - Ein hochqualitativer, gro\u00dfz\u00fcgiger Brunello mit einem langen Finale und gro\u00dfem Lagerungspotenzial.","breadcrumb":{"@id":"https:\/\/fonsvinum.com\/de\/produkt\/brunello-di-montalcino-pietroso-2014\/#breadcrumb"},"inLanguage":"de","potentialAction":[{"@type":"ReadAction","target":["https:\/\/fonsvinum.com\/de\/produkt\/brunello-di-montalcino-pietroso-2014\/"]}]},{"@type":"ImageObject","inLanguage":"de","@id":"https:\/\/fonsvinum.com\/de\/produkt\/brunello-di-montalcino-pietroso-2014\/#primaryimage","url":"https:\/\/fonsvinum.com\/files\/2018\/02\/Brunello-di-Montalcino-Pietroso-2012.jpg","contentUrl":"https:\/\/fonsvinum.com\/files\/2018\/02\/Brunello-di-Montalcino-Pietroso-2012.jpg","width":205,"height":600,"caption":"Brunello di Montalcino Pietroso 2012"},{"@type":"BreadcrumbList","@id":"https:\/\/fonsvinum.com\/de\/produkt\/brunello-di-montalcino-pietroso-2014\/#breadcrumb","itemListElement":[{"@type":"ListItem","position":1,"name":"Startseite","item":"https:\/\/fonsvinum.com\/de\/"},{"@type":"ListItem","position":2,"name":"Shop","item":"https:\/\/fonsvinum.com\/de\/shop\/"},{"@type":"ListItem","position":3,"name":"Brunello di Montalcino Pietroso 2014"}]},{"@type":"WebSite","@id":"https:\/\/fonsvinum.com\/en\/#website","url":"https:\/\/fonsvinum.com\/en\/","name":"Fons Vinum","description":"Vendita Vino Online","publisher":{"@id":"https:\/\/fonsvinum.com\/en\/#organization"},"potentialAction":[{"@type":"SearchAction","target":{"@type":"EntryPoint","urlTemplate":"https:\/\/fonsvinum.com\/en\/?s={search_term_string}"},"query-input":{"@type":"PropertyValueSpecification","valueRequired":true,"valueName":"search_term_string"}}],"inLanguage":"de"},{"@type":"Organization","@id":"https:\/\/fonsvinum.com\/en\/#organization","name":"Fons Vinum","url":"https:\/\/fonsvinum.com\/en\/","logo":{"@type":"ImageObject","inLanguage":"de","@id":"https:\/\/fonsvinum.com\/en\/#\/schema\/logo\/image\/","url":"","contentUrl":"","caption":"Fons Vinum"},"image":{"@id":"https:\/\/fonsvinum.com\/en\/#\/schema\/logo\/image\/"}}]}},"acf":[],"_links":{"self":[{"href":"https:\/\/fonsvinum.com\/de\/wp-json\/wp\/v2\/product\/20685","targetHints":{"allow":["GET"]}}],"collection":[{"href":"https:\/\/fonsvinum.com\/de\/wp-json\/wp\/v2\/product"}],"about":[{"href":"https:\/\/fonsvinum.com\/de\/wp-json\/wp\/v2\/types\/product"}],"replies":[{"embeddable":true,"href":"https:\/\/fonsvinum.com\/de\/wp-json\/wp\/v2\/comments?post=20685"}],"wp:featuredmedia":[{"embeddable":true,"href":"https:\/\/fonsvinum.com\/de\/wp-json\/wp\/v2\/media\/13396"}],"wp:attachment":[{"href":"https:\/\/fonsvinum.com\/de\/wp-json\/wp\/v2\/media?parent=20685"}],"wp:term":[{"taxonomy":"product_brand","embeddable":true,"href":"https:\/\/fonsvinum.com\/de\/wp-json\/wp\/v2\/product_brand?post=20685"},{"taxonomy":"product_cat","embeddable":true,"href":"https:\/\/fonsvinum.com\/de\/wp-json\/wp\/v2\/product_cat?post=20685"},{"taxonomy":"product_tag","embeddable":true,"href":"https:\/\/fonsvinum.com\/de\/wp-json\/wp\/v2\/product_tag?post=20685"}],"curies":[{"name":"wp","href":"https:\/\/api.w.org\/{rel}","templated":true}]}}