{"id":20641,"date":"2019-10-07T09:45:47","date_gmt":"2019-10-07T07:45:47","guid":{"rendered":"https:\/\/fonsvinum.com\/?post_type=product&#038;p=20641"},"modified":"2021-01-14T10:11:35","modified_gmt":"2021-01-14T09:11:35","slug":"barolo-riserva-sarmassa-vigna-bricco-2011-magnum-brezza","status":"publish","type":"product","link":"https:\/\/fonsvinum.com\/de\/produkt\/barolo-riserva-sarmassa-vigna-bricco-2011-magnum-brezza\/","title":{"rendered":"Barolo Riserva Sarmassa Vigna Bricco 2011 MAGNUM Brezza"},"content":{"rendered":"<h1>Barolo Riserva Sarmassa Vigna Bricco 2011 MAGNUM <a href=\"https:\/\/www.brezza.it\/de\/\">Brezza<\/a><\/h1>\n<p><strong>Barolo Riserva Sarmassa Vigna Bricco 2011 MAGNUM Brezza<\/strong><\/p>\n<p>Unser Agrarwirtschaftlicher Familienbetrieb, seit 1885 sind wir Eigent\u00fcmer von Weinbergen in Barolo, liegt nahe dem historischen Zentrum des kleinen Dorfes Barolo eingebettet in die h\u00fcgelige Landschaft der Weinberge, wie auch das angegliederte Restaurant Brezza und Hotel Barolo welche zu unserem Weingut geh\u00f6ren und sich in Familienbesitz befinden.<\/p>\n<p>Wir bewirtschaften ein Gesamtgebiet von 31 Hektar Grundfl\u00e4che, davon 20 Hektar Weinberge. Unsere Weine sind alle DOCG Denominazione di Origine Controllata e Garantita\u00a0 oder DOC Denominazione di Origine Controllata\u00a0 zertifiziert.<\/p>\n<h4><strong>Morphologische Bodenbeschaffenheit<\/strong><\/h4>\n<p>Im kleinen, abgeschirmten Tal des Sarmassa belegt der Weinberg Bricco eine besonders privilegierte S\u00fcdlage ab halber H\u00f6he des H\u00fcgels bis zu dessen Spitze; tats\u00e4chlich, wie die alten Dorfbewohner sagen (und nicht nur diese), ist dies jene Zone in der der Schnee am schnellsten schmilzt. Dieser Lagenbarolo, den wir nicht jedes Jahr produzieren, w\u00e4chst einzig auf diesem St\u00fcckchen Weinberg \u2013 althergebracht Bricco genannt \u2013 und wird separat gekeltert. Vor der Flaschenabf\u00fcllung wird vom Winzer gemeinsam mit Weinliebhabern und Experten bei einer Vergleichs-Verkostung der gleichnamigen Sarmassaparzellen entschieden, ob ein Bricco Sarmassa in diesem Jahr auf den Markt kommt, oder unter dem allgemeinen Lagenetikett Sarmassa verkauft wird.<\/p>\n<h4><strong>Kelterungsmethode<\/strong><\/h4>\n<p>\u00c4hnlich wie die beim Sarmassa Lagenwein zur Anwendung kommende Kelterung, mit dem Unterschied dass die Veredelungsdauer in der Flasche um 2 Jahre verl\u00e4ngert wird. So besitzt dieser Wein bereits wenn er in den Verkauf gelangt die volle Komplexit\u00e4t und Feinheit eines gro\u00dfen Barolos, obgleich er die Kapazit\u00e4t besitzt weitere Jahre langsam weiter zu reifen.<\/p>\n<h4><strong>Genusserlebnis \u2013 Kombination<\/strong><\/h4>\n<p>\u201eDer Barolo Wein ist ein Traum, ein Wachrufen, ein Geschenk der Erde und der Luft der Langa. Ein leiser Gedanke der den Geist und den K\u00f6rper st\u00e4rkt. Das war es. Und heute wei\u00df man was es war. Ehre und Anerkennung an jene die den guten Geschmack hatten ihn uns zu \u00fcberliefern\u201c. Es gibt keine besseren Worte als diese, geschrieben von Massimo Martinelli in seinem Buch \u201eDer Barolo wie ich ihn f\u00fchle\u201c, um zu beschreiben was der Riserva Sarmassa Vigna Bricco ist.<\/p>\n<p>&nbsp;<\/p>\n<p><strong>Lage:<\/strong> Gemeindegebiet von Barolo<br \/>\n<strong>Ausrichtung:<\/strong> S\u00fcd<br \/>\n<strong>Boden:<\/strong> Lehmig-schlammig<br \/>\n<strong>Rebsorte:<\/strong> Nebbiolo<\/p>\n","protected":false},"excerpt":{"rendered":"<p>Barolo Riserva Sarmassa Vigna Bricco 2011 MAGNUM Brezza Barolo Riserva Sarmassa Vigna Bricco 2011 MAGNUM Brezza Unser Agrarwirtschaftlicher Familienbetrieb, seit 1885 sind wir Eigent\u00fcmer von Weinbergen in Barolo, liegt nahe dem historischen Zentrum des kleinen Dorfes Barolo eingebettet in die h\u00fcgelige Landschaft der Weinberge, wie auch das angegliederte Restaurant Brezza und Hotel Barolo welche zu [&hellip;]<\/p>\n","protected":false},"featured_media":20647,"comment_status":"open","ping_status":"closed","template":"","meta":{"_acf_changed":false,"_monsterinsights_skip_tracking":false,"_monsterinsights_sitenote_active":false,"_monsterinsights_sitenote_note":"","_monsterinsights_sitenote_category":0},"product_brand":[],"product_cat":[1824,2332],"product_tag":[15903,17732],"class_list":{"0":"post-20641","1":"product","2":"type-product","3":"status-publish","4":"has-post-thumbnail","6":"product_cat-barolo-de","7":"product_cat-rotweine-de","8":"product_tag-barolo-de","9":"product_tag-magnum-de","10":"pa_appellation-barolo-riserva-docg-de","11":"pa_formato-1-50-l-flasche-de","12":"pa_producer-azienda-brezza-de","13":"pa_region-piemont-de","14":"pa_vine-100-nebbiolo-de","15":"pa_vintage-2011-de","17":"first","18":"outofstock","19":"taxable","20":"shipping-taxable","21":"purchasable","22":"product-type-simple"},"bundled_by":[],"bundle_stock_status":"outofstock","bundle_stock_quantity":null,"bundle_virtual":false,"bundle_layout":"","bundle_add_to_cart_form_location":"","bundle_editable_in_cart":false,"bundle_sold_individually_context":"","bundle_item_grouping":"","bundle_min_size":"","bundle_max_size":"","bundle_price":[],"bundled_items":[],"bundle_sell_ids":[],"yoast_head":"<!-- This site is optimized with the Yoast SEO plugin v27.2 - https:\/\/yoast.com\/product\/yoast-seo-wordpress\/ -->\n<title>Barolo Riserva Sarmassa Vigna Bricco 2011 MAGNUM Brezza I Fonsvinum<\/title>\n<meta name=\"description\" content=\"Barolo Riserva Sarmassa Vigna Bricco 2011 MAGNUM Brezza - \u201eDer Barolo Wein ist ein Traum, ein Wachrufen, ein Geschenk der Erde und der Luft der Langa...\u201c\" \/>\n<meta name=\"robots\" content=\"index, follow, max-snippet:-1, max-image-preview:large, max-video-preview:-1\" \/>\n<link rel=\"canonical\" href=\"https:\/\/fonsvinum.com\/de\/produkt\/barolo-riserva-sarmassa-vigna-bricco-2011-magnum-brezza\/\" \/>\n<meta property=\"og:locale\" content=\"de_DE\" \/>\n<meta property=\"og:type\" content=\"article\" \/>\n<meta property=\"og:title\" content=\"Barolo Riserva Sarmassa Vigna Bricco 2011 MAGNUM Brezza I Fonsvinum\" \/>\n<meta property=\"og:description\" content=\"Barolo Riserva Sarmassa Vigna Bricco 2011 MAGNUM Brezza - \u201eDer Barolo Wein ist ein Traum, ein Wachrufen, ein Geschenk der Erde und der Luft der Langa...\u201c\" \/>\n<meta property=\"og:url\" content=\"https:\/\/fonsvinum.com\/de\/produkt\/barolo-riserva-sarmassa-vigna-bricco-2011-magnum-brezza\/\" \/>\n<meta property=\"og:site_name\" content=\"Fons Vinum\" \/>\n<meta property=\"article:modified_time\" content=\"2021-01-14T09:11:35+00:00\" \/>\n<meta property=\"og:image\" content=\"https:\/\/fonsvinum.com\/files\/2019\/10\/barolo-brezza-sarmassa-VIGNA-BRICCO.jpg\" \/>\n\t<meta property=\"og:image:width\" content=\"200\" \/>\n\t<meta property=\"og:image:height\" content=\"600\" \/>\n\t<meta property=\"og:image:type\" content=\"image\/jpeg\" \/>\n<meta name=\"twitter:label1\" content=\"Gesch\u00e4tzte Lesezeit\" \/>\n\t<meta name=\"twitter:data1\" content=\"2\u00a0Minuten\" \/>\n<script type=\"application\/ld+json\" class=\"yoast-schema-graph\">{\"@context\":\"https:\/\/schema.org\",\"@graph\":[{\"@type\":\"WebPage\",\"@id\":\"https:\/\/fonsvinum.com\/de\/produkt\/barolo-riserva-sarmassa-vigna-bricco-2011-magnum-brezza\/\",\"url\":\"https:\/\/fonsvinum.com\/de\/produkt\/barolo-riserva-sarmassa-vigna-bricco-2011-magnum-brezza\/\",\"name\":\"Barolo Riserva Sarmassa Vigna Bricco 2011 MAGNUM Brezza I Fonsvinum\",\"isPartOf\":{\"@id\":\"https:\/\/fonsvinum.com\/en\/#website\"},\"primaryImageOfPage\":{\"@id\":\"https:\/\/fonsvinum.com\/de\/produkt\/barolo-riserva-sarmassa-vigna-bricco-2011-magnum-brezza\/#primaryimage\"},\"image\":{\"@id\":\"https:\/\/fonsvinum.com\/de\/produkt\/barolo-riserva-sarmassa-vigna-bricco-2011-magnum-brezza\/#primaryimage\"},\"thumbnailUrl\":\"https:\/\/fonsvinum.com\/files\/2019\/10\/barolo-brezza-sarmassa-VIGNA-BRICCO.jpg\",\"datePublished\":\"2019-10-07T07:45:47+00:00\",\"dateModified\":\"2021-01-14T09:11:35+00:00\",\"description\":\"Barolo Riserva Sarmassa Vigna Bricco 2011 MAGNUM Brezza - \u201eDer Barolo Wein ist ein Traum, ein Wachrufen, ein Geschenk der Erde und der Luft der Langa...\u201c\",\"breadcrumb\":{\"@id\":\"https:\/\/fonsvinum.com\/de\/produkt\/barolo-riserva-sarmassa-vigna-bricco-2011-magnum-brezza\/#breadcrumb\"},\"inLanguage\":\"de\",\"potentialAction\":[{\"@type\":\"ReadAction\",\"target\":[\"https:\/\/fonsvinum.com\/de\/produkt\/barolo-riserva-sarmassa-vigna-bricco-2011-magnum-brezza\/\"]}]},{\"@type\":\"ImageObject\",\"inLanguage\":\"de\",\"@id\":\"https:\/\/fonsvinum.com\/de\/produkt\/barolo-riserva-sarmassa-vigna-bricco-2011-magnum-brezza\/#primaryimage\",\"url\":\"https:\/\/fonsvinum.com\/files\/2019\/10\/barolo-brezza-sarmassa-VIGNA-BRICCO.jpg\",\"contentUrl\":\"https:\/\/fonsvinum.com\/files\/2019\/10\/barolo-brezza-sarmassa-VIGNA-BRICCO.jpg\",\"width\":200,\"height\":600},{\"@type\":\"BreadcrumbList\",\"@id\":\"https:\/\/fonsvinum.com\/de\/produkt\/barolo-riserva-sarmassa-vigna-bricco-2011-magnum-brezza\/#breadcrumb\",\"itemListElement\":[{\"@type\":\"ListItem\",\"position\":1,\"name\":\"Startseite\",\"item\":\"https:\/\/fonsvinum.com\/de\/\"},{\"@type\":\"ListItem\",\"position\":2,\"name\":\"Shop\",\"item\":\"https:\/\/fonsvinum.com\/de\/shop\/\"},{\"@type\":\"ListItem\",\"position\":3,\"name\":\"Barolo Riserva Sarmassa Vigna Bricco 2011 MAGNUM Brezza\"}]},{\"@type\":\"WebSite\",\"@id\":\"https:\/\/fonsvinum.com\/en\/#website\",\"url\":\"https:\/\/fonsvinum.com\/en\/\",\"name\":\"Fons Vinum\",\"description\":\"Vendita Vino Online\",\"publisher\":{\"@id\":\"https:\/\/fonsvinum.com\/en\/#organization\"},\"potentialAction\":[{\"@type\":\"SearchAction\",\"target\":{\"@type\":\"EntryPoint\",\"urlTemplate\":\"https:\/\/fonsvinum.com\/en\/?s={search_term_string}\"},\"query-input\":{\"@type\":\"PropertyValueSpecification\",\"valueRequired\":true,\"valueName\":\"search_term_string\"}}],\"inLanguage\":\"de\"},{\"@type\":\"Organization\",\"@id\":\"https:\/\/fonsvinum.com\/en\/#organization\",\"name\":\"Fons Vinum\",\"url\":\"https:\/\/fonsvinum.com\/en\/\",\"logo\":{\"@type\":\"ImageObject\",\"inLanguage\":\"de\",\"@id\":\"https:\/\/fonsvinum.com\/en\/#\/schema\/logo\/image\/\",\"url\":\"\",\"contentUrl\":\"\",\"caption\":\"Fons Vinum\"},\"image\":{\"@id\":\"https:\/\/fonsvinum.com\/en\/#\/schema\/logo\/image\/\"}}]}<\/script>\n<!-- \/ Yoast SEO plugin. -->","yoast_head_json":{"title":"Barolo Riserva Sarmassa Vigna Bricco 2011 MAGNUM Brezza I Fonsvinum","description":"Barolo Riserva Sarmassa Vigna Bricco 2011 MAGNUM Brezza - \u201eDer Barolo Wein ist ein Traum, ein Wachrufen, ein Geschenk der Erde und der Luft der Langa...\u201c","robots":{"index":"index","follow":"follow","max-snippet":"max-snippet:-1","max-image-preview":"max-image-preview:large","max-video-preview":"max-video-preview:-1"},"canonical":"https:\/\/fonsvinum.com\/de\/produkt\/barolo-riserva-sarmassa-vigna-bricco-2011-magnum-brezza\/","og_locale":"de_DE","og_type":"article","og_title":"Barolo Riserva Sarmassa Vigna Bricco 2011 MAGNUM Brezza I Fonsvinum","og_description":"Barolo Riserva Sarmassa Vigna Bricco 2011 MAGNUM Brezza - \u201eDer Barolo Wein ist ein Traum, ein Wachrufen, ein Geschenk der Erde und der Luft der Langa...\u201c","og_url":"https:\/\/fonsvinum.com\/de\/produkt\/barolo-riserva-sarmassa-vigna-bricco-2011-magnum-brezza\/","og_site_name":"Fons Vinum","article_modified_time":"2021-01-14T09:11:35+00:00","og_image":[{"width":200,"height":600,"url":"https:\/\/fonsvinum.com\/files\/2019\/10\/barolo-brezza-sarmassa-VIGNA-BRICCO.jpg","type":"image\/jpeg"}],"twitter_misc":{"Gesch\u00e4tzte Lesezeit":"2\u00a0Minuten"},"schema":{"@context":"https:\/\/schema.org","@graph":[{"@type":"WebPage","@id":"https:\/\/fonsvinum.com\/de\/produkt\/barolo-riserva-sarmassa-vigna-bricco-2011-magnum-brezza\/","url":"https:\/\/fonsvinum.com\/de\/produkt\/barolo-riserva-sarmassa-vigna-bricco-2011-magnum-brezza\/","name":"Barolo Riserva Sarmassa Vigna Bricco 2011 MAGNUM Brezza I Fonsvinum","isPartOf":{"@id":"https:\/\/fonsvinum.com\/en\/#website"},"primaryImageOfPage":{"@id":"https:\/\/fonsvinum.com\/de\/produkt\/barolo-riserva-sarmassa-vigna-bricco-2011-magnum-brezza\/#primaryimage"},"image":{"@id":"https:\/\/fonsvinum.com\/de\/produkt\/barolo-riserva-sarmassa-vigna-bricco-2011-magnum-brezza\/#primaryimage"},"thumbnailUrl":"https:\/\/fonsvinum.com\/files\/2019\/10\/barolo-brezza-sarmassa-VIGNA-BRICCO.jpg","datePublished":"2019-10-07T07:45:47+00:00","dateModified":"2021-01-14T09:11:35+00:00","description":"Barolo Riserva Sarmassa Vigna Bricco 2011 MAGNUM Brezza - \u201eDer Barolo Wein ist ein Traum, ein Wachrufen, ein Geschenk der Erde und der Luft der Langa...\u201c","breadcrumb":{"@id":"https:\/\/fonsvinum.com\/de\/produkt\/barolo-riserva-sarmassa-vigna-bricco-2011-magnum-brezza\/#breadcrumb"},"inLanguage":"de","potentialAction":[{"@type":"ReadAction","target":["https:\/\/fonsvinum.com\/de\/produkt\/barolo-riserva-sarmassa-vigna-bricco-2011-magnum-brezza\/"]}]},{"@type":"ImageObject","inLanguage":"de","@id":"https:\/\/fonsvinum.com\/de\/produkt\/barolo-riserva-sarmassa-vigna-bricco-2011-magnum-brezza\/#primaryimage","url":"https:\/\/fonsvinum.com\/files\/2019\/10\/barolo-brezza-sarmassa-VIGNA-BRICCO.jpg","contentUrl":"https:\/\/fonsvinum.com\/files\/2019\/10\/barolo-brezza-sarmassa-VIGNA-BRICCO.jpg","width":200,"height":600},{"@type":"BreadcrumbList","@id":"https:\/\/fonsvinum.com\/de\/produkt\/barolo-riserva-sarmassa-vigna-bricco-2011-magnum-brezza\/#breadcrumb","itemListElement":[{"@type":"ListItem","position":1,"name":"Startseite","item":"https:\/\/fonsvinum.com\/de\/"},{"@type":"ListItem","position":2,"name":"Shop","item":"https:\/\/fonsvinum.com\/de\/shop\/"},{"@type":"ListItem","position":3,"name":"Barolo Riserva Sarmassa Vigna Bricco 2011 MAGNUM Brezza"}]},{"@type":"WebSite","@id":"https:\/\/fonsvinum.com\/en\/#website","url":"https:\/\/fonsvinum.com\/en\/","name":"Fons Vinum","description":"Vendita Vino Online","publisher":{"@id":"https:\/\/fonsvinum.com\/en\/#organization"},"potentialAction":[{"@type":"SearchAction","target":{"@type":"EntryPoint","urlTemplate":"https:\/\/fonsvinum.com\/en\/?s={search_term_string}"},"query-input":{"@type":"PropertyValueSpecification","valueRequired":true,"valueName":"search_term_string"}}],"inLanguage":"de"},{"@type":"Organization","@id":"https:\/\/fonsvinum.com\/en\/#organization","name":"Fons Vinum","url":"https:\/\/fonsvinum.com\/en\/","logo":{"@type":"ImageObject","inLanguage":"de","@id":"https:\/\/fonsvinum.com\/en\/#\/schema\/logo\/image\/","url":"","contentUrl":"","caption":"Fons Vinum"},"image":{"@id":"https:\/\/fonsvinum.com\/en\/#\/schema\/logo\/image\/"}}]}},"acf":[],"_links":{"self":[{"href":"https:\/\/fonsvinum.com\/de\/wp-json\/wp\/v2\/product\/20641","targetHints":{"allow":["GET"]}}],"collection":[{"href":"https:\/\/fonsvinum.com\/de\/wp-json\/wp\/v2\/product"}],"about":[{"href":"https:\/\/fonsvinum.com\/de\/wp-json\/wp\/v2\/types\/product"}],"replies":[{"embeddable":true,"href":"https:\/\/fonsvinum.com\/de\/wp-json\/wp\/v2\/comments?post=20641"}],"wp:featuredmedia":[{"embeddable":true,"href":"https:\/\/fonsvinum.com\/de\/wp-json\/wp\/v2\/media\/20647"}],"wp:attachment":[{"href":"https:\/\/fonsvinum.com\/de\/wp-json\/wp\/v2\/media?parent=20641"}],"wp:term":[{"taxonomy":"product_brand","embeddable":true,"href":"https:\/\/fonsvinum.com\/de\/wp-json\/wp\/v2\/product_brand?post=20641"},{"taxonomy":"product_cat","embeddable":true,"href":"https:\/\/fonsvinum.com\/de\/wp-json\/wp\/v2\/product_cat?post=20641"},{"taxonomy":"product_tag","embeddable":true,"href":"https:\/\/fonsvinum.com\/de\/wp-json\/wp\/v2\/product_tag?post=20641"}],"curies":[{"name":"wp","href":"https:\/\/api.w.org\/{rel}","templated":true}]}}