{"id":20560,"date":"2019-10-01T12:08:28","date_gmt":"2019-10-01T10:08:28","guid":{"rendered":"https:\/\/fonsvinum.com\/?post_type=product&#038;p=20560"},"modified":"2019-10-04T10:31:32","modified_gmt":"2019-10-04T08:31:32","slug":"barolo-cerretta-vigna-bricco-elio-altare-2011","status":"publish","type":"product","link":"https:\/\/fonsvinum.com\/de\/produkt\/barolo-cerretta-vigna-bricco-elio-altare-2011\/","title":{"rendered":"BAROLO CERRETTA VIGNA BRICCO ELIO ALTARE 2011"},"content":{"rendered":"<h1><a href=\"http:\/\/www.elioaltare.com\/en\">BAROLO CERRETTA VIGNA BRICCO ELIO ALTARE 2011<\/a><\/h1>\n<h2 class=\"collapse--headline is--active\">BESCHREIBUNG<\/h2>\n<div class=\"collapse--content is--collapsed\">\n<div class=\"product-description\">\n<div class=\"product-description--content\">Ein Barolo von einem der bekanntesten Crus in Serralunga d\u2019Alba. Hier gewinnt Elio Altare einen Wein, der vor Kraft und Extrakt fast \u00fcberflie\u00dft, ein wahrer Kraftprotz. Damit f\u00e4llt er ein wenig aus dem Rahmen, was Elios sonstige Produktion angeht, denn die besticht sonst eher durch feinnervige Eleganz. Der Ceretta aber balanciert das mit gro\u00dfer Kraft und erdigen Noten vollkommen aus.<\/div>\n<div><\/div>\n<div>\n<div class=\"product--properties-label\">\n<div class=\"product--properties-label\"><strong>Land\u00a0 \u00a0 <\/strong>ITALIEN<br \/>\n<strong>Alkoholgehalt\u00a0 \u00a0 <\/strong>15,0%<\/div>\n<\/div>\n<div>\n<div class=\"product--properties-label\"><strong>Farbe\u00a0 \u00a0<\/strong>ROT<\/div>\n<\/div>\n<div>\n<div class=\"product--properties-label\"><strong>Passt zu\u00a0 \u00a0<\/strong>RINDFLEISCH MEDITERRANE KR\u00c4UTER<\/div>\n<div>\n<div class=\"product--properties-label\"><strong>Geschmack\u00a0 \u00a0 \u00a0 <\/strong>TROCKEN<\/div>\n<div>\n<div class=\"product--properties-label\"><strong>Trinkreif ab\u00a0 \u00a0 \u00a0<\/strong>JETZT<\/div>\n<div>\n<div class=\"product--properties-label\"><strong>Rebsorte\u00a0 \u00a0 \u00a0<\/strong>Nebbiolo<\/div>\n<div><\/div>\n<\/div>\n<\/div>\n<\/div>\n<\/div>\n<\/div>\n<\/div>\n<\/div>\n","protected":false},"excerpt":{"rendered":"<p>BAROLO CERRETTA VIGNA BRICCO ELIO ALTARE 2011 BESCHREIBUNG Ein Barolo von einem der bekanntesten Crus in Serralunga d\u2019Alba. Hier gewinnt Elio Altare einen Wein, der vor Kraft und Extrakt fast \u00fcberflie\u00dft, ein wahrer Kraftprotz. Damit f\u00e4llt er ein wenig aus dem Rahmen, was Elios sonstige Produktion angeht, denn die besticht sonst eher durch feinnervige Eleganz. [&hellip;]<\/p>\n","protected":false},"featured_media":20580,"comment_status":"open","ping_status":"closed","template":"","meta":{"_acf_changed":false,"_monsterinsights_skip_tracking":false,"_monsterinsights_sitenote_active":false,"_monsterinsights_sitenote_note":"","_monsterinsights_sitenote_category":0},"product_brand":[],"product_cat":[1824,2332],"product_tag":[],"class_list":{"0":"post-20560","1":"product","2":"type-product","3":"status-publish","4":"has-post-thumbnail","6":"product_cat-barolo-de","7":"product_cat-rotweine-de","8":"pa_appellation-barolo-docg-de","9":"pa_formato-0-75-l-flasche-de","10":"pa_producer-elio-altare-de","11":"pa_region-piemont-de","12":"pa_vine-100-nebbiolo-de","13":"pa_vintage-2011-de","15":"first","16":"outofstock","17":"taxable","18":"shipping-taxable","19":"purchasable","20":"product-type-simple"},"bundled_by":[],"bundle_stock_status":"outofstock","bundle_stock_quantity":2,"bundle_virtual":false,"bundle_layout":"","bundle_add_to_cart_form_location":"","bundle_editable_in_cart":false,"bundle_sold_individually_context":"","bundle_item_grouping":"","bundle_min_size":"","bundle_max_size":"","bundle_price":[],"bundled_items":[],"bundle_sell_ids":[],"yoast_head":"<!-- This site is optimized with the Yoast SEO plugin v27.3 - https:\/\/yoast.com\/product\/yoast-seo-wordpress\/ -->\n<title>Buy BAROLO CERRETTA VIGNA BRICCO ELIO ALTARE 2011-FonsVinum<\/title>\n<meta name=\"description\" content=\"BAROLO CERRETTA VIGNA BRICCO ELIO ALTARE 2011 - FonsVinum - Ein Barolo von einem der bekanntesten Crus in Serralunga d\u2019Alba.\" \/>\n<meta name=\"robots\" content=\"index, follow, max-snippet:-1, max-image-preview:large, max-video-preview:-1\" \/>\n<link rel=\"canonical\" href=\"https:\/\/fonsvinum.com\/de\/produkt\/barolo-cerretta-vigna-bricco-elio-altare-2011\/\" \/>\n<meta property=\"og:locale\" content=\"de_DE\" \/>\n<meta property=\"og:type\" content=\"article\" \/>\n<meta property=\"og:title\" content=\"Buy BAROLO CERRETTA VIGNA BRICCO ELIO ALTARE 2011-FonsVinum\" \/>\n<meta property=\"og:description\" content=\"BAROLO CERRETTA VIGNA BRICCO ELIO ALTARE 2011 - FonsVinum - Ein Barolo von einem der bekanntesten Crus in Serralunga d\u2019Alba.\" \/>\n<meta property=\"og:url\" content=\"https:\/\/fonsvinum.com\/de\/produkt\/barolo-cerretta-vigna-bricco-elio-altare-2011\/\" \/>\n<meta property=\"og:site_name\" content=\"Fons Vinum\" \/>\n<meta property=\"article:modified_time\" content=\"2019-10-04T08:31:32+00:00\" \/>\n<meta property=\"og:image\" content=\"https:\/\/fonsvinum.com\/files\/2019\/10\/barolo-cerretta-elio-altare-1.jpg\" \/>\n\t<meta property=\"og:image:width\" content=\"200\" \/>\n\t<meta property=\"og:image:height\" content=\"600\" \/>\n\t<meta property=\"og:image:type\" content=\"image\/jpeg\" \/>\n<script type=\"application\/ld+json\" class=\"yoast-schema-graph\">{\"@context\":\"https:\\\/\\\/schema.org\",\"@graph\":[{\"@type\":\"WebPage\",\"@id\":\"https:\\\/\\\/fonsvinum.com\\\/de\\\/produkt\\\/barolo-cerretta-vigna-bricco-elio-altare-2011\\\/\",\"url\":\"https:\\\/\\\/fonsvinum.com\\\/de\\\/produkt\\\/barolo-cerretta-vigna-bricco-elio-altare-2011\\\/\",\"name\":\"Buy BAROLO CERRETTA VIGNA BRICCO ELIO ALTARE 2011-FonsVinum\",\"isPartOf\":{\"@id\":\"https:\\\/\\\/fonsvinum.com\\\/en\\\/#website\"},\"primaryImageOfPage\":{\"@id\":\"https:\\\/\\\/fonsvinum.com\\\/de\\\/produkt\\\/barolo-cerretta-vigna-bricco-elio-altare-2011\\\/#primaryimage\"},\"image\":{\"@id\":\"https:\\\/\\\/fonsvinum.com\\\/de\\\/produkt\\\/barolo-cerretta-vigna-bricco-elio-altare-2011\\\/#primaryimage\"},\"thumbnailUrl\":\"https:\\\/\\\/fonsvinum.com\\\/files\\\/2019\\\/10\\\/barolo-cerretta-elio-altare-1.jpg\",\"datePublished\":\"2019-10-01T10:08:28+00:00\",\"dateModified\":\"2019-10-04T08:31:32+00:00\",\"description\":\"BAROLO CERRETTA VIGNA BRICCO ELIO ALTARE 2011 - FonsVinum - Ein Barolo von einem der bekanntesten Crus in Serralunga d\u2019Alba.\",\"breadcrumb\":{\"@id\":\"https:\\\/\\\/fonsvinum.com\\\/de\\\/produkt\\\/barolo-cerretta-vigna-bricco-elio-altare-2011\\\/#breadcrumb\"},\"inLanguage\":\"de\",\"potentialAction\":[{\"@type\":\"ReadAction\",\"target\":[\"https:\\\/\\\/fonsvinum.com\\\/de\\\/produkt\\\/barolo-cerretta-vigna-bricco-elio-altare-2011\\\/\"]}]},{\"@type\":\"ImageObject\",\"inLanguage\":\"de\",\"@id\":\"https:\\\/\\\/fonsvinum.com\\\/de\\\/produkt\\\/barolo-cerretta-vigna-bricco-elio-altare-2011\\\/#primaryimage\",\"url\":\"https:\\\/\\\/fonsvinum.com\\\/files\\\/2019\\\/10\\\/barolo-cerretta-elio-altare-1.jpg\",\"contentUrl\":\"https:\\\/\\\/fonsvinum.com\\\/files\\\/2019\\\/10\\\/barolo-cerretta-elio-altare-1.jpg\",\"width\":200,\"height\":600},{\"@type\":\"BreadcrumbList\",\"@id\":\"https:\\\/\\\/fonsvinum.com\\\/de\\\/produkt\\\/barolo-cerretta-vigna-bricco-elio-altare-2011\\\/#breadcrumb\",\"itemListElement\":[{\"@type\":\"ListItem\",\"position\":1,\"name\":\"Startseite\",\"item\":\"https:\\\/\\\/fonsvinum.com\\\/de\\\/\"},{\"@type\":\"ListItem\",\"position\":2,\"name\":\"Shop\",\"item\":\"https:\\\/\\\/fonsvinum.com\\\/de\\\/shop\\\/\"},{\"@type\":\"ListItem\",\"position\":3,\"name\":\"BAROLO CERRETTA VIGNA BRICCO ELIO ALTARE 2011\"}]},{\"@type\":\"WebSite\",\"@id\":\"https:\\\/\\\/fonsvinum.com\\\/en\\\/#website\",\"url\":\"https:\\\/\\\/fonsvinum.com\\\/en\\\/\",\"name\":\"Fons Vinum\",\"description\":\"Vendita Vino Online\",\"publisher\":{\"@id\":\"https:\\\/\\\/fonsvinum.com\\\/en\\\/#organization\"},\"potentialAction\":[{\"@type\":\"SearchAction\",\"target\":{\"@type\":\"EntryPoint\",\"urlTemplate\":\"https:\\\/\\\/fonsvinum.com\\\/en\\\/?s={search_term_string}\"},\"query-input\":{\"@type\":\"PropertyValueSpecification\",\"valueRequired\":true,\"valueName\":\"search_term_string\"}}],\"inLanguage\":\"de\"},{\"@type\":\"Organization\",\"@id\":\"https:\\\/\\\/fonsvinum.com\\\/en\\\/#organization\",\"name\":\"Fons Vinum\",\"url\":\"https:\\\/\\\/fonsvinum.com\\\/en\\\/\",\"logo\":{\"@type\":\"ImageObject\",\"inLanguage\":\"de\",\"@id\":\"https:\\\/\\\/fonsvinum.com\\\/en\\\/#\\\/schema\\\/logo\\\/image\\\/\",\"url\":\"\",\"contentUrl\":\"\",\"caption\":\"Fons Vinum\"},\"image\":{\"@id\":\"https:\\\/\\\/fonsvinum.com\\\/en\\\/#\\\/schema\\\/logo\\\/image\\\/\"}}]}<\/script>\n<!-- \/ Yoast SEO plugin. -->","yoast_head_json":{"title":"Buy BAROLO CERRETTA VIGNA BRICCO ELIO ALTARE 2011-FonsVinum","description":"BAROLO CERRETTA VIGNA BRICCO ELIO ALTARE 2011 - FonsVinum - Ein Barolo von einem der bekanntesten Crus in Serralunga d\u2019Alba.","robots":{"index":"index","follow":"follow","max-snippet":"max-snippet:-1","max-image-preview":"max-image-preview:large","max-video-preview":"max-video-preview:-1"},"canonical":"https:\/\/fonsvinum.com\/de\/produkt\/barolo-cerretta-vigna-bricco-elio-altare-2011\/","og_locale":"de_DE","og_type":"article","og_title":"Buy BAROLO CERRETTA VIGNA BRICCO ELIO ALTARE 2011-FonsVinum","og_description":"BAROLO CERRETTA VIGNA BRICCO ELIO ALTARE 2011 - FonsVinum - Ein Barolo von einem der bekanntesten Crus in Serralunga d\u2019Alba.","og_url":"https:\/\/fonsvinum.com\/de\/produkt\/barolo-cerretta-vigna-bricco-elio-altare-2011\/","og_site_name":"Fons Vinum","article_modified_time":"2019-10-04T08:31:32+00:00","og_image":[{"width":200,"height":600,"url":"https:\/\/fonsvinum.com\/files\/2019\/10\/barolo-cerretta-elio-altare-1.jpg","type":"image\/jpeg"}],"schema":{"@context":"https:\/\/schema.org","@graph":[{"@type":"WebPage","@id":"https:\/\/fonsvinum.com\/de\/produkt\/barolo-cerretta-vigna-bricco-elio-altare-2011\/","url":"https:\/\/fonsvinum.com\/de\/produkt\/barolo-cerretta-vigna-bricco-elio-altare-2011\/","name":"Buy BAROLO CERRETTA VIGNA BRICCO ELIO ALTARE 2011-FonsVinum","isPartOf":{"@id":"https:\/\/fonsvinum.com\/en\/#website"},"primaryImageOfPage":{"@id":"https:\/\/fonsvinum.com\/de\/produkt\/barolo-cerretta-vigna-bricco-elio-altare-2011\/#primaryimage"},"image":{"@id":"https:\/\/fonsvinum.com\/de\/produkt\/barolo-cerretta-vigna-bricco-elio-altare-2011\/#primaryimage"},"thumbnailUrl":"https:\/\/fonsvinum.com\/files\/2019\/10\/barolo-cerretta-elio-altare-1.jpg","datePublished":"2019-10-01T10:08:28+00:00","dateModified":"2019-10-04T08:31:32+00:00","description":"BAROLO CERRETTA VIGNA BRICCO ELIO ALTARE 2011 - FonsVinum - Ein Barolo von einem der bekanntesten Crus in Serralunga d\u2019Alba.","breadcrumb":{"@id":"https:\/\/fonsvinum.com\/de\/produkt\/barolo-cerretta-vigna-bricco-elio-altare-2011\/#breadcrumb"},"inLanguage":"de","potentialAction":[{"@type":"ReadAction","target":["https:\/\/fonsvinum.com\/de\/produkt\/barolo-cerretta-vigna-bricco-elio-altare-2011\/"]}]},{"@type":"ImageObject","inLanguage":"de","@id":"https:\/\/fonsvinum.com\/de\/produkt\/barolo-cerretta-vigna-bricco-elio-altare-2011\/#primaryimage","url":"https:\/\/fonsvinum.com\/files\/2019\/10\/barolo-cerretta-elio-altare-1.jpg","contentUrl":"https:\/\/fonsvinum.com\/files\/2019\/10\/barolo-cerretta-elio-altare-1.jpg","width":200,"height":600},{"@type":"BreadcrumbList","@id":"https:\/\/fonsvinum.com\/de\/produkt\/barolo-cerretta-vigna-bricco-elio-altare-2011\/#breadcrumb","itemListElement":[{"@type":"ListItem","position":1,"name":"Startseite","item":"https:\/\/fonsvinum.com\/de\/"},{"@type":"ListItem","position":2,"name":"Shop","item":"https:\/\/fonsvinum.com\/de\/shop\/"},{"@type":"ListItem","position":3,"name":"BAROLO CERRETTA VIGNA BRICCO ELIO ALTARE 2011"}]},{"@type":"WebSite","@id":"https:\/\/fonsvinum.com\/en\/#website","url":"https:\/\/fonsvinum.com\/en\/","name":"Fons Vinum","description":"Vendita Vino Online","publisher":{"@id":"https:\/\/fonsvinum.com\/en\/#organization"},"potentialAction":[{"@type":"SearchAction","target":{"@type":"EntryPoint","urlTemplate":"https:\/\/fonsvinum.com\/en\/?s={search_term_string}"},"query-input":{"@type":"PropertyValueSpecification","valueRequired":true,"valueName":"search_term_string"}}],"inLanguage":"de"},{"@type":"Organization","@id":"https:\/\/fonsvinum.com\/en\/#organization","name":"Fons Vinum","url":"https:\/\/fonsvinum.com\/en\/","logo":{"@type":"ImageObject","inLanguage":"de","@id":"https:\/\/fonsvinum.com\/en\/#\/schema\/logo\/image\/","url":"","contentUrl":"","caption":"Fons Vinum"},"image":{"@id":"https:\/\/fonsvinum.com\/en\/#\/schema\/logo\/image\/"}}]}},"acf":[],"_links":{"self":[{"href":"https:\/\/fonsvinum.com\/de\/wp-json\/wp\/v2\/product\/20560","targetHints":{"allow":["GET"]}}],"collection":[{"href":"https:\/\/fonsvinum.com\/de\/wp-json\/wp\/v2\/product"}],"about":[{"href":"https:\/\/fonsvinum.com\/de\/wp-json\/wp\/v2\/types\/product"}],"replies":[{"embeddable":true,"href":"https:\/\/fonsvinum.com\/de\/wp-json\/wp\/v2\/comments?post=20560"}],"wp:featuredmedia":[{"embeddable":true,"href":"https:\/\/fonsvinum.com\/de\/wp-json\/wp\/v2\/media\/20580"}],"wp:attachment":[{"href":"https:\/\/fonsvinum.com\/de\/wp-json\/wp\/v2\/media?parent=20560"}],"wp:term":[{"taxonomy":"product_brand","embeddable":true,"href":"https:\/\/fonsvinum.com\/de\/wp-json\/wp\/v2\/product_brand?post=20560"},{"taxonomy":"product_cat","embeddable":true,"href":"https:\/\/fonsvinum.com\/de\/wp-json\/wp\/v2\/product_cat?post=20560"},{"taxonomy":"product_tag","embeddable":true,"href":"https:\/\/fonsvinum.com\/de\/wp-json\/wp\/v2\/product_tag?post=20560"}],"curies":[{"name":"wp","href":"https:\/\/api.w.org\/{rel}","templated":true}]}}