{"id":20316,"date":"2019-08-26T11:51:49","date_gmt":"2019-08-26T09:51:49","guid":{"rendered":"https:\/\/fonsvinum.com\/?post_type=product&#038;p=20316"},"modified":"2024-06-10T15:00:31","modified_gmt":"2024-06-10T13:00:31","slug":"poggio-alle-gazze-dellornellaia-2017","status":"publish","type":"product","link":"https:\/\/fonsvinum.com\/de\/produkt\/poggio-alle-gazze-dellornellaia-2017\/","title":{"rendered":"Poggio alle Gazze dell&#8217;Ornellaia 2017"},"content":{"rendered":"<h1>Poggio alle Gazze dell&#8217;Ornellaia 2017<\/h1>\n<h3>Poggio alle Gazze dell&#8217;Ornellaia 2017<\/h3>\n<p>Poggio alle Gazze dell\u2019Ornellaia verdankt seinen eleganten, mediterranen Stil dem einzigartigen Mikroklima des Weinguts.<\/p>\n<p>Dank dieses Geschenks der Natur weist Poggio alle Gazze dell\u2019Ornellaia, vorwiegend aus Sauvignon Blanc betehend, eine feste Struktur und reife Frucht auf, bewahrt allerdings gleichzeitig eine bemerkenswerte Finesse.<\/p>\n<h3>DIE VEGETATIONSPERIODE 2017<\/h3>\n<p>Die Ausnahme wird immer h\u00e4ufiger zur Regel: Der Winter 2016 zeichnete sich durch ein ungew\u00f6hnlich warmes Klima mit sehr viel Niederschl\u00e4gen im Februar aus. Der Austrieb setzte p\u00fcnktlich in der letzten M\u00e4rzwoche ein.<\/p>\n<p>Der gro\u00dfe Wasserspeicher und das warme Aprilwetter haben zu einer schnellen und regul\u00e4ren Entwicklung der Reben gef\u00fchrt.<\/p>\n<p>Gegen M\u00e4rz haben sich die Temperaturen wieder normalisiert und sind leicht angestiegen. Die Bl\u00fcte setzte in der letzten Maiwoche bei trockenem und sonnigen Wetter \u2013 perfekt f\u00fcr einen guten Fruchtansatz \u2013 ein.<\/p>\n<p>Die Temperaturen lagen im Sommer im normalen Bereich. Es gab wenig Niederschl\u00e4ge, was eine mangelnde Wasserversorgung gegen Ende der Reifungsphase beg\u00fcnstigt hat.<\/p>\n<p>Auch die \u00fcblichen Gewitter um den 15.August blieben aus, weshalb die Trockenheit w\u00e4hrend der Lese des Sauvignons und Viogniers anhielt.Gl\u00fccklicherweise brachte die N\u00e4he zum Meer frischen und feuchten Wind mit betr\u00e4chtlichen Temperaturschwankungen in der Nacht.<\/p>\n<p>Hierdurch konnten sich die Trauben von der Hitze tags\u00fcber erholen und ihr Aroma und ihre S\u00e4ure trotz des hohen Zuckergehalts aufrechterhalten.<\/p>\n<p>Sauvignon und Viognier wurden in der letzten Augustwoche gelesen. Vermentino dagegen in der zweiten Septemberh\u00e4lfte nach willkommenen Regenf\u00e4llen.<\/p>\n<p>&nbsp;<\/p>\n","protected":false},"excerpt":{"rendered":"<p>Poggio alle Gazze dell&#8217;Ornellaia 2017 Poggio alle Gazze dell&#8217;Ornellaia 2017 Poggio alle Gazze dell\u2019Ornellaia verdankt seinen eleganten, mediterranen Stil dem einzigartigen Mikroklima des Weinguts. Dank dieses Geschenks der Natur weist Poggio alle Gazze dell\u2019Ornellaia, vorwiegend aus Sauvignon Blanc betehend, eine feste Struktur und reife Frucht auf, bewahrt allerdings gleichzeitig eine bemerkenswerte Finesse. DIE VEGETATIONSPERIODE 2017 [&hellip;]<\/p>\n","protected":false},"featured_media":14915,"comment_status":"open","ping_status":"closed","template":"","meta":{"_acf_changed":false,"_monsterinsights_skip_tracking":false,"_monsterinsights_sitenote_active":false,"_monsterinsights_sitenote_note":"","_monsterinsights_sitenote_category":0},"product_brand":[],"product_cat":[2314],"product_tag":[3583],"class_list":{"0":"post-20316","1":"product","2":"type-product","3":"status-publish","4":"has-post-thumbnail","6":"product_cat-sauvignon-de","7":"product_tag-vini-toscani-de","8":"pa_appellation-toscana-bianco-igt-de","9":"pa_formato-0-75-l-flasche-de","10":"pa_producer-tenuta-dellornellaia-de","11":"pa_region-toskana-de","12":"pa_vine-100-sauvignon-blanc-de","13":"pa_vintage-2017-de","15":"first","16":"instock","17":"taxable","18":"shipping-taxable","19":"purchasable","20":"product-type-simple"},"bundled_by":[],"bundle_stock_status":"instock","bundle_stock_quantity":3,"bundle_virtual":false,"bundle_layout":"","bundle_add_to_cart_form_location":"","bundle_editable_in_cart":false,"bundle_sold_individually_context":"","bundle_item_grouping":"","bundle_min_size":"","bundle_max_size":"","bundle_price":[],"bundled_items":[],"bundle_sell_ids":[],"yoast_head":"<!-- This site is optimized with the Yoast SEO plugin v27.3 - https:\/\/yoast.com\/product\/yoast-seo-wordpress\/ -->\n<title>POGGIO ALLE GAZZE DELL&#039;ORNELLAIA 2017 I Fonsvinum rare weine<\/title>\n<meta name=\"description\" content=\"Poggio alle Gazze dell&#039;Ornellaia 2017 I Fonsvinum rare Weine online aus Piedmont, Toskana und Venetien\" \/>\n<meta name=\"robots\" content=\"index, follow, max-snippet:-1, max-image-preview:large, max-video-preview:-1\" \/>\n<link rel=\"canonical\" href=\"https:\/\/fonsvinum.com\/de\/produkt\/poggio-alle-gazze-dellornellaia-2017\/\" \/>\n<meta property=\"og:locale\" content=\"de_DE\" \/>\n<meta property=\"og:type\" content=\"article\" \/>\n<meta property=\"og:title\" content=\"POGGIO ALLE GAZZE DELL&#039;ORNELLAIA 2017 I Fonsvinum rare weine\" \/>\n<meta property=\"og:description\" content=\"Poggio alle Gazze dell&#039;Ornellaia 2017 I Fonsvinum rare Weine online aus Piedmont, Toskana und Venetien\" \/>\n<meta property=\"og:url\" content=\"https:\/\/fonsvinum.com\/de\/produkt\/poggio-alle-gazze-dellornellaia-2017\/\" \/>\n<meta property=\"og:site_name\" content=\"Fons Vinum\" \/>\n<meta property=\"article:modified_time\" content=\"2024-06-10T13:00:31+00:00\" \/>\n<meta property=\"og:image\" content=\"https:\/\/fonsvinum.com\/files\/2018\/05\/poggio-alle-gazze.png\" \/>\n\t<meta property=\"og:image:width\" content=\"233\" \/>\n\t<meta property=\"og:image:height\" content=\"454\" \/>\n\t<meta property=\"og:image:type\" content=\"image\/png\" \/>\n<meta name=\"twitter:label1\" content=\"Gesch\u00e4tzte Lesezeit\" \/>\n\t<meta name=\"twitter:data1\" content=\"1\u00a0Minute\" \/>\n<script type=\"application\/ld+json\" class=\"yoast-schema-graph\">{\"@context\":\"https:\\\/\\\/schema.org\",\"@graph\":[{\"@type\":\"WebPage\",\"@id\":\"https:\\\/\\\/fonsvinum.com\\\/de\\\/produkt\\\/poggio-alle-gazze-dellornellaia-2017\\\/\",\"url\":\"https:\\\/\\\/fonsvinum.com\\\/de\\\/produkt\\\/poggio-alle-gazze-dellornellaia-2017\\\/\",\"name\":\"POGGIO ALLE GAZZE DELL'ORNELLAIA 2017 I Fonsvinum rare weine\",\"isPartOf\":{\"@id\":\"https:\\\/\\\/fonsvinum.com\\\/en\\\/#website\"},\"primaryImageOfPage\":{\"@id\":\"https:\\\/\\\/fonsvinum.com\\\/de\\\/produkt\\\/poggio-alle-gazze-dellornellaia-2017\\\/#primaryimage\"},\"image\":{\"@id\":\"https:\\\/\\\/fonsvinum.com\\\/de\\\/produkt\\\/poggio-alle-gazze-dellornellaia-2017\\\/#primaryimage\"},\"thumbnailUrl\":\"https:\\\/\\\/fonsvinum.com\\\/files\\\/2018\\\/05\\\/poggio-alle-gazze.png\",\"datePublished\":\"2019-08-26T09:51:49+00:00\",\"dateModified\":\"2024-06-10T13:00:31+00:00\",\"description\":\"Poggio alle Gazze dell'Ornellaia 2017 I Fonsvinum rare Weine online aus Piedmont, Toskana und Venetien\",\"breadcrumb\":{\"@id\":\"https:\\\/\\\/fonsvinum.com\\\/de\\\/produkt\\\/poggio-alle-gazze-dellornellaia-2017\\\/#breadcrumb\"},\"inLanguage\":\"de\",\"potentialAction\":[{\"@type\":\"ReadAction\",\"target\":[\"https:\\\/\\\/fonsvinum.com\\\/de\\\/produkt\\\/poggio-alle-gazze-dellornellaia-2017\\\/\"]}]},{\"@type\":\"ImageObject\",\"inLanguage\":\"de\",\"@id\":\"https:\\\/\\\/fonsvinum.com\\\/de\\\/produkt\\\/poggio-alle-gazze-dellornellaia-2017\\\/#primaryimage\",\"url\":\"https:\\\/\\\/fonsvinum.com\\\/files\\\/2018\\\/05\\\/poggio-alle-gazze.png\",\"contentUrl\":\"https:\\\/\\\/fonsvinum.com\\\/files\\\/2018\\\/05\\\/poggio-alle-gazze.png\",\"width\":233,\"height\":454},{\"@type\":\"BreadcrumbList\",\"@id\":\"https:\\\/\\\/fonsvinum.com\\\/de\\\/produkt\\\/poggio-alle-gazze-dellornellaia-2017\\\/#breadcrumb\",\"itemListElement\":[{\"@type\":\"ListItem\",\"position\":1,\"name\":\"Startseite\",\"item\":\"https:\\\/\\\/fonsvinum.com\\\/de\\\/\"},{\"@type\":\"ListItem\",\"position\":2,\"name\":\"Shop\",\"item\":\"https:\\\/\\\/fonsvinum.com\\\/de\\\/shop\\\/\"},{\"@type\":\"ListItem\",\"position\":3,\"name\":\"Poggio alle Gazze dell&#8217;Ornellaia 2017\"}]},{\"@type\":\"WebSite\",\"@id\":\"https:\\\/\\\/fonsvinum.com\\\/en\\\/#website\",\"url\":\"https:\\\/\\\/fonsvinum.com\\\/en\\\/\",\"name\":\"Fons Vinum\",\"description\":\"Vendita Vino Online\",\"publisher\":{\"@id\":\"https:\\\/\\\/fonsvinum.com\\\/en\\\/#organization\"},\"potentialAction\":[{\"@type\":\"SearchAction\",\"target\":{\"@type\":\"EntryPoint\",\"urlTemplate\":\"https:\\\/\\\/fonsvinum.com\\\/en\\\/?s={search_term_string}\"},\"query-input\":{\"@type\":\"PropertyValueSpecification\",\"valueRequired\":true,\"valueName\":\"search_term_string\"}}],\"inLanguage\":\"de\"},{\"@type\":\"Organization\",\"@id\":\"https:\\\/\\\/fonsvinum.com\\\/en\\\/#organization\",\"name\":\"Fons Vinum\",\"url\":\"https:\\\/\\\/fonsvinum.com\\\/en\\\/\",\"logo\":{\"@type\":\"ImageObject\",\"inLanguage\":\"de\",\"@id\":\"https:\\\/\\\/fonsvinum.com\\\/en\\\/#\\\/schema\\\/logo\\\/image\\\/\",\"url\":\"\",\"contentUrl\":\"\",\"caption\":\"Fons Vinum\"},\"image\":{\"@id\":\"https:\\\/\\\/fonsvinum.com\\\/en\\\/#\\\/schema\\\/logo\\\/image\\\/\"}}]}<\/script>\n<!-- \/ Yoast SEO plugin. -->","yoast_head_json":{"title":"POGGIO ALLE GAZZE DELL'ORNELLAIA 2017 I Fonsvinum rare weine","description":"Poggio alle Gazze dell'Ornellaia 2017 I Fonsvinum rare Weine online aus Piedmont, Toskana und Venetien","robots":{"index":"index","follow":"follow","max-snippet":"max-snippet:-1","max-image-preview":"max-image-preview:large","max-video-preview":"max-video-preview:-1"},"canonical":"https:\/\/fonsvinum.com\/de\/produkt\/poggio-alle-gazze-dellornellaia-2017\/","og_locale":"de_DE","og_type":"article","og_title":"POGGIO ALLE GAZZE DELL'ORNELLAIA 2017 I Fonsvinum rare weine","og_description":"Poggio alle Gazze dell'Ornellaia 2017 I Fonsvinum rare Weine online aus Piedmont, Toskana und Venetien","og_url":"https:\/\/fonsvinum.com\/de\/produkt\/poggio-alle-gazze-dellornellaia-2017\/","og_site_name":"Fons Vinum","article_modified_time":"2024-06-10T13:00:31+00:00","og_image":[{"width":233,"height":454,"url":"https:\/\/fonsvinum.com\/files\/2018\/05\/poggio-alle-gazze.png","type":"image\/png"}],"twitter_misc":{"Gesch\u00e4tzte Lesezeit":"1\u00a0Minute"},"schema":{"@context":"https:\/\/schema.org","@graph":[{"@type":"WebPage","@id":"https:\/\/fonsvinum.com\/de\/produkt\/poggio-alle-gazze-dellornellaia-2017\/","url":"https:\/\/fonsvinum.com\/de\/produkt\/poggio-alle-gazze-dellornellaia-2017\/","name":"POGGIO ALLE GAZZE DELL'ORNELLAIA 2017 I Fonsvinum rare weine","isPartOf":{"@id":"https:\/\/fonsvinum.com\/en\/#website"},"primaryImageOfPage":{"@id":"https:\/\/fonsvinum.com\/de\/produkt\/poggio-alle-gazze-dellornellaia-2017\/#primaryimage"},"image":{"@id":"https:\/\/fonsvinum.com\/de\/produkt\/poggio-alle-gazze-dellornellaia-2017\/#primaryimage"},"thumbnailUrl":"https:\/\/fonsvinum.com\/files\/2018\/05\/poggio-alle-gazze.png","datePublished":"2019-08-26T09:51:49+00:00","dateModified":"2024-06-10T13:00:31+00:00","description":"Poggio alle Gazze dell'Ornellaia 2017 I Fonsvinum rare Weine online aus Piedmont, Toskana und Venetien","breadcrumb":{"@id":"https:\/\/fonsvinum.com\/de\/produkt\/poggio-alle-gazze-dellornellaia-2017\/#breadcrumb"},"inLanguage":"de","potentialAction":[{"@type":"ReadAction","target":["https:\/\/fonsvinum.com\/de\/produkt\/poggio-alle-gazze-dellornellaia-2017\/"]}]},{"@type":"ImageObject","inLanguage":"de","@id":"https:\/\/fonsvinum.com\/de\/produkt\/poggio-alle-gazze-dellornellaia-2017\/#primaryimage","url":"https:\/\/fonsvinum.com\/files\/2018\/05\/poggio-alle-gazze.png","contentUrl":"https:\/\/fonsvinum.com\/files\/2018\/05\/poggio-alle-gazze.png","width":233,"height":454},{"@type":"BreadcrumbList","@id":"https:\/\/fonsvinum.com\/de\/produkt\/poggio-alle-gazze-dellornellaia-2017\/#breadcrumb","itemListElement":[{"@type":"ListItem","position":1,"name":"Startseite","item":"https:\/\/fonsvinum.com\/de\/"},{"@type":"ListItem","position":2,"name":"Shop","item":"https:\/\/fonsvinum.com\/de\/shop\/"},{"@type":"ListItem","position":3,"name":"Poggio alle Gazze dell&#8217;Ornellaia 2017"}]},{"@type":"WebSite","@id":"https:\/\/fonsvinum.com\/en\/#website","url":"https:\/\/fonsvinum.com\/en\/","name":"Fons Vinum","description":"Vendita Vino Online","publisher":{"@id":"https:\/\/fonsvinum.com\/en\/#organization"},"potentialAction":[{"@type":"SearchAction","target":{"@type":"EntryPoint","urlTemplate":"https:\/\/fonsvinum.com\/en\/?s={search_term_string}"},"query-input":{"@type":"PropertyValueSpecification","valueRequired":true,"valueName":"search_term_string"}}],"inLanguage":"de"},{"@type":"Organization","@id":"https:\/\/fonsvinum.com\/en\/#organization","name":"Fons Vinum","url":"https:\/\/fonsvinum.com\/en\/","logo":{"@type":"ImageObject","inLanguage":"de","@id":"https:\/\/fonsvinum.com\/en\/#\/schema\/logo\/image\/","url":"","contentUrl":"","caption":"Fons Vinum"},"image":{"@id":"https:\/\/fonsvinum.com\/en\/#\/schema\/logo\/image\/"}}]}},"acf":[],"_links":{"self":[{"href":"https:\/\/fonsvinum.com\/de\/wp-json\/wp\/v2\/product\/20316","targetHints":{"allow":["GET"]}}],"collection":[{"href":"https:\/\/fonsvinum.com\/de\/wp-json\/wp\/v2\/product"}],"about":[{"href":"https:\/\/fonsvinum.com\/de\/wp-json\/wp\/v2\/types\/product"}],"replies":[{"embeddable":true,"href":"https:\/\/fonsvinum.com\/de\/wp-json\/wp\/v2\/comments?post=20316"}],"wp:featuredmedia":[{"embeddable":true,"href":"https:\/\/fonsvinum.com\/de\/wp-json\/wp\/v2\/media\/14915"}],"wp:attachment":[{"href":"https:\/\/fonsvinum.com\/de\/wp-json\/wp\/v2\/media?parent=20316"}],"wp:term":[{"taxonomy":"product_brand","embeddable":true,"href":"https:\/\/fonsvinum.com\/de\/wp-json\/wp\/v2\/product_brand?post=20316"},{"taxonomy":"product_cat","embeddable":true,"href":"https:\/\/fonsvinum.com\/de\/wp-json\/wp\/v2\/product_cat?post=20316"},{"taxonomy":"product_tag","embeddable":true,"href":"https:\/\/fonsvinum.com\/de\/wp-json\/wp\/v2\/product_tag?post=20316"}],"curies":[{"name":"wp","href":"https:\/\/api.w.org\/{rel}","templated":true}]}}