{"id":20219,"date":"2019-07-08T17:41:27","date_gmt":"2019-07-08T15:41:27","guid":{"rendered":"https:\/\/fonsvinum.com\/?post_type=product&#038;p=20219"},"modified":"2021-02-16T06:45:30","modified_gmt":"2021-02-16T05:45:30","slug":"cervaro-della-sala-marchesi-antinori-2017","status":"publish","type":"product","link":"https:\/\/fonsvinum.com\/de\/produkt\/cervaro-della-sala-marchesi-antinori-2017\/","title":{"rendered":"MARCHESI ANTINORI Cervaro Della Sala 2017"},"content":{"rendered":"<h1>MARCHESI ANTINORI Cervaro Della Sala 2017<\/h1>\n<p>Der wohl ber\u00fchmteste Wei\u00dfwein Umbriens! Das komplexe Bouquet, dabei der intensiv fruchtige Geschmack mit feinen Vanillenoten und der unendlich erscheinende Abgang lassen diesen gro\u00dfartigen, 5 Monate in neuen Barriques gereiften Wein zu einem unvergesslichen Erlebnis werden.<\/p>\n<h2>VERKOSTUNGSNOTIZEN<\/h2>\n<p>Der Cervaro della Sala 2017, von strahlend strohgelber Farbe mit einigen gr\u00fcnlichen Reflexen, zeigt Toastnoten und Noten von Zitrusfr\u00fcchten und exotischen Fr\u00fcchten mit leichten Butternuancen. Am Gaumen markante Frische, Schmackhaftigkeit und eine angenehme Nachhaltigkeit. In seiner Jugendlichkeit, die schon erfreulich und einladend ist, l\u00e4sst er bereits ein gro\u00dfes Potenzial erahnen, das sich im Laufe der Jahre voll entfalten wird.<\/p>\n","protected":false},"excerpt":{"rendered":"<p>MARCHESI ANTINORI Cervaro Della Sala 2017 Der wohl ber\u00fchmteste Wei\u00dfwein Umbriens! Das komplexe Bouquet, dabei der intensiv fruchtige Geschmack mit feinen Vanillenoten und der unendlich erscheinende Abgang lassen diesen gro\u00dfartigen, 5 Monate in neuen Barriques gereiften Wein zu einem unvergesslichen Erlebnis werden. VERKOSTUNGSNOTIZEN Der Cervaro della Sala 2017, von strahlend strohgelber Farbe mit einigen gr\u00fcnlichen [&hellip;]<\/p>\n","protected":false},"featured_media":11645,"comment_status":"open","ping_status":"closed","template":"","meta":{"_acf_changed":false,"_monsterinsights_skip_tracking":false,"_monsterinsights_sitenote_active":false,"_monsterinsights_sitenote_note":"","_monsterinsights_sitenote_category":0},"product_brand":[],"product_cat":[2162,2266],"product_tag":[],"class_list":{"0":"post-20219","1":"product","2":"type-product","3":"status-publish","4":"has-post-thumbnail","6":"product_cat-blend","7":"product_cat-weissweine-de","8":"pa_appellation-umbria-igt-de","9":"pa_formato-0-75-l-flasche-de","10":"pa_producer-marchesi-antinori-de","11":"pa_region-umbrien-de","12":"pa_vintage-4013","14":"first","15":"instock","16":"taxable","17":"shipping-taxable","18":"purchasable","19":"product-type-simple"},"bundled_by":[],"bundle_stock_status":"instock","bundle_stock_quantity":null,"bundle_virtual":false,"bundle_layout":"","bundle_add_to_cart_form_location":"","bundle_editable_in_cart":false,"bundle_sold_individually_context":"","bundle_item_grouping":"","bundle_min_size":"","bundle_max_size":"","bundle_price":[],"bundled_items":[],"bundle_sell_ids":[],"yoast_head":"<!-- This site is optimized with the Yoast SEO plugin v27.2 - https:\/\/yoast.com\/product\/yoast-seo-wordpress\/ -->\n<title>Cervaro Della Sala Marchesi Antinori 2017 aus Umbria<\/title>\n<meta name=\"description\" content=\"Cervaro Della Sala Marchesi Antinori 2017 von strahlend strohgelber Farbe mit einigen gr\u00fcnlichen Reflexen, zeigt Toastnoten und Noten von Zitrusfr\u00fcchten.\" \/>\n<meta name=\"robots\" content=\"index, follow, max-snippet:-1, max-image-preview:large, max-video-preview:-1\" \/>\n<link rel=\"canonical\" href=\"https:\/\/fonsvinum.com\/de\/produkt\/cervaro-della-sala-marchesi-antinori-2017\/\" \/>\n<meta property=\"og:locale\" content=\"de_DE\" \/>\n<meta property=\"og:type\" content=\"article\" \/>\n<meta property=\"og:title\" content=\"Cervaro Della Sala Marchesi Antinori 2017 aus Umbria\" \/>\n<meta property=\"og:description\" content=\"Cervaro Della Sala Marchesi Antinori 2017 von strahlend strohgelber Farbe mit einigen gr\u00fcnlichen Reflexen, zeigt Toastnoten und Noten von Zitrusfr\u00fcchten.\" \/>\n<meta property=\"og:url\" content=\"https:\/\/fonsvinum.com\/de\/produkt\/cervaro-della-sala-marchesi-antinori-2017\/\" \/>\n<meta property=\"og:site_name\" content=\"Fons Vinum\" \/>\n<meta property=\"article:modified_time\" content=\"2021-02-16T05:45:30+00:00\" \/>\n<meta property=\"og:image\" content=\"https:\/\/fonsvinum.com\/files\/2017\/07\/Cervaro-Della-Sala-Marchesi-Antinori-2015.jpg\" \/>\n\t<meta property=\"og:image:width\" content=\"200\" \/>\n\t<meta property=\"og:image:height\" content=\"600\" \/>\n\t<meta property=\"og:image:type\" content=\"image\/jpeg\" \/>\n<meta name=\"twitter:label1\" content=\"Gesch\u00e4tzte Lesezeit\" \/>\n\t<meta name=\"twitter:data1\" content=\"1\u00a0Minute\" \/>\n<script type=\"application\/ld+json\" class=\"yoast-schema-graph\">{\"@context\":\"https:\/\/schema.org\",\"@graph\":[{\"@type\":\"WebPage\",\"@id\":\"https:\/\/fonsvinum.com\/de\/produkt\/cervaro-della-sala-marchesi-antinori-2017\/\",\"url\":\"https:\/\/fonsvinum.com\/de\/produkt\/cervaro-della-sala-marchesi-antinori-2017\/\",\"name\":\"Cervaro Della Sala Marchesi Antinori 2017 aus Umbria\",\"isPartOf\":{\"@id\":\"https:\/\/fonsvinum.com\/en\/#website\"},\"primaryImageOfPage\":{\"@id\":\"https:\/\/fonsvinum.com\/de\/produkt\/cervaro-della-sala-marchesi-antinori-2017\/#primaryimage\"},\"image\":{\"@id\":\"https:\/\/fonsvinum.com\/de\/produkt\/cervaro-della-sala-marchesi-antinori-2017\/#primaryimage\"},\"thumbnailUrl\":\"https:\/\/fonsvinum.com\/files\/2017\/07\/Cervaro-Della-Sala-Marchesi-Antinori-2015.jpg\",\"datePublished\":\"2019-07-08T15:41:27+00:00\",\"dateModified\":\"2021-02-16T05:45:30+00:00\",\"description\":\"Cervaro Della Sala Marchesi Antinori 2017 von strahlend strohgelber Farbe mit einigen gr\u00fcnlichen Reflexen, zeigt Toastnoten und Noten von Zitrusfr\u00fcchten.\",\"breadcrumb\":{\"@id\":\"https:\/\/fonsvinum.com\/de\/produkt\/cervaro-della-sala-marchesi-antinori-2017\/#breadcrumb\"},\"inLanguage\":\"de\",\"potentialAction\":[{\"@type\":\"ReadAction\",\"target\":[\"https:\/\/fonsvinum.com\/de\/produkt\/cervaro-della-sala-marchesi-antinori-2017\/\"]}]},{\"@type\":\"ImageObject\",\"inLanguage\":\"de\",\"@id\":\"https:\/\/fonsvinum.com\/de\/produkt\/cervaro-della-sala-marchesi-antinori-2017\/#primaryimage\",\"url\":\"https:\/\/fonsvinum.com\/files\/2017\/07\/Cervaro-Della-Sala-Marchesi-Antinori-2015.jpg\",\"contentUrl\":\"https:\/\/fonsvinum.com\/files\/2017\/07\/Cervaro-Della-Sala-Marchesi-Antinori-2015.jpg\",\"width\":200,\"height\":600},{\"@type\":\"BreadcrumbList\",\"@id\":\"https:\/\/fonsvinum.com\/de\/produkt\/cervaro-della-sala-marchesi-antinori-2017\/#breadcrumb\",\"itemListElement\":[{\"@type\":\"ListItem\",\"position\":1,\"name\":\"Startseite\",\"item\":\"https:\/\/fonsvinum.com\/de\/\"},{\"@type\":\"ListItem\",\"position\":2,\"name\":\"Shop\",\"item\":\"https:\/\/fonsvinum.com\/de\/shop\/\"},{\"@type\":\"ListItem\",\"position\":3,\"name\":\"MARCHESI ANTINORI Cervaro Della Sala 2017\"}]},{\"@type\":\"WebSite\",\"@id\":\"https:\/\/fonsvinum.com\/en\/#website\",\"url\":\"https:\/\/fonsvinum.com\/en\/\",\"name\":\"Fons Vinum\",\"description\":\"Vendita Vino Online\",\"publisher\":{\"@id\":\"https:\/\/fonsvinum.com\/en\/#organization\"},\"potentialAction\":[{\"@type\":\"SearchAction\",\"target\":{\"@type\":\"EntryPoint\",\"urlTemplate\":\"https:\/\/fonsvinum.com\/en\/?s={search_term_string}\"},\"query-input\":{\"@type\":\"PropertyValueSpecification\",\"valueRequired\":true,\"valueName\":\"search_term_string\"}}],\"inLanguage\":\"de\"},{\"@type\":\"Organization\",\"@id\":\"https:\/\/fonsvinum.com\/en\/#organization\",\"name\":\"Fons Vinum\",\"url\":\"https:\/\/fonsvinum.com\/en\/\",\"logo\":{\"@type\":\"ImageObject\",\"inLanguage\":\"de\",\"@id\":\"https:\/\/fonsvinum.com\/en\/#\/schema\/logo\/image\/\",\"url\":\"\",\"contentUrl\":\"\",\"caption\":\"Fons Vinum\"},\"image\":{\"@id\":\"https:\/\/fonsvinum.com\/en\/#\/schema\/logo\/image\/\"}}]}<\/script>\n<!-- \/ Yoast SEO plugin. -->","yoast_head_json":{"title":"Cervaro Della Sala Marchesi Antinori 2017 aus Umbria","description":"Cervaro Della Sala Marchesi Antinori 2017 von strahlend strohgelber Farbe mit einigen gr\u00fcnlichen Reflexen, zeigt Toastnoten und Noten von Zitrusfr\u00fcchten.","robots":{"index":"index","follow":"follow","max-snippet":"max-snippet:-1","max-image-preview":"max-image-preview:large","max-video-preview":"max-video-preview:-1"},"canonical":"https:\/\/fonsvinum.com\/de\/produkt\/cervaro-della-sala-marchesi-antinori-2017\/","og_locale":"de_DE","og_type":"article","og_title":"Cervaro Della Sala Marchesi Antinori 2017 aus Umbria","og_description":"Cervaro Della Sala Marchesi Antinori 2017 von strahlend strohgelber Farbe mit einigen gr\u00fcnlichen Reflexen, zeigt Toastnoten und Noten von Zitrusfr\u00fcchten.","og_url":"https:\/\/fonsvinum.com\/de\/produkt\/cervaro-della-sala-marchesi-antinori-2017\/","og_site_name":"Fons Vinum","article_modified_time":"2021-02-16T05:45:30+00:00","og_image":[{"width":200,"height":600,"url":"https:\/\/fonsvinum.com\/files\/2017\/07\/Cervaro-Della-Sala-Marchesi-Antinori-2015.jpg","type":"image\/jpeg"}],"twitter_misc":{"Gesch\u00e4tzte Lesezeit":"1\u00a0Minute"},"schema":{"@context":"https:\/\/schema.org","@graph":[{"@type":"WebPage","@id":"https:\/\/fonsvinum.com\/de\/produkt\/cervaro-della-sala-marchesi-antinori-2017\/","url":"https:\/\/fonsvinum.com\/de\/produkt\/cervaro-della-sala-marchesi-antinori-2017\/","name":"Cervaro Della Sala Marchesi Antinori 2017 aus Umbria","isPartOf":{"@id":"https:\/\/fonsvinum.com\/en\/#website"},"primaryImageOfPage":{"@id":"https:\/\/fonsvinum.com\/de\/produkt\/cervaro-della-sala-marchesi-antinori-2017\/#primaryimage"},"image":{"@id":"https:\/\/fonsvinum.com\/de\/produkt\/cervaro-della-sala-marchesi-antinori-2017\/#primaryimage"},"thumbnailUrl":"https:\/\/fonsvinum.com\/files\/2017\/07\/Cervaro-Della-Sala-Marchesi-Antinori-2015.jpg","datePublished":"2019-07-08T15:41:27+00:00","dateModified":"2021-02-16T05:45:30+00:00","description":"Cervaro Della Sala Marchesi Antinori 2017 von strahlend strohgelber Farbe mit einigen gr\u00fcnlichen Reflexen, zeigt Toastnoten und Noten von Zitrusfr\u00fcchten.","breadcrumb":{"@id":"https:\/\/fonsvinum.com\/de\/produkt\/cervaro-della-sala-marchesi-antinori-2017\/#breadcrumb"},"inLanguage":"de","potentialAction":[{"@type":"ReadAction","target":["https:\/\/fonsvinum.com\/de\/produkt\/cervaro-della-sala-marchesi-antinori-2017\/"]}]},{"@type":"ImageObject","inLanguage":"de","@id":"https:\/\/fonsvinum.com\/de\/produkt\/cervaro-della-sala-marchesi-antinori-2017\/#primaryimage","url":"https:\/\/fonsvinum.com\/files\/2017\/07\/Cervaro-Della-Sala-Marchesi-Antinori-2015.jpg","contentUrl":"https:\/\/fonsvinum.com\/files\/2017\/07\/Cervaro-Della-Sala-Marchesi-Antinori-2015.jpg","width":200,"height":600},{"@type":"BreadcrumbList","@id":"https:\/\/fonsvinum.com\/de\/produkt\/cervaro-della-sala-marchesi-antinori-2017\/#breadcrumb","itemListElement":[{"@type":"ListItem","position":1,"name":"Startseite","item":"https:\/\/fonsvinum.com\/de\/"},{"@type":"ListItem","position":2,"name":"Shop","item":"https:\/\/fonsvinum.com\/de\/shop\/"},{"@type":"ListItem","position":3,"name":"MARCHESI ANTINORI Cervaro Della Sala 2017"}]},{"@type":"WebSite","@id":"https:\/\/fonsvinum.com\/en\/#website","url":"https:\/\/fonsvinum.com\/en\/","name":"Fons Vinum","description":"Vendita Vino Online","publisher":{"@id":"https:\/\/fonsvinum.com\/en\/#organization"},"potentialAction":[{"@type":"SearchAction","target":{"@type":"EntryPoint","urlTemplate":"https:\/\/fonsvinum.com\/en\/?s={search_term_string}"},"query-input":{"@type":"PropertyValueSpecification","valueRequired":true,"valueName":"search_term_string"}}],"inLanguage":"de"},{"@type":"Organization","@id":"https:\/\/fonsvinum.com\/en\/#organization","name":"Fons Vinum","url":"https:\/\/fonsvinum.com\/en\/","logo":{"@type":"ImageObject","inLanguage":"de","@id":"https:\/\/fonsvinum.com\/en\/#\/schema\/logo\/image\/","url":"","contentUrl":"","caption":"Fons Vinum"},"image":{"@id":"https:\/\/fonsvinum.com\/en\/#\/schema\/logo\/image\/"}}]}},"acf":[],"_links":{"self":[{"href":"https:\/\/fonsvinum.com\/de\/wp-json\/wp\/v2\/product\/20219","targetHints":{"allow":["GET"]}}],"collection":[{"href":"https:\/\/fonsvinum.com\/de\/wp-json\/wp\/v2\/product"}],"about":[{"href":"https:\/\/fonsvinum.com\/de\/wp-json\/wp\/v2\/types\/product"}],"replies":[{"embeddable":true,"href":"https:\/\/fonsvinum.com\/de\/wp-json\/wp\/v2\/comments?post=20219"}],"wp:featuredmedia":[{"embeddable":true,"href":"https:\/\/fonsvinum.com\/de\/wp-json\/wp\/v2\/media\/11645"}],"wp:attachment":[{"href":"https:\/\/fonsvinum.com\/de\/wp-json\/wp\/v2\/media?parent=20219"}],"wp:term":[{"taxonomy":"product_brand","embeddable":true,"href":"https:\/\/fonsvinum.com\/de\/wp-json\/wp\/v2\/product_brand?post=20219"},{"taxonomy":"product_cat","embeddable":true,"href":"https:\/\/fonsvinum.com\/de\/wp-json\/wp\/v2\/product_cat?post=20219"},{"taxonomy":"product_tag","embeddable":true,"href":"https:\/\/fonsvinum.com\/de\/wp-json\/wp\/v2\/product_tag?post=20219"}],"curies":[{"name":"wp","href":"https:\/\/api.w.org\/{rel}","templated":true}]}}