{"id":20205,"date":"2019-06-28T17:28:18","date_gmt":"2019-06-28T15:28:18","guid":{"rendered":"https:\/\/fonsvinum.com\/?post_type=product&#038;p=20205"},"modified":"2019-08-29T17:01:28","modified_gmt":"2019-08-29T15:01:28","slug":"barbaresco-riserva-2014-rabaja-produttori-del-barbaresco-magnum","status":"publish","type":"product","link":"https:\/\/fonsvinum.com\/de\/produkt\/barbaresco-riserva-2014-rabaja-produttori-del-barbaresco-magnum\/","title":{"rendered":"Barbaresco Riserva 2014 Rabaja PRODUTTORI DEL BARBARESCO magnum"},"content":{"rendered":"<h1>Barbaresco Riserva 2014 Rabaja PRODUTTORI DEL BARBARESCO magnum<\/h1>\n<p>Der Barbaresco ist ein D.O.C.G.-Rotwein aus dem Piemont, der aus 100% Nebbiolo-Trauben gewonnen wird.<\/p>\n<p>Zur Reife nach dem Keltern kommt der Rotwein f\u00fcr mindestens 24 Monate in kleine Eichenf\u00e4sser.<\/p>\n<p>Danach reift er 1 Jahr in der Flasche.<\/p>\n<p>Funkelndes Rubin-Granat, dicht und kompakt angelegte Nase nach Leder, sehr viel Rosenbl\u00e4tter, dunkle, reife Kirschen. M\u00e4chtig und kraftvoll am Gaumen, dicht gewebtes Tannin, bei aller Kraft auch sch\u00f6ne Eleganz und ein gro\u00dfes Potential.<\/p>\n<p>Er ist ein idealer Begleiter zu kr\u00e4ftigen Fleischgerichten.<\/p>\n<p>Er sollte 2 Stunden vor dem Trinken bel\u00fcftet werden. Bis zu 10 Jahre lagerf\u00e4hig.<\/p>\n<p>Gambero Rosso 2018: 2 Glaeser<br \/>\nVeronelli 2018:93\u00a0Punkte<br \/>\nDoctor Wine 2018:95\u00a0Punkte<br \/>\nWine Spectator:94\u00a0Punkte<br \/>\nJames Suckling:99\u00a0Punkte<\/p>\n","protected":false},"excerpt":{"rendered":"<p>Barbaresco Riserva 2014 Rabaja PRODUTTORI DEL BARBARESCO magnum Der Barbaresco ist ein D.O.C.G.-Rotwein aus dem Piemont, der aus 100% Nebbiolo-Trauben gewonnen wird. Zur Reife nach dem Keltern kommt der Rotwein f\u00fcr mindestens 24 Monate in kleine Eichenf\u00e4sser. Danach reift er 1 Jahr in der Flasche. Funkelndes Rubin-Granat, dicht und kompakt angelegte Nase nach Leder, sehr [&hellip;]<\/p>\n","protected":false},"featured_media":7889,"comment_status":"open","ping_status":"closed","template":"","meta":{"_acf_changed":false,"_monsterinsights_skip_tracking":false,"_monsterinsights_sitenote_active":false,"_monsterinsights_sitenote_note":"","_monsterinsights_sitenote_category":0},"product_brand":[],"product_cat":[1773],"product_tag":[2150],"class_list":{"0":"post-20205","1":"product","2":"type-product","3":"status-publish","4":"has-post-thumbnail","6":"product_cat-barbaresco-de","7":"product_tag-grossformat","8":"pa_appellation-barbaresco-docg-de","9":"pa_formato-1-50-l-flasche-de","10":"pa_producer-produttori-del-barbaresco-de","11":"pa_region-piemont-de","12":"pa_vine-100-nebbiolo-de","13":"pa_vintage-2014-de","15":"first","16":"instock","17":"taxable","18":"shipping-taxable","19":"purchasable","20":"product-type-simple"},"bundled_by":[],"bundle_stock_status":"instock","bundle_stock_quantity":1,"bundle_virtual":false,"bundle_layout":"","bundle_add_to_cart_form_location":"","bundle_editable_in_cart":false,"bundle_sold_individually_context":"","bundle_item_grouping":"","bundle_min_size":"","bundle_max_size":"","bundle_price":[],"bundled_items":[],"bundle_sell_ids":[],"yoast_head":"<!-- This site is optimized with the Yoast SEO plugin v27.3 - https:\/\/yoast.com\/product\/yoast-seo-wordpress\/ -->\n<title>Barbaresco 2014 Rabaja PRODUTTORI DEL BARBARESCO magnum<\/title>\n<meta name=\"description\" content=\"Barbaresco Riserva 2014 Rabaja PRODUTTORI DEL BARBARESCO magnum\" \/>\n<meta name=\"robots\" content=\"index, follow, max-snippet:-1, max-image-preview:large, max-video-preview:-1\" \/>\n<link rel=\"canonical\" href=\"https:\/\/fonsvinum.com\/de\/produkt\/barbaresco-riserva-2014-rabaja-produttori-del-barbaresco-magnum\/\" \/>\n<meta property=\"og:locale\" content=\"de_DE\" \/>\n<meta property=\"og:type\" content=\"article\" \/>\n<meta property=\"og:title\" content=\"Barbaresco 2014 Rabaja PRODUTTORI DEL BARBARESCO magnum\" \/>\n<meta property=\"og:description\" content=\"Barbaresco Riserva 2014 Rabaja PRODUTTORI DEL BARBARESCO magnum\" \/>\n<meta property=\"og:url\" content=\"https:\/\/fonsvinum.com\/de\/produkt\/barbaresco-riserva-2014-rabaja-produttori-del-barbaresco-magnum\/\" \/>\n<meta property=\"og:site_name\" content=\"Fons Vinum\" \/>\n<meta property=\"article:modified_time\" content=\"2019-08-29T15:01:28+00:00\" \/>\n<meta property=\"og:image\" content=\"https:\/\/fonsvinum.com\/files\/2013\/04\/barbaresco-produttori-riserva-rabaja1.png\" \/>\n\t<meta property=\"og:image:width\" content=\"200\" \/>\n\t<meta property=\"og:image:height\" content=\"600\" \/>\n\t<meta property=\"og:image:type\" content=\"image\/png\" \/>\n<meta name=\"twitter:label1\" content=\"Gesch\u00e4tzte Lesezeit\" \/>\n\t<meta name=\"twitter:data1\" content=\"1\u00a0Minute\" \/>\n<script type=\"application\/ld+json\" class=\"yoast-schema-graph\">{\"@context\":\"https:\\\/\\\/schema.org\",\"@graph\":[{\"@type\":\"WebPage\",\"@id\":\"https:\\\/\\\/fonsvinum.com\\\/de\\\/produkt\\\/barbaresco-riserva-2014-rabaja-produttori-del-barbaresco-magnum\\\/\",\"url\":\"https:\\\/\\\/fonsvinum.com\\\/de\\\/produkt\\\/barbaresco-riserva-2014-rabaja-produttori-del-barbaresco-magnum\\\/\",\"name\":\"Barbaresco 2014 Rabaja PRODUTTORI DEL BARBARESCO magnum\",\"isPartOf\":{\"@id\":\"https:\\\/\\\/fonsvinum.com\\\/en\\\/#website\"},\"primaryImageOfPage\":{\"@id\":\"https:\\\/\\\/fonsvinum.com\\\/de\\\/produkt\\\/barbaresco-riserva-2014-rabaja-produttori-del-barbaresco-magnum\\\/#primaryimage\"},\"image\":{\"@id\":\"https:\\\/\\\/fonsvinum.com\\\/de\\\/produkt\\\/barbaresco-riserva-2014-rabaja-produttori-del-barbaresco-magnum\\\/#primaryimage\"},\"thumbnailUrl\":\"https:\\\/\\\/fonsvinum.com\\\/files\\\/2013\\\/04\\\/barbaresco-produttori-riserva-rabaja1.png\",\"datePublished\":\"2019-06-28T15:28:18+00:00\",\"dateModified\":\"2019-08-29T15:01:28+00:00\",\"description\":\"Barbaresco Riserva 2014 Rabaja PRODUTTORI DEL BARBARESCO magnum\",\"breadcrumb\":{\"@id\":\"https:\\\/\\\/fonsvinum.com\\\/de\\\/produkt\\\/barbaresco-riserva-2014-rabaja-produttori-del-barbaresco-magnum\\\/#breadcrumb\"},\"inLanguage\":\"de\",\"potentialAction\":[{\"@type\":\"ReadAction\",\"target\":[\"https:\\\/\\\/fonsvinum.com\\\/de\\\/produkt\\\/barbaresco-riserva-2014-rabaja-produttori-del-barbaresco-magnum\\\/\"]}]},{\"@type\":\"ImageObject\",\"inLanguage\":\"de\",\"@id\":\"https:\\\/\\\/fonsvinum.com\\\/de\\\/produkt\\\/barbaresco-riserva-2014-rabaja-produttori-del-barbaresco-magnum\\\/#primaryimage\",\"url\":\"https:\\\/\\\/fonsvinum.com\\\/files\\\/2013\\\/04\\\/barbaresco-produttori-riserva-rabaja1.png\",\"contentUrl\":\"https:\\\/\\\/fonsvinum.com\\\/files\\\/2013\\\/04\\\/barbaresco-produttori-riserva-rabaja1.png\",\"width\":200,\"height\":600},{\"@type\":\"BreadcrumbList\",\"@id\":\"https:\\\/\\\/fonsvinum.com\\\/de\\\/produkt\\\/barbaresco-riserva-2014-rabaja-produttori-del-barbaresco-magnum\\\/#breadcrumb\",\"itemListElement\":[{\"@type\":\"ListItem\",\"position\":1,\"name\":\"Startseite\",\"item\":\"https:\\\/\\\/fonsvinum.com\\\/de\\\/\"},{\"@type\":\"ListItem\",\"position\":2,\"name\":\"Shop\",\"item\":\"https:\\\/\\\/fonsvinum.com\\\/de\\\/shop\\\/\"},{\"@type\":\"ListItem\",\"position\":3,\"name\":\"Barbaresco Riserva 2014 Rabaja PRODUTTORI DEL BARBARESCO magnum\"}]},{\"@type\":\"WebSite\",\"@id\":\"https:\\\/\\\/fonsvinum.com\\\/en\\\/#website\",\"url\":\"https:\\\/\\\/fonsvinum.com\\\/en\\\/\",\"name\":\"Fons Vinum\",\"description\":\"Vendita Vino Online\",\"publisher\":{\"@id\":\"https:\\\/\\\/fonsvinum.com\\\/en\\\/#organization\"},\"potentialAction\":[{\"@type\":\"SearchAction\",\"target\":{\"@type\":\"EntryPoint\",\"urlTemplate\":\"https:\\\/\\\/fonsvinum.com\\\/en\\\/?s={search_term_string}\"},\"query-input\":{\"@type\":\"PropertyValueSpecification\",\"valueRequired\":true,\"valueName\":\"search_term_string\"}}],\"inLanguage\":\"de\"},{\"@type\":\"Organization\",\"@id\":\"https:\\\/\\\/fonsvinum.com\\\/en\\\/#organization\",\"name\":\"Fons Vinum\",\"url\":\"https:\\\/\\\/fonsvinum.com\\\/en\\\/\",\"logo\":{\"@type\":\"ImageObject\",\"inLanguage\":\"de\",\"@id\":\"https:\\\/\\\/fonsvinum.com\\\/en\\\/#\\\/schema\\\/logo\\\/image\\\/\",\"url\":\"\",\"contentUrl\":\"\",\"caption\":\"Fons Vinum\"},\"image\":{\"@id\":\"https:\\\/\\\/fonsvinum.com\\\/en\\\/#\\\/schema\\\/logo\\\/image\\\/\"}}]}<\/script>\n<!-- \/ Yoast SEO plugin. -->","yoast_head_json":{"title":"Barbaresco 2014 Rabaja PRODUTTORI DEL BARBARESCO magnum","description":"Barbaresco Riserva 2014 Rabaja PRODUTTORI DEL BARBARESCO magnum","robots":{"index":"index","follow":"follow","max-snippet":"max-snippet:-1","max-image-preview":"max-image-preview:large","max-video-preview":"max-video-preview:-1"},"canonical":"https:\/\/fonsvinum.com\/de\/produkt\/barbaresco-riserva-2014-rabaja-produttori-del-barbaresco-magnum\/","og_locale":"de_DE","og_type":"article","og_title":"Barbaresco 2014 Rabaja PRODUTTORI DEL BARBARESCO magnum","og_description":"Barbaresco Riserva 2014 Rabaja PRODUTTORI DEL BARBARESCO magnum","og_url":"https:\/\/fonsvinum.com\/de\/produkt\/barbaresco-riserva-2014-rabaja-produttori-del-barbaresco-magnum\/","og_site_name":"Fons Vinum","article_modified_time":"2019-08-29T15:01:28+00:00","og_image":[{"width":200,"height":600,"url":"https:\/\/fonsvinum.com\/files\/2013\/04\/barbaresco-produttori-riserva-rabaja1.png","type":"image\/png"}],"twitter_misc":{"Gesch\u00e4tzte Lesezeit":"1\u00a0Minute"},"schema":{"@context":"https:\/\/schema.org","@graph":[{"@type":"WebPage","@id":"https:\/\/fonsvinum.com\/de\/produkt\/barbaresco-riserva-2014-rabaja-produttori-del-barbaresco-magnum\/","url":"https:\/\/fonsvinum.com\/de\/produkt\/barbaresco-riserva-2014-rabaja-produttori-del-barbaresco-magnum\/","name":"Barbaresco 2014 Rabaja PRODUTTORI DEL BARBARESCO magnum","isPartOf":{"@id":"https:\/\/fonsvinum.com\/en\/#website"},"primaryImageOfPage":{"@id":"https:\/\/fonsvinum.com\/de\/produkt\/barbaresco-riserva-2014-rabaja-produttori-del-barbaresco-magnum\/#primaryimage"},"image":{"@id":"https:\/\/fonsvinum.com\/de\/produkt\/barbaresco-riserva-2014-rabaja-produttori-del-barbaresco-magnum\/#primaryimage"},"thumbnailUrl":"https:\/\/fonsvinum.com\/files\/2013\/04\/barbaresco-produttori-riserva-rabaja1.png","datePublished":"2019-06-28T15:28:18+00:00","dateModified":"2019-08-29T15:01:28+00:00","description":"Barbaresco Riserva 2014 Rabaja PRODUTTORI DEL BARBARESCO magnum","breadcrumb":{"@id":"https:\/\/fonsvinum.com\/de\/produkt\/barbaresco-riserva-2014-rabaja-produttori-del-barbaresco-magnum\/#breadcrumb"},"inLanguage":"de","potentialAction":[{"@type":"ReadAction","target":["https:\/\/fonsvinum.com\/de\/produkt\/barbaresco-riserva-2014-rabaja-produttori-del-barbaresco-magnum\/"]}]},{"@type":"ImageObject","inLanguage":"de","@id":"https:\/\/fonsvinum.com\/de\/produkt\/barbaresco-riserva-2014-rabaja-produttori-del-barbaresco-magnum\/#primaryimage","url":"https:\/\/fonsvinum.com\/files\/2013\/04\/barbaresco-produttori-riserva-rabaja1.png","contentUrl":"https:\/\/fonsvinum.com\/files\/2013\/04\/barbaresco-produttori-riserva-rabaja1.png","width":200,"height":600},{"@type":"BreadcrumbList","@id":"https:\/\/fonsvinum.com\/de\/produkt\/barbaresco-riserva-2014-rabaja-produttori-del-barbaresco-magnum\/#breadcrumb","itemListElement":[{"@type":"ListItem","position":1,"name":"Startseite","item":"https:\/\/fonsvinum.com\/de\/"},{"@type":"ListItem","position":2,"name":"Shop","item":"https:\/\/fonsvinum.com\/de\/shop\/"},{"@type":"ListItem","position":3,"name":"Barbaresco Riserva 2014 Rabaja PRODUTTORI DEL BARBARESCO magnum"}]},{"@type":"WebSite","@id":"https:\/\/fonsvinum.com\/en\/#website","url":"https:\/\/fonsvinum.com\/en\/","name":"Fons Vinum","description":"Vendita Vino Online","publisher":{"@id":"https:\/\/fonsvinum.com\/en\/#organization"},"potentialAction":[{"@type":"SearchAction","target":{"@type":"EntryPoint","urlTemplate":"https:\/\/fonsvinum.com\/en\/?s={search_term_string}"},"query-input":{"@type":"PropertyValueSpecification","valueRequired":true,"valueName":"search_term_string"}}],"inLanguage":"de"},{"@type":"Organization","@id":"https:\/\/fonsvinum.com\/en\/#organization","name":"Fons Vinum","url":"https:\/\/fonsvinum.com\/en\/","logo":{"@type":"ImageObject","inLanguage":"de","@id":"https:\/\/fonsvinum.com\/en\/#\/schema\/logo\/image\/","url":"","contentUrl":"","caption":"Fons Vinum"},"image":{"@id":"https:\/\/fonsvinum.com\/en\/#\/schema\/logo\/image\/"}}]}},"acf":[],"_links":{"self":[{"href":"https:\/\/fonsvinum.com\/de\/wp-json\/wp\/v2\/product\/20205","targetHints":{"allow":["GET"]}}],"collection":[{"href":"https:\/\/fonsvinum.com\/de\/wp-json\/wp\/v2\/product"}],"about":[{"href":"https:\/\/fonsvinum.com\/de\/wp-json\/wp\/v2\/types\/product"}],"replies":[{"embeddable":true,"href":"https:\/\/fonsvinum.com\/de\/wp-json\/wp\/v2\/comments?post=20205"}],"wp:featuredmedia":[{"embeddable":true,"href":"https:\/\/fonsvinum.com\/de\/wp-json\/wp\/v2\/media\/7889"}],"wp:attachment":[{"href":"https:\/\/fonsvinum.com\/de\/wp-json\/wp\/v2\/media?parent=20205"}],"wp:term":[{"taxonomy":"product_brand","embeddable":true,"href":"https:\/\/fonsvinum.com\/de\/wp-json\/wp\/v2\/product_brand?post=20205"},{"taxonomy":"product_cat","embeddable":true,"href":"https:\/\/fonsvinum.com\/de\/wp-json\/wp\/v2\/product_cat?post=20205"},{"taxonomy":"product_tag","embeddable":true,"href":"https:\/\/fonsvinum.com\/de\/wp-json\/wp\/v2\/product_tag?post=20205"}],"curies":[{"name":"wp","href":"https:\/\/api.w.org\/{rel}","templated":true}]}}