{"id":19679,"date":"2019-05-06T17:27:30","date_gmt":"2019-05-06T15:27:30","guid":{"rendered":"https:\/\/fonsvinum.com\/?post_type=product&#038;p=19679"},"modified":"2021-11-21T19:33:18","modified_gmt":"2021-11-21T18:33:18","slug":"luce-della-vite-2018-olio-extra-vergine-di-oliva-375-ml","status":"publish","type":"product","link":"https:\/\/fonsvinum.com\/de\/produkt\/luce-della-vite-2018-olio-extra-vergine-di-oliva-375-ml\/","title":{"rendered":"LUCE DELLA VITE 2018 OLIO EXTRA VERGINE DI OLIVA 375 ml"},"content":{"rendered":"<h1>LUCE DELLA VITE 2018 OLIO EXTRA VERGINE DI OLIVA 375 ml<\/h1>\n<p>Produktion folgt streng biologischen Vorgaben.<\/p>\n<p>Die Ernte erfolgt per Hand ab dem Zeitpunkt des Farbumschlages; die Oliven werden im Laufe des Erntetages durch mechanische Kaltpressung zu feinstem \u00d6l verarbeitet.<\/p>\n<p>Der Zeitpunkt muss exakt getroffen werden, denn nur dann sind bei den Inhaltsstoffen Qualit\u00e4t, Langlebigkeit, niedriger S\u00e4uregehalt und Antioxidantien im h\u00f6chsten Ma\u00dfe garantiert.<\/p>\n<p>Dieses kaltgepresste, in der F\u00e4rbung gr\u00fcnliche \u00d6l zeichnet sich in der Nase durch Noten von Artischocken und Tomatenbl\u00e4ttern aus.<\/p>\n<p>Diese Eindr\u00fccke best\u00e4tigen sich auch am Gaumen, zusammen mit einem ausgewogenen, sortentypisch dezent scharfen und fein bitteren Geschmack auf der Zunge.<\/p>\n","protected":false},"excerpt":{"rendered":"<p>LUCE DELLA VITE 2018 OLIO EXTRA VERGINE DI OLIVA 375 ml Produktion folgt streng biologischen Vorgaben. Die Ernte erfolgt per Hand ab dem Zeitpunkt des Farbumschlages; die Oliven werden im Laufe des Erntetages durch mechanische Kaltpressung zu feinstem \u00d6l verarbeitet. Der Zeitpunkt muss exakt getroffen werden, denn nur dann sind bei den Inhaltsstoffen Qualit\u00e4t, Langlebigkeit, [&hellip;]<\/p>\n","protected":false},"featured_media":19685,"comment_status":"open","ping_status":"closed","template":"","meta":{"_acf_changed":false,"_monsterinsights_skip_tracking":false,"_monsterinsights_sitenote_active":false,"_monsterinsights_sitenote_note":"","_monsterinsights_sitenote_category":0},"product_brand":[],"product_cat":[15779],"product_tag":[],"class_list":{"0":"post-19679","1":"product","2":"type-product","3":"status-publish","4":"has-post-thumbnail","6":"product_cat-olio-de","7":"pa_appellation-olio-extra-vergine-doliva-de","8":"pa_formato-0-375-l-flasche-de","9":"pa_producer-luce-della-vite-de","10":"pa_region-toskana-de","11":"pa_vintage-2018-de","13":"first","14":"outofstock","15":"taxable","16":"shipping-taxable","17":"purchasable","18":"product-type-simple"},"bundled_by":[],"bundle_stock_status":"outofstock","bundle_stock_quantity":0,"bundle_virtual":false,"bundle_layout":"","bundle_add_to_cart_form_location":"","bundle_editable_in_cart":false,"bundle_sold_individually_context":"","bundle_item_grouping":"","bundle_min_size":"","bundle_max_size":"","bundle_price":[],"bundled_items":[],"bundle_sell_ids":[],"yoast_head":"<!-- This site is optimized with the Yoast SEO plugin v27.3 - https:\/\/yoast.com\/product\/yoast-seo-wordpress\/ -->\n<title>LUCE DELLA VITE 2018 OLIO EXTRA VERGINE DI OLIVA 375 ml<\/title>\n<meta name=\"description\" content=\"LUCE DELLA VITE 2018 OLIO EXTRA VERGINE DI OLIVA 375 ml Die Produktion folgt streng biologischen Vorgaben. Kaufen online I FONSVINUM\" \/>\n<meta name=\"robots\" content=\"index, follow, max-snippet:-1, max-image-preview:large, max-video-preview:-1\" \/>\n<link rel=\"canonical\" href=\"https:\/\/fonsvinum.com\/de\/produkt\/luce-della-vite-2018-olio-extra-vergine-di-oliva-375-ml\/\" \/>\n<meta property=\"og:locale\" content=\"de_DE\" \/>\n<meta property=\"og:type\" content=\"article\" \/>\n<meta property=\"og:title\" content=\"LUCE DELLA VITE 2018 OLIO EXTRA VERGINE DI OLIVA 375 ml\" \/>\n<meta property=\"og:description\" content=\"LUCE DELLA VITE 2018 OLIO EXTRA VERGINE DI OLIVA 375 ml Die Produktion folgt streng biologischen Vorgaben. Kaufen online I FONSVINUM\" \/>\n<meta property=\"og:url\" content=\"https:\/\/fonsvinum.com\/de\/produkt\/luce-della-vite-2018-olio-extra-vergine-di-oliva-375-ml\/\" \/>\n<meta property=\"og:site_name\" content=\"Fons Vinum\" \/>\n<meta property=\"article:modified_time\" content=\"2021-11-21T18:33:18+00:00\" \/>\n<meta property=\"og:image\" content=\"https:\/\/fonsvinum.com\/files\/2019\/05\/olio-luce-della-vite-4.jpg\" \/>\n\t<meta property=\"og:image:width\" content=\"225\" \/>\n\t<meta property=\"og:image:height\" content=\"225\" \/>\n\t<meta property=\"og:image:type\" content=\"image\/jpeg\" \/>\n<meta name=\"twitter:label1\" content=\"Gesch\u00e4tzte Lesezeit\" \/>\n\t<meta name=\"twitter:data1\" content=\"1\u00a0Minute\" \/>\n<script type=\"application\/ld+json\" class=\"yoast-schema-graph\">{\"@context\":\"https:\\\/\\\/schema.org\",\"@graph\":[{\"@type\":\"WebPage\",\"@id\":\"https:\\\/\\\/fonsvinum.com\\\/de\\\/produkt\\\/luce-della-vite-2018-olio-extra-vergine-di-oliva-375-ml\\\/\",\"url\":\"https:\\\/\\\/fonsvinum.com\\\/de\\\/produkt\\\/luce-della-vite-2018-olio-extra-vergine-di-oliva-375-ml\\\/\",\"name\":\"LUCE DELLA VITE 2018 OLIO EXTRA VERGINE DI OLIVA 375 ml\",\"isPartOf\":{\"@id\":\"https:\\\/\\\/fonsvinum.com\\\/en\\\/#website\"},\"primaryImageOfPage\":{\"@id\":\"https:\\\/\\\/fonsvinum.com\\\/de\\\/produkt\\\/luce-della-vite-2018-olio-extra-vergine-di-oliva-375-ml\\\/#primaryimage\"},\"image\":{\"@id\":\"https:\\\/\\\/fonsvinum.com\\\/de\\\/produkt\\\/luce-della-vite-2018-olio-extra-vergine-di-oliva-375-ml\\\/#primaryimage\"},\"thumbnailUrl\":\"https:\\\/\\\/fonsvinum.com\\\/files\\\/2019\\\/05\\\/olio-luce-della-vite-4.jpg\",\"datePublished\":\"2019-05-06T15:27:30+00:00\",\"dateModified\":\"2021-11-21T18:33:18+00:00\",\"description\":\"LUCE DELLA VITE 2018 OLIO EXTRA VERGINE DI OLIVA 375 ml Die Produktion folgt streng biologischen Vorgaben. Kaufen online I FONSVINUM\",\"breadcrumb\":{\"@id\":\"https:\\\/\\\/fonsvinum.com\\\/de\\\/produkt\\\/luce-della-vite-2018-olio-extra-vergine-di-oliva-375-ml\\\/#breadcrumb\"},\"inLanguage\":\"de\",\"potentialAction\":[{\"@type\":\"ReadAction\",\"target\":[\"https:\\\/\\\/fonsvinum.com\\\/de\\\/produkt\\\/luce-della-vite-2018-olio-extra-vergine-di-oliva-375-ml\\\/\"]}]},{\"@type\":\"ImageObject\",\"inLanguage\":\"de\",\"@id\":\"https:\\\/\\\/fonsvinum.com\\\/de\\\/produkt\\\/luce-della-vite-2018-olio-extra-vergine-di-oliva-375-ml\\\/#primaryimage\",\"url\":\"https:\\\/\\\/fonsvinum.com\\\/files\\\/2019\\\/05\\\/olio-luce-della-vite-4.jpg\",\"contentUrl\":\"https:\\\/\\\/fonsvinum.com\\\/files\\\/2019\\\/05\\\/olio-luce-della-vite-4.jpg\",\"width\":225,\"height\":225,\"caption\":\"olio luce della vite 4\"},{\"@type\":\"BreadcrumbList\",\"@id\":\"https:\\\/\\\/fonsvinum.com\\\/de\\\/produkt\\\/luce-della-vite-2018-olio-extra-vergine-di-oliva-375-ml\\\/#breadcrumb\",\"itemListElement\":[{\"@type\":\"ListItem\",\"position\":1,\"name\":\"Startseite\",\"item\":\"https:\\\/\\\/fonsvinum.com\\\/de\\\/\"},{\"@type\":\"ListItem\",\"position\":2,\"name\":\"Shop\",\"item\":\"https:\\\/\\\/fonsvinum.com\\\/de\\\/shop\\\/\"},{\"@type\":\"ListItem\",\"position\":3,\"name\":\"LUCE DELLA VITE 2018 OLIO EXTRA VERGINE DI OLIVA 375 ml\"}]},{\"@type\":\"WebSite\",\"@id\":\"https:\\\/\\\/fonsvinum.com\\\/en\\\/#website\",\"url\":\"https:\\\/\\\/fonsvinum.com\\\/en\\\/\",\"name\":\"Fons Vinum\",\"description\":\"Vendita Vino Online\",\"publisher\":{\"@id\":\"https:\\\/\\\/fonsvinum.com\\\/en\\\/#organization\"},\"potentialAction\":[{\"@type\":\"SearchAction\",\"target\":{\"@type\":\"EntryPoint\",\"urlTemplate\":\"https:\\\/\\\/fonsvinum.com\\\/en\\\/?s={search_term_string}\"},\"query-input\":{\"@type\":\"PropertyValueSpecification\",\"valueRequired\":true,\"valueName\":\"search_term_string\"}}],\"inLanguage\":\"de\"},{\"@type\":\"Organization\",\"@id\":\"https:\\\/\\\/fonsvinum.com\\\/en\\\/#organization\",\"name\":\"Fons Vinum\",\"url\":\"https:\\\/\\\/fonsvinum.com\\\/en\\\/\",\"logo\":{\"@type\":\"ImageObject\",\"inLanguage\":\"de\",\"@id\":\"https:\\\/\\\/fonsvinum.com\\\/en\\\/#\\\/schema\\\/logo\\\/image\\\/\",\"url\":\"\",\"contentUrl\":\"\",\"caption\":\"Fons Vinum\"},\"image\":{\"@id\":\"https:\\\/\\\/fonsvinum.com\\\/en\\\/#\\\/schema\\\/logo\\\/image\\\/\"}}]}<\/script>\n<!-- \/ Yoast SEO plugin. -->","yoast_head_json":{"title":"LUCE DELLA VITE 2018 OLIO EXTRA VERGINE DI OLIVA 375 ml","description":"LUCE DELLA VITE 2018 OLIO EXTRA VERGINE DI OLIVA 375 ml Die Produktion folgt streng biologischen Vorgaben. Kaufen online I FONSVINUM","robots":{"index":"index","follow":"follow","max-snippet":"max-snippet:-1","max-image-preview":"max-image-preview:large","max-video-preview":"max-video-preview:-1"},"canonical":"https:\/\/fonsvinum.com\/de\/produkt\/luce-della-vite-2018-olio-extra-vergine-di-oliva-375-ml\/","og_locale":"de_DE","og_type":"article","og_title":"LUCE DELLA VITE 2018 OLIO EXTRA VERGINE DI OLIVA 375 ml","og_description":"LUCE DELLA VITE 2018 OLIO EXTRA VERGINE DI OLIVA 375 ml Die Produktion folgt streng biologischen Vorgaben. Kaufen online I FONSVINUM","og_url":"https:\/\/fonsvinum.com\/de\/produkt\/luce-della-vite-2018-olio-extra-vergine-di-oliva-375-ml\/","og_site_name":"Fons Vinum","article_modified_time":"2021-11-21T18:33:18+00:00","og_image":[{"width":225,"height":225,"url":"https:\/\/fonsvinum.com\/files\/2019\/05\/olio-luce-della-vite-4.jpg","type":"image\/jpeg"}],"twitter_misc":{"Gesch\u00e4tzte Lesezeit":"1\u00a0Minute"},"schema":{"@context":"https:\/\/schema.org","@graph":[{"@type":"WebPage","@id":"https:\/\/fonsvinum.com\/de\/produkt\/luce-della-vite-2018-olio-extra-vergine-di-oliva-375-ml\/","url":"https:\/\/fonsvinum.com\/de\/produkt\/luce-della-vite-2018-olio-extra-vergine-di-oliva-375-ml\/","name":"LUCE DELLA VITE 2018 OLIO EXTRA VERGINE DI OLIVA 375 ml","isPartOf":{"@id":"https:\/\/fonsvinum.com\/en\/#website"},"primaryImageOfPage":{"@id":"https:\/\/fonsvinum.com\/de\/produkt\/luce-della-vite-2018-olio-extra-vergine-di-oliva-375-ml\/#primaryimage"},"image":{"@id":"https:\/\/fonsvinum.com\/de\/produkt\/luce-della-vite-2018-olio-extra-vergine-di-oliva-375-ml\/#primaryimage"},"thumbnailUrl":"https:\/\/fonsvinum.com\/files\/2019\/05\/olio-luce-della-vite-4.jpg","datePublished":"2019-05-06T15:27:30+00:00","dateModified":"2021-11-21T18:33:18+00:00","description":"LUCE DELLA VITE 2018 OLIO EXTRA VERGINE DI OLIVA 375 ml Die Produktion folgt streng biologischen Vorgaben. Kaufen online I FONSVINUM","breadcrumb":{"@id":"https:\/\/fonsvinum.com\/de\/produkt\/luce-della-vite-2018-olio-extra-vergine-di-oliva-375-ml\/#breadcrumb"},"inLanguage":"de","potentialAction":[{"@type":"ReadAction","target":["https:\/\/fonsvinum.com\/de\/produkt\/luce-della-vite-2018-olio-extra-vergine-di-oliva-375-ml\/"]}]},{"@type":"ImageObject","inLanguage":"de","@id":"https:\/\/fonsvinum.com\/de\/produkt\/luce-della-vite-2018-olio-extra-vergine-di-oliva-375-ml\/#primaryimage","url":"https:\/\/fonsvinum.com\/files\/2019\/05\/olio-luce-della-vite-4.jpg","contentUrl":"https:\/\/fonsvinum.com\/files\/2019\/05\/olio-luce-della-vite-4.jpg","width":225,"height":225,"caption":"olio luce della vite 4"},{"@type":"BreadcrumbList","@id":"https:\/\/fonsvinum.com\/de\/produkt\/luce-della-vite-2018-olio-extra-vergine-di-oliva-375-ml\/#breadcrumb","itemListElement":[{"@type":"ListItem","position":1,"name":"Startseite","item":"https:\/\/fonsvinum.com\/de\/"},{"@type":"ListItem","position":2,"name":"Shop","item":"https:\/\/fonsvinum.com\/de\/shop\/"},{"@type":"ListItem","position":3,"name":"LUCE DELLA VITE 2018 OLIO EXTRA VERGINE DI OLIVA 375 ml"}]},{"@type":"WebSite","@id":"https:\/\/fonsvinum.com\/en\/#website","url":"https:\/\/fonsvinum.com\/en\/","name":"Fons Vinum","description":"Vendita Vino Online","publisher":{"@id":"https:\/\/fonsvinum.com\/en\/#organization"},"potentialAction":[{"@type":"SearchAction","target":{"@type":"EntryPoint","urlTemplate":"https:\/\/fonsvinum.com\/en\/?s={search_term_string}"},"query-input":{"@type":"PropertyValueSpecification","valueRequired":true,"valueName":"search_term_string"}}],"inLanguage":"de"},{"@type":"Organization","@id":"https:\/\/fonsvinum.com\/en\/#organization","name":"Fons Vinum","url":"https:\/\/fonsvinum.com\/en\/","logo":{"@type":"ImageObject","inLanguage":"de","@id":"https:\/\/fonsvinum.com\/en\/#\/schema\/logo\/image\/","url":"","contentUrl":"","caption":"Fons Vinum"},"image":{"@id":"https:\/\/fonsvinum.com\/en\/#\/schema\/logo\/image\/"}}]}},"acf":[],"_links":{"self":[{"href":"https:\/\/fonsvinum.com\/de\/wp-json\/wp\/v2\/product\/19679","targetHints":{"allow":["GET"]}}],"collection":[{"href":"https:\/\/fonsvinum.com\/de\/wp-json\/wp\/v2\/product"}],"about":[{"href":"https:\/\/fonsvinum.com\/de\/wp-json\/wp\/v2\/types\/product"}],"replies":[{"embeddable":true,"href":"https:\/\/fonsvinum.com\/de\/wp-json\/wp\/v2\/comments?post=19679"}],"wp:featuredmedia":[{"embeddable":true,"href":"https:\/\/fonsvinum.com\/de\/wp-json\/wp\/v2\/media\/19685"}],"wp:attachment":[{"href":"https:\/\/fonsvinum.com\/de\/wp-json\/wp\/v2\/media?parent=19679"}],"wp:term":[{"taxonomy":"product_brand","embeddable":true,"href":"https:\/\/fonsvinum.com\/de\/wp-json\/wp\/v2\/product_brand?post=19679"},{"taxonomy":"product_cat","embeddable":true,"href":"https:\/\/fonsvinum.com\/de\/wp-json\/wp\/v2\/product_cat?post=19679"},{"taxonomy":"product_tag","embeddable":true,"href":"https:\/\/fonsvinum.com\/de\/wp-json\/wp\/v2\/product_tag?post=19679"}],"curies":[{"name":"wp","href":"https:\/\/api.w.org\/{rel}","templated":true}]}}