{"id":19553,"date":"2019-05-02T15:40:55","date_gmt":"2019-05-02T13:40:55","guid":{"rendered":"https:\/\/fonsvinum.com\/?post_type=product&#038;p=19553"},"modified":"2019-10-23T14:39:44","modified_gmt":"2019-10-23T12:39:44","slug":"barolo-2011-brezza","status":"publish","type":"product","link":"https:\/\/fonsvinum.com\/de\/produkt\/barolo-2011-brezza\/","title":{"rendered":"Barolo 2011 Brezza"},"content":{"rendered":"<h1>Barolo 2011 <a href=\"https:\/\/www.brezza.it\/de\/\">Brezza<\/a><\/h1>\n<p>Unser Agrarwirtschaftlicher Familienbetrieb, seit 1885 sind wir Eigent\u00fcmer von Weinbergen in Barolo, liegt nahe dem historischen Zentrum des kleinen Dorfes Barolo eingebettet in die h\u00fcgelige Landschaft der Weinberge, wie auch das angegliederte Restaurant Brezza und Hotel Barolo welche zu unserem Weingut geh\u00f6ren und sich in Familienbesitz befinden.<\/p>\n<p>Wir bewirtschaften ein Gesamtgebiet von 31 Hektar Grundfl\u00e4che, davon 20 Hektar Weinberge. Unsere Weine sind alle DOCG Denominazione di Origine Controllata e Garantita\u00a0 oder DOC Denominazione di Origine Controllata\u00a0 zertifiziert.<\/p>\n<h4>Kelterungsmethode<\/h4>\n<p>Die Kelterungsmethode entspricht jener unserer Einzel-Lagenweine, jedoch mit k\u00fcrzerer Maischeg\u00e4rung. Nach Meinung von Giovan Battista Croce, stammt der Name Nebbiolo aus dem Gebrauch des Adjektives \u201enobile\u201c ab; aus diesem Grund bauen wir unsere Barolo Weine gerne in gro\u00dfen F\u00e4ssern aus slawischer Eiche mit einem Fassungsverm\u00f6gen von 1500 \u2013 3000 . Niemals jedoch bauen wir Barolo in neuen F\u00e4ssern aus \u2013 in den ersten Jahren werden diese F\u00e4sser f\u00fcr den Barbera verwendet. Da wir den Nebbiolo f\u00fcr eine edle Rebsorte mit elegantem Entwicklungspotenzial halten.<\/p>\n<h5>Genusserlebnis \u2013 Kombination<\/h5>\n<p>Aus der Vielfalt der Barolo Weine die wir auf unserem Weingut produzieren, ist dies jener Wein der sich ideal f\u00fcr jeden Genie\u00dfer eignet um in die Welt des Barolo Weines einzusteigen. Mit einer feinen Struktur ausgestattet, ist dieser Barolo gew\u00f6hnlicherweise bereits als junger Wein sehr elegant und ausdrucksvoll in der Nase.<\/p>\n","protected":false},"excerpt":{"rendered":"<p>Barolo 2011 Brezza Unser Agrarwirtschaftlicher Familienbetrieb, seit 1885 sind wir Eigent\u00fcmer von Weinbergen in Barolo, liegt nahe dem historischen Zentrum des kleinen Dorfes Barolo eingebettet in die h\u00fcgelige Landschaft der Weinberge, wie auch das angegliederte Restaurant Brezza und Hotel Barolo welche zu unserem Weingut geh\u00f6ren und sich in Familienbesitz befinden. Wir bewirtschaften ein Gesamtgebiet von [&hellip;]<\/p>\n","protected":false},"featured_media":19559,"comment_status":"open","ping_status":"closed","template":"","meta":{"_acf_changed":false,"_monsterinsights_skip_tracking":false,"_monsterinsights_sitenote_active":false,"_monsterinsights_sitenote_note":"","_monsterinsights_sitenote_category":0},"product_brand":[],"product_cat":[1824],"product_tag":[15903],"class_list":{"0":"post-19553","1":"product","2":"type-product","3":"status-publish","4":"has-post-thumbnail","6":"product_cat-barolo-de","7":"product_tag-barolo-de","8":"pa_appellation-barolo-docg-de","9":"pa_formato-0-75-l-flasche-de","10":"pa_producer-azienda-brezza-de","11":"pa_region-piemont-de","12":"pa_vine-100-nebbiolo-de","13":"pa_vintage-2011-de","15":"first","16":"outofstock","17":"taxable","18":"shipping-taxable","19":"purchasable","20":"product-type-simple"},"bundled_by":[],"bundle_stock_status":"outofstock","bundle_stock_quantity":2,"bundle_virtual":false,"bundle_layout":"","bundle_add_to_cart_form_location":"","bundle_editable_in_cart":false,"bundle_sold_individually_context":"","bundle_item_grouping":"","bundle_min_size":"","bundle_max_size":"","bundle_price":[],"bundled_items":[],"bundle_sell_ids":[],"yoast_head":"<!-- This site is optimized with the Yoast SEO plugin v27.2 - https:\/\/yoast.com\/product\/yoast-seo-wordpress\/ -->\n<title>Barolo 2011 DOCG Brezza Kaufen online I Fonsvinum<\/title>\n<meta name=\"description\" content=\"Barolo 2011 Brezza nser Agrarwirtschaftlicher Familienbetrieb, seit 1885 sind wir Eigent\u00fcmer von Weinbergen in Barolo, liegt nahe dem historischen Zentrum\" \/>\n<meta name=\"robots\" content=\"index, follow, max-snippet:-1, max-image-preview:large, max-video-preview:-1\" \/>\n<link rel=\"canonical\" href=\"https:\/\/fonsvinum.com\/de\/produkt\/barolo-2011-brezza\/\" \/>\n<meta property=\"og:locale\" content=\"de_DE\" \/>\n<meta property=\"og:type\" content=\"article\" \/>\n<meta property=\"og:title\" content=\"Barolo 2011 DOCG Brezza Kaufen online I Fonsvinum\" \/>\n<meta property=\"og:description\" content=\"Barolo 2011 Brezza nser Agrarwirtschaftlicher Familienbetrieb, seit 1885 sind wir Eigent\u00fcmer von Weinbergen in Barolo, liegt nahe dem historischen Zentrum\" \/>\n<meta property=\"og:url\" content=\"https:\/\/fonsvinum.com\/de\/produkt\/barolo-2011-brezza\/\" \/>\n<meta property=\"og:site_name\" content=\"Fons Vinum\" \/>\n<meta property=\"article:modified_time\" content=\"2019-10-23T12:39:44+00:00\" \/>\n<meta property=\"og:image\" content=\"https:\/\/fonsvinum.com\/files\/2019\/05\/barolo-brezza.jpg\" \/>\n\t<meta property=\"og:image:width\" content=\"219\" \/>\n\t<meta property=\"og:image:height\" content=\"639\" \/>\n\t<meta property=\"og:image:type\" content=\"image\/jpeg\" \/>\n<meta name=\"twitter:label1\" content=\"Gesch\u00e4tzte Lesezeit\" \/>\n\t<meta name=\"twitter:data1\" content=\"1\u00a0Minute\" \/>\n<script type=\"application\/ld+json\" class=\"yoast-schema-graph\">{\"@context\":\"https:\/\/schema.org\",\"@graph\":[{\"@type\":\"WebPage\",\"@id\":\"https:\/\/fonsvinum.com\/de\/produkt\/barolo-2011-brezza\/\",\"url\":\"https:\/\/fonsvinum.com\/de\/produkt\/barolo-2011-brezza\/\",\"name\":\"Barolo 2011 DOCG Brezza Kaufen online I Fonsvinum\",\"isPartOf\":{\"@id\":\"https:\/\/fonsvinum.com\/en\/#website\"},\"primaryImageOfPage\":{\"@id\":\"https:\/\/fonsvinum.com\/de\/produkt\/barolo-2011-brezza\/#primaryimage\"},\"image\":{\"@id\":\"https:\/\/fonsvinum.com\/de\/produkt\/barolo-2011-brezza\/#primaryimage\"},\"thumbnailUrl\":\"https:\/\/fonsvinum.com\/files\/2019\/05\/barolo-brezza.jpg\",\"datePublished\":\"2019-05-02T13:40:55+00:00\",\"dateModified\":\"2019-10-23T12:39:44+00:00\",\"description\":\"Barolo 2011 Brezza nser Agrarwirtschaftlicher Familienbetrieb, seit 1885 sind wir Eigent\u00fcmer von Weinbergen in Barolo, liegt nahe dem historischen Zentrum\",\"breadcrumb\":{\"@id\":\"https:\/\/fonsvinum.com\/de\/produkt\/barolo-2011-brezza\/#breadcrumb\"},\"inLanguage\":\"de\",\"potentialAction\":[{\"@type\":\"ReadAction\",\"target\":[\"https:\/\/fonsvinum.com\/de\/produkt\/barolo-2011-brezza\/\"]}]},{\"@type\":\"ImageObject\",\"inLanguage\":\"de\",\"@id\":\"https:\/\/fonsvinum.com\/de\/produkt\/barolo-2011-brezza\/#primaryimage\",\"url\":\"https:\/\/fonsvinum.com\/files\/2019\/05\/barolo-brezza.jpg\",\"contentUrl\":\"https:\/\/fonsvinum.com\/files\/2019\/05\/barolo-brezza.jpg\",\"width\":219,\"height\":639,\"caption\":\"barolo-brezza\"},{\"@type\":\"BreadcrumbList\",\"@id\":\"https:\/\/fonsvinum.com\/de\/produkt\/barolo-2011-brezza\/#breadcrumb\",\"itemListElement\":[{\"@type\":\"ListItem\",\"position\":1,\"name\":\"Startseite\",\"item\":\"https:\/\/fonsvinum.com\/de\/\"},{\"@type\":\"ListItem\",\"position\":2,\"name\":\"Shop\",\"item\":\"https:\/\/fonsvinum.com\/de\/shop\/\"},{\"@type\":\"ListItem\",\"position\":3,\"name\":\"Barolo 2011 Brezza\"}]},{\"@type\":\"WebSite\",\"@id\":\"https:\/\/fonsvinum.com\/en\/#website\",\"url\":\"https:\/\/fonsvinum.com\/en\/\",\"name\":\"Fons Vinum\",\"description\":\"Vendita Vino Online\",\"publisher\":{\"@id\":\"https:\/\/fonsvinum.com\/en\/#organization\"},\"potentialAction\":[{\"@type\":\"SearchAction\",\"target\":{\"@type\":\"EntryPoint\",\"urlTemplate\":\"https:\/\/fonsvinum.com\/en\/?s={search_term_string}\"},\"query-input\":{\"@type\":\"PropertyValueSpecification\",\"valueRequired\":true,\"valueName\":\"search_term_string\"}}],\"inLanguage\":\"de\"},{\"@type\":\"Organization\",\"@id\":\"https:\/\/fonsvinum.com\/en\/#organization\",\"name\":\"Fons Vinum\",\"url\":\"https:\/\/fonsvinum.com\/en\/\",\"logo\":{\"@type\":\"ImageObject\",\"inLanguage\":\"de\",\"@id\":\"https:\/\/fonsvinum.com\/en\/#\/schema\/logo\/image\/\",\"url\":\"\",\"contentUrl\":\"\",\"caption\":\"Fons Vinum\"},\"image\":{\"@id\":\"https:\/\/fonsvinum.com\/en\/#\/schema\/logo\/image\/\"}}]}<\/script>\n<!-- \/ Yoast SEO plugin. -->","yoast_head_json":{"title":"Barolo 2011 DOCG Brezza Kaufen online I Fonsvinum","description":"Barolo 2011 Brezza nser Agrarwirtschaftlicher Familienbetrieb, seit 1885 sind wir Eigent\u00fcmer von Weinbergen in Barolo, liegt nahe dem historischen Zentrum","robots":{"index":"index","follow":"follow","max-snippet":"max-snippet:-1","max-image-preview":"max-image-preview:large","max-video-preview":"max-video-preview:-1"},"canonical":"https:\/\/fonsvinum.com\/de\/produkt\/barolo-2011-brezza\/","og_locale":"de_DE","og_type":"article","og_title":"Barolo 2011 DOCG Brezza Kaufen online I Fonsvinum","og_description":"Barolo 2011 Brezza nser Agrarwirtschaftlicher Familienbetrieb, seit 1885 sind wir Eigent\u00fcmer von Weinbergen in Barolo, liegt nahe dem historischen Zentrum","og_url":"https:\/\/fonsvinum.com\/de\/produkt\/barolo-2011-brezza\/","og_site_name":"Fons Vinum","article_modified_time":"2019-10-23T12:39:44+00:00","og_image":[{"width":219,"height":639,"url":"https:\/\/fonsvinum.com\/files\/2019\/05\/barolo-brezza.jpg","type":"image\/jpeg"}],"twitter_misc":{"Gesch\u00e4tzte Lesezeit":"1\u00a0Minute"},"schema":{"@context":"https:\/\/schema.org","@graph":[{"@type":"WebPage","@id":"https:\/\/fonsvinum.com\/de\/produkt\/barolo-2011-brezza\/","url":"https:\/\/fonsvinum.com\/de\/produkt\/barolo-2011-brezza\/","name":"Barolo 2011 DOCG Brezza Kaufen online I Fonsvinum","isPartOf":{"@id":"https:\/\/fonsvinum.com\/en\/#website"},"primaryImageOfPage":{"@id":"https:\/\/fonsvinum.com\/de\/produkt\/barolo-2011-brezza\/#primaryimage"},"image":{"@id":"https:\/\/fonsvinum.com\/de\/produkt\/barolo-2011-brezza\/#primaryimage"},"thumbnailUrl":"https:\/\/fonsvinum.com\/files\/2019\/05\/barolo-brezza.jpg","datePublished":"2019-05-02T13:40:55+00:00","dateModified":"2019-10-23T12:39:44+00:00","description":"Barolo 2011 Brezza nser Agrarwirtschaftlicher Familienbetrieb, seit 1885 sind wir Eigent\u00fcmer von Weinbergen in Barolo, liegt nahe dem historischen Zentrum","breadcrumb":{"@id":"https:\/\/fonsvinum.com\/de\/produkt\/barolo-2011-brezza\/#breadcrumb"},"inLanguage":"de","potentialAction":[{"@type":"ReadAction","target":["https:\/\/fonsvinum.com\/de\/produkt\/barolo-2011-brezza\/"]}]},{"@type":"ImageObject","inLanguage":"de","@id":"https:\/\/fonsvinum.com\/de\/produkt\/barolo-2011-brezza\/#primaryimage","url":"https:\/\/fonsvinum.com\/files\/2019\/05\/barolo-brezza.jpg","contentUrl":"https:\/\/fonsvinum.com\/files\/2019\/05\/barolo-brezza.jpg","width":219,"height":639,"caption":"barolo-brezza"},{"@type":"BreadcrumbList","@id":"https:\/\/fonsvinum.com\/de\/produkt\/barolo-2011-brezza\/#breadcrumb","itemListElement":[{"@type":"ListItem","position":1,"name":"Startseite","item":"https:\/\/fonsvinum.com\/de\/"},{"@type":"ListItem","position":2,"name":"Shop","item":"https:\/\/fonsvinum.com\/de\/shop\/"},{"@type":"ListItem","position":3,"name":"Barolo 2011 Brezza"}]},{"@type":"WebSite","@id":"https:\/\/fonsvinum.com\/en\/#website","url":"https:\/\/fonsvinum.com\/en\/","name":"Fons Vinum","description":"Vendita Vino Online","publisher":{"@id":"https:\/\/fonsvinum.com\/en\/#organization"},"potentialAction":[{"@type":"SearchAction","target":{"@type":"EntryPoint","urlTemplate":"https:\/\/fonsvinum.com\/en\/?s={search_term_string}"},"query-input":{"@type":"PropertyValueSpecification","valueRequired":true,"valueName":"search_term_string"}}],"inLanguage":"de"},{"@type":"Organization","@id":"https:\/\/fonsvinum.com\/en\/#organization","name":"Fons Vinum","url":"https:\/\/fonsvinum.com\/en\/","logo":{"@type":"ImageObject","inLanguage":"de","@id":"https:\/\/fonsvinum.com\/en\/#\/schema\/logo\/image\/","url":"","contentUrl":"","caption":"Fons Vinum"},"image":{"@id":"https:\/\/fonsvinum.com\/en\/#\/schema\/logo\/image\/"}}]}},"acf":[],"_links":{"self":[{"href":"https:\/\/fonsvinum.com\/de\/wp-json\/wp\/v2\/product\/19553","targetHints":{"allow":["GET"]}}],"collection":[{"href":"https:\/\/fonsvinum.com\/de\/wp-json\/wp\/v2\/product"}],"about":[{"href":"https:\/\/fonsvinum.com\/de\/wp-json\/wp\/v2\/types\/product"}],"replies":[{"embeddable":true,"href":"https:\/\/fonsvinum.com\/de\/wp-json\/wp\/v2\/comments?post=19553"}],"wp:featuredmedia":[{"embeddable":true,"href":"https:\/\/fonsvinum.com\/de\/wp-json\/wp\/v2\/media\/19559"}],"wp:attachment":[{"href":"https:\/\/fonsvinum.com\/de\/wp-json\/wp\/v2\/media?parent=19553"}],"wp:term":[{"taxonomy":"product_brand","embeddable":true,"href":"https:\/\/fonsvinum.com\/de\/wp-json\/wp\/v2\/product_brand?post=19553"},{"taxonomy":"product_cat","embeddable":true,"href":"https:\/\/fonsvinum.com\/de\/wp-json\/wp\/v2\/product_cat?post=19553"},{"taxonomy":"product_tag","embeddable":true,"href":"https:\/\/fonsvinum.com\/de\/wp-json\/wp\/v2\/product_tag?post=19553"}],"curies":[{"name":"wp","href":"https:\/\/api.w.org\/{rel}","templated":true}]}}