{"id":19485,"date":"2019-04-30T11:55:10","date_gmt":"2019-04-30T09:55:10","guid":{"rendered":"https:\/\/fonsvinum.com\/?post_type=product&#038;p=19485"},"modified":"2020-07-01T09:21:29","modified_gmt":"2020-07-01T07:21:29","slug":"6-flashen-solo-pinot-nero-2016-tenuta-il-falchetto","status":"publish","type":"product","link":"https:\/\/fonsvinum.com\/de\/produkt\/6-flashen-solo-pinot-nero-2016-tenuta-il-falchetto\/","title":{"rendered":"6 Flashen Solo PINOT NERO 2016 Tenuta Il Falchetto"},"content":{"rendered":"<h1>6 Flashen Solo PINOT NERO 2016 Tenuta Il Falchetto<\/h1>\n<p>Die ersten Dokumente \u00fcber die Familie Forno aus Santo Stefano Belbo gehen auf die Mitte des siebzehnten Jahrhunderts zur\u00fcck: Man kann heute noch auf alten Karten die &#8222;Cascina Forno&#8220;, auch unter der Bezeichnung &#8222;Tenuta Il Falchetto&#8220;, finden. Schon 1940 begann Pietro Forno, der aus einer Landwirtsfamilie kam, die sich bereits seit vier Generationen dem Weinanbau widmete, mit der Produktion der ersten Flaschen Moscato.<\/p>\n<p>Ende der 70er Jahre \u00fcbergab Pietro seinen Kindern Natalino und Luigi die Z\u00fcgel, welche dann den Keller erneuerten und neuartiges Equipment f\u00fcr die Weinherstellung und G\u00e4rung einf\u00fchrten und den Herstellungsprozess verfeinerten und verbesserten, nat\u00fcrlich immer mit dem h\u00f6chsten Respekt f\u00fcr die Tradition ihres Landes.<\/p>\n<p>Haupth\u00fcgelgebiete des Piemonts Haupth\u00fcgelgebiete des Piemonts<\/p>\n<p>Heute leiten stolz die Br\u00fcder Giorgio, Fabrizio und Adriano Forno den Betrieb, der jetzt aus drei Weing\u00fctern In der Provinz Cuneo in den Gemeinden Santo Stefano Belbo und Castiglione Tanella und drei in der Provinz Asti in den Gemeinden Agliano Terme und Calosso besteht, in denen neun verschiedene typische und internationale Rebsorten angebaut werden.<\/p>\n<p>Auf dem Weinberg wird jeder Anbauschritt sorgf\u00e4ltig begleitet \u2013 vom Winterschnitt bis zur Ausd\u00fcnnung der Trauben im Sommer, wobei es sich um eine Arbeit handelt, die per Hand ausgef\u00fchrt wird, um die Menge und Qualit\u00e4t der Trauben an jeder einzelnen Pflanze gut kontrollieren zu k\u00f6nnen.<\/p>\n<p>Die \u00fcbrigen Trauben reifen damit einheitlich und sind viel reicher an Duft und Farbe. Die Weinlese erfolgt manuell in den Weinbergen.<\/p>\n<h4>Der Weine<\/h4>\n<ul>\n<li>Der Solo stammt zu 100% aus kompakten Pinot Noir-Trauben. Unsere Weinberge liegen in Agliano Terme und Calosso: Aus diesen H\u00fcgeln entsteht ein strukturierter, k\u00f6rperreicher, jedoch feiner und komplexer<br \/>\nWein, dem das Gebiet die besten Eigenschaften schenkt.<br \/>\nEr reift 10 Monate in kleinen franz\u00f6sischen Eichenholzf\u00e4ssern.<\/li>\n<li>Im Glas pr\u00e4sentiert er sich rubinrot, die Nase ist breit und intensiv mit Noten von reifer Frucht, Gew\u00fcrznelken und Pfeffer.<\/li>\n<li>Im Mund ist er intensiv, weich<br \/>\nund nachhaltig mit eleganten, milden Tanninen, die den Wein angenehm und harmonisch machen. Er begleitet mittelreife K\u00e4sesorten, Rindfleisch und k\u00f6stliche<br \/>\nFischgerichte.<\/li>\n<\/ul>\n","protected":false},"excerpt":{"rendered":"<p>6 Flashen Solo PINOT NERO 2016 Tenuta Il Falchetto Die ersten Dokumente \u00fcber die Familie Forno aus Santo Stefano Belbo gehen auf die Mitte des siebzehnten Jahrhunderts zur\u00fcck: Man kann heute noch auf alten Karten die &#8222;Cascina Forno&#8220;, auch unter der Bezeichnung &#8222;Tenuta Il Falchetto&#8220;, finden. Schon 1940 begann Pietro Forno, der aus einer Landwirtsfamilie [&hellip;]<\/p>\n","protected":false},"featured_media":19493,"comment_status":"open","ping_status":"closed","template":"","meta":{"_acf_changed":false,"_monsterinsights_skip_tracking":false,"_monsterinsights_sitenote_active":false,"_monsterinsights_sitenote_note":"","_monsterinsights_sitenote_category":0},"product_brand":[],"product_cat":[2362,2332],"product_tag":[1751,2418],"class_list":{"0":"post-19485","1":"product","2":"type-product","3":"status-publish","4":"has-post-thumbnail","6":"product_cat-pinot-nero-de","7":"product_cat-rotweine-de","8":"product_tag-aussergewoehnliche-weine-aus-italien-de","9":"product_tag-kleine-weinzeuger-de","10":"pa_appellation-moscato-dasti-docg-de","11":"pa_formato-0-75-l-flasche-de","12":"pa_producer-tenuta-il-falchetto-de","13":"pa_region-piemont-de","14":"pa_vine-100-pinot-nero-de-de","15":"pa_vintage-2018-de","17":"first","18":"outofstock","19":"taxable","20":"shipping-taxable","21":"purchasable","22":"product-type-simple"},"bundled_by":[],"bundle_stock_status":"outofstock","bundle_stock_quantity":0,"bundle_virtual":false,"bundle_layout":"","bundle_add_to_cart_form_location":"","bundle_editable_in_cart":false,"bundle_sold_individually_context":"","bundle_item_grouping":"","bundle_min_size":"","bundle_max_size":"","bundle_price":[],"bundled_items":[],"bundle_sell_ids":[],"yoast_head":"<!-- This site is optimized with the Yoast SEO plugin v27.2 - https:\/\/yoast.com\/product\/yoast-seo-wordpress\/ -->\n<title>6 Flashen Solo PINOT NERO 2016 Tenuta Il Falchetto Kaufen online<\/title>\n<meta name=\"description\" content=\"6 Flashen Solo PINOT NERO 2016 Tenuta Il Falchetto Der Solo stammt zu 100% aus kompakten Pinot Noir-Trauben. Unsere Weinerge liegen in Agliano Terme\" \/>\n<meta name=\"robots\" content=\"index, follow, max-snippet:-1, max-image-preview:large, max-video-preview:-1\" \/>\n<link rel=\"canonical\" href=\"https:\/\/fonsvinum.com\/de\/produkt\/6-flashen-solo-pinot-nero-2016-tenuta-il-falchetto\/\" \/>\n<meta property=\"og:locale\" content=\"de_DE\" \/>\n<meta property=\"og:type\" content=\"article\" \/>\n<meta property=\"og:title\" content=\"6 Flashen Solo PINOT NERO 2016 Tenuta Il Falchetto Kaufen online\" \/>\n<meta property=\"og:description\" content=\"6 Flashen Solo PINOT NERO 2016 Tenuta Il Falchetto Der Solo stammt zu 100% aus kompakten Pinot Noir-Trauben. Unsere Weinerge liegen in Agliano Terme\" \/>\n<meta property=\"og:url\" content=\"https:\/\/fonsvinum.com\/de\/produkt\/6-flashen-solo-pinot-nero-2016-tenuta-il-falchetto\/\" \/>\n<meta property=\"og:site_name\" content=\"Fons Vinum\" \/>\n<meta property=\"article:modified_time\" content=\"2020-07-01T07:21:29+00:00\" \/>\n<meta property=\"og:image\" content=\"https:\/\/fonsvinum.com\/files\/2019\/04\/solo-pinot-nero-tenuta-il-falchetto.jpg\" \/>\n\t<meta property=\"og:image:width\" content=\"249\" \/>\n\t<meta property=\"og:image:height\" content=\"800\" \/>\n\t<meta property=\"og:image:type\" content=\"image\/jpeg\" \/>\n<meta name=\"twitter:label1\" content=\"Gesch\u00e4tzte Lesezeit\" \/>\n\t<meta name=\"twitter:data1\" content=\"2\u00a0Minuten\" \/>\n<script type=\"application\/ld+json\" class=\"yoast-schema-graph\">{\"@context\":\"https:\/\/schema.org\",\"@graph\":[{\"@type\":\"WebPage\",\"@id\":\"https:\/\/fonsvinum.com\/de\/produkt\/6-flashen-solo-pinot-nero-2016-tenuta-il-falchetto\/\",\"url\":\"https:\/\/fonsvinum.com\/de\/produkt\/6-flashen-solo-pinot-nero-2016-tenuta-il-falchetto\/\",\"name\":\"6 Flashen Solo PINOT NERO 2016 Tenuta Il Falchetto Kaufen online\",\"isPartOf\":{\"@id\":\"https:\/\/fonsvinum.com\/en\/#website\"},\"primaryImageOfPage\":{\"@id\":\"https:\/\/fonsvinum.com\/de\/produkt\/6-flashen-solo-pinot-nero-2016-tenuta-il-falchetto\/#primaryimage\"},\"image\":{\"@id\":\"https:\/\/fonsvinum.com\/de\/produkt\/6-flashen-solo-pinot-nero-2016-tenuta-il-falchetto\/#primaryimage\"},\"thumbnailUrl\":\"https:\/\/fonsvinum.com\/files\/2019\/04\/solo-pinot-nero-tenuta-il-falchetto.jpg\",\"datePublished\":\"2019-04-30T09:55:10+00:00\",\"dateModified\":\"2020-07-01T07:21:29+00:00\",\"description\":\"6 Flashen Solo PINOT NERO 2016 Tenuta Il Falchetto Der Solo stammt zu 100% aus kompakten Pinot Noir-Trauben. Unsere Weinerge liegen in Agliano Terme\",\"breadcrumb\":{\"@id\":\"https:\/\/fonsvinum.com\/de\/produkt\/6-flashen-solo-pinot-nero-2016-tenuta-il-falchetto\/#breadcrumb\"},\"inLanguage\":\"de\",\"potentialAction\":[{\"@type\":\"ReadAction\",\"target\":[\"https:\/\/fonsvinum.com\/de\/produkt\/6-flashen-solo-pinot-nero-2016-tenuta-il-falchetto\/\"]}]},{\"@type\":\"ImageObject\",\"inLanguage\":\"de\",\"@id\":\"https:\/\/fonsvinum.com\/de\/produkt\/6-flashen-solo-pinot-nero-2016-tenuta-il-falchetto\/#primaryimage\",\"url\":\"https:\/\/fonsvinum.com\/files\/2019\/04\/solo-pinot-nero-tenuta-il-falchetto.jpg\",\"contentUrl\":\"https:\/\/fonsvinum.com\/files\/2019\/04\/solo-pinot-nero-tenuta-il-falchetto.jpg\",\"width\":249,\"height\":800,\"caption\":\"solo-pinot-nero-tenuta-il-falchetto\"},{\"@type\":\"BreadcrumbList\",\"@id\":\"https:\/\/fonsvinum.com\/de\/produkt\/6-flashen-solo-pinot-nero-2016-tenuta-il-falchetto\/#breadcrumb\",\"itemListElement\":[{\"@type\":\"ListItem\",\"position\":1,\"name\":\"Startseite\",\"item\":\"https:\/\/fonsvinum.com\/de\/\"},{\"@type\":\"ListItem\",\"position\":2,\"name\":\"Shop\",\"item\":\"https:\/\/fonsvinum.com\/de\/shop\/\"},{\"@type\":\"ListItem\",\"position\":3,\"name\":\"6 Flashen Solo PINOT NERO 2016 Tenuta Il Falchetto\"}]},{\"@type\":\"WebSite\",\"@id\":\"https:\/\/fonsvinum.com\/en\/#website\",\"url\":\"https:\/\/fonsvinum.com\/en\/\",\"name\":\"Fons Vinum\",\"description\":\"Vendita Vino Online\",\"publisher\":{\"@id\":\"https:\/\/fonsvinum.com\/en\/#organization\"},\"potentialAction\":[{\"@type\":\"SearchAction\",\"target\":{\"@type\":\"EntryPoint\",\"urlTemplate\":\"https:\/\/fonsvinum.com\/en\/?s={search_term_string}\"},\"query-input\":{\"@type\":\"PropertyValueSpecification\",\"valueRequired\":true,\"valueName\":\"search_term_string\"}}],\"inLanguage\":\"de\"},{\"@type\":\"Organization\",\"@id\":\"https:\/\/fonsvinum.com\/en\/#organization\",\"name\":\"Fons Vinum\",\"url\":\"https:\/\/fonsvinum.com\/en\/\",\"logo\":{\"@type\":\"ImageObject\",\"inLanguage\":\"de\",\"@id\":\"https:\/\/fonsvinum.com\/en\/#\/schema\/logo\/image\/\",\"url\":\"\",\"contentUrl\":\"\",\"caption\":\"Fons Vinum\"},\"image\":{\"@id\":\"https:\/\/fonsvinum.com\/en\/#\/schema\/logo\/image\/\"}}]}<\/script>\n<!-- \/ Yoast SEO plugin. -->","yoast_head_json":{"title":"6 Flashen Solo PINOT NERO 2016 Tenuta Il Falchetto Kaufen online","description":"6 Flashen Solo PINOT NERO 2016 Tenuta Il Falchetto Der Solo stammt zu 100% aus kompakten Pinot Noir-Trauben. Unsere Weinerge liegen in Agliano Terme","robots":{"index":"index","follow":"follow","max-snippet":"max-snippet:-1","max-image-preview":"max-image-preview:large","max-video-preview":"max-video-preview:-1"},"canonical":"https:\/\/fonsvinum.com\/de\/produkt\/6-flashen-solo-pinot-nero-2016-tenuta-il-falchetto\/","og_locale":"de_DE","og_type":"article","og_title":"6 Flashen Solo PINOT NERO 2016 Tenuta Il Falchetto Kaufen online","og_description":"6 Flashen Solo PINOT NERO 2016 Tenuta Il Falchetto Der Solo stammt zu 100% aus kompakten Pinot Noir-Trauben. Unsere Weinerge liegen in Agliano Terme","og_url":"https:\/\/fonsvinum.com\/de\/produkt\/6-flashen-solo-pinot-nero-2016-tenuta-il-falchetto\/","og_site_name":"Fons Vinum","article_modified_time":"2020-07-01T07:21:29+00:00","og_image":[{"width":249,"height":800,"url":"https:\/\/fonsvinum.com\/files\/2019\/04\/solo-pinot-nero-tenuta-il-falchetto.jpg","type":"image\/jpeg"}],"twitter_misc":{"Gesch\u00e4tzte Lesezeit":"2\u00a0Minuten"},"schema":{"@context":"https:\/\/schema.org","@graph":[{"@type":"WebPage","@id":"https:\/\/fonsvinum.com\/de\/produkt\/6-flashen-solo-pinot-nero-2016-tenuta-il-falchetto\/","url":"https:\/\/fonsvinum.com\/de\/produkt\/6-flashen-solo-pinot-nero-2016-tenuta-il-falchetto\/","name":"6 Flashen Solo PINOT NERO 2016 Tenuta Il Falchetto Kaufen online","isPartOf":{"@id":"https:\/\/fonsvinum.com\/en\/#website"},"primaryImageOfPage":{"@id":"https:\/\/fonsvinum.com\/de\/produkt\/6-flashen-solo-pinot-nero-2016-tenuta-il-falchetto\/#primaryimage"},"image":{"@id":"https:\/\/fonsvinum.com\/de\/produkt\/6-flashen-solo-pinot-nero-2016-tenuta-il-falchetto\/#primaryimage"},"thumbnailUrl":"https:\/\/fonsvinum.com\/files\/2019\/04\/solo-pinot-nero-tenuta-il-falchetto.jpg","datePublished":"2019-04-30T09:55:10+00:00","dateModified":"2020-07-01T07:21:29+00:00","description":"6 Flashen Solo PINOT NERO 2016 Tenuta Il Falchetto Der Solo stammt zu 100% aus kompakten Pinot Noir-Trauben. Unsere Weinerge liegen in Agliano Terme","breadcrumb":{"@id":"https:\/\/fonsvinum.com\/de\/produkt\/6-flashen-solo-pinot-nero-2016-tenuta-il-falchetto\/#breadcrumb"},"inLanguage":"de","potentialAction":[{"@type":"ReadAction","target":["https:\/\/fonsvinum.com\/de\/produkt\/6-flashen-solo-pinot-nero-2016-tenuta-il-falchetto\/"]}]},{"@type":"ImageObject","inLanguage":"de","@id":"https:\/\/fonsvinum.com\/de\/produkt\/6-flashen-solo-pinot-nero-2016-tenuta-il-falchetto\/#primaryimage","url":"https:\/\/fonsvinum.com\/files\/2019\/04\/solo-pinot-nero-tenuta-il-falchetto.jpg","contentUrl":"https:\/\/fonsvinum.com\/files\/2019\/04\/solo-pinot-nero-tenuta-il-falchetto.jpg","width":249,"height":800,"caption":"solo-pinot-nero-tenuta-il-falchetto"},{"@type":"BreadcrumbList","@id":"https:\/\/fonsvinum.com\/de\/produkt\/6-flashen-solo-pinot-nero-2016-tenuta-il-falchetto\/#breadcrumb","itemListElement":[{"@type":"ListItem","position":1,"name":"Startseite","item":"https:\/\/fonsvinum.com\/de\/"},{"@type":"ListItem","position":2,"name":"Shop","item":"https:\/\/fonsvinum.com\/de\/shop\/"},{"@type":"ListItem","position":3,"name":"6 Flashen Solo PINOT NERO 2016 Tenuta Il Falchetto"}]},{"@type":"WebSite","@id":"https:\/\/fonsvinum.com\/en\/#website","url":"https:\/\/fonsvinum.com\/en\/","name":"Fons Vinum","description":"Vendita Vino Online","publisher":{"@id":"https:\/\/fonsvinum.com\/en\/#organization"},"potentialAction":[{"@type":"SearchAction","target":{"@type":"EntryPoint","urlTemplate":"https:\/\/fonsvinum.com\/en\/?s={search_term_string}"},"query-input":{"@type":"PropertyValueSpecification","valueRequired":true,"valueName":"search_term_string"}}],"inLanguage":"de"},{"@type":"Organization","@id":"https:\/\/fonsvinum.com\/en\/#organization","name":"Fons Vinum","url":"https:\/\/fonsvinum.com\/en\/","logo":{"@type":"ImageObject","inLanguage":"de","@id":"https:\/\/fonsvinum.com\/en\/#\/schema\/logo\/image\/","url":"","contentUrl":"","caption":"Fons Vinum"},"image":{"@id":"https:\/\/fonsvinum.com\/en\/#\/schema\/logo\/image\/"}}]}},"acf":[],"_links":{"self":[{"href":"https:\/\/fonsvinum.com\/de\/wp-json\/wp\/v2\/product\/19485","targetHints":{"allow":["GET"]}}],"collection":[{"href":"https:\/\/fonsvinum.com\/de\/wp-json\/wp\/v2\/product"}],"about":[{"href":"https:\/\/fonsvinum.com\/de\/wp-json\/wp\/v2\/types\/product"}],"replies":[{"embeddable":true,"href":"https:\/\/fonsvinum.com\/de\/wp-json\/wp\/v2\/comments?post=19485"}],"wp:featuredmedia":[{"embeddable":true,"href":"https:\/\/fonsvinum.com\/de\/wp-json\/wp\/v2\/media\/19493"}],"wp:attachment":[{"href":"https:\/\/fonsvinum.com\/de\/wp-json\/wp\/v2\/media?parent=19485"}],"wp:term":[{"taxonomy":"product_brand","embeddable":true,"href":"https:\/\/fonsvinum.com\/de\/wp-json\/wp\/v2\/product_brand?post=19485"},{"taxonomy":"product_cat","embeddable":true,"href":"https:\/\/fonsvinum.com\/de\/wp-json\/wp\/v2\/product_cat?post=19485"},{"taxonomy":"product_tag","embeddable":true,"href":"https:\/\/fonsvinum.com\/de\/wp-json\/wp\/v2\/product_tag?post=19485"}],"curies":[{"name":"wp","href":"https:\/\/api.w.org\/{rel}","templated":true}]}}