{"id":19189,"date":"2019-04-10T11:34:58","date_gmt":"2019-04-10T09:34:58","guid":{"rendered":"https:\/\/fonsvinum.com\/?post_type=product&#038;p=19189"},"modified":"2020-01-21T09:37:56","modified_gmt":"2020-01-21T08:37:56","slug":"ornellaia-2016","status":"publish","type":"product","link":"https:\/\/fonsvinum.com\/de\/produkt\/ornellaia-2016\/","title":{"rendered":"ORNELLAIA 2016"},"content":{"rendered":"<h1><a href=\"http:\/\/www.ornellaia.com\/de\/\">ORNELLAIA<\/a> 2016<\/h1>\n<p>52% Cabernet Sauvignon, 22% Merlot, 21% Cabernet Franc, 5% Petit Verdot, im Barrique ausgebaut. Excellente Cuv\u00e9e mit der feinen W\u00fcrze vollreifer Fr\u00fcchte, in Verbindung mit Akzenten aromatischer Kr\u00e4uter oder Schokolade; mit einem zarten und seidigen Tannin.<\/p>\n<h3 class=\"uk-accordion-title uk-active\">DIE VEGETATIONSPERIODE 2016<\/h3>\n<p>Der Winter 2016 war, was zunehmend zur Norm zu werden scheint, von ungew\u00f6hnlich warmem Wetter und viel Regen im Februar gepr\u00e4gt.<\/p>\n<p>Die Reben trieben p\u00fcnktlich in der letzten M\u00e4rzwoche aus. Der ausreichend durchn\u00e4sste Boden und das warme Wetter im April unterst\u00fctzten ein schnelles und normales vegetatives Wachstum.<\/p>\n<p>Gegen Anfang Mai normalisierten sich die Temperaturen und verlangsamten das Wachstum, bevor die Bl\u00fctephase in der letzten Maiwoche mit trockenem und sonnigem Wetter begann.<\/p>\n<p>Auch die \u00fcblichen St\u00fcrme w\u00e4hrend den Augustferien blieben aus, was zu einem Trockenstress in der ersten H\u00e4lfte der Erntezeit f\u00fchrte.<\/p>\n<p>Gl\u00fccklicherweise waren die Temperaturen w\u00e4hrend der Nacht deutlich k\u00fchler, sodass die Reben sich von der Tageshitze erholen konnten.<\/p>\n<p>Die Reifung war gleichm\u00e4\u00dfig und die Trauben entwickelten ein exzellentes phenolisches Potential und ein ausgeglichenes Verh\u00e4ltnis von Zucker und S\u00e4ure.<\/p>\n<p>Die Ernte begann am 24. August fr\u00fch mit den jungen Merlotreben. Mitte September gab es einige Regenschauer, die es erm\u00f6glichten, die Ernte unter nahezu perfekten sonnigen, aber m\u00e4\u00dfig warmen Bedingungen und mit ausreichend Wasser im Boden abzuschlie\u00dfen.<\/p>\n<p>Die Ernte wurde am 12. Oktober mit dem letzten Cabernet Sauvignon und Petit Verdot beendet.<\/p>\n<h3>VINIFIKATION UND AUSBAU<\/h3>\n<p>Die Trauben wurden von Hand in 15 kg Kisten geerntet und vor und nach dem Entrappen auf dem doppelten Auswahltisch selektiert, und anschlie\u00dfend leicht angequetscht.<\/p>\n<p>Jede Rebsorte und jede Weinbergsparzelle wurde separat vinifiziert. Auf die zwei Wochen lange alkoholische G\u00e4rung in Stahltanks bei Temperaturen von 26-30\u00b0C folgte eine Maischestandzeit von insgesamt circa 10-15 Tagen.<\/p>\n<p>Die malolaktische G\u00e4rung vollzog sich haupts\u00e4chlich in Eichenbarriques .<\/p>\n<p>Der Wein reifte circa 18 Monate in Barriques in den temperierten Kellern des Weingutes Ornellaia.<\/p>\n<p>Nach den ersten 12 Monaten wurden die Weine zur Cuv\u00e9e verm\u00e4hlt und f\u00fcr weitere 6 Monate in Barriques zur\u00fcck gef\u00fcllt. Die Freigabe f\u00fcr den Markt erfolgte nach einer zw\u00f6lfmonatigen Flaschenreife.<\/p>\n<h2 class=\"uk-accordion-title uk-active\">BEWERTUNGEN ORNELLAIA 2016<\/h2>\n<div data-wrapper=\"true\">\n<div class=\"uk-accordion-content\">\n<ul>\n<li>Wine Advocate\u00a0<span class=\"gold\">98<\/span><\/li>\n<li>James Suckling\u00a0<span class=\"gold\">98<\/span><\/li>\n<li>Wine Spectator\u00a0<span class=\"gold\">96<\/span><\/li>\n<li>Antonio Galloni\u00a0<span class=\"gold\">96+<\/span><\/li>\n<li><strong>Gambero Rosso 3\/3<\/strong><\/li>\n<\/ul>\n<\/div>\n<\/div>\n","protected":false},"excerpt":{"rendered":"<p>ORNELLAIA 2016 52% Cabernet Sauvignon, 22% Merlot, 21% Cabernet Franc, 5% Petit Verdot, im Barrique ausgebaut. Excellente Cuv\u00e9e mit der feinen W\u00fcrze vollreifer Fr\u00fcchte, in Verbindung mit Akzenten aromatischer Kr\u00e4uter oder Schokolade; mit einem zarten und seidigen Tannin. DIE VEGETATIONSPERIODE 2016 Der Winter 2016 war, was zunehmend zur Norm zu werden scheint, von ungew\u00f6hnlich warmem [&hellip;]<\/p>\n","protected":false},"featured_media":4302,"comment_status":"open","ping_status":"closed","template":"","meta":{"_acf_changed":false,"_monsterinsights_skip_tracking":false,"_monsterinsights_sitenote_active":false,"_monsterinsights_sitenote_note":"","_monsterinsights_sitenote_category":0},"product_brand":[],"product_cat":[2162],"product_tag":[1733,1751],"class_list":{"0":"post-19189","1":"product","2":"type-product","3":"status-publish","4":"has-post-thumbnail","6":"product_cat-blend","7":"product_tag-aussergewoehnliche-weine-de","8":"product_tag-aussergewoehnliche-weine-aus-italien-de","9":"pa_appellation-bolgheri-superiore-doc-de","10":"pa_formato-0-75-l-flasche-de","11":"pa_producer-tenuta-dellornellaia-de","12":"pa_region-toskana-de","13":"pa_vintage-2016-de","15":"first","16":"instock","17":"taxable","18":"shipping-taxable","19":"purchasable","20":"product-type-simple"},"bundled_by":[],"bundle_stock_status":"instock","bundle_stock_quantity":1,"bundle_virtual":false,"bundle_layout":"","bundle_add_to_cart_form_location":"","bundle_editable_in_cart":false,"bundle_sold_individually_context":"","bundle_item_grouping":"","bundle_min_size":"","bundle_max_size":"","bundle_price":[],"bundled_items":[],"bundle_sell_ids":[],"yoast_head":"<!-- This site is optimized with the Yoast SEO plugin v27.3 - https:\/\/yoast.com\/product\/yoast-seo-wordpress\/ -->\n<title>ORNELLAIA 2016 I FONSVINUM RARE WEINE ONLINE<\/title>\n<meta name=\"description\" content=\"ORNELLAIA 2016 I Fonsvinum rare Weine online aus Piedmont, Toskana und Venetien 52% Cabernet Sauvignon, 22% Merlot, 21% Cabernet Franc, 5% Petit Verdot\" \/>\n<meta name=\"robots\" content=\"index, follow, max-snippet:-1, max-image-preview:large, max-video-preview:-1\" \/>\n<link rel=\"canonical\" href=\"https:\/\/fonsvinum.com\/de\/produkt\/ornellaia-2016\/\" \/>\n<meta property=\"og:locale\" content=\"de_DE\" \/>\n<meta property=\"og:type\" content=\"article\" \/>\n<meta property=\"og:title\" content=\"ORNELLAIA 2016 I FONSVINUM RARE WEINE ONLINE\" \/>\n<meta property=\"og:description\" content=\"ORNELLAIA 2016 I Fonsvinum rare Weine online aus Piedmont, Toskana und Venetien 52% Cabernet Sauvignon, 22% Merlot, 21% Cabernet Franc, 5% Petit Verdot\" \/>\n<meta property=\"og:url\" content=\"https:\/\/fonsvinum.com\/de\/produkt\/ornellaia-2016\/\" \/>\n<meta property=\"og:site_name\" content=\"Fons Vinum\" \/>\n<meta property=\"article:modified_time\" content=\"2020-01-21T08:37:56+00:00\" \/>\n<meta property=\"og:image\" content=\"https:\/\/fonsvinum.com\/files\/2013\/04\/ornellaia-bolgheri-superiore1.png\" \/>\n\t<meta property=\"og:image:width\" content=\"200\" \/>\n\t<meta property=\"og:image:height\" content=\"600\" \/>\n\t<meta property=\"og:image:type\" content=\"image\/png\" \/>\n<meta name=\"twitter:label1\" content=\"Gesch\u00e4tzte Lesezeit\" \/>\n\t<meta name=\"twitter:data1\" content=\"2\u00a0Minuten\" \/>\n<script type=\"application\/ld+json\" class=\"yoast-schema-graph\">{\"@context\":\"https:\\\/\\\/schema.org\",\"@graph\":[{\"@type\":\"WebPage\",\"@id\":\"https:\\\/\\\/fonsvinum.com\\\/de\\\/produkt\\\/ornellaia-2016\\\/\",\"url\":\"https:\\\/\\\/fonsvinum.com\\\/de\\\/produkt\\\/ornellaia-2016\\\/\",\"name\":\"ORNELLAIA 2016 I FONSVINUM RARE WEINE ONLINE\",\"isPartOf\":{\"@id\":\"https:\\\/\\\/fonsvinum.com\\\/en\\\/#website\"},\"primaryImageOfPage\":{\"@id\":\"https:\\\/\\\/fonsvinum.com\\\/de\\\/produkt\\\/ornellaia-2016\\\/#primaryimage\"},\"image\":{\"@id\":\"https:\\\/\\\/fonsvinum.com\\\/de\\\/produkt\\\/ornellaia-2016\\\/#primaryimage\"},\"thumbnailUrl\":\"https:\\\/\\\/fonsvinum.com\\\/files\\\/2013\\\/04\\\/ornellaia-bolgheri-superiore1.png\",\"datePublished\":\"2019-04-10T09:34:58+00:00\",\"dateModified\":\"2020-01-21T08:37:56+00:00\",\"description\":\"ORNELLAIA 2016 I Fonsvinum rare Weine online aus Piedmont, Toskana und Venetien 52% Cabernet Sauvignon, 22% Merlot, 21% Cabernet Franc, 5% Petit Verdot\",\"breadcrumb\":{\"@id\":\"https:\\\/\\\/fonsvinum.com\\\/de\\\/produkt\\\/ornellaia-2016\\\/#breadcrumb\"},\"inLanguage\":\"de\",\"potentialAction\":[{\"@type\":\"ReadAction\",\"target\":[\"https:\\\/\\\/fonsvinum.com\\\/de\\\/produkt\\\/ornellaia-2016\\\/\"]}]},{\"@type\":\"ImageObject\",\"inLanguage\":\"de\",\"@id\":\"https:\\\/\\\/fonsvinum.com\\\/de\\\/produkt\\\/ornellaia-2016\\\/#primaryimage\",\"url\":\"https:\\\/\\\/fonsvinum.com\\\/files\\\/2013\\\/04\\\/ornellaia-bolgheri-superiore1.png\",\"contentUrl\":\"https:\\\/\\\/fonsvinum.com\\\/files\\\/2013\\\/04\\\/ornellaia-bolgheri-superiore1.png\",\"width\":200,\"height\":600},{\"@type\":\"BreadcrumbList\",\"@id\":\"https:\\\/\\\/fonsvinum.com\\\/de\\\/produkt\\\/ornellaia-2016\\\/#breadcrumb\",\"itemListElement\":[{\"@type\":\"ListItem\",\"position\":1,\"name\":\"Startseite\",\"item\":\"https:\\\/\\\/fonsvinum.com\\\/de\\\/\"},{\"@type\":\"ListItem\",\"position\":2,\"name\":\"Shop\",\"item\":\"https:\\\/\\\/fonsvinum.com\\\/de\\\/shop\\\/\"},{\"@type\":\"ListItem\",\"position\":3,\"name\":\"ORNELLAIA 2016\"}]},{\"@type\":\"WebSite\",\"@id\":\"https:\\\/\\\/fonsvinum.com\\\/en\\\/#website\",\"url\":\"https:\\\/\\\/fonsvinum.com\\\/en\\\/\",\"name\":\"Fons Vinum\",\"description\":\"Vendita Vino Online\",\"publisher\":{\"@id\":\"https:\\\/\\\/fonsvinum.com\\\/en\\\/#organization\"},\"potentialAction\":[{\"@type\":\"SearchAction\",\"target\":{\"@type\":\"EntryPoint\",\"urlTemplate\":\"https:\\\/\\\/fonsvinum.com\\\/en\\\/?s={search_term_string}\"},\"query-input\":{\"@type\":\"PropertyValueSpecification\",\"valueRequired\":true,\"valueName\":\"search_term_string\"}}],\"inLanguage\":\"de\"},{\"@type\":\"Organization\",\"@id\":\"https:\\\/\\\/fonsvinum.com\\\/en\\\/#organization\",\"name\":\"Fons Vinum\",\"url\":\"https:\\\/\\\/fonsvinum.com\\\/en\\\/\",\"logo\":{\"@type\":\"ImageObject\",\"inLanguage\":\"de\",\"@id\":\"https:\\\/\\\/fonsvinum.com\\\/en\\\/#\\\/schema\\\/logo\\\/image\\\/\",\"url\":\"\",\"contentUrl\":\"\",\"caption\":\"Fons Vinum\"},\"image\":{\"@id\":\"https:\\\/\\\/fonsvinum.com\\\/en\\\/#\\\/schema\\\/logo\\\/image\\\/\"}}]}<\/script>\n<!-- \/ Yoast SEO plugin. -->","yoast_head_json":{"title":"ORNELLAIA 2016 I FONSVINUM RARE WEINE ONLINE","description":"ORNELLAIA 2016 I Fonsvinum rare Weine online aus Piedmont, Toskana und Venetien 52% Cabernet Sauvignon, 22% Merlot, 21% Cabernet Franc, 5% Petit Verdot","robots":{"index":"index","follow":"follow","max-snippet":"max-snippet:-1","max-image-preview":"max-image-preview:large","max-video-preview":"max-video-preview:-1"},"canonical":"https:\/\/fonsvinum.com\/de\/produkt\/ornellaia-2016\/","og_locale":"de_DE","og_type":"article","og_title":"ORNELLAIA 2016 I FONSVINUM RARE WEINE ONLINE","og_description":"ORNELLAIA 2016 I Fonsvinum rare Weine online aus Piedmont, Toskana und Venetien 52% Cabernet Sauvignon, 22% Merlot, 21% Cabernet Franc, 5% Petit Verdot","og_url":"https:\/\/fonsvinum.com\/de\/produkt\/ornellaia-2016\/","og_site_name":"Fons Vinum","article_modified_time":"2020-01-21T08:37:56+00:00","og_image":[{"width":200,"height":600,"url":"https:\/\/fonsvinum.com\/files\/2013\/04\/ornellaia-bolgheri-superiore1.png","type":"image\/png"}],"twitter_misc":{"Gesch\u00e4tzte Lesezeit":"2\u00a0Minuten"},"schema":{"@context":"https:\/\/schema.org","@graph":[{"@type":"WebPage","@id":"https:\/\/fonsvinum.com\/de\/produkt\/ornellaia-2016\/","url":"https:\/\/fonsvinum.com\/de\/produkt\/ornellaia-2016\/","name":"ORNELLAIA 2016 I FONSVINUM RARE WEINE ONLINE","isPartOf":{"@id":"https:\/\/fonsvinum.com\/en\/#website"},"primaryImageOfPage":{"@id":"https:\/\/fonsvinum.com\/de\/produkt\/ornellaia-2016\/#primaryimage"},"image":{"@id":"https:\/\/fonsvinum.com\/de\/produkt\/ornellaia-2016\/#primaryimage"},"thumbnailUrl":"https:\/\/fonsvinum.com\/files\/2013\/04\/ornellaia-bolgheri-superiore1.png","datePublished":"2019-04-10T09:34:58+00:00","dateModified":"2020-01-21T08:37:56+00:00","description":"ORNELLAIA 2016 I Fonsvinum rare Weine online aus Piedmont, Toskana und Venetien 52% Cabernet Sauvignon, 22% Merlot, 21% Cabernet Franc, 5% Petit Verdot","breadcrumb":{"@id":"https:\/\/fonsvinum.com\/de\/produkt\/ornellaia-2016\/#breadcrumb"},"inLanguage":"de","potentialAction":[{"@type":"ReadAction","target":["https:\/\/fonsvinum.com\/de\/produkt\/ornellaia-2016\/"]}]},{"@type":"ImageObject","inLanguage":"de","@id":"https:\/\/fonsvinum.com\/de\/produkt\/ornellaia-2016\/#primaryimage","url":"https:\/\/fonsvinum.com\/files\/2013\/04\/ornellaia-bolgheri-superiore1.png","contentUrl":"https:\/\/fonsvinum.com\/files\/2013\/04\/ornellaia-bolgheri-superiore1.png","width":200,"height":600},{"@type":"BreadcrumbList","@id":"https:\/\/fonsvinum.com\/de\/produkt\/ornellaia-2016\/#breadcrumb","itemListElement":[{"@type":"ListItem","position":1,"name":"Startseite","item":"https:\/\/fonsvinum.com\/de\/"},{"@type":"ListItem","position":2,"name":"Shop","item":"https:\/\/fonsvinum.com\/de\/shop\/"},{"@type":"ListItem","position":3,"name":"ORNELLAIA 2016"}]},{"@type":"WebSite","@id":"https:\/\/fonsvinum.com\/en\/#website","url":"https:\/\/fonsvinum.com\/en\/","name":"Fons Vinum","description":"Vendita Vino Online","publisher":{"@id":"https:\/\/fonsvinum.com\/en\/#organization"},"potentialAction":[{"@type":"SearchAction","target":{"@type":"EntryPoint","urlTemplate":"https:\/\/fonsvinum.com\/en\/?s={search_term_string}"},"query-input":{"@type":"PropertyValueSpecification","valueRequired":true,"valueName":"search_term_string"}}],"inLanguage":"de"},{"@type":"Organization","@id":"https:\/\/fonsvinum.com\/en\/#organization","name":"Fons Vinum","url":"https:\/\/fonsvinum.com\/en\/","logo":{"@type":"ImageObject","inLanguage":"de","@id":"https:\/\/fonsvinum.com\/en\/#\/schema\/logo\/image\/","url":"","contentUrl":"","caption":"Fons Vinum"},"image":{"@id":"https:\/\/fonsvinum.com\/en\/#\/schema\/logo\/image\/"}}]}},"acf":[],"_links":{"self":[{"href":"https:\/\/fonsvinum.com\/de\/wp-json\/wp\/v2\/product\/19189","targetHints":{"allow":["GET"]}}],"collection":[{"href":"https:\/\/fonsvinum.com\/de\/wp-json\/wp\/v2\/product"}],"about":[{"href":"https:\/\/fonsvinum.com\/de\/wp-json\/wp\/v2\/types\/product"}],"replies":[{"embeddable":true,"href":"https:\/\/fonsvinum.com\/de\/wp-json\/wp\/v2\/comments?post=19189"}],"wp:featuredmedia":[{"embeddable":true,"href":"https:\/\/fonsvinum.com\/de\/wp-json\/wp\/v2\/media\/4302"}],"wp:attachment":[{"href":"https:\/\/fonsvinum.com\/de\/wp-json\/wp\/v2\/media?parent=19189"}],"wp:term":[{"taxonomy":"product_brand","embeddable":true,"href":"https:\/\/fonsvinum.com\/de\/wp-json\/wp\/v2\/product_brand?post=19189"},{"taxonomy":"product_cat","embeddable":true,"href":"https:\/\/fonsvinum.com\/de\/wp-json\/wp\/v2\/product_cat?post=19189"},{"taxonomy":"product_tag","embeddable":true,"href":"https:\/\/fonsvinum.com\/de\/wp-json\/wp\/v2\/product_tag?post=19189"}],"curies":[{"name":"wp","href":"https:\/\/api.w.org\/{rel}","templated":true}]}}