{"id":19005,"date":"2019-04-04T11:29:54","date_gmt":"2019-04-04T09:29:54","guid":{"rendered":"https:\/\/fonsvinum.com\/?post_type=product&#038;p=19005"},"modified":"2021-06-30T10:45:55","modified_gmt":"2021-06-30T08:45:55","slug":"6-flashen-champagne-carte-blanche-brut-tanneux-mahy","status":"publish","type":"product","link":"https:\/\/fonsvinum.com\/de\/produkt\/6-flashen-champagne-carte-blanche-brut-tanneux-mahy\/","title":{"rendered":"6 Flashen Champagne Carte Blanche Brut Tanneux-Mahy"},"content":{"rendered":"<h1>6 Flashen Champagne Carte Blanche Brut Tanneux-Mahy<\/h1>\n<p>Champagner der Spitzenklasse, rassig, elegant, trocken und doch s\u00fcffig<\/p>\n<p>Optimal als Ap\u00e9ritif bspw. zu Salzgeb\u00e4ck, Lachs, Oliven oder mildem K\u00e4se.<\/p>\n<h3><strong>Awards<\/strong><\/h3>\n<p>GOLD\/OR &#8211; 2021 Concours Mondial del F\u00c9MINALISE -PARIS-<\/p>\n","protected":false},"excerpt":{"rendered":"<p>6 Flashen Champagne Carte Blanche Brut Tanneux-Mahy Champagner der Spitzenklasse, rassig, elegant, trocken und doch s\u00fcffig Optimal als Ap\u00e9ritif bspw. zu Salzgeb\u00e4ck, Lachs, Oliven oder mildem K\u00e4se. Awards GOLD\/OR &#8211; 2021 Concours Mondial del F\u00c9MINALISE -PARIS-<\/p>\n","protected":false},"featured_media":31946,"comment_status":"open","ping_status":"closed","template":"","meta":{"_acf_changed":false,"_monsterinsights_skip_tracking":false,"_monsterinsights_sitenote_active":false,"_monsterinsights_sitenote_note":"","_monsterinsights_sitenote_category":0},"product_brand":[],"product_cat":[2160,1481],"product_tag":[1802],"class_list":{"0":"post-19005","1":"product","2":"type-product","3":"status-publish","4":"has-post-thumbnail","6":"product_cat-champagne-de","7":"product_cat-brut-de","8":"product_tag-champagne-de","9":"pa_appellation-champagne-aoc-de","10":"pa_formato-0-75-l-flasche-de","11":"pa_producer-tanneux-mahy-de","12":"pa_region-champagne-de","13":"pa_vine-85-pinot-meunier-15-pinot-noir-de","14":"pa_vintage-s-a-de","16":"first","17":"instock","18":"sale","19":"taxable","20":"shipping-taxable","21":"purchasable","22":"product-type-simple"},"bundled_by":[],"bundle_stock_status":"instock","bundle_stock_quantity":3,"bundle_virtual":false,"bundle_layout":"","bundle_add_to_cart_form_location":"","bundle_editable_in_cart":false,"bundle_sold_individually_context":"","bundle_item_grouping":"","bundle_min_size":"","bundle_max_size":"","bundle_price":[],"bundled_items":[],"bundle_sell_ids":[],"yoast_head":"<!-- This site is optimized with the Yoast SEO plugin v27.3 - https:\/\/yoast.com\/product\/yoast-seo-wordpress\/ -->\n<title>6 Flashen Champagne Carte Blanche Brut Tanneux-Mahy<\/title>\n<meta name=\"description\" content=\"6 Flashen Champagne Carte Blanche Brut Tanneux-Mahy CHAMPAGNE A MENO DI 20 EURO SCONTATI DEL 30% acquista online su Fons Vinum\" \/>\n<meta name=\"robots\" content=\"index, follow, max-snippet:-1, max-image-preview:large, max-video-preview:-1\" \/>\n<link rel=\"canonical\" href=\"https:\/\/fonsvinum.com\/de\/produkt\/6-flashen-champagne-carte-blanche-brut-tanneux-mahy\/\" \/>\n<meta property=\"og:locale\" content=\"de_DE\" \/>\n<meta property=\"og:type\" content=\"article\" \/>\n<meta property=\"og:title\" content=\"6 Flashen Champagne Carte Blanche Brut Tanneux-Mahy\" \/>\n<meta property=\"og:description\" content=\"6 Flashen Champagne Carte Blanche Brut Tanneux-Mahy CHAMPAGNE A MENO DI 20 EURO SCONTATI DEL 30% acquista online su Fons Vinum\" \/>\n<meta property=\"og:url\" content=\"https:\/\/fonsvinum.com\/de\/produkt\/6-flashen-champagne-carte-blanche-brut-tanneux-mahy\/\" \/>\n<meta property=\"og:site_name\" content=\"Fons Vinum\" \/>\n<meta property=\"article:modified_time\" content=\"2021-06-30T08:45:55+00:00\" \/>\n<meta property=\"og:image\" content=\"https:\/\/fonsvinum.com\/files\/2019\/04\/champagne-tanneux-mahy-carte-blanche.jpg\" \/>\n\t<meta property=\"og:image:width\" content=\"200\" \/>\n\t<meta property=\"og:image:height\" content=\"600\" \/>\n\t<meta property=\"og:image:type\" content=\"image\/jpeg\" \/>\n<meta name=\"twitter:label1\" content=\"Gesch\u00e4tzte Lesezeit\" \/>\n\t<meta name=\"twitter:data1\" content=\"1\u00a0Minute\" \/>\n<script type=\"application\/ld+json\" class=\"yoast-schema-graph\">{\"@context\":\"https:\\\/\\\/schema.org\",\"@graph\":[{\"@type\":\"WebPage\",\"@id\":\"https:\\\/\\\/fonsvinum.com\\\/de\\\/produkt\\\/6-flashen-champagne-carte-blanche-brut-tanneux-mahy\\\/\",\"url\":\"https:\\\/\\\/fonsvinum.com\\\/de\\\/produkt\\\/6-flashen-champagne-carte-blanche-brut-tanneux-mahy\\\/\",\"name\":\"6 Flashen Champagne Carte Blanche Brut Tanneux-Mahy\",\"isPartOf\":{\"@id\":\"https:\\\/\\\/fonsvinum.com\\\/en\\\/#website\"},\"primaryImageOfPage\":{\"@id\":\"https:\\\/\\\/fonsvinum.com\\\/de\\\/produkt\\\/6-flashen-champagne-carte-blanche-brut-tanneux-mahy\\\/#primaryimage\"},\"image\":{\"@id\":\"https:\\\/\\\/fonsvinum.com\\\/de\\\/produkt\\\/6-flashen-champagne-carte-blanche-brut-tanneux-mahy\\\/#primaryimage\"},\"thumbnailUrl\":\"https:\\\/\\\/fonsvinum.com\\\/files\\\/2019\\\/04\\\/champagne-tanneux-mahy-carte-blanche.jpg\",\"datePublished\":\"2019-04-04T09:29:54+00:00\",\"dateModified\":\"2021-06-30T08:45:55+00:00\",\"description\":\"6 Flashen Champagne Carte Blanche Brut Tanneux-Mahy CHAMPAGNE A MENO DI 20 EURO SCONTATI DEL 30% acquista online su Fons Vinum\",\"breadcrumb\":{\"@id\":\"https:\\\/\\\/fonsvinum.com\\\/de\\\/produkt\\\/6-flashen-champagne-carte-blanche-brut-tanneux-mahy\\\/#breadcrumb\"},\"inLanguage\":\"de\",\"potentialAction\":[{\"@type\":\"ReadAction\",\"target\":[\"https:\\\/\\\/fonsvinum.com\\\/de\\\/produkt\\\/6-flashen-champagne-carte-blanche-brut-tanneux-mahy\\\/\"]}]},{\"@type\":\"ImageObject\",\"inLanguage\":\"de\",\"@id\":\"https:\\\/\\\/fonsvinum.com\\\/de\\\/produkt\\\/6-flashen-champagne-carte-blanche-brut-tanneux-mahy\\\/#primaryimage\",\"url\":\"https:\\\/\\\/fonsvinum.com\\\/files\\\/2019\\\/04\\\/champagne-tanneux-mahy-carte-blanche.jpg\",\"contentUrl\":\"https:\\\/\\\/fonsvinum.com\\\/files\\\/2019\\\/04\\\/champagne-tanneux-mahy-carte-blanche.jpg\",\"width\":200,\"height\":600},{\"@type\":\"BreadcrumbList\",\"@id\":\"https:\\\/\\\/fonsvinum.com\\\/de\\\/produkt\\\/6-flashen-champagne-carte-blanche-brut-tanneux-mahy\\\/#breadcrumb\",\"itemListElement\":[{\"@type\":\"ListItem\",\"position\":1,\"name\":\"Startseite\",\"item\":\"https:\\\/\\\/fonsvinum.com\\\/de\\\/\"},{\"@type\":\"ListItem\",\"position\":2,\"name\":\"Shop\",\"item\":\"https:\\\/\\\/fonsvinum.com\\\/de\\\/shop\\\/\"},{\"@type\":\"ListItem\",\"position\":3,\"name\":\"6 Flashen Champagne Carte Blanche Brut Tanneux-Mahy\"}]},{\"@type\":\"WebSite\",\"@id\":\"https:\\\/\\\/fonsvinum.com\\\/en\\\/#website\",\"url\":\"https:\\\/\\\/fonsvinum.com\\\/en\\\/\",\"name\":\"Fons Vinum\",\"description\":\"Vendita Vino Online\",\"publisher\":{\"@id\":\"https:\\\/\\\/fonsvinum.com\\\/en\\\/#organization\"},\"potentialAction\":[{\"@type\":\"SearchAction\",\"target\":{\"@type\":\"EntryPoint\",\"urlTemplate\":\"https:\\\/\\\/fonsvinum.com\\\/en\\\/?s={search_term_string}\"},\"query-input\":{\"@type\":\"PropertyValueSpecification\",\"valueRequired\":true,\"valueName\":\"search_term_string\"}}],\"inLanguage\":\"de\"},{\"@type\":\"Organization\",\"@id\":\"https:\\\/\\\/fonsvinum.com\\\/en\\\/#organization\",\"name\":\"Fons Vinum\",\"url\":\"https:\\\/\\\/fonsvinum.com\\\/en\\\/\",\"logo\":{\"@type\":\"ImageObject\",\"inLanguage\":\"de\",\"@id\":\"https:\\\/\\\/fonsvinum.com\\\/en\\\/#\\\/schema\\\/logo\\\/image\\\/\",\"url\":\"\",\"contentUrl\":\"\",\"caption\":\"Fons Vinum\"},\"image\":{\"@id\":\"https:\\\/\\\/fonsvinum.com\\\/en\\\/#\\\/schema\\\/logo\\\/image\\\/\"}}]}<\/script>\n<!-- \/ Yoast SEO plugin. -->","yoast_head_json":{"title":"6 Flashen Champagne Carte Blanche Brut Tanneux-Mahy","description":"6 Flashen Champagne Carte Blanche Brut Tanneux-Mahy CHAMPAGNE A MENO DI 20 EURO SCONTATI DEL 30% acquista online su Fons Vinum","robots":{"index":"index","follow":"follow","max-snippet":"max-snippet:-1","max-image-preview":"max-image-preview:large","max-video-preview":"max-video-preview:-1"},"canonical":"https:\/\/fonsvinum.com\/de\/produkt\/6-flashen-champagne-carte-blanche-brut-tanneux-mahy\/","og_locale":"de_DE","og_type":"article","og_title":"6 Flashen Champagne Carte Blanche Brut Tanneux-Mahy","og_description":"6 Flashen Champagne Carte Blanche Brut Tanneux-Mahy CHAMPAGNE A MENO DI 20 EURO SCONTATI DEL 30% acquista online su Fons Vinum","og_url":"https:\/\/fonsvinum.com\/de\/produkt\/6-flashen-champagne-carte-blanche-brut-tanneux-mahy\/","og_site_name":"Fons Vinum","article_modified_time":"2021-06-30T08:45:55+00:00","og_image":[{"width":200,"height":600,"url":"https:\/\/fonsvinum.com\/files\/2019\/04\/champagne-tanneux-mahy-carte-blanche.jpg","type":"image\/jpeg"}],"twitter_misc":{"Gesch\u00e4tzte Lesezeit":"1\u00a0Minute"},"schema":{"@context":"https:\/\/schema.org","@graph":[{"@type":"WebPage","@id":"https:\/\/fonsvinum.com\/de\/produkt\/6-flashen-champagne-carte-blanche-brut-tanneux-mahy\/","url":"https:\/\/fonsvinum.com\/de\/produkt\/6-flashen-champagne-carte-blanche-brut-tanneux-mahy\/","name":"6 Flashen Champagne Carte Blanche Brut Tanneux-Mahy","isPartOf":{"@id":"https:\/\/fonsvinum.com\/en\/#website"},"primaryImageOfPage":{"@id":"https:\/\/fonsvinum.com\/de\/produkt\/6-flashen-champagne-carte-blanche-brut-tanneux-mahy\/#primaryimage"},"image":{"@id":"https:\/\/fonsvinum.com\/de\/produkt\/6-flashen-champagne-carte-blanche-brut-tanneux-mahy\/#primaryimage"},"thumbnailUrl":"https:\/\/fonsvinum.com\/files\/2019\/04\/champagne-tanneux-mahy-carte-blanche.jpg","datePublished":"2019-04-04T09:29:54+00:00","dateModified":"2021-06-30T08:45:55+00:00","description":"6 Flashen Champagne Carte Blanche Brut Tanneux-Mahy CHAMPAGNE A MENO DI 20 EURO SCONTATI DEL 30% acquista online su Fons Vinum","breadcrumb":{"@id":"https:\/\/fonsvinum.com\/de\/produkt\/6-flashen-champagne-carte-blanche-brut-tanneux-mahy\/#breadcrumb"},"inLanguage":"de","potentialAction":[{"@type":"ReadAction","target":["https:\/\/fonsvinum.com\/de\/produkt\/6-flashen-champagne-carte-blanche-brut-tanneux-mahy\/"]}]},{"@type":"ImageObject","inLanguage":"de","@id":"https:\/\/fonsvinum.com\/de\/produkt\/6-flashen-champagne-carte-blanche-brut-tanneux-mahy\/#primaryimage","url":"https:\/\/fonsvinum.com\/files\/2019\/04\/champagne-tanneux-mahy-carte-blanche.jpg","contentUrl":"https:\/\/fonsvinum.com\/files\/2019\/04\/champagne-tanneux-mahy-carte-blanche.jpg","width":200,"height":600},{"@type":"BreadcrumbList","@id":"https:\/\/fonsvinum.com\/de\/produkt\/6-flashen-champagne-carte-blanche-brut-tanneux-mahy\/#breadcrumb","itemListElement":[{"@type":"ListItem","position":1,"name":"Startseite","item":"https:\/\/fonsvinum.com\/de\/"},{"@type":"ListItem","position":2,"name":"Shop","item":"https:\/\/fonsvinum.com\/de\/shop\/"},{"@type":"ListItem","position":3,"name":"6 Flashen Champagne Carte Blanche Brut Tanneux-Mahy"}]},{"@type":"WebSite","@id":"https:\/\/fonsvinum.com\/en\/#website","url":"https:\/\/fonsvinum.com\/en\/","name":"Fons Vinum","description":"Vendita Vino Online","publisher":{"@id":"https:\/\/fonsvinum.com\/en\/#organization"},"potentialAction":[{"@type":"SearchAction","target":{"@type":"EntryPoint","urlTemplate":"https:\/\/fonsvinum.com\/en\/?s={search_term_string}"},"query-input":{"@type":"PropertyValueSpecification","valueRequired":true,"valueName":"search_term_string"}}],"inLanguage":"de"},{"@type":"Organization","@id":"https:\/\/fonsvinum.com\/en\/#organization","name":"Fons Vinum","url":"https:\/\/fonsvinum.com\/en\/","logo":{"@type":"ImageObject","inLanguage":"de","@id":"https:\/\/fonsvinum.com\/en\/#\/schema\/logo\/image\/","url":"","contentUrl":"","caption":"Fons Vinum"},"image":{"@id":"https:\/\/fonsvinum.com\/en\/#\/schema\/logo\/image\/"}}]}},"acf":[],"_links":{"self":[{"href":"https:\/\/fonsvinum.com\/de\/wp-json\/wp\/v2\/product\/19005","targetHints":{"allow":["GET"]}}],"collection":[{"href":"https:\/\/fonsvinum.com\/de\/wp-json\/wp\/v2\/product"}],"about":[{"href":"https:\/\/fonsvinum.com\/de\/wp-json\/wp\/v2\/types\/product"}],"replies":[{"embeddable":true,"href":"https:\/\/fonsvinum.com\/de\/wp-json\/wp\/v2\/comments?post=19005"}],"wp:featuredmedia":[{"embeddable":true,"href":"https:\/\/fonsvinum.com\/de\/wp-json\/wp\/v2\/media\/31946"}],"wp:attachment":[{"href":"https:\/\/fonsvinum.com\/de\/wp-json\/wp\/v2\/media?parent=19005"}],"wp:term":[{"taxonomy":"product_brand","embeddable":true,"href":"https:\/\/fonsvinum.com\/de\/wp-json\/wp\/v2\/product_brand?post=19005"},{"taxonomy":"product_cat","embeddable":true,"href":"https:\/\/fonsvinum.com\/de\/wp-json\/wp\/v2\/product_cat?post=19005"},{"taxonomy":"product_tag","embeddable":true,"href":"https:\/\/fonsvinum.com\/de\/wp-json\/wp\/v2\/product_tag?post=19005"}],"curies":[{"name":"wp","href":"https:\/\/api.w.org\/{rel}","templated":true}]}}