{"id":18777,"date":"2019-03-27T09:32:39","date_gmt":"2019-03-27T08:32:39","guid":{"rendered":"https:\/\/fonsvinum.com\/?post_type=product&#038;p=18777"},"modified":"2020-12-01T12:17:52","modified_gmt":"2020-12-01T11:17:52","slug":"guy-brunot-premier-cru-rose-champagne","status":"publish","type":"product","link":"https:\/\/fonsvinum.com\/de\/produkt\/guy-brunot-premier-cru-rose-champagne\/","title":{"rendered":"Guy Brunot Premier Cru Rose Champagne"},"content":{"rendered":"<h1>Guy Brunot Premier Cru Rose Champagne<\/h1>\n<p>-Goldmedaille FEMINALISE 2018<\/p>\n<p>-Bronzemedaille FEMINALISE 2015<\/p>\n<p>-Goldmedaille beim internationalen Weinwettbewerb in Lyon 2014<\/p>\n<p>-Goldmedaille Guide Gilbert &amp; Gaillard 2014<\/p>\n<p>-2 von 3 Sternen beim Wettbewerb \u201eun vin presque parfait\u201c 2012<\/p>\n<p>Beschreibung:<\/p>\n<p>Als eine Verm\u00e4hlung von Weisswein mit einem kleinen Anteil an Rotwein aus eigener Herstellung, verk\u00f6rpert er einen sehr eleganten Cuv\u00e9e, in welchem die Aromen von roten Fr\u00fcchten hervorragend zur Entfaltung kommen. Er wird bevorzugt als Aperitif serviert, begleitet aber auch einen Nachtisch auf Basis von Waldfr\u00fcchten oder roten Beeren.<\/p>\n<p>&nbsp;<\/p>\n<p>Dosierung:\u00a0brut\u00a0(trocken)<\/p>\n<p>&nbsp;<\/p>\n<p>Erh\u00e4ltlich in 0,75 Liter Flaschen<\/p>\n<p>&nbsp;<\/p>\n","protected":false},"excerpt":{"rendered":"<p>Guy Brunot Premier Cru Rose Champagne -Goldmedaille FEMINALISE 2018 -Bronzemedaille FEMINALISE 2015 -Goldmedaille beim internationalen Weinwettbewerb in Lyon 2014 -Goldmedaille Guide Gilbert &amp; Gaillard 2014 -2 von 3 Sternen beim Wettbewerb \u201eun vin presque parfait\u201c 2012 Beschreibung: Als eine Verm\u00e4hlung von Weisswein mit einem kleinen Anteil an Rotwein aus eigener Herstellung, verk\u00f6rpert er einen sehr [&hellip;]<\/p>\n","protected":false},"featured_media":19151,"comment_status":"open","ping_status":"closed","template":"","meta":{"_acf_changed":false,"_monsterinsights_skip_tracking":false,"_monsterinsights_sitenote_active":false,"_monsterinsights_sitenote_note":"","_monsterinsights_sitenote_category":0},"product_brand":[],"product_cat":[2160],"product_tag":[1802],"class_list":{"0":"post-18777","1":"product","2":"type-product","3":"status-publish","4":"has-post-thumbnail","6":"product_cat-champagne-de","7":"product_tag-champagne-de","8":"pa_appellation-champagne-aoc-de","9":"pa_formato-0-75-l-flasche-de","10":"pa_producer-guy-brunot-de","11":"pa_region-champagne-de","12":"pa_vine-75-chardonnay-15-pinot-noir-10-pinot-meunier-de","13":"pa_vintage-s-a-de","15":"first","16":"instock","17":"taxable","18":"shipping-taxable","19":"purchasable","20":"product-type-simple"},"bundled_by":["34341"],"bundle_stock_status":"instock","bundle_stock_quantity":6,"bundle_virtual":false,"bundle_layout":"","bundle_add_to_cart_form_location":"","bundle_editable_in_cart":false,"bundle_sold_individually_context":"","bundle_item_grouping":"","bundle_min_size":"","bundle_max_size":"","bundle_price":[],"bundled_items":[],"bundle_sell_ids":[],"yoast_head":"<!-- This site is optimized with the Yoast SEO plugin v27.3 - https:\/\/yoast.com\/product\/yoast-seo-wordpress\/ -->\n<title>Guy Brunot Premier Cru Rose Champagne I Fonsvinum Kaufen online<\/title>\n<meta name=\"description\" content=\"G. Brunot Premier Cru Rose Champagne, 2 von 3 Sternen beim Wettbewerb \u201eun vin presque parfait\u201c 2012. Goldmedaille Guide Gilbert &amp; Gaillard 2014\" \/>\n<meta name=\"robots\" content=\"index, follow, max-snippet:-1, max-image-preview:large, max-video-preview:-1\" \/>\n<link rel=\"canonical\" href=\"https:\/\/fonsvinum.com\/de\/produkt\/guy-brunot-premier-cru-rose-champagne\/\" \/>\n<meta property=\"og:locale\" content=\"de_DE\" \/>\n<meta property=\"og:type\" content=\"article\" \/>\n<meta property=\"og:title\" content=\"Guy Brunot Premier Cru Rose Champagne I Fonsvinum Kaufen online\" \/>\n<meta property=\"og:description\" content=\"G. Brunot Premier Cru Rose Champagne, 2 von 3 Sternen beim Wettbewerb \u201eun vin presque parfait\u201c 2012. Goldmedaille Guide Gilbert &amp; Gaillard 2014\" \/>\n<meta property=\"og:url\" content=\"https:\/\/fonsvinum.com\/de\/produkt\/guy-brunot-premier-cru-rose-champagne\/\" \/>\n<meta property=\"og:site_name\" content=\"Fons Vinum\" \/>\n<meta property=\"article:modified_time\" content=\"2020-12-01T11:17:52+00:00\" \/>\n<meta property=\"og:image\" content=\"https:\/\/fonsvinum.com\/files\/2019\/03\/champagne-guy-brunot-brut-rose.jpg\" \/>\n\t<meta property=\"og:image:width\" content=\"240\" \/>\n\t<meta property=\"og:image:height\" content=\"517\" \/>\n\t<meta property=\"og:image:type\" content=\"image\/jpeg\" \/>\n<script type=\"application\/ld+json\" class=\"yoast-schema-graph\">{\"@context\":\"https:\\\/\\\/schema.org\",\"@graph\":[{\"@type\":\"WebPage\",\"@id\":\"https:\\\/\\\/fonsvinum.com\\\/de\\\/produkt\\\/guy-brunot-premier-cru-rose-champagne\\\/\",\"url\":\"https:\\\/\\\/fonsvinum.com\\\/de\\\/produkt\\\/guy-brunot-premier-cru-rose-champagne\\\/\",\"name\":\"Guy Brunot Premier Cru Rose Champagne I Fonsvinum Kaufen online\",\"isPartOf\":{\"@id\":\"https:\\\/\\\/fonsvinum.com\\\/en\\\/#website\"},\"primaryImageOfPage\":{\"@id\":\"https:\\\/\\\/fonsvinum.com\\\/de\\\/produkt\\\/guy-brunot-premier-cru-rose-champagne\\\/#primaryimage\"},\"image\":{\"@id\":\"https:\\\/\\\/fonsvinum.com\\\/de\\\/produkt\\\/guy-brunot-premier-cru-rose-champagne\\\/#primaryimage\"},\"thumbnailUrl\":\"https:\\\/\\\/fonsvinum.com\\\/files\\\/2019\\\/03\\\/champagne-guy-brunot-brut-rose.jpg\",\"datePublished\":\"2019-03-27T08:32:39+00:00\",\"dateModified\":\"2020-12-01T11:17:52+00:00\",\"description\":\"G. Brunot Premier Cru Rose Champagne, 2 von 3 Sternen beim Wettbewerb \u201eun vin presque parfait\u201c 2012. Goldmedaille Guide Gilbert & Gaillard 2014\",\"breadcrumb\":{\"@id\":\"https:\\\/\\\/fonsvinum.com\\\/de\\\/produkt\\\/guy-brunot-premier-cru-rose-champagne\\\/#breadcrumb\"},\"inLanguage\":\"de\",\"potentialAction\":[{\"@type\":\"ReadAction\",\"target\":[\"https:\\\/\\\/fonsvinum.com\\\/de\\\/produkt\\\/guy-brunot-premier-cru-rose-champagne\\\/\"]}]},{\"@type\":\"ImageObject\",\"inLanguage\":\"de\",\"@id\":\"https:\\\/\\\/fonsvinum.com\\\/de\\\/produkt\\\/guy-brunot-premier-cru-rose-champagne\\\/#primaryimage\",\"url\":\"https:\\\/\\\/fonsvinum.com\\\/files\\\/2019\\\/03\\\/champagne-guy-brunot-brut-rose.jpg\",\"contentUrl\":\"https:\\\/\\\/fonsvinum.com\\\/files\\\/2019\\\/03\\\/champagne-guy-brunot-brut-rose.jpg\",\"width\":240,\"height\":517,\"caption\":\"champagne-guy-brunot-brut-rose\"},{\"@type\":\"BreadcrumbList\",\"@id\":\"https:\\\/\\\/fonsvinum.com\\\/de\\\/produkt\\\/guy-brunot-premier-cru-rose-champagne\\\/#breadcrumb\",\"itemListElement\":[{\"@type\":\"ListItem\",\"position\":1,\"name\":\"Startseite\",\"item\":\"https:\\\/\\\/fonsvinum.com\\\/de\\\/\"},{\"@type\":\"ListItem\",\"position\":2,\"name\":\"Shop\",\"item\":\"https:\\\/\\\/fonsvinum.com\\\/de\\\/shop\\\/\"},{\"@type\":\"ListItem\",\"position\":3,\"name\":\"Guy Brunot Premier Cru Rose Champagne\"}]},{\"@type\":\"WebSite\",\"@id\":\"https:\\\/\\\/fonsvinum.com\\\/en\\\/#website\",\"url\":\"https:\\\/\\\/fonsvinum.com\\\/en\\\/\",\"name\":\"Fons Vinum\",\"description\":\"Vendita Vino Online\",\"publisher\":{\"@id\":\"https:\\\/\\\/fonsvinum.com\\\/en\\\/#organization\"},\"potentialAction\":[{\"@type\":\"SearchAction\",\"target\":{\"@type\":\"EntryPoint\",\"urlTemplate\":\"https:\\\/\\\/fonsvinum.com\\\/en\\\/?s={search_term_string}\"},\"query-input\":{\"@type\":\"PropertyValueSpecification\",\"valueRequired\":true,\"valueName\":\"search_term_string\"}}],\"inLanguage\":\"de\"},{\"@type\":\"Organization\",\"@id\":\"https:\\\/\\\/fonsvinum.com\\\/en\\\/#organization\",\"name\":\"Fons Vinum\",\"url\":\"https:\\\/\\\/fonsvinum.com\\\/en\\\/\",\"logo\":{\"@type\":\"ImageObject\",\"inLanguage\":\"de\",\"@id\":\"https:\\\/\\\/fonsvinum.com\\\/en\\\/#\\\/schema\\\/logo\\\/image\\\/\",\"url\":\"\",\"contentUrl\":\"\",\"caption\":\"Fons Vinum\"},\"image\":{\"@id\":\"https:\\\/\\\/fonsvinum.com\\\/en\\\/#\\\/schema\\\/logo\\\/image\\\/\"}}]}<\/script>\n<!-- \/ Yoast SEO plugin. -->","yoast_head_json":{"title":"Guy Brunot Premier Cru Rose Champagne I Fonsvinum Kaufen online","description":"G. Brunot Premier Cru Rose Champagne, 2 von 3 Sternen beim Wettbewerb \u201eun vin presque parfait\u201c 2012. Goldmedaille Guide Gilbert & Gaillard 2014","robots":{"index":"index","follow":"follow","max-snippet":"max-snippet:-1","max-image-preview":"max-image-preview:large","max-video-preview":"max-video-preview:-1"},"canonical":"https:\/\/fonsvinum.com\/de\/produkt\/guy-brunot-premier-cru-rose-champagne\/","og_locale":"de_DE","og_type":"article","og_title":"Guy Brunot Premier Cru Rose Champagne I Fonsvinum Kaufen online","og_description":"G. Brunot Premier Cru Rose Champagne, 2 von 3 Sternen beim Wettbewerb \u201eun vin presque parfait\u201c 2012. Goldmedaille Guide Gilbert & Gaillard 2014","og_url":"https:\/\/fonsvinum.com\/de\/produkt\/guy-brunot-premier-cru-rose-champagne\/","og_site_name":"Fons Vinum","article_modified_time":"2020-12-01T11:17:52+00:00","og_image":[{"width":240,"height":517,"url":"https:\/\/fonsvinum.com\/files\/2019\/03\/champagne-guy-brunot-brut-rose.jpg","type":"image\/jpeg"}],"schema":{"@context":"https:\/\/schema.org","@graph":[{"@type":"WebPage","@id":"https:\/\/fonsvinum.com\/de\/produkt\/guy-brunot-premier-cru-rose-champagne\/","url":"https:\/\/fonsvinum.com\/de\/produkt\/guy-brunot-premier-cru-rose-champagne\/","name":"Guy Brunot Premier Cru Rose Champagne I Fonsvinum Kaufen online","isPartOf":{"@id":"https:\/\/fonsvinum.com\/en\/#website"},"primaryImageOfPage":{"@id":"https:\/\/fonsvinum.com\/de\/produkt\/guy-brunot-premier-cru-rose-champagne\/#primaryimage"},"image":{"@id":"https:\/\/fonsvinum.com\/de\/produkt\/guy-brunot-premier-cru-rose-champagne\/#primaryimage"},"thumbnailUrl":"https:\/\/fonsvinum.com\/files\/2019\/03\/champagne-guy-brunot-brut-rose.jpg","datePublished":"2019-03-27T08:32:39+00:00","dateModified":"2020-12-01T11:17:52+00:00","description":"G. Brunot Premier Cru Rose Champagne, 2 von 3 Sternen beim Wettbewerb \u201eun vin presque parfait\u201c 2012. Goldmedaille Guide Gilbert & Gaillard 2014","breadcrumb":{"@id":"https:\/\/fonsvinum.com\/de\/produkt\/guy-brunot-premier-cru-rose-champagne\/#breadcrumb"},"inLanguage":"de","potentialAction":[{"@type":"ReadAction","target":["https:\/\/fonsvinum.com\/de\/produkt\/guy-brunot-premier-cru-rose-champagne\/"]}]},{"@type":"ImageObject","inLanguage":"de","@id":"https:\/\/fonsvinum.com\/de\/produkt\/guy-brunot-premier-cru-rose-champagne\/#primaryimage","url":"https:\/\/fonsvinum.com\/files\/2019\/03\/champagne-guy-brunot-brut-rose.jpg","contentUrl":"https:\/\/fonsvinum.com\/files\/2019\/03\/champagne-guy-brunot-brut-rose.jpg","width":240,"height":517,"caption":"champagne-guy-brunot-brut-rose"},{"@type":"BreadcrumbList","@id":"https:\/\/fonsvinum.com\/de\/produkt\/guy-brunot-premier-cru-rose-champagne\/#breadcrumb","itemListElement":[{"@type":"ListItem","position":1,"name":"Startseite","item":"https:\/\/fonsvinum.com\/de\/"},{"@type":"ListItem","position":2,"name":"Shop","item":"https:\/\/fonsvinum.com\/de\/shop\/"},{"@type":"ListItem","position":3,"name":"Guy Brunot Premier Cru Rose Champagne"}]},{"@type":"WebSite","@id":"https:\/\/fonsvinum.com\/en\/#website","url":"https:\/\/fonsvinum.com\/en\/","name":"Fons Vinum","description":"Vendita Vino Online","publisher":{"@id":"https:\/\/fonsvinum.com\/en\/#organization"},"potentialAction":[{"@type":"SearchAction","target":{"@type":"EntryPoint","urlTemplate":"https:\/\/fonsvinum.com\/en\/?s={search_term_string}"},"query-input":{"@type":"PropertyValueSpecification","valueRequired":true,"valueName":"search_term_string"}}],"inLanguage":"de"},{"@type":"Organization","@id":"https:\/\/fonsvinum.com\/en\/#organization","name":"Fons Vinum","url":"https:\/\/fonsvinum.com\/en\/","logo":{"@type":"ImageObject","inLanguage":"de","@id":"https:\/\/fonsvinum.com\/en\/#\/schema\/logo\/image\/","url":"","contentUrl":"","caption":"Fons Vinum"},"image":{"@id":"https:\/\/fonsvinum.com\/en\/#\/schema\/logo\/image\/"}}]}},"acf":[],"_links":{"self":[{"href":"https:\/\/fonsvinum.com\/de\/wp-json\/wp\/v2\/product\/18777","targetHints":{"allow":["GET"]}}],"collection":[{"href":"https:\/\/fonsvinum.com\/de\/wp-json\/wp\/v2\/product"}],"about":[{"href":"https:\/\/fonsvinum.com\/de\/wp-json\/wp\/v2\/types\/product"}],"replies":[{"embeddable":true,"href":"https:\/\/fonsvinum.com\/de\/wp-json\/wp\/v2\/comments?post=18777"}],"wp:featuredmedia":[{"embeddable":true,"href":"https:\/\/fonsvinum.com\/de\/wp-json\/wp\/v2\/media\/19151"}],"wp:attachment":[{"href":"https:\/\/fonsvinum.com\/de\/wp-json\/wp\/v2\/media?parent=18777"}],"wp:term":[{"taxonomy":"product_brand","embeddable":true,"href":"https:\/\/fonsvinum.com\/de\/wp-json\/wp\/v2\/product_brand?post=18777"},{"taxonomy":"product_cat","embeddable":true,"href":"https:\/\/fonsvinum.com\/de\/wp-json\/wp\/v2\/product_cat?post=18777"},{"taxonomy":"product_tag","embeddable":true,"href":"https:\/\/fonsvinum.com\/de\/wp-json\/wp\/v2\/product_tag?post=18777"}],"curies":[{"name":"wp","href":"https:\/\/api.w.org\/{rel}","templated":true}]}}