{"id":18657,"date":"2019-03-21T10:48:30","date_gmt":"2019-03-21T09:48:30","guid":{"rendered":"https:\/\/fonsvinum.com\/?post_type=product&#038;p=18657"},"modified":"2019-03-21T10:54:09","modified_gmt":"2019-03-21T09:54:09","slug":"langhe-rosso-doc-conteisa-gaja-2014","status":"publish","type":"product","link":"https:\/\/fonsvinum.com\/de\/produkt\/langhe-rosso-doc-conteisa-gaja-2014\/","title":{"rendered":"Langhe Rosso DOC Conteisa GAJA 2014"},"content":{"rendered":"<h1>Langhe Rosso DOC Conteisa GAJA 2014<\/h1>\n<p>Der Ausdruck conteisa ist das piemontesische Wort f\u00fcr Streit.<\/p>\n<p>Er erinnert an den historischen Konflikt zwischen den Orten La Morra und Barolo \u00fcber den Verlauf der Gemeindegrenze, die genau durch die Spitzenlage Cerequio ging, aus der dieser Wein stammt.<\/p>\n<p>Der historische Rechtsstreit wurde in einem schriftlichen Dokument von 1275 beigelegt.<\/p>\n<p>W\u00e4hrend der Sperss massiver und tanninreicher ist, repr\u00e4sentiert der Nebbiolo im Conteisa die Essenz des Cerequio-Terroirs: betont florale, w\u00fcrzige Nase nach roten Beeren, Pflaumen, Lakritz; samtige Textur und sehr finessenreicher Charakter mit perfekt integriertem, delikatem Tannin.<\/p>\n<p>Mit langem Reifepotential.<\/p>\n<p>Ausbau:<br \/>\n12 Monate in Barriques und 18 Monate in gro\u00dfen F\u00e4ssern.<\/p>\n","protected":false},"excerpt":{"rendered":"<p>Langhe Rosso DOC Conteisa GAJA 2014 Der Ausdruck conteisa ist das piemontesische Wort f\u00fcr Streit. Er erinnert an den historischen Konflikt zwischen den Orten La Morra und Barolo \u00fcber den Verlauf der Gemeindegrenze, die genau durch die Spitzenlage Cerequio ging, aus der dieser Wein stammt. Der historische Rechtsstreit wurde in einem schriftlichen Dokument von 1275 [&hellip;]<\/p>\n","protected":false},"featured_media":5872,"comment_status":"open","ping_status":"closed","template":"","meta":{"_acf_changed":false,"_monsterinsights_skip_tracking":false,"_monsterinsights_sitenote_active":false,"_monsterinsights_sitenote_note":"","_monsterinsights_sitenote_category":0},"product_brand":[],"product_cat":[1693],"product_tag":[],"class_list":{"0":"post-18657","1":"product","2":"type-product","3":"status-publish","4":"has-post-thumbnail","6":"product_cat-blend-2-de","7":"pa_appellation-langhe-rosso-doc-de","8":"pa_formato-0-75-l-flasche-de","9":"pa_producer-gaja-de","10":"pa_region-piemont-de","11":"pa_vine-92-nebbiolo-8-barbera-de","12":"pa_vintage-2014-de","14":"first","15":"instock","16":"taxable","17":"shipping-taxable","18":"purchasable","19":"product-type-simple"},"bundled_by":[],"bundle_stock_status":"instock","bundle_stock_quantity":2,"bundle_virtual":false,"bundle_layout":"","bundle_add_to_cart_form_location":"","bundle_editable_in_cart":false,"bundle_sold_individually_context":"","bundle_item_grouping":"","bundle_min_size":"","bundle_max_size":"","bundle_price":[],"bundled_items":[],"bundle_sell_ids":[],"yoast_head":"<!-- This site is optimized with the Yoast SEO plugin v27.2 - https:\/\/yoast.com\/product\/yoast-seo-wordpress\/ -->\n<title>Langhe Rosso DOC Conteisa GAJA 2014 I Fonsvinum<\/title>\n<meta name=\"description\" content=\"Langhe Rosso DOC Conteisa GAJA 2014. W\u00e4hrend der Sperss massiver und tanninreicher ist, repr\u00e4sentiert der Nebbiolo im Conteisa\" \/>\n<meta name=\"robots\" content=\"index, follow, max-snippet:-1, max-image-preview:large, max-video-preview:-1\" \/>\n<link rel=\"canonical\" href=\"https:\/\/fonsvinum.com\/de\/produkt\/langhe-rosso-doc-conteisa-gaja-2014\/\" \/>\n<meta property=\"og:locale\" content=\"de_DE\" \/>\n<meta property=\"og:type\" content=\"article\" \/>\n<meta property=\"og:title\" content=\"Langhe Rosso DOC Conteisa GAJA 2014 I Fonsvinum\" \/>\n<meta property=\"og:description\" content=\"Langhe Rosso DOC Conteisa GAJA 2014. W\u00e4hrend der Sperss massiver und tanninreicher ist, repr\u00e4sentiert der Nebbiolo im Conteisa\" \/>\n<meta property=\"og:url\" content=\"https:\/\/fonsvinum.com\/de\/produkt\/langhe-rosso-doc-conteisa-gaja-2014\/\" \/>\n<meta property=\"og:site_name\" content=\"Fons Vinum\" \/>\n<meta property=\"article:modified_time\" content=\"2019-03-21T09:54:09+00:00\" \/>\n<meta property=\"og:image\" content=\"https:\/\/fonsvinum.com\/files\/2013\/04\/langhe_rosso_conteisa_gaja.png\" \/>\n\t<meta property=\"og:image:width\" content=\"200\" \/>\n\t<meta property=\"og:image:height\" content=\"600\" \/>\n\t<meta property=\"og:image:type\" content=\"image\/png\" \/>\n<meta name=\"twitter:label1\" content=\"Gesch\u00e4tzte Lesezeit\" \/>\n\t<meta name=\"twitter:data1\" content=\"1\u00a0Minute\" \/>\n<script type=\"application\/ld+json\" class=\"yoast-schema-graph\">{\"@context\":\"https:\/\/schema.org\",\"@graph\":[{\"@type\":\"WebPage\",\"@id\":\"https:\/\/fonsvinum.com\/de\/produkt\/langhe-rosso-doc-conteisa-gaja-2014\/\",\"url\":\"https:\/\/fonsvinum.com\/de\/produkt\/langhe-rosso-doc-conteisa-gaja-2014\/\",\"name\":\"Langhe Rosso DOC Conteisa GAJA 2014 I Fonsvinum\",\"isPartOf\":{\"@id\":\"https:\/\/fonsvinum.com\/en\/#website\"},\"primaryImageOfPage\":{\"@id\":\"https:\/\/fonsvinum.com\/de\/produkt\/langhe-rosso-doc-conteisa-gaja-2014\/#primaryimage\"},\"image\":{\"@id\":\"https:\/\/fonsvinum.com\/de\/produkt\/langhe-rosso-doc-conteisa-gaja-2014\/#primaryimage\"},\"thumbnailUrl\":\"https:\/\/fonsvinum.com\/files\/2013\/04\/langhe_rosso_conteisa_gaja.png\",\"datePublished\":\"2019-03-21T09:48:30+00:00\",\"dateModified\":\"2019-03-21T09:54:09+00:00\",\"description\":\"Langhe Rosso DOC Conteisa GAJA 2014. W\u00e4hrend der Sperss massiver und tanninreicher ist, repr\u00e4sentiert der Nebbiolo im Conteisa\",\"breadcrumb\":{\"@id\":\"https:\/\/fonsvinum.com\/de\/produkt\/langhe-rosso-doc-conteisa-gaja-2014\/#breadcrumb\"},\"inLanguage\":\"de\",\"potentialAction\":[{\"@type\":\"ReadAction\",\"target\":[\"https:\/\/fonsvinum.com\/de\/produkt\/langhe-rosso-doc-conteisa-gaja-2014\/\"]}]},{\"@type\":\"ImageObject\",\"inLanguage\":\"de\",\"@id\":\"https:\/\/fonsvinum.com\/de\/produkt\/langhe-rosso-doc-conteisa-gaja-2014\/#primaryimage\",\"url\":\"https:\/\/fonsvinum.com\/files\/2013\/04\/langhe_rosso_conteisa_gaja.png\",\"contentUrl\":\"https:\/\/fonsvinum.com\/files\/2013\/04\/langhe_rosso_conteisa_gaja.png\",\"width\":200,\"height\":600},{\"@type\":\"BreadcrumbList\",\"@id\":\"https:\/\/fonsvinum.com\/de\/produkt\/langhe-rosso-doc-conteisa-gaja-2014\/#breadcrumb\",\"itemListElement\":[{\"@type\":\"ListItem\",\"position\":1,\"name\":\"Startseite\",\"item\":\"https:\/\/fonsvinum.com\/de\/\"},{\"@type\":\"ListItem\",\"position\":2,\"name\":\"Shop\",\"item\":\"https:\/\/fonsvinum.com\/de\/shop\/\"},{\"@type\":\"ListItem\",\"position\":3,\"name\":\"Langhe Rosso DOC Conteisa GAJA 2014\"}]},{\"@type\":\"WebSite\",\"@id\":\"https:\/\/fonsvinum.com\/en\/#website\",\"url\":\"https:\/\/fonsvinum.com\/en\/\",\"name\":\"Fons Vinum\",\"description\":\"Vendita Vino Online\",\"publisher\":{\"@id\":\"https:\/\/fonsvinum.com\/en\/#organization\"},\"potentialAction\":[{\"@type\":\"SearchAction\",\"target\":{\"@type\":\"EntryPoint\",\"urlTemplate\":\"https:\/\/fonsvinum.com\/en\/?s={search_term_string}\"},\"query-input\":{\"@type\":\"PropertyValueSpecification\",\"valueRequired\":true,\"valueName\":\"search_term_string\"}}],\"inLanguage\":\"de\"},{\"@type\":\"Organization\",\"@id\":\"https:\/\/fonsvinum.com\/en\/#organization\",\"name\":\"Fons Vinum\",\"url\":\"https:\/\/fonsvinum.com\/en\/\",\"logo\":{\"@type\":\"ImageObject\",\"inLanguage\":\"de\",\"@id\":\"https:\/\/fonsvinum.com\/en\/#\/schema\/logo\/image\/\",\"url\":\"\",\"contentUrl\":\"\",\"caption\":\"Fons Vinum\"},\"image\":{\"@id\":\"https:\/\/fonsvinum.com\/en\/#\/schema\/logo\/image\/\"}}]}<\/script>\n<!-- \/ Yoast SEO plugin. -->","yoast_head_json":{"title":"Langhe Rosso DOC Conteisa GAJA 2014 I Fonsvinum","description":"Langhe Rosso DOC Conteisa GAJA 2014. W\u00e4hrend der Sperss massiver und tanninreicher ist, repr\u00e4sentiert der Nebbiolo im Conteisa","robots":{"index":"index","follow":"follow","max-snippet":"max-snippet:-1","max-image-preview":"max-image-preview:large","max-video-preview":"max-video-preview:-1"},"canonical":"https:\/\/fonsvinum.com\/de\/produkt\/langhe-rosso-doc-conteisa-gaja-2014\/","og_locale":"de_DE","og_type":"article","og_title":"Langhe Rosso DOC Conteisa GAJA 2014 I Fonsvinum","og_description":"Langhe Rosso DOC Conteisa GAJA 2014. W\u00e4hrend der Sperss massiver und tanninreicher ist, repr\u00e4sentiert der Nebbiolo im Conteisa","og_url":"https:\/\/fonsvinum.com\/de\/produkt\/langhe-rosso-doc-conteisa-gaja-2014\/","og_site_name":"Fons Vinum","article_modified_time":"2019-03-21T09:54:09+00:00","og_image":[{"width":200,"height":600,"url":"https:\/\/fonsvinum.com\/files\/2013\/04\/langhe_rosso_conteisa_gaja.png","type":"image\/png"}],"twitter_misc":{"Gesch\u00e4tzte Lesezeit":"1\u00a0Minute"},"schema":{"@context":"https:\/\/schema.org","@graph":[{"@type":"WebPage","@id":"https:\/\/fonsvinum.com\/de\/produkt\/langhe-rosso-doc-conteisa-gaja-2014\/","url":"https:\/\/fonsvinum.com\/de\/produkt\/langhe-rosso-doc-conteisa-gaja-2014\/","name":"Langhe Rosso DOC Conteisa GAJA 2014 I Fonsvinum","isPartOf":{"@id":"https:\/\/fonsvinum.com\/en\/#website"},"primaryImageOfPage":{"@id":"https:\/\/fonsvinum.com\/de\/produkt\/langhe-rosso-doc-conteisa-gaja-2014\/#primaryimage"},"image":{"@id":"https:\/\/fonsvinum.com\/de\/produkt\/langhe-rosso-doc-conteisa-gaja-2014\/#primaryimage"},"thumbnailUrl":"https:\/\/fonsvinum.com\/files\/2013\/04\/langhe_rosso_conteisa_gaja.png","datePublished":"2019-03-21T09:48:30+00:00","dateModified":"2019-03-21T09:54:09+00:00","description":"Langhe Rosso DOC Conteisa GAJA 2014. W\u00e4hrend der Sperss massiver und tanninreicher ist, repr\u00e4sentiert der Nebbiolo im Conteisa","breadcrumb":{"@id":"https:\/\/fonsvinum.com\/de\/produkt\/langhe-rosso-doc-conteisa-gaja-2014\/#breadcrumb"},"inLanguage":"de","potentialAction":[{"@type":"ReadAction","target":["https:\/\/fonsvinum.com\/de\/produkt\/langhe-rosso-doc-conteisa-gaja-2014\/"]}]},{"@type":"ImageObject","inLanguage":"de","@id":"https:\/\/fonsvinum.com\/de\/produkt\/langhe-rosso-doc-conteisa-gaja-2014\/#primaryimage","url":"https:\/\/fonsvinum.com\/files\/2013\/04\/langhe_rosso_conteisa_gaja.png","contentUrl":"https:\/\/fonsvinum.com\/files\/2013\/04\/langhe_rosso_conteisa_gaja.png","width":200,"height":600},{"@type":"BreadcrumbList","@id":"https:\/\/fonsvinum.com\/de\/produkt\/langhe-rosso-doc-conteisa-gaja-2014\/#breadcrumb","itemListElement":[{"@type":"ListItem","position":1,"name":"Startseite","item":"https:\/\/fonsvinum.com\/de\/"},{"@type":"ListItem","position":2,"name":"Shop","item":"https:\/\/fonsvinum.com\/de\/shop\/"},{"@type":"ListItem","position":3,"name":"Langhe Rosso DOC Conteisa GAJA 2014"}]},{"@type":"WebSite","@id":"https:\/\/fonsvinum.com\/en\/#website","url":"https:\/\/fonsvinum.com\/en\/","name":"Fons Vinum","description":"Vendita Vino Online","publisher":{"@id":"https:\/\/fonsvinum.com\/en\/#organization"},"potentialAction":[{"@type":"SearchAction","target":{"@type":"EntryPoint","urlTemplate":"https:\/\/fonsvinum.com\/en\/?s={search_term_string}"},"query-input":{"@type":"PropertyValueSpecification","valueRequired":true,"valueName":"search_term_string"}}],"inLanguage":"de"},{"@type":"Organization","@id":"https:\/\/fonsvinum.com\/en\/#organization","name":"Fons Vinum","url":"https:\/\/fonsvinum.com\/en\/","logo":{"@type":"ImageObject","inLanguage":"de","@id":"https:\/\/fonsvinum.com\/en\/#\/schema\/logo\/image\/","url":"","contentUrl":"","caption":"Fons Vinum"},"image":{"@id":"https:\/\/fonsvinum.com\/en\/#\/schema\/logo\/image\/"}}]}},"acf":[],"_links":{"self":[{"href":"https:\/\/fonsvinum.com\/de\/wp-json\/wp\/v2\/product\/18657","targetHints":{"allow":["GET"]}}],"collection":[{"href":"https:\/\/fonsvinum.com\/de\/wp-json\/wp\/v2\/product"}],"about":[{"href":"https:\/\/fonsvinum.com\/de\/wp-json\/wp\/v2\/types\/product"}],"replies":[{"embeddable":true,"href":"https:\/\/fonsvinum.com\/de\/wp-json\/wp\/v2\/comments?post=18657"}],"wp:featuredmedia":[{"embeddable":true,"href":"https:\/\/fonsvinum.com\/de\/wp-json\/wp\/v2\/media\/5872"}],"wp:attachment":[{"href":"https:\/\/fonsvinum.com\/de\/wp-json\/wp\/v2\/media?parent=18657"}],"wp:term":[{"taxonomy":"product_brand","embeddable":true,"href":"https:\/\/fonsvinum.com\/de\/wp-json\/wp\/v2\/product_brand?post=18657"},{"taxonomy":"product_cat","embeddable":true,"href":"https:\/\/fonsvinum.com\/de\/wp-json\/wp\/v2\/product_cat?post=18657"},{"taxonomy":"product_tag","embeddable":true,"href":"https:\/\/fonsvinum.com\/de\/wp-json\/wp\/v2\/product_tag?post=18657"}],"curies":[{"name":"wp","href":"https:\/\/api.w.org\/{rel}","templated":true}]}}