{"id":18561,"date":"2019-03-20T09:23:03","date_gmt":"2019-03-20T08:23:03","guid":{"rendered":"https:\/\/fonsvinum.com\/?post_type=product&#038;p=18561"},"modified":"2019-03-20T09:32:13","modified_gmt":"2019-03-20T08:32:13","slug":"barbaresco-2014-riserva-asili-produttori-del-barbaresco","status":"publish","type":"product","link":"https:\/\/fonsvinum.com\/de\/produkt\/barbaresco-2014-riserva-asili-produttori-del-barbaresco\/","title":{"rendered":"Barbaresco 2014 Riserva Asili PRODUTTORI DEL BARBARESCO"},"content":{"rendered":"<h1>Barbaresco 2014 Riserva Asili PRODUTTORI DEL BARBARESCO<\/h1>\n<p>Die Lage Asili geh\u00f6rt \u2013 neben den Crus Rabaja und Montestefano\u00a0&#8211; zu den vier allerbesten Lagen der Ortschaft Barbaresco und m\u00f6glicherweise auch zu den Besten der gesamten Appellation.<\/p>\n<p>Nat\u00fcrlich kommen auch aus Treiso und Neive ganz herausragende Barbaresco-Weine. Diese sind allerdings vielfach mit der Weinmacherkunst eines ganz bestimmten Produzenten verbunden, wie z.B. die Crus Gallina und Santo Stefano in Neive, die Bruno Giacosa ber\u00fchmt gemacht hat (nicht \u201ehaben\u201c, man beachte diesen feinen Unterschied) oder La Spinettas Barbaresco Valeirano aus einem der besten Weinberge in Treiso.<\/p>\n<p>Die Lage Asili findet man auf der Hauptstrasse nach Barbaresco linkerhand, kurz bevor man die eigentliche Ortschaft<br \/>\nerreicht, direkt neben den beiden anderen Toplagen Rabaja und Martinenga. Die Ausrichtung ist ideal nach S\u00fcden bzw.<\/p>\n<p>S\u00fcdwesten, die Parzellen liegen in einer H\u00f6he von 200 bis 270 Metern \u00fcber Meer. Die Weine aus der Lage Asili<br \/>\nzeichnen sich durch eine grossartige Eleganz, rotbeerigen Fruchtnoten sowie seidigen Tanninen aus.<\/p>\n<p>Die bekanntesten Produzenten mit Asili-Parzellen sind Ceretto, Bruno Giacosa und nat\u00fcrlich die Produttori del Barbaresco\u00a0, die diesen Cru ausschliesslich als Riserva, d.h. nach einer mindestens vier Jahre dauernden Ausbau- und Reifezeit, auf den Markt bringen.<\/p>\n<p>Der Barbaresco hat eine intensive tief rote Farbe; komplex und sanft gew\u00fcrzt, Pflaume, Veilchen, frisch gem\u00e4htes Heu, intensiv, finessenreich und feine Tannine.<\/p>\n<p>&nbsp;<\/p>\n","protected":false},"excerpt":{"rendered":"<p>Barbaresco 2014 Riserva Asili PRODUTTORI DEL BARBARESCO Die Lage Asili geh\u00f6rt \u2013 neben den Crus Rabaja und Montestefano\u00a0&#8211; zu den vier allerbesten Lagen der Ortschaft Barbaresco und m\u00f6glicherweise auch zu den Besten der gesamten Appellation. Nat\u00fcrlich kommen auch aus Treiso und Neive ganz herausragende Barbaresco-Weine. Diese sind allerdings vielfach mit der Weinmacherkunst eines ganz bestimmten [&hellip;]<\/p>\n","protected":false},"featured_media":31738,"comment_status":"open","ping_status":"closed","template":"","meta":{"_acf_changed":false,"_monsterinsights_skip_tracking":false,"_monsterinsights_sitenote_active":false,"_monsterinsights_sitenote_note":"","_monsterinsights_sitenote_category":0},"product_brand":[],"product_cat":[1773],"product_tag":[],"class_list":{"0":"post-18561","1":"product","2":"type-product","3":"status-publish","4":"has-post-thumbnail","6":"product_cat-barbaresco-de","7":"pa_appellation-barbaresco-docg-de","8":"pa_formato-0-75-l-flasche-de","9":"pa_producer-produttori-del-barbaresco-de","10":"pa_region-piemont-de","11":"pa_vine-100-nebbiolo-de","12":"pa_vintage-2014-de","14":"first","15":"instock","16":"sale","17":"taxable","18":"shipping-taxable","19":"purchasable","20":"product-type-simple"},"bundled_by":[],"bundle_stock_status":"instock","bundle_stock_quantity":3,"bundle_virtual":false,"bundle_layout":"","bundle_add_to_cart_form_location":"","bundle_editable_in_cart":false,"bundle_sold_individually_context":"","bundle_item_grouping":"","bundle_min_size":"","bundle_max_size":"","bundle_price":[],"bundled_items":[],"bundle_sell_ids":[],"yoast_head":"<!-- This site is optimized with the Yoast SEO plugin v27.3 - https:\/\/yoast.com\/product\/yoast-seo-wordpress\/ -->\n<title>Barbaresco 2014 Riserva Asili PRODUTTORI DEL BARBARESCO<\/title>\n<meta name=\"description\" content=\"Barbaresco 2014 Riserva Asili PRODUTTORI DEL BARBARESCO. Die Weine aus der Lage Asili zeichnen sich durch eine grossartige Eleganz\" \/>\n<meta name=\"robots\" content=\"index, follow, max-snippet:-1, max-image-preview:large, max-video-preview:-1\" \/>\n<link rel=\"canonical\" href=\"https:\/\/fonsvinum.com\/de\/produkt\/barbaresco-2014-riserva-asili-produttori-del-barbaresco\/\" \/>\n<meta property=\"og:locale\" content=\"de_DE\" \/>\n<meta property=\"og:type\" content=\"article\" \/>\n<meta property=\"og:title\" content=\"Barbaresco 2014 Riserva Asili PRODUTTORI DEL BARBARESCO\" \/>\n<meta property=\"og:description\" content=\"Barbaresco 2014 Riserva Asili PRODUTTORI DEL BARBARESCO. Die Weine aus der Lage Asili zeichnen sich durch eine grossartige Eleganz\" \/>\n<meta property=\"og:url\" content=\"https:\/\/fonsvinum.com\/de\/produkt\/barbaresco-2014-riserva-asili-produttori-del-barbaresco\/\" \/>\n<meta property=\"og:site_name\" content=\"Fons Vinum\" \/>\n<meta property=\"article:modified_time\" content=\"2019-03-20T08:32:13+00:00\" \/>\n<meta property=\"og:image\" content=\"https:\/\/fonsvinum.com\/files\/2021\/03\/barbaresco-asili-produttori-del-barbaresco.jpg\" \/>\n\t<meta property=\"og:image:width\" content=\"200\" \/>\n\t<meta property=\"og:image:height\" content=\"600\" \/>\n\t<meta property=\"og:image:type\" content=\"image\/jpeg\" \/>\n<meta name=\"twitter:label1\" content=\"Gesch\u00e4tzte Lesezeit\" \/>\n\t<meta name=\"twitter:data1\" content=\"1\u00a0Minute\" \/>\n<script type=\"application\/ld+json\" class=\"yoast-schema-graph\">{\"@context\":\"https:\\\/\\\/schema.org\",\"@graph\":[{\"@type\":\"WebPage\",\"@id\":\"https:\\\/\\\/fonsvinum.com\\\/de\\\/produkt\\\/barbaresco-2014-riserva-asili-produttori-del-barbaresco\\\/\",\"url\":\"https:\\\/\\\/fonsvinum.com\\\/de\\\/produkt\\\/barbaresco-2014-riserva-asili-produttori-del-barbaresco\\\/\",\"name\":\"Barbaresco 2014 Riserva Asili PRODUTTORI DEL BARBARESCO\",\"isPartOf\":{\"@id\":\"https:\\\/\\\/fonsvinum.com\\\/en\\\/#website\"},\"primaryImageOfPage\":{\"@id\":\"https:\\\/\\\/fonsvinum.com\\\/de\\\/produkt\\\/barbaresco-2014-riserva-asili-produttori-del-barbaresco\\\/#primaryimage\"},\"image\":{\"@id\":\"https:\\\/\\\/fonsvinum.com\\\/de\\\/produkt\\\/barbaresco-2014-riserva-asili-produttori-del-barbaresco\\\/#primaryimage\"},\"thumbnailUrl\":\"https:\\\/\\\/fonsvinum.com\\\/files\\\/2021\\\/03\\\/barbaresco-asili-produttori-del-barbaresco.jpg\",\"datePublished\":\"2019-03-20T08:23:03+00:00\",\"dateModified\":\"2019-03-20T08:32:13+00:00\",\"description\":\"Barbaresco 2014 Riserva Asili PRODUTTORI DEL BARBARESCO. Die Weine aus der Lage Asili zeichnen sich durch eine grossartige Eleganz\",\"breadcrumb\":{\"@id\":\"https:\\\/\\\/fonsvinum.com\\\/de\\\/produkt\\\/barbaresco-2014-riserva-asili-produttori-del-barbaresco\\\/#breadcrumb\"},\"inLanguage\":\"de\",\"potentialAction\":[{\"@type\":\"ReadAction\",\"target\":[\"https:\\\/\\\/fonsvinum.com\\\/de\\\/produkt\\\/barbaresco-2014-riserva-asili-produttori-del-barbaresco\\\/\"]}]},{\"@type\":\"ImageObject\",\"inLanguage\":\"de\",\"@id\":\"https:\\\/\\\/fonsvinum.com\\\/de\\\/produkt\\\/barbaresco-2014-riserva-asili-produttori-del-barbaresco\\\/#primaryimage\",\"url\":\"https:\\\/\\\/fonsvinum.com\\\/files\\\/2021\\\/03\\\/barbaresco-asili-produttori-del-barbaresco.jpg\",\"contentUrl\":\"https:\\\/\\\/fonsvinum.com\\\/files\\\/2021\\\/03\\\/barbaresco-asili-produttori-del-barbaresco.jpg\",\"width\":200,\"height\":600,\"caption\":\"PRODUTTORI DEL BARBARESCO Riserva Asili\"},{\"@type\":\"BreadcrumbList\",\"@id\":\"https:\\\/\\\/fonsvinum.com\\\/de\\\/produkt\\\/barbaresco-2014-riserva-asili-produttori-del-barbaresco\\\/#breadcrumb\",\"itemListElement\":[{\"@type\":\"ListItem\",\"position\":1,\"name\":\"Startseite\",\"item\":\"https:\\\/\\\/fonsvinum.com\\\/de\\\/\"},{\"@type\":\"ListItem\",\"position\":2,\"name\":\"Shop\",\"item\":\"https:\\\/\\\/fonsvinum.com\\\/de\\\/shop\\\/\"},{\"@type\":\"ListItem\",\"position\":3,\"name\":\"Barbaresco 2014 Riserva Asili PRODUTTORI DEL BARBARESCO\"}]},{\"@type\":\"WebSite\",\"@id\":\"https:\\\/\\\/fonsvinum.com\\\/en\\\/#website\",\"url\":\"https:\\\/\\\/fonsvinum.com\\\/en\\\/\",\"name\":\"Fons Vinum\",\"description\":\"Vendita Vino Online\",\"publisher\":{\"@id\":\"https:\\\/\\\/fonsvinum.com\\\/en\\\/#organization\"},\"potentialAction\":[{\"@type\":\"SearchAction\",\"target\":{\"@type\":\"EntryPoint\",\"urlTemplate\":\"https:\\\/\\\/fonsvinum.com\\\/en\\\/?s={search_term_string}\"},\"query-input\":{\"@type\":\"PropertyValueSpecification\",\"valueRequired\":true,\"valueName\":\"search_term_string\"}}],\"inLanguage\":\"de\"},{\"@type\":\"Organization\",\"@id\":\"https:\\\/\\\/fonsvinum.com\\\/en\\\/#organization\",\"name\":\"Fons Vinum\",\"url\":\"https:\\\/\\\/fonsvinum.com\\\/en\\\/\",\"logo\":{\"@type\":\"ImageObject\",\"inLanguage\":\"de\",\"@id\":\"https:\\\/\\\/fonsvinum.com\\\/en\\\/#\\\/schema\\\/logo\\\/image\\\/\",\"url\":\"\",\"contentUrl\":\"\",\"caption\":\"Fons Vinum\"},\"image\":{\"@id\":\"https:\\\/\\\/fonsvinum.com\\\/en\\\/#\\\/schema\\\/logo\\\/image\\\/\"}}]}<\/script>\n<!-- \/ Yoast SEO plugin. -->","yoast_head_json":{"title":"Barbaresco 2014 Riserva Asili PRODUTTORI DEL BARBARESCO","description":"Barbaresco 2014 Riserva Asili PRODUTTORI DEL BARBARESCO. Die Weine aus der Lage Asili zeichnen sich durch eine grossartige Eleganz","robots":{"index":"index","follow":"follow","max-snippet":"max-snippet:-1","max-image-preview":"max-image-preview:large","max-video-preview":"max-video-preview:-1"},"canonical":"https:\/\/fonsvinum.com\/de\/produkt\/barbaresco-2014-riserva-asili-produttori-del-barbaresco\/","og_locale":"de_DE","og_type":"article","og_title":"Barbaresco 2014 Riserva Asili PRODUTTORI DEL BARBARESCO","og_description":"Barbaresco 2014 Riserva Asili PRODUTTORI DEL BARBARESCO. Die Weine aus der Lage Asili zeichnen sich durch eine grossartige Eleganz","og_url":"https:\/\/fonsvinum.com\/de\/produkt\/barbaresco-2014-riserva-asili-produttori-del-barbaresco\/","og_site_name":"Fons Vinum","article_modified_time":"2019-03-20T08:32:13+00:00","og_image":[{"width":200,"height":600,"url":"https:\/\/fonsvinum.com\/files\/2021\/03\/barbaresco-asili-produttori-del-barbaresco.jpg","type":"image\/jpeg"}],"twitter_misc":{"Gesch\u00e4tzte Lesezeit":"1\u00a0Minute"},"schema":{"@context":"https:\/\/schema.org","@graph":[{"@type":"WebPage","@id":"https:\/\/fonsvinum.com\/de\/produkt\/barbaresco-2014-riserva-asili-produttori-del-barbaresco\/","url":"https:\/\/fonsvinum.com\/de\/produkt\/barbaresco-2014-riserva-asili-produttori-del-barbaresco\/","name":"Barbaresco 2014 Riserva Asili PRODUTTORI DEL BARBARESCO","isPartOf":{"@id":"https:\/\/fonsvinum.com\/en\/#website"},"primaryImageOfPage":{"@id":"https:\/\/fonsvinum.com\/de\/produkt\/barbaresco-2014-riserva-asili-produttori-del-barbaresco\/#primaryimage"},"image":{"@id":"https:\/\/fonsvinum.com\/de\/produkt\/barbaresco-2014-riserva-asili-produttori-del-barbaresco\/#primaryimage"},"thumbnailUrl":"https:\/\/fonsvinum.com\/files\/2021\/03\/barbaresco-asili-produttori-del-barbaresco.jpg","datePublished":"2019-03-20T08:23:03+00:00","dateModified":"2019-03-20T08:32:13+00:00","description":"Barbaresco 2014 Riserva Asili PRODUTTORI DEL BARBARESCO. Die Weine aus der Lage Asili zeichnen sich durch eine grossartige Eleganz","breadcrumb":{"@id":"https:\/\/fonsvinum.com\/de\/produkt\/barbaresco-2014-riserva-asili-produttori-del-barbaresco\/#breadcrumb"},"inLanguage":"de","potentialAction":[{"@type":"ReadAction","target":["https:\/\/fonsvinum.com\/de\/produkt\/barbaresco-2014-riserva-asili-produttori-del-barbaresco\/"]}]},{"@type":"ImageObject","inLanguage":"de","@id":"https:\/\/fonsvinum.com\/de\/produkt\/barbaresco-2014-riserva-asili-produttori-del-barbaresco\/#primaryimage","url":"https:\/\/fonsvinum.com\/files\/2021\/03\/barbaresco-asili-produttori-del-barbaresco.jpg","contentUrl":"https:\/\/fonsvinum.com\/files\/2021\/03\/barbaresco-asili-produttori-del-barbaresco.jpg","width":200,"height":600,"caption":"PRODUTTORI DEL BARBARESCO Riserva Asili"},{"@type":"BreadcrumbList","@id":"https:\/\/fonsvinum.com\/de\/produkt\/barbaresco-2014-riserva-asili-produttori-del-barbaresco\/#breadcrumb","itemListElement":[{"@type":"ListItem","position":1,"name":"Startseite","item":"https:\/\/fonsvinum.com\/de\/"},{"@type":"ListItem","position":2,"name":"Shop","item":"https:\/\/fonsvinum.com\/de\/shop\/"},{"@type":"ListItem","position":3,"name":"Barbaresco 2014 Riserva Asili PRODUTTORI DEL BARBARESCO"}]},{"@type":"WebSite","@id":"https:\/\/fonsvinum.com\/en\/#website","url":"https:\/\/fonsvinum.com\/en\/","name":"Fons Vinum","description":"Vendita Vino Online","publisher":{"@id":"https:\/\/fonsvinum.com\/en\/#organization"},"potentialAction":[{"@type":"SearchAction","target":{"@type":"EntryPoint","urlTemplate":"https:\/\/fonsvinum.com\/en\/?s={search_term_string}"},"query-input":{"@type":"PropertyValueSpecification","valueRequired":true,"valueName":"search_term_string"}}],"inLanguage":"de"},{"@type":"Organization","@id":"https:\/\/fonsvinum.com\/en\/#organization","name":"Fons Vinum","url":"https:\/\/fonsvinum.com\/en\/","logo":{"@type":"ImageObject","inLanguage":"de","@id":"https:\/\/fonsvinum.com\/en\/#\/schema\/logo\/image\/","url":"","contentUrl":"","caption":"Fons Vinum"},"image":{"@id":"https:\/\/fonsvinum.com\/en\/#\/schema\/logo\/image\/"}}]}},"acf":[],"_links":{"self":[{"href":"https:\/\/fonsvinum.com\/de\/wp-json\/wp\/v2\/product\/18561","targetHints":{"allow":["GET"]}}],"collection":[{"href":"https:\/\/fonsvinum.com\/de\/wp-json\/wp\/v2\/product"}],"about":[{"href":"https:\/\/fonsvinum.com\/de\/wp-json\/wp\/v2\/types\/product"}],"replies":[{"embeddable":true,"href":"https:\/\/fonsvinum.com\/de\/wp-json\/wp\/v2\/comments?post=18561"}],"wp:featuredmedia":[{"embeddable":true,"href":"https:\/\/fonsvinum.com\/de\/wp-json\/wp\/v2\/media\/31738"}],"wp:attachment":[{"href":"https:\/\/fonsvinum.com\/de\/wp-json\/wp\/v2\/media?parent=18561"}],"wp:term":[{"taxonomy":"product_brand","embeddable":true,"href":"https:\/\/fonsvinum.com\/de\/wp-json\/wp\/v2\/product_brand?post=18561"},{"taxonomy":"product_cat","embeddable":true,"href":"https:\/\/fonsvinum.com\/de\/wp-json\/wp\/v2\/product_cat?post=18561"},{"taxonomy":"product_tag","embeddable":true,"href":"https:\/\/fonsvinum.com\/de\/wp-json\/wp\/v2\/product_tag?post=18561"}],"curies":[{"name":"wp","href":"https:\/\/api.w.org\/{rel}","templated":true}]}}