{"id":18423,"date":"2019-03-13T15:44:15","date_gmt":"2019-03-13T14:44:15","guid":{"rendered":"https:\/\/fonsvinum.com\/?post_type=product&#038;p=18423"},"modified":"2023-06-23T12:30:22","modified_gmt":"2023-06-23T10:30:22","slug":"le-volte-tenute-dellornellaia-2012-magnum","status":"publish","type":"product","link":"https:\/\/fonsvinum.com\/de\/produkt\/le-volte-tenute-dellornellaia-2012-magnum\/","title":{"rendered":"Le Volte TENUTE DELL&#8217;ORNELLAIA 2012 Magnum"},"content":{"rendered":"<h1>Le Volte <a title=\"lE VOLTE\" href=\"http:\/\/www.ornellaia.com\/\" target=\"_blank\" rel=\"noopener noreferrer\">TENUTE DELL&#8217;ORNELLAIA<\/a> 2012 Magnum<\/h1>\n<p>Die Ausdruckskraft des Le Volte dell\u2019Ornellaia profitiert von dem besonderen gleichm\u00e4\u00dfigen Klima, das auf dem Weinbaugebiet herrscht. Mediterrane St\u00e4rke vereint sich mit einer komplexen Struktur<\/p>\n<p>Der Wein ist farbintensiv, das Bukett bringt fruchtige und w\u00fcrzige Elemente zum Vorschein. Am Gaumen mischensich seidige Tannine mit einer frischen S\u00e4ure.<\/p>\n<p>Le Volte dell\u2019Ornellaia kombiniert die mediterrane Ausdruckskraft von opulenter, gro\u00dfz\u00fcgiger F\u00fclle mit Struktur und Komplexit\u00e4t. Der zug\u00e4ngliche Stil von Le Volte dell\u2019Ornellaia, ein Blend aus Merlot, Sangiovese und Cabernet Sauvignon, spiegelt die Philosophie und das Savoir-Faire von Ornellaia wider.<\/p>\n<h2>Vinifikation und Ausbau<\/h2>\n<p>Die verschiedenen Rebsorten wurden separat in kleinen Stahltanks vergoren, um ihre sortentypischen Eigenschaften zu erhalten. Nach der alkoholischen G\u00e4rung erfolgte die malolaktische G\u00e4rung, wiederum in Stahltanks. Zu guter Letzt wurde der Wein 10 Monate lang teils in Barriques, die f\u00fcr Ornellaia verwendet wurden, und teils in Zementtanks, ausgebaut, um eine perfekte Ausgewogenheit zwischen der Tanninstruktur und dem Ausdruck frischer Fr\u00fcchte zu erzielen.<\/p>\n<h3>VERKOSTUNGSNOTIZEN DES WEINMACHERS<\/h3>\n<p>\u201eLe Volte dell\u2019Ornellaia 2017 ist das Kind eines besonders hei\u00dfen und regenarmen Winzerjahres und stellt sich uns in seiner gewohnt intensiven, rubinroten F\u00e4rbung vor. In der Nase bestechen angenehme Aromen von reifen Beerenfr\u00fcchten und Gew\u00fcrznoten, die am Gaumen von einer knackigen S\u00e4ure sowie einer ausgewogenen und samtigen Tanninstruktur unterst\u00fctzt werden.\u201c<\/p>\n<p>Olga Fusari<\/p>\n","protected":false},"excerpt":{"rendered":"<p>Le Volte TENUTE DELL&#8217;ORNELLAIA 2012 Magnum Die Ausdruckskraft des Le Volte dell\u2019Ornellaia profitiert von dem besonderen gleichm\u00e4\u00dfigen Klima, das auf dem Weinbaugebiet herrscht. Mediterrane St\u00e4rke vereint sich mit einer komplexen Struktur Der Wein ist farbintensiv, das Bukett bringt fruchtige und w\u00fcrzige Elemente zum Vorschein. Am Gaumen mischensich seidige Tannine mit einer frischen S\u00e4ure. Le Volte [&hellip;]<\/p>\n","protected":false},"featured_media":3684,"comment_status":"open","ping_status":"closed","template":"","meta":{"_acf_changed":false,"_monsterinsights_skip_tracking":false,"_monsterinsights_sitenote_active":false,"_monsterinsights_sitenote_note":"","_monsterinsights_sitenote_category":0},"product_brand":[],"product_cat":[1693],"product_tag":[],"class_list":{"0":"post-18423","1":"product","2":"type-product","3":"status-publish","4":"has-post-thumbnail","6":"product_cat-blend-2-de","7":"pa_appellation-toscana-rosso-igt-de","8":"pa_formato-1-50-l-flasche-de","9":"pa_producer-tenuta-dellornellaia-de","10":"pa_region-toskana-de","11":"pa_vine-cabernet-sauvignon-e-cabernet-franc-de","12":"pa_vintage-2012-de","14":"first","15":"instock","16":"taxable","17":"shipping-taxable","18":"purchasable","19":"product-type-simple"},"bundled_by":[],"bundle_stock_status":"instock","bundle_stock_quantity":2,"bundle_virtual":false,"bundle_layout":"","bundle_add_to_cart_form_location":"","bundle_editable_in_cart":false,"bundle_sold_individually_context":"","bundle_item_grouping":"","bundle_min_size":"","bundle_max_size":"","bundle_price":[],"bundled_items":[],"bundle_sell_ids":[],"yoast_head":"<!-- This site is optimized with the Yoast SEO plugin v27.2 - https:\/\/yoast.com\/product\/yoast-seo-wordpress\/ -->\n<title>Le Volte TENUTE DELL&#039;ORNELLAIA 2012 Magnum Vino rosso IGT<\/title>\n<meta name=\"description\" content=\"Le Volte TENUTE DELL&#039;ORNELLAIA 2012 Magnum Die Ausdruckskraft des Le Volte dell\u2019Ornellaia profitiert von dem besonderen gleichm\u00e4\u00dfigen Klima\" \/>\n<meta name=\"robots\" content=\"index, follow, max-snippet:-1, max-image-preview:large, max-video-preview:-1\" \/>\n<link rel=\"canonical\" href=\"https:\/\/fonsvinum.com\/de\/produkt\/le-volte-tenute-dellornellaia-2012-magnum\/\" \/>\n<meta property=\"og:locale\" content=\"de_DE\" \/>\n<meta property=\"og:type\" content=\"article\" \/>\n<meta property=\"og:title\" content=\"Le Volte TENUTE DELL&#039;ORNELLAIA 2012 Magnum Vino rosso IGT\" \/>\n<meta property=\"og:description\" content=\"Le Volte TENUTE DELL&#039;ORNELLAIA 2012 Magnum Die Ausdruckskraft des Le Volte dell\u2019Ornellaia profitiert von dem besonderen gleichm\u00e4\u00dfigen Klima\" \/>\n<meta property=\"og:url\" content=\"https:\/\/fonsvinum.com\/de\/produkt\/le-volte-tenute-dellornellaia-2012-magnum\/\" \/>\n<meta property=\"og:site_name\" content=\"Fons Vinum\" \/>\n<meta property=\"article:modified_time\" content=\"2023-06-23T10:30:22+00:00\" \/>\n<meta property=\"og:image\" content=\"https:\/\/fonsvinum.com\/files\/2013\/04\/toscanarosso_ornellaia_levolte.jpg\" \/>\n\t<meta property=\"og:image:width\" content=\"172\" \/>\n\t<meta property=\"og:image:height\" content=\"575\" \/>\n\t<meta property=\"og:image:type\" content=\"image\/jpeg\" \/>\n<meta name=\"twitter:label1\" content=\"Gesch\u00e4tzte Lesezeit\" \/>\n\t<meta name=\"twitter:data1\" content=\"2\u00a0Minuten\" \/>\n<script type=\"application\/ld+json\" class=\"yoast-schema-graph\">{\"@context\":\"https:\/\/schema.org\",\"@graph\":[{\"@type\":\"WebPage\",\"@id\":\"https:\/\/fonsvinum.com\/de\/produkt\/le-volte-tenute-dellornellaia-2012-magnum\/\",\"url\":\"https:\/\/fonsvinum.com\/de\/produkt\/le-volte-tenute-dellornellaia-2012-magnum\/\",\"name\":\"Le Volte TENUTE DELL'ORNELLAIA 2012 Magnum Vino rosso IGT\",\"isPartOf\":{\"@id\":\"https:\/\/fonsvinum.com\/en\/#website\"},\"primaryImageOfPage\":{\"@id\":\"https:\/\/fonsvinum.com\/de\/produkt\/le-volte-tenute-dellornellaia-2012-magnum\/#primaryimage\"},\"image\":{\"@id\":\"https:\/\/fonsvinum.com\/de\/produkt\/le-volte-tenute-dellornellaia-2012-magnum\/#primaryimage\"},\"thumbnailUrl\":\"https:\/\/fonsvinum.com\/files\/2013\/04\/toscanarosso_ornellaia_levolte.jpg\",\"datePublished\":\"2019-03-13T14:44:15+00:00\",\"dateModified\":\"2023-06-23T10:30:22+00:00\",\"description\":\"Le Volte TENUTE DELL'ORNELLAIA 2012 Magnum Die Ausdruckskraft des Le Volte dell\u2019Ornellaia profitiert von dem besonderen gleichm\u00e4\u00dfigen Klima\",\"breadcrumb\":{\"@id\":\"https:\/\/fonsvinum.com\/de\/produkt\/le-volte-tenute-dellornellaia-2012-magnum\/#breadcrumb\"},\"inLanguage\":\"de\",\"potentialAction\":[{\"@type\":\"ReadAction\",\"target\":[\"https:\/\/fonsvinum.com\/de\/produkt\/le-volte-tenute-dellornellaia-2012-magnum\/\"]}]},{\"@type\":\"ImageObject\",\"inLanguage\":\"de\",\"@id\":\"https:\/\/fonsvinum.com\/de\/produkt\/le-volte-tenute-dellornellaia-2012-magnum\/#primaryimage\",\"url\":\"https:\/\/fonsvinum.com\/files\/2013\/04\/toscanarosso_ornellaia_levolte.jpg\",\"contentUrl\":\"https:\/\/fonsvinum.com\/files\/2013\/04\/toscanarosso_ornellaia_levolte.jpg\",\"width\":172,\"height\":575},{\"@type\":\"BreadcrumbList\",\"@id\":\"https:\/\/fonsvinum.com\/de\/produkt\/le-volte-tenute-dellornellaia-2012-magnum\/#breadcrumb\",\"itemListElement\":[{\"@type\":\"ListItem\",\"position\":1,\"name\":\"Startseite\",\"item\":\"https:\/\/fonsvinum.com\/de\/\"},{\"@type\":\"ListItem\",\"position\":2,\"name\":\"Shop\",\"item\":\"https:\/\/fonsvinum.com\/de\/shop\/\"},{\"@type\":\"ListItem\",\"position\":3,\"name\":\"Le Volte TENUTE DELL&#8217;ORNELLAIA 2012 Magnum\"}]},{\"@type\":\"WebSite\",\"@id\":\"https:\/\/fonsvinum.com\/en\/#website\",\"url\":\"https:\/\/fonsvinum.com\/en\/\",\"name\":\"Fons Vinum\",\"description\":\"Vendita Vino Online\",\"publisher\":{\"@id\":\"https:\/\/fonsvinum.com\/en\/#organization\"},\"potentialAction\":[{\"@type\":\"SearchAction\",\"target\":{\"@type\":\"EntryPoint\",\"urlTemplate\":\"https:\/\/fonsvinum.com\/en\/?s={search_term_string}\"},\"query-input\":{\"@type\":\"PropertyValueSpecification\",\"valueRequired\":true,\"valueName\":\"search_term_string\"}}],\"inLanguage\":\"de\"},{\"@type\":\"Organization\",\"@id\":\"https:\/\/fonsvinum.com\/en\/#organization\",\"name\":\"Fons Vinum\",\"url\":\"https:\/\/fonsvinum.com\/en\/\",\"logo\":{\"@type\":\"ImageObject\",\"inLanguage\":\"de\",\"@id\":\"https:\/\/fonsvinum.com\/en\/#\/schema\/logo\/image\/\",\"url\":\"\",\"contentUrl\":\"\",\"caption\":\"Fons Vinum\"},\"image\":{\"@id\":\"https:\/\/fonsvinum.com\/en\/#\/schema\/logo\/image\/\"}}]}<\/script>\n<!-- \/ Yoast SEO plugin. -->","yoast_head_json":{"title":"Le Volte TENUTE DELL'ORNELLAIA 2012 Magnum Vino rosso IGT","description":"Le Volte TENUTE DELL'ORNELLAIA 2012 Magnum Die Ausdruckskraft des Le Volte dell\u2019Ornellaia profitiert von dem besonderen gleichm\u00e4\u00dfigen Klima","robots":{"index":"index","follow":"follow","max-snippet":"max-snippet:-1","max-image-preview":"max-image-preview:large","max-video-preview":"max-video-preview:-1"},"canonical":"https:\/\/fonsvinum.com\/de\/produkt\/le-volte-tenute-dellornellaia-2012-magnum\/","og_locale":"de_DE","og_type":"article","og_title":"Le Volte TENUTE DELL'ORNELLAIA 2012 Magnum Vino rosso IGT","og_description":"Le Volte TENUTE DELL'ORNELLAIA 2012 Magnum Die Ausdruckskraft des Le Volte dell\u2019Ornellaia profitiert von dem besonderen gleichm\u00e4\u00dfigen Klima","og_url":"https:\/\/fonsvinum.com\/de\/produkt\/le-volte-tenute-dellornellaia-2012-magnum\/","og_site_name":"Fons Vinum","article_modified_time":"2023-06-23T10:30:22+00:00","og_image":[{"width":172,"height":575,"url":"https:\/\/fonsvinum.com\/files\/2013\/04\/toscanarosso_ornellaia_levolte.jpg","type":"image\/jpeg"}],"twitter_misc":{"Gesch\u00e4tzte Lesezeit":"2\u00a0Minuten"},"schema":{"@context":"https:\/\/schema.org","@graph":[{"@type":"WebPage","@id":"https:\/\/fonsvinum.com\/de\/produkt\/le-volte-tenute-dellornellaia-2012-magnum\/","url":"https:\/\/fonsvinum.com\/de\/produkt\/le-volte-tenute-dellornellaia-2012-magnum\/","name":"Le Volte TENUTE DELL'ORNELLAIA 2012 Magnum Vino rosso IGT","isPartOf":{"@id":"https:\/\/fonsvinum.com\/en\/#website"},"primaryImageOfPage":{"@id":"https:\/\/fonsvinum.com\/de\/produkt\/le-volte-tenute-dellornellaia-2012-magnum\/#primaryimage"},"image":{"@id":"https:\/\/fonsvinum.com\/de\/produkt\/le-volte-tenute-dellornellaia-2012-magnum\/#primaryimage"},"thumbnailUrl":"https:\/\/fonsvinum.com\/files\/2013\/04\/toscanarosso_ornellaia_levolte.jpg","datePublished":"2019-03-13T14:44:15+00:00","dateModified":"2023-06-23T10:30:22+00:00","description":"Le Volte TENUTE DELL'ORNELLAIA 2012 Magnum Die Ausdruckskraft des Le Volte dell\u2019Ornellaia profitiert von dem besonderen gleichm\u00e4\u00dfigen Klima","breadcrumb":{"@id":"https:\/\/fonsvinum.com\/de\/produkt\/le-volte-tenute-dellornellaia-2012-magnum\/#breadcrumb"},"inLanguage":"de","potentialAction":[{"@type":"ReadAction","target":["https:\/\/fonsvinum.com\/de\/produkt\/le-volte-tenute-dellornellaia-2012-magnum\/"]}]},{"@type":"ImageObject","inLanguage":"de","@id":"https:\/\/fonsvinum.com\/de\/produkt\/le-volte-tenute-dellornellaia-2012-magnum\/#primaryimage","url":"https:\/\/fonsvinum.com\/files\/2013\/04\/toscanarosso_ornellaia_levolte.jpg","contentUrl":"https:\/\/fonsvinum.com\/files\/2013\/04\/toscanarosso_ornellaia_levolte.jpg","width":172,"height":575},{"@type":"BreadcrumbList","@id":"https:\/\/fonsvinum.com\/de\/produkt\/le-volte-tenute-dellornellaia-2012-magnum\/#breadcrumb","itemListElement":[{"@type":"ListItem","position":1,"name":"Startseite","item":"https:\/\/fonsvinum.com\/de\/"},{"@type":"ListItem","position":2,"name":"Shop","item":"https:\/\/fonsvinum.com\/de\/shop\/"},{"@type":"ListItem","position":3,"name":"Le Volte TENUTE DELL&#8217;ORNELLAIA 2012 Magnum"}]},{"@type":"WebSite","@id":"https:\/\/fonsvinum.com\/en\/#website","url":"https:\/\/fonsvinum.com\/en\/","name":"Fons Vinum","description":"Vendita Vino Online","publisher":{"@id":"https:\/\/fonsvinum.com\/en\/#organization"},"potentialAction":[{"@type":"SearchAction","target":{"@type":"EntryPoint","urlTemplate":"https:\/\/fonsvinum.com\/en\/?s={search_term_string}"},"query-input":{"@type":"PropertyValueSpecification","valueRequired":true,"valueName":"search_term_string"}}],"inLanguage":"de"},{"@type":"Organization","@id":"https:\/\/fonsvinum.com\/en\/#organization","name":"Fons Vinum","url":"https:\/\/fonsvinum.com\/en\/","logo":{"@type":"ImageObject","inLanguage":"de","@id":"https:\/\/fonsvinum.com\/en\/#\/schema\/logo\/image\/","url":"","contentUrl":"","caption":"Fons Vinum"},"image":{"@id":"https:\/\/fonsvinum.com\/en\/#\/schema\/logo\/image\/"}}]}},"acf":[],"_links":{"self":[{"href":"https:\/\/fonsvinum.com\/de\/wp-json\/wp\/v2\/product\/18423","targetHints":{"allow":["GET"]}}],"collection":[{"href":"https:\/\/fonsvinum.com\/de\/wp-json\/wp\/v2\/product"}],"about":[{"href":"https:\/\/fonsvinum.com\/de\/wp-json\/wp\/v2\/types\/product"}],"replies":[{"embeddable":true,"href":"https:\/\/fonsvinum.com\/de\/wp-json\/wp\/v2\/comments?post=18423"}],"wp:featuredmedia":[{"embeddable":true,"href":"https:\/\/fonsvinum.com\/de\/wp-json\/wp\/v2\/media\/3684"}],"wp:attachment":[{"href":"https:\/\/fonsvinum.com\/de\/wp-json\/wp\/v2\/media?parent=18423"}],"wp:term":[{"taxonomy":"product_brand","embeddable":true,"href":"https:\/\/fonsvinum.com\/de\/wp-json\/wp\/v2\/product_brand?post=18423"},{"taxonomy":"product_cat","embeddable":true,"href":"https:\/\/fonsvinum.com\/de\/wp-json\/wp\/v2\/product_cat?post=18423"},{"taxonomy":"product_tag","embeddable":true,"href":"https:\/\/fonsvinum.com\/de\/wp-json\/wp\/v2\/product_tag?post=18423"}],"curies":[{"name":"wp","href":"https:\/\/api.w.org\/{rel}","templated":true}]}}