{"id":18339,"date":"2019-03-11T10:12:14","date_gmt":"2019-03-11T09:12:14","guid":{"rendered":"https:\/\/fonsvinum.com\/?post_type=product&#038;p=18339"},"modified":"2020-01-22T12:35:01","modified_gmt":"2020-01-22T11:35:01","slug":"brunello-di-montalcino-cerretalto-casanova-di-neri-2010","status":"publish","type":"product","link":"https:\/\/fonsvinum.com\/de\/produkt\/brunello-di-montalcino-cerretalto-casanova-di-neri-2010\/","title":{"rendered":"Brunello di Montalcino Cerretalto Casanova di Neri 2010"},"content":{"rendered":"<h1>Brunello di Montalcino Cerretalto Casanova di Neri 2010<\/h1>\n<p>Der Ausbau erfolgt \u00fcber 30 Monate im Barrique. Im Anschlu\u00df reift der Wein 18 Monate in der Flasche.<\/p>\n<p>Beeindruckendes Bouquet von explosiver Kraft. Im Auftakt verw\u00f6hnen ein breites Spektrum dunkler T\u00f6ne die Nase mit etwas Leder, Bitterschokolade, Moka, etwas Veilchen und Lakritze, umrahmt von reifer Frucht nach Schwarzkirsche, Pflaume und etwas Johannisbeere.<\/p>\n<p>Am Gaumen gefallen die schon recht harmonischen Tannine und perfekt akzentuierte S\u00e4ure. Wir registrieren eine dichte Frucht von dunklen Beeren und Pflaume mit etwas verhaltenen Noten von Cassis und Kirsche.<\/p>\n<p>Das warme Holz, die orientalische W\u00fcrze und der zarte Schmelz erg\u00e4nzen die Fruchtkomposition in aristokratischer Weise. Langer Nachhall mit Beere, Holz und Leder.<\/p>\n","protected":false},"excerpt":{"rendered":"<p>Brunello di Montalcino Cerretalto Casanova di Neri 2010 Der Ausbau erfolgt \u00fcber 30 Monate im Barrique. Im Anschlu\u00df reift der Wein 18 Monate in der Flasche. Beeindruckendes Bouquet von explosiver Kraft. Im Auftakt verw\u00f6hnen ein breites Spektrum dunkler T\u00f6ne die Nase mit etwas Leder, Bitterschokolade, Moka, etwas Veilchen und Lakritze, umrahmt von reifer Frucht nach [&hellip;]<\/p>\n","protected":false},"featured_media":7869,"comment_status":"open","ping_status":"closed","template":"","meta":{"_acf_changed":false,"_monsterinsights_skip_tracking":false,"_monsterinsights_sitenote_active":false,"_monsterinsights_sitenote_note":"","_monsterinsights_sitenote_category":0},"product_brand":[],"product_cat":[1772],"product_tag":[1751,15911,1745],"class_list":{"0":"post-18339","1":"product","2":"type-product","3":"status-publish","4":"has-post-thumbnail","6":"product_cat-sangiovese-de","7":"product_tag-aussergewoehnliche-weine-aus-italien-de","8":"product_tag-brunello-de-2","9":"product_tag-super-tuscan-de","10":"pa_appellation-brunello-di-montalcino-docg-de","11":"pa_formato-0-75-l-flasche-de","12":"pa_producer-az-agricola-casanova-di-neri-di-giacomo-neri-de","13":"pa_region-toskana-de","14":"pa_vine-sangiovese-2-de","15":"pa_vintage-2010-de","17":"first","18":"outofstock","19":"taxable","20":"shipping-taxable","21":"purchasable","22":"product-type-simple"},"bundled_by":[],"bundle_stock_status":"outofstock","bundle_stock_quantity":0,"bundle_virtual":false,"bundle_layout":"","bundle_add_to_cart_form_location":"","bundle_editable_in_cart":false,"bundle_sold_individually_context":"","bundle_item_grouping":"","bundle_min_size":"","bundle_max_size":"","bundle_price":[],"bundled_items":[],"bundle_sell_ids":[],"yoast_head":"<!-- This site is optimized with the Yoast SEO plugin v27.2 - https:\/\/yoast.com\/product\/yoast-seo-wordpress\/ -->\n<title>Acquista on line Brunello di Montalcino Cerretalto Casanova di Neri 2010<\/title>\n<meta name=\"description\" content=\"Acquista on line su FonsVinum Brunello di Montalcino Cerretalto Casanova di Neri 2010: ottenuto prevalentemente dalle uve dell\u2019omonimo vigneto.\" \/>\n<meta name=\"robots\" content=\"index, follow, max-snippet:-1, max-image-preview:large, max-video-preview:-1\" \/>\n<link rel=\"canonical\" href=\"https:\/\/fonsvinum.com\/de\/produkt\/brunello-di-montalcino-cerretalto-casanova-di-neri-2010\/\" \/>\n<meta property=\"og:locale\" content=\"de_DE\" \/>\n<meta property=\"og:type\" content=\"article\" \/>\n<meta property=\"og:title\" content=\"Acquista on line Brunello di Montalcino Cerretalto Casanova di Neri 2010\" \/>\n<meta property=\"og:description\" content=\"Acquista on line su FonsVinum Brunello di Montalcino Cerretalto Casanova di Neri 2010: ottenuto prevalentemente dalle uve dell\u2019omonimo vigneto.\" \/>\n<meta property=\"og:url\" content=\"https:\/\/fonsvinum.com\/de\/produkt\/brunello-di-montalcino-cerretalto-casanova-di-neri-2010\/\" \/>\n<meta property=\"og:site_name\" content=\"Fons Vinum\" \/>\n<meta property=\"article:modified_time\" content=\"2020-01-22T11:35:01+00:00\" \/>\n<meta property=\"og:image\" content=\"https:\/\/fonsvinum.com\/files\/2016\/03\/Brunello-di-Montalcino-Cerretalto-Casanova-di-Neri-1.png\" \/>\n\t<meta property=\"og:image:width\" content=\"200\" \/>\n\t<meta property=\"og:image:height\" content=\"600\" \/>\n\t<meta property=\"og:image:type\" content=\"image\/png\" \/>\n<meta name=\"twitter:label1\" content=\"Gesch\u00e4tzte Lesezeit\" \/>\n\t<meta name=\"twitter:data1\" content=\"1\u00a0Minute\" \/>\n<script type=\"application\/ld+json\" class=\"yoast-schema-graph\">{\"@context\":\"https:\/\/schema.org\",\"@graph\":[{\"@type\":\"WebPage\",\"@id\":\"https:\/\/fonsvinum.com\/de\/produkt\/brunello-di-montalcino-cerretalto-casanova-di-neri-2010\/\",\"url\":\"https:\/\/fonsvinum.com\/de\/produkt\/brunello-di-montalcino-cerretalto-casanova-di-neri-2010\/\",\"name\":\"Acquista on line Brunello di Montalcino Cerretalto Casanova di Neri 2010\",\"isPartOf\":{\"@id\":\"https:\/\/fonsvinum.com\/en\/#website\"},\"primaryImageOfPage\":{\"@id\":\"https:\/\/fonsvinum.com\/de\/produkt\/brunello-di-montalcino-cerretalto-casanova-di-neri-2010\/#primaryimage\"},\"image\":{\"@id\":\"https:\/\/fonsvinum.com\/de\/produkt\/brunello-di-montalcino-cerretalto-casanova-di-neri-2010\/#primaryimage\"},\"thumbnailUrl\":\"https:\/\/fonsvinum.com\/files\/2016\/03\/Brunello-di-Montalcino-Cerretalto-Casanova-di-Neri-1.png\",\"datePublished\":\"2019-03-11T09:12:14+00:00\",\"dateModified\":\"2020-01-22T11:35:01+00:00\",\"description\":\"Acquista on line su FonsVinum Brunello di Montalcino Cerretalto Casanova di Neri 2010: ottenuto prevalentemente dalle uve dell\u2019omonimo vigneto.\",\"breadcrumb\":{\"@id\":\"https:\/\/fonsvinum.com\/de\/produkt\/brunello-di-montalcino-cerretalto-casanova-di-neri-2010\/#breadcrumb\"},\"inLanguage\":\"de\",\"potentialAction\":[{\"@type\":\"ReadAction\",\"target\":[\"https:\/\/fonsvinum.com\/de\/produkt\/brunello-di-montalcino-cerretalto-casanova-di-neri-2010\/\"]}]},{\"@type\":\"ImageObject\",\"inLanguage\":\"de\",\"@id\":\"https:\/\/fonsvinum.com\/de\/produkt\/brunello-di-montalcino-cerretalto-casanova-di-neri-2010\/#primaryimage\",\"url\":\"https:\/\/fonsvinum.com\/files\/2016\/03\/Brunello-di-Montalcino-Cerretalto-Casanova-di-Neri-1.png\",\"contentUrl\":\"https:\/\/fonsvinum.com\/files\/2016\/03\/Brunello-di-Montalcino-Cerretalto-Casanova-di-Neri-1.png\",\"width\":200,\"height\":600},{\"@type\":\"BreadcrumbList\",\"@id\":\"https:\/\/fonsvinum.com\/de\/produkt\/brunello-di-montalcino-cerretalto-casanova-di-neri-2010\/#breadcrumb\",\"itemListElement\":[{\"@type\":\"ListItem\",\"position\":1,\"name\":\"Startseite\",\"item\":\"https:\/\/fonsvinum.com\/de\/\"},{\"@type\":\"ListItem\",\"position\":2,\"name\":\"Shop\",\"item\":\"https:\/\/fonsvinum.com\/de\/shop\/\"},{\"@type\":\"ListItem\",\"position\":3,\"name\":\"Brunello di Montalcino Cerretalto Casanova di Neri 2010\"}]},{\"@type\":\"WebSite\",\"@id\":\"https:\/\/fonsvinum.com\/en\/#website\",\"url\":\"https:\/\/fonsvinum.com\/en\/\",\"name\":\"Fons Vinum\",\"description\":\"Vendita Vino Online\",\"publisher\":{\"@id\":\"https:\/\/fonsvinum.com\/en\/#organization\"},\"potentialAction\":[{\"@type\":\"SearchAction\",\"target\":{\"@type\":\"EntryPoint\",\"urlTemplate\":\"https:\/\/fonsvinum.com\/en\/?s={search_term_string}\"},\"query-input\":{\"@type\":\"PropertyValueSpecification\",\"valueRequired\":true,\"valueName\":\"search_term_string\"}}],\"inLanguage\":\"de\"},{\"@type\":\"Organization\",\"@id\":\"https:\/\/fonsvinum.com\/en\/#organization\",\"name\":\"Fons Vinum\",\"url\":\"https:\/\/fonsvinum.com\/en\/\",\"logo\":{\"@type\":\"ImageObject\",\"inLanguage\":\"de\",\"@id\":\"https:\/\/fonsvinum.com\/en\/#\/schema\/logo\/image\/\",\"url\":\"\",\"contentUrl\":\"\",\"caption\":\"Fons Vinum\"},\"image\":{\"@id\":\"https:\/\/fonsvinum.com\/en\/#\/schema\/logo\/image\/\"}}]}<\/script>\n<!-- \/ Yoast SEO plugin. -->","yoast_head_json":{"title":"Acquista on line Brunello di Montalcino Cerretalto Casanova di Neri 2010","description":"Acquista on line su FonsVinum Brunello di Montalcino Cerretalto Casanova di Neri 2010: ottenuto prevalentemente dalle uve dell\u2019omonimo vigneto.","robots":{"index":"index","follow":"follow","max-snippet":"max-snippet:-1","max-image-preview":"max-image-preview:large","max-video-preview":"max-video-preview:-1"},"canonical":"https:\/\/fonsvinum.com\/de\/produkt\/brunello-di-montalcino-cerretalto-casanova-di-neri-2010\/","og_locale":"de_DE","og_type":"article","og_title":"Acquista on line Brunello di Montalcino Cerretalto Casanova di Neri 2010","og_description":"Acquista on line su FonsVinum Brunello di Montalcino Cerretalto Casanova di Neri 2010: ottenuto prevalentemente dalle uve dell\u2019omonimo vigneto.","og_url":"https:\/\/fonsvinum.com\/de\/produkt\/brunello-di-montalcino-cerretalto-casanova-di-neri-2010\/","og_site_name":"Fons Vinum","article_modified_time":"2020-01-22T11:35:01+00:00","og_image":[{"width":200,"height":600,"url":"https:\/\/fonsvinum.com\/files\/2016\/03\/Brunello-di-Montalcino-Cerretalto-Casanova-di-Neri-1.png","type":"image\/png"}],"twitter_misc":{"Gesch\u00e4tzte Lesezeit":"1\u00a0Minute"},"schema":{"@context":"https:\/\/schema.org","@graph":[{"@type":"WebPage","@id":"https:\/\/fonsvinum.com\/de\/produkt\/brunello-di-montalcino-cerretalto-casanova-di-neri-2010\/","url":"https:\/\/fonsvinum.com\/de\/produkt\/brunello-di-montalcino-cerretalto-casanova-di-neri-2010\/","name":"Acquista on line Brunello di Montalcino Cerretalto Casanova di Neri 2010","isPartOf":{"@id":"https:\/\/fonsvinum.com\/en\/#website"},"primaryImageOfPage":{"@id":"https:\/\/fonsvinum.com\/de\/produkt\/brunello-di-montalcino-cerretalto-casanova-di-neri-2010\/#primaryimage"},"image":{"@id":"https:\/\/fonsvinum.com\/de\/produkt\/brunello-di-montalcino-cerretalto-casanova-di-neri-2010\/#primaryimage"},"thumbnailUrl":"https:\/\/fonsvinum.com\/files\/2016\/03\/Brunello-di-Montalcino-Cerretalto-Casanova-di-Neri-1.png","datePublished":"2019-03-11T09:12:14+00:00","dateModified":"2020-01-22T11:35:01+00:00","description":"Acquista on line su FonsVinum Brunello di Montalcino Cerretalto Casanova di Neri 2010: ottenuto prevalentemente dalle uve dell\u2019omonimo vigneto.","breadcrumb":{"@id":"https:\/\/fonsvinum.com\/de\/produkt\/brunello-di-montalcino-cerretalto-casanova-di-neri-2010\/#breadcrumb"},"inLanguage":"de","potentialAction":[{"@type":"ReadAction","target":["https:\/\/fonsvinum.com\/de\/produkt\/brunello-di-montalcino-cerretalto-casanova-di-neri-2010\/"]}]},{"@type":"ImageObject","inLanguage":"de","@id":"https:\/\/fonsvinum.com\/de\/produkt\/brunello-di-montalcino-cerretalto-casanova-di-neri-2010\/#primaryimage","url":"https:\/\/fonsvinum.com\/files\/2016\/03\/Brunello-di-Montalcino-Cerretalto-Casanova-di-Neri-1.png","contentUrl":"https:\/\/fonsvinum.com\/files\/2016\/03\/Brunello-di-Montalcino-Cerretalto-Casanova-di-Neri-1.png","width":200,"height":600},{"@type":"BreadcrumbList","@id":"https:\/\/fonsvinum.com\/de\/produkt\/brunello-di-montalcino-cerretalto-casanova-di-neri-2010\/#breadcrumb","itemListElement":[{"@type":"ListItem","position":1,"name":"Startseite","item":"https:\/\/fonsvinum.com\/de\/"},{"@type":"ListItem","position":2,"name":"Shop","item":"https:\/\/fonsvinum.com\/de\/shop\/"},{"@type":"ListItem","position":3,"name":"Brunello di Montalcino Cerretalto Casanova di Neri 2010"}]},{"@type":"WebSite","@id":"https:\/\/fonsvinum.com\/en\/#website","url":"https:\/\/fonsvinum.com\/en\/","name":"Fons Vinum","description":"Vendita Vino Online","publisher":{"@id":"https:\/\/fonsvinum.com\/en\/#organization"},"potentialAction":[{"@type":"SearchAction","target":{"@type":"EntryPoint","urlTemplate":"https:\/\/fonsvinum.com\/en\/?s={search_term_string}"},"query-input":{"@type":"PropertyValueSpecification","valueRequired":true,"valueName":"search_term_string"}}],"inLanguage":"de"},{"@type":"Organization","@id":"https:\/\/fonsvinum.com\/en\/#organization","name":"Fons Vinum","url":"https:\/\/fonsvinum.com\/en\/","logo":{"@type":"ImageObject","inLanguage":"de","@id":"https:\/\/fonsvinum.com\/en\/#\/schema\/logo\/image\/","url":"","contentUrl":"","caption":"Fons Vinum"},"image":{"@id":"https:\/\/fonsvinum.com\/en\/#\/schema\/logo\/image\/"}}]}},"acf":[],"_links":{"self":[{"href":"https:\/\/fonsvinum.com\/de\/wp-json\/wp\/v2\/product\/18339","targetHints":{"allow":["GET"]}}],"collection":[{"href":"https:\/\/fonsvinum.com\/de\/wp-json\/wp\/v2\/product"}],"about":[{"href":"https:\/\/fonsvinum.com\/de\/wp-json\/wp\/v2\/types\/product"}],"replies":[{"embeddable":true,"href":"https:\/\/fonsvinum.com\/de\/wp-json\/wp\/v2\/comments?post=18339"}],"wp:featuredmedia":[{"embeddable":true,"href":"https:\/\/fonsvinum.com\/de\/wp-json\/wp\/v2\/media\/7869"}],"wp:attachment":[{"href":"https:\/\/fonsvinum.com\/de\/wp-json\/wp\/v2\/media?parent=18339"}],"wp:term":[{"taxonomy":"product_brand","embeddable":true,"href":"https:\/\/fonsvinum.com\/de\/wp-json\/wp\/v2\/product_brand?post=18339"},{"taxonomy":"product_cat","embeddable":true,"href":"https:\/\/fonsvinum.com\/de\/wp-json\/wp\/v2\/product_cat?post=18339"},{"taxonomy":"product_tag","embeddable":true,"href":"https:\/\/fonsvinum.com\/de\/wp-json\/wp\/v2\/product_tag?post=18339"}],"curies":[{"name":"wp","href":"https:\/\/api.w.org\/{rel}","templated":true}]}}