{"id":18311,"date":"2019-03-08T11:49:54","date_gmt":"2019-03-08T10:49:54","guid":{"rendered":"https:\/\/fonsvinum.com\/?post_type=product&#038;p=18311"},"modified":"2019-10-21T10:03:21","modified_gmt":"2019-10-21T08:03:21","slug":"brunello-di-montalcino-2012-riserva-adalberto-caprili","status":"publish","type":"product","link":"https:\/\/fonsvinum.com\/de\/produkt\/brunello-di-montalcino-2012-riserva-adalberto-caprili\/","title":{"rendered":"BRUNELLO DI MONTALCINO 2012 RISERVA AdALBERTO CAPRILI"},"content":{"rendered":"<h1>BRUNELLO DI MONTALCINO 2012 RISERVA AdALBERTO CAPRILI<\/h1>\n<h3>BRUNELLO DI MONTALCINO 2012 RISERVA AdALBERTO\u00a0 CAPRILI<\/h3>\n<p>Az. Agr. Caprili di F.lli Bartolommei, Societa Agricola, Podere Caprili 268, I-53024 Montalcino (SI)<\/p>\n<h2>Der Weinkeller<\/h2>\n<p>Die Familie Bartolomei hatte lange Jahre das Land der ber\u00fchmten Villa Santa Restituta als P\u00e4chter bewirtschaftet und sich dort in den 50-ziger Jahren auf dem Geh\u00f6ft Caprili niedergelassen. 1965 konnte die Familie das Geh\u00f6ft von den Besitzern erwerben und ein Traum nahm seinen Anfang. Im selben Jahr wurde der erste Weinberg angepflanzt, der noch heute &#8222;Madre&#8220; Mutter genannt wird. Von diesem Weinberg werden alle Klone f\u00fcr neue Weinberge gezogen. Wenn man die Entwicklung \u00fcber mehr als zwanzig Jahre verfolgt, sieht man wie Flei\u00df und Qualit\u00e4t diesen kleinen Winzer vorw\u00e4rts gebracht haben. Der Keller enth\u00e4lt ausschlie\u00dflich gro\u00dfe F\u00e4sser aus slowenischer Eiche.<\/p>\n<p>&#8222;Mein Brunello ist ein Naturprodukt. Er ist zwar von Menschenhand gemacht, aber in seiner Urspr\u00fcnglichkeit belassen. Das sch\u00f6nste Kompliment, das man meinem Brunello machen kann? Dass er ein ehrlicher Wein ist! Ich lebe f\u00fcr den Wein. Er bedeutet f\u00fcr mich Leidenschaft und nicht Arbeit.&#8220; Paolo Bartolommei<\/p>\n<p>&nbsp;<\/p>\n","protected":false},"excerpt":{"rendered":"<p>BRUNELLO DI MONTALCINO 2012 RISERVA AdALBERTO CAPRILI BRUNELLO DI MONTALCINO 2012 RISERVA AdALBERTO\u00a0 CAPRILI Az. Agr. Caprili di F.lli Bartolommei, Societa Agricola, Podere Caprili 268, I-53024 Montalcino (SI) Der Weinkeller Die Familie Bartolomei hatte lange Jahre das Land der ber\u00fchmten Villa Santa Restituta als P\u00e4chter bewirtschaftet und sich dort in den 50-ziger Jahren auf dem [&hellip;]<\/p>\n","protected":false},"featured_media":14343,"comment_status":"open","ping_status":"closed","template":"","meta":{"_acf_changed":false,"_monsterinsights_skip_tracking":false,"_monsterinsights_sitenote_active":false,"_monsterinsights_sitenote_note":"","_monsterinsights_sitenote_category":0},"product_brand":[],"product_cat":[1762],"product_tag":[15911,2418,3583],"class_list":{"0":"post-18311","1":"product","2":"type-product","3":"status-publish","4":"has-post-thumbnail","6":"product_cat-brunello-de","7":"product_tag-brunello-de-2","8":"product_tag-kleine-weinzeuger-de","9":"product_tag-vini-toscani-de","10":"pa_appellation-brunello-di-montalcino-docg-riserva-de","11":"pa_formato-0-75-l-flasche-de","12":"pa_producer-caprili-de","13":"pa_region-toskana-de","14":"pa_vine-100-sangiovese-de","15":"pa_vintage-2012-de","17":"first","18":"outofstock","19":"taxable","20":"shipping-taxable","21":"purchasable","22":"product-type-simple"},"bundled_by":[],"bundle_stock_status":"outofstock","bundle_stock_quantity":0,"bundle_virtual":false,"bundle_layout":"","bundle_add_to_cart_form_location":"","bundle_editable_in_cart":false,"bundle_sold_individually_context":"","bundle_item_grouping":"","bundle_min_size":"","bundle_max_size":"","bundle_price":[],"bundled_items":[],"bundle_sell_ids":[],"yoast_head":"<!-- This site is optimized with the Yoast SEO plugin v27.2 - https:\/\/yoast.com\/product\/yoast-seo-wordpress\/ -->\n<title>BRUNELLO DI MONTALCINO 2012 RISERVA AdALBERTO CAPRILI<\/title>\n<meta name=\"description\" content=\"Kaufen on line Fons Vinum BRUNELLO DI MONTALCINO 2012 RISERVA AdALBERTO DOCG CAPRILI Rare Weine aus Toskana und Piedmont. Az. Agr. Caprili\" \/>\n<meta name=\"robots\" content=\"index, follow, max-snippet:-1, max-image-preview:large, max-video-preview:-1\" \/>\n<link rel=\"canonical\" href=\"https:\/\/fonsvinum.com\/de\/produkt\/brunello-di-montalcino-2012-riserva-adalberto-caprili\/\" \/>\n<meta property=\"og:locale\" content=\"de_DE\" \/>\n<meta property=\"og:type\" content=\"article\" \/>\n<meta property=\"og:title\" content=\"BRUNELLO DI MONTALCINO 2012 RISERVA AdALBERTO CAPRILI\" \/>\n<meta property=\"og:description\" content=\"Kaufen on line Fons Vinum BRUNELLO DI MONTALCINO 2012 RISERVA AdALBERTO DOCG CAPRILI Rare Weine aus Toskana und Piedmont. Az. Agr. Caprili\" \/>\n<meta property=\"og:url\" content=\"https:\/\/fonsvinum.com\/de\/produkt\/brunello-di-montalcino-2012-riserva-adalberto-caprili\/\" \/>\n<meta property=\"og:site_name\" content=\"Fons Vinum\" \/>\n<meta property=\"article:modified_time\" content=\"2019-10-21T08:03:21+00:00\" \/>\n<meta property=\"og:image\" content=\"https:\/\/fonsvinum.com\/files\/2018\/03\/BRUNELLO-DI-MONTALCINO-2010-RISERVA-AdALBERTO-CAPRILI.png\" \/>\n\t<meta property=\"og:image:width\" content=\"200\" \/>\n\t<meta property=\"og:image:height\" content=\"600\" \/>\n\t<meta property=\"og:image:type\" content=\"image\/png\" \/>\n<meta name=\"twitter:label1\" content=\"Gesch\u00e4tzte Lesezeit\" \/>\n\t<meta name=\"twitter:data1\" content=\"1\u00a0Minute\" \/>\n<script type=\"application\/ld+json\" class=\"yoast-schema-graph\">{\"@context\":\"https:\/\/schema.org\",\"@graph\":[{\"@type\":\"WebPage\",\"@id\":\"https:\/\/fonsvinum.com\/de\/produkt\/brunello-di-montalcino-2012-riserva-adalberto-caprili\/\",\"url\":\"https:\/\/fonsvinum.com\/de\/produkt\/brunello-di-montalcino-2012-riserva-adalberto-caprili\/\",\"name\":\"BRUNELLO DI MONTALCINO 2012 RISERVA AdALBERTO CAPRILI\",\"isPartOf\":{\"@id\":\"https:\/\/fonsvinum.com\/en\/#website\"},\"primaryImageOfPage\":{\"@id\":\"https:\/\/fonsvinum.com\/de\/produkt\/brunello-di-montalcino-2012-riserva-adalberto-caprili\/#primaryimage\"},\"image\":{\"@id\":\"https:\/\/fonsvinum.com\/de\/produkt\/brunello-di-montalcino-2012-riserva-adalberto-caprili\/#primaryimage\"},\"thumbnailUrl\":\"https:\/\/fonsvinum.com\/files\/2018\/03\/BRUNELLO-DI-MONTALCINO-2010-RISERVA-AdALBERTO-CAPRILI.png\",\"datePublished\":\"2019-03-08T10:49:54+00:00\",\"dateModified\":\"2019-10-21T08:03:21+00:00\",\"description\":\"Kaufen on line Fons Vinum BRUNELLO DI MONTALCINO 2012 RISERVA AdALBERTO DOCG CAPRILI Rare Weine aus Toskana und Piedmont. Az. Agr. Caprili\",\"breadcrumb\":{\"@id\":\"https:\/\/fonsvinum.com\/de\/produkt\/brunello-di-montalcino-2012-riserva-adalberto-caprili\/#breadcrumb\"},\"inLanguage\":\"de\",\"potentialAction\":[{\"@type\":\"ReadAction\",\"target\":[\"https:\/\/fonsvinum.com\/de\/produkt\/brunello-di-montalcino-2012-riserva-adalberto-caprili\/\"]}]},{\"@type\":\"ImageObject\",\"inLanguage\":\"de\",\"@id\":\"https:\/\/fonsvinum.com\/de\/produkt\/brunello-di-montalcino-2012-riserva-adalberto-caprili\/#primaryimage\",\"url\":\"https:\/\/fonsvinum.com\/files\/2018\/03\/BRUNELLO-DI-MONTALCINO-2010-RISERVA-AdALBERTO-CAPRILI.png\",\"contentUrl\":\"https:\/\/fonsvinum.com\/files\/2018\/03\/BRUNELLO-DI-MONTALCINO-2010-RISERVA-AdALBERTO-CAPRILI.png\",\"width\":200,\"height\":600,\"caption\":\"BRUNELLO DI MONTALCINO 2010 RISERVA AdALBERTO CAPRILI\"},{\"@type\":\"BreadcrumbList\",\"@id\":\"https:\/\/fonsvinum.com\/de\/produkt\/brunello-di-montalcino-2012-riserva-adalberto-caprili\/#breadcrumb\",\"itemListElement\":[{\"@type\":\"ListItem\",\"position\":1,\"name\":\"Startseite\",\"item\":\"https:\/\/fonsvinum.com\/de\/\"},{\"@type\":\"ListItem\",\"position\":2,\"name\":\"Shop\",\"item\":\"https:\/\/fonsvinum.com\/de\/shop\/\"},{\"@type\":\"ListItem\",\"position\":3,\"name\":\"BRUNELLO DI MONTALCINO 2012 RISERVA AdALBERTO CAPRILI\"}]},{\"@type\":\"WebSite\",\"@id\":\"https:\/\/fonsvinum.com\/en\/#website\",\"url\":\"https:\/\/fonsvinum.com\/en\/\",\"name\":\"Fons Vinum\",\"description\":\"Vendita Vino Online\",\"publisher\":{\"@id\":\"https:\/\/fonsvinum.com\/en\/#organization\"},\"potentialAction\":[{\"@type\":\"SearchAction\",\"target\":{\"@type\":\"EntryPoint\",\"urlTemplate\":\"https:\/\/fonsvinum.com\/en\/?s={search_term_string}\"},\"query-input\":{\"@type\":\"PropertyValueSpecification\",\"valueRequired\":true,\"valueName\":\"search_term_string\"}}],\"inLanguage\":\"de\"},{\"@type\":\"Organization\",\"@id\":\"https:\/\/fonsvinum.com\/en\/#organization\",\"name\":\"Fons Vinum\",\"url\":\"https:\/\/fonsvinum.com\/en\/\",\"logo\":{\"@type\":\"ImageObject\",\"inLanguage\":\"de\",\"@id\":\"https:\/\/fonsvinum.com\/en\/#\/schema\/logo\/image\/\",\"url\":\"\",\"contentUrl\":\"\",\"caption\":\"Fons Vinum\"},\"image\":{\"@id\":\"https:\/\/fonsvinum.com\/en\/#\/schema\/logo\/image\/\"}}]}<\/script>\n<!-- \/ Yoast SEO plugin. -->","yoast_head_json":{"title":"BRUNELLO DI MONTALCINO 2012 RISERVA AdALBERTO CAPRILI","description":"Kaufen on line Fons Vinum BRUNELLO DI MONTALCINO 2012 RISERVA AdALBERTO DOCG CAPRILI Rare Weine aus Toskana und Piedmont. Az. Agr. Caprili","robots":{"index":"index","follow":"follow","max-snippet":"max-snippet:-1","max-image-preview":"max-image-preview:large","max-video-preview":"max-video-preview:-1"},"canonical":"https:\/\/fonsvinum.com\/de\/produkt\/brunello-di-montalcino-2012-riserva-adalberto-caprili\/","og_locale":"de_DE","og_type":"article","og_title":"BRUNELLO DI MONTALCINO 2012 RISERVA AdALBERTO CAPRILI","og_description":"Kaufen on line Fons Vinum BRUNELLO DI MONTALCINO 2012 RISERVA AdALBERTO DOCG CAPRILI Rare Weine aus Toskana und Piedmont. Az. Agr. Caprili","og_url":"https:\/\/fonsvinum.com\/de\/produkt\/brunello-di-montalcino-2012-riserva-adalberto-caprili\/","og_site_name":"Fons Vinum","article_modified_time":"2019-10-21T08:03:21+00:00","og_image":[{"width":200,"height":600,"url":"https:\/\/fonsvinum.com\/files\/2018\/03\/BRUNELLO-DI-MONTALCINO-2010-RISERVA-AdALBERTO-CAPRILI.png","type":"image\/png"}],"twitter_misc":{"Gesch\u00e4tzte Lesezeit":"1\u00a0Minute"},"schema":{"@context":"https:\/\/schema.org","@graph":[{"@type":"WebPage","@id":"https:\/\/fonsvinum.com\/de\/produkt\/brunello-di-montalcino-2012-riserva-adalberto-caprili\/","url":"https:\/\/fonsvinum.com\/de\/produkt\/brunello-di-montalcino-2012-riserva-adalberto-caprili\/","name":"BRUNELLO DI MONTALCINO 2012 RISERVA AdALBERTO CAPRILI","isPartOf":{"@id":"https:\/\/fonsvinum.com\/en\/#website"},"primaryImageOfPage":{"@id":"https:\/\/fonsvinum.com\/de\/produkt\/brunello-di-montalcino-2012-riserva-adalberto-caprili\/#primaryimage"},"image":{"@id":"https:\/\/fonsvinum.com\/de\/produkt\/brunello-di-montalcino-2012-riserva-adalberto-caprili\/#primaryimage"},"thumbnailUrl":"https:\/\/fonsvinum.com\/files\/2018\/03\/BRUNELLO-DI-MONTALCINO-2010-RISERVA-AdALBERTO-CAPRILI.png","datePublished":"2019-03-08T10:49:54+00:00","dateModified":"2019-10-21T08:03:21+00:00","description":"Kaufen on line Fons Vinum BRUNELLO DI MONTALCINO 2012 RISERVA AdALBERTO DOCG CAPRILI Rare Weine aus Toskana und Piedmont. Az. Agr. Caprili","breadcrumb":{"@id":"https:\/\/fonsvinum.com\/de\/produkt\/brunello-di-montalcino-2012-riserva-adalberto-caprili\/#breadcrumb"},"inLanguage":"de","potentialAction":[{"@type":"ReadAction","target":["https:\/\/fonsvinum.com\/de\/produkt\/brunello-di-montalcino-2012-riserva-adalberto-caprili\/"]}]},{"@type":"ImageObject","inLanguage":"de","@id":"https:\/\/fonsvinum.com\/de\/produkt\/brunello-di-montalcino-2012-riserva-adalberto-caprili\/#primaryimage","url":"https:\/\/fonsvinum.com\/files\/2018\/03\/BRUNELLO-DI-MONTALCINO-2010-RISERVA-AdALBERTO-CAPRILI.png","contentUrl":"https:\/\/fonsvinum.com\/files\/2018\/03\/BRUNELLO-DI-MONTALCINO-2010-RISERVA-AdALBERTO-CAPRILI.png","width":200,"height":600,"caption":"BRUNELLO DI MONTALCINO 2010 RISERVA AdALBERTO CAPRILI"},{"@type":"BreadcrumbList","@id":"https:\/\/fonsvinum.com\/de\/produkt\/brunello-di-montalcino-2012-riserva-adalberto-caprili\/#breadcrumb","itemListElement":[{"@type":"ListItem","position":1,"name":"Startseite","item":"https:\/\/fonsvinum.com\/de\/"},{"@type":"ListItem","position":2,"name":"Shop","item":"https:\/\/fonsvinum.com\/de\/shop\/"},{"@type":"ListItem","position":3,"name":"BRUNELLO DI MONTALCINO 2012 RISERVA AdALBERTO CAPRILI"}]},{"@type":"WebSite","@id":"https:\/\/fonsvinum.com\/en\/#website","url":"https:\/\/fonsvinum.com\/en\/","name":"Fons Vinum","description":"Vendita Vino Online","publisher":{"@id":"https:\/\/fonsvinum.com\/en\/#organization"},"potentialAction":[{"@type":"SearchAction","target":{"@type":"EntryPoint","urlTemplate":"https:\/\/fonsvinum.com\/en\/?s={search_term_string}"},"query-input":{"@type":"PropertyValueSpecification","valueRequired":true,"valueName":"search_term_string"}}],"inLanguage":"de"},{"@type":"Organization","@id":"https:\/\/fonsvinum.com\/en\/#organization","name":"Fons Vinum","url":"https:\/\/fonsvinum.com\/en\/","logo":{"@type":"ImageObject","inLanguage":"de","@id":"https:\/\/fonsvinum.com\/en\/#\/schema\/logo\/image\/","url":"","contentUrl":"","caption":"Fons Vinum"},"image":{"@id":"https:\/\/fonsvinum.com\/en\/#\/schema\/logo\/image\/"}}]}},"acf":[],"_links":{"self":[{"href":"https:\/\/fonsvinum.com\/de\/wp-json\/wp\/v2\/product\/18311","targetHints":{"allow":["GET"]}}],"collection":[{"href":"https:\/\/fonsvinum.com\/de\/wp-json\/wp\/v2\/product"}],"about":[{"href":"https:\/\/fonsvinum.com\/de\/wp-json\/wp\/v2\/types\/product"}],"replies":[{"embeddable":true,"href":"https:\/\/fonsvinum.com\/de\/wp-json\/wp\/v2\/comments?post=18311"}],"wp:featuredmedia":[{"embeddable":true,"href":"https:\/\/fonsvinum.com\/de\/wp-json\/wp\/v2\/media\/14343"}],"wp:attachment":[{"href":"https:\/\/fonsvinum.com\/de\/wp-json\/wp\/v2\/media?parent=18311"}],"wp:term":[{"taxonomy":"product_brand","embeddable":true,"href":"https:\/\/fonsvinum.com\/de\/wp-json\/wp\/v2\/product_brand?post=18311"},{"taxonomy":"product_cat","embeddable":true,"href":"https:\/\/fonsvinum.com\/de\/wp-json\/wp\/v2\/product_cat?post=18311"},{"taxonomy":"product_tag","embeddable":true,"href":"https:\/\/fonsvinum.com\/de\/wp-json\/wp\/v2\/product_tag?post=18311"}],"curies":[{"name":"wp","href":"https:\/\/api.w.org\/{rel}","templated":true}]}}