{"id":18273,"date":"2019-03-08T11:13:52","date_gmt":"2019-03-08T10:13:52","guid":{"rendered":"https:\/\/fonsvinum.com\/?post_type=product&#038;p=18273"},"modified":"2019-10-23T14:42:06","modified_gmt":"2019-10-23T12:42:06","slug":"brunello-di-montalcino-canalicchio-di-sopra-riserva-2012","status":"publish","type":"product","link":"https:\/\/fonsvinum.com\/de\/produkt\/brunello-di-montalcino-canalicchio-di-sopra-riserva-2012\/","title":{"rendered":"Brunello di Montalcino Canalicchio di Sopra Riserva 2012"},"content":{"rendered":"<h1>Brunello di Montalcino Canalicchio di Sopra Riserva 2012<\/h1>\n<h3>Farbe:<\/h3>\n<p>kr\u00e4ftiges Rubinrot mit Neigung zu Granat<\/p>\n<h3>Duft:<\/h3>\n<p>blumig, fruchtig, kr\u00e4ftig, mit Ankl\u00e4ngen an Unterholz<\/p>\n<h3>Geschmack:<\/h3>\n<p>gro\u00dfe Struktur, elegant und harmonisch, sehr langer Nachhall<\/p>\n<h3>Passt zu:<\/h3>\n<p>ged\u00fcnstetem Rotfleisch und Wild, reifem K\u00e4se.<\/p>\n<p>Flasche mindestens zwei Stunden vorher \u00f6ffnen, damit der Wein durchatmen kann. Serviertemperatur 18\u00b0-19\u00b0 C; in Kristallkelchen servieren<\/p>\n","protected":false},"excerpt":{"rendered":"<p>Brunello di Montalcino Canalicchio di Sopra Riserva 2012 Farbe: kr\u00e4ftiges Rubinrot mit Neigung zu Granat Duft: blumig, fruchtig, kr\u00e4ftig, mit Ankl\u00e4ngen an Unterholz Geschmack: gro\u00dfe Struktur, elegant und harmonisch, sehr langer Nachhall Passt zu: ged\u00fcnstetem Rotfleisch und Wild, reifem K\u00e4se. Flasche mindestens zwei Stunden vorher \u00f6ffnen, damit der Wein durchatmen kann. Serviertemperatur 18\u00b0-19\u00b0 C; in [&hellip;]<\/p>\n","protected":false},"featured_media":18307,"comment_status":"open","ping_status":"closed","template":"","meta":{"_acf_changed":false,"_monsterinsights_skip_tracking":false,"_monsterinsights_sitenote_active":false,"_monsterinsights_sitenote_note":"","_monsterinsights_sitenote_category":0},"product_brand":[],"product_cat":[1762],"product_tag":[15911,1745,3583],"class_list":{"0":"post-18273","1":"product","2":"type-product","3":"status-publish","4":"has-post-thumbnail","6":"product_cat-brunello-de","7":"product_tag-brunello-de-2","8":"product_tag-super-tuscan-de","9":"product_tag-vini-toscani-de","10":"pa_appellation-brunello-di-montalcino-docg-de","11":"pa_formato-0-75-l-flasche-de","12":"pa_producer-canalicchio-di-sopra-de","13":"pa_region-toskana-de","14":"pa_vine-sangiovese-brunello-100-de","15":"pa_vintage-2012-de","17":"first","18":"outofstock","19":"taxable","20":"shipping-taxable","21":"purchasable","22":"product-type-simple"},"bundled_by":[],"bundle_stock_status":"outofstock","bundle_stock_quantity":3,"bundle_virtual":false,"bundle_layout":"","bundle_add_to_cart_form_location":"","bundle_editable_in_cart":false,"bundle_sold_individually_context":"","bundle_item_grouping":"","bundle_min_size":"","bundle_max_size":"","bundle_price":[],"bundled_items":[],"bundle_sell_ids":[],"yoast_head":"<!-- This site is optimized with the Yoast SEO plugin v27.2 - https:\/\/yoast.com\/product\/yoast-seo-wordpress\/ -->\n<title>Acquista Brunello di Montalcino Canalicchio di Sopra Riserva 2012<\/title>\n<meta name=\"description\" content=\"Acquista on line su FonsVinum Brunello di Montalcino Canalicchio di Sopra Riserva 2012: blend del Cru Canalicchio ed il Cru Montosoli.\" \/>\n<meta name=\"robots\" content=\"index, follow, max-snippet:-1, max-image-preview:large, max-video-preview:-1\" \/>\n<link rel=\"canonical\" href=\"https:\/\/fonsvinum.com\/de\/produkt\/brunello-di-montalcino-canalicchio-di-sopra-riserva-2012\/\" \/>\n<meta property=\"og:locale\" content=\"de_DE\" \/>\n<meta property=\"og:type\" content=\"article\" \/>\n<meta property=\"og:title\" content=\"Acquista Brunello di Montalcino Canalicchio di Sopra Riserva 2012\" \/>\n<meta property=\"og:description\" content=\"Acquista on line su FonsVinum Brunello di Montalcino Canalicchio di Sopra Riserva 2012: blend del Cru Canalicchio ed il Cru Montosoli.\" \/>\n<meta property=\"og:url\" content=\"https:\/\/fonsvinum.com\/de\/produkt\/brunello-di-montalcino-canalicchio-di-sopra-riserva-2012\/\" \/>\n<meta property=\"og:site_name\" content=\"Fons Vinum\" \/>\n<meta property=\"article:modified_time\" content=\"2019-10-23T12:42:06+00:00\" \/>\n<meta property=\"og:image\" content=\"https:\/\/fonsvinum.com\/files\/2019\/03\/Brunello-di-Montalcino-Canalicchio-di-Sopra-Riserva.-5.jpg\" \/>\n\t<meta property=\"og:image:width\" content=\"90\" \/>\n\t<meta property=\"og:image:height\" content=\"216\" \/>\n\t<meta property=\"og:image:type\" content=\"image\/jpeg\" \/>\n<script type=\"application\/ld+json\" class=\"yoast-schema-graph\">{\"@context\":\"https:\/\/schema.org\",\"@graph\":[{\"@type\":\"WebPage\",\"@id\":\"https:\/\/fonsvinum.com\/de\/produkt\/brunello-di-montalcino-canalicchio-di-sopra-riserva-2012\/\",\"url\":\"https:\/\/fonsvinum.com\/de\/produkt\/brunello-di-montalcino-canalicchio-di-sopra-riserva-2012\/\",\"name\":\"Acquista Brunello di Montalcino Canalicchio di Sopra Riserva 2012\",\"isPartOf\":{\"@id\":\"https:\/\/fonsvinum.com\/en\/#website\"},\"primaryImageOfPage\":{\"@id\":\"https:\/\/fonsvinum.com\/de\/produkt\/brunello-di-montalcino-canalicchio-di-sopra-riserva-2012\/#primaryimage\"},\"image\":{\"@id\":\"https:\/\/fonsvinum.com\/de\/produkt\/brunello-di-montalcino-canalicchio-di-sopra-riserva-2012\/#primaryimage\"},\"thumbnailUrl\":\"https:\/\/fonsvinum.com\/files\/2019\/03\/Brunello-di-Montalcino-Canalicchio-di-Sopra-Riserva.-5.jpg\",\"datePublished\":\"2019-03-08T10:13:52+00:00\",\"dateModified\":\"2019-10-23T12:42:06+00:00\",\"description\":\"Acquista on line su FonsVinum Brunello di Montalcino Canalicchio di Sopra Riserva 2012: blend del Cru Canalicchio ed il Cru Montosoli.\",\"breadcrumb\":{\"@id\":\"https:\/\/fonsvinum.com\/de\/produkt\/brunello-di-montalcino-canalicchio-di-sopra-riserva-2012\/#breadcrumb\"},\"inLanguage\":\"de\",\"potentialAction\":[{\"@type\":\"ReadAction\",\"target\":[\"https:\/\/fonsvinum.com\/de\/produkt\/brunello-di-montalcino-canalicchio-di-sopra-riserva-2012\/\"]}]},{\"@type\":\"ImageObject\",\"inLanguage\":\"de\",\"@id\":\"https:\/\/fonsvinum.com\/de\/produkt\/brunello-di-montalcino-canalicchio-di-sopra-riserva-2012\/#primaryimage\",\"url\":\"https:\/\/fonsvinum.com\/files\/2019\/03\/Brunello-di-Montalcino-Canalicchio-di-Sopra-Riserva.-5.jpg\",\"contentUrl\":\"https:\/\/fonsvinum.com\/files\/2019\/03\/Brunello-di-Montalcino-Canalicchio-di-Sopra-Riserva.-5.jpg\",\"width\":90,\"height\":216,\"caption\":\"Brunello-di-Montalcino-Canalicchio-di-Sopra Riserva. 5\"},{\"@type\":\"BreadcrumbList\",\"@id\":\"https:\/\/fonsvinum.com\/de\/produkt\/brunello-di-montalcino-canalicchio-di-sopra-riserva-2012\/#breadcrumb\",\"itemListElement\":[{\"@type\":\"ListItem\",\"position\":1,\"name\":\"Startseite\",\"item\":\"https:\/\/fonsvinum.com\/de\/\"},{\"@type\":\"ListItem\",\"position\":2,\"name\":\"Shop\",\"item\":\"https:\/\/fonsvinum.com\/de\/shop\/\"},{\"@type\":\"ListItem\",\"position\":3,\"name\":\"Brunello di Montalcino Canalicchio di Sopra Riserva 2012\"}]},{\"@type\":\"WebSite\",\"@id\":\"https:\/\/fonsvinum.com\/en\/#website\",\"url\":\"https:\/\/fonsvinum.com\/en\/\",\"name\":\"Fons Vinum\",\"description\":\"Vendita Vino Online\",\"publisher\":{\"@id\":\"https:\/\/fonsvinum.com\/en\/#organization\"},\"potentialAction\":[{\"@type\":\"SearchAction\",\"target\":{\"@type\":\"EntryPoint\",\"urlTemplate\":\"https:\/\/fonsvinum.com\/en\/?s={search_term_string}\"},\"query-input\":{\"@type\":\"PropertyValueSpecification\",\"valueRequired\":true,\"valueName\":\"search_term_string\"}}],\"inLanguage\":\"de\"},{\"@type\":\"Organization\",\"@id\":\"https:\/\/fonsvinum.com\/en\/#organization\",\"name\":\"Fons Vinum\",\"url\":\"https:\/\/fonsvinum.com\/en\/\",\"logo\":{\"@type\":\"ImageObject\",\"inLanguage\":\"de\",\"@id\":\"https:\/\/fonsvinum.com\/en\/#\/schema\/logo\/image\/\",\"url\":\"\",\"contentUrl\":\"\",\"caption\":\"Fons Vinum\"},\"image\":{\"@id\":\"https:\/\/fonsvinum.com\/en\/#\/schema\/logo\/image\/\"}}]}<\/script>\n<!-- \/ Yoast SEO plugin. -->","yoast_head_json":{"title":"Acquista Brunello di Montalcino Canalicchio di Sopra Riserva 2012","description":"Acquista on line su FonsVinum Brunello di Montalcino Canalicchio di Sopra Riserva 2012: blend del Cru Canalicchio ed il Cru Montosoli.","robots":{"index":"index","follow":"follow","max-snippet":"max-snippet:-1","max-image-preview":"max-image-preview:large","max-video-preview":"max-video-preview:-1"},"canonical":"https:\/\/fonsvinum.com\/de\/produkt\/brunello-di-montalcino-canalicchio-di-sopra-riserva-2012\/","og_locale":"de_DE","og_type":"article","og_title":"Acquista Brunello di Montalcino Canalicchio di Sopra Riserva 2012","og_description":"Acquista on line su FonsVinum Brunello di Montalcino Canalicchio di Sopra Riserva 2012: blend del Cru Canalicchio ed il Cru Montosoli.","og_url":"https:\/\/fonsvinum.com\/de\/produkt\/brunello-di-montalcino-canalicchio-di-sopra-riserva-2012\/","og_site_name":"Fons Vinum","article_modified_time":"2019-10-23T12:42:06+00:00","og_image":[{"width":90,"height":216,"url":"https:\/\/fonsvinum.com\/files\/2019\/03\/Brunello-di-Montalcino-Canalicchio-di-Sopra-Riserva.-5.jpg","type":"image\/jpeg"}],"schema":{"@context":"https:\/\/schema.org","@graph":[{"@type":"WebPage","@id":"https:\/\/fonsvinum.com\/de\/produkt\/brunello-di-montalcino-canalicchio-di-sopra-riserva-2012\/","url":"https:\/\/fonsvinum.com\/de\/produkt\/brunello-di-montalcino-canalicchio-di-sopra-riserva-2012\/","name":"Acquista Brunello di Montalcino Canalicchio di Sopra Riserva 2012","isPartOf":{"@id":"https:\/\/fonsvinum.com\/en\/#website"},"primaryImageOfPage":{"@id":"https:\/\/fonsvinum.com\/de\/produkt\/brunello-di-montalcino-canalicchio-di-sopra-riserva-2012\/#primaryimage"},"image":{"@id":"https:\/\/fonsvinum.com\/de\/produkt\/brunello-di-montalcino-canalicchio-di-sopra-riserva-2012\/#primaryimage"},"thumbnailUrl":"https:\/\/fonsvinum.com\/files\/2019\/03\/Brunello-di-Montalcino-Canalicchio-di-Sopra-Riserva.-5.jpg","datePublished":"2019-03-08T10:13:52+00:00","dateModified":"2019-10-23T12:42:06+00:00","description":"Acquista on line su FonsVinum Brunello di Montalcino Canalicchio di Sopra Riserva 2012: blend del Cru Canalicchio ed il Cru Montosoli.","breadcrumb":{"@id":"https:\/\/fonsvinum.com\/de\/produkt\/brunello-di-montalcino-canalicchio-di-sopra-riserva-2012\/#breadcrumb"},"inLanguage":"de","potentialAction":[{"@type":"ReadAction","target":["https:\/\/fonsvinum.com\/de\/produkt\/brunello-di-montalcino-canalicchio-di-sopra-riserva-2012\/"]}]},{"@type":"ImageObject","inLanguage":"de","@id":"https:\/\/fonsvinum.com\/de\/produkt\/brunello-di-montalcino-canalicchio-di-sopra-riserva-2012\/#primaryimage","url":"https:\/\/fonsvinum.com\/files\/2019\/03\/Brunello-di-Montalcino-Canalicchio-di-Sopra-Riserva.-5.jpg","contentUrl":"https:\/\/fonsvinum.com\/files\/2019\/03\/Brunello-di-Montalcino-Canalicchio-di-Sopra-Riserva.-5.jpg","width":90,"height":216,"caption":"Brunello-di-Montalcino-Canalicchio-di-Sopra Riserva. 5"},{"@type":"BreadcrumbList","@id":"https:\/\/fonsvinum.com\/de\/produkt\/brunello-di-montalcino-canalicchio-di-sopra-riserva-2012\/#breadcrumb","itemListElement":[{"@type":"ListItem","position":1,"name":"Startseite","item":"https:\/\/fonsvinum.com\/de\/"},{"@type":"ListItem","position":2,"name":"Shop","item":"https:\/\/fonsvinum.com\/de\/shop\/"},{"@type":"ListItem","position":3,"name":"Brunello di Montalcino Canalicchio di Sopra Riserva 2012"}]},{"@type":"WebSite","@id":"https:\/\/fonsvinum.com\/en\/#website","url":"https:\/\/fonsvinum.com\/en\/","name":"Fons Vinum","description":"Vendita Vino Online","publisher":{"@id":"https:\/\/fonsvinum.com\/en\/#organization"},"potentialAction":[{"@type":"SearchAction","target":{"@type":"EntryPoint","urlTemplate":"https:\/\/fonsvinum.com\/en\/?s={search_term_string}"},"query-input":{"@type":"PropertyValueSpecification","valueRequired":true,"valueName":"search_term_string"}}],"inLanguage":"de"},{"@type":"Organization","@id":"https:\/\/fonsvinum.com\/en\/#organization","name":"Fons Vinum","url":"https:\/\/fonsvinum.com\/en\/","logo":{"@type":"ImageObject","inLanguage":"de","@id":"https:\/\/fonsvinum.com\/en\/#\/schema\/logo\/image\/","url":"","contentUrl":"","caption":"Fons Vinum"},"image":{"@id":"https:\/\/fonsvinum.com\/en\/#\/schema\/logo\/image\/"}}]}},"acf":[],"_links":{"self":[{"href":"https:\/\/fonsvinum.com\/de\/wp-json\/wp\/v2\/product\/18273","targetHints":{"allow":["GET"]}}],"collection":[{"href":"https:\/\/fonsvinum.com\/de\/wp-json\/wp\/v2\/product"}],"about":[{"href":"https:\/\/fonsvinum.com\/de\/wp-json\/wp\/v2\/types\/product"}],"replies":[{"embeddable":true,"href":"https:\/\/fonsvinum.com\/de\/wp-json\/wp\/v2\/comments?post=18273"}],"wp:featuredmedia":[{"embeddable":true,"href":"https:\/\/fonsvinum.com\/de\/wp-json\/wp\/v2\/media\/18307"}],"wp:attachment":[{"href":"https:\/\/fonsvinum.com\/de\/wp-json\/wp\/v2\/media?parent=18273"}],"wp:term":[{"taxonomy":"product_brand","embeddable":true,"href":"https:\/\/fonsvinum.com\/de\/wp-json\/wp\/v2\/product_brand?post=18273"},{"taxonomy":"product_cat","embeddable":true,"href":"https:\/\/fonsvinum.com\/de\/wp-json\/wp\/v2\/product_cat?post=18273"},{"taxonomy":"product_tag","embeddable":true,"href":"https:\/\/fonsvinum.com\/de\/wp-json\/wp\/v2\/product_tag?post=18273"}],"curies":[{"name":"wp","href":"https:\/\/api.w.org\/{rel}","templated":true}]}}