{"id":18239,"date":"2019-03-07T14:53:10","date_gmt":"2019-03-07T13:53:10","guid":{"rendered":"https:\/\/fonsvinum.com\/?post_type=product&#038;p=18239"},"modified":"2020-09-15T10:27:03","modified_gmt":"2020-09-15T08:27:03","slug":"brunello-di-montalcino-vigna-soccorso-tiezzi-2008","status":"publish","type":"product","link":"https:\/\/fonsvinum.com\/de\/produkt\/brunello-di-montalcino-vigna-soccorso-tiezzi-2008\/","title":{"rendered":"Brunello di Montalcino Vigna Soccorso Tiezzi 2008"},"content":{"rendered":"<h1>Brunello di Montalcino Vigna Soccorso Tiezzi 2008<\/h1>\n<p>Weingut:\u00a0Vigna Soccorso Montalcino Toskana<\/p>\n<p>Anbaugebiet:\u00a0Montalcino Toskana<\/p>\n<p>Weinart: Rotwein 100% Sangiovese (Brunello)<\/p>\n<p>Brunello di Montalcino, gekeltert aus Trauben der Rebsorte Sangiovese Grosso, geh\u00f6rt zu den ber\u00fchmtesten Weinen der Welt und ist der ungekr\u00f6nte K\u00f6nig der Toscana. Kr\u00e4ftiger Geschmack und ausdrucksvolle Aromatik verdankt der Wein nicht zuletzt seiner langen Lagerzeit in Eichenholzf\u00e4ssern. Genie\u00dfen Sie diesen Wein zu besonderen Anl\u00e4ssen. Er harmoniert besonders gut mit kr\u00e4ftigen Fleischgerichten oder intensiven K\u00e4sesorten.<\/p>\n<p>&nbsp;<\/p>\n<p><iframe loading=\"lazy\" title=\"Autumn in Montalcino, Brunello&#039;s land\" width=\"500\" height=\"281\" src=\"https:\/\/www.youtube.com\/embed\/W60Wq2XLIXc?feature=oembed\" frameborder=\"0\" allow=\"accelerometer; autoplay; clipboard-write; encrypted-media; gyroscope; picture-in-picture; web-share\" referrerpolicy=\"strict-origin-when-cross-origin\" allowfullscreen><\/iframe><\/p>\n<p>&nbsp;<\/p>\n","protected":false},"excerpt":{"rendered":"<p>Brunello di Montalcino Vigna Soccorso Tiezzi 2008 Weingut:\u00a0Vigna Soccorso Montalcino Toskana Anbaugebiet:\u00a0Montalcino Toskana Weinart: Rotwein 100% Sangiovese (Brunello) Brunello di Montalcino, gekeltert aus Trauben der Rebsorte Sangiovese Grosso, geh\u00f6rt zu den ber\u00fchmtesten Weinen der Welt und ist der ungekr\u00f6nte K\u00f6nig der Toscana. Kr\u00e4ftiger Geschmack und ausdrucksvolle Aromatik verdankt der Wein nicht zuletzt seiner langen Lagerzeit [&hellip;]<\/p>\n","protected":false},"featured_media":7341,"comment_status":"open","ping_status":"closed","template":"","meta":{"_acf_changed":false,"_monsterinsights_skip_tracking":false,"_monsterinsights_sitenote_active":false,"_monsterinsights_sitenote_note":"","_monsterinsights_sitenote_category":0},"product_brand":[],"product_cat":[1762],"product_tag":[15911],"class_list":{"0":"post-18239","1":"product","2":"type-product","3":"status-publish","4":"has-post-thumbnail","6":"product_cat-brunello-de","7":"product_tag-brunello-de-2","8":"pa_appellation-brunello-di-montalcino-docg-de","9":"pa_formato-0-75-l-flasche-de","10":"pa_producer-tiezzi-de","11":"pa_region-toskana-de","12":"pa_vine-sangiovese-brunello-100-de","13":"pa_vintage-2008-de","15":"first","16":"instock","17":"taxable","18":"shipping-taxable","19":"purchasable","20":"product-type-simple"},"bundled_by":[],"bundle_stock_status":"instock","bundle_stock_quantity":1,"bundle_virtual":false,"bundle_layout":"","bundle_add_to_cart_form_location":"","bundle_editable_in_cart":false,"bundle_sold_individually_context":"","bundle_item_grouping":"","bundle_min_size":"","bundle_max_size":"","bundle_price":[],"bundled_items":[],"bundle_sell_ids":[],"yoast_head":"<!-- This site is optimized with the Yoast SEO plugin v27.3 - https:\/\/yoast.com\/product\/yoast-seo-wordpress\/ -->\n<title>Brunello di Montalcino Vigna Soccorso Tiezzi 2008<\/title>\n<meta name=\"description\" content=\"Brunello di Montalcino Vigna Soccorso Tiezzi 2008 Genie\u00dfen Sie diesen Wein zu besonderen Anl\u00e4ssen. Weinart: Rotwein 100% Sangiovese (Brunello)\" \/>\n<meta name=\"robots\" content=\"index, follow, max-snippet:-1, max-image-preview:large, max-video-preview:-1\" \/>\n<link rel=\"canonical\" href=\"https:\/\/fonsvinum.com\/de\/produkt\/brunello-di-montalcino-vigna-soccorso-tiezzi-2008\/\" \/>\n<meta property=\"og:locale\" content=\"de_DE\" \/>\n<meta property=\"og:type\" content=\"article\" \/>\n<meta property=\"og:title\" content=\"Brunello di Montalcino Vigna Soccorso Tiezzi 2008\" \/>\n<meta property=\"og:description\" content=\"Brunello di Montalcino Vigna Soccorso Tiezzi 2008 Genie\u00dfen Sie diesen Wein zu besonderen Anl\u00e4ssen. Weinart: Rotwein 100% Sangiovese (Brunello)\" \/>\n<meta property=\"og:url\" content=\"https:\/\/fonsvinum.com\/de\/produkt\/brunello-di-montalcino-vigna-soccorso-tiezzi-2008\/\" \/>\n<meta property=\"og:site_name\" content=\"Fons Vinum\" \/>\n<meta property=\"article:modified_time\" content=\"2020-09-15T08:27:03+00:00\" \/>\n<meta property=\"og:image\" content=\"https:\/\/fonsvinum.com\/files\/2016\/01\/brunello-di-montalcino-riserva-vigna-soccorso-tiezzi.png\" \/>\n\t<meta property=\"og:image:width\" content=\"200\" \/>\n\t<meta property=\"og:image:height\" content=\"600\" \/>\n\t<meta property=\"og:image:type\" content=\"image\/png\" \/>\n<script type=\"application\/ld+json\" class=\"yoast-schema-graph\">{\"@context\":\"https:\\\/\\\/schema.org\",\"@graph\":[{\"@type\":\"WebPage\",\"@id\":\"https:\\\/\\\/fonsvinum.com\\\/de\\\/produkt\\\/brunello-di-montalcino-vigna-soccorso-tiezzi-2008\\\/\",\"url\":\"https:\\\/\\\/fonsvinum.com\\\/de\\\/produkt\\\/brunello-di-montalcino-vigna-soccorso-tiezzi-2008\\\/\",\"name\":\"Brunello di Montalcino Vigna Soccorso Tiezzi 2008\",\"isPartOf\":{\"@id\":\"https:\\\/\\\/fonsvinum.com\\\/en\\\/#website\"},\"primaryImageOfPage\":{\"@id\":\"https:\\\/\\\/fonsvinum.com\\\/de\\\/produkt\\\/brunello-di-montalcino-vigna-soccorso-tiezzi-2008\\\/#primaryimage\"},\"image\":{\"@id\":\"https:\\\/\\\/fonsvinum.com\\\/de\\\/produkt\\\/brunello-di-montalcino-vigna-soccorso-tiezzi-2008\\\/#primaryimage\"},\"thumbnailUrl\":\"https:\\\/\\\/fonsvinum.com\\\/files\\\/2016\\\/01\\\/brunello-di-montalcino-riserva-vigna-soccorso-tiezzi.png\",\"datePublished\":\"2019-03-07T13:53:10+00:00\",\"dateModified\":\"2020-09-15T08:27:03+00:00\",\"description\":\"Brunello di Montalcino Vigna Soccorso Tiezzi 2008 Genie\u00dfen Sie diesen Wein zu besonderen Anl\u00e4ssen. Weinart: Rotwein 100% Sangiovese (Brunello)\",\"breadcrumb\":{\"@id\":\"https:\\\/\\\/fonsvinum.com\\\/de\\\/produkt\\\/brunello-di-montalcino-vigna-soccorso-tiezzi-2008\\\/#breadcrumb\"},\"inLanguage\":\"de\",\"potentialAction\":[{\"@type\":\"ReadAction\",\"target\":[\"https:\\\/\\\/fonsvinum.com\\\/de\\\/produkt\\\/brunello-di-montalcino-vigna-soccorso-tiezzi-2008\\\/\"]}]},{\"@type\":\"ImageObject\",\"inLanguage\":\"de\",\"@id\":\"https:\\\/\\\/fonsvinum.com\\\/de\\\/produkt\\\/brunello-di-montalcino-vigna-soccorso-tiezzi-2008\\\/#primaryimage\",\"url\":\"https:\\\/\\\/fonsvinum.com\\\/files\\\/2016\\\/01\\\/brunello-di-montalcino-riserva-vigna-soccorso-tiezzi.png\",\"contentUrl\":\"https:\\\/\\\/fonsvinum.com\\\/files\\\/2016\\\/01\\\/brunello-di-montalcino-riserva-vigna-soccorso-tiezzi.png\",\"width\":200,\"height\":600},{\"@type\":\"BreadcrumbList\",\"@id\":\"https:\\\/\\\/fonsvinum.com\\\/de\\\/produkt\\\/brunello-di-montalcino-vigna-soccorso-tiezzi-2008\\\/#breadcrumb\",\"itemListElement\":[{\"@type\":\"ListItem\",\"position\":1,\"name\":\"Startseite\",\"item\":\"https:\\\/\\\/fonsvinum.com\\\/de\\\/\"},{\"@type\":\"ListItem\",\"position\":2,\"name\":\"Shop\",\"item\":\"https:\\\/\\\/fonsvinum.com\\\/de\\\/shop\\\/\"},{\"@type\":\"ListItem\",\"position\":3,\"name\":\"Brunello di Montalcino Vigna Soccorso Tiezzi 2008\"}]},{\"@type\":\"WebSite\",\"@id\":\"https:\\\/\\\/fonsvinum.com\\\/en\\\/#website\",\"url\":\"https:\\\/\\\/fonsvinum.com\\\/en\\\/\",\"name\":\"Fons Vinum\",\"description\":\"Vendita Vino Online\",\"publisher\":{\"@id\":\"https:\\\/\\\/fonsvinum.com\\\/en\\\/#organization\"},\"potentialAction\":[{\"@type\":\"SearchAction\",\"target\":{\"@type\":\"EntryPoint\",\"urlTemplate\":\"https:\\\/\\\/fonsvinum.com\\\/en\\\/?s={search_term_string}\"},\"query-input\":{\"@type\":\"PropertyValueSpecification\",\"valueRequired\":true,\"valueName\":\"search_term_string\"}}],\"inLanguage\":\"de\"},{\"@type\":\"Organization\",\"@id\":\"https:\\\/\\\/fonsvinum.com\\\/en\\\/#organization\",\"name\":\"Fons Vinum\",\"url\":\"https:\\\/\\\/fonsvinum.com\\\/en\\\/\",\"logo\":{\"@type\":\"ImageObject\",\"inLanguage\":\"de\",\"@id\":\"https:\\\/\\\/fonsvinum.com\\\/en\\\/#\\\/schema\\\/logo\\\/image\\\/\",\"url\":\"\",\"contentUrl\":\"\",\"caption\":\"Fons Vinum\"},\"image\":{\"@id\":\"https:\\\/\\\/fonsvinum.com\\\/en\\\/#\\\/schema\\\/logo\\\/image\\\/\"}}]}<\/script>\n<!-- \/ Yoast SEO plugin. -->","yoast_head_json":{"title":"Brunello di Montalcino Vigna Soccorso Tiezzi 2008","description":"Brunello di Montalcino Vigna Soccorso Tiezzi 2008 Genie\u00dfen Sie diesen Wein zu besonderen Anl\u00e4ssen. Weinart: Rotwein 100% Sangiovese (Brunello)","robots":{"index":"index","follow":"follow","max-snippet":"max-snippet:-1","max-image-preview":"max-image-preview:large","max-video-preview":"max-video-preview:-1"},"canonical":"https:\/\/fonsvinum.com\/de\/produkt\/brunello-di-montalcino-vigna-soccorso-tiezzi-2008\/","og_locale":"de_DE","og_type":"article","og_title":"Brunello di Montalcino Vigna Soccorso Tiezzi 2008","og_description":"Brunello di Montalcino Vigna Soccorso Tiezzi 2008 Genie\u00dfen Sie diesen Wein zu besonderen Anl\u00e4ssen. Weinart: Rotwein 100% Sangiovese (Brunello)","og_url":"https:\/\/fonsvinum.com\/de\/produkt\/brunello-di-montalcino-vigna-soccorso-tiezzi-2008\/","og_site_name":"Fons Vinum","article_modified_time":"2020-09-15T08:27:03+00:00","og_image":[{"width":200,"height":600,"url":"https:\/\/fonsvinum.com\/files\/2016\/01\/brunello-di-montalcino-riserva-vigna-soccorso-tiezzi.png","type":"image\/png"}],"schema":{"@context":"https:\/\/schema.org","@graph":[{"@type":"WebPage","@id":"https:\/\/fonsvinum.com\/de\/produkt\/brunello-di-montalcino-vigna-soccorso-tiezzi-2008\/","url":"https:\/\/fonsvinum.com\/de\/produkt\/brunello-di-montalcino-vigna-soccorso-tiezzi-2008\/","name":"Brunello di Montalcino Vigna Soccorso Tiezzi 2008","isPartOf":{"@id":"https:\/\/fonsvinum.com\/en\/#website"},"primaryImageOfPage":{"@id":"https:\/\/fonsvinum.com\/de\/produkt\/brunello-di-montalcino-vigna-soccorso-tiezzi-2008\/#primaryimage"},"image":{"@id":"https:\/\/fonsvinum.com\/de\/produkt\/brunello-di-montalcino-vigna-soccorso-tiezzi-2008\/#primaryimage"},"thumbnailUrl":"https:\/\/fonsvinum.com\/files\/2016\/01\/brunello-di-montalcino-riserva-vigna-soccorso-tiezzi.png","datePublished":"2019-03-07T13:53:10+00:00","dateModified":"2020-09-15T08:27:03+00:00","description":"Brunello di Montalcino Vigna Soccorso Tiezzi 2008 Genie\u00dfen Sie diesen Wein zu besonderen Anl\u00e4ssen. Weinart: Rotwein 100% Sangiovese (Brunello)","breadcrumb":{"@id":"https:\/\/fonsvinum.com\/de\/produkt\/brunello-di-montalcino-vigna-soccorso-tiezzi-2008\/#breadcrumb"},"inLanguage":"de","potentialAction":[{"@type":"ReadAction","target":["https:\/\/fonsvinum.com\/de\/produkt\/brunello-di-montalcino-vigna-soccorso-tiezzi-2008\/"]}]},{"@type":"ImageObject","inLanguage":"de","@id":"https:\/\/fonsvinum.com\/de\/produkt\/brunello-di-montalcino-vigna-soccorso-tiezzi-2008\/#primaryimage","url":"https:\/\/fonsvinum.com\/files\/2016\/01\/brunello-di-montalcino-riserva-vigna-soccorso-tiezzi.png","contentUrl":"https:\/\/fonsvinum.com\/files\/2016\/01\/brunello-di-montalcino-riserva-vigna-soccorso-tiezzi.png","width":200,"height":600},{"@type":"BreadcrumbList","@id":"https:\/\/fonsvinum.com\/de\/produkt\/brunello-di-montalcino-vigna-soccorso-tiezzi-2008\/#breadcrumb","itemListElement":[{"@type":"ListItem","position":1,"name":"Startseite","item":"https:\/\/fonsvinum.com\/de\/"},{"@type":"ListItem","position":2,"name":"Shop","item":"https:\/\/fonsvinum.com\/de\/shop\/"},{"@type":"ListItem","position":3,"name":"Brunello di Montalcino Vigna Soccorso Tiezzi 2008"}]},{"@type":"WebSite","@id":"https:\/\/fonsvinum.com\/en\/#website","url":"https:\/\/fonsvinum.com\/en\/","name":"Fons Vinum","description":"Vendita Vino Online","publisher":{"@id":"https:\/\/fonsvinum.com\/en\/#organization"},"potentialAction":[{"@type":"SearchAction","target":{"@type":"EntryPoint","urlTemplate":"https:\/\/fonsvinum.com\/en\/?s={search_term_string}"},"query-input":{"@type":"PropertyValueSpecification","valueRequired":true,"valueName":"search_term_string"}}],"inLanguage":"de"},{"@type":"Organization","@id":"https:\/\/fonsvinum.com\/en\/#organization","name":"Fons Vinum","url":"https:\/\/fonsvinum.com\/en\/","logo":{"@type":"ImageObject","inLanguage":"de","@id":"https:\/\/fonsvinum.com\/en\/#\/schema\/logo\/image\/","url":"","contentUrl":"","caption":"Fons Vinum"},"image":{"@id":"https:\/\/fonsvinum.com\/en\/#\/schema\/logo\/image\/"}}]}},"acf":[],"_links":{"self":[{"href":"https:\/\/fonsvinum.com\/de\/wp-json\/wp\/v2\/product\/18239","targetHints":{"allow":["GET"]}}],"collection":[{"href":"https:\/\/fonsvinum.com\/de\/wp-json\/wp\/v2\/product"}],"about":[{"href":"https:\/\/fonsvinum.com\/de\/wp-json\/wp\/v2\/types\/product"}],"replies":[{"embeddable":true,"href":"https:\/\/fonsvinum.com\/de\/wp-json\/wp\/v2\/comments?post=18239"}],"wp:featuredmedia":[{"embeddable":true,"href":"https:\/\/fonsvinum.com\/de\/wp-json\/wp\/v2\/media\/7341"}],"wp:attachment":[{"href":"https:\/\/fonsvinum.com\/de\/wp-json\/wp\/v2\/media?parent=18239"}],"wp:term":[{"taxonomy":"product_brand","embeddable":true,"href":"https:\/\/fonsvinum.com\/de\/wp-json\/wp\/v2\/product_brand?post=18239"},{"taxonomy":"product_cat","embeddable":true,"href":"https:\/\/fonsvinum.com\/de\/wp-json\/wp\/v2\/product_cat?post=18239"},{"taxonomy":"product_tag","embeddable":true,"href":"https:\/\/fonsvinum.com\/de\/wp-json\/wp\/v2\/product_tag?post=18239"}],"curies":[{"name":"wp","href":"https:\/\/api.w.org\/{rel}","templated":true}]}}