{"id":18143,"date":"2019-02-28T14:47:38","date_gmt":"2019-02-28T13:47:38","guid":{"rendered":"https:\/\/fonsvinum.com\/?post_type=product&#038;p=18143"},"modified":"2020-01-21T12:00:58","modified_gmt":"2020-01-21T11:00:58","slug":"sassicaia-2016","status":"publish","type":"product","link":"https:\/\/fonsvinum.com\/de\/produkt\/sassicaia-2016\/","title":{"rendered":"Sassicaia 2016"},"content":{"rendered":"<h1><a href=\"http:\/\/www.tenutasanguido.com\/eng\/index.html\">Sassicaia<\/a> 2016<\/h1>\n<div class=\"csc-header csc-header-n1\">\n<h2 class=\"csc-firstHeader\">Tenuta San Guido<\/h2>\n<\/div>\n<article>\n<p class=\"bodytext\">Die Weing\u00e4rten der Tenuta San Guido befinden sich in der Spitzenlage Castiglioncello und erstrecken sich auch \u00fcber Quercione und Aia Nuova. Die Tenuta San Guido ist die Kultschmiede des Sassicaias, des wohl international bekanntesten Rotweins Italiens. Mit dem Guidalberto liefert man einen kleinen Sassicaia, der die Grundz\u00fcge des Kultweins in sich tr\u00e4gt, daf\u00fcr aber einen anderen Anspruch.<\/p>\n<h2 class=\"content--title\">Produktinformationen &#8222;2016 Sassicaia Bolgheri Superiore&#8220;<\/h2>\n<div class=\"product--description\">\n<p>Bereits in den 1920er Jahren hatte Marchese Mario Incisa della Rocchetta als Student den Traum einen einzigartigen Wein nach bordelaiser Vorbild herzustellen. In den 1940ern zog der Marchese mit seiner Frau Clarice auf die Tenuta San Guido. Dort experimentierte er mit franz\u00f6sichen Rebsorten. 1968 war dann der erste Jahrgang des Sassicaia (100PP), aus Cabernet Sauvignon, der auf den Markt kam. Dieser f\u00fcr die Toskana und ganz Italien sehr ungew\u00f6hnliche Wein war zun\u00e4chst nur f\u00fcr den privaten Gebrauch bestimmt. Anfangs noch als Tafelwein bezeichnet erhielt der Kultwein eigene DOC. Der 2016er ist eine Cuv\u00e9e aus 85% Cabernet Sauvignon und 15% Cabernet Franc und ist in franz\u00f6sischen Barriques ausgebaut.<\/p>\n<ul>\n<li><strong>STIL: <\/strong>VOLUMIN\u00d6S &amp; KR\u00c4FTIGTANNINREICH<\/li>\n<li><strong>REBSORTE: <\/strong>CABERNET FRANC 50%, CABERNET SAUVIGNON 50%<\/li>\n<li><strong>WEIN: <\/strong>ROTWEIN BARRIQUE 14,0%<\/li>\n<li><strong>LAGE: <\/strong>ITALIEN &#8211; TOSCANA &#8211; MAREMMA<\/li>\n<li><strong>ALLERGENE: <\/strong>SULFITE<\/li>\n<\/ul>\n<\/div>\n<h2>BEWERTUNG<\/h2>\n<div class=\"data-wrapper data-wrapper__bewertung\">LOBENBERG 100\/100<\/div>\n<div class=\"data-wrapper data-wrapper__bewertung\">PARKER 100\/100<\/div>\n<div class=\"data-wrapper data-wrapper__bewertung\">WINE ENTHUSIAST 98\/100<\/div>\n<div class=\"data-wrapper data-wrapper__bewertung\">SUCKLING 97\/100<\/div>\n<div class=\"data-wrapper data-wrapper__bewertung\">WINESPECTATOR 97\/100<\/div>\n<div class=\"data-wrapper data-wrapper__bewertung\">FALSTAFF 100\/100<\/div>\n<div>GAMBERO ROSSO 3\/3<\/div>\n<p>&nbsp;<\/p>\n<\/article>\n","protected":false},"excerpt":{"rendered":"<p>Sassicaia 2016 Tenuta San Guido Die Weing\u00e4rten der Tenuta San Guido befinden sich in der Spitzenlage Castiglioncello und erstrecken sich auch \u00fcber Quercione und Aia Nuova. Die Tenuta San Guido ist die Kultschmiede des Sassicaias, des wohl international bekanntesten Rotweins Italiens. Mit dem Guidalberto liefert man einen kleinen Sassicaia, der die Grundz\u00fcge des Kultweins in [&hellip;]<\/p>\n","protected":false},"featured_media":32700,"comment_status":"open","ping_status":"closed","template":"","meta":{"_acf_changed":false,"_monsterinsights_skip_tracking":false,"_monsterinsights_sitenote_active":false,"_monsterinsights_sitenote_note":"","_monsterinsights_sitenote_category":0},"product_brand":[],"product_cat":[1693],"product_tag":[1751,1745],"class_list":{"0":"post-18143","1":"product","2":"type-product","3":"status-publish","4":"has-post-thumbnail","6":"product_cat-blend-2-de","7":"product_tag-aussergewoehnliche-weine-aus-italien-de","8":"product_tag-super-tuscan-de","9":"pa_appellation-bolgheri-sassicaia-doc-de","10":"pa_formato-0-75-l-flasche-de","11":"pa_producer-tenuta-san-guido-de","12":"pa_region-toskana-de","13":"pa_vine-85-cabernet-sauvignon-15-cabernet-franc-de","14":"pa_vintage-2016-de","16":"first","17":"instock","18":"featured","19":"taxable","20":"shipping-taxable","21":"purchasable","22":"product-type-simple"},"bundled_by":[],"bundle_stock_status":"instock","bundle_stock_quantity":1,"bundle_virtual":false,"bundle_layout":"","bundle_add_to_cart_form_location":"","bundle_editable_in_cart":false,"bundle_sold_individually_context":"","bundle_item_grouping":"","bundle_min_size":"","bundle_max_size":"","bundle_price":[],"bundled_items":[],"bundle_sell_ids":[],"yoast_head":"<!-- This site is optimized with the Yoast SEO plugin v27.3 - https:\/\/yoast.com\/product\/yoast-seo-wordpress\/ -->\n<title>Acquista online Sassicaia Bolgheri Tenuta San Guido 2016 | FonsVinum<\/title>\n<meta name=\"description\" content=\"Kaufen on line on Fons Vinum Bolgheri Sassicaia Tenuta San Guido Jahrgang 2016 I Fons Vinum rare Weine aus Piedmont und Toskana\" \/>\n<meta name=\"robots\" content=\"index, follow, max-snippet:-1, max-image-preview:large, max-video-preview:-1\" \/>\n<link rel=\"canonical\" href=\"https:\/\/fonsvinum.com\/de\/produkt\/sassicaia-2016\/\" \/>\n<meta property=\"og:locale\" content=\"de_DE\" \/>\n<meta property=\"og:type\" content=\"article\" \/>\n<meta property=\"og:title\" content=\"Acquista online Sassicaia Bolgheri Tenuta San Guido 2016 | FonsVinum\" \/>\n<meta property=\"og:description\" content=\"Kaufen on line on Fons Vinum Bolgheri Sassicaia Tenuta San Guido Jahrgang 2016 I Fons Vinum rare Weine aus Piedmont und Toskana\" \/>\n<meta property=\"og:url\" content=\"https:\/\/fonsvinum.com\/de\/produkt\/sassicaia-2016\/\" \/>\n<meta property=\"og:site_name\" content=\"Fons Vinum\" \/>\n<meta property=\"article:modified_time\" content=\"2020-01-21T11:00:58+00:00\" \/>\n<meta property=\"og:image\" content=\"https:\/\/fonsvinum.com\/files\/2014\/07\/sassicaia-tenuta-sa-guido.jpg\" \/>\n\t<meta property=\"og:image:width\" content=\"200\" \/>\n\t<meta property=\"og:image:height\" content=\"600\" \/>\n\t<meta property=\"og:image:type\" content=\"image\/jpeg\" \/>\n<meta name=\"twitter:label1\" content=\"Gesch\u00e4tzte Lesezeit\" \/>\n\t<meta name=\"twitter:data1\" content=\"1\u00a0Minute\" \/>\n<script type=\"application\/ld+json\" class=\"yoast-schema-graph\">{\"@context\":\"https:\\\/\\\/schema.org\",\"@graph\":[{\"@type\":\"WebPage\",\"@id\":\"https:\\\/\\\/fonsvinum.com\\\/de\\\/produkt\\\/sassicaia-2016\\\/\",\"url\":\"https:\\\/\\\/fonsvinum.com\\\/de\\\/produkt\\\/sassicaia-2016\\\/\",\"name\":\"Acquista online Sassicaia Bolgheri Tenuta San Guido 2016 | FonsVinum\",\"isPartOf\":{\"@id\":\"https:\\\/\\\/fonsvinum.com\\\/en\\\/#website\"},\"primaryImageOfPage\":{\"@id\":\"https:\\\/\\\/fonsvinum.com\\\/de\\\/produkt\\\/sassicaia-2016\\\/#primaryimage\"},\"image\":{\"@id\":\"https:\\\/\\\/fonsvinum.com\\\/de\\\/produkt\\\/sassicaia-2016\\\/#primaryimage\"},\"thumbnailUrl\":\"https:\\\/\\\/fonsvinum.com\\\/files\\\/2014\\\/07\\\/sassicaia-tenuta-sa-guido.jpg\",\"datePublished\":\"2019-02-28T13:47:38+00:00\",\"dateModified\":\"2020-01-21T11:00:58+00:00\",\"description\":\"Kaufen on line on Fons Vinum Bolgheri Sassicaia Tenuta San Guido Jahrgang 2016 I Fons Vinum rare Weine aus Piedmont und Toskana\",\"breadcrumb\":{\"@id\":\"https:\\\/\\\/fonsvinum.com\\\/de\\\/produkt\\\/sassicaia-2016\\\/#breadcrumb\"},\"inLanguage\":\"de\",\"potentialAction\":[{\"@type\":\"ReadAction\",\"target\":[\"https:\\\/\\\/fonsvinum.com\\\/de\\\/produkt\\\/sassicaia-2016\\\/\"]}]},{\"@type\":\"ImageObject\",\"inLanguage\":\"de\",\"@id\":\"https:\\\/\\\/fonsvinum.com\\\/de\\\/produkt\\\/sassicaia-2016\\\/#primaryimage\",\"url\":\"https:\\\/\\\/fonsvinum.com\\\/files\\\/2014\\\/07\\\/sassicaia-tenuta-sa-guido.jpg\",\"contentUrl\":\"https:\\\/\\\/fonsvinum.com\\\/files\\\/2014\\\/07\\\/sassicaia-tenuta-sa-guido.jpg\",\"width\":200,\"height\":600},{\"@type\":\"BreadcrumbList\",\"@id\":\"https:\\\/\\\/fonsvinum.com\\\/de\\\/produkt\\\/sassicaia-2016\\\/#breadcrumb\",\"itemListElement\":[{\"@type\":\"ListItem\",\"position\":1,\"name\":\"Startseite\",\"item\":\"https:\\\/\\\/fonsvinum.com\\\/de\\\/\"},{\"@type\":\"ListItem\",\"position\":2,\"name\":\"Shop\",\"item\":\"https:\\\/\\\/fonsvinum.com\\\/de\\\/shop\\\/\"},{\"@type\":\"ListItem\",\"position\":3,\"name\":\"Sassicaia 2016\"}]},{\"@type\":\"WebSite\",\"@id\":\"https:\\\/\\\/fonsvinum.com\\\/en\\\/#website\",\"url\":\"https:\\\/\\\/fonsvinum.com\\\/en\\\/\",\"name\":\"Fons Vinum\",\"description\":\"Vendita Vino Online\",\"publisher\":{\"@id\":\"https:\\\/\\\/fonsvinum.com\\\/en\\\/#organization\"},\"potentialAction\":[{\"@type\":\"SearchAction\",\"target\":{\"@type\":\"EntryPoint\",\"urlTemplate\":\"https:\\\/\\\/fonsvinum.com\\\/en\\\/?s={search_term_string}\"},\"query-input\":{\"@type\":\"PropertyValueSpecification\",\"valueRequired\":true,\"valueName\":\"search_term_string\"}}],\"inLanguage\":\"de\"},{\"@type\":\"Organization\",\"@id\":\"https:\\\/\\\/fonsvinum.com\\\/en\\\/#organization\",\"name\":\"Fons Vinum\",\"url\":\"https:\\\/\\\/fonsvinum.com\\\/en\\\/\",\"logo\":{\"@type\":\"ImageObject\",\"inLanguage\":\"de\",\"@id\":\"https:\\\/\\\/fonsvinum.com\\\/en\\\/#\\\/schema\\\/logo\\\/image\\\/\",\"url\":\"\",\"contentUrl\":\"\",\"caption\":\"Fons Vinum\"},\"image\":{\"@id\":\"https:\\\/\\\/fonsvinum.com\\\/en\\\/#\\\/schema\\\/logo\\\/image\\\/\"}}]}<\/script>\n<!-- \/ Yoast SEO plugin. -->","yoast_head_json":{"title":"Acquista online Sassicaia Bolgheri Tenuta San Guido 2016 | FonsVinum","description":"Kaufen on line on Fons Vinum Bolgheri Sassicaia Tenuta San Guido Jahrgang 2016 I Fons Vinum rare Weine aus Piedmont und Toskana","robots":{"index":"index","follow":"follow","max-snippet":"max-snippet:-1","max-image-preview":"max-image-preview:large","max-video-preview":"max-video-preview:-1"},"canonical":"https:\/\/fonsvinum.com\/de\/produkt\/sassicaia-2016\/","og_locale":"de_DE","og_type":"article","og_title":"Acquista online Sassicaia Bolgheri Tenuta San Guido 2016 | FonsVinum","og_description":"Kaufen on line on Fons Vinum Bolgheri Sassicaia Tenuta San Guido Jahrgang 2016 I Fons Vinum rare Weine aus Piedmont und Toskana","og_url":"https:\/\/fonsvinum.com\/de\/produkt\/sassicaia-2016\/","og_site_name":"Fons Vinum","article_modified_time":"2020-01-21T11:00:58+00:00","og_image":[{"width":200,"height":600,"url":"https:\/\/fonsvinum.com\/files\/2014\/07\/sassicaia-tenuta-sa-guido.jpg","type":"image\/jpeg"}],"twitter_misc":{"Gesch\u00e4tzte Lesezeit":"1\u00a0Minute"},"schema":{"@context":"https:\/\/schema.org","@graph":[{"@type":"WebPage","@id":"https:\/\/fonsvinum.com\/de\/produkt\/sassicaia-2016\/","url":"https:\/\/fonsvinum.com\/de\/produkt\/sassicaia-2016\/","name":"Acquista online Sassicaia Bolgheri Tenuta San Guido 2016 | FonsVinum","isPartOf":{"@id":"https:\/\/fonsvinum.com\/en\/#website"},"primaryImageOfPage":{"@id":"https:\/\/fonsvinum.com\/de\/produkt\/sassicaia-2016\/#primaryimage"},"image":{"@id":"https:\/\/fonsvinum.com\/de\/produkt\/sassicaia-2016\/#primaryimage"},"thumbnailUrl":"https:\/\/fonsvinum.com\/files\/2014\/07\/sassicaia-tenuta-sa-guido.jpg","datePublished":"2019-02-28T13:47:38+00:00","dateModified":"2020-01-21T11:00:58+00:00","description":"Kaufen on line on Fons Vinum Bolgheri Sassicaia Tenuta San Guido Jahrgang 2016 I Fons Vinum rare Weine aus Piedmont und Toskana","breadcrumb":{"@id":"https:\/\/fonsvinum.com\/de\/produkt\/sassicaia-2016\/#breadcrumb"},"inLanguage":"de","potentialAction":[{"@type":"ReadAction","target":["https:\/\/fonsvinum.com\/de\/produkt\/sassicaia-2016\/"]}]},{"@type":"ImageObject","inLanguage":"de","@id":"https:\/\/fonsvinum.com\/de\/produkt\/sassicaia-2016\/#primaryimage","url":"https:\/\/fonsvinum.com\/files\/2014\/07\/sassicaia-tenuta-sa-guido.jpg","contentUrl":"https:\/\/fonsvinum.com\/files\/2014\/07\/sassicaia-tenuta-sa-guido.jpg","width":200,"height":600},{"@type":"BreadcrumbList","@id":"https:\/\/fonsvinum.com\/de\/produkt\/sassicaia-2016\/#breadcrumb","itemListElement":[{"@type":"ListItem","position":1,"name":"Startseite","item":"https:\/\/fonsvinum.com\/de\/"},{"@type":"ListItem","position":2,"name":"Shop","item":"https:\/\/fonsvinum.com\/de\/shop\/"},{"@type":"ListItem","position":3,"name":"Sassicaia 2016"}]},{"@type":"WebSite","@id":"https:\/\/fonsvinum.com\/en\/#website","url":"https:\/\/fonsvinum.com\/en\/","name":"Fons Vinum","description":"Vendita Vino Online","publisher":{"@id":"https:\/\/fonsvinum.com\/en\/#organization"},"potentialAction":[{"@type":"SearchAction","target":{"@type":"EntryPoint","urlTemplate":"https:\/\/fonsvinum.com\/en\/?s={search_term_string}"},"query-input":{"@type":"PropertyValueSpecification","valueRequired":true,"valueName":"search_term_string"}}],"inLanguage":"de"},{"@type":"Organization","@id":"https:\/\/fonsvinum.com\/en\/#organization","name":"Fons Vinum","url":"https:\/\/fonsvinum.com\/en\/","logo":{"@type":"ImageObject","inLanguage":"de","@id":"https:\/\/fonsvinum.com\/en\/#\/schema\/logo\/image\/","url":"","contentUrl":"","caption":"Fons Vinum"},"image":{"@id":"https:\/\/fonsvinum.com\/en\/#\/schema\/logo\/image\/"}}]}},"acf":[],"_links":{"self":[{"href":"https:\/\/fonsvinum.com\/de\/wp-json\/wp\/v2\/product\/18143","targetHints":{"allow":["GET"]}}],"collection":[{"href":"https:\/\/fonsvinum.com\/de\/wp-json\/wp\/v2\/product"}],"about":[{"href":"https:\/\/fonsvinum.com\/de\/wp-json\/wp\/v2\/types\/product"}],"replies":[{"embeddable":true,"href":"https:\/\/fonsvinum.com\/de\/wp-json\/wp\/v2\/comments?post=18143"}],"wp:featuredmedia":[{"embeddable":true,"href":"https:\/\/fonsvinum.com\/de\/wp-json\/wp\/v2\/media\/32700"}],"wp:attachment":[{"href":"https:\/\/fonsvinum.com\/de\/wp-json\/wp\/v2\/media?parent=18143"}],"wp:term":[{"taxonomy":"product_brand","embeddable":true,"href":"https:\/\/fonsvinum.com\/de\/wp-json\/wp\/v2\/product_brand?post=18143"},{"taxonomy":"product_cat","embeddable":true,"href":"https:\/\/fonsvinum.com\/de\/wp-json\/wp\/v2\/product_cat?post=18143"},{"taxonomy":"product_tag","embeddable":true,"href":"https:\/\/fonsvinum.com\/de\/wp-json\/wp\/v2\/product_tag?post=18143"}],"curies":[{"name":"wp","href":"https:\/\/api.w.org\/{rel}","templated":true}]}}