{"id":18135,"date":"2019-02-28T11:39:32","date_gmt":"2019-02-28T10:39:32","guid":{"rendered":"https:\/\/fonsvinum.com\/?post_type=product&#038;p=18135"},"modified":"2019-02-28T12:10:07","modified_gmt":"2019-02-28T11:10:07","slug":"maculan-acininobili-passito-2012","status":"publish","type":"product","link":"https:\/\/fonsvinum.com\/de\/produkt\/maculan-acininobili-passito-2012\/","title":{"rendered":"Maculan Acininobili Passito 2012"},"content":{"rendered":"<h1>Maculan Acininobili Passito 2012<\/h1>\n<p>Ein gro\u00dfer Meditationswein.&#8217;&#8230;.der Acininobili.<\/p>\n<p>K\u00f6stliches Bouquet von Gew\u00fcrzen und kandierten Fr\u00fcchten.<\/p>\n<p>Intensive Aromen von Akazienhonig, getrockneten Fr\u00fcchten und Mandeln mit einem Hauch Botrytis im Hintergrund.<\/p>\n<p>Schon seit Generationen pflegt die Familie Maculan den Weinbau in der Region Breganze.<\/p>\n<p>Breganze ist ein kleines Bergdorf n\u00f6rdlich von Venedig. Die hohen Berge sch\u00fctzen die Region vor den kalten Nordwinden und der Fluss Astico hat im Laufe der Jahrtausende wei\u00dfe Kieselsteine abgelagert, so dass der Boden locker und wasserdurchl\u00e4ssig ist. In dieser wundersch\u00f6nen Landschaft hat fr\u00fcher der venezianische Adel seine Sommerresidenzen gebaut.<\/p>\n<p>In der Kellerei im historischen Zentrum Breganze wird die Tradition mit der modernen Technik vereint.<\/p>\n<p>Die Kellerei befindet sich im historischen Zentrum von Breganze und vereint Tradition mit moderner Technik.<\/p>\n<p>Diese beiden Eigenschaften kommen in dem ber\u00fchmten Dessertwein &#8218;Torcolato&#8216; besonders gut zum Ausdruck.<\/p>\n<p>Zudem unterst\u00fctzt die moderne Technik das absolute Qualit\u00e4tsstreben des \u00d6nologen Fausto Maculan.<\/p>\n<p>Die Klimaver\u00e4nderungen im Weinberg, werden dank modernste Computertechnik st\u00e4ndig \u00fcberwacht, so dass z.B. der optimaler Lesezeitpunkt festgestellt werden kann. Wie Fausto Maculan schon immer sagt: &#8218;&#8230;ein gro\u00dfer Wein ist das Ergebnis einer Kombination g\u00fcnstiger nat\u00fcrlicher Bedingungen und des Wissens, der Erfahrung, des Willens und der harten Arbeit von Menschen&#8230;&#8216;<\/p>\n<p>Leuchtendes antikes Gold, in der Nase ein intensiver blumiger Duft, dazu Noten von Akazienhonig und getrockneten Fr\u00fcchten. Vollmundig und elegant im Geschmack, opitmaler K\u00f6rper und kr\u00e4ftige Struktur.<\/p>\n<p>Ein emotionaler Wein!<\/p>\n","protected":false},"excerpt":{"rendered":"<p>Maculan Acininobili Passito 2012 Ein gro\u00dfer Meditationswein.&#8217;&#8230;.der Acininobili. K\u00f6stliches Bouquet von Gew\u00fcrzen und kandierten Fr\u00fcchten. Intensive Aromen von Akazienhonig, getrockneten Fr\u00fcchten und Mandeln mit einem Hauch Botrytis im Hintergrund. Schon seit Generationen pflegt die Familie Maculan den Weinbau in der Region Breganze. Breganze ist ein kleines Bergdorf n\u00f6rdlich von Venedig. Die hohen Berge sch\u00fctzen die [&hellip;]<\/p>\n","protected":false},"featured_media":18125,"comment_status":"open","ping_status":"closed","template":"","meta":{"_acf_changed":false,"_monsterinsights_skip_tracking":false,"_monsterinsights_sitenote_active":false,"_monsterinsights_sitenote_note":"","_monsterinsights_sitenote_category":0},"product_brand":[],"product_cat":[2266],"product_tag":[1751],"class_list":{"0":"post-18135","1":"product","2":"type-product","3":"status-publish","4":"has-post-thumbnail","6":"product_cat-weissweine-de","7":"product_tag-aussergewoehnliche-weine-aus-italien-de","8":"pa_appellation-doc-breganze-torcolato-de","9":"pa_formato-0-75-l-flasche-de","10":"pa_producer-maculan-de","11":"pa_region-venetien-de","12":"pa_vine-100-vespaiola-de","13":"pa_vintage-2012-de","15":"first","16":"instock","17":"sale","18":"taxable","19":"shipping-taxable","20":"purchasable","21":"product-type-simple"},"bundled_by":[],"bundle_stock_status":"instock","bundle_stock_quantity":3,"bundle_virtual":false,"bundle_layout":"","bundle_add_to_cart_form_location":"","bundle_editable_in_cart":false,"bundle_sold_individually_context":"","bundle_item_grouping":"","bundle_min_size":"","bundle_max_size":"","bundle_price":[],"bundled_items":[],"bundle_sell_ids":[],"yoast_head":"<!-- This site is optimized with the Yoast SEO plugin v27.3 - https:\/\/yoast.com\/product\/yoast-seo-wordpress\/ -->\n<title>Kaufen online Maculan Acininobili Passito Jahrgang 2012<\/title>\n<meta name=\"description\" content=\"Maculan Acininobili Passito 2012 Vollmundig und elegant im Geschmack, opitmaler K\u00f6rper und kr\u00e4ftige Struktur.Ein emotionaler Wein\" \/>\n<meta name=\"robots\" content=\"index, follow, max-snippet:-1, max-image-preview:large, max-video-preview:-1\" \/>\n<link rel=\"canonical\" href=\"https:\/\/fonsvinum.com\/de\/produkt\/maculan-acininobili-passito-2012\/\" \/>\n<meta property=\"og:locale\" content=\"de_DE\" \/>\n<meta property=\"og:type\" content=\"article\" \/>\n<meta property=\"og:title\" content=\"Kaufen online Maculan Acininobili Passito Jahrgang 2012\" \/>\n<meta property=\"og:description\" content=\"Maculan Acininobili Passito 2012 Vollmundig und elegant im Geschmack, opitmaler K\u00f6rper und kr\u00e4ftige Struktur.Ein emotionaler Wein\" \/>\n<meta property=\"og:url\" content=\"https:\/\/fonsvinum.com\/de\/produkt\/maculan-acininobili-passito-2012\/\" \/>\n<meta property=\"og:site_name\" content=\"Fons Vinum\" \/>\n<meta property=\"article:modified_time\" content=\"2019-02-28T11:10:07+00:00\" \/>\n<meta property=\"og:image\" content=\"https:\/\/fonsvinum.com\/files\/2019\/02\/torcolato-maculan.jpg\" \/>\n\t<meta property=\"og:image:width\" content=\"200\" \/>\n\t<meta property=\"og:image:height\" content=\"600\" \/>\n\t<meta property=\"og:image:type\" content=\"image\/jpeg\" \/>\n<meta name=\"twitter:label1\" content=\"Gesch\u00e4tzte Lesezeit\" \/>\n\t<meta name=\"twitter:data1\" content=\"1\u00a0Minute\" \/>\n<script type=\"application\/ld+json\" class=\"yoast-schema-graph\">{\"@context\":\"https:\\\/\\\/schema.org\",\"@graph\":[{\"@type\":\"WebPage\",\"@id\":\"https:\\\/\\\/fonsvinum.com\\\/de\\\/produkt\\\/maculan-acininobili-passito-2012\\\/\",\"url\":\"https:\\\/\\\/fonsvinum.com\\\/de\\\/produkt\\\/maculan-acininobili-passito-2012\\\/\",\"name\":\"Kaufen online Maculan Acininobili Passito Jahrgang 2012\",\"isPartOf\":{\"@id\":\"https:\\\/\\\/fonsvinum.com\\\/en\\\/#website\"},\"primaryImageOfPage\":{\"@id\":\"https:\\\/\\\/fonsvinum.com\\\/de\\\/produkt\\\/maculan-acininobili-passito-2012\\\/#primaryimage\"},\"image\":{\"@id\":\"https:\\\/\\\/fonsvinum.com\\\/de\\\/produkt\\\/maculan-acininobili-passito-2012\\\/#primaryimage\"},\"thumbnailUrl\":\"https:\\\/\\\/fonsvinum.com\\\/files\\\/2019\\\/02\\\/torcolato-maculan.jpg\",\"datePublished\":\"2019-02-28T10:39:32+00:00\",\"dateModified\":\"2019-02-28T11:10:07+00:00\",\"description\":\"Maculan Acininobili Passito 2012 Vollmundig und elegant im Geschmack, opitmaler K\u00f6rper und kr\u00e4ftige Struktur.Ein emotionaler Wein\",\"breadcrumb\":{\"@id\":\"https:\\\/\\\/fonsvinum.com\\\/de\\\/produkt\\\/maculan-acininobili-passito-2012\\\/#breadcrumb\"},\"inLanguage\":\"de\",\"potentialAction\":[{\"@type\":\"ReadAction\",\"target\":[\"https:\\\/\\\/fonsvinum.com\\\/de\\\/produkt\\\/maculan-acininobili-passito-2012\\\/\"]}]},{\"@type\":\"ImageObject\",\"inLanguage\":\"de\",\"@id\":\"https:\\\/\\\/fonsvinum.com\\\/de\\\/produkt\\\/maculan-acininobili-passito-2012\\\/#primaryimage\",\"url\":\"https:\\\/\\\/fonsvinum.com\\\/files\\\/2019\\\/02\\\/torcolato-maculan.jpg\",\"contentUrl\":\"https:\\\/\\\/fonsvinum.com\\\/files\\\/2019\\\/02\\\/torcolato-maculan.jpg\",\"width\":200,\"height\":600,\"caption\":\"torcolato-maculan\"},{\"@type\":\"BreadcrumbList\",\"@id\":\"https:\\\/\\\/fonsvinum.com\\\/de\\\/produkt\\\/maculan-acininobili-passito-2012\\\/#breadcrumb\",\"itemListElement\":[{\"@type\":\"ListItem\",\"position\":1,\"name\":\"Startseite\",\"item\":\"https:\\\/\\\/fonsvinum.com\\\/de\\\/\"},{\"@type\":\"ListItem\",\"position\":2,\"name\":\"Shop\",\"item\":\"https:\\\/\\\/fonsvinum.com\\\/de\\\/shop\\\/\"},{\"@type\":\"ListItem\",\"position\":3,\"name\":\"Maculan Acininobili Passito 2012\"}]},{\"@type\":\"WebSite\",\"@id\":\"https:\\\/\\\/fonsvinum.com\\\/en\\\/#website\",\"url\":\"https:\\\/\\\/fonsvinum.com\\\/en\\\/\",\"name\":\"Fons Vinum\",\"description\":\"Vendita Vino Online\",\"publisher\":{\"@id\":\"https:\\\/\\\/fonsvinum.com\\\/en\\\/#organization\"},\"potentialAction\":[{\"@type\":\"SearchAction\",\"target\":{\"@type\":\"EntryPoint\",\"urlTemplate\":\"https:\\\/\\\/fonsvinum.com\\\/en\\\/?s={search_term_string}\"},\"query-input\":{\"@type\":\"PropertyValueSpecification\",\"valueRequired\":true,\"valueName\":\"search_term_string\"}}],\"inLanguage\":\"de\"},{\"@type\":\"Organization\",\"@id\":\"https:\\\/\\\/fonsvinum.com\\\/en\\\/#organization\",\"name\":\"Fons Vinum\",\"url\":\"https:\\\/\\\/fonsvinum.com\\\/en\\\/\",\"logo\":{\"@type\":\"ImageObject\",\"inLanguage\":\"de\",\"@id\":\"https:\\\/\\\/fonsvinum.com\\\/en\\\/#\\\/schema\\\/logo\\\/image\\\/\",\"url\":\"\",\"contentUrl\":\"\",\"caption\":\"Fons Vinum\"},\"image\":{\"@id\":\"https:\\\/\\\/fonsvinum.com\\\/en\\\/#\\\/schema\\\/logo\\\/image\\\/\"}}]}<\/script>\n<!-- \/ Yoast SEO plugin. -->","yoast_head_json":{"title":"Kaufen online Maculan Acininobili Passito Jahrgang 2012","description":"Maculan Acininobili Passito 2012 Vollmundig und elegant im Geschmack, opitmaler K\u00f6rper und kr\u00e4ftige Struktur.Ein emotionaler Wein","robots":{"index":"index","follow":"follow","max-snippet":"max-snippet:-1","max-image-preview":"max-image-preview:large","max-video-preview":"max-video-preview:-1"},"canonical":"https:\/\/fonsvinum.com\/de\/produkt\/maculan-acininobili-passito-2012\/","og_locale":"de_DE","og_type":"article","og_title":"Kaufen online Maculan Acininobili Passito Jahrgang 2012","og_description":"Maculan Acininobili Passito 2012 Vollmundig und elegant im Geschmack, opitmaler K\u00f6rper und kr\u00e4ftige Struktur.Ein emotionaler Wein","og_url":"https:\/\/fonsvinum.com\/de\/produkt\/maculan-acininobili-passito-2012\/","og_site_name":"Fons Vinum","article_modified_time":"2019-02-28T11:10:07+00:00","og_image":[{"width":200,"height":600,"url":"https:\/\/fonsvinum.com\/files\/2019\/02\/torcolato-maculan.jpg","type":"image\/jpeg"}],"twitter_misc":{"Gesch\u00e4tzte Lesezeit":"1\u00a0Minute"},"schema":{"@context":"https:\/\/schema.org","@graph":[{"@type":"WebPage","@id":"https:\/\/fonsvinum.com\/de\/produkt\/maculan-acininobili-passito-2012\/","url":"https:\/\/fonsvinum.com\/de\/produkt\/maculan-acininobili-passito-2012\/","name":"Kaufen online Maculan Acininobili Passito Jahrgang 2012","isPartOf":{"@id":"https:\/\/fonsvinum.com\/en\/#website"},"primaryImageOfPage":{"@id":"https:\/\/fonsvinum.com\/de\/produkt\/maculan-acininobili-passito-2012\/#primaryimage"},"image":{"@id":"https:\/\/fonsvinum.com\/de\/produkt\/maculan-acininobili-passito-2012\/#primaryimage"},"thumbnailUrl":"https:\/\/fonsvinum.com\/files\/2019\/02\/torcolato-maculan.jpg","datePublished":"2019-02-28T10:39:32+00:00","dateModified":"2019-02-28T11:10:07+00:00","description":"Maculan Acininobili Passito 2012 Vollmundig und elegant im Geschmack, opitmaler K\u00f6rper und kr\u00e4ftige Struktur.Ein emotionaler Wein","breadcrumb":{"@id":"https:\/\/fonsvinum.com\/de\/produkt\/maculan-acininobili-passito-2012\/#breadcrumb"},"inLanguage":"de","potentialAction":[{"@type":"ReadAction","target":["https:\/\/fonsvinum.com\/de\/produkt\/maculan-acininobili-passito-2012\/"]}]},{"@type":"ImageObject","inLanguage":"de","@id":"https:\/\/fonsvinum.com\/de\/produkt\/maculan-acininobili-passito-2012\/#primaryimage","url":"https:\/\/fonsvinum.com\/files\/2019\/02\/torcolato-maculan.jpg","contentUrl":"https:\/\/fonsvinum.com\/files\/2019\/02\/torcolato-maculan.jpg","width":200,"height":600,"caption":"torcolato-maculan"},{"@type":"BreadcrumbList","@id":"https:\/\/fonsvinum.com\/de\/produkt\/maculan-acininobili-passito-2012\/#breadcrumb","itemListElement":[{"@type":"ListItem","position":1,"name":"Startseite","item":"https:\/\/fonsvinum.com\/de\/"},{"@type":"ListItem","position":2,"name":"Shop","item":"https:\/\/fonsvinum.com\/de\/shop\/"},{"@type":"ListItem","position":3,"name":"Maculan Acininobili Passito 2012"}]},{"@type":"WebSite","@id":"https:\/\/fonsvinum.com\/en\/#website","url":"https:\/\/fonsvinum.com\/en\/","name":"Fons Vinum","description":"Vendita Vino Online","publisher":{"@id":"https:\/\/fonsvinum.com\/en\/#organization"},"potentialAction":[{"@type":"SearchAction","target":{"@type":"EntryPoint","urlTemplate":"https:\/\/fonsvinum.com\/en\/?s={search_term_string}"},"query-input":{"@type":"PropertyValueSpecification","valueRequired":true,"valueName":"search_term_string"}}],"inLanguage":"de"},{"@type":"Organization","@id":"https:\/\/fonsvinum.com\/en\/#organization","name":"Fons Vinum","url":"https:\/\/fonsvinum.com\/en\/","logo":{"@type":"ImageObject","inLanguage":"de","@id":"https:\/\/fonsvinum.com\/en\/#\/schema\/logo\/image\/","url":"","contentUrl":"","caption":"Fons Vinum"},"image":{"@id":"https:\/\/fonsvinum.com\/en\/#\/schema\/logo\/image\/"}}]}},"acf":[],"_links":{"self":[{"href":"https:\/\/fonsvinum.com\/de\/wp-json\/wp\/v2\/product\/18135","targetHints":{"allow":["GET"]}}],"collection":[{"href":"https:\/\/fonsvinum.com\/de\/wp-json\/wp\/v2\/product"}],"about":[{"href":"https:\/\/fonsvinum.com\/de\/wp-json\/wp\/v2\/types\/product"}],"replies":[{"embeddable":true,"href":"https:\/\/fonsvinum.com\/de\/wp-json\/wp\/v2\/comments?post=18135"}],"wp:featuredmedia":[{"embeddable":true,"href":"https:\/\/fonsvinum.com\/de\/wp-json\/wp\/v2\/media\/18125"}],"wp:attachment":[{"href":"https:\/\/fonsvinum.com\/de\/wp-json\/wp\/v2\/media?parent=18135"}],"wp:term":[{"taxonomy":"product_brand","embeddable":true,"href":"https:\/\/fonsvinum.com\/de\/wp-json\/wp\/v2\/product_brand?post=18135"},{"taxonomy":"product_cat","embeddable":true,"href":"https:\/\/fonsvinum.com\/de\/wp-json\/wp\/v2\/product_cat?post=18135"},{"taxonomy":"product_tag","embeddable":true,"href":"https:\/\/fonsvinum.com\/de\/wp-json\/wp\/v2\/product_tag?post=18135"}],"curies":[{"name":"wp","href":"https:\/\/api.w.org\/{rel}","templated":true}]}}