{"id":17935,"date":"2019-02-22T10:21:07","date_gmt":"2019-02-22T09:21:07","guid":{"rendered":"https:\/\/fonsvinum.com\/?post_type=product&#038;p=17935"},"modified":"2019-10-11T11:35:52","modified_gmt":"2019-10-11T09:35:52","slug":"barolo-aleste-luciano-sandrone-2014","status":"publish","type":"product","link":"https:\/\/fonsvinum.com\/de\/produkt\/barolo-aleste-luciano-sandrone-2014\/","title":{"rendered":"Barolo Aleste Luciano Sandrone 2014"},"content":{"rendered":"<h1>Barolo Aleste Luciano Sandrone 2014<\/h1>\n<p>Ehemals Cannubi Boschis.<\/p>\n<h3>Weingut:<\/h3>\n<p>Luciano Sandrone ist einer der gro\u00dfen Erneuerer in der Langhe, der sich eindeutig am Vorbild Burgund orientiert. Seine beiden Baroli belegen regelm\u00e4\u00dfig Spitzenpl\u00e4tze in den Bestenlisten. W\u00e4hrend der Cannubi Boschis ein Lagenbarolo ist, werden f\u00fcr den Le Vigne Trauben aus vier vershiedenen Lagen verwendet.<\/p>\n<p>Barolo Aleste ist eine Wortzusammensetzung aus Alessia und Stefano.<\/p>\n<p>Ge\u00e4ndert hat sich ansonsten nichts.<\/p>\n<p>Hier ist immer noch der Cannubi Boschis in der Flasche. Trotzdem waren Barbara und Stefano die Erw\u00e4hnung seiner Enkel und damit n\u00e4chsten Generation, die das Weingut pr\u00e4gen soll wichtiger als die Hervorhebung der Lage.<\/p>\n<p>Cannubi Boschis, das ist der Weinberg, der direkt vis a vis vom Weingut liegt. Cannubi ist sicherlich die ber\u00fchmteste Lage der gesamten Langhe \u00fcberhaupt und von vielen f\u00fcr die beste Barolo Lage von allen gehalten.<\/p>\n<p>Das Herz des Cannubi ist die Unterlage Boschis, benannt nach den fr\u00fcheren Besitzern. Kalkstein und etwas wei\u00dfer Lehm.\u00a0 Cannubi ist die beste Lage im Barolo.<\/p>\n<h3>Weinbereitung:<\/h3>\n<p>Vollst\u00e4ndige Entrappung, acht Tage kalte Mazeration, dann weitere drei Wochen Fermentation in Inox mit anschlie\u00dfender Verweildauer auf der Schale. Ausbau zu 80% in gebrauchtem 500 L Tonneau, 20% neues Holz, 24 Monate, kein Abzug, keine Batonnage.<\/p>\n<p>Verwendung nur des Vorlaufweins nach der Verg\u00e4rung, kein Presswein.<\/p>\n<h3>Jahrgang 2014<\/h3>\n<p>Sehr reife, rote Kirsche mit viel Frische und intensivem, leicht bissigem, aber sehr feinem Tannin.<\/p>\n<p>Sehr delikat, tolle Frische. So unglaublich klassisch und doch sehr fein. Zeigt eine tolle L\u00e4nge.<\/p>\n<p>&nbsp;<\/p>\n<h3>Awards:<\/h3>\n<p>93\/100 Robert Parker<\/p>\n","protected":false},"excerpt":{"rendered":"<p>Barolo Aleste Luciano Sandrone 2014 Ehemals Cannubi Boschis. Weingut: Luciano Sandrone ist einer der gro\u00dfen Erneuerer in der Langhe, der sich eindeutig am Vorbild Burgund orientiert. Seine beiden Baroli belegen regelm\u00e4\u00dfig Spitzenpl\u00e4tze in den Bestenlisten. W\u00e4hrend der Cannubi Boschis ein Lagenbarolo ist, werden f\u00fcr den Le Vigne Trauben aus vier vershiedenen Lagen verwendet. Barolo Aleste [&hellip;]<\/p>\n","protected":false},"featured_media":10031,"comment_status":"open","ping_status":"closed","template":"","meta":{"_acf_changed":false,"_monsterinsights_skip_tracking":false,"_monsterinsights_sitenote_active":false,"_monsterinsights_sitenote_note":"","_monsterinsights_sitenote_category":0},"product_brand":[],"product_cat":[1824],"product_tag":[],"class_list":{"0":"post-17935","1":"product","2":"type-product","3":"status-publish","4":"has-post-thumbnail","6":"product_cat-barolo-de","7":"pa_appellation-barolo-docg-de","8":"pa_formato-0-75-l-flasche-de","9":"pa_producer-luciano-sandrone-de","10":"pa_region-piemont-de","11":"pa_vine-nebbiolo-de","12":"pa_vintage-2014-de","14":"first","15":"instock","16":"taxable","17":"shipping-taxable","18":"purchasable","19":"product-type-simple"},"bundled_by":[],"bundle_stock_status":"instock","bundle_stock_quantity":4,"bundle_virtual":false,"bundle_layout":"","bundle_add_to_cart_form_location":"","bundle_editable_in_cart":false,"bundle_sold_individually_context":"","bundle_item_grouping":"","bundle_min_size":"","bundle_max_size":"","bundle_price":[],"bundled_items":[],"bundle_sell_ids":[],"yoast_head":"<!-- This site is optimized with the Yoast SEO plugin v27.3 - https:\/\/yoast.com\/product\/yoast-seo-wordpress\/ -->\n<title>Kaufen on line on Fons Vinum Barolo Aleste Luciano Sandrone 2014<\/title>\n<meta name=\"description\" content=\"Barolo Aleste Luciano Sandrone 2014 ehemals Cannubi Boschis. I Fons Vinum rare Weine aus Piedmont und Toskana. Kaufen 6 Flasche!\" \/>\n<meta name=\"robots\" content=\"index, follow, max-snippet:-1, max-image-preview:large, max-video-preview:-1\" \/>\n<link rel=\"canonical\" href=\"https:\/\/fonsvinum.com\/de\/produkt\/barolo-aleste-luciano-sandrone-2014\/\" \/>\n<meta property=\"og:locale\" content=\"de_DE\" \/>\n<meta property=\"og:type\" content=\"article\" \/>\n<meta property=\"og:title\" content=\"Kaufen on line on Fons Vinum Barolo Aleste Luciano Sandrone 2014\" \/>\n<meta property=\"og:description\" content=\"Barolo Aleste Luciano Sandrone 2014 ehemals Cannubi Boschis. I Fons Vinum rare Weine aus Piedmont und Toskana. Kaufen 6 Flasche!\" \/>\n<meta property=\"og:url\" content=\"https:\/\/fonsvinum.com\/de\/produkt\/barolo-aleste-luciano-sandrone-2014\/\" \/>\n<meta property=\"og:site_name\" content=\"Fons Vinum\" \/>\n<meta property=\"article:modified_time\" content=\"2019-10-11T09:35:52+00:00\" \/>\n<meta property=\"og:image\" content=\"https:\/\/fonsvinum.com\/files\/2017\/01\/Barolo-Cannubi-Boschis-Luciano-Sandrone.png\" \/>\n\t<meta property=\"og:image:width\" content=\"200\" \/>\n\t<meta property=\"og:image:height\" content=\"600\" \/>\n\t<meta property=\"og:image:type\" content=\"image\/png\" \/>\n<meta name=\"twitter:label1\" content=\"Gesch\u00e4tzte Lesezeit\" \/>\n\t<meta name=\"twitter:data1\" content=\"1\u00a0Minute\" \/>\n<script type=\"application\/ld+json\" class=\"yoast-schema-graph\">{\"@context\":\"https:\\\/\\\/schema.org\",\"@graph\":[{\"@type\":\"WebPage\",\"@id\":\"https:\\\/\\\/fonsvinum.com\\\/de\\\/produkt\\\/barolo-aleste-luciano-sandrone-2014\\\/\",\"url\":\"https:\\\/\\\/fonsvinum.com\\\/de\\\/produkt\\\/barolo-aleste-luciano-sandrone-2014\\\/\",\"name\":\"Kaufen on line on Fons Vinum Barolo Aleste Luciano Sandrone 2014\",\"isPartOf\":{\"@id\":\"https:\\\/\\\/fonsvinum.com\\\/en\\\/#website\"},\"primaryImageOfPage\":{\"@id\":\"https:\\\/\\\/fonsvinum.com\\\/de\\\/produkt\\\/barolo-aleste-luciano-sandrone-2014\\\/#primaryimage\"},\"image\":{\"@id\":\"https:\\\/\\\/fonsvinum.com\\\/de\\\/produkt\\\/barolo-aleste-luciano-sandrone-2014\\\/#primaryimage\"},\"thumbnailUrl\":\"https:\\\/\\\/fonsvinum.com\\\/files\\\/2017\\\/01\\\/Barolo-Cannubi-Boschis-Luciano-Sandrone.png\",\"datePublished\":\"2019-02-22T09:21:07+00:00\",\"dateModified\":\"2019-10-11T09:35:52+00:00\",\"description\":\"Barolo Aleste Luciano Sandrone 2014 ehemals Cannubi Boschis. I Fons Vinum rare Weine aus Piedmont und Toskana. Kaufen 6 Flasche!\",\"breadcrumb\":{\"@id\":\"https:\\\/\\\/fonsvinum.com\\\/de\\\/produkt\\\/barolo-aleste-luciano-sandrone-2014\\\/#breadcrumb\"},\"inLanguage\":\"de\",\"potentialAction\":[{\"@type\":\"ReadAction\",\"target\":[\"https:\\\/\\\/fonsvinum.com\\\/de\\\/produkt\\\/barolo-aleste-luciano-sandrone-2014\\\/\"]}]},{\"@type\":\"ImageObject\",\"inLanguage\":\"de\",\"@id\":\"https:\\\/\\\/fonsvinum.com\\\/de\\\/produkt\\\/barolo-aleste-luciano-sandrone-2014\\\/#primaryimage\",\"url\":\"https:\\\/\\\/fonsvinum.com\\\/files\\\/2017\\\/01\\\/Barolo-Cannubi-Boschis-Luciano-Sandrone.png\",\"contentUrl\":\"https:\\\/\\\/fonsvinum.com\\\/files\\\/2017\\\/01\\\/Barolo-Cannubi-Boschis-Luciano-Sandrone.png\",\"width\":200,\"height\":600},{\"@type\":\"BreadcrumbList\",\"@id\":\"https:\\\/\\\/fonsvinum.com\\\/de\\\/produkt\\\/barolo-aleste-luciano-sandrone-2014\\\/#breadcrumb\",\"itemListElement\":[{\"@type\":\"ListItem\",\"position\":1,\"name\":\"Startseite\",\"item\":\"https:\\\/\\\/fonsvinum.com\\\/de\\\/\"},{\"@type\":\"ListItem\",\"position\":2,\"name\":\"Shop\",\"item\":\"https:\\\/\\\/fonsvinum.com\\\/de\\\/shop\\\/\"},{\"@type\":\"ListItem\",\"position\":3,\"name\":\"Barolo Aleste Luciano Sandrone 2014\"}]},{\"@type\":\"WebSite\",\"@id\":\"https:\\\/\\\/fonsvinum.com\\\/en\\\/#website\",\"url\":\"https:\\\/\\\/fonsvinum.com\\\/en\\\/\",\"name\":\"Fons Vinum\",\"description\":\"Vendita Vino Online\",\"publisher\":{\"@id\":\"https:\\\/\\\/fonsvinum.com\\\/en\\\/#organization\"},\"potentialAction\":[{\"@type\":\"SearchAction\",\"target\":{\"@type\":\"EntryPoint\",\"urlTemplate\":\"https:\\\/\\\/fonsvinum.com\\\/en\\\/?s={search_term_string}\"},\"query-input\":{\"@type\":\"PropertyValueSpecification\",\"valueRequired\":true,\"valueName\":\"search_term_string\"}}],\"inLanguage\":\"de\"},{\"@type\":\"Organization\",\"@id\":\"https:\\\/\\\/fonsvinum.com\\\/en\\\/#organization\",\"name\":\"Fons Vinum\",\"url\":\"https:\\\/\\\/fonsvinum.com\\\/en\\\/\",\"logo\":{\"@type\":\"ImageObject\",\"inLanguage\":\"de\",\"@id\":\"https:\\\/\\\/fonsvinum.com\\\/en\\\/#\\\/schema\\\/logo\\\/image\\\/\",\"url\":\"\",\"contentUrl\":\"\",\"caption\":\"Fons Vinum\"},\"image\":{\"@id\":\"https:\\\/\\\/fonsvinum.com\\\/en\\\/#\\\/schema\\\/logo\\\/image\\\/\"}}]}<\/script>\n<!-- \/ Yoast SEO plugin. -->","yoast_head_json":{"title":"Kaufen on line on Fons Vinum Barolo Aleste Luciano Sandrone 2014","description":"Barolo Aleste Luciano Sandrone 2014 ehemals Cannubi Boschis. I Fons Vinum rare Weine aus Piedmont und Toskana. Kaufen 6 Flasche!","robots":{"index":"index","follow":"follow","max-snippet":"max-snippet:-1","max-image-preview":"max-image-preview:large","max-video-preview":"max-video-preview:-1"},"canonical":"https:\/\/fonsvinum.com\/de\/produkt\/barolo-aleste-luciano-sandrone-2014\/","og_locale":"de_DE","og_type":"article","og_title":"Kaufen on line on Fons Vinum Barolo Aleste Luciano Sandrone 2014","og_description":"Barolo Aleste Luciano Sandrone 2014 ehemals Cannubi Boschis. I Fons Vinum rare Weine aus Piedmont und Toskana. Kaufen 6 Flasche!","og_url":"https:\/\/fonsvinum.com\/de\/produkt\/barolo-aleste-luciano-sandrone-2014\/","og_site_name":"Fons Vinum","article_modified_time":"2019-10-11T09:35:52+00:00","og_image":[{"width":200,"height":600,"url":"https:\/\/fonsvinum.com\/files\/2017\/01\/Barolo-Cannubi-Boschis-Luciano-Sandrone.png","type":"image\/png"}],"twitter_misc":{"Gesch\u00e4tzte Lesezeit":"1\u00a0Minute"},"schema":{"@context":"https:\/\/schema.org","@graph":[{"@type":"WebPage","@id":"https:\/\/fonsvinum.com\/de\/produkt\/barolo-aleste-luciano-sandrone-2014\/","url":"https:\/\/fonsvinum.com\/de\/produkt\/barolo-aleste-luciano-sandrone-2014\/","name":"Kaufen on line on Fons Vinum Barolo Aleste Luciano Sandrone 2014","isPartOf":{"@id":"https:\/\/fonsvinum.com\/en\/#website"},"primaryImageOfPage":{"@id":"https:\/\/fonsvinum.com\/de\/produkt\/barolo-aleste-luciano-sandrone-2014\/#primaryimage"},"image":{"@id":"https:\/\/fonsvinum.com\/de\/produkt\/barolo-aleste-luciano-sandrone-2014\/#primaryimage"},"thumbnailUrl":"https:\/\/fonsvinum.com\/files\/2017\/01\/Barolo-Cannubi-Boschis-Luciano-Sandrone.png","datePublished":"2019-02-22T09:21:07+00:00","dateModified":"2019-10-11T09:35:52+00:00","description":"Barolo Aleste Luciano Sandrone 2014 ehemals Cannubi Boschis. I Fons Vinum rare Weine aus Piedmont und Toskana. Kaufen 6 Flasche!","breadcrumb":{"@id":"https:\/\/fonsvinum.com\/de\/produkt\/barolo-aleste-luciano-sandrone-2014\/#breadcrumb"},"inLanguage":"de","potentialAction":[{"@type":"ReadAction","target":["https:\/\/fonsvinum.com\/de\/produkt\/barolo-aleste-luciano-sandrone-2014\/"]}]},{"@type":"ImageObject","inLanguage":"de","@id":"https:\/\/fonsvinum.com\/de\/produkt\/barolo-aleste-luciano-sandrone-2014\/#primaryimage","url":"https:\/\/fonsvinum.com\/files\/2017\/01\/Barolo-Cannubi-Boschis-Luciano-Sandrone.png","contentUrl":"https:\/\/fonsvinum.com\/files\/2017\/01\/Barolo-Cannubi-Boschis-Luciano-Sandrone.png","width":200,"height":600},{"@type":"BreadcrumbList","@id":"https:\/\/fonsvinum.com\/de\/produkt\/barolo-aleste-luciano-sandrone-2014\/#breadcrumb","itemListElement":[{"@type":"ListItem","position":1,"name":"Startseite","item":"https:\/\/fonsvinum.com\/de\/"},{"@type":"ListItem","position":2,"name":"Shop","item":"https:\/\/fonsvinum.com\/de\/shop\/"},{"@type":"ListItem","position":3,"name":"Barolo Aleste Luciano Sandrone 2014"}]},{"@type":"WebSite","@id":"https:\/\/fonsvinum.com\/en\/#website","url":"https:\/\/fonsvinum.com\/en\/","name":"Fons Vinum","description":"Vendita Vino Online","publisher":{"@id":"https:\/\/fonsvinum.com\/en\/#organization"},"potentialAction":[{"@type":"SearchAction","target":{"@type":"EntryPoint","urlTemplate":"https:\/\/fonsvinum.com\/en\/?s={search_term_string}"},"query-input":{"@type":"PropertyValueSpecification","valueRequired":true,"valueName":"search_term_string"}}],"inLanguage":"de"},{"@type":"Organization","@id":"https:\/\/fonsvinum.com\/en\/#organization","name":"Fons Vinum","url":"https:\/\/fonsvinum.com\/en\/","logo":{"@type":"ImageObject","inLanguage":"de","@id":"https:\/\/fonsvinum.com\/en\/#\/schema\/logo\/image\/","url":"","contentUrl":"","caption":"Fons Vinum"},"image":{"@id":"https:\/\/fonsvinum.com\/en\/#\/schema\/logo\/image\/"}}]}},"acf":[],"_links":{"self":[{"href":"https:\/\/fonsvinum.com\/de\/wp-json\/wp\/v2\/product\/17935","targetHints":{"allow":["GET"]}}],"collection":[{"href":"https:\/\/fonsvinum.com\/de\/wp-json\/wp\/v2\/product"}],"about":[{"href":"https:\/\/fonsvinum.com\/de\/wp-json\/wp\/v2\/types\/product"}],"replies":[{"embeddable":true,"href":"https:\/\/fonsvinum.com\/de\/wp-json\/wp\/v2\/comments?post=17935"}],"wp:featuredmedia":[{"embeddable":true,"href":"https:\/\/fonsvinum.com\/de\/wp-json\/wp\/v2\/media\/10031"}],"wp:attachment":[{"href":"https:\/\/fonsvinum.com\/de\/wp-json\/wp\/v2\/media?parent=17935"}],"wp:term":[{"taxonomy":"product_brand","embeddable":true,"href":"https:\/\/fonsvinum.com\/de\/wp-json\/wp\/v2\/product_brand?post=17935"},{"taxonomy":"product_cat","embeddable":true,"href":"https:\/\/fonsvinum.com\/de\/wp-json\/wp\/v2\/product_cat?post=17935"},{"taxonomy":"product_tag","embeddable":true,"href":"https:\/\/fonsvinum.com\/de\/wp-json\/wp\/v2\/product_tag?post=17935"}],"curies":[{"name":"wp","href":"https:\/\/api.w.org\/{rel}","templated":true}]}}