{"id":17863,"date":"2019-02-21T15:09:20","date_gmt":"2019-02-21T14:09:20","guid":{"rendered":"https:\/\/fonsvinum.com\/?post_type=product&#038;p=17863"},"modified":"2020-02-11T11:19:32","modified_gmt":"2020-02-11T10:19:32","slug":"barolo-2014-parafada-massolino","status":"publish","type":"product","link":"https:\/\/fonsvinum.com\/de\/produkt\/barolo-2014-parafada-massolino\/","title":{"rendered":"Barolo 2014 Parafada Massolino"},"content":{"rendered":"<h1>Barolo 2014 Parafada Massolino<\/h1>\n<p>Massolino produziert Weine, die die Br\u00fccke schlagen zwischen Tradition und Gegenwart, die Verbindung darstellen, zwischen traditioneller Stilistik des Piemont und genussvollem, zivilisiertem Trinkgenuss.<\/p>\n<p>Der Weingarten Parafada mit seinem kalkig-mergeligen Boden, auf einer H\u00f6he von 330 bis 380 Meter gelegen und komplett nach S\u00fcden ausgerichtet, ist eine der Top-Lagen der gesamten Barolo-Zone. Schon seit jeher gelten die Trauben aus Parafada als etwas Besonderes.<\/p>\n<p>Das Durchschnittsalter der Rebst\u00f6cke betr\u00e4gt 50 Jahre! Die Familie Massolino erzeugt hier einen wahrlich gro\u00dfen Wein. Nach Lese und Fermentation wird der Wein traditionell in gro\u00dfen Holzf\u00e4ssern von 500 bis 700 Litern ausgebaut.<\/p>\n<p>Nur ein kleiner Teil ruht f\u00fcr circa 24 Monate in Barriques. Tradition und Moderne vereinen sich ohne an Identit\u00e4t zu verlieren. Das Ergebnis beeindruckt!<\/p>\n<p>Beschreibung:<br \/>\nEin strukturierter Rotwein, fokussiert auf eine beeindruckende Dichte von fruchtigen Aromen und w\u00fcrzigen Nuancen. In der Nase sehr elegant und komplex, betont w\u00fcrzig und von blumiger Anmut kann man den ersten Schluck kaum erwarten. Reife Kirschen und schwarze Beeren bilden die s\u00fc\u00dflich-frische Seite des Bouquets. Intensives Lakritz und pikantes Leder sorgen zusammen mit dem Duft morgendlichen Waldbodens f\u00fcr den reichhaltigen Nebenspieler in der Aromatik. Auf der Zunge monumental und doch harmonisch mit einem unwiderstehlichem authentischen Abgang.<\/p>\n<p>In diesem kraftvollen Genuss k\u00f6nnen Sie sich problemlos verlieren. Kombiniert mit w\u00fcrzigen Wildgerichten kommt die fleischige Textur des tief granatroten Weines besonders markant zur Geltung.<\/p>\n<p>&nbsp;<\/p>\n","protected":false},"excerpt":{"rendered":"<p>Barolo 2014 Parafada Massolino Massolino produziert Weine, die die Br\u00fccke schlagen zwischen Tradition und Gegenwart, die Verbindung darstellen, zwischen traditioneller Stilistik des Piemont und genussvollem, zivilisiertem Trinkgenuss. Der Weingarten Parafada mit seinem kalkig-mergeligen Boden, auf einer H\u00f6he von 330 bis 380 Meter gelegen und komplett nach S\u00fcden ausgerichtet, ist eine der Top-Lagen der gesamten Barolo-Zone. [&hellip;]<\/p>\n","protected":false},"featured_media":34976,"comment_status":"open","ping_status":"closed","template":"","meta":{"_acf_changed":false,"_monsterinsights_skip_tracking":false,"_monsterinsights_sitenote_active":false,"_monsterinsights_sitenote_note":"","_monsterinsights_sitenote_category":0},"product_brand":[],"product_cat":[1824],"product_tag":[1733,15903],"class_list":{"0":"post-17863","1":"product","2":"type-product","3":"status-publish","4":"has-post-thumbnail","6":"product_cat-barolo-de","7":"product_tag-aussergewoehnliche-weine-de","8":"product_tag-barolo-de","9":"pa_appellation-barolo-docg-de","10":"pa_formato-0-75-l-flasche-de","11":"pa_producer-massolino-de","12":"pa_region-piemont-de","13":"pa_vine-100-nebbiolo-de","14":"pa_vintage-2014-de","16":"first","17":"outofstock","18":"taxable","19":"shipping-taxable","20":"purchasable","21":"product-type-simple"},"bundled_by":[],"bundle_stock_status":"outofstock","bundle_stock_quantity":0,"bundle_virtual":false,"bundle_layout":"","bundle_add_to_cart_form_location":"","bundle_editable_in_cart":false,"bundle_sold_individually_context":"","bundle_item_grouping":"","bundle_min_size":"","bundle_max_size":"","bundle_price":[],"bundled_items":[],"bundle_sell_ids":[],"yoast_head":"<!-- This site is optimized with the Yoast SEO plugin v27.2 - https:\/\/yoast.com\/product\/yoast-seo-wordpress\/ -->\n<title>Barolo 2014 Parafada Massolino I FONS VINUM<\/title>\n<meta name=\"description\" content=\"Barolo 2014 Parafada Massolino. Eignet sich zu Braten und Wild, passt auch sehr gut als Abschluss eines Essens zu reifem K\u00e4se.\" \/>\n<meta name=\"robots\" content=\"index, follow, max-snippet:-1, max-image-preview:large, max-video-preview:-1\" \/>\n<link rel=\"canonical\" href=\"https:\/\/fonsvinum.com\/de\/produkt\/barolo-2014-parafada-massolino\/\" \/>\n<meta property=\"og:locale\" content=\"de_DE\" \/>\n<meta property=\"og:type\" content=\"article\" \/>\n<meta property=\"og:title\" content=\"Barolo 2014 Parafada Massolino I FONS VINUM\" \/>\n<meta property=\"og:description\" content=\"Barolo 2014 Parafada Massolino. Eignet sich zu Braten und Wild, passt auch sehr gut als Abschluss eines Essens zu reifem K\u00e4se.\" \/>\n<meta property=\"og:url\" content=\"https:\/\/fonsvinum.com\/de\/produkt\/barolo-2014-parafada-massolino\/\" \/>\n<meta property=\"og:site_name\" content=\"Fons Vinum\" \/>\n<meta property=\"article:modified_time\" content=\"2020-02-11T10:19:32+00:00\" \/>\n<meta property=\"og:image\" content=\"https:\/\/fonsvinum.com\/files\/2021\/09\/massolino-barolo-parafada-1.jpg\" \/>\n\t<meta property=\"og:image:width\" content=\"200\" \/>\n\t<meta property=\"og:image:height\" content=\"600\" \/>\n\t<meta property=\"og:image:type\" content=\"image\/jpeg\" \/>\n<meta name=\"twitter:label1\" content=\"Gesch\u00e4tzte Lesezeit\" \/>\n\t<meta name=\"twitter:data1\" content=\"1\u00a0Minute\" \/>\n<script type=\"application\/ld+json\" class=\"yoast-schema-graph\">{\"@context\":\"https:\/\/schema.org\",\"@graph\":[{\"@type\":\"WebPage\",\"@id\":\"https:\/\/fonsvinum.com\/de\/produkt\/barolo-2014-parafada-massolino\/\",\"url\":\"https:\/\/fonsvinum.com\/de\/produkt\/barolo-2014-parafada-massolino\/\",\"name\":\"Barolo 2014 Parafada Massolino I FONS VINUM\",\"isPartOf\":{\"@id\":\"https:\/\/fonsvinum.com\/en\/#website\"},\"primaryImageOfPage\":{\"@id\":\"https:\/\/fonsvinum.com\/de\/produkt\/barolo-2014-parafada-massolino\/#primaryimage\"},\"image\":{\"@id\":\"https:\/\/fonsvinum.com\/de\/produkt\/barolo-2014-parafada-massolino\/#primaryimage\"},\"thumbnailUrl\":\"https:\/\/fonsvinum.com\/files\/2021\/09\/massolino-barolo-parafada-1.jpg\",\"datePublished\":\"2019-02-21T14:09:20+00:00\",\"dateModified\":\"2020-02-11T10:19:32+00:00\",\"description\":\"Barolo 2014 Parafada Massolino. Eignet sich zu Braten und Wild, passt auch sehr gut als Abschluss eines Essens zu reifem K\u00e4se.\",\"breadcrumb\":{\"@id\":\"https:\/\/fonsvinum.com\/de\/produkt\/barolo-2014-parafada-massolino\/#breadcrumb\"},\"inLanguage\":\"de\",\"potentialAction\":[{\"@type\":\"ReadAction\",\"target\":[\"https:\/\/fonsvinum.com\/de\/produkt\/barolo-2014-parafada-massolino\/\"]}]},{\"@type\":\"ImageObject\",\"inLanguage\":\"de\",\"@id\":\"https:\/\/fonsvinum.com\/de\/produkt\/barolo-2014-parafada-massolino\/#primaryimage\",\"url\":\"https:\/\/fonsvinum.com\/files\/2021\/09\/massolino-barolo-parafada-1.jpg\",\"contentUrl\":\"https:\/\/fonsvinum.com\/files\/2021\/09\/massolino-barolo-parafada-1.jpg\",\"width\":200,\"height\":600},{\"@type\":\"BreadcrumbList\",\"@id\":\"https:\/\/fonsvinum.com\/de\/produkt\/barolo-2014-parafada-massolino\/#breadcrumb\",\"itemListElement\":[{\"@type\":\"ListItem\",\"position\":1,\"name\":\"Startseite\",\"item\":\"https:\/\/fonsvinum.com\/de\/\"},{\"@type\":\"ListItem\",\"position\":2,\"name\":\"Shop\",\"item\":\"https:\/\/fonsvinum.com\/de\/shop\/\"},{\"@type\":\"ListItem\",\"position\":3,\"name\":\"Barolo 2014 Parafada Massolino\"}]},{\"@type\":\"WebSite\",\"@id\":\"https:\/\/fonsvinum.com\/en\/#website\",\"url\":\"https:\/\/fonsvinum.com\/en\/\",\"name\":\"Fons Vinum\",\"description\":\"Vendita Vino Online\",\"publisher\":{\"@id\":\"https:\/\/fonsvinum.com\/en\/#organization\"},\"potentialAction\":[{\"@type\":\"SearchAction\",\"target\":{\"@type\":\"EntryPoint\",\"urlTemplate\":\"https:\/\/fonsvinum.com\/en\/?s={search_term_string}\"},\"query-input\":{\"@type\":\"PropertyValueSpecification\",\"valueRequired\":true,\"valueName\":\"search_term_string\"}}],\"inLanguage\":\"de\"},{\"@type\":\"Organization\",\"@id\":\"https:\/\/fonsvinum.com\/en\/#organization\",\"name\":\"Fons Vinum\",\"url\":\"https:\/\/fonsvinum.com\/en\/\",\"logo\":{\"@type\":\"ImageObject\",\"inLanguage\":\"de\",\"@id\":\"https:\/\/fonsvinum.com\/en\/#\/schema\/logo\/image\/\",\"url\":\"\",\"contentUrl\":\"\",\"caption\":\"Fons Vinum\"},\"image\":{\"@id\":\"https:\/\/fonsvinum.com\/en\/#\/schema\/logo\/image\/\"}}]}<\/script>\n<!-- \/ Yoast SEO plugin. -->","yoast_head_json":{"title":"Barolo 2014 Parafada Massolino I FONS VINUM","description":"Barolo 2014 Parafada Massolino. Eignet sich zu Braten und Wild, passt auch sehr gut als Abschluss eines Essens zu reifem K\u00e4se.","robots":{"index":"index","follow":"follow","max-snippet":"max-snippet:-1","max-image-preview":"max-image-preview:large","max-video-preview":"max-video-preview:-1"},"canonical":"https:\/\/fonsvinum.com\/de\/produkt\/barolo-2014-parafada-massolino\/","og_locale":"de_DE","og_type":"article","og_title":"Barolo 2014 Parafada Massolino I FONS VINUM","og_description":"Barolo 2014 Parafada Massolino. Eignet sich zu Braten und Wild, passt auch sehr gut als Abschluss eines Essens zu reifem K\u00e4se.","og_url":"https:\/\/fonsvinum.com\/de\/produkt\/barolo-2014-parafada-massolino\/","og_site_name":"Fons Vinum","article_modified_time":"2020-02-11T10:19:32+00:00","og_image":[{"width":200,"height":600,"url":"https:\/\/fonsvinum.com\/files\/2021\/09\/massolino-barolo-parafada-1.jpg","type":"image\/jpeg"}],"twitter_misc":{"Gesch\u00e4tzte Lesezeit":"1\u00a0Minute"},"schema":{"@context":"https:\/\/schema.org","@graph":[{"@type":"WebPage","@id":"https:\/\/fonsvinum.com\/de\/produkt\/barolo-2014-parafada-massolino\/","url":"https:\/\/fonsvinum.com\/de\/produkt\/barolo-2014-parafada-massolino\/","name":"Barolo 2014 Parafada Massolino I FONS VINUM","isPartOf":{"@id":"https:\/\/fonsvinum.com\/en\/#website"},"primaryImageOfPage":{"@id":"https:\/\/fonsvinum.com\/de\/produkt\/barolo-2014-parafada-massolino\/#primaryimage"},"image":{"@id":"https:\/\/fonsvinum.com\/de\/produkt\/barolo-2014-parafada-massolino\/#primaryimage"},"thumbnailUrl":"https:\/\/fonsvinum.com\/files\/2021\/09\/massolino-barolo-parafada-1.jpg","datePublished":"2019-02-21T14:09:20+00:00","dateModified":"2020-02-11T10:19:32+00:00","description":"Barolo 2014 Parafada Massolino. Eignet sich zu Braten und Wild, passt auch sehr gut als Abschluss eines Essens zu reifem K\u00e4se.","breadcrumb":{"@id":"https:\/\/fonsvinum.com\/de\/produkt\/barolo-2014-parafada-massolino\/#breadcrumb"},"inLanguage":"de","potentialAction":[{"@type":"ReadAction","target":["https:\/\/fonsvinum.com\/de\/produkt\/barolo-2014-parafada-massolino\/"]}]},{"@type":"ImageObject","inLanguage":"de","@id":"https:\/\/fonsvinum.com\/de\/produkt\/barolo-2014-parafada-massolino\/#primaryimage","url":"https:\/\/fonsvinum.com\/files\/2021\/09\/massolino-barolo-parafada-1.jpg","contentUrl":"https:\/\/fonsvinum.com\/files\/2021\/09\/massolino-barolo-parafada-1.jpg","width":200,"height":600},{"@type":"BreadcrumbList","@id":"https:\/\/fonsvinum.com\/de\/produkt\/barolo-2014-parafada-massolino\/#breadcrumb","itemListElement":[{"@type":"ListItem","position":1,"name":"Startseite","item":"https:\/\/fonsvinum.com\/de\/"},{"@type":"ListItem","position":2,"name":"Shop","item":"https:\/\/fonsvinum.com\/de\/shop\/"},{"@type":"ListItem","position":3,"name":"Barolo 2014 Parafada Massolino"}]},{"@type":"WebSite","@id":"https:\/\/fonsvinum.com\/en\/#website","url":"https:\/\/fonsvinum.com\/en\/","name":"Fons Vinum","description":"Vendita Vino Online","publisher":{"@id":"https:\/\/fonsvinum.com\/en\/#organization"},"potentialAction":[{"@type":"SearchAction","target":{"@type":"EntryPoint","urlTemplate":"https:\/\/fonsvinum.com\/en\/?s={search_term_string}"},"query-input":{"@type":"PropertyValueSpecification","valueRequired":true,"valueName":"search_term_string"}}],"inLanguage":"de"},{"@type":"Organization","@id":"https:\/\/fonsvinum.com\/en\/#organization","name":"Fons Vinum","url":"https:\/\/fonsvinum.com\/en\/","logo":{"@type":"ImageObject","inLanguage":"de","@id":"https:\/\/fonsvinum.com\/en\/#\/schema\/logo\/image\/","url":"","contentUrl":"","caption":"Fons Vinum"},"image":{"@id":"https:\/\/fonsvinum.com\/en\/#\/schema\/logo\/image\/"}}]}},"acf":[],"_links":{"self":[{"href":"https:\/\/fonsvinum.com\/de\/wp-json\/wp\/v2\/product\/17863","targetHints":{"allow":["GET"]}}],"collection":[{"href":"https:\/\/fonsvinum.com\/de\/wp-json\/wp\/v2\/product"}],"about":[{"href":"https:\/\/fonsvinum.com\/de\/wp-json\/wp\/v2\/types\/product"}],"replies":[{"embeddable":true,"href":"https:\/\/fonsvinum.com\/de\/wp-json\/wp\/v2\/comments?post=17863"}],"wp:featuredmedia":[{"embeddable":true,"href":"https:\/\/fonsvinum.com\/de\/wp-json\/wp\/v2\/media\/34976"}],"wp:attachment":[{"href":"https:\/\/fonsvinum.com\/de\/wp-json\/wp\/v2\/media?parent=17863"}],"wp:term":[{"taxonomy":"product_brand","embeddable":true,"href":"https:\/\/fonsvinum.com\/de\/wp-json\/wp\/v2\/product_brand?post=17863"},{"taxonomy":"product_cat","embeddable":true,"href":"https:\/\/fonsvinum.com\/de\/wp-json\/wp\/v2\/product_cat?post=17863"},{"taxonomy":"product_tag","embeddable":true,"href":"https:\/\/fonsvinum.com\/de\/wp-json\/wp\/v2\/product_tag?post=17863"}],"curies":[{"name":"wp","href":"https:\/\/api.w.org\/{rel}","templated":true}]}}