{"id":17797,"date":"2019-02-21T10:10:57","date_gmt":"2019-02-21T09:10:57","guid":{"rendered":"https:\/\/fonsvinum.com\/?post_type=product&#038;p=17797"},"modified":"2020-02-11T11:27:17","modified_gmt":"2020-02-11T10:27:17","slug":"barolo-2014-margheria-massolino","status":"publish","type":"product","link":"https:\/\/fonsvinum.com\/de\/produkt\/barolo-2014-margheria-massolino\/","title":{"rendered":"Barolo 2014 Margheria Massolino"},"content":{"rendered":"<h1>Barolo 2014 Margheria Massolino<\/h1>\n<p>Auf dem Weingut Massolino werden auf einer Fl\u00e4che von 30 Hektar (davon 23 Hektar in Produktion) herausragende Baroli im klassischen Stil produziert.<br \/>\nBei einer Gesamtproduktion von 150.000 Flaschen im Jahr sind Finesse und Langlebigkeit die Attribute, die f\u00fcr alle Weine gelten, die den Keller in Serralunga d\u00b4Alba verlassen.<\/p>\n<p>Kurzbeschreibung:<br \/>\nEine der 3 Lagen von Massolino. Margheria ist immer der Barolo, der am l\u00e4ngsten Zeit ben\u00f6tigt. Er braucht Luft zum Atmen und entfaltet sich dann in vollem Glanz mit viel Gew\u00fcrzen und stoffigem Mundgef\u00fchl.<\/p>\n<p>Speiseempfehlung:Ein Solist.<\/p>\n<ul>\n<li>Rebsorte100% Nebbiolo<\/li>\n<li>Farbe: granatrot<\/li>\n<li>Duft: der 2014er verspricht viel Lagerf\u00e4higkeit, in der Nase ist er noch sehr verschlossen und l\u00e4sst nur leichte Veilchen- und Graphitnoten erahnen<\/li>\n<li>Geschmack: sehr stoffig ab Gaumen, die jungen Tannine beherschen nocht die Struktur des Weins, ein Rotwein zum Dekantieren oder Einlagern<\/li>\n<li>Ausbau : in gro\u00dfen Holzf\u00e4ssern<\/li>\n<li>empfohlene Serviertemperatur: 16-18\u00b0C<\/li>\n<li>Verschluss Naturkork<br \/>\nlagerf\u00e4hig mindestens bis 2035<\/li>\n<\/ul>\n","protected":false},"excerpt":{"rendered":"<p>Barolo 2014 Margheria Massolino Auf dem Weingut Massolino werden auf einer Fl\u00e4che von 30 Hektar (davon 23 Hektar in Produktion) herausragende Baroli im klassischen Stil produziert. Bei einer Gesamtproduktion von 150.000 Flaschen im Jahr sind Finesse und Langlebigkeit die Attribute, die f\u00fcr alle Weine gelten, die den Keller in Serralunga d\u00b4Alba verlassen. Kurzbeschreibung: Eine der [&hellip;]<\/p>\n","protected":false},"featured_media":34960,"comment_status":"open","ping_status":"closed","template":"","meta":{"_acf_changed":false,"_monsterinsights_skip_tracking":false,"_monsterinsights_sitenote_active":false,"_monsterinsights_sitenote_note":"","_monsterinsights_sitenote_category":0},"product_brand":[],"product_cat":[1824],"product_tag":[1733,15903],"class_list":{"0":"post-17797","1":"product","2":"type-product","3":"status-publish","4":"has-post-thumbnail","6":"product_cat-barolo-de","7":"product_tag-aussergewoehnliche-weine-de","8":"product_tag-barolo-de","9":"pa_appellation-barolo-docg-de","10":"pa_formato-0-75-l-flasche-de","11":"pa_producer-massolino-de","12":"pa_region-piemont-de","13":"pa_vine-100-nebbiolo-de","14":"pa_vintage-2014-de","16":"first","17":"outofstock","18":"taxable","19":"shipping-taxable","20":"purchasable","21":"product-type-simple"},"bundled_by":[],"bundle_stock_status":"outofstock","bundle_stock_quantity":0,"bundle_virtual":false,"bundle_layout":"","bundle_add_to_cart_form_location":"","bundle_editable_in_cart":false,"bundle_sold_individually_context":"","bundle_item_grouping":"","bundle_min_size":"","bundle_max_size":"","bundle_price":[],"bundled_items":[],"bundle_sell_ids":[],"yoast_head":"<!-- This site is optimized with the Yoast SEO plugin v27.2 - https:\/\/yoast.com\/product\/yoast-seo-wordpress\/ -->\n<title>Barolo 2014 Margheria Massolino I FONS VINUM<\/title>\n<meta name=\"description\" content=\"Barolo 2014 Margheria Massolino. Eignet sich zu Braten und Wild, passt auch sehr gut als Abschluss eines Essens zu reifem K\u00e4se.\" \/>\n<meta name=\"robots\" content=\"index, follow, max-snippet:-1, max-image-preview:large, max-video-preview:-1\" \/>\n<link rel=\"canonical\" href=\"https:\/\/fonsvinum.com\/de\/produkt\/barolo-2014-margheria-massolino\/\" \/>\n<meta property=\"og:locale\" content=\"de_DE\" \/>\n<meta property=\"og:type\" content=\"article\" \/>\n<meta property=\"og:title\" content=\"Barolo 2014 Margheria Massolino I FONS VINUM\" \/>\n<meta property=\"og:description\" content=\"Barolo 2014 Margheria Massolino. Eignet sich zu Braten und Wild, passt auch sehr gut als Abschluss eines Essens zu reifem K\u00e4se.\" \/>\n<meta property=\"og:url\" content=\"https:\/\/fonsvinum.com\/de\/produkt\/barolo-2014-margheria-massolino\/\" \/>\n<meta property=\"og:site_name\" content=\"Fons Vinum\" \/>\n<meta property=\"article:modified_time\" content=\"2020-02-11T10:27:17+00:00\" \/>\n<meta property=\"og:image\" content=\"https:\/\/fonsvinum.com\/files\/2021\/09\/barolo-margheria-massolino.jpg\" \/>\n\t<meta property=\"og:image:width\" content=\"200\" \/>\n\t<meta property=\"og:image:height\" content=\"600\" \/>\n\t<meta property=\"og:image:type\" content=\"image\/jpeg\" \/>\n<meta name=\"twitter:label1\" content=\"Gesch\u00e4tzte Lesezeit\" \/>\n\t<meta name=\"twitter:data1\" content=\"1\u00a0Minute\" \/>\n<script type=\"application\/ld+json\" class=\"yoast-schema-graph\">{\"@context\":\"https:\/\/schema.org\",\"@graph\":[{\"@type\":\"WebPage\",\"@id\":\"https:\/\/fonsvinum.com\/de\/produkt\/barolo-2014-margheria-massolino\/\",\"url\":\"https:\/\/fonsvinum.com\/de\/produkt\/barolo-2014-margheria-massolino\/\",\"name\":\"Barolo 2014 Margheria Massolino I FONS VINUM\",\"isPartOf\":{\"@id\":\"https:\/\/fonsvinum.com\/en\/#website\"},\"primaryImageOfPage\":{\"@id\":\"https:\/\/fonsvinum.com\/de\/produkt\/barolo-2014-margheria-massolino\/#primaryimage\"},\"image\":{\"@id\":\"https:\/\/fonsvinum.com\/de\/produkt\/barolo-2014-margheria-massolino\/#primaryimage\"},\"thumbnailUrl\":\"https:\/\/fonsvinum.com\/files\/2021\/09\/barolo-margheria-massolino.jpg\",\"datePublished\":\"2019-02-21T09:10:57+00:00\",\"dateModified\":\"2020-02-11T10:27:17+00:00\",\"description\":\"Barolo 2014 Margheria Massolino. Eignet sich zu Braten und Wild, passt auch sehr gut als Abschluss eines Essens zu reifem K\u00e4se.\",\"breadcrumb\":{\"@id\":\"https:\/\/fonsvinum.com\/de\/produkt\/barolo-2014-margheria-massolino\/#breadcrumb\"},\"inLanguage\":\"de\",\"potentialAction\":[{\"@type\":\"ReadAction\",\"target\":[\"https:\/\/fonsvinum.com\/de\/produkt\/barolo-2014-margheria-massolino\/\"]}]},{\"@type\":\"ImageObject\",\"inLanguage\":\"de\",\"@id\":\"https:\/\/fonsvinum.com\/de\/produkt\/barolo-2014-margheria-massolino\/#primaryimage\",\"url\":\"https:\/\/fonsvinum.com\/files\/2021\/09\/barolo-margheria-massolino.jpg\",\"contentUrl\":\"https:\/\/fonsvinum.com\/files\/2021\/09\/barolo-margheria-massolino.jpg\",\"width\":200,\"height\":600},{\"@type\":\"BreadcrumbList\",\"@id\":\"https:\/\/fonsvinum.com\/de\/produkt\/barolo-2014-margheria-massolino\/#breadcrumb\",\"itemListElement\":[{\"@type\":\"ListItem\",\"position\":1,\"name\":\"Startseite\",\"item\":\"https:\/\/fonsvinum.com\/de\/\"},{\"@type\":\"ListItem\",\"position\":2,\"name\":\"Shop\",\"item\":\"https:\/\/fonsvinum.com\/de\/shop\/\"},{\"@type\":\"ListItem\",\"position\":3,\"name\":\"Barolo 2014 Margheria Massolino\"}]},{\"@type\":\"WebSite\",\"@id\":\"https:\/\/fonsvinum.com\/en\/#website\",\"url\":\"https:\/\/fonsvinum.com\/en\/\",\"name\":\"Fons Vinum\",\"description\":\"Vendita Vino Online\",\"publisher\":{\"@id\":\"https:\/\/fonsvinum.com\/en\/#organization\"},\"potentialAction\":[{\"@type\":\"SearchAction\",\"target\":{\"@type\":\"EntryPoint\",\"urlTemplate\":\"https:\/\/fonsvinum.com\/en\/?s={search_term_string}\"},\"query-input\":{\"@type\":\"PropertyValueSpecification\",\"valueRequired\":true,\"valueName\":\"search_term_string\"}}],\"inLanguage\":\"de\"},{\"@type\":\"Organization\",\"@id\":\"https:\/\/fonsvinum.com\/en\/#organization\",\"name\":\"Fons Vinum\",\"url\":\"https:\/\/fonsvinum.com\/en\/\",\"logo\":{\"@type\":\"ImageObject\",\"inLanguage\":\"de\",\"@id\":\"https:\/\/fonsvinum.com\/en\/#\/schema\/logo\/image\/\",\"url\":\"\",\"contentUrl\":\"\",\"caption\":\"Fons Vinum\"},\"image\":{\"@id\":\"https:\/\/fonsvinum.com\/en\/#\/schema\/logo\/image\/\"}}]}<\/script>\n<!-- \/ Yoast SEO plugin. -->","yoast_head_json":{"title":"Barolo 2014 Margheria Massolino I FONS VINUM","description":"Barolo 2014 Margheria Massolino. Eignet sich zu Braten und Wild, passt auch sehr gut als Abschluss eines Essens zu reifem K\u00e4se.","robots":{"index":"index","follow":"follow","max-snippet":"max-snippet:-1","max-image-preview":"max-image-preview:large","max-video-preview":"max-video-preview:-1"},"canonical":"https:\/\/fonsvinum.com\/de\/produkt\/barolo-2014-margheria-massolino\/","og_locale":"de_DE","og_type":"article","og_title":"Barolo 2014 Margheria Massolino I FONS VINUM","og_description":"Barolo 2014 Margheria Massolino. Eignet sich zu Braten und Wild, passt auch sehr gut als Abschluss eines Essens zu reifem K\u00e4se.","og_url":"https:\/\/fonsvinum.com\/de\/produkt\/barolo-2014-margheria-massolino\/","og_site_name":"Fons Vinum","article_modified_time":"2020-02-11T10:27:17+00:00","og_image":[{"width":200,"height":600,"url":"https:\/\/fonsvinum.com\/files\/2021\/09\/barolo-margheria-massolino.jpg","type":"image\/jpeg"}],"twitter_misc":{"Gesch\u00e4tzte Lesezeit":"1\u00a0Minute"},"schema":{"@context":"https:\/\/schema.org","@graph":[{"@type":"WebPage","@id":"https:\/\/fonsvinum.com\/de\/produkt\/barolo-2014-margheria-massolino\/","url":"https:\/\/fonsvinum.com\/de\/produkt\/barolo-2014-margheria-massolino\/","name":"Barolo 2014 Margheria Massolino I FONS VINUM","isPartOf":{"@id":"https:\/\/fonsvinum.com\/en\/#website"},"primaryImageOfPage":{"@id":"https:\/\/fonsvinum.com\/de\/produkt\/barolo-2014-margheria-massolino\/#primaryimage"},"image":{"@id":"https:\/\/fonsvinum.com\/de\/produkt\/barolo-2014-margheria-massolino\/#primaryimage"},"thumbnailUrl":"https:\/\/fonsvinum.com\/files\/2021\/09\/barolo-margheria-massolino.jpg","datePublished":"2019-02-21T09:10:57+00:00","dateModified":"2020-02-11T10:27:17+00:00","description":"Barolo 2014 Margheria Massolino. Eignet sich zu Braten und Wild, passt auch sehr gut als Abschluss eines Essens zu reifem K\u00e4se.","breadcrumb":{"@id":"https:\/\/fonsvinum.com\/de\/produkt\/barolo-2014-margheria-massolino\/#breadcrumb"},"inLanguage":"de","potentialAction":[{"@type":"ReadAction","target":["https:\/\/fonsvinum.com\/de\/produkt\/barolo-2014-margheria-massolino\/"]}]},{"@type":"ImageObject","inLanguage":"de","@id":"https:\/\/fonsvinum.com\/de\/produkt\/barolo-2014-margheria-massolino\/#primaryimage","url":"https:\/\/fonsvinum.com\/files\/2021\/09\/barolo-margheria-massolino.jpg","contentUrl":"https:\/\/fonsvinum.com\/files\/2021\/09\/barolo-margheria-massolino.jpg","width":200,"height":600},{"@type":"BreadcrumbList","@id":"https:\/\/fonsvinum.com\/de\/produkt\/barolo-2014-margheria-massolino\/#breadcrumb","itemListElement":[{"@type":"ListItem","position":1,"name":"Startseite","item":"https:\/\/fonsvinum.com\/de\/"},{"@type":"ListItem","position":2,"name":"Shop","item":"https:\/\/fonsvinum.com\/de\/shop\/"},{"@type":"ListItem","position":3,"name":"Barolo 2014 Margheria Massolino"}]},{"@type":"WebSite","@id":"https:\/\/fonsvinum.com\/en\/#website","url":"https:\/\/fonsvinum.com\/en\/","name":"Fons Vinum","description":"Vendita Vino Online","publisher":{"@id":"https:\/\/fonsvinum.com\/en\/#organization"},"potentialAction":[{"@type":"SearchAction","target":{"@type":"EntryPoint","urlTemplate":"https:\/\/fonsvinum.com\/en\/?s={search_term_string}"},"query-input":{"@type":"PropertyValueSpecification","valueRequired":true,"valueName":"search_term_string"}}],"inLanguage":"de"},{"@type":"Organization","@id":"https:\/\/fonsvinum.com\/en\/#organization","name":"Fons Vinum","url":"https:\/\/fonsvinum.com\/en\/","logo":{"@type":"ImageObject","inLanguage":"de","@id":"https:\/\/fonsvinum.com\/en\/#\/schema\/logo\/image\/","url":"","contentUrl":"","caption":"Fons Vinum"},"image":{"@id":"https:\/\/fonsvinum.com\/en\/#\/schema\/logo\/image\/"}}]}},"acf":[],"_links":{"self":[{"href":"https:\/\/fonsvinum.com\/de\/wp-json\/wp\/v2\/product\/17797","targetHints":{"allow":["GET"]}}],"collection":[{"href":"https:\/\/fonsvinum.com\/de\/wp-json\/wp\/v2\/product"}],"about":[{"href":"https:\/\/fonsvinum.com\/de\/wp-json\/wp\/v2\/types\/product"}],"replies":[{"embeddable":true,"href":"https:\/\/fonsvinum.com\/de\/wp-json\/wp\/v2\/comments?post=17797"}],"wp:featuredmedia":[{"embeddable":true,"href":"https:\/\/fonsvinum.com\/de\/wp-json\/wp\/v2\/media\/34960"}],"wp:attachment":[{"href":"https:\/\/fonsvinum.com\/de\/wp-json\/wp\/v2\/media?parent=17797"}],"wp:term":[{"taxonomy":"product_brand","embeddable":true,"href":"https:\/\/fonsvinum.com\/de\/wp-json\/wp\/v2\/product_brand?post=17797"},{"taxonomy":"product_cat","embeddable":true,"href":"https:\/\/fonsvinum.com\/de\/wp-json\/wp\/v2\/product_cat?post=17797"},{"taxonomy":"product_tag","embeddable":true,"href":"https:\/\/fonsvinum.com\/de\/wp-json\/wp\/v2\/product_tag?post=17797"}],"curies":[{"name":"wp","href":"https:\/\/api.w.org\/{rel}","templated":true}]}}