{"id":17687,"date":"2019-02-20T15:43:05","date_gmt":"2019-02-20T14:43:05","guid":{"rendered":"https:\/\/fonsvinum.com\/?post_type=product&#038;p=17687"},"modified":"2020-02-06T12:54:29","modified_gmt":"2020-02-06T11:54:29","slug":"2011-perno-vigna-santo-stefano-docg-mascarello-giuseppe","status":"publish","type":"product","link":"https:\/\/fonsvinum.com\/de\/produkt\/2011-perno-vigna-santo-stefano-docg-mascarello-giuseppe\/","title":{"rendered":"Barolo 2011 Perno Vigna Santo Stefano DOCG Mascarello Giuseppe"},"content":{"rendered":"<h1>Barolo\u00a02011 Perno Vigna Santo Stefano DOCG Mascarello Giuseppe<\/h1>\n<p>Santo Stefano geh\u00f6rt zu der Lage Perno bei Monforte d\u2019Alba.<\/p>\n<p>Der Weinberg geh\u00f6rt seit 1989 zum Familienbesitz von Giuseppe Mascarello.<\/p>\n<p>Die Familie hat eine lange Winzergeschichte, die bis ins 18. Jahrhundert zur\u00fcckf\u00fchrt, als Giuseppe Mascarello hier in Monforte d&#8217;Alba Land kaufte.<\/p>\n<p>Der Weinberg ist nach West-S\u00fcdwest ausgerichtet und besteht haupts\u00e4chlich aus Lehm, etwas Sand und Kalk.<\/p>\n<p>Das Terroir bietet beste Voraussetzungen f\u00fcr die autochthone Rebsorte Nebbiolo.<\/p>\n<p>Die Bodenzusammensetzung ist dabei entscheidend f\u00fcr den Charakter der\u00a0Weine aus dem Piemont.<\/p>\n<p>Der Wein ist kraftvoll mit ausgepr\u00e4gter Tanninstruktur, jedoch von au\u00dfergew\u00f6hnlicher Finesse.<\/p>\n<p>Das Bouquet erinnert an reife Kirschen, aber auch s\u00fc\u00dfe Noten von Blumen und Beeren.<\/p>\n<p>Wir empfehlen, den Wein einzulagern, damit er noch etwas reifen kann.<\/p>\n<p>Wer nicht warten m\u00f6chte, sollte ihn unbedingt dekantieren.<\/p>\n","protected":false},"excerpt":{"rendered":"<p>Barolo\u00a02011 Perno Vigna Santo Stefano DOCG Mascarello Giuseppe Santo Stefano geh\u00f6rt zu der Lage Perno bei Monforte d\u2019Alba. Der Weinberg geh\u00f6rt seit 1989 zum Familienbesitz von Giuseppe Mascarello. Die Familie hat eine lange Winzergeschichte, die bis ins 18. Jahrhundert zur\u00fcckf\u00fchrt, als Giuseppe Mascarello hier in Monforte d&#8217;Alba Land kaufte. Der Weinberg ist nach West-S\u00fcdwest ausgerichtet [&hellip;]<\/p>\n","protected":false},"featured_media":17695,"comment_status":"open","ping_status":"closed","template":"","meta":{"_acf_changed":false,"_monsterinsights_skip_tracking":false,"_monsterinsights_sitenote_active":false,"_monsterinsights_sitenote_note":"","_monsterinsights_sitenote_category":0},"product_brand":[],"product_cat":[1824],"product_tag":[1751,15903],"class_list":{"0":"post-17687","1":"product","2":"type-product","3":"status-publish","4":"has-post-thumbnail","6":"product_cat-barolo-de","7":"product_tag-aussergewoehnliche-weine-aus-italien-de","8":"product_tag-barolo-de","9":"pa_appellation-barolo-docg-de","10":"pa_formato-0-75-l-flasche-de","11":"pa_producer-giuseppe-mascarello-de","12":"pa_region-piemont-de","13":"pa_vine-nebbiolo-de","14":"pa_vintage-2011-de","16":"first","17":"outofstock","18":"taxable","19":"shipping-taxable","20":"purchasable","21":"product-type-simple"},"bundled_by":[],"bundle_stock_status":"outofstock","bundle_stock_quantity":2,"bundle_virtual":false,"bundle_layout":"","bundle_add_to_cart_form_location":"","bundle_editable_in_cart":false,"bundle_sold_individually_context":"","bundle_item_grouping":"","bundle_min_size":"","bundle_max_size":"","bundle_price":[],"bundled_items":[],"bundle_sell_ids":[],"yoast_head":"<!-- This site is optimized with the Yoast SEO plugin v27.2 - https:\/\/yoast.com\/product\/yoast-seo-wordpress\/ -->\n<title>Barolo 2011 Perno Vigna Santo Stefano DOCG Mascarello Giuseppe<\/title>\n<meta name=\"description\" content=\"Acquista on line su FonsVinum Barolo 2011 Perno Vigna Santo Stefano DOCG Mascarello Giuseppe di ottima struttura e raffinato, lunghissimo e vellutato\" \/>\n<meta name=\"robots\" content=\"index, follow, max-snippet:-1, max-image-preview:large, max-video-preview:-1\" \/>\n<link rel=\"canonical\" href=\"https:\/\/fonsvinum.com\/de\/produkt\/2011-perno-vigna-santo-stefano-docg-mascarello-giuseppe\/\" \/>\n<meta property=\"og:locale\" content=\"de_DE\" \/>\n<meta property=\"og:type\" content=\"article\" \/>\n<meta property=\"og:title\" content=\"Barolo 2011 Perno Vigna Santo Stefano DOCG Mascarello Giuseppe\" \/>\n<meta property=\"og:description\" content=\"Acquista on line su FonsVinum Barolo 2011 Perno Vigna Santo Stefano DOCG Mascarello Giuseppe di ottima struttura e raffinato, lunghissimo e vellutato\" \/>\n<meta property=\"og:url\" content=\"https:\/\/fonsvinum.com\/de\/produkt\/2011-perno-vigna-santo-stefano-docg-mascarello-giuseppe\/\" \/>\n<meta property=\"og:site_name\" content=\"Fons Vinum\" \/>\n<meta property=\"article:modified_time\" content=\"2020-02-06T11:54:29+00:00\" \/>\n<meta property=\"og:image\" content=\"https:\/\/fonsvinum.com\/files\/2019\/02\/barolo-santo-stefano-di-perno-giuseppe-mascarello-2013.jpg\" \/>\n\t<meta property=\"og:image:width\" content=\"303\" \/>\n\t<meta property=\"og:image:height\" content=\"545\" \/>\n\t<meta property=\"og:image:type\" content=\"image\/jpeg\" \/>\n<meta name=\"twitter:label1\" content=\"Gesch\u00e4tzte Lesezeit\" \/>\n\t<meta name=\"twitter:data1\" content=\"1\u00a0Minute\" \/>\n<script type=\"application\/ld+json\" class=\"yoast-schema-graph\">{\"@context\":\"https:\/\/schema.org\",\"@graph\":[{\"@type\":\"WebPage\",\"@id\":\"https:\/\/fonsvinum.com\/de\/produkt\/2011-perno-vigna-santo-stefano-docg-mascarello-giuseppe\/\",\"url\":\"https:\/\/fonsvinum.com\/de\/produkt\/2011-perno-vigna-santo-stefano-docg-mascarello-giuseppe\/\",\"name\":\"Barolo 2011 Perno Vigna Santo Stefano DOCG Mascarello Giuseppe\",\"isPartOf\":{\"@id\":\"https:\/\/fonsvinum.com\/en\/#website\"},\"primaryImageOfPage\":{\"@id\":\"https:\/\/fonsvinum.com\/de\/produkt\/2011-perno-vigna-santo-stefano-docg-mascarello-giuseppe\/#primaryimage\"},\"image\":{\"@id\":\"https:\/\/fonsvinum.com\/de\/produkt\/2011-perno-vigna-santo-stefano-docg-mascarello-giuseppe\/#primaryimage\"},\"thumbnailUrl\":\"https:\/\/fonsvinum.com\/files\/2019\/02\/barolo-santo-stefano-di-perno-giuseppe-mascarello-2013.jpg\",\"datePublished\":\"2019-02-20T14:43:05+00:00\",\"dateModified\":\"2020-02-06T11:54:29+00:00\",\"description\":\"Acquista on line su FonsVinum Barolo 2011 Perno Vigna Santo Stefano DOCG Mascarello Giuseppe di ottima struttura e raffinato, lunghissimo e vellutato\",\"breadcrumb\":{\"@id\":\"https:\/\/fonsvinum.com\/de\/produkt\/2011-perno-vigna-santo-stefano-docg-mascarello-giuseppe\/#breadcrumb\"},\"inLanguage\":\"de\",\"potentialAction\":[{\"@type\":\"ReadAction\",\"target\":[\"https:\/\/fonsvinum.com\/de\/produkt\/2011-perno-vigna-santo-stefano-docg-mascarello-giuseppe\/\"]}]},{\"@type\":\"ImageObject\",\"inLanguage\":\"de\",\"@id\":\"https:\/\/fonsvinum.com\/de\/produkt\/2011-perno-vigna-santo-stefano-docg-mascarello-giuseppe\/#primaryimage\",\"url\":\"https:\/\/fonsvinum.com\/files\/2019\/02\/barolo-santo-stefano-di-perno-giuseppe-mascarello-2013.jpg\",\"contentUrl\":\"https:\/\/fonsvinum.com\/files\/2019\/02\/barolo-santo-stefano-di-perno-giuseppe-mascarello-2013.jpg\",\"width\":303,\"height\":545,\"caption\":\"barolo-santo-stefano-di-perno-giuseppe-mascarello-2013\"},{\"@type\":\"BreadcrumbList\",\"@id\":\"https:\/\/fonsvinum.com\/de\/produkt\/2011-perno-vigna-santo-stefano-docg-mascarello-giuseppe\/#breadcrumb\",\"itemListElement\":[{\"@type\":\"ListItem\",\"position\":1,\"name\":\"Startseite\",\"item\":\"https:\/\/fonsvinum.com\/de\/\"},{\"@type\":\"ListItem\",\"position\":2,\"name\":\"Shop\",\"item\":\"https:\/\/fonsvinum.com\/de\/shop\/\"},{\"@type\":\"ListItem\",\"position\":3,\"name\":\"Barolo 2011 Perno Vigna Santo Stefano DOCG Mascarello Giuseppe\"}]},{\"@type\":\"WebSite\",\"@id\":\"https:\/\/fonsvinum.com\/en\/#website\",\"url\":\"https:\/\/fonsvinum.com\/en\/\",\"name\":\"Fons Vinum\",\"description\":\"Vendita Vino Online\",\"publisher\":{\"@id\":\"https:\/\/fonsvinum.com\/en\/#organization\"},\"potentialAction\":[{\"@type\":\"SearchAction\",\"target\":{\"@type\":\"EntryPoint\",\"urlTemplate\":\"https:\/\/fonsvinum.com\/en\/?s={search_term_string}\"},\"query-input\":{\"@type\":\"PropertyValueSpecification\",\"valueRequired\":true,\"valueName\":\"search_term_string\"}}],\"inLanguage\":\"de\"},{\"@type\":\"Organization\",\"@id\":\"https:\/\/fonsvinum.com\/en\/#organization\",\"name\":\"Fons Vinum\",\"url\":\"https:\/\/fonsvinum.com\/en\/\",\"logo\":{\"@type\":\"ImageObject\",\"inLanguage\":\"de\",\"@id\":\"https:\/\/fonsvinum.com\/en\/#\/schema\/logo\/image\/\",\"url\":\"\",\"contentUrl\":\"\",\"caption\":\"Fons Vinum\"},\"image\":{\"@id\":\"https:\/\/fonsvinum.com\/en\/#\/schema\/logo\/image\/\"}}]}<\/script>\n<!-- \/ Yoast SEO plugin. -->","yoast_head_json":{"title":"Barolo 2011 Perno Vigna Santo Stefano DOCG Mascarello Giuseppe","description":"Acquista on line su FonsVinum Barolo 2011 Perno Vigna Santo Stefano DOCG Mascarello Giuseppe di ottima struttura e raffinato, lunghissimo e vellutato","robots":{"index":"index","follow":"follow","max-snippet":"max-snippet:-1","max-image-preview":"max-image-preview:large","max-video-preview":"max-video-preview:-1"},"canonical":"https:\/\/fonsvinum.com\/de\/produkt\/2011-perno-vigna-santo-stefano-docg-mascarello-giuseppe\/","og_locale":"de_DE","og_type":"article","og_title":"Barolo 2011 Perno Vigna Santo Stefano DOCG Mascarello Giuseppe","og_description":"Acquista on line su FonsVinum Barolo 2011 Perno Vigna Santo Stefano DOCG Mascarello Giuseppe di ottima struttura e raffinato, lunghissimo e vellutato","og_url":"https:\/\/fonsvinum.com\/de\/produkt\/2011-perno-vigna-santo-stefano-docg-mascarello-giuseppe\/","og_site_name":"Fons Vinum","article_modified_time":"2020-02-06T11:54:29+00:00","og_image":[{"width":303,"height":545,"url":"https:\/\/fonsvinum.com\/files\/2019\/02\/barolo-santo-stefano-di-perno-giuseppe-mascarello-2013.jpg","type":"image\/jpeg"}],"twitter_misc":{"Gesch\u00e4tzte Lesezeit":"1\u00a0Minute"},"schema":{"@context":"https:\/\/schema.org","@graph":[{"@type":"WebPage","@id":"https:\/\/fonsvinum.com\/de\/produkt\/2011-perno-vigna-santo-stefano-docg-mascarello-giuseppe\/","url":"https:\/\/fonsvinum.com\/de\/produkt\/2011-perno-vigna-santo-stefano-docg-mascarello-giuseppe\/","name":"Barolo 2011 Perno Vigna Santo Stefano DOCG Mascarello Giuseppe","isPartOf":{"@id":"https:\/\/fonsvinum.com\/en\/#website"},"primaryImageOfPage":{"@id":"https:\/\/fonsvinum.com\/de\/produkt\/2011-perno-vigna-santo-stefano-docg-mascarello-giuseppe\/#primaryimage"},"image":{"@id":"https:\/\/fonsvinum.com\/de\/produkt\/2011-perno-vigna-santo-stefano-docg-mascarello-giuseppe\/#primaryimage"},"thumbnailUrl":"https:\/\/fonsvinum.com\/files\/2019\/02\/barolo-santo-stefano-di-perno-giuseppe-mascarello-2013.jpg","datePublished":"2019-02-20T14:43:05+00:00","dateModified":"2020-02-06T11:54:29+00:00","description":"Acquista on line su FonsVinum Barolo 2011 Perno Vigna Santo Stefano DOCG Mascarello Giuseppe di ottima struttura e raffinato, lunghissimo e vellutato","breadcrumb":{"@id":"https:\/\/fonsvinum.com\/de\/produkt\/2011-perno-vigna-santo-stefano-docg-mascarello-giuseppe\/#breadcrumb"},"inLanguage":"de","potentialAction":[{"@type":"ReadAction","target":["https:\/\/fonsvinum.com\/de\/produkt\/2011-perno-vigna-santo-stefano-docg-mascarello-giuseppe\/"]}]},{"@type":"ImageObject","inLanguage":"de","@id":"https:\/\/fonsvinum.com\/de\/produkt\/2011-perno-vigna-santo-stefano-docg-mascarello-giuseppe\/#primaryimage","url":"https:\/\/fonsvinum.com\/files\/2019\/02\/barolo-santo-stefano-di-perno-giuseppe-mascarello-2013.jpg","contentUrl":"https:\/\/fonsvinum.com\/files\/2019\/02\/barolo-santo-stefano-di-perno-giuseppe-mascarello-2013.jpg","width":303,"height":545,"caption":"barolo-santo-stefano-di-perno-giuseppe-mascarello-2013"},{"@type":"BreadcrumbList","@id":"https:\/\/fonsvinum.com\/de\/produkt\/2011-perno-vigna-santo-stefano-docg-mascarello-giuseppe\/#breadcrumb","itemListElement":[{"@type":"ListItem","position":1,"name":"Startseite","item":"https:\/\/fonsvinum.com\/de\/"},{"@type":"ListItem","position":2,"name":"Shop","item":"https:\/\/fonsvinum.com\/de\/shop\/"},{"@type":"ListItem","position":3,"name":"Barolo 2011 Perno Vigna Santo Stefano DOCG Mascarello Giuseppe"}]},{"@type":"WebSite","@id":"https:\/\/fonsvinum.com\/en\/#website","url":"https:\/\/fonsvinum.com\/en\/","name":"Fons Vinum","description":"Vendita Vino Online","publisher":{"@id":"https:\/\/fonsvinum.com\/en\/#organization"},"potentialAction":[{"@type":"SearchAction","target":{"@type":"EntryPoint","urlTemplate":"https:\/\/fonsvinum.com\/en\/?s={search_term_string}"},"query-input":{"@type":"PropertyValueSpecification","valueRequired":true,"valueName":"search_term_string"}}],"inLanguage":"de"},{"@type":"Organization","@id":"https:\/\/fonsvinum.com\/en\/#organization","name":"Fons Vinum","url":"https:\/\/fonsvinum.com\/en\/","logo":{"@type":"ImageObject","inLanguage":"de","@id":"https:\/\/fonsvinum.com\/en\/#\/schema\/logo\/image\/","url":"","contentUrl":"","caption":"Fons Vinum"},"image":{"@id":"https:\/\/fonsvinum.com\/en\/#\/schema\/logo\/image\/"}}]}},"acf":[],"_links":{"self":[{"href":"https:\/\/fonsvinum.com\/de\/wp-json\/wp\/v2\/product\/17687","targetHints":{"allow":["GET"]}}],"collection":[{"href":"https:\/\/fonsvinum.com\/de\/wp-json\/wp\/v2\/product"}],"about":[{"href":"https:\/\/fonsvinum.com\/de\/wp-json\/wp\/v2\/types\/product"}],"replies":[{"embeddable":true,"href":"https:\/\/fonsvinum.com\/de\/wp-json\/wp\/v2\/comments?post=17687"}],"wp:featuredmedia":[{"embeddable":true,"href":"https:\/\/fonsvinum.com\/de\/wp-json\/wp\/v2\/media\/17695"}],"wp:attachment":[{"href":"https:\/\/fonsvinum.com\/de\/wp-json\/wp\/v2\/media?parent=17687"}],"wp:term":[{"taxonomy":"product_brand","embeddable":true,"href":"https:\/\/fonsvinum.com\/de\/wp-json\/wp\/v2\/product_brand?post=17687"},{"taxonomy":"product_cat","embeddable":true,"href":"https:\/\/fonsvinum.com\/de\/wp-json\/wp\/v2\/product_cat?post=17687"},{"taxonomy":"product_tag","embeddable":true,"href":"https:\/\/fonsvinum.com\/de\/wp-json\/wp\/v2\/product_tag?post=17687"}],"curies":[{"name":"wp","href":"https:\/\/api.w.org\/{rel}","templated":true}]}}