{"id":17549,"date":"2019-02-18T10:46:38","date_gmt":"2019-02-18T09:46:38","guid":{"rendered":"https:\/\/fonsvinum.com\/?post_type=product&#038;p=17549"},"modified":"2019-02-18T10:57:31","modified_gmt":"2019-02-18T09:57:31","slug":"barolo-falletto-2014-bruno-giacosa","status":"publish","type":"product","link":"https:\/\/fonsvinum.com\/de\/produkt\/barolo-falletto-2014-bruno-giacosa\/","title":{"rendered":"Barolo Falletto 2014 Bruno Giacosa"},"content":{"rendered":"<h1>Barolo Falletto 2014 Bruno Giacosa<\/h1>\n<p>Die Tannine des 2014er Barolo Falletto von Bruno Giacosa sind noch pr\u00e4sent, sind jedoch das Ger\u00fcst f\u00fcr ein langes Leben. Auch der 2014 ist, wie von dem Altmeister des Barolo gewohnt, exrtraordinary!<\/p>\n","protected":false},"excerpt":{"rendered":"<p>Barolo Falletto 2014 Bruno Giacosa Die Tannine des 2014er Barolo Falletto von Bruno Giacosa sind noch pr\u00e4sent, sind jedoch das Ger\u00fcst f\u00fcr ein langes Leben. Auch der 2014 ist, wie von dem Altmeister des Barolo gewohnt, exrtraordinary!<\/p>\n","protected":false},"featured_media":3791,"comment_status":"open","ping_status":"closed","template":"","meta":{"_acf_changed":false,"_monsterinsights_skip_tracking":false,"_monsterinsights_sitenote_active":false,"_monsterinsights_sitenote_note":"","_monsterinsights_sitenote_category":0},"product_brand":[],"product_cat":[1824],"product_tag":[1733,15903],"class_list":{"0":"post-17549","1":"product","2":"type-product","3":"status-publish","4":"has-post-thumbnail","6":"product_cat-barolo-de","7":"product_tag-aussergewoehnliche-weine-de","8":"product_tag-barolo-de","9":"pa_appellation-barolo-docg-de","10":"pa_formato-0-75-l-flasche-de","11":"pa_producer-giacosa-bruno-de","12":"pa_region-piemont-de","13":"pa_vine-nebbiolo-de","14":"pa_vintage-2014-de","16":"first","17":"instock","18":"taxable","19":"shipping-taxable","20":"purchasable","21":"product-type-simple"},"bundled_by":[],"bundle_stock_status":"instock","bundle_stock_quantity":6,"bundle_virtual":false,"bundle_layout":"","bundle_add_to_cart_form_location":"","bundle_editable_in_cart":false,"bundle_sold_individually_context":"","bundle_item_grouping":"","bundle_min_size":"","bundle_max_size":"","bundle_price":[],"bundled_items":[],"bundle_sell_ids":[],"yoast_head":"<!-- This site is optimized with the Yoast SEO plugin v27.3 - https:\/\/yoast.com\/product\/yoast-seo-wordpress\/ -->\n<title>Barolo Falletto Bruno Giacosa 2014 buy online to Fons Vinum<\/title>\n<meta name=\"description\" content=\"Barolo Falletto Bruno Giacosa 2014 Die Tannine des 2014er Barolo Falletto von Bruno Giacosa sind noch pr\u00e4sent, sind jedoch das Ger\u00fcst f\u00fcr ein langes Leben.\" \/>\n<meta name=\"robots\" content=\"index, follow, max-snippet:-1, max-image-preview:large, max-video-preview:-1\" \/>\n<link rel=\"canonical\" href=\"https:\/\/fonsvinum.com\/de\/produkt\/barolo-falletto-2014-bruno-giacosa\/\" \/>\n<meta property=\"og:locale\" content=\"de_DE\" \/>\n<meta property=\"og:type\" content=\"article\" \/>\n<meta property=\"og:title\" content=\"Barolo Falletto Bruno Giacosa 2014 buy online to Fons Vinum\" \/>\n<meta property=\"og:description\" content=\"Barolo Falletto Bruno Giacosa 2014 Die Tannine des 2014er Barolo Falletto von Bruno Giacosa sind noch pr\u00e4sent, sind jedoch das Ger\u00fcst f\u00fcr ein langes Leben.\" \/>\n<meta property=\"og:url\" content=\"https:\/\/fonsvinum.com\/de\/produkt\/barolo-falletto-2014-bruno-giacosa\/\" \/>\n<meta property=\"og:site_name\" content=\"Fons Vinum\" \/>\n<meta property=\"article:modified_time\" content=\"2019-02-18T09:57:31+00:00\" \/>\n<meta property=\"og:image\" content=\"https:\/\/fonsvinum.com\/files\/2014\/11\/Barolo-Falletto-Bruno-Giacosa.png\" \/>\n\t<meta property=\"og:image:width\" content=\"200\" \/>\n\t<meta property=\"og:image:height\" content=\"600\" \/>\n\t<meta property=\"og:image:type\" content=\"image\/png\" \/>\n<script type=\"application\/ld+json\" class=\"yoast-schema-graph\">{\"@context\":\"https:\\\/\\\/schema.org\",\"@graph\":[{\"@type\":\"WebPage\",\"@id\":\"https:\\\/\\\/fonsvinum.com\\\/de\\\/produkt\\\/barolo-falletto-2014-bruno-giacosa\\\/\",\"url\":\"https:\\\/\\\/fonsvinum.com\\\/de\\\/produkt\\\/barolo-falletto-2014-bruno-giacosa\\\/\",\"name\":\"Barolo Falletto Bruno Giacosa 2014 buy online to Fons Vinum\",\"isPartOf\":{\"@id\":\"https:\\\/\\\/fonsvinum.com\\\/en\\\/#website\"},\"primaryImageOfPage\":{\"@id\":\"https:\\\/\\\/fonsvinum.com\\\/de\\\/produkt\\\/barolo-falletto-2014-bruno-giacosa\\\/#primaryimage\"},\"image\":{\"@id\":\"https:\\\/\\\/fonsvinum.com\\\/de\\\/produkt\\\/barolo-falletto-2014-bruno-giacosa\\\/#primaryimage\"},\"thumbnailUrl\":\"https:\\\/\\\/fonsvinum.com\\\/files\\\/2014\\\/11\\\/Barolo-Falletto-Bruno-Giacosa.png\",\"datePublished\":\"2019-02-18T09:46:38+00:00\",\"dateModified\":\"2019-02-18T09:57:31+00:00\",\"description\":\"Barolo Falletto Bruno Giacosa 2014 Die Tannine des 2014er Barolo Falletto von Bruno Giacosa sind noch pr\u00e4sent, sind jedoch das Ger\u00fcst f\u00fcr ein langes Leben.\",\"breadcrumb\":{\"@id\":\"https:\\\/\\\/fonsvinum.com\\\/de\\\/produkt\\\/barolo-falletto-2014-bruno-giacosa\\\/#breadcrumb\"},\"inLanguage\":\"de\",\"potentialAction\":[{\"@type\":\"ReadAction\",\"target\":[\"https:\\\/\\\/fonsvinum.com\\\/de\\\/produkt\\\/barolo-falletto-2014-bruno-giacosa\\\/\"]}]},{\"@type\":\"ImageObject\",\"inLanguage\":\"de\",\"@id\":\"https:\\\/\\\/fonsvinum.com\\\/de\\\/produkt\\\/barolo-falletto-2014-bruno-giacosa\\\/#primaryimage\",\"url\":\"https:\\\/\\\/fonsvinum.com\\\/files\\\/2014\\\/11\\\/Barolo-Falletto-Bruno-Giacosa.png\",\"contentUrl\":\"https:\\\/\\\/fonsvinum.com\\\/files\\\/2014\\\/11\\\/Barolo-Falletto-Bruno-Giacosa.png\",\"width\":200,\"height\":600,\"caption\":\"Barolo Falletto Bruno Giacosa\"},{\"@type\":\"BreadcrumbList\",\"@id\":\"https:\\\/\\\/fonsvinum.com\\\/de\\\/produkt\\\/barolo-falletto-2014-bruno-giacosa\\\/#breadcrumb\",\"itemListElement\":[{\"@type\":\"ListItem\",\"position\":1,\"name\":\"Startseite\",\"item\":\"https:\\\/\\\/fonsvinum.com\\\/de\\\/\"},{\"@type\":\"ListItem\",\"position\":2,\"name\":\"Shop\",\"item\":\"https:\\\/\\\/fonsvinum.com\\\/de\\\/shop\\\/\"},{\"@type\":\"ListItem\",\"position\":3,\"name\":\"Barolo Falletto 2014 Bruno Giacosa\"}]},{\"@type\":\"WebSite\",\"@id\":\"https:\\\/\\\/fonsvinum.com\\\/en\\\/#website\",\"url\":\"https:\\\/\\\/fonsvinum.com\\\/en\\\/\",\"name\":\"Fons Vinum\",\"description\":\"Vendita Vino Online\",\"publisher\":{\"@id\":\"https:\\\/\\\/fonsvinum.com\\\/en\\\/#organization\"},\"potentialAction\":[{\"@type\":\"SearchAction\",\"target\":{\"@type\":\"EntryPoint\",\"urlTemplate\":\"https:\\\/\\\/fonsvinum.com\\\/en\\\/?s={search_term_string}\"},\"query-input\":{\"@type\":\"PropertyValueSpecification\",\"valueRequired\":true,\"valueName\":\"search_term_string\"}}],\"inLanguage\":\"de\"},{\"@type\":\"Organization\",\"@id\":\"https:\\\/\\\/fonsvinum.com\\\/en\\\/#organization\",\"name\":\"Fons Vinum\",\"url\":\"https:\\\/\\\/fonsvinum.com\\\/en\\\/\",\"logo\":{\"@type\":\"ImageObject\",\"inLanguage\":\"de\",\"@id\":\"https:\\\/\\\/fonsvinum.com\\\/en\\\/#\\\/schema\\\/logo\\\/image\\\/\",\"url\":\"\",\"contentUrl\":\"\",\"caption\":\"Fons Vinum\"},\"image\":{\"@id\":\"https:\\\/\\\/fonsvinum.com\\\/en\\\/#\\\/schema\\\/logo\\\/image\\\/\"}}]}<\/script>\n<!-- \/ Yoast SEO plugin. -->","yoast_head_json":{"title":"Barolo Falletto Bruno Giacosa 2014 buy online to Fons Vinum","description":"Barolo Falletto Bruno Giacosa 2014 Die Tannine des 2014er Barolo Falletto von Bruno Giacosa sind noch pr\u00e4sent, sind jedoch das Ger\u00fcst f\u00fcr ein langes Leben.","robots":{"index":"index","follow":"follow","max-snippet":"max-snippet:-1","max-image-preview":"max-image-preview:large","max-video-preview":"max-video-preview:-1"},"canonical":"https:\/\/fonsvinum.com\/de\/produkt\/barolo-falletto-2014-bruno-giacosa\/","og_locale":"de_DE","og_type":"article","og_title":"Barolo Falletto Bruno Giacosa 2014 buy online to Fons Vinum","og_description":"Barolo Falletto Bruno Giacosa 2014 Die Tannine des 2014er Barolo Falletto von Bruno Giacosa sind noch pr\u00e4sent, sind jedoch das Ger\u00fcst f\u00fcr ein langes Leben.","og_url":"https:\/\/fonsvinum.com\/de\/produkt\/barolo-falletto-2014-bruno-giacosa\/","og_site_name":"Fons Vinum","article_modified_time":"2019-02-18T09:57:31+00:00","og_image":[{"width":200,"height":600,"url":"https:\/\/fonsvinum.com\/files\/2014\/11\/Barolo-Falletto-Bruno-Giacosa.png","type":"image\/png"}],"schema":{"@context":"https:\/\/schema.org","@graph":[{"@type":"WebPage","@id":"https:\/\/fonsvinum.com\/de\/produkt\/barolo-falletto-2014-bruno-giacosa\/","url":"https:\/\/fonsvinum.com\/de\/produkt\/barolo-falletto-2014-bruno-giacosa\/","name":"Barolo Falletto Bruno Giacosa 2014 buy online to Fons Vinum","isPartOf":{"@id":"https:\/\/fonsvinum.com\/en\/#website"},"primaryImageOfPage":{"@id":"https:\/\/fonsvinum.com\/de\/produkt\/barolo-falletto-2014-bruno-giacosa\/#primaryimage"},"image":{"@id":"https:\/\/fonsvinum.com\/de\/produkt\/barolo-falletto-2014-bruno-giacosa\/#primaryimage"},"thumbnailUrl":"https:\/\/fonsvinum.com\/files\/2014\/11\/Barolo-Falletto-Bruno-Giacosa.png","datePublished":"2019-02-18T09:46:38+00:00","dateModified":"2019-02-18T09:57:31+00:00","description":"Barolo Falletto Bruno Giacosa 2014 Die Tannine des 2014er Barolo Falletto von Bruno Giacosa sind noch pr\u00e4sent, sind jedoch das Ger\u00fcst f\u00fcr ein langes Leben.","breadcrumb":{"@id":"https:\/\/fonsvinum.com\/de\/produkt\/barolo-falletto-2014-bruno-giacosa\/#breadcrumb"},"inLanguage":"de","potentialAction":[{"@type":"ReadAction","target":["https:\/\/fonsvinum.com\/de\/produkt\/barolo-falletto-2014-bruno-giacosa\/"]}]},{"@type":"ImageObject","inLanguage":"de","@id":"https:\/\/fonsvinum.com\/de\/produkt\/barolo-falletto-2014-bruno-giacosa\/#primaryimage","url":"https:\/\/fonsvinum.com\/files\/2014\/11\/Barolo-Falletto-Bruno-Giacosa.png","contentUrl":"https:\/\/fonsvinum.com\/files\/2014\/11\/Barolo-Falletto-Bruno-Giacosa.png","width":200,"height":600,"caption":"Barolo Falletto Bruno Giacosa"},{"@type":"BreadcrumbList","@id":"https:\/\/fonsvinum.com\/de\/produkt\/barolo-falletto-2014-bruno-giacosa\/#breadcrumb","itemListElement":[{"@type":"ListItem","position":1,"name":"Startseite","item":"https:\/\/fonsvinum.com\/de\/"},{"@type":"ListItem","position":2,"name":"Shop","item":"https:\/\/fonsvinum.com\/de\/shop\/"},{"@type":"ListItem","position":3,"name":"Barolo Falletto 2014 Bruno Giacosa"}]},{"@type":"WebSite","@id":"https:\/\/fonsvinum.com\/en\/#website","url":"https:\/\/fonsvinum.com\/en\/","name":"Fons Vinum","description":"Vendita Vino Online","publisher":{"@id":"https:\/\/fonsvinum.com\/en\/#organization"},"potentialAction":[{"@type":"SearchAction","target":{"@type":"EntryPoint","urlTemplate":"https:\/\/fonsvinum.com\/en\/?s={search_term_string}"},"query-input":{"@type":"PropertyValueSpecification","valueRequired":true,"valueName":"search_term_string"}}],"inLanguage":"de"},{"@type":"Organization","@id":"https:\/\/fonsvinum.com\/en\/#organization","name":"Fons Vinum","url":"https:\/\/fonsvinum.com\/en\/","logo":{"@type":"ImageObject","inLanguage":"de","@id":"https:\/\/fonsvinum.com\/en\/#\/schema\/logo\/image\/","url":"","contentUrl":"","caption":"Fons Vinum"},"image":{"@id":"https:\/\/fonsvinum.com\/en\/#\/schema\/logo\/image\/"}}]}},"acf":[],"_links":{"self":[{"href":"https:\/\/fonsvinum.com\/de\/wp-json\/wp\/v2\/product\/17549","targetHints":{"allow":["GET"]}}],"collection":[{"href":"https:\/\/fonsvinum.com\/de\/wp-json\/wp\/v2\/product"}],"about":[{"href":"https:\/\/fonsvinum.com\/de\/wp-json\/wp\/v2\/types\/product"}],"replies":[{"embeddable":true,"href":"https:\/\/fonsvinum.com\/de\/wp-json\/wp\/v2\/comments?post=17549"}],"wp:featuredmedia":[{"embeddable":true,"href":"https:\/\/fonsvinum.com\/de\/wp-json\/wp\/v2\/media\/3791"}],"wp:attachment":[{"href":"https:\/\/fonsvinum.com\/de\/wp-json\/wp\/v2\/media?parent=17549"}],"wp:term":[{"taxonomy":"product_brand","embeddable":true,"href":"https:\/\/fonsvinum.com\/de\/wp-json\/wp\/v2\/product_brand?post=17549"},{"taxonomy":"product_cat","embeddable":true,"href":"https:\/\/fonsvinum.com\/de\/wp-json\/wp\/v2\/product_cat?post=17549"},{"taxonomy":"product_tag","embeddable":true,"href":"https:\/\/fonsvinum.com\/de\/wp-json\/wp\/v2\/product_tag?post=17549"}],"curies":[{"name":"wp","href":"https:\/\/api.w.org\/{rel}","templated":true}]}}