{"id":17415,"date":"2019-02-13T16:00:51","date_gmt":"2019-02-13T15:00:51","guid":{"rendered":"https:\/\/fonsvinum.com\/?post_type=product&#038;p=17415"},"modified":"2019-10-23T14:53:07","modified_gmt":"2019-10-23T12:53:07","slug":"champagne-extra-brut-quinte-essence-franck-pascal-2005","status":"publish","type":"product","link":"https:\/\/fonsvinum.com\/de\/produkt\/champagne-extra-brut-quinte-essence-franck-pascal-2005\/","title":{"rendered":"Champagne Extra Brut Quinte Essence Franck Pascal 2005"},"content":{"rendered":"<h1>Champagne Extra Brut Quinte Essence Franck Pascal 2005<\/h1>\n<p>Das ist die Quintessenz des Jahrgangs, die Suche nach dem go\u00fbt der Trauben in jenem Jahr.<\/p>\n<p>Der Jahrgang 2005 wurde fast 10 Jahre auf der Flasche gereift und dann im September 2014 d\u00e9gorgiert.<\/p>\n<p>Daher hat der faszinierende Stoff seine ganze Frische bewahrt aber zugleich an Komplexit\u00e4t und Subtilit\u00e4t immens zugenommen. Leuchtet strohgolden, bildet ein dezentes Schaumkr\u00f6nchen.<\/p>\n<p>Das Bouquet ist mit vollem Fokus auf die Mineralit\u00e4t, riecht zun\u00e4chst nach Brioche, dann kommt lang gereifter Parmigiano mit Salzkristallen, etwas Lauge, getrocknete Feige, Nashi-Birne und Yuzu.<\/p>\n<p>Die Perlage am Gaumen ist sehr fein, eher dezent f\u00fcr einen Champagner, dadurch intensiviert sich da Aroma. Knochentrocken, zugleich cremig, mit ordentlichem Tiefgang, baut Druck und Spannung am Gaumen auf, entfaltet nussige Aromen (besonders Cashew), bleibt immer geschmeidig und doch pr\u00e4zise und hallt dabei erstaunlich lang nach.<\/p>\n<p>Ein ganz gro\u00dfer Champagner, sehr fein, sehr subtil und doch kraftvoll. Macht ungeheuer Freude! Bitte auch &#8211; so wie Franck Pascal es angibt &#8211; zwischen 9 und 11 Grad Celsius konsumieren, der Champagner bl\u00fcht mit Temperatur regelrecht auf und entfaltet erst so all seine feinen Facetten.<\/p>\n<p>&nbsp;<\/p>\n","protected":false},"excerpt":{"rendered":"<p>Champagne Extra Brut Quinte Essence Franck Pascal 2005 Das ist die Quintessenz des Jahrgangs, die Suche nach dem go\u00fbt der Trauben in jenem Jahr. Der Jahrgang 2005 wurde fast 10 Jahre auf der Flasche gereift und dann im September 2014 d\u00e9gorgiert. Daher hat der faszinierende Stoff seine ganze Frische bewahrt aber zugleich an Komplexit\u00e4t und [&hellip;]<\/p>\n","protected":false},"featured_media":17423,"comment_status":"open","ping_status":"closed","template":"","meta":{"_acf_changed":false,"_monsterinsights_skip_tracking":false,"_monsterinsights_sitenote_active":false,"_monsterinsights_sitenote_note":"","_monsterinsights_sitenote_category":0},"product_brand":[],"product_cat":[2160,1482],"product_tag":[1802],"class_list":{"0":"post-17415","1":"product","2":"type-product","3":"status-publish","4":"has-post-thumbnail","6":"product_cat-champagne-de","7":"product_cat-extra-brut-de","8":"product_tag-champagne-de","9":"pa_appellation-champagne-aoc-de","10":"pa_formato-0-75-l-flasche-de","11":"pa_producer-franck-pascal-de","12":"pa_region-champagne-de","13":"pa_vine-60-pinot-noir-25-pinot-meunier-15-chardonnay-de","14":"pa_vintage-2005-de","16":"first","17":"instock","18":"taxable","19":"shipping-taxable","20":"purchasable","21":"product-type-simple"},"bundled_by":[],"bundle_stock_status":"instock","bundle_stock_quantity":1,"bundle_virtual":false,"bundle_layout":"","bundle_add_to_cart_form_location":"","bundle_editable_in_cart":false,"bundle_sold_individually_context":"","bundle_item_grouping":"","bundle_min_size":"","bundle_max_size":"","bundle_price":[],"bundled_items":[],"bundle_sell_ids":[],"yoast_head":"<!-- This site is optimized with the Yoast SEO plugin v27.2 - https:\/\/yoast.com\/product\/yoast-seo-wordpress\/ -->\n<title>Champagne Extra Brut Quinte Essence Franck Pascal 2005<\/title>\n<meta name=\"description\" content=\"Champagne Extra Brut Quinte Essence Franck Pascal 2005\" \/>\n<meta name=\"robots\" content=\"index, follow, max-snippet:-1, max-image-preview:large, max-video-preview:-1\" \/>\n<link rel=\"canonical\" href=\"https:\/\/fonsvinum.com\/de\/produkt\/champagne-extra-brut-quinte-essence-franck-pascal-2005\/\" \/>\n<meta property=\"og:locale\" content=\"de_DE\" \/>\n<meta property=\"og:type\" content=\"article\" \/>\n<meta property=\"og:title\" content=\"Champagne Extra Brut Quinte Essence Franck Pascal 2005\" \/>\n<meta property=\"og:description\" content=\"Champagne Extra Brut Quinte Essence Franck Pascal 2005\" \/>\n<meta property=\"og:url\" content=\"https:\/\/fonsvinum.com\/de\/produkt\/champagne-extra-brut-quinte-essence-franck-pascal-2005\/\" \/>\n<meta property=\"og:site_name\" content=\"Fons Vinum\" \/>\n<meta property=\"article:modified_time\" content=\"2019-10-23T12:53:07+00:00\" \/>\n<meta property=\"og:image\" content=\"https:\/\/fonsvinum.com\/files\/2019\/02\/champagne-franck-pascal-quinte-essence-extra-brut-2005.jpg\" \/>\n\t<meta property=\"og:image:width\" content=\"456\" \/>\n\t<meta property=\"og:image:height\" content=\"456\" \/>\n\t<meta property=\"og:image:type\" content=\"image\/jpeg\" \/>\n<meta name=\"twitter:label1\" content=\"Gesch\u00e4tzte Lesezeit\" \/>\n\t<meta name=\"twitter:data1\" content=\"1\u00a0Minute\" \/>\n<script type=\"application\/ld+json\" class=\"yoast-schema-graph\">{\"@context\":\"https:\/\/schema.org\",\"@graph\":[{\"@type\":\"WebPage\",\"@id\":\"https:\/\/fonsvinum.com\/de\/produkt\/champagne-extra-brut-quinte-essence-franck-pascal-2005\/\",\"url\":\"https:\/\/fonsvinum.com\/de\/produkt\/champagne-extra-brut-quinte-essence-franck-pascal-2005\/\",\"name\":\"Champagne Extra Brut Quinte Essence Franck Pascal 2005\",\"isPartOf\":{\"@id\":\"https:\/\/fonsvinum.com\/en\/#website\"},\"primaryImageOfPage\":{\"@id\":\"https:\/\/fonsvinum.com\/de\/produkt\/champagne-extra-brut-quinte-essence-franck-pascal-2005\/#primaryimage\"},\"image\":{\"@id\":\"https:\/\/fonsvinum.com\/de\/produkt\/champagne-extra-brut-quinte-essence-franck-pascal-2005\/#primaryimage\"},\"thumbnailUrl\":\"https:\/\/fonsvinum.com\/files\/2019\/02\/champagne-franck-pascal-quinte-essence-extra-brut-2005.jpg\",\"datePublished\":\"2019-02-13T15:00:51+00:00\",\"dateModified\":\"2019-10-23T12:53:07+00:00\",\"description\":\"Champagne Extra Brut Quinte Essence Franck Pascal 2005\",\"breadcrumb\":{\"@id\":\"https:\/\/fonsvinum.com\/de\/produkt\/champagne-extra-brut-quinte-essence-franck-pascal-2005\/#breadcrumb\"},\"inLanguage\":\"de\",\"potentialAction\":[{\"@type\":\"ReadAction\",\"target\":[\"https:\/\/fonsvinum.com\/de\/produkt\/champagne-extra-brut-quinte-essence-franck-pascal-2005\/\"]}]},{\"@type\":\"ImageObject\",\"inLanguage\":\"de\",\"@id\":\"https:\/\/fonsvinum.com\/de\/produkt\/champagne-extra-brut-quinte-essence-franck-pascal-2005\/#primaryimage\",\"url\":\"https:\/\/fonsvinum.com\/files\/2019\/02\/champagne-franck-pascal-quinte-essence-extra-brut-2005.jpg\",\"contentUrl\":\"https:\/\/fonsvinum.com\/files\/2019\/02\/champagne-franck-pascal-quinte-essence-extra-brut-2005.jpg\",\"width\":456,\"height\":456,\"caption\":\"champagne-franck-pascal-quinte-essence-extra-brut-2005\"},{\"@type\":\"BreadcrumbList\",\"@id\":\"https:\/\/fonsvinum.com\/de\/produkt\/champagne-extra-brut-quinte-essence-franck-pascal-2005\/#breadcrumb\",\"itemListElement\":[{\"@type\":\"ListItem\",\"position\":1,\"name\":\"Startseite\",\"item\":\"https:\/\/fonsvinum.com\/de\/\"},{\"@type\":\"ListItem\",\"position\":2,\"name\":\"Shop\",\"item\":\"https:\/\/fonsvinum.com\/de\/shop\/\"},{\"@type\":\"ListItem\",\"position\":3,\"name\":\"Champagne Extra Brut Quinte Essence Franck Pascal 2005\"}]},{\"@type\":\"WebSite\",\"@id\":\"https:\/\/fonsvinum.com\/en\/#website\",\"url\":\"https:\/\/fonsvinum.com\/en\/\",\"name\":\"Fons Vinum\",\"description\":\"Vendita Vino Online\",\"publisher\":{\"@id\":\"https:\/\/fonsvinum.com\/en\/#organization\"},\"potentialAction\":[{\"@type\":\"SearchAction\",\"target\":{\"@type\":\"EntryPoint\",\"urlTemplate\":\"https:\/\/fonsvinum.com\/en\/?s={search_term_string}\"},\"query-input\":{\"@type\":\"PropertyValueSpecification\",\"valueRequired\":true,\"valueName\":\"search_term_string\"}}],\"inLanguage\":\"de\"},{\"@type\":\"Organization\",\"@id\":\"https:\/\/fonsvinum.com\/en\/#organization\",\"name\":\"Fons Vinum\",\"url\":\"https:\/\/fonsvinum.com\/en\/\",\"logo\":{\"@type\":\"ImageObject\",\"inLanguage\":\"de\",\"@id\":\"https:\/\/fonsvinum.com\/en\/#\/schema\/logo\/image\/\",\"url\":\"\",\"contentUrl\":\"\",\"caption\":\"Fons Vinum\"},\"image\":{\"@id\":\"https:\/\/fonsvinum.com\/en\/#\/schema\/logo\/image\/\"}}]}<\/script>\n<!-- \/ Yoast SEO plugin. -->","yoast_head_json":{"title":"Champagne Extra Brut Quinte Essence Franck Pascal 2005","description":"Champagne Extra Brut Quinte Essence Franck Pascal 2005","robots":{"index":"index","follow":"follow","max-snippet":"max-snippet:-1","max-image-preview":"max-image-preview:large","max-video-preview":"max-video-preview:-1"},"canonical":"https:\/\/fonsvinum.com\/de\/produkt\/champagne-extra-brut-quinte-essence-franck-pascal-2005\/","og_locale":"de_DE","og_type":"article","og_title":"Champagne Extra Brut Quinte Essence Franck Pascal 2005","og_description":"Champagne Extra Brut Quinte Essence Franck Pascal 2005","og_url":"https:\/\/fonsvinum.com\/de\/produkt\/champagne-extra-brut-quinte-essence-franck-pascal-2005\/","og_site_name":"Fons Vinum","article_modified_time":"2019-10-23T12:53:07+00:00","og_image":[{"width":456,"height":456,"url":"https:\/\/fonsvinum.com\/files\/2019\/02\/champagne-franck-pascal-quinte-essence-extra-brut-2005.jpg","type":"image\/jpeg"}],"twitter_misc":{"Gesch\u00e4tzte Lesezeit":"1\u00a0Minute"},"schema":{"@context":"https:\/\/schema.org","@graph":[{"@type":"WebPage","@id":"https:\/\/fonsvinum.com\/de\/produkt\/champagne-extra-brut-quinte-essence-franck-pascal-2005\/","url":"https:\/\/fonsvinum.com\/de\/produkt\/champagne-extra-brut-quinte-essence-franck-pascal-2005\/","name":"Champagne Extra Brut Quinte Essence Franck Pascal 2005","isPartOf":{"@id":"https:\/\/fonsvinum.com\/en\/#website"},"primaryImageOfPage":{"@id":"https:\/\/fonsvinum.com\/de\/produkt\/champagne-extra-brut-quinte-essence-franck-pascal-2005\/#primaryimage"},"image":{"@id":"https:\/\/fonsvinum.com\/de\/produkt\/champagne-extra-brut-quinte-essence-franck-pascal-2005\/#primaryimage"},"thumbnailUrl":"https:\/\/fonsvinum.com\/files\/2019\/02\/champagne-franck-pascal-quinte-essence-extra-brut-2005.jpg","datePublished":"2019-02-13T15:00:51+00:00","dateModified":"2019-10-23T12:53:07+00:00","description":"Champagne Extra Brut Quinte Essence Franck Pascal 2005","breadcrumb":{"@id":"https:\/\/fonsvinum.com\/de\/produkt\/champagne-extra-brut-quinte-essence-franck-pascal-2005\/#breadcrumb"},"inLanguage":"de","potentialAction":[{"@type":"ReadAction","target":["https:\/\/fonsvinum.com\/de\/produkt\/champagne-extra-brut-quinte-essence-franck-pascal-2005\/"]}]},{"@type":"ImageObject","inLanguage":"de","@id":"https:\/\/fonsvinum.com\/de\/produkt\/champagne-extra-brut-quinte-essence-franck-pascal-2005\/#primaryimage","url":"https:\/\/fonsvinum.com\/files\/2019\/02\/champagne-franck-pascal-quinte-essence-extra-brut-2005.jpg","contentUrl":"https:\/\/fonsvinum.com\/files\/2019\/02\/champagne-franck-pascal-quinte-essence-extra-brut-2005.jpg","width":456,"height":456,"caption":"champagne-franck-pascal-quinte-essence-extra-brut-2005"},{"@type":"BreadcrumbList","@id":"https:\/\/fonsvinum.com\/de\/produkt\/champagne-extra-brut-quinte-essence-franck-pascal-2005\/#breadcrumb","itemListElement":[{"@type":"ListItem","position":1,"name":"Startseite","item":"https:\/\/fonsvinum.com\/de\/"},{"@type":"ListItem","position":2,"name":"Shop","item":"https:\/\/fonsvinum.com\/de\/shop\/"},{"@type":"ListItem","position":3,"name":"Champagne Extra Brut Quinte Essence Franck Pascal 2005"}]},{"@type":"WebSite","@id":"https:\/\/fonsvinum.com\/en\/#website","url":"https:\/\/fonsvinum.com\/en\/","name":"Fons Vinum","description":"Vendita Vino Online","publisher":{"@id":"https:\/\/fonsvinum.com\/en\/#organization"},"potentialAction":[{"@type":"SearchAction","target":{"@type":"EntryPoint","urlTemplate":"https:\/\/fonsvinum.com\/en\/?s={search_term_string}"},"query-input":{"@type":"PropertyValueSpecification","valueRequired":true,"valueName":"search_term_string"}}],"inLanguage":"de"},{"@type":"Organization","@id":"https:\/\/fonsvinum.com\/en\/#organization","name":"Fons Vinum","url":"https:\/\/fonsvinum.com\/en\/","logo":{"@type":"ImageObject","inLanguage":"de","@id":"https:\/\/fonsvinum.com\/en\/#\/schema\/logo\/image\/","url":"","contentUrl":"","caption":"Fons Vinum"},"image":{"@id":"https:\/\/fonsvinum.com\/en\/#\/schema\/logo\/image\/"}}]}},"acf":[],"_links":{"self":[{"href":"https:\/\/fonsvinum.com\/de\/wp-json\/wp\/v2\/product\/17415","targetHints":{"allow":["GET"]}}],"collection":[{"href":"https:\/\/fonsvinum.com\/de\/wp-json\/wp\/v2\/product"}],"about":[{"href":"https:\/\/fonsvinum.com\/de\/wp-json\/wp\/v2\/types\/product"}],"replies":[{"embeddable":true,"href":"https:\/\/fonsvinum.com\/de\/wp-json\/wp\/v2\/comments?post=17415"}],"wp:featuredmedia":[{"embeddable":true,"href":"https:\/\/fonsvinum.com\/de\/wp-json\/wp\/v2\/media\/17423"}],"wp:attachment":[{"href":"https:\/\/fonsvinum.com\/de\/wp-json\/wp\/v2\/media?parent=17415"}],"wp:term":[{"taxonomy":"product_brand","embeddable":true,"href":"https:\/\/fonsvinum.com\/de\/wp-json\/wp\/v2\/product_brand?post=17415"},{"taxonomy":"product_cat","embeddable":true,"href":"https:\/\/fonsvinum.com\/de\/wp-json\/wp\/v2\/product_cat?post=17415"},{"taxonomy":"product_tag","embeddable":true,"href":"https:\/\/fonsvinum.com\/de\/wp-json\/wp\/v2\/product_tag?post=17415"}],"curies":[{"name":"wp","href":"https:\/\/api.w.org\/{rel}","templated":true}]}}