{"id":17239,"date":"2019-02-08T15:11:26","date_gmt":"2019-02-08T14:11:26","guid":{"rendered":"https:\/\/fonsvinum.com\/?post_type=product&#038;p=17239"},"modified":"2019-10-11T09:55:00","modified_gmt":"2019-10-11T07:55:00","slug":"champagne-aubry-premier-cru-brut","status":"publish","type":"product","link":"https:\/\/fonsvinum.com\/de\/produkt\/champagne-aubry-premier-cru-brut\/","title":{"rendered":"Champagne AUBRY Premier Cru Brut"},"content":{"rendered":"<h1>Champagne AUBRY Premier Cru Brut<\/h1>\n<p>Beschreibung:<\/p>\n<p>Eine sehr sch\u00f6ne Komposition aus vier Premier-Cru-Lagen um Jouey-les-Reims und den klassischen Rebsorten Pinot meunier, Pinot noir und Chardonnay. Feine Fruchtnoten von Limone und wei\u00dfen Pfirsichen gepaart mit den mineralischen Untert\u00f6nen des ausgezeichneten Terroirs zeichnen diesen Champagner aus. Der Stil des Hauses Aubry sind reint\u00f6nige, trockene Cuv\u00e9es, deshalb f\u00e4llt die Dosage oft geringer aus als bei anderen Winzern, bei diesem Brut Classique sind es nur ca. sechs Gramm.<\/p>\n<p>&nbsp;<\/p>\n","protected":false},"excerpt":{"rendered":"<p>Champagne AUBRY Premier Cru Brut Beschreibung: Eine sehr sch\u00f6ne Komposition aus vier Premier-Cru-Lagen um Jouey-les-Reims und den klassischen Rebsorten Pinot meunier, Pinot noir und Chardonnay. Feine Fruchtnoten von Limone und wei\u00dfen Pfirsichen gepaart mit den mineralischen Untert\u00f6nen des ausgezeichneten Terroirs zeichnen diesen Champagner aus. Der Stil des Hauses Aubry sind reint\u00f6nige, trockene Cuv\u00e9es, deshalb f\u00e4llt [&hellip;]<\/p>\n","protected":false},"featured_media":0,"comment_status":"open","ping_status":"closed","template":"","meta":{"_acf_changed":false,"_monsterinsights_skip_tracking":false,"_monsterinsights_sitenote_active":false,"_monsterinsights_sitenote_note":"","_monsterinsights_sitenote_category":0},"product_brand":[],"product_cat":[],"product_tag":[],"class_list":{"0":"post-17239","1":"product","2":"type-product","3":"status-publish","6":"first","7":"instock","8":"taxable","9":"shipping-taxable","10":"product-type-simple"},"bundled_by":[],"bundle_stock_status":"instock","bundle_stock_quantity":null,"bundle_virtual":false,"bundle_layout":"","bundle_add_to_cart_form_location":"","bundle_editable_in_cart":false,"bundle_sold_individually_context":"","bundle_item_grouping":"","bundle_min_size":"","bundle_max_size":"","bundle_price":[],"bundled_items":[],"bundle_sell_ids":[],"yoast_head":"<!-- This site is optimized with the Yoast SEO plugin v27.2 - https:\/\/yoast.com\/product\/yoast-seo-wordpress\/ -->\n<title>Buy Champagne AUBRY Premier Cru Brut wine online at \u20ac | FonsVinum<\/title>\n<meta name=\"robots\" content=\"index, follow, max-snippet:-1, max-image-preview:large, max-video-preview:-1\" \/>\n<link rel=\"canonical\" href=\"https:\/\/fonsvinum.com\/de\/produkt\/champagne-aubry-premier-cru-brut\/\" \/>\n<meta property=\"og:locale\" content=\"de_DE\" \/>\n<meta property=\"og:type\" content=\"article\" \/>\n<meta property=\"og:title\" content=\"Buy Champagne AUBRY Premier Cru Brut wine online at \u20ac | FonsVinum\" \/>\n<meta property=\"og:description\" content=\"Champagne AUBRY Premier Cru Brut Beschreibung: Eine sehr sch\u00f6ne Komposition aus vier Premier-Cru-Lagen um Jouey-les-Reims und den klassischen Rebsorten Pinot meunier, Pinot noir und Chardonnay. Feine Fruchtnoten von Limone und wei\u00dfen Pfirsichen gepaart mit den mineralischen Untert\u00f6nen des ausgezeichneten Terroirs zeichnen diesen Champagner aus. Der Stil des Hauses Aubry sind reint\u00f6nige, trockene Cuv\u00e9es, deshalb f\u00e4llt [&hellip;]\" \/>\n<meta property=\"og:url\" content=\"https:\/\/fonsvinum.com\/de\/produkt\/champagne-aubry-premier-cru-brut\/\" \/>\n<meta property=\"og:site_name\" content=\"Fons Vinum\" \/>\n<meta property=\"article:modified_time\" content=\"2019-10-11T07:55:00+00:00\" \/>\n<script type=\"application\/ld+json\" class=\"yoast-schema-graph\">{\"@context\":\"https:\/\/schema.org\",\"@graph\":[{\"@type\":\"WebPage\",\"@id\":\"https:\/\/fonsvinum.com\/de\/produkt\/champagne-aubry-premier-cru-brut\/\",\"url\":\"https:\/\/fonsvinum.com\/de\/produkt\/champagne-aubry-premier-cru-brut\/\",\"name\":\"Buy Champagne AUBRY Premier Cru Brut wine online at \u20ac | FonsVinum\",\"isPartOf\":{\"@id\":\"https:\/\/fonsvinum.com\/en\/#website\"},\"datePublished\":\"2019-02-08T14:11:26+00:00\",\"dateModified\":\"2019-10-11T07:55:00+00:00\",\"breadcrumb\":{\"@id\":\"https:\/\/fonsvinum.com\/de\/produkt\/champagne-aubry-premier-cru-brut\/#breadcrumb\"},\"inLanguage\":\"de\",\"potentialAction\":[{\"@type\":\"ReadAction\",\"target\":[\"https:\/\/fonsvinum.com\/de\/produkt\/champagne-aubry-premier-cru-brut\/\"]}]},{\"@type\":\"BreadcrumbList\",\"@id\":\"https:\/\/fonsvinum.com\/de\/produkt\/champagne-aubry-premier-cru-brut\/#breadcrumb\",\"itemListElement\":[{\"@type\":\"ListItem\",\"position\":1,\"name\":\"Startseite\",\"item\":\"https:\/\/fonsvinum.com\/de\/\"},{\"@type\":\"ListItem\",\"position\":2,\"name\":\"Shop\",\"item\":\"https:\/\/fonsvinum.com\/de\/shop\/\"},{\"@type\":\"ListItem\",\"position\":3,\"name\":\"Champagne AUBRY Premier Cru Brut\"}]},{\"@type\":\"WebSite\",\"@id\":\"https:\/\/fonsvinum.com\/en\/#website\",\"url\":\"https:\/\/fonsvinum.com\/en\/\",\"name\":\"Fons Vinum\",\"description\":\"Vendita Vino Online\",\"publisher\":{\"@id\":\"https:\/\/fonsvinum.com\/en\/#organization\"},\"potentialAction\":[{\"@type\":\"SearchAction\",\"target\":{\"@type\":\"EntryPoint\",\"urlTemplate\":\"https:\/\/fonsvinum.com\/en\/?s={search_term_string}\"},\"query-input\":{\"@type\":\"PropertyValueSpecification\",\"valueRequired\":true,\"valueName\":\"search_term_string\"}}],\"inLanguage\":\"de\"},{\"@type\":\"Organization\",\"@id\":\"https:\/\/fonsvinum.com\/en\/#organization\",\"name\":\"Fons Vinum\",\"url\":\"https:\/\/fonsvinum.com\/en\/\",\"logo\":{\"@type\":\"ImageObject\",\"inLanguage\":\"de\",\"@id\":\"https:\/\/fonsvinum.com\/en\/#\/schema\/logo\/image\/\",\"url\":\"\",\"contentUrl\":\"\",\"caption\":\"Fons Vinum\"},\"image\":{\"@id\":\"https:\/\/fonsvinum.com\/en\/#\/schema\/logo\/image\/\"}}]}<\/script>\n<!-- \/ Yoast SEO plugin. -->","yoast_head_json":{"title":"Buy Champagne AUBRY Premier Cru Brut wine online at \u20ac | FonsVinum","robots":{"index":"index","follow":"follow","max-snippet":"max-snippet:-1","max-image-preview":"max-image-preview:large","max-video-preview":"max-video-preview:-1"},"canonical":"https:\/\/fonsvinum.com\/de\/produkt\/champagne-aubry-premier-cru-brut\/","og_locale":"de_DE","og_type":"article","og_title":"Buy Champagne AUBRY Premier Cru Brut wine online at \u20ac | FonsVinum","og_description":"Champagne AUBRY Premier Cru Brut Beschreibung: Eine sehr sch\u00f6ne Komposition aus vier Premier-Cru-Lagen um Jouey-les-Reims und den klassischen Rebsorten Pinot meunier, Pinot noir und Chardonnay. Feine Fruchtnoten von Limone und wei\u00dfen Pfirsichen gepaart mit den mineralischen Untert\u00f6nen des ausgezeichneten Terroirs zeichnen diesen Champagner aus. Der Stil des Hauses Aubry sind reint\u00f6nige, trockene Cuv\u00e9es, deshalb f\u00e4llt [&hellip;]","og_url":"https:\/\/fonsvinum.com\/de\/produkt\/champagne-aubry-premier-cru-brut\/","og_site_name":"Fons Vinum","article_modified_time":"2019-10-11T07:55:00+00:00","schema":{"@context":"https:\/\/schema.org","@graph":[{"@type":"WebPage","@id":"https:\/\/fonsvinum.com\/de\/produkt\/champagne-aubry-premier-cru-brut\/","url":"https:\/\/fonsvinum.com\/de\/produkt\/champagne-aubry-premier-cru-brut\/","name":"Buy Champagne AUBRY Premier Cru Brut wine online at \u20ac | FonsVinum","isPartOf":{"@id":"https:\/\/fonsvinum.com\/en\/#website"},"datePublished":"2019-02-08T14:11:26+00:00","dateModified":"2019-10-11T07:55:00+00:00","breadcrumb":{"@id":"https:\/\/fonsvinum.com\/de\/produkt\/champagne-aubry-premier-cru-brut\/#breadcrumb"},"inLanguage":"de","potentialAction":[{"@type":"ReadAction","target":["https:\/\/fonsvinum.com\/de\/produkt\/champagne-aubry-premier-cru-brut\/"]}]},{"@type":"BreadcrumbList","@id":"https:\/\/fonsvinum.com\/de\/produkt\/champagne-aubry-premier-cru-brut\/#breadcrumb","itemListElement":[{"@type":"ListItem","position":1,"name":"Startseite","item":"https:\/\/fonsvinum.com\/de\/"},{"@type":"ListItem","position":2,"name":"Shop","item":"https:\/\/fonsvinum.com\/de\/shop\/"},{"@type":"ListItem","position":3,"name":"Champagne AUBRY Premier Cru Brut"}]},{"@type":"WebSite","@id":"https:\/\/fonsvinum.com\/en\/#website","url":"https:\/\/fonsvinum.com\/en\/","name":"Fons Vinum","description":"Vendita Vino Online","publisher":{"@id":"https:\/\/fonsvinum.com\/en\/#organization"},"potentialAction":[{"@type":"SearchAction","target":{"@type":"EntryPoint","urlTemplate":"https:\/\/fonsvinum.com\/en\/?s={search_term_string}"},"query-input":{"@type":"PropertyValueSpecification","valueRequired":true,"valueName":"search_term_string"}}],"inLanguage":"de"},{"@type":"Organization","@id":"https:\/\/fonsvinum.com\/en\/#organization","name":"Fons Vinum","url":"https:\/\/fonsvinum.com\/en\/","logo":{"@type":"ImageObject","inLanguage":"de","@id":"https:\/\/fonsvinum.com\/en\/#\/schema\/logo\/image\/","url":"","contentUrl":"","caption":"Fons Vinum"},"image":{"@id":"https:\/\/fonsvinum.com\/en\/#\/schema\/logo\/image\/"}}]}},"acf":[],"_links":{"self":[{"href":"https:\/\/fonsvinum.com\/de\/wp-json\/wp\/v2\/product\/17239","targetHints":{"allow":["GET"]}}],"collection":[{"href":"https:\/\/fonsvinum.com\/de\/wp-json\/wp\/v2\/product"}],"about":[{"href":"https:\/\/fonsvinum.com\/de\/wp-json\/wp\/v2\/types\/product"}],"replies":[{"embeddable":true,"href":"https:\/\/fonsvinum.com\/de\/wp-json\/wp\/v2\/comments?post=17239"}],"wp:attachment":[{"href":"https:\/\/fonsvinum.com\/de\/wp-json\/wp\/v2\/media?parent=17239"}],"wp:term":[{"taxonomy":"product_brand","embeddable":true,"href":"https:\/\/fonsvinum.com\/de\/wp-json\/wp\/v2\/product_brand?post=17239"},{"taxonomy":"product_cat","embeddable":true,"href":"https:\/\/fonsvinum.com\/de\/wp-json\/wp\/v2\/product_cat?post=17239"},{"taxonomy":"product_tag","embeddable":true,"href":"https:\/\/fonsvinum.com\/de\/wp-json\/wp\/v2\/product_tag?post=17239"}],"curies":[{"name":"wp","href":"https:\/\/api.w.org\/{rel}","templated":true}]}}